{"id":110697,"date":"2026-01-02T13:50:03","date_gmt":"2026-01-02T12:50:03","guid":{"rendered":"https:\/\/letrame.com\/catalogo\/?post_type=product&#038;p=110697"},"modified":"2026-01-02T13:50:03","modified_gmt":"2026-01-02T12:50:03","slug":"inspira-desde-tu-verdad","status":"publish","type":"product","link":"https:\/\/letrame.com\/catalogo\/producto\/inspira-desde-tu-verdad\/","title":{"rendered":"Inspira desde tu verdad"},"content":{"rendered":"<p class=\"p1\"><b>ISBN: <\/b>978-84-1089-459-4<\/p>\n<p class=\"p1\"><b>T\u00edtulo:\u00a0<\/b>Inspira desde tu verdad<br \/>\n<b>Fecha:\u00a0<\/b>2025<br \/>\n<b>P\u00e1ginas:\u00a0<\/b>76<b><\/b><\/p>\n<p class=\"p1\"><b>SINOPSIS<\/b><\/p>\n<p>Inspira desde tu verdad es un viaje de experiencias en el que la autora abre su coraz\u00f3n al mundo a trav\u00e9s de las letras para animar a las personas a ahondar en el fondo de su alma y as\u00ed puedan descubrir sus verdades, aquellas que les hacen ser quienes son.<br \/>\nCony comparte sus realidades, esas que le dieron un giro a su vida, y propone que juntos comprendamos que la felicidad es libertad y que somos libres cuando no buscamos aprobaciones.<br \/>\nEn cada cap\u00edtulo podr\u00e1s darle vida a tu creatividad y hacer de Inspira desde tu verdad un journal que te recordar\u00e1 que eres aut\u00e9ntico\/a y que esa autenticidad es tu sello personal. No existe nadie como t\u00fa, y eso es maravilloso.<br \/>\nPodr\u00e1s sumergirte en tus propias vivencias, pero esta vez en compa\u00f1\u00eda de alguien que te muestra el camino que recorri\u00f3 y el mapa del que espera recorrer. El mundo est\u00e1 lleno de posibilidades, y juntos descubrir\u00e1n y abrazar\u00e1n las que llenan la existencia de plenitud.<br \/>\nEsta obra abre camino al amor propio, a la presencia de vivir el hoy y a la gratitud como un estilo de vida, entendi\u00e9ndola como la puerta de la abundancia y la felicidad. A trav\u00e9s de este escrito, Cony manifiesta que no hay verdad absoluta y que detr\u00e1s de cada una de ellas hay una historia por contar.<\/p>\n","protected":false},"excerpt":{"rendered":"<p class=\"p1\"><b>ISBN: <\/b>978-84-1089-459-4<\/p>\n<p class=\"p1\"><b>SINOPSIS<\/b><\/p>\n<p>Inspira desde tu verdad es un viaje de experiencias en el que la autora abre su coraz\u00f3n al mundo a trav\u00e9s de las letras para animar a las personas a ahondar en el fondo de su alma y as\u00ed puedan descubrir sus verdades, aquellas que les hacen ser quienes son.<br \/>\nCony comparte sus realidades, esas que le dieron un giro a su vida, y propone que juntos comprendamos que la felicidad es libertad y que somos libres cuando no buscamos aprobaciones.<br \/>\nEn cada cap\u00edtulo podr\u00e1s darle vida a tu creatividad y hacer de Inspira desde tu verdad un journal que te recordar\u00e1 que eres aut\u00e9ntico\/a y que esa autenticidad es tu sello personal. No existe nadie como t\u00fa, y eso es maravilloso.<br \/>\nPodr\u00e1s sumergirte en tus propias vivencias, pero esta vez en compa\u00f1\u00eda de alguien que te muestra el camino que recorri\u00f3 y el mapa del que espera recorrer. El mundo est\u00e1 lleno de posibilidades, y juntos descubrir\u00e1n y abrazar\u00e1n las que llenan la existencia de plenitud.<br \/>\nEsta obra abre camino al amor propio, a la presencia de vivir el hoy y a la gratitud como un estilo de vida, entendi\u00e9ndola como la puerta de la abundancia y la felicidad. A trav\u00e9s de este escrito, Cony manifiesta que no hay verdad absoluta y que detr\u00e1s de cada una de ellas hay una historia por contar.<\/p>\n","protected":false},"featured_media":110699,"comment_status":"open","ping_status":"closed","template":"","meta":{"_acf_changed":false},"libro":[],"product_brand":[],"product_cat":[135],"product_tag":[],"class_list":{"0":"post-110697","1":"product","2":"type-product","3":"status-publish","4":"has-post-thumbnail","6":"product_cat-diarios","8":"first","9":"instock","10":"shipping-taxable","11":"product-type-simple"},"acf":{"autor":[110696],"enlace_de_compra":"https:\/\/www.amazon.es\/Inspira-desde-verdad-Cony-G%C3%B3mez\/dp\/8410894599\/ref=sr_1_1?__mk_es_ES=%C3%85M%C3%85%C5%BD%C3%95%C3%91&crid=2TSC6Q67NOPRW&dib=eyJ2IjoiMSJ9.KOjQHE_pr7yrFVAfHQBbrA.4bWzUJoNluaIQz2ojAGGRq-KfUner02jBaagjJf74UQ&dib_tag=se&keywords=inspira+desde+tu+verdad&qid=1767357992&sprefix=inspira+desde+tu+ver%2Caps%2C367&sr=8-1"},"yoast_head":"<!-- This site is optimized with the Yoast SEO plugin v26.6 - https:\/\/yoast.com\/wordpress\/plugins\/seo\/ -->\n<title>Inspira desde tu verdad - Catalogo | Letrame Grupo Editorial<\/title>\n<meta name=\"robots\" content=\"index, follow, max-snippet:-1, max-image-preview:large, max-video-preview:-1\" \/>\n<link rel=\"canonical\" href=\"https:\/\/letrame.com\/catalogo\/producto\/inspira-desde-tu-verdad\/\" \/>\n<meta property=\"og:locale\" content=\"es_ES\" \/>\n<meta property=\"og:type\" content=\"article\" \/>\n<meta property=\"og:title\" content=\"Inspira desde tu verdad - Catalogo | Letrame Grupo Editorial\" \/>\n<meta property=\"og:description\" content=\"ISBN: 978-84-1089-459-4 SINOPSIS Inspira desde tu verdad es un viaje de experiencias en el que la autora abre su coraz\u00f3n al mundo a trav\u00e9s de las letras para animar a las personas a ahondar en el fondo de su alma y as\u00ed puedan descubrir sus verdades, aquellas que les hacen ser quienes son. Cony comparte sus realidades, esas que le dieron un giro a su vida, y propone que juntos comprendamos que la felicidad es libertad y que somos libres cuando no buscamos aprobaciones. En cada cap\u00edtulo podr\u00e1s darle vida a tu creatividad y hacer de Inspira desde tu verdad un journal que te recordar\u00e1 que eres aut\u00e9ntico\/a y que esa autenticidad es tu sello personal. No existe nadie como t\u00fa, y eso es maravilloso. Podr\u00e1s sumergirte en tus propias vivencias, pero esta vez en compa\u00f1\u00eda de alguien que te muestra el camino que recorri\u00f3 y el mapa del que espera recorrer. El mundo est\u00e1 lleno de posibilidades, y juntos descubrir\u00e1n y abrazar\u00e1n las que llenan la existencia de plenitud. Esta obra abre camino al amor propio, a la presencia de vivir el hoy y a la gratitud como un estilo de vida, entendi\u00e9ndola como la puerta de la abundancia y la felicidad. A trav\u00e9s de este escrito, Cony manifiesta que no hay verdad absoluta y que detr\u00e1s de cada una de ellas hay una historia por contar.\" \/>\n<meta property=\"og:url\" content=\"https:\/\/letrame.com\/catalogo\/producto\/inspira-desde-tu-verdad\/\" \/>\n<meta property=\"og:site_name\" content=\"Catalogo | Letrame Grupo Editorial\" \/>\n<meta property=\"og:image\" content=\"https:\/\/letrame.com\/catalogo\/wp-content\/uploads\/2026\/01\/inspiradesde_5mmv34.jpg\" \/>\n\t<meta property=\"og:image:width\" content=\"1772\" \/>\n\t<meta property=\"og:image:height\" content=\"2480\" \/>\n\t<meta property=\"og:image:type\" content=\"image\/jpeg\" \/>\n<meta name=\"twitter:card\" content=\"summary_large_image\" \/>\n<meta name=\"twitter:label1\" content=\"Tiempo de lectura\" \/>\n\t<meta name=\"twitter:data1\" content=\"2 minutos\" \/>\n<script type=\"application\/ld+json\" class=\"yoast-schema-graph\">{\"@context\":\"https:\/\/schema.org\",\"@graph\":[{\"@type\":\"WebPage\",\"@id\":\"https:\/\/letrame.com\/catalogo\/producto\/inspira-desde-tu-verdad\/\",\"url\":\"https:\/\/letrame.com\/catalogo\/producto\/inspira-desde-tu-verdad\/\",\"name\":\"Inspira desde tu verdad - Catalogo | Letrame Grupo Editorial\",\"isPartOf\":{\"@id\":\"https:\/\/letrame.com\/catalogo\/#website\"},\"primaryImageOfPage\":{\"@id\":\"https:\/\/letrame.com\/catalogo\/producto\/inspira-desde-tu-verdad\/#primaryimage\"},\"image\":{\"@id\":\"https:\/\/letrame.com\/catalogo\/producto\/inspira-desde-tu-verdad\/#primaryimage\"},\"thumbnailUrl\":\"https:\/\/letrame.com\/catalogo\/wp-content\/uploads\/2026\/01\/inspiradesde_5mmv34.jpg\",\"datePublished\":\"2026-01-02T12:50:03+00:00\",\"breadcrumb\":{\"@id\":\"https:\/\/letrame.com\/catalogo\/producto\/inspira-desde-tu-verdad\/#breadcrumb\"},\"inLanguage\":\"es\",\"potentialAction\":[{\"@type\":\"ReadAction\",\"target\":[\"https:\/\/letrame.com\/catalogo\/producto\/inspira-desde-tu-verdad\/\"]}]},{\"@type\":\"ImageObject\",\"inLanguage\":\"es\",\"@id\":\"https:\/\/letrame.com\/catalogo\/producto\/inspira-desde-tu-verdad\/#primaryimage\",\"url\":\"https:\/\/letrame.com\/catalogo\/wp-content\/uploads\/2026\/01\/inspiradesde_5mmv34.jpg\",\"contentUrl\":\"https:\/\/letrame.com\/catalogo\/wp-content\/uploads\/2026\/01\/inspiradesde_5mmv34.jpg\",\"width\":1772,\"height\":2480},{\"@type\":\"BreadcrumbList\",\"@id\":\"https:\/\/letrame.com\/catalogo\/producto\/inspira-desde-tu-verdad\/#breadcrumb\",\"itemListElement\":[{\"@type\":\"ListItem\",\"position\":1,\"name\":\"Portada\",\"item\":\"https:\/\/letrame.com\/catalogo\/\"},{\"@type\":\"ListItem\",\"position\":2,\"name\":\"Cat\u00e1logo\",\"item\":\"https:\/\/letrame.com\/catalogo\/\"},{\"@type\":\"ListItem\",\"position\":3,\"name\":\"Inspira desde tu verdad\"}]},{\"@type\":\"WebSite\",\"@id\":\"https:\/\/letrame.com\/catalogo\/#website\",\"url\":\"https:\/\/letrame.com\/catalogo\/\",\"name\":\"Catalogo | Letrame Grupo Editorial\",\"description\":\"\",\"publisher\":{\"@id\":\"https:\/\/letrame.com\/catalogo\/#organization\"},\"potentialAction\":[{\"@type\":\"SearchAction\",\"target\":{\"@type\":\"EntryPoint\",\"urlTemplate\":\"https:\/\/letrame.com\/catalogo\/?s={search_term_string}\"},\"query-input\":{\"@type\":\"PropertyValueSpecification\",\"valueRequired\":true,\"valueName\":\"search_term_string\"}}],\"inLanguage\":\"es\"},{\"@type\":\"Organization\",\"@id\":\"https:\/\/letrame.com\/catalogo\/#organization\",\"name\":\"Catalogo | Letrame Grupo Editorial\",\"url\":\"https:\/\/letrame.com\/catalogo\/\",\"logo\":{\"@type\":\"ImageObject\",\"inLanguage\":\"es\",\"@id\":\"https:\/\/letrame.com\/catalogo\/#\/schema\/logo\/image\/\",\"url\":\"https:\/\/letrame.com\/catalogo\/wp-content\/uploads\/2024\/03\/logo2.webp\",\"contentUrl\":\"https:\/\/letrame.com\/catalogo\/wp-content\/uploads\/2024\/03\/logo2.webp\",\"width\":394,\"height\":128,\"caption\":\"Catalogo | Letrame Grupo Editorial\"},\"image\":{\"@id\":\"https:\/\/letrame.com\/catalogo\/#\/schema\/logo\/image\/\"}}]}<\/script>\n<!-- \/ Yoast SEO plugin. -->","yoast_head_json":{"title":"Inspira desde tu verdad - Catalogo | Letrame Grupo Editorial","robots":{"index":"index","follow":"follow","max-snippet":"max-snippet:-1","max-image-preview":"max-image-preview:large","max-video-preview":"max-video-preview:-1"},"canonical":"https:\/\/letrame.com\/catalogo\/producto\/inspira-desde-tu-verdad\/","og_locale":"es_ES","og_type":"article","og_title":"Inspira desde tu verdad - Catalogo | Letrame Grupo Editorial","og_description":"ISBN: 978-84-1089-459-4 SINOPSIS Inspira desde tu verdad es un viaje de experiencias en el que la autora abre su coraz\u00f3n al mundo a trav\u00e9s de las letras para animar a las personas a ahondar en el fondo de su alma y as\u00ed puedan descubrir sus verdades, aquellas que les hacen ser quienes son. Cony comparte sus realidades, esas que le dieron un giro a su vida, y propone que juntos comprendamos que la felicidad es libertad y que somos libres cuando no buscamos aprobaciones. En cada cap\u00edtulo podr\u00e1s darle vida a tu creatividad y hacer de Inspira desde tu verdad un journal que te recordar\u00e1 que eres aut\u00e9ntico\/a y que esa autenticidad es tu sello personal. No existe nadie como t\u00fa, y eso es maravilloso. Podr\u00e1s sumergirte en tus propias vivencias, pero esta vez en compa\u00f1\u00eda de alguien que te muestra el camino que recorri\u00f3 y el mapa del que espera recorrer. El mundo est\u00e1 lleno de posibilidades, y juntos descubrir\u00e1n y abrazar\u00e1n las que llenan la existencia de plenitud. Esta obra abre camino al amor propio, a la presencia de vivir el hoy y a la gratitud como un estilo de vida, entendi\u00e9ndola como la puerta de la abundancia y la felicidad. A trav\u00e9s de este escrito, Cony manifiesta que no hay verdad absoluta y que detr\u00e1s de cada una de ellas hay una historia por contar.","og_url":"https:\/\/letrame.com\/catalogo\/producto\/inspira-desde-tu-verdad\/","og_site_name":"Catalogo | Letrame Grupo Editorial","og_image":[{"width":1772,"height":2480,"url":"https:\/\/letrame.com\/catalogo\/wp-content\/uploads\/2026\/01\/inspiradesde_5mmv34.jpg","type":"image\/jpeg"}],"twitter_card":"summary_large_image","twitter_misc":{"Tiempo de lectura":"2 minutos"},"schema":{"@context":"https:\/\/schema.org","@graph":[{"@type":"WebPage","@id":"https:\/\/letrame.com\/catalogo\/producto\/inspira-desde-tu-verdad\/","url":"https:\/\/letrame.com\/catalogo\/producto\/inspira-desde-tu-verdad\/","name":"Inspira desde tu verdad - Catalogo | Letrame Grupo Editorial","isPartOf":{"@id":"https:\/\/letrame.com\/catalogo\/#website"},"primaryImageOfPage":{"@id":"https:\/\/letrame.com\/catalogo\/producto\/inspira-desde-tu-verdad\/#primaryimage"},"image":{"@id":"https:\/\/letrame.com\/catalogo\/producto\/inspira-desde-tu-verdad\/#primaryimage"},"thumbnailUrl":"https:\/\/letrame.com\/catalogo\/wp-content\/uploads\/2026\/01\/inspiradesde_5mmv34.jpg","datePublished":"2026-01-02T12:50:03+00:00","breadcrumb":{"@id":"https:\/\/letrame.com\/catalogo\/producto\/inspira-desde-tu-verdad\/#breadcrumb"},"inLanguage":"es","potentialAction":[{"@type":"ReadAction","target":["https:\/\/letrame.com\/catalogo\/producto\/inspira-desde-tu-verdad\/"]}]},{"@type":"ImageObject","inLanguage":"es","@id":"https:\/\/letrame.com\/catalogo\/producto\/inspira-desde-tu-verdad\/#primaryimage","url":"https:\/\/letrame.com\/catalogo\/wp-content\/uploads\/2026\/01\/inspiradesde_5mmv34.jpg","contentUrl":"https:\/\/letrame.com\/catalogo\/wp-content\/uploads\/2026\/01\/inspiradesde_5mmv34.jpg","width":1772,"height":2480},{"@type":"BreadcrumbList","@id":"https:\/\/letrame.com\/catalogo\/producto\/inspira-desde-tu-verdad\/#breadcrumb","itemListElement":[{"@type":"ListItem","position":1,"name":"Portada","item":"https:\/\/letrame.com\/catalogo\/"},{"@type":"ListItem","position":2,"name":"Cat\u00e1logo","item":"https:\/\/letrame.com\/catalogo\/"},{"@type":"ListItem","position":3,"name":"Inspira desde tu verdad"}]},{"@type":"WebSite","@id":"https:\/\/letrame.com\/catalogo\/#website","url":"https:\/\/letrame.com\/catalogo\/","name":"Catalogo | Letrame Grupo Editorial","description":"","publisher":{"@id":"https:\/\/letrame.com\/catalogo\/#organization"},"potentialAction":[{"@type":"SearchAction","target":{"@type":"EntryPoint","urlTemplate":"https:\/\/letrame.com\/catalogo\/?s={search_term_string}"},"query-input":{"@type":"PropertyValueSpecification","valueRequired":true,"valueName":"search_term_string"}}],"inLanguage":"es"},{"@type":"Organization","@id":"https:\/\/letrame.com\/catalogo\/#organization","name":"Catalogo | Letrame Grupo Editorial","url":"https:\/\/letrame.com\/catalogo\/","logo":{"@type":"ImageObject","inLanguage":"es","@id":"https:\/\/letrame.com\/catalogo\/#\/schema\/logo\/image\/","url":"https:\/\/letrame.com\/catalogo\/wp-content\/uploads\/2024\/03\/logo2.webp","contentUrl":"https:\/\/letrame.com\/catalogo\/wp-content\/uploads\/2024\/03\/logo2.webp","width":394,"height":128,"caption":"Catalogo | Letrame Grupo Editorial"},"image":{"@id":"https:\/\/letrame.com\/catalogo\/#\/schema\/logo\/image\/"}}]}},"_links":{"self":[{"href":"https:\/\/letrame.com\/catalogo\/wp-json\/wp\/v2\/product\/110697","targetHints":{"allow":["GET"]}}],"collection":[{"href":"https:\/\/letrame.com\/catalogo\/wp-json\/wp\/v2\/product"}],"about":[{"href":"https:\/\/letrame.com\/catalogo\/wp-json\/wp\/v2\/types\/product"}],"replies":[{"embeddable":true,"href":"https:\/\/letrame.com\/catalogo\/wp-json\/wp\/v2\/comments?post=110697"}],"acf:post":[{"embeddable":true,"href":"https:\/\/letrame.com\/catalogo\/wp-json\/wp\/v2\/author_book\/110696"}],"wp:featuredmedia":[{"embeddable":true,"href":"https:\/\/letrame.com\/catalogo\/wp-json\/wp\/v2\/media\/110699"}],"wp:attachment":[{"href":"https:\/\/letrame.com\/catalogo\/wp-json\/wp\/v2\/media?parent=110697"}],"wp:term":[{"taxonomy":"libro","embeddable":true,"href":"https:\/\/letrame.com\/catalogo\/wp-json\/wp\/v2\/libro?post=110697"},{"taxonomy":"product_brand","embeddable":true,"href":"https:\/\/letrame.com\/catalogo\/wp-json\/wp\/v2\/product_brand?post=110697"},{"taxonomy":"product_cat","embeddable":true,"href":"https:\/\/letrame.com\/catalogo\/wp-json\/wp\/v2\/product_cat?post=110697"},{"taxonomy":"product_tag","embeddable":true,"href":"https:\/\/letrame.com\/catalogo\/wp-json\/wp\/v2\/product_tag?post=110697"}],"curies":[{"name":"wp","href":"https:\/\/api.w.org\/{rel}","templated":true}]}}