{"id":110687,"date":"2026-01-02T13:39:41","date_gmt":"2026-01-02T12:39:41","guid":{"rendered":"https:\/\/letrame.com\/catalogo\/?post_type=product&#038;p=110687"},"modified":"2026-04-07T12:44:18","modified_gmt":"2026-04-07T10:44:18","slug":"menorca-criminal","status":"publish","type":"product","link":"https:\/\/letrame.com\/catalogo\/producto\/menorca-criminal\/","title":{"rendered":"Menorca criminal 2\u00aa Edici\u00f3n"},"content":{"rendered":"<p class=\"p1\"><b>ISBN: 9791370540340<\/b><\/p>\n<p class=\"p1\"><b>T\u00edtulo: Menorca criminal 2\u00aa Edici\u00f3n<\/b><br \/>\n<b>Fecha:\u00a0<\/b>2026<br \/>\n<b>P\u00e1ginas:\u00a0<\/b>374<b><\/b><\/p>\n<p class=\"p1\"><b>SINOPSIS<\/b><\/p>\n<p>Tras calas de aguas turquesa, entre murallas hist\u00f3ricas y pueblos tranquilos, se esconde una cr\u00f3nica de cr\u00edmenes que han marcado la historia de Menorca.<br \/>\nEn Menorca criminal, Juan Luis Gener Guill\u00e9n -agente de polic\u00eda local en Ciutadella y apasionado investigador- re\u00fane quince casos reales que estremecieron a la sociedad menorquina. Desde leyendas ancestrales hasta homicidios documentados en archivos judiciales, Gener reconstruye con detalle episodios que van de los asaltos turcos del siglo XVI al brutal \u00abcaso del jacuzzi\u00bb, pasando por el c\u00e9lebre<br \/>\n\u00abcrimen de la maleta\u00bb.<br \/>\nLejos de la ficci\u00f3n, estas p\u00e1ginas muestran c\u00f3mo incluso en los lugares m\u00e1s tranquilos laten historias sorprendentes, capaces de revelar la complejidad humana y de despertar la curiosidad de quienes desean conocer Menorca desde una perspectiva distinta. Con un estilo directo y muy personal, Gener Guill\u00e9n expone los hechos y nos invita a recorrer los escenarios, a seguir las pistas y a descubrir que la historia de la isla, como sus mares, esconde profundidades que merecen ser exploradas.<\/p>\n","protected":false},"excerpt":{"rendered":"<p class=\"p1\"><b>ISBN: 9791370540340<\/b><\/p>\n<p class=\"p1\"><b>SINOPSIS<\/b><\/p>\n<p>Tras calas de aguas turquesa, entre murallas hist\u00f3ricas y pueblos tranquilos, se esconde una cr\u00f3nica de cr\u00edmenes que han marcado la historia de Menorca.<br \/>\nEn Menorca criminal, Juan Luis Gener Guill\u00e9n -agente de polic\u00eda local en Ciutadella y apasionado investigador- re\u00fane quince casos reales que estremecieron a la sociedad menorquina. Desde leyendas ancestrales hasta homicidios documentados en archivos judiciales, Gener reconstruye con detalle episodios que van de los asaltos turcos del siglo XVI al brutal \u00abcaso del jacuzzi\u00bb, pasando por el c\u00e9lebre<br \/>\n\u00abcrimen de la maleta\u00bb.<br \/>\nLejos de la ficci\u00f3n, estas p\u00e1ginas muestran c\u00f3mo incluso en los lugares m\u00e1s tranquilos laten historias sorprendentes, capaces de revelar la complejidad humana y de despertar la curiosidad de quienes desean conocer Menorca desde una perspectiva distinta. Con un estilo directo y muy personal, Gener Guill\u00e9n expone los hechos y nos invita a recorrer los escenarios, a seguir las pistas y a descubrir que la historia de la isla, como sus mares, esconde profundidades que merecen ser exploradas.<\/p>\n","protected":false},"featured_media":111719,"comment_status":"open","ping_status":"closed","template":"","meta":{"_acf_changed":false},"libro":[],"product_brand":[],"product_cat":[133],"product_tag":[],"class_list":{"0":"post-110687","1":"product","2":"type-product","3":"status-publish","4":"has-post-thumbnail","6":"product_cat-no-ficcion","8":"first","9":"instock","10":"shipping-taxable","11":"product-type-simple"},"acf":{"autor":[110684],"enlace_de_compra":"https:\/\/amzn.to\/4slESo9"},"yoast_head":"<!-- This site is optimized with the Yoast SEO plugin v27.4 - https:\/\/yoast.com\/product\/yoast-seo-wordpress\/ -->\n<title>Menorca criminal 2\u00aa Edici\u00f3n - Catalogo | Letrame Grupo Editorial<\/title>\n<meta name=\"robots\" content=\"index, follow, max-snippet:-1, max-image-preview:large, max-video-preview:-1\" \/>\n<link rel=\"canonical\" href=\"https:\/\/letrame.com\/catalogo\/producto\/menorca-criminal\/\" \/>\n<meta property=\"og:locale\" content=\"es_ES\" \/>\n<meta property=\"og:type\" content=\"article\" \/>\n<meta property=\"og:title\" content=\"Menorca criminal 2\u00aa Edici\u00f3n - Catalogo | Letrame Grupo Editorial\" \/>\n<meta property=\"og:description\" content=\"ISBN: 9791370540340 SINOPSIS Tras calas de aguas turquesa, entre murallas hist\u00f3ricas y pueblos tranquilos, se esconde una cr\u00f3nica de cr\u00edmenes que han marcado la historia de Menorca. En Menorca criminal, Juan Luis Gener Guill\u00e9n -agente de polic\u00eda local en Ciutadella y apasionado investigador- re\u00fane quince casos reales que estremecieron a la sociedad menorquina. Desde leyendas ancestrales hasta homicidios documentados en archivos judiciales, Gener reconstruye con detalle episodios que van de los asaltos turcos del siglo XVI al brutal \u00abcaso del jacuzzi\u00bb, pasando por el c\u00e9lebre \u00abcrimen de la maleta\u00bb. Lejos de la ficci\u00f3n, estas p\u00e1ginas muestran c\u00f3mo incluso en los lugares m\u00e1s tranquilos laten historias sorprendentes, capaces de revelar la complejidad humana y de despertar la curiosidad de quienes desean conocer Menorca desde una perspectiva distinta. Con un estilo directo y muy personal, Gener Guill\u00e9n expone los hechos y nos invita a recorrer los escenarios, a seguir las pistas y a descubrir que la historia de la isla, como sus mares, esconde profundidades que merecen ser exploradas.\" \/>\n<meta property=\"og:url\" content=\"https:\/\/letrame.com\/catalogo\/producto\/menorca-criminal\/\" \/>\n<meta property=\"og:site_name\" content=\"Catalogo | Letrame Grupo Editorial\" \/>\n<meta property=\"article:modified_time\" content=\"2026-04-07T10:44:18+00:00\" \/>\n<meta property=\"og:image\" content=\"https:\/\/letrame.com\/catalogo\/wp-content\/uploads\/2026\/01\/Captura-de-pantalla-2026-04-07-124304.jpg\" \/>\n\t<meta property=\"og:image:width\" content=\"1102\" \/>\n\t<meta property=\"og:image:height\" content=\"1548\" \/>\n\t<meta property=\"og:image:type\" content=\"image\/jpeg\" \/>\n<meta name=\"twitter:card\" content=\"summary_large_image\" \/>\n<meta name=\"twitter:label1\" content=\"Tiempo de lectura\" \/>\n\t<meta name=\"twitter:data1\" content=\"2 minutos\" \/>\n<script type=\"application\/ld+json\" class=\"yoast-schema-graph\">{\"@context\":\"https:\\\/\\\/schema.org\",\"@graph\":[{\"@type\":\"WebPage\",\"@id\":\"https:\\\/\\\/letrame.com\\\/catalogo\\\/producto\\\/menorca-criminal\\\/\",\"url\":\"https:\\\/\\\/letrame.com\\\/catalogo\\\/producto\\\/menorca-criminal\\\/\",\"name\":\"Menorca criminal 2\u00aa Edici\u00f3n - Catalogo | Letrame Grupo Editorial\",\"isPartOf\":{\"@id\":\"https:\\\/\\\/letrame.com\\\/catalogo\\\/#website\"},\"primaryImageOfPage\":{\"@id\":\"https:\\\/\\\/letrame.com\\\/catalogo\\\/producto\\\/menorca-criminal\\\/#primaryimage\"},\"image\":{\"@id\":\"https:\\\/\\\/letrame.com\\\/catalogo\\\/producto\\\/menorca-criminal\\\/#primaryimage\"},\"thumbnailUrl\":\"https:\\\/\\\/letrame.com\\\/catalogo\\\/wp-content\\\/uploads\\\/2026\\\/01\\\/Captura-de-pantalla-2026-04-07-124304.jpg\",\"datePublished\":\"2026-01-02T12:39:41+00:00\",\"dateModified\":\"2026-04-07T10:44:18+00:00\",\"breadcrumb\":{\"@id\":\"https:\\\/\\\/letrame.com\\\/catalogo\\\/producto\\\/menorca-criminal\\\/#breadcrumb\"},\"inLanguage\":\"es\",\"potentialAction\":[{\"@type\":\"ReadAction\",\"target\":[\"https:\\\/\\\/letrame.com\\\/catalogo\\\/producto\\\/menorca-criminal\\\/\"]}]},{\"@type\":\"ImageObject\",\"inLanguage\":\"es\",\"@id\":\"https:\\\/\\\/letrame.com\\\/catalogo\\\/producto\\\/menorca-criminal\\\/#primaryimage\",\"url\":\"https:\\\/\\\/letrame.com\\\/catalogo\\\/wp-content\\\/uploads\\\/2026\\\/01\\\/Captura-de-pantalla-2026-04-07-124304.jpg\",\"contentUrl\":\"https:\\\/\\\/letrame.com\\\/catalogo\\\/wp-content\\\/uploads\\\/2026\\\/01\\\/Captura-de-pantalla-2026-04-07-124304.jpg\",\"width\":1102,\"height\":1548},{\"@type\":\"BreadcrumbList\",\"@id\":\"https:\\\/\\\/letrame.com\\\/catalogo\\\/producto\\\/menorca-criminal\\\/#breadcrumb\",\"itemListElement\":[{\"@type\":\"ListItem\",\"position\":1,\"name\":\"Portada\",\"item\":\"https:\\\/\\\/letrame.com\\\/catalogo\\\/\"},{\"@type\":\"ListItem\",\"position\":2,\"name\":\"Cat\u00e1logo\",\"item\":\"https:\\\/\\\/letrame.com\\\/catalogo\\\/\"},{\"@type\":\"ListItem\",\"position\":3,\"name\":\"Menorca criminal 2\u00aa Edici\u00f3n\"}]},{\"@type\":\"WebSite\",\"@id\":\"https:\\\/\\\/letrame.com\\\/catalogo\\\/#website\",\"url\":\"https:\\\/\\\/letrame.com\\\/catalogo\\\/\",\"name\":\"Catalogo | Letrame Grupo Editorial\",\"description\":\"\",\"publisher\":{\"@id\":\"https:\\\/\\\/letrame.com\\\/catalogo\\\/#organization\"},\"potentialAction\":[{\"@type\":\"SearchAction\",\"target\":{\"@type\":\"EntryPoint\",\"urlTemplate\":\"https:\\\/\\\/letrame.com\\\/catalogo\\\/?s={search_term_string}\"},\"query-input\":{\"@type\":\"PropertyValueSpecification\",\"valueRequired\":true,\"valueName\":\"search_term_string\"}}],\"inLanguage\":\"es\"},{\"@type\":\"Organization\",\"@id\":\"https:\\\/\\\/letrame.com\\\/catalogo\\\/#organization\",\"name\":\"Catalogo | Letrame Grupo Editorial\",\"url\":\"https:\\\/\\\/letrame.com\\\/catalogo\\\/\",\"logo\":{\"@type\":\"ImageObject\",\"inLanguage\":\"es\",\"@id\":\"https:\\\/\\\/letrame.com\\\/catalogo\\\/#\\\/schema\\\/logo\\\/image\\\/\",\"url\":\"https:\\\/\\\/letrame.com\\\/catalogo\\\/wp-content\\\/uploads\\\/2024\\\/03\\\/logo2.webp\",\"contentUrl\":\"https:\\\/\\\/letrame.com\\\/catalogo\\\/wp-content\\\/uploads\\\/2024\\\/03\\\/logo2.webp\",\"width\":394,\"height\":128,\"caption\":\"Catalogo | Letrame Grupo Editorial\"},\"image\":{\"@id\":\"https:\\\/\\\/letrame.com\\\/catalogo\\\/#\\\/schema\\\/logo\\\/image\\\/\"}}]}<\/script>\n<!-- \/ Yoast SEO plugin. -->","yoast_head_json":{"title":"Menorca criminal 2\u00aa Edici\u00f3n - Catalogo | Letrame Grupo Editorial","robots":{"index":"index","follow":"follow","max-snippet":"max-snippet:-1","max-image-preview":"max-image-preview:large","max-video-preview":"max-video-preview:-1"},"canonical":"https:\/\/letrame.com\/catalogo\/producto\/menorca-criminal\/","og_locale":"es_ES","og_type":"article","og_title":"Menorca criminal 2\u00aa Edici\u00f3n - Catalogo | Letrame Grupo Editorial","og_description":"ISBN: 9791370540340 SINOPSIS Tras calas de aguas turquesa, entre murallas hist\u00f3ricas y pueblos tranquilos, se esconde una cr\u00f3nica de cr\u00edmenes que han marcado la historia de Menorca. En Menorca criminal, Juan Luis Gener Guill\u00e9n -agente de polic\u00eda local en Ciutadella y apasionado investigador- re\u00fane quince casos reales que estremecieron a la sociedad menorquina. Desde leyendas ancestrales hasta homicidios documentados en archivos judiciales, Gener reconstruye con detalle episodios que van de los asaltos turcos del siglo XVI al brutal \u00abcaso del jacuzzi\u00bb, pasando por el c\u00e9lebre \u00abcrimen de la maleta\u00bb. Lejos de la ficci\u00f3n, estas p\u00e1ginas muestran c\u00f3mo incluso en los lugares m\u00e1s tranquilos laten historias sorprendentes, capaces de revelar la complejidad humana y de despertar la curiosidad de quienes desean conocer Menorca desde una perspectiva distinta. Con un estilo directo y muy personal, Gener Guill\u00e9n expone los hechos y nos invita a recorrer los escenarios, a seguir las pistas y a descubrir que la historia de la isla, como sus mares, esconde profundidades que merecen ser exploradas.","og_url":"https:\/\/letrame.com\/catalogo\/producto\/menorca-criminal\/","og_site_name":"Catalogo | Letrame Grupo Editorial","article_modified_time":"2026-04-07T10:44:18+00:00","og_image":[{"width":1102,"height":1548,"url":"https:\/\/letrame.com\/catalogo\/wp-content\/uploads\/2026\/01\/Captura-de-pantalla-2026-04-07-124304.jpg","type":"image\/jpeg"}],"twitter_card":"summary_large_image","twitter_misc":{"Tiempo de lectura":"2 minutos"},"schema":{"@context":"https:\/\/schema.org","@graph":[{"@type":"WebPage","@id":"https:\/\/letrame.com\/catalogo\/producto\/menorca-criminal\/","url":"https:\/\/letrame.com\/catalogo\/producto\/menorca-criminal\/","name":"Menorca criminal 2\u00aa Edici\u00f3n - Catalogo | Letrame Grupo Editorial","isPartOf":{"@id":"https:\/\/letrame.com\/catalogo\/#website"},"primaryImageOfPage":{"@id":"https:\/\/letrame.com\/catalogo\/producto\/menorca-criminal\/#primaryimage"},"image":{"@id":"https:\/\/letrame.com\/catalogo\/producto\/menorca-criminal\/#primaryimage"},"thumbnailUrl":"https:\/\/letrame.com\/catalogo\/wp-content\/uploads\/2026\/01\/Captura-de-pantalla-2026-04-07-124304.jpg","datePublished":"2026-01-02T12:39:41+00:00","dateModified":"2026-04-07T10:44:18+00:00","breadcrumb":{"@id":"https:\/\/letrame.com\/catalogo\/producto\/menorca-criminal\/#breadcrumb"},"inLanguage":"es","potentialAction":[{"@type":"ReadAction","target":["https:\/\/letrame.com\/catalogo\/producto\/menorca-criminal\/"]}]},{"@type":"ImageObject","inLanguage":"es","@id":"https:\/\/letrame.com\/catalogo\/producto\/menorca-criminal\/#primaryimage","url":"https:\/\/letrame.com\/catalogo\/wp-content\/uploads\/2026\/01\/Captura-de-pantalla-2026-04-07-124304.jpg","contentUrl":"https:\/\/letrame.com\/catalogo\/wp-content\/uploads\/2026\/01\/Captura-de-pantalla-2026-04-07-124304.jpg","width":1102,"height":1548},{"@type":"BreadcrumbList","@id":"https:\/\/letrame.com\/catalogo\/producto\/menorca-criminal\/#breadcrumb","itemListElement":[{"@type":"ListItem","position":1,"name":"Portada","item":"https:\/\/letrame.com\/catalogo\/"},{"@type":"ListItem","position":2,"name":"Cat\u00e1logo","item":"https:\/\/letrame.com\/catalogo\/"},{"@type":"ListItem","position":3,"name":"Menorca criminal 2\u00aa Edici\u00f3n"}]},{"@type":"WebSite","@id":"https:\/\/letrame.com\/catalogo\/#website","url":"https:\/\/letrame.com\/catalogo\/","name":"Catalogo | Letrame Grupo Editorial","description":"","publisher":{"@id":"https:\/\/letrame.com\/catalogo\/#organization"},"potentialAction":[{"@type":"SearchAction","target":{"@type":"EntryPoint","urlTemplate":"https:\/\/letrame.com\/catalogo\/?s={search_term_string}"},"query-input":{"@type":"PropertyValueSpecification","valueRequired":true,"valueName":"search_term_string"}}],"inLanguage":"es"},{"@type":"Organization","@id":"https:\/\/letrame.com\/catalogo\/#organization","name":"Catalogo | Letrame Grupo Editorial","url":"https:\/\/letrame.com\/catalogo\/","logo":{"@type":"ImageObject","inLanguage":"es","@id":"https:\/\/letrame.com\/catalogo\/#\/schema\/logo\/image\/","url":"https:\/\/letrame.com\/catalogo\/wp-content\/uploads\/2024\/03\/logo2.webp","contentUrl":"https:\/\/letrame.com\/catalogo\/wp-content\/uploads\/2024\/03\/logo2.webp","width":394,"height":128,"caption":"Catalogo | Letrame Grupo Editorial"},"image":{"@id":"https:\/\/letrame.com\/catalogo\/#\/schema\/logo\/image\/"}}]}},"_links":{"self":[{"href":"https:\/\/letrame.com\/catalogo\/wp-json\/wp\/v2\/product\/110687","targetHints":{"allow":["GET"]}}],"collection":[{"href":"https:\/\/letrame.com\/catalogo\/wp-json\/wp\/v2\/product"}],"about":[{"href":"https:\/\/letrame.com\/catalogo\/wp-json\/wp\/v2\/types\/product"}],"replies":[{"embeddable":true,"href":"https:\/\/letrame.com\/catalogo\/wp-json\/wp\/v2\/comments?post=110687"}],"acf:post":[{"embeddable":true,"href":"https:\/\/letrame.com\/catalogo\/wp-json\/wp\/v2\/author_book\/110684"}],"wp:featuredmedia":[{"embeddable":true,"href":"https:\/\/letrame.com\/catalogo\/wp-json\/wp\/v2\/media\/111719"}],"wp:attachment":[{"href":"https:\/\/letrame.com\/catalogo\/wp-json\/wp\/v2\/media?parent=110687"}],"wp:term":[{"taxonomy":"libro","embeddable":true,"href":"https:\/\/letrame.com\/catalogo\/wp-json\/wp\/v2\/libro?post=110687"},{"taxonomy":"product_brand","embeddable":true,"href":"https:\/\/letrame.com\/catalogo\/wp-json\/wp\/v2\/product_brand?post=110687"},{"taxonomy":"product_cat","embeddable":true,"href":"https:\/\/letrame.com\/catalogo\/wp-json\/wp\/v2\/product_cat?post=110687"},{"taxonomy":"product_tag","embeddable":true,"href":"https:\/\/letrame.com\/catalogo\/wp-json\/wp\/v2\/product_tag?post=110687"}],"curies":[{"name":"wp","href":"https:\/\/api.w.org\/{rel}","templated":true}]}}