{"id":110660,"date":"2025-12-30T16:10:48","date_gmt":"2025-12-30T15:10:48","guid":{"rendered":"https:\/\/letrame.com\/catalogo\/?post_type=product&#038;p=110660"},"modified":"2025-12-30T16:10:49","modified_gmt":"2025-12-30T15:10:49","slug":"desconectados","status":"publish","type":"product","link":"https:\/\/letrame.com\/catalogo\/producto\/desconectados\/","title":{"rendered":"\u00a1Desconectados!"},"content":{"rendered":"<p class=\"p1\"><b>ISBN:\u00a0<\/b>979-13-7012-400-7<\/p>\n<p class=\"p1\"><b>T\u00edtulo:\u00a0<\/b> \u00a1Desconectados!<br \/>\n<b>Fecha:\u00a0<\/b>2025<br \/>\n<b>P\u00e1ginas:\u00a0<\/b>362<b><\/b><\/p>\n<p class=\"p1\"><b>SINOPSIS<\/b><\/p>\n<p>\u00a1Desconectados!. Marcelo Vazquez Avila nos invita a trav\u00e9s de divertidas y profundas reflexiones sobre c\u00f3mo vivir en el presente y mantener una rutina de vida m\u00e1s saludable, el libro nos muestra el poder de las pr\u00e1cticas sencillas para mejorar nuestro bienestar. Adem\u00e1s, analiza c\u00f3mo la neurolog\u00eda y la neurociencia aportan nuevas perspectivas en el cuidado de la mente y las emociones.<br \/>\nEl libro tambi\u00e9n profundiza en la importancia de construir conexiones aut\u00e9nticas y actuar con un prop\u00f3sito claro en nuestras relaciones, evitando relaciones t\u00f3xicas. La obra enfatiza la necesidad de comunicaci\u00f3n efectiva, asertiva y clara, especialmente en tiempos de cambio y transformaci\u00f3n personal.<br \/>\nAsimismo, \u00a1Desconectados! explora c\u00f3mo las redes neuronales influyen en nuestras conexiones sociales y en la disonancia cognitiva. Desde una perspectiva filos\u00f3fica, aborda temas como la libertad, el miedo al rechazo y la transformaci\u00f3n personal desde el neurodesarrollo.<br \/>\nFinalmente, el libro destaca la incre\u00edble capacidad de la neuroplasticidad y c\u00f3mo nuestro entorno y tecnolog\u00eda moldean nuestras experiencias neu-ronales. Nos invita a entender c\u00f3mo nuestros pensamientos y creencias pueden modificar nuestras emociones y paradigmas, ofreci\u00e9ndonos herramientas para construir un proyecto de vida m\u00e1s consciente y conectado.<br \/>\nSi busca, estimado lector, recetas f\u00e1ciles, p\u00f3cimas milagrosas, este no es su libro. Si en cambio quiere ahondar en el arte de una conversaci\u00f3n sincera, abierta, honesta, donde llueven preguntas referidas al arte de vivir, no solo al oficio de dirigir, entonces, s\u00ed, siga leyendo con curiosidad y apertura de miras. Su crecimiento y aprendizaje est\u00e1n en buenas manos.<\/p>\n","protected":false},"excerpt":{"rendered":"<p class=\"p1\"><b>ISBN:\u00a0<\/b>979-13-7012-400-7<\/p>\n<p class=\"p1\"><b>SINOPSIS<\/b><\/p>\n<p>\u00a1Desconectados!. Marcelo Vazquez Avila nos invita a trav\u00e9s de divertidas y profundas reflexiones sobre c\u00f3mo vivir en el presente y mantener una rutina de vida m\u00e1s saludable, el libro nos muestra el poder de las pr\u00e1cticas sencillas para mejorar nuestro bienestar. Adem\u00e1s, analiza c\u00f3mo la neurolog\u00eda y la neurociencia aportan nuevas perspectivas en el cuidado de la mente y las emociones.<br \/>\nEl libro tambi\u00e9n profundiza en la importancia de construir conexiones aut\u00e9nticas y actuar con un prop\u00f3sito claro en nuestras relaciones, evitando relaciones t\u00f3xicas. La obra enfatiza la necesidad de comunicaci\u00f3n efectiva, asertiva y clara, especialmente en tiempos de cambio y transformaci\u00f3n personal.<br \/>\nAsimismo, \u00a1Desconectados! explora c\u00f3mo las redes neuronales influyen en nuestras conexiones sociales y en la disonancia cognitiva. Desde una perspectiva filos\u00f3fica, aborda temas como la libertad, el miedo al rechazo y la transformaci\u00f3n personal desde el neurodesarrollo.<br \/>\nFinalmente, el libro destaca la incre\u00edble capacidad de la neuroplasticidad y c\u00f3mo nuestro entorno y tecnolog\u00eda moldean nuestras experiencias neu-ronales. Nos invita a entender c\u00f3mo nuestros pensamientos y creencias pueden modificar nuestras emociones y paradigmas, ofreci\u00e9ndonos herramientas para construir un proyecto de vida m\u00e1s consciente y conectado.<br \/>\nSi busca, estimado lector, recetas f\u00e1ciles, p\u00f3cimas milagrosas, este no es su libro. Si en cambio quiere ahondar en el arte de una conversaci\u00f3n sincera, abierta, honesta, donde llueven preguntas referidas al arte de vivir, no solo al oficio de dirigir, entonces, s\u00ed, siga leyendo con curiosidad y apertura de miras. Su crecimiento y aprendizaje est\u00e1n en buenas manos.<\/p>\n","protected":false},"featured_media":110664,"comment_status":"open","ping_status":"closed","template":"","meta":{"_acf_changed":false},"libro":[],"product_brand":[],"product_cat":[30],"product_tag":[],"class_list":{"0":"post-110660","1":"product","2":"type-product","3":"status-publish","4":"has-post-thumbnail","6":"product_cat-desarrollo-personal-y-autoconocimiento","8":"first","9":"instock","10":"shipping-taxable","11":"product-type-simple"},"acf":{"autor":[110661],"enlace_de_compra":"https:\/\/www.amazon.es\/%C2%A1Desconectados-Cuando-cerebro-coraz%C3%B3n-hablan\/dp\/B0FGHSZVQ5\/ref=tmm_pap_swatch_0?_encoding=UTF8&dib_tag=se&dib=eyJ2IjoiMSJ9.kFrbFZmE-y0jkPBqGy1_YEiZfxSgphD0yJeOTayk7z4fxdTZ2KWgh_ASIFwjxh--ZoDFxR-tjXXn9Ccczsp3lvR9MhT9yJLV7qcT5JXa0oRrroMMGe4Pfun3GglGXPgELhu_5wQIhBMrXAvnECb-nOKOhnnxugtxeMu6-pjc3HkW4xMGdY_BW24TJyKFHnlbvGDFi9TdRM1vaY31HueojVhOFNFdZnnUkohP0CKfwxJxrNj1APrBTvUkrx6HH0h21DoQ5pKcWqSg7njmD3Tmrxb0rWNNMVLiwLwkyYZUWN4.-CJ8YeWeKKdlNCPEQnF7ZKVppgCG-yPH8SJa9XstzPc&qid=1767107098&sr=8-1"},"yoast_head":"<!-- This site is optimized with the Yoast SEO plugin v27.4 - https:\/\/yoast.com\/product\/yoast-seo-wordpress\/ -->\n<title>\u00a1Desconectados! - Catalogo | Letrame Grupo Editorial<\/title>\n<meta name=\"robots\" content=\"index, follow, max-snippet:-1, max-image-preview:large, max-video-preview:-1\" \/>\n<link rel=\"canonical\" href=\"https:\/\/letrame.com\/catalogo\/producto\/desconectados\/\" \/>\n<meta property=\"og:locale\" content=\"es_ES\" \/>\n<meta property=\"og:type\" content=\"article\" \/>\n<meta property=\"og:title\" content=\"\u00a1Desconectados! - Catalogo | Letrame Grupo Editorial\" \/>\n<meta property=\"og:description\" content=\"ISBN:\u00a0979-13-7012-400-7 SINOPSIS \u00a1Desconectados!. Marcelo Vazquez Avila nos invita a trav\u00e9s de divertidas y profundas reflexiones sobre c\u00f3mo vivir en el presente y mantener una rutina de vida m\u00e1s saludable, el libro nos muestra el poder de las pr\u00e1cticas sencillas para mejorar nuestro bienestar. Adem\u00e1s, analiza c\u00f3mo la neurolog\u00eda y la neurociencia aportan nuevas perspectivas en el cuidado de la mente y las emociones. El libro tambi\u00e9n profundiza en la importancia de construir conexiones aut\u00e9nticas y actuar con un prop\u00f3sito claro en nuestras relaciones, evitando relaciones t\u00f3xicas. La obra enfatiza la necesidad de comunicaci\u00f3n efectiva, asertiva y clara, especialmente en tiempos de cambio y transformaci\u00f3n personal. Asimismo, \u00a1Desconectados! explora c\u00f3mo las redes neuronales influyen en nuestras conexiones sociales y en la disonancia cognitiva. Desde una perspectiva filos\u00f3fica, aborda temas como la libertad, el miedo al rechazo y la transformaci\u00f3n personal desde el neurodesarrollo. Finalmente, el libro destaca la incre\u00edble capacidad de la neuroplasticidad y c\u00f3mo nuestro entorno y tecnolog\u00eda moldean nuestras experiencias neu-ronales. Nos invita a entender c\u00f3mo nuestros pensamientos y creencias pueden modificar nuestras emociones y paradigmas, ofreci\u00e9ndonos herramientas para construir un proyecto de vida m\u00e1s consciente y conectado. Si busca, estimado lector, recetas f\u00e1ciles, p\u00f3cimas milagrosas, este no es su libro. Si en cambio quiere ahondar en el arte de una conversaci\u00f3n sincera, abierta, honesta, donde llueven preguntas referidas al arte de vivir, no solo al oficio de dirigir, entonces, s\u00ed, siga leyendo con curiosidad y apertura de miras. Su crecimiento y aprendizaje est\u00e1n en buenas manos.\" \/>\n<meta property=\"og:url\" content=\"https:\/\/letrame.com\/catalogo\/producto\/desconectados\/\" \/>\n<meta property=\"og:site_name\" content=\"Catalogo | Letrame Grupo Editorial\" \/>\n<meta property=\"article:modified_time\" content=\"2025-12-30T15:10:49+00:00\" \/>\n<meta property=\"og:image\" content=\"https:\/\/letrame.com\/catalogo\/wp-content\/uploads\/2025\/12\/desconectados_1777mm4-scaled.jpg\" \/>\n\t<meta property=\"og:image:width\" content=\"1746\" \/>\n\t<meta property=\"og:image:height\" content=\"2560\" \/>\n\t<meta property=\"og:image:type\" content=\"image\/jpeg\" \/>\n<meta name=\"twitter:card\" content=\"summary_large_image\" \/>\n<meta name=\"twitter:label1\" content=\"Tiempo de lectura\" \/>\n\t<meta name=\"twitter:data1\" content=\"2 minutos\" \/>\n<script type=\"application\/ld+json\" class=\"yoast-schema-graph\">{\"@context\":\"https:\\\/\\\/schema.org\",\"@graph\":[{\"@type\":\"WebPage\",\"@id\":\"https:\\\/\\\/letrame.com\\\/catalogo\\\/producto\\\/desconectados\\\/\",\"url\":\"https:\\\/\\\/letrame.com\\\/catalogo\\\/producto\\\/desconectados\\\/\",\"name\":\"\u00a1Desconectados! - Catalogo | Letrame Grupo Editorial\",\"isPartOf\":{\"@id\":\"https:\\\/\\\/letrame.com\\\/catalogo\\\/#website\"},\"primaryImageOfPage\":{\"@id\":\"https:\\\/\\\/letrame.com\\\/catalogo\\\/producto\\\/desconectados\\\/#primaryimage\"},\"image\":{\"@id\":\"https:\\\/\\\/letrame.com\\\/catalogo\\\/producto\\\/desconectados\\\/#primaryimage\"},\"thumbnailUrl\":\"https:\\\/\\\/letrame.com\\\/catalogo\\\/wp-content\\\/uploads\\\/2025\\\/12\\\/desconectados_1777mm4-scaled.jpg\",\"datePublished\":\"2025-12-30T15:10:48+00:00\",\"dateModified\":\"2025-12-30T15:10:49+00:00\",\"breadcrumb\":{\"@id\":\"https:\\\/\\\/letrame.com\\\/catalogo\\\/producto\\\/desconectados\\\/#breadcrumb\"},\"inLanguage\":\"es\",\"potentialAction\":[{\"@type\":\"ReadAction\",\"target\":[\"https:\\\/\\\/letrame.com\\\/catalogo\\\/producto\\\/desconectados\\\/\"]}]},{\"@type\":\"ImageObject\",\"inLanguage\":\"es\",\"@id\":\"https:\\\/\\\/letrame.com\\\/catalogo\\\/producto\\\/desconectados\\\/#primaryimage\",\"url\":\"https:\\\/\\\/letrame.com\\\/catalogo\\\/wp-content\\\/uploads\\\/2025\\\/12\\\/desconectados_1777mm4-scaled.jpg\",\"contentUrl\":\"https:\\\/\\\/letrame.com\\\/catalogo\\\/wp-content\\\/uploads\\\/2025\\\/12\\\/desconectados_1777mm4-scaled.jpg\",\"width\":1746,\"height\":2560},{\"@type\":\"BreadcrumbList\",\"@id\":\"https:\\\/\\\/letrame.com\\\/catalogo\\\/producto\\\/desconectados\\\/#breadcrumb\",\"itemListElement\":[{\"@type\":\"ListItem\",\"position\":1,\"name\":\"Portada\",\"item\":\"https:\\\/\\\/letrame.com\\\/catalogo\\\/\"},{\"@type\":\"ListItem\",\"position\":2,\"name\":\"Cat\u00e1logo\",\"item\":\"https:\\\/\\\/letrame.com\\\/catalogo\\\/\"},{\"@type\":\"ListItem\",\"position\":3,\"name\":\"\u00a1Desconectados!\"}]},{\"@type\":\"WebSite\",\"@id\":\"https:\\\/\\\/letrame.com\\\/catalogo\\\/#website\",\"url\":\"https:\\\/\\\/letrame.com\\\/catalogo\\\/\",\"name\":\"Catalogo | Letrame Grupo Editorial\",\"description\":\"\",\"publisher\":{\"@id\":\"https:\\\/\\\/letrame.com\\\/catalogo\\\/#organization\"},\"potentialAction\":[{\"@type\":\"SearchAction\",\"target\":{\"@type\":\"EntryPoint\",\"urlTemplate\":\"https:\\\/\\\/letrame.com\\\/catalogo\\\/?s={search_term_string}\"},\"query-input\":{\"@type\":\"PropertyValueSpecification\",\"valueRequired\":true,\"valueName\":\"search_term_string\"}}],\"inLanguage\":\"es\"},{\"@type\":\"Organization\",\"@id\":\"https:\\\/\\\/letrame.com\\\/catalogo\\\/#organization\",\"name\":\"Catalogo | Letrame Grupo Editorial\",\"url\":\"https:\\\/\\\/letrame.com\\\/catalogo\\\/\",\"logo\":{\"@type\":\"ImageObject\",\"inLanguage\":\"es\",\"@id\":\"https:\\\/\\\/letrame.com\\\/catalogo\\\/#\\\/schema\\\/logo\\\/image\\\/\",\"url\":\"https:\\\/\\\/letrame.com\\\/catalogo\\\/wp-content\\\/uploads\\\/2024\\\/03\\\/logo2.webp\",\"contentUrl\":\"https:\\\/\\\/letrame.com\\\/catalogo\\\/wp-content\\\/uploads\\\/2024\\\/03\\\/logo2.webp\",\"width\":394,\"height\":128,\"caption\":\"Catalogo | Letrame Grupo Editorial\"},\"image\":{\"@id\":\"https:\\\/\\\/letrame.com\\\/catalogo\\\/#\\\/schema\\\/logo\\\/image\\\/\"}}]}<\/script>\n<!-- \/ Yoast SEO plugin. -->","yoast_head_json":{"title":"\u00a1Desconectados! - Catalogo | Letrame Grupo Editorial","robots":{"index":"index","follow":"follow","max-snippet":"max-snippet:-1","max-image-preview":"max-image-preview:large","max-video-preview":"max-video-preview:-1"},"canonical":"https:\/\/letrame.com\/catalogo\/producto\/desconectados\/","og_locale":"es_ES","og_type":"article","og_title":"\u00a1Desconectados! - Catalogo | Letrame Grupo Editorial","og_description":"ISBN:\u00a0979-13-7012-400-7 SINOPSIS \u00a1Desconectados!. Marcelo Vazquez Avila nos invita a trav\u00e9s de divertidas y profundas reflexiones sobre c\u00f3mo vivir en el presente y mantener una rutina de vida m\u00e1s saludable, el libro nos muestra el poder de las pr\u00e1cticas sencillas para mejorar nuestro bienestar. Adem\u00e1s, analiza c\u00f3mo la neurolog\u00eda y la neurociencia aportan nuevas perspectivas en el cuidado de la mente y las emociones. El libro tambi\u00e9n profundiza en la importancia de construir conexiones aut\u00e9nticas y actuar con un prop\u00f3sito claro en nuestras relaciones, evitando relaciones t\u00f3xicas. La obra enfatiza la necesidad de comunicaci\u00f3n efectiva, asertiva y clara, especialmente en tiempos de cambio y transformaci\u00f3n personal. Asimismo, \u00a1Desconectados! explora c\u00f3mo las redes neuronales influyen en nuestras conexiones sociales y en la disonancia cognitiva. Desde una perspectiva filos\u00f3fica, aborda temas como la libertad, el miedo al rechazo y la transformaci\u00f3n personal desde el neurodesarrollo. Finalmente, el libro destaca la incre\u00edble capacidad de la neuroplasticidad y c\u00f3mo nuestro entorno y tecnolog\u00eda moldean nuestras experiencias neu-ronales. Nos invita a entender c\u00f3mo nuestros pensamientos y creencias pueden modificar nuestras emociones y paradigmas, ofreci\u00e9ndonos herramientas para construir un proyecto de vida m\u00e1s consciente y conectado. Si busca, estimado lector, recetas f\u00e1ciles, p\u00f3cimas milagrosas, este no es su libro. Si en cambio quiere ahondar en el arte de una conversaci\u00f3n sincera, abierta, honesta, donde llueven preguntas referidas al arte de vivir, no solo al oficio de dirigir, entonces, s\u00ed, siga leyendo con curiosidad y apertura de miras. Su crecimiento y aprendizaje est\u00e1n en buenas manos.","og_url":"https:\/\/letrame.com\/catalogo\/producto\/desconectados\/","og_site_name":"Catalogo | Letrame Grupo Editorial","article_modified_time":"2025-12-30T15:10:49+00:00","og_image":[{"width":1746,"height":2560,"url":"https:\/\/letrame.com\/catalogo\/wp-content\/uploads\/2025\/12\/desconectados_1777mm4-scaled.jpg","type":"image\/jpeg"}],"twitter_card":"summary_large_image","twitter_misc":{"Tiempo de lectura":"2 minutos"},"schema":{"@context":"https:\/\/schema.org","@graph":[{"@type":"WebPage","@id":"https:\/\/letrame.com\/catalogo\/producto\/desconectados\/","url":"https:\/\/letrame.com\/catalogo\/producto\/desconectados\/","name":"\u00a1Desconectados! - Catalogo | Letrame Grupo Editorial","isPartOf":{"@id":"https:\/\/letrame.com\/catalogo\/#website"},"primaryImageOfPage":{"@id":"https:\/\/letrame.com\/catalogo\/producto\/desconectados\/#primaryimage"},"image":{"@id":"https:\/\/letrame.com\/catalogo\/producto\/desconectados\/#primaryimage"},"thumbnailUrl":"https:\/\/letrame.com\/catalogo\/wp-content\/uploads\/2025\/12\/desconectados_1777mm4-scaled.jpg","datePublished":"2025-12-30T15:10:48+00:00","dateModified":"2025-12-30T15:10:49+00:00","breadcrumb":{"@id":"https:\/\/letrame.com\/catalogo\/producto\/desconectados\/#breadcrumb"},"inLanguage":"es","potentialAction":[{"@type":"ReadAction","target":["https:\/\/letrame.com\/catalogo\/producto\/desconectados\/"]}]},{"@type":"ImageObject","inLanguage":"es","@id":"https:\/\/letrame.com\/catalogo\/producto\/desconectados\/#primaryimage","url":"https:\/\/letrame.com\/catalogo\/wp-content\/uploads\/2025\/12\/desconectados_1777mm4-scaled.jpg","contentUrl":"https:\/\/letrame.com\/catalogo\/wp-content\/uploads\/2025\/12\/desconectados_1777mm4-scaled.jpg","width":1746,"height":2560},{"@type":"BreadcrumbList","@id":"https:\/\/letrame.com\/catalogo\/producto\/desconectados\/#breadcrumb","itemListElement":[{"@type":"ListItem","position":1,"name":"Portada","item":"https:\/\/letrame.com\/catalogo\/"},{"@type":"ListItem","position":2,"name":"Cat\u00e1logo","item":"https:\/\/letrame.com\/catalogo\/"},{"@type":"ListItem","position":3,"name":"\u00a1Desconectados!"}]},{"@type":"WebSite","@id":"https:\/\/letrame.com\/catalogo\/#website","url":"https:\/\/letrame.com\/catalogo\/","name":"Catalogo | Letrame Grupo Editorial","description":"","publisher":{"@id":"https:\/\/letrame.com\/catalogo\/#organization"},"potentialAction":[{"@type":"SearchAction","target":{"@type":"EntryPoint","urlTemplate":"https:\/\/letrame.com\/catalogo\/?s={search_term_string}"},"query-input":{"@type":"PropertyValueSpecification","valueRequired":true,"valueName":"search_term_string"}}],"inLanguage":"es"},{"@type":"Organization","@id":"https:\/\/letrame.com\/catalogo\/#organization","name":"Catalogo | Letrame Grupo Editorial","url":"https:\/\/letrame.com\/catalogo\/","logo":{"@type":"ImageObject","inLanguage":"es","@id":"https:\/\/letrame.com\/catalogo\/#\/schema\/logo\/image\/","url":"https:\/\/letrame.com\/catalogo\/wp-content\/uploads\/2024\/03\/logo2.webp","contentUrl":"https:\/\/letrame.com\/catalogo\/wp-content\/uploads\/2024\/03\/logo2.webp","width":394,"height":128,"caption":"Catalogo | Letrame Grupo Editorial"},"image":{"@id":"https:\/\/letrame.com\/catalogo\/#\/schema\/logo\/image\/"}}]}},"_links":{"self":[{"href":"https:\/\/letrame.com\/catalogo\/wp-json\/wp\/v2\/product\/110660","targetHints":{"allow":["GET"]}}],"collection":[{"href":"https:\/\/letrame.com\/catalogo\/wp-json\/wp\/v2\/product"}],"about":[{"href":"https:\/\/letrame.com\/catalogo\/wp-json\/wp\/v2\/types\/product"}],"replies":[{"embeddable":true,"href":"https:\/\/letrame.com\/catalogo\/wp-json\/wp\/v2\/comments?post=110660"}],"acf:post":[{"embeddable":true,"href":"https:\/\/letrame.com\/catalogo\/wp-json\/wp\/v2\/author_book\/110661"}],"wp:featuredmedia":[{"embeddable":true,"href":"https:\/\/letrame.com\/catalogo\/wp-json\/wp\/v2\/media\/110664"}],"wp:attachment":[{"href":"https:\/\/letrame.com\/catalogo\/wp-json\/wp\/v2\/media?parent=110660"}],"wp:term":[{"taxonomy":"libro","embeddable":true,"href":"https:\/\/letrame.com\/catalogo\/wp-json\/wp\/v2\/libro?post=110660"},{"taxonomy":"product_brand","embeddable":true,"href":"https:\/\/letrame.com\/catalogo\/wp-json\/wp\/v2\/product_brand?post=110660"},{"taxonomy":"product_cat","embeddable":true,"href":"https:\/\/letrame.com\/catalogo\/wp-json\/wp\/v2\/product_cat?post=110660"},{"taxonomy":"product_tag","embeddable":true,"href":"https:\/\/letrame.com\/catalogo\/wp-json\/wp\/v2\/product_tag?post=110660"}],"curies":[{"name":"wp","href":"https:\/\/api.w.org\/{rel}","templated":true}]}}