{"id":110648,"date":"2025-12-30T15:54:18","date_gmt":"2025-12-30T14:54:18","guid":{"rendered":"https:\/\/letrame.com\/catalogo\/?post_type=product&#038;p=110648"},"modified":"2025-12-30T15:54:19","modified_gmt":"2025-12-30T14:54:19","slug":"la-sombra-del-angel","status":"publish","type":"product","link":"https:\/\/letrame.com\/catalogo\/producto\/la-sombra-del-angel\/","title":{"rendered":"La sombra del \u00e1ngel"},"content":{"rendered":"<p class=\"p1\"><b>ISBN:\u00a0<\/b>979-13-7012-484-7<\/p>\n<p class=\"p1\"><b>T\u00edtulo:\u00a0<\/b>La sombra del \u00e1ngel<br \/>\n<b>Fecha:\u00a0<\/b>2025<br \/>\n<b>P\u00e1ginas:\u00a0<\/b>342<b><\/b><\/p>\n<p class=\"p1\"><b>SINOPSIS<\/b><\/p>\n<p>Tras una serena y aparente capa de tranquilidad, las calles de Valladolid y su alfoz esconden m\u00e1s de un secreto. Conforme contin\u00faan apareciendo cad\u00e1veres en apariencia in-conexos, el polic\u00eda To\u00f1o Veiga tendr\u00e1 que enfrentarse a la investigaci\u00f3n m\u00e1s dura de su carrera: una sucesi\u00f3n de hechos que har\u00e1 m\u00e1s tina que nunca la delgada l\u00ednea que separa el bien del mal, el deber y la obsesi\u00f3n. A medida que la arena del reloj sigue cayendo, descubre que la verdad puede ser algo terriblemente doloroso.<br \/>\nLa sombra del \u00e1ngel es una novela en la que se unen la tensi\u00f3n del thriller policial con un profundo examen de la mente de quienes luchan contra el crimen a diario.<br \/>\nUna historia que ofrece una ventana sincera y sin ornamentos al mundo de la investigaci\u00f3n criminal.<\/p>\n","protected":false},"excerpt":{"rendered":"<p class=\"p1\"><b>ISBN:\u00a0<\/b>979-13-7012-484-7<\/p>\n<p class=\"p1\"><b>SINOPSIS<\/b><\/p>\n<p>Tras una serena y aparente capa de tranquilidad, las calles de Valladolid y su alfoz esconden m\u00e1s de un secreto. Conforme contin\u00faan apareciendo cad\u00e1veres en apariencia in-conexos, el polic\u00eda To\u00f1o Veiga tendr\u00e1 que enfrentarse a la investigaci\u00f3n m\u00e1s dura de su carrera: una sucesi\u00f3n de hechos que har\u00e1 m\u00e1s tina que nunca la delgada l\u00ednea que separa el bien del mal, el deber y la obsesi\u00f3n. A medida que la arena del reloj sigue cayendo, descubre que la verdad puede ser algo terriblemente doloroso.<br \/>\nLa sombra del \u00e1ngel es una novela en la que se unen la tensi\u00f3n del thriller policial con un profundo examen de la mente de quienes luchan contra el crimen a diario.<br \/>\nUna historia que ofrece una ventana sincera y sin ornamentos al mundo de la investigaci\u00f3n criminal.<\/p>\n","protected":false},"featured_media":110650,"comment_status":"open","ping_status":"closed","template":"","meta":{"_acf_changed":false},"libro":[],"product_brand":[],"product_cat":[51],"product_tag":[],"class_list":{"0":"post-110648","1":"product","2":"type-product","3":"status-publish","4":"has-post-thumbnail","6":"product_cat-novela-negra","8":"first","9":"instock","10":"shipping-taxable","11":"product-type-simple"},"acf":{"autor":[110649],"enlace_de_compra":"https:\/\/www.amazon.es\/sombra-%C3%A1ngel-Marco-Antonio-Fondevila\/dp\/B0FFSTT6HR\/ref=sr_1_1?__mk_es_ES=%C3%85M%C3%85%C5%BD%C3%95%C3%91&crid=1IED1HMQN6M6Y&dib=eyJ2IjoiMSJ9.3tQFvmcMYdHOyrMgGKsl6zVim8VhdBBkOkFggHThFDs10huCUKY5TQGJGoF2uksoSpkd8y2w-FQxbB52g7EhaCr1CqImksSAmxcl3064jvbfc9V3G3ccMqbs5-c-Tbsk6aEUe_DkuoTe71svqjXC38d0kTBd4oHm49KNNpoPVzAQ0iiAi2bXP4XEgWgc8FI9XAatVmW9896aRfaV9fOBjXew-KbcMKskHCe-sHcAeKI.wTQ0oRt34--EJpZY8DMX8y4YI_DWgF1QK00z1TLz6Bo&dib_tag=se&keywords=La+sombra+del+%C3%A1ngel&qid=1767106016&sprefix=la+sombra+del+%C3%A1ngel+stock+0+vip+%2Caps%2C281&sr=8-1 "},"yoast_head":"<!-- This site is optimized with the Yoast SEO plugin v26.6 - https:\/\/yoast.com\/wordpress\/plugins\/seo\/ -->\n<title>La sombra del \u00e1ngel - Catalogo | Letrame Grupo Editorial<\/title>\n<meta name=\"robots\" content=\"index, follow, max-snippet:-1, max-image-preview:large, max-video-preview:-1\" \/>\n<link rel=\"canonical\" href=\"https:\/\/letrame.com\/catalogo\/producto\/la-sombra-del-angel\/\" \/>\n<meta property=\"og:locale\" content=\"es_ES\" \/>\n<meta property=\"og:type\" content=\"article\" \/>\n<meta property=\"og:title\" content=\"La sombra del \u00e1ngel - Catalogo | Letrame Grupo Editorial\" \/>\n<meta property=\"og:description\" content=\"ISBN:\u00a0979-13-7012-484-7 SINOPSIS Tras una serena y aparente capa de tranquilidad, las calles de Valladolid y su alfoz esconden m\u00e1s de un secreto. Conforme contin\u00faan apareciendo cad\u00e1veres en apariencia in-conexos, el polic\u00eda To\u00f1o Veiga tendr\u00e1 que enfrentarse a la investigaci\u00f3n m\u00e1s dura de su carrera: una sucesi\u00f3n de hechos que har\u00e1 m\u00e1s tina que nunca la delgada l\u00ednea que separa el bien del mal, el deber y la obsesi\u00f3n. A medida que la arena del reloj sigue cayendo, descubre que la verdad puede ser algo terriblemente doloroso. La sombra del \u00e1ngel es una novela en la que se unen la tensi\u00f3n del thriller policial con un profundo examen de la mente de quienes luchan contra el crimen a diario. Una historia que ofrece una ventana sincera y sin ornamentos al mundo de la investigaci\u00f3n criminal.\" \/>\n<meta property=\"og:url\" content=\"https:\/\/letrame.com\/catalogo\/producto\/la-sombra-del-angel\/\" \/>\n<meta property=\"og:site_name\" content=\"Catalogo | Letrame Grupo Editorial\" \/>\n<meta property=\"article:modified_time\" content=\"2025-12-30T14:54:19+00:00\" \/>\n<meta property=\"og:image\" content=\"https:\/\/letrame.com\/catalogo\/wp-content\/uploads\/2025\/12\/lasombradelangel_1684mm4.jpg\" \/>\n\t<meta property=\"og:image:width\" content=\"1772\" \/>\n\t<meta property=\"og:image:height\" content=\"2480\" \/>\n\t<meta property=\"og:image:type\" content=\"image\/jpeg\" \/>\n<meta name=\"twitter:card\" content=\"summary_large_image\" \/>\n<meta name=\"twitter:label1\" content=\"Tiempo de lectura\" \/>\n\t<meta name=\"twitter:data1\" content=\"1 minuto\" \/>\n<script type=\"application\/ld+json\" class=\"yoast-schema-graph\">{\"@context\":\"https:\/\/schema.org\",\"@graph\":[{\"@type\":\"WebPage\",\"@id\":\"https:\/\/letrame.com\/catalogo\/producto\/la-sombra-del-angel\/\",\"url\":\"https:\/\/letrame.com\/catalogo\/producto\/la-sombra-del-angel\/\",\"name\":\"La sombra del \u00e1ngel - Catalogo | Letrame Grupo Editorial\",\"isPartOf\":{\"@id\":\"https:\/\/letrame.com\/catalogo\/#website\"},\"primaryImageOfPage\":{\"@id\":\"https:\/\/letrame.com\/catalogo\/producto\/la-sombra-del-angel\/#primaryimage\"},\"image\":{\"@id\":\"https:\/\/letrame.com\/catalogo\/producto\/la-sombra-del-angel\/#primaryimage\"},\"thumbnailUrl\":\"https:\/\/letrame.com\/catalogo\/wp-content\/uploads\/2025\/12\/lasombradelangel_1684mm4.jpg\",\"datePublished\":\"2025-12-30T14:54:18+00:00\",\"dateModified\":\"2025-12-30T14:54:19+00:00\",\"breadcrumb\":{\"@id\":\"https:\/\/letrame.com\/catalogo\/producto\/la-sombra-del-angel\/#breadcrumb\"},\"inLanguage\":\"es\",\"potentialAction\":[{\"@type\":\"ReadAction\",\"target\":[\"https:\/\/letrame.com\/catalogo\/producto\/la-sombra-del-angel\/\"]}]},{\"@type\":\"ImageObject\",\"inLanguage\":\"es\",\"@id\":\"https:\/\/letrame.com\/catalogo\/producto\/la-sombra-del-angel\/#primaryimage\",\"url\":\"https:\/\/letrame.com\/catalogo\/wp-content\/uploads\/2025\/12\/lasombradelangel_1684mm4.jpg\",\"contentUrl\":\"https:\/\/letrame.com\/catalogo\/wp-content\/uploads\/2025\/12\/lasombradelangel_1684mm4.jpg\",\"width\":1772,\"height\":2480},{\"@type\":\"BreadcrumbList\",\"@id\":\"https:\/\/letrame.com\/catalogo\/producto\/la-sombra-del-angel\/#breadcrumb\",\"itemListElement\":[{\"@type\":\"ListItem\",\"position\":1,\"name\":\"Portada\",\"item\":\"https:\/\/letrame.com\/catalogo\/\"},{\"@type\":\"ListItem\",\"position\":2,\"name\":\"Cat\u00e1logo\",\"item\":\"https:\/\/letrame.com\/catalogo\/\"},{\"@type\":\"ListItem\",\"position\":3,\"name\":\"La sombra del \u00e1ngel\"}]},{\"@type\":\"WebSite\",\"@id\":\"https:\/\/letrame.com\/catalogo\/#website\",\"url\":\"https:\/\/letrame.com\/catalogo\/\",\"name\":\"Catalogo | Letrame Grupo Editorial\",\"description\":\"\",\"publisher\":{\"@id\":\"https:\/\/letrame.com\/catalogo\/#organization\"},\"potentialAction\":[{\"@type\":\"SearchAction\",\"target\":{\"@type\":\"EntryPoint\",\"urlTemplate\":\"https:\/\/letrame.com\/catalogo\/?s={search_term_string}\"},\"query-input\":{\"@type\":\"PropertyValueSpecification\",\"valueRequired\":true,\"valueName\":\"search_term_string\"}}],\"inLanguage\":\"es\"},{\"@type\":\"Organization\",\"@id\":\"https:\/\/letrame.com\/catalogo\/#organization\",\"name\":\"Catalogo | Letrame Grupo Editorial\",\"url\":\"https:\/\/letrame.com\/catalogo\/\",\"logo\":{\"@type\":\"ImageObject\",\"inLanguage\":\"es\",\"@id\":\"https:\/\/letrame.com\/catalogo\/#\/schema\/logo\/image\/\",\"url\":\"https:\/\/letrame.com\/catalogo\/wp-content\/uploads\/2024\/03\/logo2.webp\",\"contentUrl\":\"https:\/\/letrame.com\/catalogo\/wp-content\/uploads\/2024\/03\/logo2.webp\",\"width\":394,\"height\":128,\"caption\":\"Catalogo | Letrame Grupo Editorial\"},\"image\":{\"@id\":\"https:\/\/letrame.com\/catalogo\/#\/schema\/logo\/image\/\"}}]}<\/script>\n<!-- \/ Yoast SEO plugin. -->","yoast_head_json":{"title":"La sombra del \u00e1ngel - Catalogo | Letrame Grupo Editorial","robots":{"index":"index","follow":"follow","max-snippet":"max-snippet:-1","max-image-preview":"max-image-preview:large","max-video-preview":"max-video-preview:-1"},"canonical":"https:\/\/letrame.com\/catalogo\/producto\/la-sombra-del-angel\/","og_locale":"es_ES","og_type":"article","og_title":"La sombra del \u00e1ngel - Catalogo | Letrame Grupo Editorial","og_description":"ISBN:\u00a0979-13-7012-484-7 SINOPSIS Tras una serena y aparente capa de tranquilidad, las calles de Valladolid y su alfoz esconden m\u00e1s de un secreto. Conforme contin\u00faan apareciendo cad\u00e1veres en apariencia in-conexos, el polic\u00eda To\u00f1o Veiga tendr\u00e1 que enfrentarse a la investigaci\u00f3n m\u00e1s dura de su carrera: una sucesi\u00f3n de hechos que har\u00e1 m\u00e1s tina que nunca la delgada l\u00ednea que separa el bien del mal, el deber y la obsesi\u00f3n. A medida que la arena del reloj sigue cayendo, descubre que la verdad puede ser algo terriblemente doloroso. La sombra del \u00e1ngel es una novela en la que se unen la tensi\u00f3n del thriller policial con un profundo examen de la mente de quienes luchan contra el crimen a diario. Una historia que ofrece una ventana sincera y sin ornamentos al mundo de la investigaci\u00f3n criminal.","og_url":"https:\/\/letrame.com\/catalogo\/producto\/la-sombra-del-angel\/","og_site_name":"Catalogo | Letrame Grupo Editorial","article_modified_time":"2025-12-30T14:54:19+00:00","og_image":[{"width":1772,"height":2480,"url":"https:\/\/letrame.com\/catalogo\/wp-content\/uploads\/2025\/12\/lasombradelangel_1684mm4.jpg","type":"image\/jpeg"}],"twitter_card":"summary_large_image","twitter_misc":{"Tiempo de lectura":"1 minuto"},"schema":{"@context":"https:\/\/schema.org","@graph":[{"@type":"WebPage","@id":"https:\/\/letrame.com\/catalogo\/producto\/la-sombra-del-angel\/","url":"https:\/\/letrame.com\/catalogo\/producto\/la-sombra-del-angel\/","name":"La sombra del \u00e1ngel - Catalogo | Letrame Grupo Editorial","isPartOf":{"@id":"https:\/\/letrame.com\/catalogo\/#website"},"primaryImageOfPage":{"@id":"https:\/\/letrame.com\/catalogo\/producto\/la-sombra-del-angel\/#primaryimage"},"image":{"@id":"https:\/\/letrame.com\/catalogo\/producto\/la-sombra-del-angel\/#primaryimage"},"thumbnailUrl":"https:\/\/letrame.com\/catalogo\/wp-content\/uploads\/2025\/12\/lasombradelangel_1684mm4.jpg","datePublished":"2025-12-30T14:54:18+00:00","dateModified":"2025-12-30T14:54:19+00:00","breadcrumb":{"@id":"https:\/\/letrame.com\/catalogo\/producto\/la-sombra-del-angel\/#breadcrumb"},"inLanguage":"es","potentialAction":[{"@type":"ReadAction","target":["https:\/\/letrame.com\/catalogo\/producto\/la-sombra-del-angel\/"]}]},{"@type":"ImageObject","inLanguage":"es","@id":"https:\/\/letrame.com\/catalogo\/producto\/la-sombra-del-angel\/#primaryimage","url":"https:\/\/letrame.com\/catalogo\/wp-content\/uploads\/2025\/12\/lasombradelangel_1684mm4.jpg","contentUrl":"https:\/\/letrame.com\/catalogo\/wp-content\/uploads\/2025\/12\/lasombradelangel_1684mm4.jpg","width":1772,"height":2480},{"@type":"BreadcrumbList","@id":"https:\/\/letrame.com\/catalogo\/producto\/la-sombra-del-angel\/#breadcrumb","itemListElement":[{"@type":"ListItem","position":1,"name":"Portada","item":"https:\/\/letrame.com\/catalogo\/"},{"@type":"ListItem","position":2,"name":"Cat\u00e1logo","item":"https:\/\/letrame.com\/catalogo\/"},{"@type":"ListItem","position":3,"name":"La sombra del \u00e1ngel"}]},{"@type":"WebSite","@id":"https:\/\/letrame.com\/catalogo\/#website","url":"https:\/\/letrame.com\/catalogo\/","name":"Catalogo | Letrame Grupo Editorial","description":"","publisher":{"@id":"https:\/\/letrame.com\/catalogo\/#organization"},"potentialAction":[{"@type":"SearchAction","target":{"@type":"EntryPoint","urlTemplate":"https:\/\/letrame.com\/catalogo\/?s={search_term_string}"},"query-input":{"@type":"PropertyValueSpecification","valueRequired":true,"valueName":"search_term_string"}}],"inLanguage":"es"},{"@type":"Organization","@id":"https:\/\/letrame.com\/catalogo\/#organization","name":"Catalogo | Letrame Grupo Editorial","url":"https:\/\/letrame.com\/catalogo\/","logo":{"@type":"ImageObject","inLanguage":"es","@id":"https:\/\/letrame.com\/catalogo\/#\/schema\/logo\/image\/","url":"https:\/\/letrame.com\/catalogo\/wp-content\/uploads\/2024\/03\/logo2.webp","contentUrl":"https:\/\/letrame.com\/catalogo\/wp-content\/uploads\/2024\/03\/logo2.webp","width":394,"height":128,"caption":"Catalogo | Letrame Grupo Editorial"},"image":{"@id":"https:\/\/letrame.com\/catalogo\/#\/schema\/logo\/image\/"}}]}},"_links":{"self":[{"href":"https:\/\/letrame.com\/catalogo\/wp-json\/wp\/v2\/product\/110648","targetHints":{"allow":["GET"]}}],"collection":[{"href":"https:\/\/letrame.com\/catalogo\/wp-json\/wp\/v2\/product"}],"about":[{"href":"https:\/\/letrame.com\/catalogo\/wp-json\/wp\/v2\/types\/product"}],"replies":[{"embeddable":true,"href":"https:\/\/letrame.com\/catalogo\/wp-json\/wp\/v2\/comments?post=110648"}],"acf:post":[{"embeddable":true,"href":"https:\/\/letrame.com\/catalogo\/wp-json\/wp\/v2\/author_book\/110649"}],"wp:featuredmedia":[{"embeddable":true,"href":"https:\/\/letrame.com\/catalogo\/wp-json\/wp\/v2\/media\/110650"}],"wp:attachment":[{"href":"https:\/\/letrame.com\/catalogo\/wp-json\/wp\/v2\/media?parent=110648"}],"wp:term":[{"taxonomy":"libro","embeddable":true,"href":"https:\/\/letrame.com\/catalogo\/wp-json\/wp\/v2\/libro?post=110648"},{"taxonomy":"product_brand","embeddable":true,"href":"https:\/\/letrame.com\/catalogo\/wp-json\/wp\/v2\/product_brand?post=110648"},{"taxonomy":"product_cat","embeddable":true,"href":"https:\/\/letrame.com\/catalogo\/wp-json\/wp\/v2\/product_cat?post=110648"},{"taxonomy":"product_tag","embeddable":true,"href":"https:\/\/letrame.com\/catalogo\/wp-json\/wp\/v2\/product_tag?post=110648"}],"curies":[{"name":"wp","href":"https:\/\/api.w.org\/{rel}","templated":true}]}}