{"id":110629,"date":"2025-12-30T15:05:03","date_gmt":"2025-12-30T14:05:03","guid":{"rendered":"https:\/\/letrame.com\/catalogo\/?post_type=product&#038;p=110629"},"modified":"2025-12-30T15:05:04","modified_gmt":"2025-12-30T14:05:04","slug":"trilogia-anatomia-del-movimiento-interior","status":"publish","type":"product","link":"https:\/\/letrame.com\/catalogo\/producto\/trilogia-anatomia-del-movimiento-interior\/","title":{"rendered":"Trilog\u00eda. Anatom\u00eda del movimiento interior"},"content":{"rendered":"<p class=\"p1\"><b>ISBN:\u00a0<\/b><b><\/b><\/p>\n<p class=\"p1\"><b>T\u00edtulo:\u00a0<\/b>Trilog\u00eda. Anatom\u00eda del movimiento interior<br \/>\n<b>Fecha:\u00a0<\/b>2025<br \/>\n<b>P\u00e1ginas:\u00a0<\/b>72<b><\/b><\/p>\n<p class=\"p1\"><b>SINOPSIS<\/b><\/p>\n<p class=\"s6\"><span class=\"s10\">\u00bfY si el cuerpo fuera el verdadero narrador de tu historia?<\/span><\/p>\n<p class=\"s6\"><span class=\"s5\">En <\/span><span class=\"s7\">Trilog\u00eda: Anatom\u00eda del Movimiento Interior<\/span><span class=\"s5\">, tres relatos \u00edntimos y sensoriales te invitan a reconectar con lo que te mueve por dentro. A trav\u00e9s de una prosa suave y po\u00e9tica, la autora transforma cada gesto, cada tensi\u00f3n, cada silencio corporal en un acto de revelaci\u00f3n.<\/span><\/p>\n<p class=\"s6\"><span class=\"s5\">No es un manual. No es autoayuda.<\/span><span class=\"s5\"><br \/>\n<\/span><span class=\"s5\">Es un viaje hacia tu sabidur\u00eda interior.<\/span><\/p>\n<p class=\"s6\"><span class=\"s5\">D\u00e9jate llevar por estas p\u00e1ginas y redescubre lo cotidiano desde un lugar m\u00e1s profundo: el cuerpo como puerta, el movimiento como lenguaje, la quietud como verdad.<\/span><\/p>\n<p class=\"s8\">\n","protected":false},"excerpt":{"rendered":"<p class=\"p1\"><b>ISBN:\u00a0<\/b><b><\/b><\/p>\n<p class=\"p1\"><b>SINOPSIS<\/b><\/p>\n<p class=\"s6\"><span class=\"s10\">\u00bfY si el cuerpo fuera el verdadero narrador de tu historia?<\/span><\/p>\n<p class=\"s6\"><span class=\"s5\">En <\/span><span class=\"s7\">Trilog\u00eda: Anatom\u00eda del Movimiento Interior<\/span><span class=\"s5\">, tres relatos \u00edntimos y sensoriales te invitan a reconectar con lo que te mueve por dentro. A trav\u00e9s de una prosa suave y po\u00e9tica, la autora transforma cada gesto, cada tensi\u00f3n, cada silencio corporal en un acto de revelaci\u00f3n.<\/span><\/p>\n<p class=\"s6\"><span class=\"s5\">No es un manual. No es autoayuda.<\/span><span class=\"s5\"><br \/>\n<\/span><span class=\"s5\">Es un viaje hacia tu sabidur\u00eda interior.<\/span><\/p>\n<p class=\"s6\"><span class=\"s5\">D\u00e9jate llevar por estas p\u00e1ginas y redescubre lo cotidiano desde un lugar m\u00e1s profundo: el cuerpo como puerta, el movimiento como lenguaje, la quietud como verdad.<\/span><\/p>\n<p class=\"s8\">\n","protected":false},"featured_media":110632,"comment_status":"open","ping_status":"closed","template":"","meta":{"_acf_changed":false},"libro":[],"product_brand":[],"product_cat":[18],"product_tag":[],"class_list":{"0":"post-110629","1":"product","2":"type-product","3":"status-publish","4":"has-post-thumbnail","6":"product_cat-autoayuda","8":"first","9":"instock","10":"shipping-taxable","11":"product-type-simple"},"acf":{"autor":"","enlace_de_compra":"https:\/\/www.amazon.es\/Trilog%C3%ADa-Anatom%C3%ADa-del-movimiento-interior\/dp\/B0FF9QHCG6\/ref=sr_1_1?__mk_es_ES=%C3%85M%C3%85%C5%BD%C3%95%C3%91&crid=3T99P8EXPG3E1&dib=eyJ2IjoiMSJ9.4GqKUmuAwV6gfzf9Sqnyig.JqaWRzoOw0PDMa5Iax7qKk66nGx58_0rHb3VInyXnVw&dib_tag=se&keywords=Trilog%C3%ADa%3A+Anatom%C3%ADa+del+Movimiento+Interior&qid=1767102758&sprefix=trilog%C3%ADa+anatom%C3%ADa+del+movimiento+interior%2Caps%2C278&sr=8-1"},"yoast_head":"<!-- This site is optimized with the Yoast SEO plugin v26.6 - https:\/\/yoast.com\/wordpress\/plugins\/seo\/ -->\n<title>Trilog\u00eda. Anatom\u00eda del movimiento interior - Catalogo | Letrame Grupo Editorial<\/title>\n<meta name=\"robots\" content=\"index, follow, max-snippet:-1, max-image-preview:large, max-video-preview:-1\" \/>\n<link rel=\"canonical\" href=\"https:\/\/letrame.com\/catalogo\/producto\/trilogia-anatomia-del-movimiento-interior\/\" \/>\n<meta property=\"og:locale\" content=\"es_ES\" \/>\n<meta property=\"og:type\" content=\"article\" \/>\n<meta property=\"og:title\" content=\"Trilog\u00eda. Anatom\u00eda del movimiento interior - Catalogo | Letrame Grupo Editorial\" \/>\n<meta property=\"og:description\" content=\"ISBN:\u00a0 SINOPSIS \u00bfY si el cuerpo fuera el verdadero narrador de tu historia? En Trilog\u00eda: Anatom\u00eda del Movimiento Interior, tres relatos \u00edntimos y sensoriales te invitan a reconectar con lo que te mueve por dentro. A trav\u00e9s de una prosa suave y po\u00e9tica, la autora transforma cada gesto, cada tensi\u00f3n, cada silencio corporal en un acto de revelaci\u00f3n. No es un manual. No es autoayuda. Es un viaje hacia tu sabidur\u00eda interior. D\u00e9jate llevar por estas p\u00e1ginas y redescubre lo cotidiano desde un lugar m\u00e1s profundo: el cuerpo como puerta, el movimiento como lenguaje, la quietud como verdad.\" \/>\n<meta property=\"og:url\" content=\"https:\/\/letrame.com\/catalogo\/producto\/trilogia-anatomia-del-movimiento-interior\/\" \/>\n<meta property=\"og:site_name\" content=\"Catalogo | Letrame Grupo Editorial\" \/>\n<meta property=\"article:modified_time\" content=\"2025-12-30T14:05:04+00:00\" \/>\n<meta property=\"og:image\" content=\"https:\/\/letrame.com\/catalogo\/wp-content\/uploads\/2025\/12\/trilogia_486mm4-scaled.jpg\" \/>\n\t<meta property=\"og:image:width\" content=\"1746\" \/>\n\t<meta property=\"og:image:height\" content=\"2560\" \/>\n\t<meta property=\"og:image:type\" content=\"image\/jpeg\" \/>\n<meta name=\"twitter:card\" content=\"summary_large_image\" \/>\n<meta name=\"twitter:label1\" content=\"Tiempo de lectura\" \/>\n\t<meta name=\"twitter:data1\" content=\"1 minuto\" \/>\n<script type=\"application\/ld+json\" class=\"yoast-schema-graph\">{\"@context\":\"https:\/\/schema.org\",\"@graph\":[{\"@type\":\"WebPage\",\"@id\":\"https:\/\/letrame.com\/catalogo\/producto\/trilogia-anatomia-del-movimiento-interior\/\",\"url\":\"https:\/\/letrame.com\/catalogo\/producto\/trilogia-anatomia-del-movimiento-interior\/\",\"name\":\"Trilog\u00eda. Anatom\u00eda del movimiento interior - Catalogo | Letrame Grupo Editorial\",\"isPartOf\":{\"@id\":\"https:\/\/letrame.com\/catalogo\/#website\"},\"primaryImageOfPage\":{\"@id\":\"https:\/\/letrame.com\/catalogo\/producto\/trilogia-anatomia-del-movimiento-interior\/#primaryimage\"},\"image\":{\"@id\":\"https:\/\/letrame.com\/catalogo\/producto\/trilogia-anatomia-del-movimiento-interior\/#primaryimage\"},\"thumbnailUrl\":\"https:\/\/letrame.com\/catalogo\/wp-content\/uploads\/2025\/12\/trilogia_486mm4-scaled.jpg\",\"datePublished\":\"2025-12-30T14:05:03+00:00\",\"dateModified\":\"2025-12-30T14:05:04+00:00\",\"breadcrumb\":{\"@id\":\"https:\/\/letrame.com\/catalogo\/producto\/trilogia-anatomia-del-movimiento-interior\/#breadcrumb\"},\"inLanguage\":\"es\",\"potentialAction\":[{\"@type\":\"ReadAction\",\"target\":[\"https:\/\/letrame.com\/catalogo\/producto\/trilogia-anatomia-del-movimiento-interior\/\"]}]},{\"@type\":\"ImageObject\",\"inLanguage\":\"es\",\"@id\":\"https:\/\/letrame.com\/catalogo\/producto\/trilogia-anatomia-del-movimiento-interior\/#primaryimage\",\"url\":\"https:\/\/letrame.com\/catalogo\/wp-content\/uploads\/2025\/12\/trilogia_486mm4-scaled.jpg\",\"contentUrl\":\"https:\/\/letrame.com\/catalogo\/wp-content\/uploads\/2025\/12\/trilogia_486mm4-scaled.jpg\",\"width\":1746,\"height\":2560},{\"@type\":\"BreadcrumbList\",\"@id\":\"https:\/\/letrame.com\/catalogo\/producto\/trilogia-anatomia-del-movimiento-interior\/#breadcrumb\",\"itemListElement\":[{\"@type\":\"ListItem\",\"position\":1,\"name\":\"Portada\",\"item\":\"https:\/\/letrame.com\/catalogo\/\"},{\"@type\":\"ListItem\",\"position\":2,\"name\":\"Cat\u00e1logo\",\"item\":\"https:\/\/letrame.com\/catalogo\/\"},{\"@type\":\"ListItem\",\"position\":3,\"name\":\"Trilog\u00eda. Anatom\u00eda del movimiento interior\"}]},{\"@type\":\"WebSite\",\"@id\":\"https:\/\/letrame.com\/catalogo\/#website\",\"url\":\"https:\/\/letrame.com\/catalogo\/\",\"name\":\"Catalogo | Letrame Grupo Editorial\",\"description\":\"\",\"publisher\":{\"@id\":\"https:\/\/letrame.com\/catalogo\/#organization\"},\"potentialAction\":[{\"@type\":\"SearchAction\",\"target\":{\"@type\":\"EntryPoint\",\"urlTemplate\":\"https:\/\/letrame.com\/catalogo\/?s={search_term_string}\"},\"query-input\":{\"@type\":\"PropertyValueSpecification\",\"valueRequired\":true,\"valueName\":\"search_term_string\"}}],\"inLanguage\":\"es\"},{\"@type\":\"Organization\",\"@id\":\"https:\/\/letrame.com\/catalogo\/#organization\",\"name\":\"Catalogo | Letrame Grupo Editorial\",\"url\":\"https:\/\/letrame.com\/catalogo\/\",\"logo\":{\"@type\":\"ImageObject\",\"inLanguage\":\"es\",\"@id\":\"https:\/\/letrame.com\/catalogo\/#\/schema\/logo\/image\/\",\"url\":\"https:\/\/letrame.com\/catalogo\/wp-content\/uploads\/2024\/03\/logo2.webp\",\"contentUrl\":\"https:\/\/letrame.com\/catalogo\/wp-content\/uploads\/2024\/03\/logo2.webp\",\"width\":394,\"height\":128,\"caption\":\"Catalogo | Letrame Grupo Editorial\"},\"image\":{\"@id\":\"https:\/\/letrame.com\/catalogo\/#\/schema\/logo\/image\/\"}}]}<\/script>\n<!-- \/ Yoast SEO plugin. -->","yoast_head_json":{"title":"Trilog\u00eda. Anatom\u00eda del movimiento interior - Catalogo | Letrame Grupo Editorial","robots":{"index":"index","follow":"follow","max-snippet":"max-snippet:-1","max-image-preview":"max-image-preview:large","max-video-preview":"max-video-preview:-1"},"canonical":"https:\/\/letrame.com\/catalogo\/producto\/trilogia-anatomia-del-movimiento-interior\/","og_locale":"es_ES","og_type":"article","og_title":"Trilog\u00eda. Anatom\u00eda del movimiento interior - Catalogo | Letrame Grupo Editorial","og_description":"ISBN:\u00a0 SINOPSIS \u00bfY si el cuerpo fuera el verdadero narrador de tu historia? En Trilog\u00eda: Anatom\u00eda del Movimiento Interior, tres relatos \u00edntimos y sensoriales te invitan a reconectar con lo que te mueve por dentro. A trav\u00e9s de una prosa suave y po\u00e9tica, la autora transforma cada gesto, cada tensi\u00f3n, cada silencio corporal en un acto de revelaci\u00f3n. No es un manual. No es autoayuda. Es un viaje hacia tu sabidur\u00eda interior. D\u00e9jate llevar por estas p\u00e1ginas y redescubre lo cotidiano desde un lugar m\u00e1s profundo: el cuerpo como puerta, el movimiento como lenguaje, la quietud como verdad.","og_url":"https:\/\/letrame.com\/catalogo\/producto\/trilogia-anatomia-del-movimiento-interior\/","og_site_name":"Catalogo | Letrame Grupo Editorial","article_modified_time":"2025-12-30T14:05:04+00:00","og_image":[{"width":1746,"height":2560,"url":"https:\/\/letrame.com\/catalogo\/wp-content\/uploads\/2025\/12\/trilogia_486mm4-scaled.jpg","type":"image\/jpeg"}],"twitter_card":"summary_large_image","twitter_misc":{"Tiempo de lectura":"1 minuto"},"schema":{"@context":"https:\/\/schema.org","@graph":[{"@type":"WebPage","@id":"https:\/\/letrame.com\/catalogo\/producto\/trilogia-anatomia-del-movimiento-interior\/","url":"https:\/\/letrame.com\/catalogo\/producto\/trilogia-anatomia-del-movimiento-interior\/","name":"Trilog\u00eda. Anatom\u00eda del movimiento interior - Catalogo | Letrame Grupo Editorial","isPartOf":{"@id":"https:\/\/letrame.com\/catalogo\/#website"},"primaryImageOfPage":{"@id":"https:\/\/letrame.com\/catalogo\/producto\/trilogia-anatomia-del-movimiento-interior\/#primaryimage"},"image":{"@id":"https:\/\/letrame.com\/catalogo\/producto\/trilogia-anatomia-del-movimiento-interior\/#primaryimage"},"thumbnailUrl":"https:\/\/letrame.com\/catalogo\/wp-content\/uploads\/2025\/12\/trilogia_486mm4-scaled.jpg","datePublished":"2025-12-30T14:05:03+00:00","dateModified":"2025-12-30T14:05:04+00:00","breadcrumb":{"@id":"https:\/\/letrame.com\/catalogo\/producto\/trilogia-anatomia-del-movimiento-interior\/#breadcrumb"},"inLanguage":"es","potentialAction":[{"@type":"ReadAction","target":["https:\/\/letrame.com\/catalogo\/producto\/trilogia-anatomia-del-movimiento-interior\/"]}]},{"@type":"ImageObject","inLanguage":"es","@id":"https:\/\/letrame.com\/catalogo\/producto\/trilogia-anatomia-del-movimiento-interior\/#primaryimage","url":"https:\/\/letrame.com\/catalogo\/wp-content\/uploads\/2025\/12\/trilogia_486mm4-scaled.jpg","contentUrl":"https:\/\/letrame.com\/catalogo\/wp-content\/uploads\/2025\/12\/trilogia_486mm4-scaled.jpg","width":1746,"height":2560},{"@type":"BreadcrumbList","@id":"https:\/\/letrame.com\/catalogo\/producto\/trilogia-anatomia-del-movimiento-interior\/#breadcrumb","itemListElement":[{"@type":"ListItem","position":1,"name":"Portada","item":"https:\/\/letrame.com\/catalogo\/"},{"@type":"ListItem","position":2,"name":"Cat\u00e1logo","item":"https:\/\/letrame.com\/catalogo\/"},{"@type":"ListItem","position":3,"name":"Trilog\u00eda. Anatom\u00eda del movimiento interior"}]},{"@type":"WebSite","@id":"https:\/\/letrame.com\/catalogo\/#website","url":"https:\/\/letrame.com\/catalogo\/","name":"Catalogo | Letrame Grupo Editorial","description":"","publisher":{"@id":"https:\/\/letrame.com\/catalogo\/#organization"},"potentialAction":[{"@type":"SearchAction","target":{"@type":"EntryPoint","urlTemplate":"https:\/\/letrame.com\/catalogo\/?s={search_term_string}"},"query-input":{"@type":"PropertyValueSpecification","valueRequired":true,"valueName":"search_term_string"}}],"inLanguage":"es"},{"@type":"Organization","@id":"https:\/\/letrame.com\/catalogo\/#organization","name":"Catalogo | Letrame Grupo Editorial","url":"https:\/\/letrame.com\/catalogo\/","logo":{"@type":"ImageObject","inLanguage":"es","@id":"https:\/\/letrame.com\/catalogo\/#\/schema\/logo\/image\/","url":"https:\/\/letrame.com\/catalogo\/wp-content\/uploads\/2024\/03\/logo2.webp","contentUrl":"https:\/\/letrame.com\/catalogo\/wp-content\/uploads\/2024\/03\/logo2.webp","width":394,"height":128,"caption":"Catalogo | Letrame Grupo Editorial"},"image":{"@id":"https:\/\/letrame.com\/catalogo\/#\/schema\/logo\/image\/"}}]}},"_links":{"self":[{"href":"https:\/\/letrame.com\/catalogo\/wp-json\/wp\/v2\/product\/110629","targetHints":{"allow":["GET"]}}],"collection":[{"href":"https:\/\/letrame.com\/catalogo\/wp-json\/wp\/v2\/product"}],"about":[{"href":"https:\/\/letrame.com\/catalogo\/wp-json\/wp\/v2\/types\/product"}],"replies":[{"embeddable":true,"href":"https:\/\/letrame.com\/catalogo\/wp-json\/wp\/v2\/comments?post=110629"}],"wp:featuredmedia":[{"embeddable":true,"href":"https:\/\/letrame.com\/catalogo\/wp-json\/wp\/v2\/media\/110632"}],"wp:attachment":[{"href":"https:\/\/letrame.com\/catalogo\/wp-json\/wp\/v2\/media?parent=110629"}],"wp:term":[{"taxonomy":"libro","embeddable":true,"href":"https:\/\/letrame.com\/catalogo\/wp-json\/wp\/v2\/libro?post=110629"},{"taxonomy":"product_brand","embeddable":true,"href":"https:\/\/letrame.com\/catalogo\/wp-json\/wp\/v2\/product_brand?post=110629"},{"taxonomy":"product_cat","embeddable":true,"href":"https:\/\/letrame.com\/catalogo\/wp-json\/wp\/v2\/product_cat?post=110629"},{"taxonomy":"product_tag","embeddable":true,"href":"https:\/\/letrame.com\/catalogo\/wp-json\/wp\/v2\/product_tag?post=110629"}],"curies":[{"name":"wp","href":"https:\/\/api.w.org\/{rel}","templated":true}]}}