{"id":110623,"date":"2025-12-30T14:52:01","date_gmt":"2025-12-30T13:52:01","guid":{"rendered":"https:\/\/letrame.com\/catalogo\/?post_type=product&#038;p=110623"},"modified":"2025-12-30T14:52:02","modified_gmt":"2025-12-30T13:52:02","slug":"isvara-y-las-sombras","status":"publish","type":"product","link":"https:\/\/letrame.com\/catalogo\/producto\/isvara-y-las-sombras\/","title":{"rendered":"Isvara y las sombras"},"content":{"rendered":"<p class=\"p1\"><b>ISBN:\u00a0<\/b>979-13-7012-467-0<\/p>\n<p class=\"p1\"><b>T\u00edtulo:\u00a0<\/b>Isvara y las sombras<br \/>\n<b>Fecha:\u00a0<\/b>2025<br \/>\n<b>P\u00e1ginas:\u00a0<\/b>238<b><\/b><\/p>\n<p class=\"p1\"><b>SINOPSIS<\/b><\/p>\n<p class=\"s4\"><span class=\"s2\">\u00ab<\/span><span class=\"s2\">Cuando las sombras no vienen de fuera, sino de dentro, la \u00fanica batalla posible es la que nos revela<\/span><span class=\"s2\">\u00bb<\/span><span class=\"s2\">.<\/span><\/p>\n<p class=\"s4\"><span class=\"s5\">Tras una aparente victoria, Binar vuelve a tambalearse. Algo oscuro se filtra desde las ra\u00edces del reino\u2026 y del alma de su reina. <\/span><span class=\"s5\">Isvara<\/span><span class=\"s5\">, marcada por el misterio de su linaje y el peso del trono, emprende un viaje que pondr\u00e1 a prueba no solo su coraje, sino su <\/span><span class=\"s5\">propia <\/span><span class=\"s5\">esencia.<\/span><\/p>\n<p class=\"s4\"><span class=\"s5\">Acompa\u00f1ada por sus leales compa\u00f1eros y guiada por antiguos sabios, cruzar\u00e1 portales entre mundos, enfrentar\u00e1 enemigos que habitan dentro y fuera de s\u00ed misma, y descubrir\u00e1 que la luz m\u00e1s pura solo nace cuando se abrazan las sombras.<\/span><\/p>\n<p class=\"s4\"><span class=\"s6\">Isvara<\/span><span class=\"s6\"> y las sombras<\/span><span class=\"s5\"> es la esperada continuaci\u00f3n de <\/span><span class=\"s7\">Isvara<\/span><span class=\"s7\"> y el fuego interno<\/span><span class=\"s5\">, una odisea m\u00e1gica y filos\u00f3fica que entrelaza misticismo, acci\u00f3n y autoconocimiento. Un viaje \u00e9pico al centro del ser que atrapar\u00e1 al lector desde la primera p\u00e1gina y resonar\u00e1 mucho despu\u00e9s de la \u00faltima.<\/span><\/p>\n","protected":false},"excerpt":{"rendered":"<p class=\"p1\"><b>ISBN:\u00a0<\/b>979-13-7012-467-0<\/p>\n<p class=\"p1\"><b>SINOPSIS<\/b><\/p>\n<p class=\"s4\"><span class=\"s2\">\u00ab<\/span><span class=\"s2\">Cuando las sombras no vienen de fuera, sino de dentro, la \u00fanica batalla posible es la que nos revela<\/span><span class=\"s2\">\u00bb<\/span><span class=\"s2\">.<\/span><\/p>\n<p class=\"s4\"><span class=\"s5\">Tras una aparente victoria, Binar vuelve a tambalearse. Algo oscuro se filtra desde las ra\u00edces del reino\u2026 y del alma de su reina. <\/span><span class=\"s5\">Isvara<\/span><span class=\"s5\">, marcada por el misterio de su linaje y el peso del trono, emprende un viaje que pondr\u00e1 a prueba no solo su coraje, sino su <\/span><span class=\"s5\">propia <\/span><span class=\"s5\">esencia.<\/span><\/p>\n<p class=\"s4\"><span class=\"s5\">Acompa\u00f1ada por sus leales compa\u00f1eros y guiada por antiguos sabios, cruzar\u00e1 portales entre mundos, enfrentar\u00e1 enemigos que habitan dentro y fuera de s\u00ed misma, y descubrir\u00e1 que la luz m\u00e1s pura solo nace cuando se abrazan las sombras.<\/span><\/p>\n<p class=\"s4\"><span class=\"s6\">Isvara<\/span><span class=\"s6\"> y las sombras<\/span><span class=\"s5\"> es la esperada continuaci\u00f3n de <\/span><span class=\"s7\">Isvara<\/span><span class=\"s7\"> y el fuego interno<\/span><span class=\"s5\">, una odisea m\u00e1gica y filos\u00f3fica que entrelaza misticismo, acci\u00f3n y autoconocimiento. Un viaje \u00e9pico al centro del ser que atrapar\u00e1 al lector desde la primera p\u00e1gina y resonar\u00e1 mucho despu\u00e9s de la \u00faltima.<\/span><\/p>\n","protected":false},"featured_media":110626,"comment_status":"open","ping_status":"closed","template":"","meta":{"_acf_changed":false},"libro":[],"product_brand":[],"product_cat":[118],"product_tag":[],"class_list":{"0":"post-110623","1":"product","2":"type-product","3":"status-publish","4":"has-post-thumbnail","6":"product_cat-fantasia","8":"first","9":"instock","10":"shipping-taxable","11":"product-type-simple"},"acf":{"autor":[110622],"enlace_de_compra":"https:\/\/www.librerialamistral.es\/es\/libro\/isvara-y-las-sombras_0841550029"},"yoast_head":"<!-- This site is optimized with the Yoast SEO plugin v26.6 - https:\/\/yoast.com\/wordpress\/plugins\/seo\/ -->\n<title>Isvara y las sombras - Catalogo | Letrame Grupo Editorial<\/title>\n<meta name=\"robots\" content=\"index, follow, max-snippet:-1, max-image-preview:large, max-video-preview:-1\" \/>\n<link rel=\"canonical\" href=\"https:\/\/letrame.com\/catalogo\/producto\/isvara-y-las-sombras\/\" \/>\n<meta property=\"og:locale\" content=\"es_ES\" \/>\n<meta property=\"og:type\" content=\"article\" \/>\n<meta property=\"og:title\" content=\"Isvara y las sombras - Catalogo | Letrame Grupo Editorial\" \/>\n<meta property=\"og:description\" content=\"ISBN:\u00a0979-13-7012-467-0 SINOPSIS \u00abCuando las sombras no vienen de fuera, sino de dentro, la \u00fanica batalla posible es la que nos revela\u00bb. Tras una aparente victoria, Binar vuelve a tambalearse. Algo oscuro se filtra desde las ra\u00edces del reino\u2026 y del alma de su reina. Isvara, marcada por el misterio de su linaje y el peso del trono, emprende un viaje que pondr\u00e1 a prueba no solo su coraje, sino su propia esencia. Acompa\u00f1ada por sus leales compa\u00f1eros y guiada por antiguos sabios, cruzar\u00e1 portales entre mundos, enfrentar\u00e1 enemigos que habitan dentro y fuera de s\u00ed misma, y descubrir\u00e1 que la luz m\u00e1s pura solo nace cuando se abrazan las sombras. Isvara y las sombras es la esperada continuaci\u00f3n de Isvara y el fuego interno, una odisea m\u00e1gica y filos\u00f3fica que entrelaza misticismo, acci\u00f3n y autoconocimiento. Un viaje \u00e9pico al centro del ser que atrapar\u00e1 al lector desde la primera p\u00e1gina y resonar\u00e1 mucho despu\u00e9s de la \u00faltima.\" \/>\n<meta property=\"og:url\" content=\"https:\/\/letrame.com\/catalogo\/producto\/isvara-y-las-sombras\/\" \/>\n<meta property=\"og:site_name\" content=\"Catalogo | Letrame Grupo Editorial\" \/>\n<meta property=\"article:modified_time\" content=\"2025-12-30T13:52:02+00:00\" \/>\n<meta property=\"og:image\" content=\"https:\/\/letrame.com\/catalogo\/wp-content\/uploads\/2025\/12\/isvaraylassombras_121mm4.jpg\" \/>\n\t<meta property=\"og:image:width\" content=\"1772\" \/>\n\t<meta property=\"og:image:height\" content=\"2480\" \/>\n\t<meta property=\"og:image:type\" content=\"image\/jpeg\" \/>\n<meta name=\"twitter:card\" content=\"summary_large_image\" \/>\n<meta name=\"twitter:label1\" content=\"Tiempo de lectura\" \/>\n\t<meta name=\"twitter:data1\" content=\"1 minuto\" \/>\n<script type=\"application\/ld+json\" class=\"yoast-schema-graph\">{\"@context\":\"https:\/\/schema.org\",\"@graph\":[{\"@type\":\"WebPage\",\"@id\":\"https:\/\/letrame.com\/catalogo\/producto\/isvara-y-las-sombras\/\",\"url\":\"https:\/\/letrame.com\/catalogo\/producto\/isvara-y-las-sombras\/\",\"name\":\"Isvara y las sombras - Catalogo | Letrame Grupo Editorial\",\"isPartOf\":{\"@id\":\"https:\/\/letrame.com\/catalogo\/#website\"},\"primaryImageOfPage\":{\"@id\":\"https:\/\/letrame.com\/catalogo\/producto\/isvara-y-las-sombras\/#primaryimage\"},\"image\":{\"@id\":\"https:\/\/letrame.com\/catalogo\/producto\/isvara-y-las-sombras\/#primaryimage\"},\"thumbnailUrl\":\"https:\/\/letrame.com\/catalogo\/wp-content\/uploads\/2025\/12\/isvaraylassombras_121mm4.jpg\",\"datePublished\":\"2025-12-30T13:52:01+00:00\",\"dateModified\":\"2025-12-30T13:52:02+00:00\",\"breadcrumb\":{\"@id\":\"https:\/\/letrame.com\/catalogo\/producto\/isvara-y-las-sombras\/#breadcrumb\"},\"inLanguage\":\"es\",\"potentialAction\":[{\"@type\":\"ReadAction\",\"target\":[\"https:\/\/letrame.com\/catalogo\/producto\/isvara-y-las-sombras\/\"]}]},{\"@type\":\"ImageObject\",\"inLanguage\":\"es\",\"@id\":\"https:\/\/letrame.com\/catalogo\/producto\/isvara-y-las-sombras\/#primaryimage\",\"url\":\"https:\/\/letrame.com\/catalogo\/wp-content\/uploads\/2025\/12\/isvaraylassombras_121mm4.jpg\",\"contentUrl\":\"https:\/\/letrame.com\/catalogo\/wp-content\/uploads\/2025\/12\/isvaraylassombras_121mm4.jpg\",\"width\":1772,\"height\":2480},{\"@type\":\"BreadcrumbList\",\"@id\":\"https:\/\/letrame.com\/catalogo\/producto\/isvara-y-las-sombras\/#breadcrumb\",\"itemListElement\":[{\"@type\":\"ListItem\",\"position\":1,\"name\":\"Portada\",\"item\":\"https:\/\/letrame.com\/catalogo\/\"},{\"@type\":\"ListItem\",\"position\":2,\"name\":\"Cat\u00e1logo\",\"item\":\"https:\/\/letrame.com\/catalogo\/\"},{\"@type\":\"ListItem\",\"position\":3,\"name\":\"Isvara y las sombras\"}]},{\"@type\":\"WebSite\",\"@id\":\"https:\/\/letrame.com\/catalogo\/#website\",\"url\":\"https:\/\/letrame.com\/catalogo\/\",\"name\":\"Catalogo | Letrame Grupo Editorial\",\"description\":\"\",\"publisher\":{\"@id\":\"https:\/\/letrame.com\/catalogo\/#organization\"},\"potentialAction\":[{\"@type\":\"SearchAction\",\"target\":{\"@type\":\"EntryPoint\",\"urlTemplate\":\"https:\/\/letrame.com\/catalogo\/?s={search_term_string}\"},\"query-input\":{\"@type\":\"PropertyValueSpecification\",\"valueRequired\":true,\"valueName\":\"search_term_string\"}}],\"inLanguage\":\"es\"},{\"@type\":\"Organization\",\"@id\":\"https:\/\/letrame.com\/catalogo\/#organization\",\"name\":\"Catalogo | Letrame Grupo Editorial\",\"url\":\"https:\/\/letrame.com\/catalogo\/\",\"logo\":{\"@type\":\"ImageObject\",\"inLanguage\":\"es\",\"@id\":\"https:\/\/letrame.com\/catalogo\/#\/schema\/logo\/image\/\",\"url\":\"https:\/\/letrame.com\/catalogo\/wp-content\/uploads\/2024\/03\/logo2.webp\",\"contentUrl\":\"https:\/\/letrame.com\/catalogo\/wp-content\/uploads\/2024\/03\/logo2.webp\",\"width\":394,\"height\":128,\"caption\":\"Catalogo | Letrame Grupo Editorial\"},\"image\":{\"@id\":\"https:\/\/letrame.com\/catalogo\/#\/schema\/logo\/image\/\"}}]}<\/script>\n<!-- \/ Yoast SEO plugin. -->","yoast_head_json":{"title":"Isvara y las sombras - Catalogo | Letrame Grupo Editorial","robots":{"index":"index","follow":"follow","max-snippet":"max-snippet:-1","max-image-preview":"max-image-preview:large","max-video-preview":"max-video-preview:-1"},"canonical":"https:\/\/letrame.com\/catalogo\/producto\/isvara-y-las-sombras\/","og_locale":"es_ES","og_type":"article","og_title":"Isvara y las sombras - Catalogo | Letrame Grupo Editorial","og_description":"ISBN:\u00a0979-13-7012-467-0 SINOPSIS \u00abCuando las sombras no vienen de fuera, sino de dentro, la \u00fanica batalla posible es la que nos revela\u00bb. Tras una aparente victoria, Binar vuelve a tambalearse. Algo oscuro se filtra desde las ra\u00edces del reino\u2026 y del alma de su reina. Isvara, marcada por el misterio de su linaje y el peso del trono, emprende un viaje que pondr\u00e1 a prueba no solo su coraje, sino su propia esencia. Acompa\u00f1ada por sus leales compa\u00f1eros y guiada por antiguos sabios, cruzar\u00e1 portales entre mundos, enfrentar\u00e1 enemigos que habitan dentro y fuera de s\u00ed misma, y descubrir\u00e1 que la luz m\u00e1s pura solo nace cuando se abrazan las sombras. Isvara y las sombras es la esperada continuaci\u00f3n de Isvara y el fuego interno, una odisea m\u00e1gica y filos\u00f3fica que entrelaza misticismo, acci\u00f3n y autoconocimiento. Un viaje \u00e9pico al centro del ser que atrapar\u00e1 al lector desde la primera p\u00e1gina y resonar\u00e1 mucho despu\u00e9s de la \u00faltima.","og_url":"https:\/\/letrame.com\/catalogo\/producto\/isvara-y-las-sombras\/","og_site_name":"Catalogo | Letrame Grupo Editorial","article_modified_time":"2025-12-30T13:52:02+00:00","og_image":[{"width":1772,"height":2480,"url":"https:\/\/letrame.com\/catalogo\/wp-content\/uploads\/2025\/12\/isvaraylassombras_121mm4.jpg","type":"image\/jpeg"}],"twitter_card":"summary_large_image","twitter_misc":{"Tiempo de lectura":"1 minuto"},"schema":{"@context":"https:\/\/schema.org","@graph":[{"@type":"WebPage","@id":"https:\/\/letrame.com\/catalogo\/producto\/isvara-y-las-sombras\/","url":"https:\/\/letrame.com\/catalogo\/producto\/isvara-y-las-sombras\/","name":"Isvara y las sombras - Catalogo | Letrame Grupo Editorial","isPartOf":{"@id":"https:\/\/letrame.com\/catalogo\/#website"},"primaryImageOfPage":{"@id":"https:\/\/letrame.com\/catalogo\/producto\/isvara-y-las-sombras\/#primaryimage"},"image":{"@id":"https:\/\/letrame.com\/catalogo\/producto\/isvara-y-las-sombras\/#primaryimage"},"thumbnailUrl":"https:\/\/letrame.com\/catalogo\/wp-content\/uploads\/2025\/12\/isvaraylassombras_121mm4.jpg","datePublished":"2025-12-30T13:52:01+00:00","dateModified":"2025-12-30T13:52:02+00:00","breadcrumb":{"@id":"https:\/\/letrame.com\/catalogo\/producto\/isvara-y-las-sombras\/#breadcrumb"},"inLanguage":"es","potentialAction":[{"@type":"ReadAction","target":["https:\/\/letrame.com\/catalogo\/producto\/isvara-y-las-sombras\/"]}]},{"@type":"ImageObject","inLanguage":"es","@id":"https:\/\/letrame.com\/catalogo\/producto\/isvara-y-las-sombras\/#primaryimage","url":"https:\/\/letrame.com\/catalogo\/wp-content\/uploads\/2025\/12\/isvaraylassombras_121mm4.jpg","contentUrl":"https:\/\/letrame.com\/catalogo\/wp-content\/uploads\/2025\/12\/isvaraylassombras_121mm4.jpg","width":1772,"height":2480},{"@type":"BreadcrumbList","@id":"https:\/\/letrame.com\/catalogo\/producto\/isvara-y-las-sombras\/#breadcrumb","itemListElement":[{"@type":"ListItem","position":1,"name":"Portada","item":"https:\/\/letrame.com\/catalogo\/"},{"@type":"ListItem","position":2,"name":"Cat\u00e1logo","item":"https:\/\/letrame.com\/catalogo\/"},{"@type":"ListItem","position":3,"name":"Isvara y las sombras"}]},{"@type":"WebSite","@id":"https:\/\/letrame.com\/catalogo\/#website","url":"https:\/\/letrame.com\/catalogo\/","name":"Catalogo | Letrame Grupo Editorial","description":"","publisher":{"@id":"https:\/\/letrame.com\/catalogo\/#organization"},"potentialAction":[{"@type":"SearchAction","target":{"@type":"EntryPoint","urlTemplate":"https:\/\/letrame.com\/catalogo\/?s={search_term_string}"},"query-input":{"@type":"PropertyValueSpecification","valueRequired":true,"valueName":"search_term_string"}}],"inLanguage":"es"},{"@type":"Organization","@id":"https:\/\/letrame.com\/catalogo\/#organization","name":"Catalogo | Letrame Grupo Editorial","url":"https:\/\/letrame.com\/catalogo\/","logo":{"@type":"ImageObject","inLanguage":"es","@id":"https:\/\/letrame.com\/catalogo\/#\/schema\/logo\/image\/","url":"https:\/\/letrame.com\/catalogo\/wp-content\/uploads\/2024\/03\/logo2.webp","contentUrl":"https:\/\/letrame.com\/catalogo\/wp-content\/uploads\/2024\/03\/logo2.webp","width":394,"height":128,"caption":"Catalogo | Letrame Grupo Editorial"},"image":{"@id":"https:\/\/letrame.com\/catalogo\/#\/schema\/logo\/image\/"}}]}},"_links":{"self":[{"href":"https:\/\/letrame.com\/catalogo\/wp-json\/wp\/v2\/product\/110623","targetHints":{"allow":["GET"]}}],"collection":[{"href":"https:\/\/letrame.com\/catalogo\/wp-json\/wp\/v2\/product"}],"about":[{"href":"https:\/\/letrame.com\/catalogo\/wp-json\/wp\/v2\/types\/product"}],"replies":[{"embeddable":true,"href":"https:\/\/letrame.com\/catalogo\/wp-json\/wp\/v2\/comments?post=110623"}],"acf:post":[{"embeddable":true,"href":"https:\/\/letrame.com\/catalogo\/wp-json\/wp\/v2\/author_book\/110622"}],"wp:featuredmedia":[{"embeddable":true,"href":"https:\/\/letrame.com\/catalogo\/wp-json\/wp\/v2\/media\/110626"}],"wp:attachment":[{"href":"https:\/\/letrame.com\/catalogo\/wp-json\/wp\/v2\/media?parent=110623"}],"wp:term":[{"taxonomy":"libro","embeddable":true,"href":"https:\/\/letrame.com\/catalogo\/wp-json\/wp\/v2\/libro?post=110623"},{"taxonomy":"product_brand","embeddable":true,"href":"https:\/\/letrame.com\/catalogo\/wp-json\/wp\/v2\/product_brand?post=110623"},{"taxonomy":"product_cat","embeddable":true,"href":"https:\/\/letrame.com\/catalogo\/wp-json\/wp\/v2\/product_cat?post=110623"},{"taxonomy":"product_tag","embeddable":true,"href":"https:\/\/letrame.com\/catalogo\/wp-json\/wp\/v2\/product_tag?post=110623"}],"curies":[{"name":"wp","href":"https:\/\/api.w.org\/{rel}","templated":true}]}}