{"id":110618,"date":"2025-12-30T14:44:56","date_gmt":"2025-12-30T13:44:56","guid":{"rendered":"https:\/\/letrame.com\/catalogo\/?post_type=product&#038;p=110618"},"modified":"2025-12-30T14:44:57","modified_gmt":"2025-12-30T13:44:57","slug":"hechizo-el-oscuro-misterio-de-africa","status":"publish","type":"product","link":"https:\/\/letrame.com\/catalogo\/producto\/hechizo-el-oscuro-misterio-de-africa\/","title":{"rendered":"Hechizo, El oscuro misterio de Africa"},"content":{"rendered":"<p class=\"p1\"><b>ISBN:\u00a0<\/b>979-13-7012-080-1<\/p>\n<p class=\"p1\"><b>T\u00edtulo:\u00a0<\/b>Hechizo, El oscuro misterio de Africa<br \/>\n<b>Fecha: <\/b>2025<\/p>\n<p class=\"p1\"><b>P\u00e1ginas:\u00a0<\/b>92<b><\/b><\/p>\n<p class=\"p1\"><b>SINOPSIS<\/b><\/p>\n<p>En muchas comunidades africanas, la creencia en la hechicer\u00eda y los poderes sobrenaturales no es solo una cuesti\u00f3n de mitos o supersticiones, sino una realidad que moldea la vida de sus habitantes. Estas creencias han sido transmitidas de generaci\u00f3n en generaci\u00f3n, influenciando la manera en que las personas interact\u00faan entre s\u00ed, toman decisiones y enfrentan los desaf\u00edos de la vida cotidiana.Hechizo. El oscuro misterio de Africa nos transporta a la historia de Halima, una ni\u00f1a nacida en una familia humilde, cuya infancia estuvo marcada por la tragedia, la pobreza y el peso de una tradici\u00f3n que, en muchos casos, resulta m\u00e1s opresiva que protectora. La vida de Halima y su familia da un giro tr\u00e1gico cuando su padre es brutalmente asesinado, dejando a su madre sola con la responsabilidad de criar y proteger a sus hijos en un entorno hostil.A medida que crecen, Halima y sus hermanos enfrentan no solo las dificultades econ\u00f3micas y sociales de su comunidad, sino tambi\u00e9n el estigma que se cierne sobre ellos cuando comienzan a destacarse y a mejorar su situaci\u00f3n. Lo que deber\u00eda haber sido motivo de orgullo y alegr\u00eda<\/p>\n","protected":false},"excerpt":{"rendered":"<p class=\"p1\"><b>ISBN:\u00a0<\/b>979-13-7012-080-1<\/p>\n<p class=\"p1\"><b>SINOPSIS<\/b><\/p>\n<p>En muchas comunidades africanas, la creencia en la hechicer\u00eda y los poderes sobrenaturales no es solo una cuesti\u00f3n de mitos o supersticiones, sino una realidad que moldea la vida de sus habitantes. Estas creencias han sido transmitidas de generaci\u00f3n en generaci\u00f3n, influenciando la manera en que las personas interact\u00faan entre s\u00ed, toman decisiones y enfrentan los desaf\u00edos de la vida cotidiana.Hechizo. El oscuro misterio de Africa nos transporta a la historia de Halima, una ni\u00f1a nacida en una familia humilde, cuya infancia estuvo marcada por la tragedia, la pobreza y el peso de una tradici\u00f3n que, en muchos casos, resulta m\u00e1s opresiva que protectora. La vida de Halima y su familia da un giro tr\u00e1gico cuando su padre es brutalmente asesinado, dejando a su madre sola con la responsabilidad de criar y proteger a sus hijos en un entorno hostil.A medida que crecen, Halima y sus hermanos enfrentan no solo las dificultades econ\u00f3micas y sociales de su comunidad, sino tambi\u00e9n el estigma que se cierne sobre ellos cuando comienzan a destacarse y a mejorar su situaci\u00f3n. Lo que deber\u00eda haber sido motivo de orgullo y alegr\u00eda<\/p>\n","protected":false},"featured_media":110620,"comment_status":"open","ping_status":"closed","template":"","meta":{"_acf_changed":false},"libro":[],"product_brand":[],"product_cat":[144],"product_tag":[],"class_list":{"0":"post-110618","1":"product","2":"type-product","3":"status-publish","4":"has-post-thumbnail","6":"product_cat-misterio","8":"first","9":"instock","10":"shipping-taxable","11":"product-type-simple"},"acf":{"autor":[110617],"enlace_de_compra":"https:\/\/www.amazon.es\/Hechizo-El-oscuro-misterio-Africa-ebook\/dp\/B0GBW82PCP\/ref=sr_1_1?__mk_es_ES=%C3%85M%C3%85%C5%BD%C3%95%C3%91&crid=2BXBL5ARKPY9J&dib=eyJ2IjoiMSJ9.uNVqwtvFsb1FDOHUpQXbRg.miBOjtZRHAZgN-f2Xx10IGZtS-0jTMfke559Xm1jV3E&dib_tag=se&keywords=Hechizo+%E2%80%9Cel+oscuro+misterio+de+%C3%81frica&qid=1767102052&sprefix=hechizo+el+oscuro+misterio+de+%C3%A1frica+%2Caps%2C253&sr=8-1"},"yoast_head":"<!-- This site is optimized with the Yoast SEO plugin v26.6 - https:\/\/yoast.com\/wordpress\/plugins\/seo\/ -->\n<title>Hechizo, El oscuro misterio de Africa - Catalogo | Letrame Grupo Editorial<\/title>\n<meta name=\"robots\" content=\"index, follow, max-snippet:-1, max-image-preview:large, max-video-preview:-1\" \/>\n<link rel=\"canonical\" href=\"https:\/\/letrame.com\/catalogo\/producto\/hechizo-el-oscuro-misterio-de-africa\/\" \/>\n<meta property=\"og:locale\" content=\"es_ES\" \/>\n<meta property=\"og:type\" content=\"article\" \/>\n<meta property=\"og:title\" content=\"Hechizo, El oscuro misterio de Africa - Catalogo | Letrame Grupo Editorial\" \/>\n<meta property=\"og:description\" content=\"ISBN:\u00a0979-13-7012-080-1 SINOPSIS En muchas comunidades africanas, la creencia en la hechicer\u00eda y los poderes sobrenaturales no es solo una cuesti\u00f3n de mitos o supersticiones, sino una realidad que moldea la vida de sus habitantes. Estas creencias han sido transmitidas de generaci\u00f3n en generaci\u00f3n, influenciando la manera en que las personas interact\u00faan entre s\u00ed, toman decisiones y enfrentan los desaf\u00edos de la vida cotidiana.Hechizo. El oscuro misterio de Africa nos transporta a la historia de Halima, una ni\u00f1a nacida en una familia humilde, cuya infancia estuvo marcada por la tragedia, la pobreza y el peso de una tradici\u00f3n que, en muchos casos, resulta m\u00e1s opresiva que protectora. La vida de Halima y su familia da un giro tr\u00e1gico cuando su padre es brutalmente asesinado, dejando a su madre sola con la responsabilidad de criar y proteger a sus hijos en un entorno hostil.A medida que crecen, Halima y sus hermanos enfrentan no solo las dificultades econ\u00f3micas y sociales de su comunidad, sino tambi\u00e9n el estigma que se cierne sobre ellos cuando comienzan a destacarse y a mejorar su situaci\u00f3n. Lo que deber\u00eda haber sido motivo de orgullo y alegr\u00eda\" \/>\n<meta property=\"og:url\" content=\"https:\/\/letrame.com\/catalogo\/producto\/hechizo-el-oscuro-misterio-de-africa\/\" \/>\n<meta property=\"og:site_name\" content=\"Catalogo | Letrame Grupo Editorial\" \/>\n<meta property=\"article:modified_time\" content=\"2025-12-30T13:44:57+00:00\" \/>\n<meta property=\"og:image\" content=\"https:\/\/letrame.com\/catalogo\/wp-content\/uploads\/2025\/12\/Hechizoeloscuromisterio_5.85mm4.jpg\" \/>\n\t<meta property=\"og:image:width\" content=\"1594\" \/>\n\t<meta property=\"og:image:height\" content=\"2303\" \/>\n\t<meta property=\"og:image:type\" content=\"image\/jpeg\" \/>\n<meta name=\"twitter:card\" content=\"summary_large_image\" \/>\n<meta name=\"twitter:label1\" content=\"Tiempo de lectura\" \/>\n\t<meta name=\"twitter:data1\" content=\"1 minuto\" \/>\n<script type=\"application\/ld+json\" class=\"yoast-schema-graph\">{\"@context\":\"https:\/\/schema.org\",\"@graph\":[{\"@type\":\"WebPage\",\"@id\":\"https:\/\/letrame.com\/catalogo\/producto\/hechizo-el-oscuro-misterio-de-africa\/\",\"url\":\"https:\/\/letrame.com\/catalogo\/producto\/hechizo-el-oscuro-misterio-de-africa\/\",\"name\":\"Hechizo, El oscuro misterio de Africa - Catalogo | Letrame Grupo Editorial\",\"isPartOf\":{\"@id\":\"https:\/\/letrame.com\/catalogo\/#website\"},\"primaryImageOfPage\":{\"@id\":\"https:\/\/letrame.com\/catalogo\/producto\/hechizo-el-oscuro-misterio-de-africa\/#primaryimage\"},\"image\":{\"@id\":\"https:\/\/letrame.com\/catalogo\/producto\/hechizo-el-oscuro-misterio-de-africa\/#primaryimage\"},\"thumbnailUrl\":\"https:\/\/letrame.com\/catalogo\/wp-content\/uploads\/2025\/12\/Hechizoeloscuromisterio_5.85mm4.jpg\",\"datePublished\":\"2025-12-30T13:44:56+00:00\",\"dateModified\":\"2025-12-30T13:44:57+00:00\",\"breadcrumb\":{\"@id\":\"https:\/\/letrame.com\/catalogo\/producto\/hechizo-el-oscuro-misterio-de-africa\/#breadcrumb\"},\"inLanguage\":\"es\",\"potentialAction\":[{\"@type\":\"ReadAction\",\"target\":[\"https:\/\/letrame.com\/catalogo\/producto\/hechizo-el-oscuro-misterio-de-africa\/\"]}]},{\"@type\":\"ImageObject\",\"inLanguage\":\"es\",\"@id\":\"https:\/\/letrame.com\/catalogo\/producto\/hechizo-el-oscuro-misterio-de-africa\/#primaryimage\",\"url\":\"https:\/\/letrame.com\/catalogo\/wp-content\/uploads\/2025\/12\/Hechizoeloscuromisterio_5.85mm4.jpg\",\"contentUrl\":\"https:\/\/letrame.com\/catalogo\/wp-content\/uploads\/2025\/12\/Hechizoeloscuromisterio_5.85mm4.jpg\",\"width\":1594,\"height\":2303},{\"@type\":\"BreadcrumbList\",\"@id\":\"https:\/\/letrame.com\/catalogo\/producto\/hechizo-el-oscuro-misterio-de-africa\/#breadcrumb\",\"itemListElement\":[{\"@type\":\"ListItem\",\"position\":1,\"name\":\"Portada\",\"item\":\"https:\/\/letrame.com\/catalogo\/\"},{\"@type\":\"ListItem\",\"position\":2,\"name\":\"Cat\u00e1logo\",\"item\":\"https:\/\/letrame.com\/catalogo\/\"},{\"@type\":\"ListItem\",\"position\":3,\"name\":\"Hechizo, El oscuro misterio de Africa\"}]},{\"@type\":\"WebSite\",\"@id\":\"https:\/\/letrame.com\/catalogo\/#website\",\"url\":\"https:\/\/letrame.com\/catalogo\/\",\"name\":\"Catalogo | Letrame Grupo Editorial\",\"description\":\"\",\"publisher\":{\"@id\":\"https:\/\/letrame.com\/catalogo\/#organization\"},\"potentialAction\":[{\"@type\":\"SearchAction\",\"target\":{\"@type\":\"EntryPoint\",\"urlTemplate\":\"https:\/\/letrame.com\/catalogo\/?s={search_term_string}\"},\"query-input\":{\"@type\":\"PropertyValueSpecification\",\"valueRequired\":true,\"valueName\":\"search_term_string\"}}],\"inLanguage\":\"es\"},{\"@type\":\"Organization\",\"@id\":\"https:\/\/letrame.com\/catalogo\/#organization\",\"name\":\"Catalogo | Letrame Grupo Editorial\",\"url\":\"https:\/\/letrame.com\/catalogo\/\",\"logo\":{\"@type\":\"ImageObject\",\"inLanguage\":\"es\",\"@id\":\"https:\/\/letrame.com\/catalogo\/#\/schema\/logo\/image\/\",\"url\":\"https:\/\/letrame.com\/catalogo\/wp-content\/uploads\/2024\/03\/logo2.webp\",\"contentUrl\":\"https:\/\/letrame.com\/catalogo\/wp-content\/uploads\/2024\/03\/logo2.webp\",\"width\":394,\"height\":128,\"caption\":\"Catalogo | Letrame Grupo Editorial\"},\"image\":{\"@id\":\"https:\/\/letrame.com\/catalogo\/#\/schema\/logo\/image\/\"}}]}<\/script>\n<!-- \/ Yoast SEO plugin. -->","yoast_head_json":{"title":"Hechizo, El oscuro misterio de Africa - Catalogo | Letrame Grupo Editorial","robots":{"index":"index","follow":"follow","max-snippet":"max-snippet:-1","max-image-preview":"max-image-preview:large","max-video-preview":"max-video-preview:-1"},"canonical":"https:\/\/letrame.com\/catalogo\/producto\/hechizo-el-oscuro-misterio-de-africa\/","og_locale":"es_ES","og_type":"article","og_title":"Hechizo, El oscuro misterio de Africa - Catalogo | Letrame Grupo Editorial","og_description":"ISBN:\u00a0979-13-7012-080-1 SINOPSIS En muchas comunidades africanas, la creencia en la hechicer\u00eda y los poderes sobrenaturales no es solo una cuesti\u00f3n de mitos o supersticiones, sino una realidad que moldea la vida de sus habitantes. Estas creencias han sido transmitidas de generaci\u00f3n en generaci\u00f3n, influenciando la manera en que las personas interact\u00faan entre s\u00ed, toman decisiones y enfrentan los desaf\u00edos de la vida cotidiana.Hechizo. El oscuro misterio de Africa nos transporta a la historia de Halima, una ni\u00f1a nacida en una familia humilde, cuya infancia estuvo marcada por la tragedia, la pobreza y el peso de una tradici\u00f3n que, en muchos casos, resulta m\u00e1s opresiva que protectora. La vida de Halima y su familia da un giro tr\u00e1gico cuando su padre es brutalmente asesinado, dejando a su madre sola con la responsabilidad de criar y proteger a sus hijos en un entorno hostil.A medida que crecen, Halima y sus hermanos enfrentan no solo las dificultades econ\u00f3micas y sociales de su comunidad, sino tambi\u00e9n el estigma que se cierne sobre ellos cuando comienzan a destacarse y a mejorar su situaci\u00f3n. Lo que deber\u00eda haber sido motivo de orgullo y alegr\u00eda","og_url":"https:\/\/letrame.com\/catalogo\/producto\/hechizo-el-oscuro-misterio-de-africa\/","og_site_name":"Catalogo | Letrame Grupo Editorial","article_modified_time":"2025-12-30T13:44:57+00:00","og_image":[{"width":1594,"height":2303,"url":"https:\/\/letrame.com\/catalogo\/wp-content\/uploads\/2025\/12\/Hechizoeloscuromisterio_5.85mm4.jpg","type":"image\/jpeg"}],"twitter_card":"summary_large_image","twitter_misc":{"Tiempo de lectura":"1 minuto"},"schema":{"@context":"https:\/\/schema.org","@graph":[{"@type":"WebPage","@id":"https:\/\/letrame.com\/catalogo\/producto\/hechizo-el-oscuro-misterio-de-africa\/","url":"https:\/\/letrame.com\/catalogo\/producto\/hechizo-el-oscuro-misterio-de-africa\/","name":"Hechizo, El oscuro misterio de Africa - Catalogo | Letrame Grupo Editorial","isPartOf":{"@id":"https:\/\/letrame.com\/catalogo\/#website"},"primaryImageOfPage":{"@id":"https:\/\/letrame.com\/catalogo\/producto\/hechizo-el-oscuro-misterio-de-africa\/#primaryimage"},"image":{"@id":"https:\/\/letrame.com\/catalogo\/producto\/hechizo-el-oscuro-misterio-de-africa\/#primaryimage"},"thumbnailUrl":"https:\/\/letrame.com\/catalogo\/wp-content\/uploads\/2025\/12\/Hechizoeloscuromisterio_5.85mm4.jpg","datePublished":"2025-12-30T13:44:56+00:00","dateModified":"2025-12-30T13:44:57+00:00","breadcrumb":{"@id":"https:\/\/letrame.com\/catalogo\/producto\/hechizo-el-oscuro-misterio-de-africa\/#breadcrumb"},"inLanguage":"es","potentialAction":[{"@type":"ReadAction","target":["https:\/\/letrame.com\/catalogo\/producto\/hechizo-el-oscuro-misterio-de-africa\/"]}]},{"@type":"ImageObject","inLanguage":"es","@id":"https:\/\/letrame.com\/catalogo\/producto\/hechizo-el-oscuro-misterio-de-africa\/#primaryimage","url":"https:\/\/letrame.com\/catalogo\/wp-content\/uploads\/2025\/12\/Hechizoeloscuromisterio_5.85mm4.jpg","contentUrl":"https:\/\/letrame.com\/catalogo\/wp-content\/uploads\/2025\/12\/Hechizoeloscuromisterio_5.85mm4.jpg","width":1594,"height":2303},{"@type":"BreadcrumbList","@id":"https:\/\/letrame.com\/catalogo\/producto\/hechizo-el-oscuro-misterio-de-africa\/#breadcrumb","itemListElement":[{"@type":"ListItem","position":1,"name":"Portada","item":"https:\/\/letrame.com\/catalogo\/"},{"@type":"ListItem","position":2,"name":"Cat\u00e1logo","item":"https:\/\/letrame.com\/catalogo\/"},{"@type":"ListItem","position":3,"name":"Hechizo, El oscuro misterio de Africa"}]},{"@type":"WebSite","@id":"https:\/\/letrame.com\/catalogo\/#website","url":"https:\/\/letrame.com\/catalogo\/","name":"Catalogo | Letrame Grupo Editorial","description":"","publisher":{"@id":"https:\/\/letrame.com\/catalogo\/#organization"},"potentialAction":[{"@type":"SearchAction","target":{"@type":"EntryPoint","urlTemplate":"https:\/\/letrame.com\/catalogo\/?s={search_term_string}"},"query-input":{"@type":"PropertyValueSpecification","valueRequired":true,"valueName":"search_term_string"}}],"inLanguage":"es"},{"@type":"Organization","@id":"https:\/\/letrame.com\/catalogo\/#organization","name":"Catalogo | Letrame Grupo Editorial","url":"https:\/\/letrame.com\/catalogo\/","logo":{"@type":"ImageObject","inLanguage":"es","@id":"https:\/\/letrame.com\/catalogo\/#\/schema\/logo\/image\/","url":"https:\/\/letrame.com\/catalogo\/wp-content\/uploads\/2024\/03\/logo2.webp","contentUrl":"https:\/\/letrame.com\/catalogo\/wp-content\/uploads\/2024\/03\/logo2.webp","width":394,"height":128,"caption":"Catalogo | Letrame Grupo Editorial"},"image":{"@id":"https:\/\/letrame.com\/catalogo\/#\/schema\/logo\/image\/"}}]}},"_links":{"self":[{"href":"https:\/\/letrame.com\/catalogo\/wp-json\/wp\/v2\/product\/110618","targetHints":{"allow":["GET"]}}],"collection":[{"href":"https:\/\/letrame.com\/catalogo\/wp-json\/wp\/v2\/product"}],"about":[{"href":"https:\/\/letrame.com\/catalogo\/wp-json\/wp\/v2\/types\/product"}],"replies":[{"embeddable":true,"href":"https:\/\/letrame.com\/catalogo\/wp-json\/wp\/v2\/comments?post=110618"}],"acf:post":[{"embeddable":true,"href":"https:\/\/letrame.com\/catalogo\/wp-json\/wp\/v2\/author_book\/110617"}],"wp:featuredmedia":[{"embeddable":true,"href":"https:\/\/letrame.com\/catalogo\/wp-json\/wp\/v2\/media\/110620"}],"wp:attachment":[{"href":"https:\/\/letrame.com\/catalogo\/wp-json\/wp\/v2\/media?parent=110618"}],"wp:term":[{"taxonomy":"libro","embeddable":true,"href":"https:\/\/letrame.com\/catalogo\/wp-json\/wp\/v2\/libro?post=110618"},{"taxonomy":"product_brand","embeddable":true,"href":"https:\/\/letrame.com\/catalogo\/wp-json\/wp\/v2\/product_brand?post=110618"},{"taxonomy":"product_cat","embeddable":true,"href":"https:\/\/letrame.com\/catalogo\/wp-json\/wp\/v2\/product_cat?post=110618"},{"taxonomy":"product_tag","embeddable":true,"href":"https:\/\/letrame.com\/catalogo\/wp-json\/wp\/v2\/product_tag?post=110618"}],"curies":[{"name":"wp","href":"https:\/\/api.w.org\/{rel}","templated":true}]}}