{"id":110612,"date":"2025-12-30T14:40:09","date_gmt":"2025-12-30T13:40:09","guid":{"rendered":"https:\/\/letrame.com\/catalogo\/?post_type=product&#038;p=110612"},"modified":"2025-12-30T14:40:09","modified_gmt":"2025-12-30T13:40:09","slug":"mas-alla-de-tus-limites","status":"publish","type":"product","link":"https:\/\/letrame.com\/catalogo\/producto\/mas-alla-de-tus-limites\/","title":{"rendered":"M\u00e1s all\u00e1 de tus l\u00edmites"},"content":{"rendered":"<p class=\"p1\"><b>ISBN: <\/b>979-13-7012-044-3<\/p>\n<p class=\"p1\"><b>T\u00edtulo:\u00a0<\/b>M\u00e1s all\u00e1 de tus l\u00edmites<br \/>\n<b>Fecha:\u00a0<\/b>2025<br \/>\n<b>P\u00e1ginas:\u00a0<\/b>104<b><\/b><\/p>\n<p class=\"p1\"><b>SINOPSIS<\/b><\/p>\n<p>\u00bfAlguna vez te has sentido atrapado en la rutina, a pesar de tus logros? \u00bfTe has encontrado buscando algo m\u00e1s, sin saber qu\u00e9 es, pero sintiendo que hay algo que debe cambiar? M\u00e1s all\u00e1 de tus limites es un viaje de autoconocimiento, transformaci\u00f3n y acci\u00f3n hacia una vida alineada con tu prop\u00f3sito.<br \/>\nEn este libro, Angela Mu\u00f1oz comparte su historia personal: una carrera exitosa a temprana edad, seguida de una profunda crisis existencial. Fue en ese momento de vac\u00edo que decidi\u00f3 cambiar de rumbo y empezar a buscar respuestas fuera de la estructura tradicional. Su prop\u00f3sito se redefini\u00f3, y con ello, una serie de principios transformadores que le permitieron alcanzar una vida m\u00e1s plena y satisfactoria.<br \/>\nA trav\u00e9s de ocho claves pr\u00e1cticas, M\u00e1s all\u00e1 de tus l\u00edmites te invita a dar un salto cu\u00e1ntico en tu vida personal y profesional. Desde aprender a crear un contexto de poder, hasta transformar tu mentalidad y convertirte en un facilitador del progreso, este libro te brinda herramientas poderosas para romper con patrones limitantes y avanzar hacia una vida llena de prop\u00f3sito y \u00e9xito aut\u00e9ntico.<br \/>\nSi est\u00e1s listo para tomar las riendas de tu vida, este libro ser\u00e1 el punto de inflexi\u00f3n que has estado esperando. No solo se trata de aprender nuevas estrategias; se trata de vivirlas, enfrentando tus miedos, adoptando una mentalidad de crecimiento y, sobre todo, sirviendo a los dem\u00e1s desde lo m\u00e1s profundo de tu ser.<br \/>\nPorque al final, cuanto m\u00e1s das, m\u00e1s puedes dar.<\/p>\n","protected":false},"excerpt":{"rendered":"<p class=\"p1\"><b>ISBN: <\/b>979-13-7012-044-3<\/p>\n<p class=\"p1\"><b>SINOPSIS<\/b><\/p>\n<p>\u00bfAlguna vez te has sentido atrapado en la rutina, a pesar de tus logros? \u00bfTe has encontrado buscando algo m\u00e1s, sin saber qu\u00e9 es, pero sintiendo que hay algo que debe cambiar? M\u00e1s all\u00e1 de tus limites es un viaje de autoconocimiento, transformaci\u00f3n y acci\u00f3n hacia una vida alineada con tu prop\u00f3sito.<br \/>\nEn este libro, Angela Mu\u00f1oz comparte su historia personal: una carrera exitosa a temprana edad, seguida de una profunda crisis existencial. Fue en ese momento de vac\u00edo que decidi\u00f3 cambiar de rumbo y empezar a buscar respuestas fuera de la estructura tradicional. Su prop\u00f3sito se redefini\u00f3, y con ello, una serie de principios transformadores que le permitieron alcanzar una vida m\u00e1s plena y satisfactoria.<br \/>\nA trav\u00e9s de ocho claves pr\u00e1cticas, M\u00e1s all\u00e1 de tus l\u00edmites te invita a dar un salto cu\u00e1ntico en tu vida personal y profesional. Desde aprender a crear un contexto de poder, hasta transformar tu mentalidad y convertirte en un facilitador del progreso, este libro te brinda herramientas poderosas para romper con patrones limitantes y avanzar hacia una vida llena de prop\u00f3sito y \u00e9xito aut\u00e9ntico.<br \/>\nSi est\u00e1s listo para tomar las riendas de tu vida, este libro ser\u00e1 el punto de inflexi\u00f3n que has estado esperando. No solo se trata de aprender nuevas estrategias; se trata de vivirlas, enfrentando tus miedos, adoptando una mentalidad de crecimiento y, sobre todo, sirviendo a los dem\u00e1s desde lo m\u00e1s profundo de tu ser.<br \/>\nPorque al final, cuanto m\u00e1s das, m\u00e1s puedes dar.<\/p>\n","protected":false},"featured_media":110615,"comment_status":"open","ping_status":"closed","template":"","meta":{"_acf_changed":false},"libro":[],"product_brand":[],"product_cat":[18],"product_tag":[],"class_list":{"0":"post-110612","1":"product","2":"type-product","3":"status-publish","4":"has-post-thumbnail","6":"product_cat-autoayuda","8":"first","9":"instock","10":"shipping-taxable","11":"product-type-simple"},"acf":{"autor":[110613],"enlace_de_compra":"https:\/\/www.amazon.es\/M%C3%A1s-all%C3%A1-tus-l%C3%ADmites-Autoayuda\/dp\/B0FGTB82PW\/ref=sr_1_1?__mk_es_ES=%C3%85M%C3%85%C5%BD%C3%95%C3%91&crid=2IBYP7QDO9ZMG&dib=eyJ2IjoiMSJ9.h2igRi5nmoAc61rjqFwDVxipbxvEalGrKgzXax8nVyoLVlu1lrib9u6DPwT7rvwNlNeeOWsyruDLpI-We-7mxooli8f9HDN8iwxF4Wqbx_M.l1qLvhSOx9ywMzu3aXpNJKT-84ibXO2rCKkTAJwNbp4&dib_tag=se&keywords=M%C3%A1s+all%C3%A1+de+tus+l%C3%ADmites&qid=1767099862&sprefix=m%C3%A1s+all%C3%A1+de+tus+l%C3%ADmites%2Caps%2C241&sr=8-1"},"yoast_head":"<!-- This site is optimized with the Yoast SEO plugin v27.4 - https:\/\/yoast.com\/product\/yoast-seo-wordpress\/ -->\n<title>M\u00e1s all\u00e1 de tus l\u00edmites - Catalogo | Letrame Grupo Editorial<\/title>\n<meta name=\"robots\" content=\"index, follow, max-snippet:-1, max-image-preview:large, max-video-preview:-1\" \/>\n<link rel=\"canonical\" href=\"https:\/\/letrame.com\/catalogo\/producto\/mas-alla-de-tus-limites\/\" \/>\n<meta property=\"og:locale\" content=\"es_ES\" \/>\n<meta property=\"og:type\" content=\"article\" \/>\n<meta property=\"og:title\" content=\"M\u00e1s all\u00e1 de tus l\u00edmites - Catalogo | Letrame Grupo Editorial\" \/>\n<meta property=\"og:description\" content=\"ISBN: 979-13-7012-044-3 SINOPSIS \u00bfAlguna vez te has sentido atrapado en la rutina, a pesar de tus logros? \u00bfTe has encontrado buscando algo m\u00e1s, sin saber qu\u00e9 es, pero sintiendo que hay algo que debe cambiar? M\u00e1s all\u00e1 de tus limites es un viaje de autoconocimiento, transformaci\u00f3n y acci\u00f3n hacia una vida alineada con tu prop\u00f3sito. En este libro, Angela Mu\u00f1oz comparte su historia personal: una carrera exitosa a temprana edad, seguida de una profunda crisis existencial. Fue en ese momento de vac\u00edo que decidi\u00f3 cambiar de rumbo y empezar a buscar respuestas fuera de la estructura tradicional. Su prop\u00f3sito se redefini\u00f3, y con ello, una serie de principios transformadores que le permitieron alcanzar una vida m\u00e1s plena y satisfactoria. A trav\u00e9s de ocho claves pr\u00e1cticas, M\u00e1s all\u00e1 de tus l\u00edmites te invita a dar un salto cu\u00e1ntico en tu vida personal y profesional. Desde aprender a crear un contexto de poder, hasta transformar tu mentalidad y convertirte en un facilitador del progreso, este libro te brinda herramientas poderosas para romper con patrones limitantes y avanzar hacia una vida llena de prop\u00f3sito y \u00e9xito aut\u00e9ntico. Si est\u00e1s listo para tomar las riendas de tu vida, este libro ser\u00e1 el punto de inflexi\u00f3n que has estado esperando. No solo se trata de aprender nuevas estrategias; se trata de vivirlas, enfrentando tus miedos, adoptando una mentalidad de crecimiento y, sobre todo, sirviendo a los dem\u00e1s desde lo m\u00e1s profundo de tu ser. Porque al final, cuanto m\u00e1s das, m\u00e1s puedes dar.\" \/>\n<meta property=\"og:url\" content=\"https:\/\/letrame.com\/catalogo\/producto\/mas-alla-de-tus-limites\/\" \/>\n<meta property=\"og:site_name\" content=\"Catalogo | Letrame Grupo Editorial\" \/>\n<meta property=\"og:image\" content=\"https:\/\/letrame.com\/catalogo\/wp-content\/uploads\/2025\/12\/masalladetuslimites_587mm4.jpg\" \/>\n\t<meta property=\"og:image:width\" content=\"1748\" \/>\n\t<meta property=\"og:image:height\" content=\"2480\" \/>\n\t<meta property=\"og:image:type\" content=\"image\/jpeg\" \/>\n<meta name=\"twitter:card\" content=\"summary_large_image\" \/>\n<meta name=\"twitter:label1\" content=\"Tiempo de lectura\" \/>\n\t<meta name=\"twitter:data1\" content=\"2 minutos\" \/>\n<script type=\"application\/ld+json\" class=\"yoast-schema-graph\">{\"@context\":\"https:\\\/\\\/schema.org\",\"@graph\":[{\"@type\":\"WebPage\",\"@id\":\"https:\\\/\\\/letrame.com\\\/catalogo\\\/producto\\\/mas-alla-de-tus-limites\\\/\",\"url\":\"https:\\\/\\\/letrame.com\\\/catalogo\\\/producto\\\/mas-alla-de-tus-limites\\\/\",\"name\":\"M\u00e1s all\u00e1 de tus l\u00edmites - Catalogo | Letrame Grupo Editorial\",\"isPartOf\":{\"@id\":\"https:\\\/\\\/letrame.com\\\/catalogo\\\/#website\"},\"primaryImageOfPage\":{\"@id\":\"https:\\\/\\\/letrame.com\\\/catalogo\\\/producto\\\/mas-alla-de-tus-limites\\\/#primaryimage\"},\"image\":{\"@id\":\"https:\\\/\\\/letrame.com\\\/catalogo\\\/producto\\\/mas-alla-de-tus-limites\\\/#primaryimage\"},\"thumbnailUrl\":\"https:\\\/\\\/letrame.com\\\/catalogo\\\/wp-content\\\/uploads\\\/2025\\\/12\\\/masalladetuslimites_587mm4.jpg\",\"datePublished\":\"2025-12-30T13:40:09+00:00\",\"breadcrumb\":{\"@id\":\"https:\\\/\\\/letrame.com\\\/catalogo\\\/producto\\\/mas-alla-de-tus-limites\\\/#breadcrumb\"},\"inLanguage\":\"es\",\"potentialAction\":[{\"@type\":\"ReadAction\",\"target\":[\"https:\\\/\\\/letrame.com\\\/catalogo\\\/producto\\\/mas-alla-de-tus-limites\\\/\"]}]},{\"@type\":\"ImageObject\",\"inLanguage\":\"es\",\"@id\":\"https:\\\/\\\/letrame.com\\\/catalogo\\\/producto\\\/mas-alla-de-tus-limites\\\/#primaryimage\",\"url\":\"https:\\\/\\\/letrame.com\\\/catalogo\\\/wp-content\\\/uploads\\\/2025\\\/12\\\/masalladetuslimites_587mm4.jpg\",\"contentUrl\":\"https:\\\/\\\/letrame.com\\\/catalogo\\\/wp-content\\\/uploads\\\/2025\\\/12\\\/masalladetuslimites_587mm4.jpg\",\"width\":1748,\"height\":2480},{\"@type\":\"BreadcrumbList\",\"@id\":\"https:\\\/\\\/letrame.com\\\/catalogo\\\/producto\\\/mas-alla-de-tus-limites\\\/#breadcrumb\",\"itemListElement\":[{\"@type\":\"ListItem\",\"position\":1,\"name\":\"Portada\",\"item\":\"https:\\\/\\\/letrame.com\\\/catalogo\\\/\"},{\"@type\":\"ListItem\",\"position\":2,\"name\":\"Cat\u00e1logo\",\"item\":\"https:\\\/\\\/letrame.com\\\/catalogo\\\/\"},{\"@type\":\"ListItem\",\"position\":3,\"name\":\"M\u00e1s all\u00e1 de tus l\u00edmites\"}]},{\"@type\":\"WebSite\",\"@id\":\"https:\\\/\\\/letrame.com\\\/catalogo\\\/#website\",\"url\":\"https:\\\/\\\/letrame.com\\\/catalogo\\\/\",\"name\":\"Catalogo | Letrame Grupo Editorial\",\"description\":\"\",\"publisher\":{\"@id\":\"https:\\\/\\\/letrame.com\\\/catalogo\\\/#organization\"},\"potentialAction\":[{\"@type\":\"SearchAction\",\"target\":{\"@type\":\"EntryPoint\",\"urlTemplate\":\"https:\\\/\\\/letrame.com\\\/catalogo\\\/?s={search_term_string}\"},\"query-input\":{\"@type\":\"PropertyValueSpecification\",\"valueRequired\":true,\"valueName\":\"search_term_string\"}}],\"inLanguage\":\"es\"},{\"@type\":\"Organization\",\"@id\":\"https:\\\/\\\/letrame.com\\\/catalogo\\\/#organization\",\"name\":\"Catalogo | Letrame Grupo Editorial\",\"url\":\"https:\\\/\\\/letrame.com\\\/catalogo\\\/\",\"logo\":{\"@type\":\"ImageObject\",\"inLanguage\":\"es\",\"@id\":\"https:\\\/\\\/letrame.com\\\/catalogo\\\/#\\\/schema\\\/logo\\\/image\\\/\",\"url\":\"https:\\\/\\\/letrame.com\\\/catalogo\\\/wp-content\\\/uploads\\\/2024\\\/03\\\/logo2.webp\",\"contentUrl\":\"https:\\\/\\\/letrame.com\\\/catalogo\\\/wp-content\\\/uploads\\\/2024\\\/03\\\/logo2.webp\",\"width\":394,\"height\":128,\"caption\":\"Catalogo | Letrame Grupo Editorial\"},\"image\":{\"@id\":\"https:\\\/\\\/letrame.com\\\/catalogo\\\/#\\\/schema\\\/logo\\\/image\\\/\"}}]}<\/script>\n<!-- \/ Yoast SEO plugin. -->","yoast_head_json":{"title":"M\u00e1s all\u00e1 de tus l\u00edmites - Catalogo | Letrame Grupo Editorial","robots":{"index":"index","follow":"follow","max-snippet":"max-snippet:-1","max-image-preview":"max-image-preview:large","max-video-preview":"max-video-preview:-1"},"canonical":"https:\/\/letrame.com\/catalogo\/producto\/mas-alla-de-tus-limites\/","og_locale":"es_ES","og_type":"article","og_title":"M\u00e1s all\u00e1 de tus l\u00edmites - Catalogo | Letrame Grupo Editorial","og_description":"ISBN: 979-13-7012-044-3 SINOPSIS \u00bfAlguna vez te has sentido atrapado en la rutina, a pesar de tus logros? \u00bfTe has encontrado buscando algo m\u00e1s, sin saber qu\u00e9 es, pero sintiendo que hay algo que debe cambiar? M\u00e1s all\u00e1 de tus limites es un viaje de autoconocimiento, transformaci\u00f3n y acci\u00f3n hacia una vida alineada con tu prop\u00f3sito. En este libro, Angela Mu\u00f1oz comparte su historia personal: una carrera exitosa a temprana edad, seguida de una profunda crisis existencial. Fue en ese momento de vac\u00edo que decidi\u00f3 cambiar de rumbo y empezar a buscar respuestas fuera de la estructura tradicional. Su prop\u00f3sito se redefini\u00f3, y con ello, una serie de principios transformadores que le permitieron alcanzar una vida m\u00e1s plena y satisfactoria. A trav\u00e9s de ocho claves pr\u00e1cticas, M\u00e1s all\u00e1 de tus l\u00edmites te invita a dar un salto cu\u00e1ntico en tu vida personal y profesional. Desde aprender a crear un contexto de poder, hasta transformar tu mentalidad y convertirte en un facilitador del progreso, este libro te brinda herramientas poderosas para romper con patrones limitantes y avanzar hacia una vida llena de prop\u00f3sito y \u00e9xito aut\u00e9ntico. Si est\u00e1s listo para tomar las riendas de tu vida, este libro ser\u00e1 el punto de inflexi\u00f3n que has estado esperando. No solo se trata de aprender nuevas estrategias; se trata de vivirlas, enfrentando tus miedos, adoptando una mentalidad de crecimiento y, sobre todo, sirviendo a los dem\u00e1s desde lo m\u00e1s profundo de tu ser. Porque al final, cuanto m\u00e1s das, m\u00e1s puedes dar.","og_url":"https:\/\/letrame.com\/catalogo\/producto\/mas-alla-de-tus-limites\/","og_site_name":"Catalogo | Letrame Grupo Editorial","og_image":[{"width":1748,"height":2480,"url":"https:\/\/letrame.com\/catalogo\/wp-content\/uploads\/2025\/12\/masalladetuslimites_587mm4.jpg","type":"image\/jpeg"}],"twitter_card":"summary_large_image","twitter_misc":{"Tiempo de lectura":"2 minutos"},"schema":{"@context":"https:\/\/schema.org","@graph":[{"@type":"WebPage","@id":"https:\/\/letrame.com\/catalogo\/producto\/mas-alla-de-tus-limites\/","url":"https:\/\/letrame.com\/catalogo\/producto\/mas-alla-de-tus-limites\/","name":"M\u00e1s all\u00e1 de tus l\u00edmites - Catalogo | Letrame Grupo Editorial","isPartOf":{"@id":"https:\/\/letrame.com\/catalogo\/#website"},"primaryImageOfPage":{"@id":"https:\/\/letrame.com\/catalogo\/producto\/mas-alla-de-tus-limites\/#primaryimage"},"image":{"@id":"https:\/\/letrame.com\/catalogo\/producto\/mas-alla-de-tus-limites\/#primaryimage"},"thumbnailUrl":"https:\/\/letrame.com\/catalogo\/wp-content\/uploads\/2025\/12\/masalladetuslimites_587mm4.jpg","datePublished":"2025-12-30T13:40:09+00:00","breadcrumb":{"@id":"https:\/\/letrame.com\/catalogo\/producto\/mas-alla-de-tus-limites\/#breadcrumb"},"inLanguage":"es","potentialAction":[{"@type":"ReadAction","target":["https:\/\/letrame.com\/catalogo\/producto\/mas-alla-de-tus-limites\/"]}]},{"@type":"ImageObject","inLanguage":"es","@id":"https:\/\/letrame.com\/catalogo\/producto\/mas-alla-de-tus-limites\/#primaryimage","url":"https:\/\/letrame.com\/catalogo\/wp-content\/uploads\/2025\/12\/masalladetuslimites_587mm4.jpg","contentUrl":"https:\/\/letrame.com\/catalogo\/wp-content\/uploads\/2025\/12\/masalladetuslimites_587mm4.jpg","width":1748,"height":2480},{"@type":"BreadcrumbList","@id":"https:\/\/letrame.com\/catalogo\/producto\/mas-alla-de-tus-limites\/#breadcrumb","itemListElement":[{"@type":"ListItem","position":1,"name":"Portada","item":"https:\/\/letrame.com\/catalogo\/"},{"@type":"ListItem","position":2,"name":"Cat\u00e1logo","item":"https:\/\/letrame.com\/catalogo\/"},{"@type":"ListItem","position":3,"name":"M\u00e1s all\u00e1 de tus l\u00edmites"}]},{"@type":"WebSite","@id":"https:\/\/letrame.com\/catalogo\/#website","url":"https:\/\/letrame.com\/catalogo\/","name":"Catalogo | Letrame Grupo Editorial","description":"","publisher":{"@id":"https:\/\/letrame.com\/catalogo\/#organization"},"potentialAction":[{"@type":"SearchAction","target":{"@type":"EntryPoint","urlTemplate":"https:\/\/letrame.com\/catalogo\/?s={search_term_string}"},"query-input":{"@type":"PropertyValueSpecification","valueRequired":true,"valueName":"search_term_string"}}],"inLanguage":"es"},{"@type":"Organization","@id":"https:\/\/letrame.com\/catalogo\/#organization","name":"Catalogo | Letrame Grupo Editorial","url":"https:\/\/letrame.com\/catalogo\/","logo":{"@type":"ImageObject","inLanguage":"es","@id":"https:\/\/letrame.com\/catalogo\/#\/schema\/logo\/image\/","url":"https:\/\/letrame.com\/catalogo\/wp-content\/uploads\/2024\/03\/logo2.webp","contentUrl":"https:\/\/letrame.com\/catalogo\/wp-content\/uploads\/2024\/03\/logo2.webp","width":394,"height":128,"caption":"Catalogo | Letrame Grupo Editorial"},"image":{"@id":"https:\/\/letrame.com\/catalogo\/#\/schema\/logo\/image\/"}}]}},"_links":{"self":[{"href":"https:\/\/letrame.com\/catalogo\/wp-json\/wp\/v2\/product\/110612","targetHints":{"allow":["GET"]}}],"collection":[{"href":"https:\/\/letrame.com\/catalogo\/wp-json\/wp\/v2\/product"}],"about":[{"href":"https:\/\/letrame.com\/catalogo\/wp-json\/wp\/v2\/types\/product"}],"replies":[{"embeddable":true,"href":"https:\/\/letrame.com\/catalogo\/wp-json\/wp\/v2\/comments?post=110612"}],"acf:post":[{"embeddable":true,"href":"https:\/\/letrame.com\/catalogo\/wp-json\/wp\/v2\/author_book\/110613"}],"wp:featuredmedia":[{"embeddable":true,"href":"https:\/\/letrame.com\/catalogo\/wp-json\/wp\/v2\/media\/110615"}],"wp:attachment":[{"href":"https:\/\/letrame.com\/catalogo\/wp-json\/wp\/v2\/media?parent=110612"}],"wp:term":[{"taxonomy":"libro","embeddable":true,"href":"https:\/\/letrame.com\/catalogo\/wp-json\/wp\/v2\/libro?post=110612"},{"taxonomy":"product_brand","embeddable":true,"href":"https:\/\/letrame.com\/catalogo\/wp-json\/wp\/v2\/product_brand?post=110612"},{"taxonomy":"product_cat","embeddable":true,"href":"https:\/\/letrame.com\/catalogo\/wp-json\/wp\/v2\/product_cat?post=110612"},{"taxonomy":"product_tag","embeddable":true,"href":"https:\/\/letrame.com\/catalogo\/wp-json\/wp\/v2\/product_tag?post=110612"}],"curies":[{"name":"wp","href":"https:\/\/api.w.org\/{rel}","templated":true}]}}