{"id":110601,"date":"2025-12-29T16:30:47","date_gmt":"2025-12-29T15:30:47","guid":{"rendered":"https:\/\/letrame.com\/catalogo\/?post_type=product&#038;p=110601"},"modified":"2025-12-29T16:30:47","modified_gmt":"2025-12-29T15:30:47","slug":"cuentos-breves-para-una-larga-espera","status":"publish","type":"product","link":"https:\/\/letrame.com\/catalogo\/producto\/cuentos-breves-para-una-larga-espera\/","title":{"rendered":"Cuentos breves para una larga espera"},"content":{"rendered":"<p class=\"p1\"><b>ISBN:\u00a0<\/b>979-13-7012-309-3<\/p>\n<p class=\"p1\"><b>T\u00edtulo:\u00a0<\/b>Cuentos breves para una larga espera<br \/>\n<b>Fecha:\u00a0<\/b>2025<br \/>\n<b>P\u00e1ginas:\u00a0<\/b>154<b><\/b><\/p>\n<p class=\"p1\"><b>SINOPSIS<\/b><\/p>\n<p><span class=\"a-text-italic\">Cuentos breves para una larga espera<\/span>\u00a0surge de muchas interrogantes que exploran la seducci\u00f3n humana por relatar historias. Esa ancestral inquietud la puedo sintetizar en tres preguntas: \u00bfQu\u00e9 fuerzas inspiradoras permiten crear, sentir y narrar escenas cautivantes de situaciones que jam\u00e1s hemos vivido? \u00bfPor qu\u00e9 algunas experiencias cotidianas se convierten en recuerdos inolvidables? \u00bfCu\u00e1l es la explicaci\u00f3n l\u00f3gica para que numerosas historias ajenas queden entre nosotros como si hubi\u00e9semos sido testigos de excepci\u00f3n?<\/p>\n<p>Quiz\u00e1s la respuesta \u00fanica la encontramos al descubrir que los humanos albergamos tres vidas paralelas: la p\u00fablica, la familiar y la secreta. La m\u00e1s honesta es la \u00faltima, pues en ella habitan las fantas\u00edas.<\/p>\n<p>Confieso que fue esta b\u00fasqueda la que me inspir\u00f3 a escribir\u00a0<span class=\"a-text-italic\">Cuentos breves para una larga espera<\/span>. M\u00e1s a\u00fan, lo hice con el prop\u00f3sito de convertir este libro en un compa\u00f1ero de viaje. Un amigo imaginario que nutre traves\u00edas interminables; ya sea al lado de una estrecha butaca de avi\u00f3n, en el puesto contiguo de un destartalado autob\u00fas, como vecino en un tren de alta velocidad o de camarero en un oscilante ferri. Las historias de este acompa\u00f1ante permitir\u00e1n que t\u00fa puedas mirar por la ventana a otro universo de posibilidades. Un mundo m\u00e1s reflexivo, entre bosques con divertida calma, por el paso de puentes sobre r\u00edos limpios que nunca se secan, serpenteando la costa de un mar sereno o haciendo escala en pueblos habitados por seres inmunes \u2018al qu\u00e9 dir\u00e1n\u2019.<\/p>\n<p>En las pr\u00f3ximas p\u00e1ginas no hay reglas establecidas. Tampoco hay orden. Abre el libro en cualquier relato y d\u00e9jate llevar. Cada uno tiene vida propia, pero todos comparten la magia de lo cotidiano y la esencia de momentos simples que se vuelven perdurables. Adem\u00e1s, me complace indicar que diez de estos textos fueron publicados, recientemente, en antolog\u00edas y ediciones literarias. Sus t\u00edtulos est\u00e1n marcados con unos asteriscos.<\/p>\n<p>En las narraciones que vienen, la iron\u00eda de una situaci\u00f3n com\u00fan o la profundidad de un pensamiento fugaz se convierten en escenarios para desencadenar sonrisas y, quiz\u00e1s, alguna que otra carcajada liberadora. Pero no te enga\u00f1es, esta obra es mucho m\u00e1s que un compendio de humor. En realidad, es un par\u00e9ntesis de alivio con el prop\u00f3sito de alejar las angustias de un ambiente h\u00edper-informativo, que, en frecuentes ocasiones, es deliberadamente t\u00f3xico.<\/p>\n<p>Transmutar un instante simple en algo inolvidable requiere de mucha voluntad y observaci\u00f3n. Por fortuna, el misterio para concebirlo se resuelve, de modo s\u00fabito, cuando uno se inspira a trav\u00e9s del agradecimiento.<\/p>\n<p>Bienvenido a esta aventura. Disfruta de estos cuentos y ensayos breves, los cuales har\u00e1n que tu larga espera sea un momento fascinante.<\/p>\n","protected":false},"excerpt":{"rendered":"<p class=\"p1\"><b>ISBN:\u00a0<\/b>979-13-7012-309-3<\/p>\n<p class=\"p1\"><b>SINOPSIS<\/b><\/p>\n<p><span class=\"a-text-italic\">Cuentos breves para una larga espera<\/span>\u00a0surge de muchas interrogantes que exploran la seducci\u00f3n humana por relatar historias. Esa ancestral inquietud la puedo sintetizar en tres preguntas: \u00bfQu\u00e9 fuerzas inspiradoras permiten crear, sentir y narrar escenas cautivantes de situaciones que jam\u00e1s hemos vivido? \u00bfPor qu\u00e9 algunas experiencias cotidianas se convierten en recuerdos inolvidables? \u00bfCu\u00e1l es la explicaci\u00f3n l\u00f3gica para que numerosas historias ajenas queden entre nosotros como si hubi\u00e9semos sido testigos de excepci\u00f3n?<\/p>\n<p>Quiz\u00e1s la respuesta \u00fanica la encontramos al descubrir que los humanos albergamos tres vidas paralelas: la p\u00fablica, la familiar y la secreta. La m\u00e1s honesta es la \u00faltima, pues en ella habitan las fantas\u00edas.<\/p>\n<p>Confieso que fue esta b\u00fasqueda la que me inspir\u00f3 a escribir\u00a0<span class=\"a-text-italic\">Cuentos breves para una larga espera<\/span>. M\u00e1s a\u00fan, lo hice con el prop\u00f3sito de convertir este libro en un compa\u00f1ero de viaje. Un amigo imaginario que nutre traves\u00edas interminables; ya sea al lado de una estrecha butaca de avi\u00f3n, en el puesto contiguo de un destartalado autob\u00fas, como vecino en un tren de alta velocidad o de camarero en un oscilante ferri. Las historias de este acompa\u00f1ante permitir\u00e1n que t\u00fa puedas mirar por la ventana a otro universo de posibilidades. Un mundo m\u00e1s reflexivo, entre bosques con divertida calma, por el paso de puentes sobre r\u00edos limpios que nunca se secan, serpenteando la costa de un mar sereno o haciendo escala en pueblos habitados por seres inmunes \u2018al qu\u00e9 dir\u00e1n\u2019.<\/p>\n<p>En las pr\u00f3ximas p\u00e1ginas no hay reglas establecidas. Tampoco hay orden. Abre el libro en cualquier relato y d\u00e9jate llevar. Cada uno tiene vida propia, pero todos comparten la magia de lo cotidiano y la esencia de momentos simples que se vuelven perdurables. Adem\u00e1s, me complace indicar que diez de estos textos fueron publicados, recientemente, en antolog\u00edas y ediciones literarias. Sus t\u00edtulos est\u00e1n marcados con unos asteriscos.<\/p>\n<p>En las narraciones que vienen, la iron\u00eda de una situaci\u00f3n com\u00fan o la profundidad de un pensamiento fugaz se convierten en escenarios para desencadenar sonrisas y, quiz\u00e1s, alguna que otra carcajada liberadora. Pero no te enga\u00f1es, esta obra es mucho m\u00e1s que un compendio de humor. En realidad, es un par\u00e9ntesis de alivio con el prop\u00f3sito de alejar las angustias de un ambiente h\u00edper-informativo, que, en frecuentes ocasiones, es deliberadamente t\u00f3xico.<\/p>\n<p>Transmutar un instante simple en algo inolvidable requiere de mucha voluntad y observaci\u00f3n. Por fortuna, el misterio para concebirlo se resuelve, de modo s\u00fabito, cuando uno se inspira a trav\u00e9s del agradecimiento.<\/p>\n<p>Bienvenido a esta aventura. Disfruta de estos cuentos y ensayos breves, los cuales har\u00e1n que tu larga espera sea un momento fascinante.<\/p>\n","protected":false},"featured_media":110602,"comment_status":"open","ping_status":"closed","template":"","meta":{"_acf_changed":false},"libro":[],"product_brand":[],"product_cat":[139],"product_tag":[],"class_list":{"0":"post-110601","1":"product","2":"type-product","3":"status-publish","4":"has-post-thumbnail","6":"product_cat-humor","8":"first","9":"instock","10":"shipping-taxable","11":"product-type-simple"},"acf":{"autor":[75213],"enlace_de_compra":"https:\/\/www.amazon.es\/Cuentos-breves-para-larga-espera\/dp\/B0F9VKT4TS\/ref=sr_1_1?__mk_es_ES=%C3%85M%C3%85%C5%BD%C3%95%C3%91&crid=2G8T3QMY577UF&dib=eyJ2IjoiMSJ9.9JECzSn6kGkCfYWLHac8ag.F0Rss7gmwbhMxMtvmHxi7iIAh23pryJsERbkduhigI4&dib_tag=se&keywords=Cuentos+breves+para+una+larga+espera&qid=1767022047&sprefix=cuentos+breves+para+una+larga+espera+%2Caps%2C477&sr=8-1"},"yoast_head":"<!-- This site is optimized with the Yoast SEO plugin v27.4 - https:\/\/yoast.com\/product\/yoast-seo-wordpress\/ -->\n<title>Cuentos breves para una larga espera - Catalogo | Letrame Grupo Editorial<\/title>\n<meta name=\"robots\" content=\"index, follow, max-snippet:-1, max-image-preview:large, max-video-preview:-1\" \/>\n<link rel=\"canonical\" href=\"https:\/\/letrame.com\/catalogo\/producto\/cuentos-breves-para-una-larga-espera\/\" \/>\n<meta property=\"og:locale\" content=\"es_ES\" \/>\n<meta property=\"og:type\" content=\"article\" \/>\n<meta property=\"og:title\" content=\"Cuentos breves para una larga espera - Catalogo | Letrame Grupo Editorial\" \/>\n<meta property=\"og:description\" content=\"ISBN:\u00a0979-13-7012-309-3 SINOPSIS Cuentos breves para una larga espera\u00a0surge de muchas interrogantes que exploran la seducci\u00f3n humana por relatar historias. Esa ancestral inquietud la puedo sintetizar en tres preguntas: \u00bfQu\u00e9 fuerzas inspiradoras permiten crear, sentir y narrar escenas cautivantes de situaciones que jam\u00e1s hemos vivido? \u00bfPor qu\u00e9 algunas experiencias cotidianas se convierten en recuerdos inolvidables? \u00bfCu\u00e1l es la explicaci\u00f3n l\u00f3gica para que numerosas historias ajenas queden entre nosotros como si hubi\u00e9semos sido testigos de excepci\u00f3n?  Quiz\u00e1s la respuesta \u00fanica la encontramos al descubrir que los humanos albergamos tres vidas paralelas: la p\u00fablica, la familiar y la secreta. La m\u00e1s honesta es la \u00faltima, pues en ella habitan las fantas\u00edas.  Confieso que fue esta b\u00fasqueda la que me inspir\u00f3 a escribir\u00a0Cuentos breves para una larga espera. M\u00e1s a\u00fan, lo hice con el prop\u00f3sito de convertir este libro en un compa\u00f1ero de viaje. Un amigo imaginario que nutre traves\u00edas interminables; ya sea al lado de una estrecha butaca de avi\u00f3n, en el puesto contiguo de un destartalado autob\u00fas, como vecino en un tren de alta velocidad o de camarero en un oscilante ferri. Las historias de este acompa\u00f1ante permitir\u00e1n que t\u00fa puedas mirar por la ventana a otro universo de posibilidades. Un mundo m\u00e1s reflexivo, entre bosques con divertida calma, por el paso de puentes sobre r\u00edos limpios que nunca se secan, serpenteando la costa de un mar sereno o haciendo escala en pueblos habitados por seres inmunes \u2018al qu\u00e9 dir\u00e1n\u2019.  En las pr\u00f3ximas p\u00e1ginas no hay reglas establecidas. Tampoco hay orden. Abre el libro en cualquier relato y d\u00e9jate llevar. Cada uno tiene vida propia, pero todos comparten la magia de lo cotidiano y la esencia de momentos simples que se vuelven perdurables. Adem\u00e1s, me complace indicar que diez de estos textos fueron publicados, recientemente, en antolog\u00edas y ediciones literarias. Sus t\u00edtulos est\u00e1n marcados con unos asteriscos.  En las narraciones que vienen, la iron\u00eda de una situaci\u00f3n com\u00fan o la profundidad de un pensamiento fugaz se convierten en escenarios para desencadenar sonrisas y, quiz\u00e1s, alguna que otra carcajada liberadora. Pero no te enga\u00f1es, esta obra es mucho m\u00e1s que un compendio de humor. En realidad, es un par\u00e9ntesis de alivio con el prop\u00f3sito de alejar las angustias de un ambiente h\u00edper-informativo, que, en frecuentes ocasiones, es deliberadamente t\u00f3xico.  Transmutar un instante simple en algo inolvidable requiere de mucha voluntad y observaci\u00f3n. Por fortuna, el misterio para concebirlo se resuelve, de modo s\u00fabito, cuando uno se inspira a trav\u00e9s del agradecimiento.  Bienvenido a esta aventura. Disfruta de estos cuentos y ensayos breves, los cuales har\u00e1n que tu larga espera sea un momento fascinante.\" \/>\n<meta property=\"og:url\" content=\"https:\/\/letrame.com\/catalogo\/producto\/cuentos-breves-para-una-larga-espera\/\" \/>\n<meta property=\"og:site_name\" content=\"Catalogo | Letrame Grupo Editorial\" \/>\n<meta property=\"og:image\" content=\"https:\/\/letrame.com\/catalogo\/wp-content\/uploads\/2025\/12\/cuentosbreves_817mm4-scaled.jpg\" \/>\n\t<meta property=\"og:image:width\" content=\"1746\" \/>\n\t<meta property=\"og:image:height\" content=\"2560\" \/>\n\t<meta property=\"og:image:type\" content=\"image\/jpeg\" \/>\n<meta name=\"twitter:card\" content=\"summary_large_image\" \/>\n<meta name=\"twitter:label1\" content=\"Tiempo de lectura\" \/>\n\t<meta name=\"twitter:data1\" content=\"3 minutos\" \/>\n<script type=\"application\/ld+json\" class=\"yoast-schema-graph\">{\"@context\":\"https:\\\/\\\/schema.org\",\"@graph\":[{\"@type\":\"WebPage\",\"@id\":\"https:\\\/\\\/letrame.com\\\/catalogo\\\/producto\\\/cuentos-breves-para-una-larga-espera\\\/\",\"url\":\"https:\\\/\\\/letrame.com\\\/catalogo\\\/producto\\\/cuentos-breves-para-una-larga-espera\\\/\",\"name\":\"Cuentos breves para una larga espera - Catalogo | Letrame Grupo Editorial\",\"isPartOf\":{\"@id\":\"https:\\\/\\\/letrame.com\\\/catalogo\\\/#website\"},\"primaryImageOfPage\":{\"@id\":\"https:\\\/\\\/letrame.com\\\/catalogo\\\/producto\\\/cuentos-breves-para-una-larga-espera\\\/#primaryimage\"},\"image\":{\"@id\":\"https:\\\/\\\/letrame.com\\\/catalogo\\\/producto\\\/cuentos-breves-para-una-larga-espera\\\/#primaryimage\"},\"thumbnailUrl\":\"https:\\\/\\\/letrame.com\\\/catalogo\\\/wp-content\\\/uploads\\\/2025\\\/12\\\/cuentosbreves_817mm4-scaled.jpg\",\"datePublished\":\"2025-12-29T15:30:47+00:00\",\"breadcrumb\":{\"@id\":\"https:\\\/\\\/letrame.com\\\/catalogo\\\/producto\\\/cuentos-breves-para-una-larga-espera\\\/#breadcrumb\"},\"inLanguage\":\"es\",\"potentialAction\":[{\"@type\":\"ReadAction\",\"target\":[\"https:\\\/\\\/letrame.com\\\/catalogo\\\/producto\\\/cuentos-breves-para-una-larga-espera\\\/\"]}]},{\"@type\":\"ImageObject\",\"inLanguage\":\"es\",\"@id\":\"https:\\\/\\\/letrame.com\\\/catalogo\\\/producto\\\/cuentos-breves-para-una-larga-espera\\\/#primaryimage\",\"url\":\"https:\\\/\\\/letrame.com\\\/catalogo\\\/wp-content\\\/uploads\\\/2025\\\/12\\\/cuentosbreves_817mm4-scaled.jpg\",\"contentUrl\":\"https:\\\/\\\/letrame.com\\\/catalogo\\\/wp-content\\\/uploads\\\/2025\\\/12\\\/cuentosbreves_817mm4-scaled.jpg\",\"width\":1746,\"height\":2560},{\"@type\":\"BreadcrumbList\",\"@id\":\"https:\\\/\\\/letrame.com\\\/catalogo\\\/producto\\\/cuentos-breves-para-una-larga-espera\\\/#breadcrumb\",\"itemListElement\":[{\"@type\":\"ListItem\",\"position\":1,\"name\":\"Portada\",\"item\":\"https:\\\/\\\/letrame.com\\\/catalogo\\\/\"},{\"@type\":\"ListItem\",\"position\":2,\"name\":\"Cat\u00e1logo\",\"item\":\"https:\\\/\\\/letrame.com\\\/catalogo\\\/\"},{\"@type\":\"ListItem\",\"position\":3,\"name\":\"Cuentos breves para una larga espera\"}]},{\"@type\":\"WebSite\",\"@id\":\"https:\\\/\\\/letrame.com\\\/catalogo\\\/#website\",\"url\":\"https:\\\/\\\/letrame.com\\\/catalogo\\\/\",\"name\":\"Catalogo | Letrame Grupo Editorial\",\"description\":\"\",\"publisher\":{\"@id\":\"https:\\\/\\\/letrame.com\\\/catalogo\\\/#organization\"},\"potentialAction\":[{\"@type\":\"SearchAction\",\"target\":{\"@type\":\"EntryPoint\",\"urlTemplate\":\"https:\\\/\\\/letrame.com\\\/catalogo\\\/?s={search_term_string}\"},\"query-input\":{\"@type\":\"PropertyValueSpecification\",\"valueRequired\":true,\"valueName\":\"search_term_string\"}}],\"inLanguage\":\"es\"},{\"@type\":\"Organization\",\"@id\":\"https:\\\/\\\/letrame.com\\\/catalogo\\\/#organization\",\"name\":\"Catalogo | Letrame Grupo Editorial\",\"url\":\"https:\\\/\\\/letrame.com\\\/catalogo\\\/\",\"logo\":{\"@type\":\"ImageObject\",\"inLanguage\":\"es\",\"@id\":\"https:\\\/\\\/letrame.com\\\/catalogo\\\/#\\\/schema\\\/logo\\\/image\\\/\",\"url\":\"https:\\\/\\\/letrame.com\\\/catalogo\\\/wp-content\\\/uploads\\\/2024\\\/03\\\/logo2.webp\",\"contentUrl\":\"https:\\\/\\\/letrame.com\\\/catalogo\\\/wp-content\\\/uploads\\\/2024\\\/03\\\/logo2.webp\",\"width\":394,\"height\":128,\"caption\":\"Catalogo | Letrame Grupo Editorial\"},\"image\":{\"@id\":\"https:\\\/\\\/letrame.com\\\/catalogo\\\/#\\\/schema\\\/logo\\\/image\\\/\"}}]}<\/script>\n<!-- \/ Yoast SEO plugin. -->","yoast_head_json":{"title":"Cuentos breves para una larga espera - Catalogo | Letrame Grupo Editorial","robots":{"index":"index","follow":"follow","max-snippet":"max-snippet:-1","max-image-preview":"max-image-preview:large","max-video-preview":"max-video-preview:-1"},"canonical":"https:\/\/letrame.com\/catalogo\/producto\/cuentos-breves-para-una-larga-espera\/","og_locale":"es_ES","og_type":"article","og_title":"Cuentos breves para una larga espera - Catalogo | Letrame Grupo Editorial","og_description":"ISBN:\u00a0979-13-7012-309-3 SINOPSIS Cuentos breves para una larga espera\u00a0surge de muchas interrogantes que exploran la seducci\u00f3n humana por relatar historias. Esa ancestral inquietud la puedo sintetizar en tres preguntas: \u00bfQu\u00e9 fuerzas inspiradoras permiten crear, sentir y narrar escenas cautivantes de situaciones que jam\u00e1s hemos vivido? \u00bfPor qu\u00e9 algunas experiencias cotidianas se convierten en recuerdos inolvidables? \u00bfCu\u00e1l es la explicaci\u00f3n l\u00f3gica para que numerosas historias ajenas queden entre nosotros como si hubi\u00e9semos sido testigos de excepci\u00f3n?  Quiz\u00e1s la respuesta \u00fanica la encontramos al descubrir que los humanos albergamos tres vidas paralelas: la p\u00fablica, la familiar y la secreta. La m\u00e1s honesta es la \u00faltima, pues en ella habitan las fantas\u00edas.  Confieso que fue esta b\u00fasqueda la que me inspir\u00f3 a escribir\u00a0Cuentos breves para una larga espera. M\u00e1s a\u00fan, lo hice con el prop\u00f3sito de convertir este libro en un compa\u00f1ero de viaje. Un amigo imaginario que nutre traves\u00edas interminables; ya sea al lado de una estrecha butaca de avi\u00f3n, en el puesto contiguo de un destartalado autob\u00fas, como vecino en un tren de alta velocidad o de camarero en un oscilante ferri. Las historias de este acompa\u00f1ante permitir\u00e1n que t\u00fa puedas mirar por la ventana a otro universo de posibilidades. Un mundo m\u00e1s reflexivo, entre bosques con divertida calma, por el paso de puentes sobre r\u00edos limpios que nunca se secan, serpenteando la costa de un mar sereno o haciendo escala en pueblos habitados por seres inmunes \u2018al qu\u00e9 dir\u00e1n\u2019.  En las pr\u00f3ximas p\u00e1ginas no hay reglas establecidas. Tampoco hay orden. Abre el libro en cualquier relato y d\u00e9jate llevar. Cada uno tiene vida propia, pero todos comparten la magia de lo cotidiano y la esencia de momentos simples que se vuelven perdurables. Adem\u00e1s, me complace indicar que diez de estos textos fueron publicados, recientemente, en antolog\u00edas y ediciones literarias. Sus t\u00edtulos est\u00e1n marcados con unos asteriscos.  En las narraciones que vienen, la iron\u00eda de una situaci\u00f3n com\u00fan o la profundidad de un pensamiento fugaz se convierten en escenarios para desencadenar sonrisas y, quiz\u00e1s, alguna que otra carcajada liberadora. Pero no te enga\u00f1es, esta obra es mucho m\u00e1s que un compendio de humor. En realidad, es un par\u00e9ntesis de alivio con el prop\u00f3sito de alejar las angustias de un ambiente h\u00edper-informativo, que, en frecuentes ocasiones, es deliberadamente t\u00f3xico.  Transmutar un instante simple en algo inolvidable requiere de mucha voluntad y observaci\u00f3n. Por fortuna, el misterio para concebirlo se resuelve, de modo s\u00fabito, cuando uno se inspira a trav\u00e9s del agradecimiento.  Bienvenido a esta aventura. Disfruta de estos cuentos y ensayos breves, los cuales har\u00e1n que tu larga espera sea un momento fascinante.","og_url":"https:\/\/letrame.com\/catalogo\/producto\/cuentos-breves-para-una-larga-espera\/","og_site_name":"Catalogo | Letrame Grupo Editorial","og_image":[{"width":1746,"height":2560,"url":"https:\/\/letrame.com\/catalogo\/wp-content\/uploads\/2025\/12\/cuentosbreves_817mm4-scaled.jpg","type":"image\/jpeg"}],"twitter_card":"summary_large_image","twitter_misc":{"Tiempo de lectura":"3 minutos"},"schema":{"@context":"https:\/\/schema.org","@graph":[{"@type":"WebPage","@id":"https:\/\/letrame.com\/catalogo\/producto\/cuentos-breves-para-una-larga-espera\/","url":"https:\/\/letrame.com\/catalogo\/producto\/cuentos-breves-para-una-larga-espera\/","name":"Cuentos breves para una larga espera - Catalogo | Letrame Grupo Editorial","isPartOf":{"@id":"https:\/\/letrame.com\/catalogo\/#website"},"primaryImageOfPage":{"@id":"https:\/\/letrame.com\/catalogo\/producto\/cuentos-breves-para-una-larga-espera\/#primaryimage"},"image":{"@id":"https:\/\/letrame.com\/catalogo\/producto\/cuentos-breves-para-una-larga-espera\/#primaryimage"},"thumbnailUrl":"https:\/\/letrame.com\/catalogo\/wp-content\/uploads\/2025\/12\/cuentosbreves_817mm4-scaled.jpg","datePublished":"2025-12-29T15:30:47+00:00","breadcrumb":{"@id":"https:\/\/letrame.com\/catalogo\/producto\/cuentos-breves-para-una-larga-espera\/#breadcrumb"},"inLanguage":"es","potentialAction":[{"@type":"ReadAction","target":["https:\/\/letrame.com\/catalogo\/producto\/cuentos-breves-para-una-larga-espera\/"]}]},{"@type":"ImageObject","inLanguage":"es","@id":"https:\/\/letrame.com\/catalogo\/producto\/cuentos-breves-para-una-larga-espera\/#primaryimage","url":"https:\/\/letrame.com\/catalogo\/wp-content\/uploads\/2025\/12\/cuentosbreves_817mm4-scaled.jpg","contentUrl":"https:\/\/letrame.com\/catalogo\/wp-content\/uploads\/2025\/12\/cuentosbreves_817mm4-scaled.jpg","width":1746,"height":2560},{"@type":"BreadcrumbList","@id":"https:\/\/letrame.com\/catalogo\/producto\/cuentos-breves-para-una-larga-espera\/#breadcrumb","itemListElement":[{"@type":"ListItem","position":1,"name":"Portada","item":"https:\/\/letrame.com\/catalogo\/"},{"@type":"ListItem","position":2,"name":"Cat\u00e1logo","item":"https:\/\/letrame.com\/catalogo\/"},{"@type":"ListItem","position":3,"name":"Cuentos breves para una larga espera"}]},{"@type":"WebSite","@id":"https:\/\/letrame.com\/catalogo\/#website","url":"https:\/\/letrame.com\/catalogo\/","name":"Catalogo | Letrame Grupo Editorial","description":"","publisher":{"@id":"https:\/\/letrame.com\/catalogo\/#organization"},"potentialAction":[{"@type":"SearchAction","target":{"@type":"EntryPoint","urlTemplate":"https:\/\/letrame.com\/catalogo\/?s={search_term_string}"},"query-input":{"@type":"PropertyValueSpecification","valueRequired":true,"valueName":"search_term_string"}}],"inLanguage":"es"},{"@type":"Organization","@id":"https:\/\/letrame.com\/catalogo\/#organization","name":"Catalogo | Letrame Grupo Editorial","url":"https:\/\/letrame.com\/catalogo\/","logo":{"@type":"ImageObject","inLanguage":"es","@id":"https:\/\/letrame.com\/catalogo\/#\/schema\/logo\/image\/","url":"https:\/\/letrame.com\/catalogo\/wp-content\/uploads\/2024\/03\/logo2.webp","contentUrl":"https:\/\/letrame.com\/catalogo\/wp-content\/uploads\/2024\/03\/logo2.webp","width":394,"height":128,"caption":"Catalogo | Letrame Grupo Editorial"},"image":{"@id":"https:\/\/letrame.com\/catalogo\/#\/schema\/logo\/image\/"}}]}},"_links":{"self":[{"href":"https:\/\/letrame.com\/catalogo\/wp-json\/wp\/v2\/product\/110601","targetHints":{"allow":["GET"]}}],"collection":[{"href":"https:\/\/letrame.com\/catalogo\/wp-json\/wp\/v2\/product"}],"about":[{"href":"https:\/\/letrame.com\/catalogo\/wp-json\/wp\/v2\/types\/product"}],"replies":[{"embeddable":true,"href":"https:\/\/letrame.com\/catalogo\/wp-json\/wp\/v2\/comments?post=110601"}],"acf:post":[{"embeddable":true,"href":"https:\/\/letrame.com\/catalogo\/wp-json\/wp\/v2\/author_book\/75213"}],"wp:featuredmedia":[{"embeddable":true,"href":"https:\/\/letrame.com\/catalogo\/wp-json\/wp\/v2\/media\/110602"}],"wp:attachment":[{"href":"https:\/\/letrame.com\/catalogo\/wp-json\/wp\/v2\/media?parent=110601"}],"wp:term":[{"taxonomy":"libro","embeddable":true,"href":"https:\/\/letrame.com\/catalogo\/wp-json\/wp\/v2\/libro?post=110601"},{"taxonomy":"product_brand","embeddable":true,"href":"https:\/\/letrame.com\/catalogo\/wp-json\/wp\/v2\/product_brand?post=110601"},{"taxonomy":"product_cat","embeddable":true,"href":"https:\/\/letrame.com\/catalogo\/wp-json\/wp\/v2\/product_cat?post=110601"},{"taxonomy":"product_tag","embeddable":true,"href":"https:\/\/letrame.com\/catalogo\/wp-json\/wp\/v2\/product_tag?post=110601"}],"curies":[{"name":"wp","href":"https:\/\/api.w.org\/{rel}","templated":true}]}}