{"id":110592,"date":"2025-12-29T15:49:21","date_gmt":"2025-12-29T14:49:21","guid":{"rendered":"https:\/\/letrame.com\/catalogo\/?post_type=product&#038;p=110592"},"modified":"2025-12-29T15:49:22","modified_gmt":"2025-12-29T14:49:22","slug":"todo-por-un-cafe","status":"publish","type":"product","link":"https:\/\/letrame.com\/catalogo\/producto\/todo-por-un-cafe\/","title":{"rendered":"Todo por un caf\u00e9"},"content":{"rendered":"<p class=\"p1\"><b>ISBN:\u00a0 <\/b>979-13-7012-379-6<\/p>\n<p class=\"p1\"><b>T\u00edtulo:\u00a0<\/b>Todo por un caf\u00e9<br \/>\n<b>Fecha:\u00a0<\/b>2025<br \/>\n<b>P\u00e1ginas:\u00a0<\/b>220<b><\/b><\/p>\n<p class=\"p1\"><b>SINOPSIS<\/b><\/p>\n<p>Todo por un caf\u00e9 est\u00e1 llena de reflexiones existenciales sobre la infancia y los sue\u00f1os dejados, y muestra c\u00f3mo recobrar la esencia olvidada. El tono es din\u00e1mico y con brotes de aventuras. Los di\u00e1logos se entrelazan cuando los personajes comparten momentos donde la vida los sujeta en un solo destino cargada de emociones y cosas inesperadas.<\/p>\n<p>La obra encierra el todo por alg\u00fan sue\u00f1o y de ah\u00ed se enlaza esta historia, donde la autora Irma Carmona, narra de manera que explora diferentes sucesos, todo llevado en forma que al lector(a) se identifique con \u00e9l (ella) mismo (a) cuando se tiene un sue\u00f1o o un anhelo.<\/p>\n<p>La historia marca cuando el encuentro entre dos amigos hacen referencia, que todo comienza en el impacto que se tiene cuando eres ni\u00f1o, donde trazas sue\u00f1os grandiosos y creas un mundo fantasioso en la imaginaci\u00f3n, porque se puede crear un castillo, aniquilar dragones o ser esa doncella o caballero protagonistas de tu propio cuento. La historia marca varios sucesos, y eventos que los personajes tuvieron que pasar en el transcurso de su vida para lograr sus sue\u00f1os \u00bfQu\u00e9 sacrificios tuvieron que hacer? Y cu\u00e1l fue su mayor reto? \u00bfA quien recurrieron? a esos seres imaginarios de cuando eran ni\u00f1os?<\/p>\n<p>Todos tenemos uno o muchos sue\u00f1os. \u00bfCu\u00e1l ser\u00eda el tuyo? Y qu\u00e9 ser\u00edas capaz de hacer para obtenerlo?&#8230;<\/p>\n","protected":false},"excerpt":{"rendered":"<p class=\"p1\"><b>ISBN:\u00a0 <\/b>979-13-7012-379-6<\/p>\n<p class=\"p1\"><b>SINOPSIS<\/b><\/p>\n<p>Todo por un caf\u00e9 est\u00e1 llena de reflexiones existenciales sobre la infancia y los sue\u00f1os dejados, y muestra c\u00f3mo recobrar la esencia olvidada. El tono es din\u00e1mico y con brotes de aventuras. Los di\u00e1logos se entrelazan cuando los personajes comparten momentos donde la vida los sujeta en un solo destino cargada de emociones y cosas inesperadas.<\/p>\n<p>La obra encierra el todo por alg\u00fan sue\u00f1o y de ah\u00ed se enlaza esta historia, donde la autora Irma Carmona, narra de manera que explora diferentes sucesos, todo llevado en forma que al lector(a) se identifique con \u00e9l (ella) mismo (a) cuando se tiene un sue\u00f1o o un anhelo.<\/p>\n<p>La historia marca cuando el encuentro entre dos amigos hacen referencia, que todo comienza en el impacto que se tiene cuando eres ni\u00f1o, donde trazas sue\u00f1os grandiosos y creas un mundo fantasioso en la imaginaci\u00f3n, porque se puede crear un castillo, aniquilar dragones o ser esa doncella o caballero protagonistas de tu propio cuento. La historia marca varios sucesos, y eventos que los personajes tuvieron que pasar en el transcurso de su vida para lograr sus sue\u00f1os \u00bfQu\u00e9 sacrificios tuvieron que hacer? Y cu\u00e1l fue su mayor reto? \u00bfA quien recurrieron? a esos seres imaginarios de cuando eran ni\u00f1os?<\/p>\n<p>Todos tenemos uno o muchos sue\u00f1os. \u00bfCu\u00e1l ser\u00eda el tuyo? Y qu\u00e9 ser\u00edas capaz de hacer para obtenerlo?&#8230;<\/p>\n","protected":false},"featured_media":110593,"comment_status":"open","ping_status":"closed","template":"","meta":{"_acf_changed":false},"libro":[],"product_brand":[],"product_cat":[30],"product_tag":[],"class_list":{"0":"post-110592","1":"product","2":"type-product","3":"status-publish","4":"has-post-thumbnail","6":"product_cat-desarrollo-personal-y-autoconocimiento","8":"first","9":"instock","10":"shipping-taxable","11":"product-type-simple"},"acf":{"autor":[75361],"enlace_de_compra":"https:\/\/www.amazon.es\/Todo-por-caf%C3%A9-Desarrollo-personal\/dp\/B0FC5ZY3QY\/ref=sr_1_1?__mk_es_ES=%C3%85M%C3%85%C5%BD%C3%95%C3%91&crid=NTL6XSJL80RD&dib=eyJ2IjoiMSJ9.iYSTBhNfBTvhrT2BgOCJgjGF1MiteVDQGV1vH6kaRUwUoVAlmNkW8m9s54ki_sTFxd-cCmmRDM8lexsYzSuHuXPne4hzY-BnvA37CpUzzQNeXqOQEdvRWCliw_6b9OBiaVWB_xTHSKiihudtEiVdSg.8mP-_K17bwe2lYFM0gEB6BP_TbkigU9MkyAPEWP4agc&dib_tag=se&keywords=Todo+por+un+caf%C3%A9&qid=1767018259&sprefix=todo+por+un+caf%C3%A9+%2Caps%2C242&sr=8-1"},"yoast_head":"<!-- This site is optimized with the Yoast SEO plugin v26.6 - https:\/\/yoast.com\/wordpress\/plugins\/seo\/ -->\n<title>Todo por un caf\u00e9 - Catalogo | Letrame Grupo Editorial<\/title>\n<meta name=\"robots\" content=\"index, follow, max-snippet:-1, max-image-preview:large, max-video-preview:-1\" \/>\n<link rel=\"canonical\" href=\"https:\/\/letrame.com\/catalogo\/producto\/todo-por-un-cafe\/\" \/>\n<meta property=\"og:locale\" content=\"es_ES\" \/>\n<meta property=\"og:type\" content=\"article\" \/>\n<meta property=\"og:title\" content=\"Todo por un caf\u00e9 - Catalogo | Letrame Grupo Editorial\" \/>\n<meta property=\"og:description\" content=\"ISBN:\u00a0 979-13-7012-379-6 SINOPSIS Todo por un caf\u00e9 est\u00e1 llena de reflexiones existenciales sobre la infancia y los sue\u00f1os dejados, y muestra c\u00f3mo recobrar la esencia olvidada. El tono es din\u00e1mico y con brotes de aventuras. Los di\u00e1logos se entrelazan cuando los personajes comparten momentos donde la vida los sujeta en un solo destino cargada de emociones y cosas inesperadas.  La obra encierra el todo por alg\u00fan sue\u00f1o y de ah\u00ed se enlaza esta historia, donde la autora Irma Carmona, narra de manera que explora diferentes sucesos, todo llevado en forma que al lector(a) se identifique con \u00e9l (ella) mismo (a) cuando se tiene un sue\u00f1o o un anhelo.  La historia marca cuando el encuentro entre dos amigos hacen referencia, que todo comienza en el impacto que se tiene cuando eres ni\u00f1o, donde trazas sue\u00f1os grandiosos y creas un mundo fantasioso en la imaginaci\u00f3n, porque se puede crear un castillo, aniquilar dragones o ser esa doncella o caballero protagonistas de tu propio cuento. La historia marca varios sucesos, y eventos que los personajes tuvieron que pasar en el transcurso de su vida para lograr sus sue\u00f1os \u00bfQu\u00e9 sacrificios tuvieron que hacer? Y cu\u00e1l fue su mayor reto? \u00bfA quien recurrieron? a esos seres imaginarios de cuando eran ni\u00f1os?  Todos tenemos uno o muchos sue\u00f1os. \u00bfCu\u00e1l ser\u00eda el tuyo? Y qu\u00e9 ser\u00edas capaz de hacer para obtenerlo?...\" \/>\n<meta property=\"og:url\" content=\"https:\/\/letrame.com\/catalogo\/producto\/todo-por-un-cafe\/\" \/>\n<meta property=\"og:site_name\" content=\"Catalogo | Letrame Grupo Editorial\" \/>\n<meta property=\"article:modified_time\" content=\"2025-12-29T14:49:22+00:00\" \/>\n<meta property=\"og:image\" content=\"https:\/\/letrame.com\/catalogo\/wp-content\/uploads\/2025\/12\/Todoporuncafe_11.22mm4-scaled.jpg\" \/>\n\t<meta property=\"og:image:width\" content=\"1746\" \/>\n\t<meta property=\"og:image:height\" content=\"2560\" \/>\n\t<meta property=\"og:image:type\" content=\"image\/jpeg\" \/>\n<meta name=\"twitter:card\" content=\"summary_large_image\" \/>\n<meta name=\"twitter:label1\" content=\"Tiempo de lectura\" \/>\n\t<meta name=\"twitter:data1\" content=\"2 minutos\" \/>\n<script type=\"application\/ld+json\" class=\"yoast-schema-graph\">{\"@context\":\"https:\/\/schema.org\",\"@graph\":[{\"@type\":\"WebPage\",\"@id\":\"https:\/\/letrame.com\/catalogo\/producto\/todo-por-un-cafe\/\",\"url\":\"https:\/\/letrame.com\/catalogo\/producto\/todo-por-un-cafe\/\",\"name\":\"Todo por un caf\u00e9 - Catalogo | Letrame Grupo Editorial\",\"isPartOf\":{\"@id\":\"https:\/\/letrame.com\/catalogo\/#website\"},\"primaryImageOfPage\":{\"@id\":\"https:\/\/letrame.com\/catalogo\/producto\/todo-por-un-cafe\/#primaryimage\"},\"image\":{\"@id\":\"https:\/\/letrame.com\/catalogo\/producto\/todo-por-un-cafe\/#primaryimage\"},\"thumbnailUrl\":\"https:\/\/letrame.com\/catalogo\/wp-content\/uploads\/2025\/12\/Todoporuncafe_11.22mm4-scaled.jpg\",\"datePublished\":\"2025-12-29T14:49:21+00:00\",\"dateModified\":\"2025-12-29T14:49:22+00:00\",\"breadcrumb\":{\"@id\":\"https:\/\/letrame.com\/catalogo\/producto\/todo-por-un-cafe\/#breadcrumb\"},\"inLanguage\":\"es\",\"potentialAction\":[{\"@type\":\"ReadAction\",\"target\":[\"https:\/\/letrame.com\/catalogo\/producto\/todo-por-un-cafe\/\"]}]},{\"@type\":\"ImageObject\",\"inLanguage\":\"es\",\"@id\":\"https:\/\/letrame.com\/catalogo\/producto\/todo-por-un-cafe\/#primaryimage\",\"url\":\"https:\/\/letrame.com\/catalogo\/wp-content\/uploads\/2025\/12\/Todoporuncafe_11.22mm4-scaled.jpg\",\"contentUrl\":\"https:\/\/letrame.com\/catalogo\/wp-content\/uploads\/2025\/12\/Todoporuncafe_11.22mm4-scaled.jpg\",\"width\":1746,\"height\":2560},{\"@type\":\"BreadcrumbList\",\"@id\":\"https:\/\/letrame.com\/catalogo\/producto\/todo-por-un-cafe\/#breadcrumb\",\"itemListElement\":[{\"@type\":\"ListItem\",\"position\":1,\"name\":\"Portada\",\"item\":\"https:\/\/letrame.com\/catalogo\/\"},{\"@type\":\"ListItem\",\"position\":2,\"name\":\"Cat\u00e1logo\",\"item\":\"https:\/\/letrame.com\/catalogo\/\"},{\"@type\":\"ListItem\",\"position\":3,\"name\":\"Todo por un caf\u00e9\"}]},{\"@type\":\"WebSite\",\"@id\":\"https:\/\/letrame.com\/catalogo\/#website\",\"url\":\"https:\/\/letrame.com\/catalogo\/\",\"name\":\"Catalogo | Letrame Grupo Editorial\",\"description\":\"\",\"publisher\":{\"@id\":\"https:\/\/letrame.com\/catalogo\/#organization\"},\"potentialAction\":[{\"@type\":\"SearchAction\",\"target\":{\"@type\":\"EntryPoint\",\"urlTemplate\":\"https:\/\/letrame.com\/catalogo\/?s={search_term_string}\"},\"query-input\":{\"@type\":\"PropertyValueSpecification\",\"valueRequired\":true,\"valueName\":\"search_term_string\"}}],\"inLanguage\":\"es\"},{\"@type\":\"Organization\",\"@id\":\"https:\/\/letrame.com\/catalogo\/#organization\",\"name\":\"Catalogo | Letrame Grupo Editorial\",\"url\":\"https:\/\/letrame.com\/catalogo\/\",\"logo\":{\"@type\":\"ImageObject\",\"inLanguage\":\"es\",\"@id\":\"https:\/\/letrame.com\/catalogo\/#\/schema\/logo\/image\/\",\"url\":\"https:\/\/letrame.com\/catalogo\/wp-content\/uploads\/2024\/03\/logo2.webp\",\"contentUrl\":\"https:\/\/letrame.com\/catalogo\/wp-content\/uploads\/2024\/03\/logo2.webp\",\"width\":394,\"height\":128,\"caption\":\"Catalogo | Letrame Grupo Editorial\"},\"image\":{\"@id\":\"https:\/\/letrame.com\/catalogo\/#\/schema\/logo\/image\/\"}}]}<\/script>\n<!-- \/ Yoast SEO plugin. -->","yoast_head_json":{"title":"Todo por un caf\u00e9 - Catalogo | Letrame Grupo Editorial","robots":{"index":"index","follow":"follow","max-snippet":"max-snippet:-1","max-image-preview":"max-image-preview:large","max-video-preview":"max-video-preview:-1"},"canonical":"https:\/\/letrame.com\/catalogo\/producto\/todo-por-un-cafe\/","og_locale":"es_ES","og_type":"article","og_title":"Todo por un caf\u00e9 - Catalogo | Letrame Grupo Editorial","og_description":"ISBN:\u00a0 979-13-7012-379-6 SINOPSIS Todo por un caf\u00e9 est\u00e1 llena de reflexiones existenciales sobre la infancia y los sue\u00f1os dejados, y muestra c\u00f3mo recobrar la esencia olvidada. El tono es din\u00e1mico y con brotes de aventuras. Los di\u00e1logos se entrelazan cuando los personajes comparten momentos donde la vida los sujeta en un solo destino cargada de emociones y cosas inesperadas.  La obra encierra el todo por alg\u00fan sue\u00f1o y de ah\u00ed se enlaza esta historia, donde la autora Irma Carmona, narra de manera que explora diferentes sucesos, todo llevado en forma que al lector(a) se identifique con \u00e9l (ella) mismo (a) cuando se tiene un sue\u00f1o o un anhelo.  La historia marca cuando el encuentro entre dos amigos hacen referencia, que todo comienza en el impacto que se tiene cuando eres ni\u00f1o, donde trazas sue\u00f1os grandiosos y creas un mundo fantasioso en la imaginaci\u00f3n, porque se puede crear un castillo, aniquilar dragones o ser esa doncella o caballero protagonistas de tu propio cuento. La historia marca varios sucesos, y eventos que los personajes tuvieron que pasar en el transcurso de su vida para lograr sus sue\u00f1os \u00bfQu\u00e9 sacrificios tuvieron que hacer? Y cu\u00e1l fue su mayor reto? \u00bfA quien recurrieron? a esos seres imaginarios de cuando eran ni\u00f1os?  Todos tenemos uno o muchos sue\u00f1os. \u00bfCu\u00e1l ser\u00eda el tuyo? Y qu\u00e9 ser\u00edas capaz de hacer para obtenerlo?...","og_url":"https:\/\/letrame.com\/catalogo\/producto\/todo-por-un-cafe\/","og_site_name":"Catalogo | Letrame Grupo Editorial","article_modified_time":"2025-12-29T14:49:22+00:00","og_image":[{"width":1746,"height":2560,"url":"https:\/\/letrame.com\/catalogo\/wp-content\/uploads\/2025\/12\/Todoporuncafe_11.22mm4-scaled.jpg","type":"image\/jpeg"}],"twitter_card":"summary_large_image","twitter_misc":{"Tiempo de lectura":"2 minutos"},"schema":{"@context":"https:\/\/schema.org","@graph":[{"@type":"WebPage","@id":"https:\/\/letrame.com\/catalogo\/producto\/todo-por-un-cafe\/","url":"https:\/\/letrame.com\/catalogo\/producto\/todo-por-un-cafe\/","name":"Todo por un caf\u00e9 - Catalogo | Letrame Grupo Editorial","isPartOf":{"@id":"https:\/\/letrame.com\/catalogo\/#website"},"primaryImageOfPage":{"@id":"https:\/\/letrame.com\/catalogo\/producto\/todo-por-un-cafe\/#primaryimage"},"image":{"@id":"https:\/\/letrame.com\/catalogo\/producto\/todo-por-un-cafe\/#primaryimage"},"thumbnailUrl":"https:\/\/letrame.com\/catalogo\/wp-content\/uploads\/2025\/12\/Todoporuncafe_11.22mm4-scaled.jpg","datePublished":"2025-12-29T14:49:21+00:00","dateModified":"2025-12-29T14:49:22+00:00","breadcrumb":{"@id":"https:\/\/letrame.com\/catalogo\/producto\/todo-por-un-cafe\/#breadcrumb"},"inLanguage":"es","potentialAction":[{"@type":"ReadAction","target":["https:\/\/letrame.com\/catalogo\/producto\/todo-por-un-cafe\/"]}]},{"@type":"ImageObject","inLanguage":"es","@id":"https:\/\/letrame.com\/catalogo\/producto\/todo-por-un-cafe\/#primaryimage","url":"https:\/\/letrame.com\/catalogo\/wp-content\/uploads\/2025\/12\/Todoporuncafe_11.22mm4-scaled.jpg","contentUrl":"https:\/\/letrame.com\/catalogo\/wp-content\/uploads\/2025\/12\/Todoporuncafe_11.22mm4-scaled.jpg","width":1746,"height":2560},{"@type":"BreadcrumbList","@id":"https:\/\/letrame.com\/catalogo\/producto\/todo-por-un-cafe\/#breadcrumb","itemListElement":[{"@type":"ListItem","position":1,"name":"Portada","item":"https:\/\/letrame.com\/catalogo\/"},{"@type":"ListItem","position":2,"name":"Cat\u00e1logo","item":"https:\/\/letrame.com\/catalogo\/"},{"@type":"ListItem","position":3,"name":"Todo por un caf\u00e9"}]},{"@type":"WebSite","@id":"https:\/\/letrame.com\/catalogo\/#website","url":"https:\/\/letrame.com\/catalogo\/","name":"Catalogo | Letrame Grupo Editorial","description":"","publisher":{"@id":"https:\/\/letrame.com\/catalogo\/#organization"},"potentialAction":[{"@type":"SearchAction","target":{"@type":"EntryPoint","urlTemplate":"https:\/\/letrame.com\/catalogo\/?s={search_term_string}"},"query-input":{"@type":"PropertyValueSpecification","valueRequired":true,"valueName":"search_term_string"}}],"inLanguage":"es"},{"@type":"Organization","@id":"https:\/\/letrame.com\/catalogo\/#organization","name":"Catalogo | Letrame Grupo Editorial","url":"https:\/\/letrame.com\/catalogo\/","logo":{"@type":"ImageObject","inLanguage":"es","@id":"https:\/\/letrame.com\/catalogo\/#\/schema\/logo\/image\/","url":"https:\/\/letrame.com\/catalogo\/wp-content\/uploads\/2024\/03\/logo2.webp","contentUrl":"https:\/\/letrame.com\/catalogo\/wp-content\/uploads\/2024\/03\/logo2.webp","width":394,"height":128,"caption":"Catalogo | Letrame Grupo Editorial"},"image":{"@id":"https:\/\/letrame.com\/catalogo\/#\/schema\/logo\/image\/"}}]}},"_links":{"self":[{"href":"https:\/\/letrame.com\/catalogo\/wp-json\/wp\/v2\/product\/110592","targetHints":{"allow":["GET"]}}],"collection":[{"href":"https:\/\/letrame.com\/catalogo\/wp-json\/wp\/v2\/product"}],"about":[{"href":"https:\/\/letrame.com\/catalogo\/wp-json\/wp\/v2\/types\/product"}],"replies":[{"embeddable":true,"href":"https:\/\/letrame.com\/catalogo\/wp-json\/wp\/v2\/comments?post=110592"}],"acf:post":[{"embeddable":true,"href":"https:\/\/letrame.com\/catalogo\/wp-json\/wp\/v2\/author_book\/75361"}],"wp:featuredmedia":[{"embeddable":true,"href":"https:\/\/letrame.com\/catalogo\/wp-json\/wp\/v2\/media\/110593"}],"wp:attachment":[{"href":"https:\/\/letrame.com\/catalogo\/wp-json\/wp\/v2\/media?parent=110592"}],"wp:term":[{"taxonomy":"libro","embeddable":true,"href":"https:\/\/letrame.com\/catalogo\/wp-json\/wp\/v2\/libro?post=110592"},{"taxonomy":"product_brand","embeddable":true,"href":"https:\/\/letrame.com\/catalogo\/wp-json\/wp\/v2\/product_brand?post=110592"},{"taxonomy":"product_cat","embeddable":true,"href":"https:\/\/letrame.com\/catalogo\/wp-json\/wp\/v2\/product_cat?post=110592"},{"taxonomy":"product_tag","embeddable":true,"href":"https:\/\/letrame.com\/catalogo\/wp-json\/wp\/v2\/product_tag?post=110592"}],"curies":[{"name":"wp","href":"https:\/\/api.w.org\/{rel}","templated":true}]}}