{"id":110580,"date":"2025-12-29T15:19:13","date_gmt":"2025-12-29T14:19:13","guid":{"rendered":"https:\/\/letrame.com\/catalogo\/?post_type=product&#038;p=110580"},"modified":"2025-12-29T15:19:13","modified_gmt":"2025-12-29T14:19:13","slug":"el-ultimo-otono-de-sara","status":"publish","type":"product","link":"https:\/\/letrame.com\/catalogo\/producto\/el-ultimo-otono-de-sara\/","title":{"rendered":"El \u00faltimo oto\u00f1o de Sara"},"content":{"rendered":"<p class=\"p1\"><b>ISBN:\u00a0 <\/b>979-13-7012-382-6<\/p>\n<p class=\"p1\"><b>T\u00edtulo:\u00a0<\/b>El \u00faltimo oto\u00f1o de Sara<br \/>\n<b>Fecha:\u00a0<\/b>2025<br \/>\n<b>P\u00e1ginas:\u00a0<\/b>448<b><\/b><\/p>\n<p class=\"p1\"><b>SINOPSIS<\/b><\/p>\n<p>Sara perdi\u00f3 la voz a los cinco a\u00f1os. Desde entonces, su vida y la de su madre, Ana, se llenaron de silencios, de preguntas sin respuesta y de noches demasiado largas.<br \/>\nCuando todo parece hundirse, ambas emprenden un viaje desde Colombia hasta Francia, buscando empezar de nuevo. Pero hay heridas que no entienden de fronteras, y hay presencias que tampoco.<br \/>\nEl \u00faltimo oto\u00f1o de Sara es una historia profundamente humana que mezcla el amor maternal, el duelo, la esperanza y lo inexplicable. Es una novela que se mueve entre lo cotidiano y lo sobrenatural, donde la ternura convive con el miedo y lo fant\u00e1stico se filtra por las rendijas de una vida real.<br \/>\nJuan Carlos Valencia Cort\u00e9s nos invita a entrar en una historia que toca lo m\u00e1s esencial del alma: el v\u00ednculo entre madre e hija, la fuerza de la resiliencia y esa necesidad de comprender lo que no siempre se puede explicar. Porque a veces, cuando todo parece estar perdido, lo imposible<br \/>\nsucede&#8230; y el oto\u00f1o deja de ser un final.<\/p>\n","protected":false},"excerpt":{"rendered":"<p class=\"p1\"><b>ISBN:\u00a0 <\/b>979-13-7012-382-6<\/p>\n<p class=\"p1\"><b>SINOPSIS<\/b><\/p>\n<p>Sara perdi\u00f3 la voz a los cinco a\u00f1os. Desde entonces, su vida y la de su madre, Ana, se llenaron de silencios, de preguntas sin respuesta y de noches demasiado largas.<br \/>\nCuando todo parece hundirse, ambas emprenden un viaje desde Colombia hasta Francia, buscando empezar de nuevo. Pero hay heridas que no entienden de fronteras, y hay presencias que tampoco.<br \/>\nEl \u00faltimo oto\u00f1o de Sara es una historia profundamente humana que mezcla el amor maternal, el duelo, la esperanza y lo inexplicable. Es una novela que se mueve entre lo cotidiano y lo sobrenatural, donde la ternura convive con el miedo y lo fant\u00e1stico se filtra por las rendijas de una vida real.<br \/>\nJuan Carlos Valencia Cort\u00e9s nos invita a entrar en una historia que toca lo m\u00e1s esencial del alma: el v\u00ednculo entre madre e hija, la fuerza de la resiliencia y esa necesidad de comprender lo que no siempre se puede explicar. Porque a veces, cuando todo parece estar perdido, lo imposible<br \/>\nsucede&#8230; y el oto\u00f1o deja de ser un final.<\/p>\n","protected":false},"featured_media":110584,"comment_status":"open","ping_status":"closed","template":"","meta":{"_acf_changed":false},"libro":[],"product_brand":[],"product_cat":[144],"product_tag":[],"class_list":{"0":"post-110580","1":"product","2":"type-product","3":"status-publish","4":"has-post-thumbnail","6":"product_cat-misterio","8":"first","9":"instock","10":"shipping-taxable","11":"product-type-simple"},"acf":{"autor":[110581],"enlace_de_compra":"https:\/\/www.amazon.es\/El-%C3%BAltimo-oto%C3%B1o-Sara-Misterio\/dp\/B0FFYML46M\/ref=sr_1_1?__mk_es_ES=%C3%85M%C3%85%C5%BD%C3%95%C3%91&crid=2BHAF1SUO2D69&dib=eyJ2IjoiMSJ9.GDxqXI3JDeZCQHhyp06FFv1ULA0fXDidD4awysUEqpY.5rTyR2zPGDXMTOnMooYNQsl2jmO_MsCbB7Yn0fEVZ1M&dib_tag=se&keywords=EL+%C3%9ALTIMO+OTO%C3%91O+DE+SARA&qid=1767017705&sprefix=el+%C3%BAltimo+oto%C3%B1o+de+sara+%2Caps%2C250&sr=8-1"},"yoast_head":"<!-- This site is optimized with the Yoast SEO plugin v26.6 - https:\/\/yoast.com\/wordpress\/plugins\/seo\/ -->\n<title>El \u00faltimo oto\u00f1o de Sara - Catalogo | Letrame Grupo Editorial<\/title>\n<meta name=\"robots\" content=\"index, follow, max-snippet:-1, max-image-preview:large, max-video-preview:-1\" \/>\n<link rel=\"canonical\" href=\"https:\/\/letrame.com\/catalogo\/producto\/el-ultimo-otono-de-sara\/\" \/>\n<meta property=\"og:locale\" content=\"es_ES\" \/>\n<meta property=\"og:type\" content=\"article\" \/>\n<meta property=\"og:title\" content=\"El \u00faltimo oto\u00f1o de Sara - Catalogo | Letrame Grupo Editorial\" \/>\n<meta property=\"og:description\" content=\"ISBN:\u00a0 979-13-7012-382-6 SINOPSIS Sara perdi\u00f3 la voz a los cinco a\u00f1os. Desde entonces, su vida y la de su madre, Ana, se llenaron de silencios, de preguntas sin respuesta y de noches demasiado largas. Cuando todo parece hundirse, ambas emprenden un viaje desde Colombia hasta Francia, buscando empezar de nuevo. Pero hay heridas que no entienden de fronteras, y hay presencias que tampoco. El \u00faltimo oto\u00f1o de Sara es una historia profundamente humana que mezcla el amor maternal, el duelo, la esperanza y lo inexplicable. Es una novela que se mueve entre lo cotidiano y lo sobrenatural, donde la ternura convive con el miedo y lo fant\u00e1stico se filtra por las rendijas de una vida real. Juan Carlos Valencia Cort\u00e9s nos invita a entrar en una historia que toca lo m\u00e1s esencial del alma: el v\u00ednculo entre madre e hija, la fuerza de la resiliencia y esa necesidad de comprender lo que no siempre se puede explicar. Porque a veces, cuando todo parece estar perdido, lo imposible sucede... y el oto\u00f1o deja de ser un final.\" \/>\n<meta property=\"og:url\" content=\"https:\/\/letrame.com\/catalogo\/producto\/el-ultimo-otono-de-sara\/\" \/>\n<meta property=\"og:site_name\" content=\"Catalogo | Letrame Grupo Editorial\" \/>\n<meta property=\"og:image\" content=\"https:\/\/letrame.com\/catalogo\/wp-content\/uploads\/2025\/12\/elultimootono_2173mm4.jpg\" \/>\n\t<meta property=\"og:image:width\" content=\"1772\" \/>\n\t<meta property=\"og:image:height\" content=\"2480\" \/>\n\t<meta property=\"og:image:type\" content=\"image\/jpeg\" \/>\n<meta name=\"twitter:card\" content=\"summary_large_image\" \/>\n<meta name=\"twitter:label1\" content=\"Tiempo de lectura\" \/>\n\t<meta name=\"twitter:data1\" content=\"1 minuto\" \/>\n<script type=\"application\/ld+json\" class=\"yoast-schema-graph\">{\"@context\":\"https:\/\/schema.org\",\"@graph\":[{\"@type\":\"WebPage\",\"@id\":\"https:\/\/letrame.com\/catalogo\/producto\/el-ultimo-otono-de-sara\/\",\"url\":\"https:\/\/letrame.com\/catalogo\/producto\/el-ultimo-otono-de-sara\/\",\"name\":\"El \u00faltimo oto\u00f1o de Sara - Catalogo | Letrame Grupo Editorial\",\"isPartOf\":{\"@id\":\"https:\/\/letrame.com\/catalogo\/#website\"},\"primaryImageOfPage\":{\"@id\":\"https:\/\/letrame.com\/catalogo\/producto\/el-ultimo-otono-de-sara\/#primaryimage\"},\"image\":{\"@id\":\"https:\/\/letrame.com\/catalogo\/producto\/el-ultimo-otono-de-sara\/#primaryimage\"},\"thumbnailUrl\":\"https:\/\/letrame.com\/catalogo\/wp-content\/uploads\/2025\/12\/elultimootono_2173mm4.jpg\",\"datePublished\":\"2025-12-29T14:19:13+00:00\",\"breadcrumb\":{\"@id\":\"https:\/\/letrame.com\/catalogo\/producto\/el-ultimo-otono-de-sara\/#breadcrumb\"},\"inLanguage\":\"es\",\"potentialAction\":[{\"@type\":\"ReadAction\",\"target\":[\"https:\/\/letrame.com\/catalogo\/producto\/el-ultimo-otono-de-sara\/\"]}]},{\"@type\":\"ImageObject\",\"inLanguage\":\"es\",\"@id\":\"https:\/\/letrame.com\/catalogo\/producto\/el-ultimo-otono-de-sara\/#primaryimage\",\"url\":\"https:\/\/letrame.com\/catalogo\/wp-content\/uploads\/2025\/12\/elultimootono_2173mm4.jpg\",\"contentUrl\":\"https:\/\/letrame.com\/catalogo\/wp-content\/uploads\/2025\/12\/elultimootono_2173mm4.jpg\",\"width\":1772,\"height\":2480},{\"@type\":\"BreadcrumbList\",\"@id\":\"https:\/\/letrame.com\/catalogo\/producto\/el-ultimo-otono-de-sara\/#breadcrumb\",\"itemListElement\":[{\"@type\":\"ListItem\",\"position\":1,\"name\":\"Portada\",\"item\":\"https:\/\/letrame.com\/catalogo\/\"},{\"@type\":\"ListItem\",\"position\":2,\"name\":\"Cat\u00e1logo\",\"item\":\"https:\/\/letrame.com\/catalogo\/\"},{\"@type\":\"ListItem\",\"position\":3,\"name\":\"El \u00faltimo oto\u00f1o de Sara\"}]},{\"@type\":\"WebSite\",\"@id\":\"https:\/\/letrame.com\/catalogo\/#website\",\"url\":\"https:\/\/letrame.com\/catalogo\/\",\"name\":\"Catalogo | Letrame Grupo Editorial\",\"description\":\"\",\"publisher\":{\"@id\":\"https:\/\/letrame.com\/catalogo\/#organization\"},\"potentialAction\":[{\"@type\":\"SearchAction\",\"target\":{\"@type\":\"EntryPoint\",\"urlTemplate\":\"https:\/\/letrame.com\/catalogo\/?s={search_term_string}\"},\"query-input\":{\"@type\":\"PropertyValueSpecification\",\"valueRequired\":true,\"valueName\":\"search_term_string\"}}],\"inLanguage\":\"es\"},{\"@type\":\"Organization\",\"@id\":\"https:\/\/letrame.com\/catalogo\/#organization\",\"name\":\"Catalogo | Letrame Grupo Editorial\",\"url\":\"https:\/\/letrame.com\/catalogo\/\",\"logo\":{\"@type\":\"ImageObject\",\"inLanguage\":\"es\",\"@id\":\"https:\/\/letrame.com\/catalogo\/#\/schema\/logo\/image\/\",\"url\":\"https:\/\/letrame.com\/catalogo\/wp-content\/uploads\/2024\/03\/logo2.webp\",\"contentUrl\":\"https:\/\/letrame.com\/catalogo\/wp-content\/uploads\/2024\/03\/logo2.webp\",\"width\":394,\"height\":128,\"caption\":\"Catalogo | Letrame Grupo Editorial\"},\"image\":{\"@id\":\"https:\/\/letrame.com\/catalogo\/#\/schema\/logo\/image\/\"}}]}<\/script>\n<!-- \/ Yoast SEO plugin. -->","yoast_head_json":{"title":"El \u00faltimo oto\u00f1o de Sara - Catalogo | Letrame Grupo Editorial","robots":{"index":"index","follow":"follow","max-snippet":"max-snippet:-1","max-image-preview":"max-image-preview:large","max-video-preview":"max-video-preview:-1"},"canonical":"https:\/\/letrame.com\/catalogo\/producto\/el-ultimo-otono-de-sara\/","og_locale":"es_ES","og_type":"article","og_title":"El \u00faltimo oto\u00f1o de Sara - Catalogo | Letrame Grupo Editorial","og_description":"ISBN:\u00a0 979-13-7012-382-6 SINOPSIS Sara perdi\u00f3 la voz a los cinco a\u00f1os. Desde entonces, su vida y la de su madre, Ana, se llenaron de silencios, de preguntas sin respuesta y de noches demasiado largas. Cuando todo parece hundirse, ambas emprenden un viaje desde Colombia hasta Francia, buscando empezar de nuevo. Pero hay heridas que no entienden de fronteras, y hay presencias que tampoco. El \u00faltimo oto\u00f1o de Sara es una historia profundamente humana que mezcla el amor maternal, el duelo, la esperanza y lo inexplicable. Es una novela que se mueve entre lo cotidiano y lo sobrenatural, donde la ternura convive con el miedo y lo fant\u00e1stico se filtra por las rendijas de una vida real. Juan Carlos Valencia Cort\u00e9s nos invita a entrar en una historia que toca lo m\u00e1s esencial del alma: el v\u00ednculo entre madre e hija, la fuerza de la resiliencia y esa necesidad de comprender lo que no siempre se puede explicar. Porque a veces, cuando todo parece estar perdido, lo imposible sucede... y el oto\u00f1o deja de ser un final.","og_url":"https:\/\/letrame.com\/catalogo\/producto\/el-ultimo-otono-de-sara\/","og_site_name":"Catalogo | Letrame Grupo Editorial","og_image":[{"width":1772,"height":2480,"url":"https:\/\/letrame.com\/catalogo\/wp-content\/uploads\/2025\/12\/elultimootono_2173mm4.jpg","type":"image\/jpeg"}],"twitter_card":"summary_large_image","twitter_misc":{"Tiempo de lectura":"1 minuto"},"schema":{"@context":"https:\/\/schema.org","@graph":[{"@type":"WebPage","@id":"https:\/\/letrame.com\/catalogo\/producto\/el-ultimo-otono-de-sara\/","url":"https:\/\/letrame.com\/catalogo\/producto\/el-ultimo-otono-de-sara\/","name":"El \u00faltimo oto\u00f1o de Sara - Catalogo | Letrame Grupo Editorial","isPartOf":{"@id":"https:\/\/letrame.com\/catalogo\/#website"},"primaryImageOfPage":{"@id":"https:\/\/letrame.com\/catalogo\/producto\/el-ultimo-otono-de-sara\/#primaryimage"},"image":{"@id":"https:\/\/letrame.com\/catalogo\/producto\/el-ultimo-otono-de-sara\/#primaryimage"},"thumbnailUrl":"https:\/\/letrame.com\/catalogo\/wp-content\/uploads\/2025\/12\/elultimootono_2173mm4.jpg","datePublished":"2025-12-29T14:19:13+00:00","breadcrumb":{"@id":"https:\/\/letrame.com\/catalogo\/producto\/el-ultimo-otono-de-sara\/#breadcrumb"},"inLanguage":"es","potentialAction":[{"@type":"ReadAction","target":["https:\/\/letrame.com\/catalogo\/producto\/el-ultimo-otono-de-sara\/"]}]},{"@type":"ImageObject","inLanguage":"es","@id":"https:\/\/letrame.com\/catalogo\/producto\/el-ultimo-otono-de-sara\/#primaryimage","url":"https:\/\/letrame.com\/catalogo\/wp-content\/uploads\/2025\/12\/elultimootono_2173mm4.jpg","contentUrl":"https:\/\/letrame.com\/catalogo\/wp-content\/uploads\/2025\/12\/elultimootono_2173mm4.jpg","width":1772,"height":2480},{"@type":"BreadcrumbList","@id":"https:\/\/letrame.com\/catalogo\/producto\/el-ultimo-otono-de-sara\/#breadcrumb","itemListElement":[{"@type":"ListItem","position":1,"name":"Portada","item":"https:\/\/letrame.com\/catalogo\/"},{"@type":"ListItem","position":2,"name":"Cat\u00e1logo","item":"https:\/\/letrame.com\/catalogo\/"},{"@type":"ListItem","position":3,"name":"El \u00faltimo oto\u00f1o de Sara"}]},{"@type":"WebSite","@id":"https:\/\/letrame.com\/catalogo\/#website","url":"https:\/\/letrame.com\/catalogo\/","name":"Catalogo | Letrame Grupo Editorial","description":"","publisher":{"@id":"https:\/\/letrame.com\/catalogo\/#organization"},"potentialAction":[{"@type":"SearchAction","target":{"@type":"EntryPoint","urlTemplate":"https:\/\/letrame.com\/catalogo\/?s={search_term_string}"},"query-input":{"@type":"PropertyValueSpecification","valueRequired":true,"valueName":"search_term_string"}}],"inLanguage":"es"},{"@type":"Organization","@id":"https:\/\/letrame.com\/catalogo\/#organization","name":"Catalogo | Letrame Grupo Editorial","url":"https:\/\/letrame.com\/catalogo\/","logo":{"@type":"ImageObject","inLanguage":"es","@id":"https:\/\/letrame.com\/catalogo\/#\/schema\/logo\/image\/","url":"https:\/\/letrame.com\/catalogo\/wp-content\/uploads\/2024\/03\/logo2.webp","contentUrl":"https:\/\/letrame.com\/catalogo\/wp-content\/uploads\/2024\/03\/logo2.webp","width":394,"height":128,"caption":"Catalogo | Letrame Grupo Editorial"},"image":{"@id":"https:\/\/letrame.com\/catalogo\/#\/schema\/logo\/image\/"}}]}},"_links":{"self":[{"href":"https:\/\/letrame.com\/catalogo\/wp-json\/wp\/v2\/product\/110580","targetHints":{"allow":["GET"]}}],"collection":[{"href":"https:\/\/letrame.com\/catalogo\/wp-json\/wp\/v2\/product"}],"about":[{"href":"https:\/\/letrame.com\/catalogo\/wp-json\/wp\/v2\/types\/product"}],"replies":[{"embeddable":true,"href":"https:\/\/letrame.com\/catalogo\/wp-json\/wp\/v2\/comments?post=110580"}],"acf:post":[{"embeddable":true,"href":"https:\/\/letrame.com\/catalogo\/wp-json\/wp\/v2\/author_book\/110581"}],"wp:featuredmedia":[{"embeddable":true,"href":"https:\/\/letrame.com\/catalogo\/wp-json\/wp\/v2\/media\/110584"}],"wp:attachment":[{"href":"https:\/\/letrame.com\/catalogo\/wp-json\/wp\/v2\/media?parent=110580"}],"wp:term":[{"taxonomy":"libro","embeddable":true,"href":"https:\/\/letrame.com\/catalogo\/wp-json\/wp\/v2\/libro?post=110580"},{"taxonomy":"product_brand","embeddable":true,"href":"https:\/\/letrame.com\/catalogo\/wp-json\/wp\/v2\/product_brand?post=110580"},{"taxonomy":"product_cat","embeddable":true,"href":"https:\/\/letrame.com\/catalogo\/wp-json\/wp\/v2\/product_cat?post=110580"},{"taxonomy":"product_tag","embeddable":true,"href":"https:\/\/letrame.com\/catalogo\/wp-json\/wp\/v2\/product_tag?post=110580"}],"curies":[{"name":"wp","href":"https:\/\/api.w.org\/{rel}","templated":true}]}}