{"id":110565,"date":"2025-12-29T15:04:51","date_gmt":"2025-12-29T14:04:51","guid":{"rendered":"https:\/\/letrame.com\/catalogo\/?post_type=product&#038;p=110565"},"modified":"2025-12-29T15:06:08","modified_gmt":"2025-12-29T14:06:08","slug":"transformacion-de-un-aula-especifica-en-un-espacio-educativo-comun-de-oportunidades","status":"publish","type":"product","link":"https:\/\/letrame.com\/catalogo\/producto\/transformacion-de-un-aula-especifica-en-un-espacio-educativo-comun-de-oportunidades\/","title":{"rendered":"Transformaci\u00f3n de un aula espec\u00edfica en un espacio educativo com\u00fan de oportunidades"},"content":{"rendered":"<p class=\"p1\"><b>ISBN:\u00a0<\/b>979-13-7012-280-5<\/p>\n<p class=\"p1\"><b>T\u00edtulo:\u00a0<\/b>Transformaci\u00f3n de un aula espec\u00edfica en un espacio educativo com\u00fan de oportunidades<br \/>\n<b>Fecha:\u00a0<\/b>2025<br \/>\n<b>P\u00e1ginas:\u00a0<\/b>96<b><\/b><\/p>\n<p class=\"p1\"><b>SINOPSIS<\/b><\/p>\n<p>Este libro que tienes entre las manos no es un simple libro de pedagog\u00eda, ni es un simple libro sobre inclusi\u00f3n. Este es el comienzo de un camino sin senda, uno que nos gustar\u00eda recorrer a tu lado. Uno dirigido a la transformaci\u00f3n de las aulas espec\u00edficas, enfocado a aquellos docentes movidos por una vocaci\u00f3n aut\u00e9ntica por la atenci\u00f3n a la diversidad, con la intenci\u00f3n de hacer efectiva una inclusi\u00f3n educativa real.<\/p>\n<p>En \u00e9l encontraras una gu\u00eda pr\u00e1ctica para transformar completamente un aula espec\u00edfica y convertirla en Un Espacio Educativo<\/p>\n<p>Com\u00fan de Oportunidades: un lugar donde las diferencias convergen en igualdad, uno donde ejercer el derecho a nuestras rarezas y desnudarnos de patrones de normalidad; un lugar donde comenzar a transformar nuestro peque\u00f1o mundo.<\/p>\n<p>Lo haremos, pues, a trav\u00e9s de la inclusi\u00f3n invertida, de la elaboraci\u00f3n de situaciones de aprendizaje comunitarias y de la elaboraci\u00f3n de programaciones multinivel dirigidas a todos los cursos de un mismo centro educativo, con un \u00fanico fin: transformar un espacio educativo excluyente en un lugar donde todos tienen cabida. Un lugar donde todo el alumnado pueda implementar su desarrollo competencial, independientemente de su modalidad de escolarizaci\u00f3n; trabajando en armon\u00eda, codo con codo; siendo, a la vez, todos diversos y todos iguales. Porque no existe otro camino hacia la inclusi\u00f3n que no conciba el aula espec\u00edfica como un espacio inclusivo m\u00e1s de un centro educativo.<\/p>\n","protected":false},"excerpt":{"rendered":"<p class=\"p1\"><b>ISBN:\u00a0<\/b>979-13-7012-280-5<\/p>\n<p class=\"p1\"><b>SINOPSIS<\/b><\/p>\n<p>Este libro que tienes entre las manos no es un simple libro de pedagog\u00eda, ni es un simple libro sobre inclusi\u00f3n. Este es el comienzo de un camino sin senda, uno que nos gustar\u00eda recorrer a tu lado. Uno dirigido a la transformaci\u00f3n de las aulas espec\u00edficas, enfocado a aquellos docentes movidos por una vocaci\u00f3n aut\u00e9ntica por la atenci\u00f3n a la diversidad, con la intenci\u00f3n de hacer efectiva una inclusi\u00f3n educativa real.<\/p>\n<p>En \u00e9l encontraras una gu\u00eda pr\u00e1ctica para transformar completamente un aula espec\u00edfica y convertirla en Un Espacio Educativo<\/p>\n<p>Com\u00fan de Oportunidades: un lugar donde las diferencias convergen en igualdad, uno donde ejercer el derecho a nuestras rarezas y desnudarnos de patrones de normalidad; un lugar donde comenzar a transformar nuestro peque\u00f1o mundo.<\/p>\n<p>Lo haremos, pues, a trav\u00e9s de la inclusi\u00f3n invertida, de la elaboraci\u00f3n de situaciones de aprendizaje comunitarias y de la elaboraci\u00f3n de programaciones multinivel dirigidas a todos los cursos de un mismo centro educativo, con un \u00fanico fin: transformar un espacio educativo excluyente en un lugar donde todos tienen cabida. Un lugar donde todo el alumnado pueda implementar su desarrollo competencial, independientemente de su modalidad de escolarizaci\u00f3n; trabajando en armon\u00eda, codo con codo; siendo, a la vez, todos diversos y todos iguales. Porque no existe otro camino hacia la inclusi\u00f3n que no conciba el aula espec\u00edfica como un espacio inclusivo m\u00e1s de un centro educativo.<\/p>\n","protected":false},"featured_media":110568,"comment_status":"open","ping_status":"closed","template":"","meta":{"_acf_changed":false},"libro":[],"product_brand":[],"product_cat":[113],"product_tag":[],"class_list":{"0":"post-110565","1":"product","2":"type-product","3":"status-publish","4":"has-post-thumbnail","6":"product_cat-educacion","8":"first","9":"instock","10":"shipping-taxable","11":"product-type-simple"},"acf":{"autor":[110566,110571],"enlace_de_compra":"https:\/\/www.amazon.es\/Transformaci%C3%B3n-espec%C3%ADfica-espacio-educativo-oportunidades\/dp\/B0FCXVLW1X\/ref=sr_1_1?__mk_es_ES=%C3%85M%C3%85%C5%BD%C3%95%C3%91&crid=1FZNAQXWK63H7&dib=eyJ2IjoiMSJ9.kw2oWxjTvzwMGREbD3xi8YmlvsD1S5TvTG-gDOh6XEk.rWIhcDuYG0ZSBEF0UdGXh_QVhXxnrWIWP1z96vN_gQk&dib_tag=se&keywords=Transformaci%C3%B3n+de+un+aula+espec%C3%ADfica+en+un+espacio+educativo+com%C3%BAn+de+oportunidades&qid=1767016845&sprefix=transformaci%C3%B3n+de+un+aula+espec%C3%ADfica+en+un+espacio+educativo+com%C3%BAn+de+oportunidades%2Caps%2C274&sr=8-1"},"yoast_head":"<!-- This site is optimized with the Yoast SEO plugin v26.6 - https:\/\/yoast.com\/wordpress\/plugins\/seo\/ -->\n<title>Transformaci\u00f3n de un aula espec\u00edfica en un espacio educativo com\u00fan de oportunidades - Catalogo | Letrame Grupo Editorial<\/title>\n<meta name=\"robots\" content=\"index, follow, max-snippet:-1, max-image-preview:large, max-video-preview:-1\" \/>\n<link rel=\"canonical\" href=\"https:\/\/letrame.com\/catalogo\/producto\/transformacion-de-un-aula-especifica-en-un-espacio-educativo-comun-de-oportunidades\/\" \/>\n<meta property=\"og:locale\" content=\"es_ES\" \/>\n<meta property=\"og:type\" content=\"article\" \/>\n<meta property=\"og:title\" content=\"Transformaci\u00f3n de un aula espec\u00edfica en un espacio educativo com\u00fan de oportunidades - Catalogo | Letrame Grupo Editorial\" \/>\n<meta property=\"og:description\" content=\"ISBN:\u00a0979-13-7012-280-5 SINOPSIS Este libro que tienes entre las manos no es un simple libro de pedagog\u00eda, ni es un simple libro sobre inclusi\u00f3n. Este es el comienzo de un camino sin senda, uno que nos gustar\u00eda recorrer a tu lado. Uno dirigido a la transformaci\u00f3n de las aulas espec\u00edficas, enfocado a aquellos docentes movidos por una vocaci\u00f3n aut\u00e9ntica por la atenci\u00f3n a la diversidad, con la intenci\u00f3n de hacer efectiva una inclusi\u00f3n educativa real.  En \u00e9l encontraras una gu\u00eda pr\u00e1ctica para transformar completamente un aula espec\u00edfica y convertirla en Un Espacio Educativo  Com\u00fan de Oportunidades: un lugar donde las diferencias convergen en igualdad, uno donde ejercer el derecho a nuestras rarezas y desnudarnos de patrones de normalidad; un lugar donde comenzar a transformar nuestro peque\u00f1o mundo.  Lo haremos, pues, a trav\u00e9s de la inclusi\u00f3n invertida, de la elaboraci\u00f3n de situaciones de aprendizaje comunitarias y de la elaboraci\u00f3n de programaciones multinivel dirigidas a todos los cursos de un mismo centro educativo, con un \u00fanico fin: transformar un espacio educativo excluyente en un lugar donde todos tienen cabida. Un lugar donde todo el alumnado pueda implementar su desarrollo competencial, independientemente de su modalidad de escolarizaci\u00f3n; trabajando en armon\u00eda, codo con codo; siendo, a la vez, todos diversos y todos iguales. Porque no existe otro camino hacia la inclusi\u00f3n que no conciba el aula espec\u00edfica como un espacio inclusivo m\u00e1s de un centro educativo.\" \/>\n<meta property=\"og:url\" content=\"https:\/\/letrame.com\/catalogo\/producto\/transformacion-de-un-aula-especifica-en-un-espacio-educativo-comun-de-oportunidades\/\" \/>\n<meta property=\"og:site_name\" content=\"Catalogo | Letrame Grupo Editorial\" \/>\n<meta property=\"article:modified_time\" content=\"2025-12-29T14:06:08+00:00\" \/>\n<meta property=\"og:image\" content=\"https:\/\/letrame.com\/catalogo\/wp-content\/uploads\/2025\/12\/transformacion_55mm4.jpg\" \/>\n\t<meta property=\"og:image:width\" content=\"1594\" \/>\n\t<meta property=\"og:image:height\" content=\"2303\" \/>\n\t<meta property=\"og:image:type\" content=\"image\/jpeg\" \/>\n<meta name=\"twitter:card\" content=\"summary_large_image\" \/>\n<meta name=\"twitter:label1\" content=\"Tiempo de lectura\" \/>\n\t<meta name=\"twitter:data1\" content=\"2 minutos\" \/>\n<script type=\"application\/ld+json\" class=\"yoast-schema-graph\">{\"@context\":\"https:\/\/schema.org\",\"@graph\":[{\"@type\":\"WebPage\",\"@id\":\"https:\/\/letrame.com\/catalogo\/producto\/transformacion-de-un-aula-especifica-en-un-espacio-educativo-comun-de-oportunidades\/\",\"url\":\"https:\/\/letrame.com\/catalogo\/producto\/transformacion-de-un-aula-especifica-en-un-espacio-educativo-comun-de-oportunidades\/\",\"name\":\"Transformaci\u00f3n de un aula espec\u00edfica en un espacio educativo com\u00fan de oportunidades - Catalogo | Letrame Grupo Editorial\",\"isPartOf\":{\"@id\":\"https:\/\/letrame.com\/catalogo\/#website\"},\"primaryImageOfPage\":{\"@id\":\"https:\/\/letrame.com\/catalogo\/producto\/transformacion-de-un-aula-especifica-en-un-espacio-educativo-comun-de-oportunidades\/#primaryimage\"},\"image\":{\"@id\":\"https:\/\/letrame.com\/catalogo\/producto\/transformacion-de-un-aula-especifica-en-un-espacio-educativo-comun-de-oportunidades\/#primaryimage\"},\"thumbnailUrl\":\"https:\/\/letrame.com\/catalogo\/wp-content\/uploads\/2025\/12\/transformacion_55mm4.jpg\",\"datePublished\":\"2025-12-29T14:04:51+00:00\",\"dateModified\":\"2025-12-29T14:06:08+00:00\",\"breadcrumb\":{\"@id\":\"https:\/\/letrame.com\/catalogo\/producto\/transformacion-de-un-aula-especifica-en-un-espacio-educativo-comun-de-oportunidades\/#breadcrumb\"},\"inLanguage\":\"es\",\"potentialAction\":[{\"@type\":\"ReadAction\",\"target\":[\"https:\/\/letrame.com\/catalogo\/producto\/transformacion-de-un-aula-especifica-en-un-espacio-educativo-comun-de-oportunidades\/\"]}]},{\"@type\":\"ImageObject\",\"inLanguage\":\"es\",\"@id\":\"https:\/\/letrame.com\/catalogo\/producto\/transformacion-de-un-aula-especifica-en-un-espacio-educativo-comun-de-oportunidades\/#primaryimage\",\"url\":\"https:\/\/letrame.com\/catalogo\/wp-content\/uploads\/2025\/12\/transformacion_55mm4.jpg\",\"contentUrl\":\"https:\/\/letrame.com\/catalogo\/wp-content\/uploads\/2025\/12\/transformacion_55mm4.jpg\",\"width\":1594,\"height\":2303},{\"@type\":\"BreadcrumbList\",\"@id\":\"https:\/\/letrame.com\/catalogo\/producto\/transformacion-de-un-aula-especifica-en-un-espacio-educativo-comun-de-oportunidades\/#breadcrumb\",\"itemListElement\":[{\"@type\":\"ListItem\",\"position\":1,\"name\":\"Portada\",\"item\":\"https:\/\/letrame.com\/catalogo\/\"},{\"@type\":\"ListItem\",\"position\":2,\"name\":\"Cat\u00e1logo\",\"item\":\"https:\/\/letrame.com\/catalogo\/\"},{\"@type\":\"ListItem\",\"position\":3,\"name\":\"Transformaci\u00f3n de un aula espec\u00edfica en un espacio educativo com\u00fan de oportunidades\"}]},{\"@type\":\"WebSite\",\"@id\":\"https:\/\/letrame.com\/catalogo\/#website\",\"url\":\"https:\/\/letrame.com\/catalogo\/\",\"name\":\"Catalogo | Letrame Grupo Editorial\",\"description\":\"\",\"publisher\":{\"@id\":\"https:\/\/letrame.com\/catalogo\/#organization\"},\"potentialAction\":[{\"@type\":\"SearchAction\",\"target\":{\"@type\":\"EntryPoint\",\"urlTemplate\":\"https:\/\/letrame.com\/catalogo\/?s={search_term_string}\"},\"query-input\":{\"@type\":\"PropertyValueSpecification\",\"valueRequired\":true,\"valueName\":\"search_term_string\"}}],\"inLanguage\":\"es\"},{\"@type\":\"Organization\",\"@id\":\"https:\/\/letrame.com\/catalogo\/#organization\",\"name\":\"Catalogo | Letrame Grupo Editorial\",\"url\":\"https:\/\/letrame.com\/catalogo\/\",\"logo\":{\"@type\":\"ImageObject\",\"inLanguage\":\"es\",\"@id\":\"https:\/\/letrame.com\/catalogo\/#\/schema\/logo\/image\/\",\"url\":\"https:\/\/letrame.com\/catalogo\/wp-content\/uploads\/2024\/03\/logo2.webp\",\"contentUrl\":\"https:\/\/letrame.com\/catalogo\/wp-content\/uploads\/2024\/03\/logo2.webp\",\"width\":394,\"height\":128,\"caption\":\"Catalogo | Letrame Grupo Editorial\"},\"image\":{\"@id\":\"https:\/\/letrame.com\/catalogo\/#\/schema\/logo\/image\/\"}}]}<\/script>\n<!-- \/ Yoast SEO plugin. -->","yoast_head_json":{"title":"Transformaci\u00f3n de un aula espec\u00edfica en un espacio educativo com\u00fan de oportunidades - Catalogo | Letrame Grupo Editorial","robots":{"index":"index","follow":"follow","max-snippet":"max-snippet:-1","max-image-preview":"max-image-preview:large","max-video-preview":"max-video-preview:-1"},"canonical":"https:\/\/letrame.com\/catalogo\/producto\/transformacion-de-un-aula-especifica-en-un-espacio-educativo-comun-de-oportunidades\/","og_locale":"es_ES","og_type":"article","og_title":"Transformaci\u00f3n de un aula espec\u00edfica en un espacio educativo com\u00fan de oportunidades - Catalogo | Letrame Grupo Editorial","og_description":"ISBN:\u00a0979-13-7012-280-5 SINOPSIS Este libro que tienes entre las manos no es un simple libro de pedagog\u00eda, ni es un simple libro sobre inclusi\u00f3n. Este es el comienzo de un camino sin senda, uno que nos gustar\u00eda recorrer a tu lado. Uno dirigido a la transformaci\u00f3n de las aulas espec\u00edficas, enfocado a aquellos docentes movidos por una vocaci\u00f3n aut\u00e9ntica por la atenci\u00f3n a la diversidad, con la intenci\u00f3n de hacer efectiva una inclusi\u00f3n educativa real.  En \u00e9l encontraras una gu\u00eda pr\u00e1ctica para transformar completamente un aula espec\u00edfica y convertirla en Un Espacio Educativo  Com\u00fan de Oportunidades: un lugar donde las diferencias convergen en igualdad, uno donde ejercer el derecho a nuestras rarezas y desnudarnos de patrones de normalidad; un lugar donde comenzar a transformar nuestro peque\u00f1o mundo.  Lo haremos, pues, a trav\u00e9s de la inclusi\u00f3n invertida, de la elaboraci\u00f3n de situaciones de aprendizaje comunitarias y de la elaboraci\u00f3n de programaciones multinivel dirigidas a todos los cursos de un mismo centro educativo, con un \u00fanico fin: transformar un espacio educativo excluyente en un lugar donde todos tienen cabida. Un lugar donde todo el alumnado pueda implementar su desarrollo competencial, independientemente de su modalidad de escolarizaci\u00f3n; trabajando en armon\u00eda, codo con codo; siendo, a la vez, todos diversos y todos iguales. Porque no existe otro camino hacia la inclusi\u00f3n que no conciba el aula espec\u00edfica como un espacio inclusivo m\u00e1s de un centro educativo.","og_url":"https:\/\/letrame.com\/catalogo\/producto\/transformacion-de-un-aula-especifica-en-un-espacio-educativo-comun-de-oportunidades\/","og_site_name":"Catalogo | Letrame Grupo Editorial","article_modified_time":"2025-12-29T14:06:08+00:00","og_image":[{"width":1594,"height":2303,"url":"https:\/\/letrame.com\/catalogo\/wp-content\/uploads\/2025\/12\/transformacion_55mm4.jpg","type":"image\/jpeg"}],"twitter_card":"summary_large_image","twitter_misc":{"Tiempo de lectura":"2 minutos"},"schema":{"@context":"https:\/\/schema.org","@graph":[{"@type":"WebPage","@id":"https:\/\/letrame.com\/catalogo\/producto\/transformacion-de-un-aula-especifica-en-un-espacio-educativo-comun-de-oportunidades\/","url":"https:\/\/letrame.com\/catalogo\/producto\/transformacion-de-un-aula-especifica-en-un-espacio-educativo-comun-de-oportunidades\/","name":"Transformaci\u00f3n de un aula espec\u00edfica en un espacio educativo com\u00fan de oportunidades - Catalogo | Letrame Grupo Editorial","isPartOf":{"@id":"https:\/\/letrame.com\/catalogo\/#website"},"primaryImageOfPage":{"@id":"https:\/\/letrame.com\/catalogo\/producto\/transformacion-de-un-aula-especifica-en-un-espacio-educativo-comun-de-oportunidades\/#primaryimage"},"image":{"@id":"https:\/\/letrame.com\/catalogo\/producto\/transformacion-de-un-aula-especifica-en-un-espacio-educativo-comun-de-oportunidades\/#primaryimage"},"thumbnailUrl":"https:\/\/letrame.com\/catalogo\/wp-content\/uploads\/2025\/12\/transformacion_55mm4.jpg","datePublished":"2025-12-29T14:04:51+00:00","dateModified":"2025-12-29T14:06:08+00:00","breadcrumb":{"@id":"https:\/\/letrame.com\/catalogo\/producto\/transformacion-de-un-aula-especifica-en-un-espacio-educativo-comun-de-oportunidades\/#breadcrumb"},"inLanguage":"es","potentialAction":[{"@type":"ReadAction","target":["https:\/\/letrame.com\/catalogo\/producto\/transformacion-de-un-aula-especifica-en-un-espacio-educativo-comun-de-oportunidades\/"]}]},{"@type":"ImageObject","inLanguage":"es","@id":"https:\/\/letrame.com\/catalogo\/producto\/transformacion-de-un-aula-especifica-en-un-espacio-educativo-comun-de-oportunidades\/#primaryimage","url":"https:\/\/letrame.com\/catalogo\/wp-content\/uploads\/2025\/12\/transformacion_55mm4.jpg","contentUrl":"https:\/\/letrame.com\/catalogo\/wp-content\/uploads\/2025\/12\/transformacion_55mm4.jpg","width":1594,"height":2303},{"@type":"BreadcrumbList","@id":"https:\/\/letrame.com\/catalogo\/producto\/transformacion-de-un-aula-especifica-en-un-espacio-educativo-comun-de-oportunidades\/#breadcrumb","itemListElement":[{"@type":"ListItem","position":1,"name":"Portada","item":"https:\/\/letrame.com\/catalogo\/"},{"@type":"ListItem","position":2,"name":"Cat\u00e1logo","item":"https:\/\/letrame.com\/catalogo\/"},{"@type":"ListItem","position":3,"name":"Transformaci\u00f3n de un aula espec\u00edfica en un espacio educativo com\u00fan de oportunidades"}]},{"@type":"WebSite","@id":"https:\/\/letrame.com\/catalogo\/#website","url":"https:\/\/letrame.com\/catalogo\/","name":"Catalogo | Letrame Grupo Editorial","description":"","publisher":{"@id":"https:\/\/letrame.com\/catalogo\/#organization"},"potentialAction":[{"@type":"SearchAction","target":{"@type":"EntryPoint","urlTemplate":"https:\/\/letrame.com\/catalogo\/?s={search_term_string}"},"query-input":{"@type":"PropertyValueSpecification","valueRequired":true,"valueName":"search_term_string"}}],"inLanguage":"es"},{"@type":"Organization","@id":"https:\/\/letrame.com\/catalogo\/#organization","name":"Catalogo | Letrame Grupo Editorial","url":"https:\/\/letrame.com\/catalogo\/","logo":{"@type":"ImageObject","inLanguage":"es","@id":"https:\/\/letrame.com\/catalogo\/#\/schema\/logo\/image\/","url":"https:\/\/letrame.com\/catalogo\/wp-content\/uploads\/2024\/03\/logo2.webp","contentUrl":"https:\/\/letrame.com\/catalogo\/wp-content\/uploads\/2024\/03\/logo2.webp","width":394,"height":128,"caption":"Catalogo | Letrame Grupo Editorial"},"image":{"@id":"https:\/\/letrame.com\/catalogo\/#\/schema\/logo\/image\/"}}]}},"_links":{"self":[{"href":"https:\/\/letrame.com\/catalogo\/wp-json\/wp\/v2\/product\/110565","targetHints":{"allow":["GET"]}}],"collection":[{"href":"https:\/\/letrame.com\/catalogo\/wp-json\/wp\/v2\/product"}],"about":[{"href":"https:\/\/letrame.com\/catalogo\/wp-json\/wp\/v2\/types\/product"}],"replies":[{"embeddable":true,"href":"https:\/\/letrame.com\/catalogo\/wp-json\/wp\/v2\/comments?post=110565"}],"acf:post":[{"embeddable":true,"href":"https:\/\/letrame.com\/catalogo\/wp-json\/wp\/v2\/author_book\/110571"},{"embeddable":true,"href":"https:\/\/letrame.com\/catalogo\/wp-json\/wp\/v2\/author_book\/110566"}],"wp:featuredmedia":[{"embeddable":true,"href":"https:\/\/letrame.com\/catalogo\/wp-json\/wp\/v2\/media\/110568"}],"wp:attachment":[{"href":"https:\/\/letrame.com\/catalogo\/wp-json\/wp\/v2\/media?parent=110565"}],"wp:term":[{"taxonomy":"libro","embeddable":true,"href":"https:\/\/letrame.com\/catalogo\/wp-json\/wp\/v2\/libro?post=110565"},{"taxonomy":"product_brand","embeddable":true,"href":"https:\/\/letrame.com\/catalogo\/wp-json\/wp\/v2\/product_brand?post=110565"},{"taxonomy":"product_cat","embeddable":true,"href":"https:\/\/letrame.com\/catalogo\/wp-json\/wp\/v2\/product_cat?post=110565"},{"taxonomy":"product_tag","embeddable":true,"href":"https:\/\/letrame.com\/catalogo\/wp-json\/wp\/v2\/product_tag?post=110565"}],"curies":[{"name":"wp","href":"https:\/\/api.w.org\/{rel}","templated":true}]}}