{"id":110561,"date":"2025-12-29T14:59:17","date_gmt":"2025-12-29T13:59:17","guid":{"rendered":"https:\/\/letrame.com\/catalogo\/?post_type=product&#038;p=110561"},"modified":"2025-12-29T14:59:17","modified_gmt":"2025-12-29T13:59:17","slug":"el-poder-de-la-gratitud","status":"publish","type":"product","link":"https:\/\/letrame.com\/catalogo\/producto\/el-poder-de-la-gratitud\/","title":{"rendered":"El poder de la gratitud"},"content":{"rendered":"<p class=\"p1\"><b>ISBN:\u00a0 <\/b>979-13-7012-278-2<\/p>\n<p class=\"p1\"><b>T\u00edtulo:\u00a0<\/b>El poder de la gratitud<br \/>\n<b>Fecha:\u00a0<\/b>2025<br \/>\n<b>P\u00e1ginas:\u00a0<\/b>188<b><\/b><\/p>\n<p class=\"p1\"><b>SINOPSIS<\/b><\/p>\n<p>No es un libro. Es un mapa. Uno que empieza en lo humano&#8230; y te lleva a lo eterno.<br \/>\nA. Arellano construye una traves\u00eda que avanza paso a paso, con precisi\u00f3n y prop\u00f3sito, uniendo ciencia y espiritualidad para revelar una verdad olvidada: la gratitud no es solo una emoci\u00f3n, es una fuerza capaz de redise\u00f1ar tu manera de vivir.<br \/>\nA lo largo de seis etapas progresivas \u2014del ego al amor, del sufrimiento a lo eterno\u2014 el lector es guiado de forma did\u00e1ctica, clara y profundamente humana, a trav\u00e9s de meditaciones, reflexiones y ejercicios pr\u00e1cticos que abren el camino hacia el asombro, la expansi\u00f3n y la reconfiguraci\u00f3n de la percepci\u00f3n.<br \/>\nEste viaje culmina con un programa de pr\u00e1ctica consciente que se extiende a lo largo de un a\u00f1o, donde cada mes propone una experiencia concreta para integrar la gratitud como herramienta transformadora en la vida cotidiana.<br \/>\nEl poder de la gratitud entrelaza f\u00edsica, neurociencia, mitolog\u00eda y sabidur\u00eda ancestral con una pedagog\u00eda suave, que respeta los ritmos del lector y entrega claves para comenzar a despertar de manera real y vivencial.<br \/>\nNo es autoayuda.<br \/>\nNo es religi\u00f3n.<br \/>\nEs un regreso a la memoria original del alma.<br \/>\nUna invitaci\u00f3n a redescubrir lo extraordinario en lo ordinario&#8230; y a despertar a quien siempre fuiste, aunque lo hubieras olvidado.<\/p>\n","protected":false},"excerpt":{"rendered":"<p class=\"p1\"><b>ISBN:\u00a0 <\/b>979-13-7012-278-2<\/p>\n<p class=\"p1\"><b>SINOPSIS<\/b><\/p>\n<p>No es un libro. Es un mapa. Uno que empieza en lo humano&#8230; y te lleva a lo eterno.<br \/>\nA. Arellano construye una traves\u00eda que avanza paso a paso, con precisi\u00f3n y prop\u00f3sito, uniendo ciencia y espiritualidad para revelar una verdad olvidada: la gratitud no es solo una emoci\u00f3n, es una fuerza capaz de redise\u00f1ar tu manera de vivir.<br \/>\nA lo largo de seis etapas progresivas \u2014del ego al amor, del sufrimiento a lo eterno\u2014 el lector es guiado de forma did\u00e1ctica, clara y profundamente humana, a trav\u00e9s de meditaciones, reflexiones y ejercicios pr\u00e1cticos que abren el camino hacia el asombro, la expansi\u00f3n y la reconfiguraci\u00f3n de la percepci\u00f3n.<br \/>\nEste viaje culmina con un programa de pr\u00e1ctica consciente que se extiende a lo largo de un a\u00f1o, donde cada mes propone una experiencia concreta para integrar la gratitud como herramienta transformadora en la vida cotidiana.<br \/>\nEl poder de la gratitud entrelaza f\u00edsica, neurociencia, mitolog\u00eda y sabidur\u00eda ancestral con una pedagog\u00eda suave, que respeta los ritmos del lector y entrega claves para comenzar a despertar de manera real y vivencial.<br \/>\nNo es autoayuda.<br \/>\nNo es religi\u00f3n.<br \/>\nEs un regreso a la memoria original del alma.<br \/>\nUna invitaci\u00f3n a redescubrir lo extraordinario en lo ordinario&#8230; y a despertar a quien siempre fuiste, aunque lo hubieras olvidado.<\/p>\n","protected":false},"featured_media":110563,"comment_status":"open","ping_status":"closed","template":"","meta":{"_acf_changed":false},"libro":[],"product_brand":[],"product_cat":[18],"product_tag":[],"class_list":{"0":"post-110561","1":"product","2":"type-product","3":"status-publish","4":"has-post-thumbnail","6":"product_cat-autoayuda","8":"first","9":"instock","10":"shipping-taxable","11":"product-type-simple"},"acf":{"autor":[110410],"enlace_de_compra":"https:\/\/www.amazon.es\/El-poder-gratitud-Arellano\/dp\/B0FFMLSQFG\/ref=sr_1_9?__mk_es_ES=%C3%85M%C3%85%C5%BD%C3%95%C3%91&crid=3Q6F2NNKXYJQQ&dib=eyJ2IjoiMSJ9.8G5dRJ20Lqq_DPvwuajKuo2w11GJuge6nvBdxWHXiSCe-7G5MwIYGDbVzoPnrC_ZYz-JzsBcMNfzwlBxQymPeVTevd-3_z2DPBb-cfVL8v3utFiRrU4st18AHV7xtmNyISOhH8NghYK89YlXbSbUBXVGVdxgsQdjOOvM76VBzXJ4iko2VaYZWe8Vi3HEVmniNTYSMHVS2YjNNjuoC2BY3K3rl1EdqHYaTo8jN_9L7et53ewhLFopa3yYDdqcWXt7ws8AFzRmfcedbq5OPUtGqElse-Qzj4l7uVOr8q1lVhU.uDkAOjkBWDMKOSv1alJrNObnTht3WXUMU-T-Lwk_Wc8&dib_tag=se&keywords=el+poder+de+la+gratitud&qid=1767013083&sprefix=el+poder+de+la+gratitud%2Caps%2C291&sr=8-9"},"yoast_head":"<!-- This site is optimized with the Yoast SEO plugin v27.4 - https:\/\/yoast.com\/product\/yoast-seo-wordpress\/ -->\n<title>El poder de la gratitud - Catalogo | Letrame Grupo Editorial<\/title>\n<meta name=\"robots\" content=\"index, follow, max-snippet:-1, max-image-preview:large, max-video-preview:-1\" \/>\n<link rel=\"canonical\" href=\"https:\/\/letrame.com\/catalogo\/producto\/el-poder-de-la-gratitud\/\" \/>\n<meta property=\"og:locale\" content=\"es_ES\" \/>\n<meta property=\"og:type\" content=\"article\" \/>\n<meta property=\"og:title\" content=\"El poder de la gratitud - Catalogo | Letrame Grupo Editorial\" \/>\n<meta property=\"og:description\" content=\"ISBN:\u00a0 979-13-7012-278-2 SINOPSIS No es un libro. Es un mapa. Uno que empieza en lo humano... y te lleva a lo eterno. A. Arellano construye una traves\u00eda que avanza paso a paso, con precisi\u00f3n y prop\u00f3sito, uniendo ciencia y espiritualidad para revelar una verdad olvidada: la gratitud no es solo una emoci\u00f3n, es una fuerza capaz de redise\u00f1ar tu manera de vivir. A lo largo de seis etapas progresivas \u2014del ego al amor, del sufrimiento a lo eterno\u2014 el lector es guiado de forma did\u00e1ctica, clara y profundamente humana, a trav\u00e9s de meditaciones, reflexiones y ejercicios pr\u00e1cticos que abren el camino hacia el asombro, la expansi\u00f3n y la reconfiguraci\u00f3n de la percepci\u00f3n. Este viaje culmina con un programa de pr\u00e1ctica consciente que se extiende a lo largo de un a\u00f1o, donde cada mes propone una experiencia concreta para integrar la gratitud como herramienta transformadora en la vida cotidiana. El poder de la gratitud entrelaza f\u00edsica, neurociencia, mitolog\u00eda y sabidur\u00eda ancestral con una pedagog\u00eda suave, que respeta los ritmos del lector y entrega claves para comenzar a despertar de manera real y vivencial. No es autoayuda. No es religi\u00f3n. Es un regreso a la memoria original del alma. Una invitaci\u00f3n a redescubrir lo extraordinario en lo ordinario... y a despertar a quien siempre fuiste, aunque lo hubieras olvidado.\" \/>\n<meta property=\"og:url\" content=\"https:\/\/letrame.com\/catalogo\/producto\/el-poder-de-la-gratitud\/\" \/>\n<meta property=\"og:site_name\" content=\"Catalogo | Letrame Grupo Editorial\" \/>\n<meta property=\"og:image\" content=\"https:\/\/letrame.com\/catalogo\/wp-content\/uploads\/2025\/12\/elpoderdelagradecimiento_974mm4-scaled.jpg\" \/>\n\t<meta property=\"og:image:width\" content=\"1670\" \/>\n\t<meta property=\"og:image:height\" content=\"2560\" \/>\n\t<meta property=\"og:image:type\" content=\"image\/jpeg\" \/>\n<meta name=\"twitter:card\" content=\"summary_large_image\" \/>\n<meta name=\"twitter:label1\" content=\"Tiempo de lectura\" \/>\n\t<meta name=\"twitter:data1\" content=\"2 minutos\" \/>\n<script type=\"application\/ld+json\" class=\"yoast-schema-graph\">{\"@context\":\"https:\\\/\\\/schema.org\",\"@graph\":[{\"@type\":\"WebPage\",\"@id\":\"https:\\\/\\\/letrame.com\\\/catalogo\\\/producto\\\/el-poder-de-la-gratitud\\\/\",\"url\":\"https:\\\/\\\/letrame.com\\\/catalogo\\\/producto\\\/el-poder-de-la-gratitud\\\/\",\"name\":\"El poder de la gratitud - Catalogo | Letrame Grupo Editorial\",\"isPartOf\":{\"@id\":\"https:\\\/\\\/letrame.com\\\/catalogo\\\/#website\"},\"primaryImageOfPage\":{\"@id\":\"https:\\\/\\\/letrame.com\\\/catalogo\\\/producto\\\/el-poder-de-la-gratitud\\\/#primaryimage\"},\"image\":{\"@id\":\"https:\\\/\\\/letrame.com\\\/catalogo\\\/producto\\\/el-poder-de-la-gratitud\\\/#primaryimage\"},\"thumbnailUrl\":\"https:\\\/\\\/letrame.com\\\/catalogo\\\/wp-content\\\/uploads\\\/2025\\\/12\\\/elpoderdelagradecimiento_974mm4-scaled.jpg\",\"datePublished\":\"2025-12-29T13:59:17+00:00\",\"breadcrumb\":{\"@id\":\"https:\\\/\\\/letrame.com\\\/catalogo\\\/producto\\\/el-poder-de-la-gratitud\\\/#breadcrumb\"},\"inLanguage\":\"es\",\"potentialAction\":[{\"@type\":\"ReadAction\",\"target\":[\"https:\\\/\\\/letrame.com\\\/catalogo\\\/producto\\\/el-poder-de-la-gratitud\\\/\"]}]},{\"@type\":\"ImageObject\",\"inLanguage\":\"es\",\"@id\":\"https:\\\/\\\/letrame.com\\\/catalogo\\\/producto\\\/el-poder-de-la-gratitud\\\/#primaryimage\",\"url\":\"https:\\\/\\\/letrame.com\\\/catalogo\\\/wp-content\\\/uploads\\\/2025\\\/12\\\/elpoderdelagradecimiento_974mm4-scaled.jpg\",\"contentUrl\":\"https:\\\/\\\/letrame.com\\\/catalogo\\\/wp-content\\\/uploads\\\/2025\\\/12\\\/elpoderdelagradecimiento_974mm4-scaled.jpg\",\"width\":1670,\"height\":2560},{\"@type\":\"BreadcrumbList\",\"@id\":\"https:\\\/\\\/letrame.com\\\/catalogo\\\/producto\\\/el-poder-de-la-gratitud\\\/#breadcrumb\",\"itemListElement\":[{\"@type\":\"ListItem\",\"position\":1,\"name\":\"Portada\",\"item\":\"https:\\\/\\\/letrame.com\\\/catalogo\\\/\"},{\"@type\":\"ListItem\",\"position\":2,\"name\":\"Cat\u00e1logo\",\"item\":\"https:\\\/\\\/letrame.com\\\/catalogo\\\/\"},{\"@type\":\"ListItem\",\"position\":3,\"name\":\"El poder de la gratitud\"}]},{\"@type\":\"WebSite\",\"@id\":\"https:\\\/\\\/letrame.com\\\/catalogo\\\/#website\",\"url\":\"https:\\\/\\\/letrame.com\\\/catalogo\\\/\",\"name\":\"Catalogo | Letrame Grupo Editorial\",\"description\":\"\",\"publisher\":{\"@id\":\"https:\\\/\\\/letrame.com\\\/catalogo\\\/#organization\"},\"potentialAction\":[{\"@type\":\"SearchAction\",\"target\":{\"@type\":\"EntryPoint\",\"urlTemplate\":\"https:\\\/\\\/letrame.com\\\/catalogo\\\/?s={search_term_string}\"},\"query-input\":{\"@type\":\"PropertyValueSpecification\",\"valueRequired\":true,\"valueName\":\"search_term_string\"}}],\"inLanguage\":\"es\"},{\"@type\":\"Organization\",\"@id\":\"https:\\\/\\\/letrame.com\\\/catalogo\\\/#organization\",\"name\":\"Catalogo | Letrame Grupo Editorial\",\"url\":\"https:\\\/\\\/letrame.com\\\/catalogo\\\/\",\"logo\":{\"@type\":\"ImageObject\",\"inLanguage\":\"es\",\"@id\":\"https:\\\/\\\/letrame.com\\\/catalogo\\\/#\\\/schema\\\/logo\\\/image\\\/\",\"url\":\"https:\\\/\\\/letrame.com\\\/catalogo\\\/wp-content\\\/uploads\\\/2024\\\/03\\\/logo2.webp\",\"contentUrl\":\"https:\\\/\\\/letrame.com\\\/catalogo\\\/wp-content\\\/uploads\\\/2024\\\/03\\\/logo2.webp\",\"width\":394,\"height\":128,\"caption\":\"Catalogo | Letrame Grupo Editorial\"},\"image\":{\"@id\":\"https:\\\/\\\/letrame.com\\\/catalogo\\\/#\\\/schema\\\/logo\\\/image\\\/\"}}]}<\/script>\n<!-- \/ Yoast SEO plugin. -->","yoast_head_json":{"title":"El poder de la gratitud - Catalogo | Letrame Grupo Editorial","robots":{"index":"index","follow":"follow","max-snippet":"max-snippet:-1","max-image-preview":"max-image-preview:large","max-video-preview":"max-video-preview:-1"},"canonical":"https:\/\/letrame.com\/catalogo\/producto\/el-poder-de-la-gratitud\/","og_locale":"es_ES","og_type":"article","og_title":"El poder de la gratitud - Catalogo | Letrame Grupo Editorial","og_description":"ISBN:\u00a0 979-13-7012-278-2 SINOPSIS No es un libro. Es un mapa. Uno que empieza en lo humano... y te lleva a lo eterno. A. Arellano construye una traves\u00eda que avanza paso a paso, con precisi\u00f3n y prop\u00f3sito, uniendo ciencia y espiritualidad para revelar una verdad olvidada: la gratitud no es solo una emoci\u00f3n, es una fuerza capaz de redise\u00f1ar tu manera de vivir. A lo largo de seis etapas progresivas \u2014del ego al amor, del sufrimiento a lo eterno\u2014 el lector es guiado de forma did\u00e1ctica, clara y profundamente humana, a trav\u00e9s de meditaciones, reflexiones y ejercicios pr\u00e1cticos que abren el camino hacia el asombro, la expansi\u00f3n y la reconfiguraci\u00f3n de la percepci\u00f3n. Este viaje culmina con un programa de pr\u00e1ctica consciente que se extiende a lo largo de un a\u00f1o, donde cada mes propone una experiencia concreta para integrar la gratitud como herramienta transformadora en la vida cotidiana. El poder de la gratitud entrelaza f\u00edsica, neurociencia, mitolog\u00eda y sabidur\u00eda ancestral con una pedagog\u00eda suave, que respeta los ritmos del lector y entrega claves para comenzar a despertar de manera real y vivencial. No es autoayuda. No es religi\u00f3n. Es un regreso a la memoria original del alma. Una invitaci\u00f3n a redescubrir lo extraordinario en lo ordinario... y a despertar a quien siempre fuiste, aunque lo hubieras olvidado.","og_url":"https:\/\/letrame.com\/catalogo\/producto\/el-poder-de-la-gratitud\/","og_site_name":"Catalogo | Letrame Grupo Editorial","og_image":[{"width":1670,"height":2560,"url":"https:\/\/letrame.com\/catalogo\/wp-content\/uploads\/2025\/12\/elpoderdelagradecimiento_974mm4-scaled.jpg","type":"image\/jpeg"}],"twitter_card":"summary_large_image","twitter_misc":{"Tiempo de lectura":"2 minutos"},"schema":{"@context":"https:\/\/schema.org","@graph":[{"@type":"WebPage","@id":"https:\/\/letrame.com\/catalogo\/producto\/el-poder-de-la-gratitud\/","url":"https:\/\/letrame.com\/catalogo\/producto\/el-poder-de-la-gratitud\/","name":"El poder de la gratitud - Catalogo | Letrame Grupo Editorial","isPartOf":{"@id":"https:\/\/letrame.com\/catalogo\/#website"},"primaryImageOfPage":{"@id":"https:\/\/letrame.com\/catalogo\/producto\/el-poder-de-la-gratitud\/#primaryimage"},"image":{"@id":"https:\/\/letrame.com\/catalogo\/producto\/el-poder-de-la-gratitud\/#primaryimage"},"thumbnailUrl":"https:\/\/letrame.com\/catalogo\/wp-content\/uploads\/2025\/12\/elpoderdelagradecimiento_974mm4-scaled.jpg","datePublished":"2025-12-29T13:59:17+00:00","breadcrumb":{"@id":"https:\/\/letrame.com\/catalogo\/producto\/el-poder-de-la-gratitud\/#breadcrumb"},"inLanguage":"es","potentialAction":[{"@type":"ReadAction","target":["https:\/\/letrame.com\/catalogo\/producto\/el-poder-de-la-gratitud\/"]}]},{"@type":"ImageObject","inLanguage":"es","@id":"https:\/\/letrame.com\/catalogo\/producto\/el-poder-de-la-gratitud\/#primaryimage","url":"https:\/\/letrame.com\/catalogo\/wp-content\/uploads\/2025\/12\/elpoderdelagradecimiento_974mm4-scaled.jpg","contentUrl":"https:\/\/letrame.com\/catalogo\/wp-content\/uploads\/2025\/12\/elpoderdelagradecimiento_974mm4-scaled.jpg","width":1670,"height":2560},{"@type":"BreadcrumbList","@id":"https:\/\/letrame.com\/catalogo\/producto\/el-poder-de-la-gratitud\/#breadcrumb","itemListElement":[{"@type":"ListItem","position":1,"name":"Portada","item":"https:\/\/letrame.com\/catalogo\/"},{"@type":"ListItem","position":2,"name":"Cat\u00e1logo","item":"https:\/\/letrame.com\/catalogo\/"},{"@type":"ListItem","position":3,"name":"El poder de la gratitud"}]},{"@type":"WebSite","@id":"https:\/\/letrame.com\/catalogo\/#website","url":"https:\/\/letrame.com\/catalogo\/","name":"Catalogo | Letrame Grupo Editorial","description":"","publisher":{"@id":"https:\/\/letrame.com\/catalogo\/#organization"},"potentialAction":[{"@type":"SearchAction","target":{"@type":"EntryPoint","urlTemplate":"https:\/\/letrame.com\/catalogo\/?s={search_term_string}"},"query-input":{"@type":"PropertyValueSpecification","valueRequired":true,"valueName":"search_term_string"}}],"inLanguage":"es"},{"@type":"Organization","@id":"https:\/\/letrame.com\/catalogo\/#organization","name":"Catalogo | Letrame Grupo Editorial","url":"https:\/\/letrame.com\/catalogo\/","logo":{"@type":"ImageObject","inLanguage":"es","@id":"https:\/\/letrame.com\/catalogo\/#\/schema\/logo\/image\/","url":"https:\/\/letrame.com\/catalogo\/wp-content\/uploads\/2024\/03\/logo2.webp","contentUrl":"https:\/\/letrame.com\/catalogo\/wp-content\/uploads\/2024\/03\/logo2.webp","width":394,"height":128,"caption":"Catalogo | Letrame Grupo Editorial"},"image":{"@id":"https:\/\/letrame.com\/catalogo\/#\/schema\/logo\/image\/"}}]}},"_links":{"self":[{"href":"https:\/\/letrame.com\/catalogo\/wp-json\/wp\/v2\/product\/110561","targetHints":{"allow":["GET"]}}],"collection":[{"href":"https:\/\/letrame.com\/catalogo\/wp-json\/wp\/v2\/product"}],"about":[{"href":"https:\/\/letrame.com\/catalogo\/wp-json\/wp\/v2\/types\/product"}],"replies":[{"embeddable":true,"href":"https:\/\/letrame.com\/catalogo\/wp-json\/wp\/v2\/comments?post=110561"}],"acf:post":[{"embeddable":true,"href":"https:\/\/letrame.com\/catalogo\/wp-json\/wp\/v2\/author_book\/110410"}],"wp:featuredmedia":[{"embeddable":true,"href":"https:\/\/letrame.com\/catalogo\/wp-json\/wp\/v2\/media\/110563"}],"wp:attachment":[{"href":"https:\/\/letrame.com\/catalogo\/wp-json\/wp\/v2\/media?parent=110561"}],"wp:term":[{"taxonomy":"libro","embeddable":true,"href":"https:\/\/letrame.com\/catalogo\/wp-json\/wp\/v2\/libro?post=110561"},{"taxonomy":"product_brand","embeddable":true,"href":"https:\/\/letrame.com\/catalogo\/wp-json\/wp\/v2\/product_brand?post=110561"},{"taxonomy":"product_cat","embeddable":true,"href":"https:\/\/letrame.com\/catalogo\/wp-json\/wp\/v2\/product_cat?post=110561"},{"taxonomy":"product_tag","embeddable":true,"href":"https:\/\/letrame.com\/catalogo\/wp-json\/wp\/v2\/product_tag?post=110561"}],"curies":[{"name":"wp","href":"https:\/\/api.w.org\/{rel}","templated":true}]}}