{"id":110555,"date":"2025-12-29T13:56:32","date_gmt":"2025-12-29T12:56:32","guid":{"rendered":"https:\/\/letrame.com\/catalogo\/?post_type=product&#038;p=110555"},"modified":"2025-12-29T13:56:32","modified_gmt":"2025-12-29T12:56:32","slug":"ansie-dark","status":"publish","type":"product","link":"https:\/\/letrame.com\/catalogo\/producto\/ansie-dark\/","title":{"rendered":"Ansie-dark"},"content":{"rendered":"<p class=\"p1\"><b>ISBN:\u00a0 <\/b>979-13-7012-285-0<\/p>\n<p class=\"p1\"><b>T\u00edtulo:\u00a0<\/b>Ansie-dark<br \/>\n<b>Fecha:\u00a0<\/b>2025<br \/>\n<b>P\u00e1ginas:\u00a0<\/b>122<b><\/b><\/p>\n<p class=\"p1\"><b>SINOPSIS<\/b><\/p>\n<p>La primera vez que o\u00ed hablar de la ansiedad, no me imagin\u00e9 lo mucho que sab\u00eda sobre ella. Ya me hab\u00eda inundado el cuerpo varias veces, disfrazada de gripes, dolores de cabeza, angustias, hiperproductividad y noches sin dormir.<br \/>\nLa ansiedad es como una sombra que nunca te suelta. A veces susurra, otras grita. A veces s\u00f3lo te aprieta el pecho, pero muchas otras te deja sin aire. Y, sobre todo, te obliga a mirarte en el espejo de una manera que pocos se atreven.<br \/>\nAnsie-dark es un recorrido por los pensamientos que me enredan, por las emociones que desbordan y por la piel que siente demasiado. Un mapa sin destino, un diario sin fechas, un susurro en mitad del ruido. Es la voz que tiembla, el cuerpo que resiste, la mente que se pierde y se encuentra en el mismo instante. Son palabras que arden, fotograf\u00edas que hablan y silencios que gritan. Aqu\u00ed te abro mi mundo sin filtros, con textos e im\u00e1genes que no buscan respuestas, sino acompa\u00f1arte en cada una de tus preguntas.<br \/>\nSi alguna vez te sentiste atrapado en tu propia mente, si alguna vez tuviste un nudo en la garganta que nadie ve\u00eda, si alguna vez quisiste gritar y solo sali\u00f3 silencio, este libro es un espejo donde quiz\u00e1s te reconozcas y te sirva de compa\u00f1\u00eda en esos momentos donde m\u00e1s solo te encuentres.<br \/>\nY, si por el contrario, tienes la fortuna de nunca haberla padecido, intentar\u00e9 explicarte qu\u00e9 sentimos aquellos que no gozamos de esa misma suerte, pero que aun as\u00ed, no dejamos de intentarlo.<br \/>\nPorque la ansiedad no solo duele, tambi\u00e9n transforma. Y a veces, en su caos, nos ayuda a encontrarnos.<\/p>\n","protected":false},"excerpt":{"rendered":"<p class=\"p1\"><b>ISBN:\u00a0 <\/b>979-13-7012-285-0<\/p>\n<p class=\"p1\"><b>SINOPSIS<\/b><\/p>\n<p>La primera vez que o\u00ed hablar de la ansiedad, no me imagin\u00e9 lo mucho que sab\u00eda sobre ella. Ya me hab\u00eda inundado el cuerpo varias veces, disfrazada de gripes, dolores de cabeza, angustias, hiperproductividad y noches sin dormir.<br \/>\nLa ansiedad es como una sombra que nunca te suelta. A veces susurra, otras grita. A veces s\u00f3lo te aprieta el pecho, pero muchas otras te deja sin aire. Y, sobre todo, te obliga a mirarte en el espejo de una manera que pocos se atreven.<br \/>\nAnsie-dark es un recorrido por los pensamientos que me enredan, por las emociones que desbordan y por la piel que siente demasiado. Un mapa sin destino, un diario sin fechas, un susurro en mitad del ruido. Es la voz que tiembla, el cuerpo que resiste, la mente que se pierde y se encuentra en el mismo instante. Son palabras que arden, fotograf\u00edas que hablan y silencios que gritan. Aqu\u00ed te abro mi mundo sin filtros, con textos e im\u00e1genes que no buscan respuestas, sino acompa\u00f1arte en cada una de tus preguntas.<br \/>\nSi alguna vez te sentiste atrapado en tu propia mente, si alguna vez tuviste un nudo en la garganta que nadie ve\u00eda, si alguna vez quisiste gritar y solo sali\u00f3 silencio, este libro es un espejo donde quiz\u00e1s te reconozcas y te sirva de compa\u00f1\u00eda en esos momentos donde m\u00e1s solo te encuentres.<br \/>\nY, si por el contrario, tienes la fortuna de nunca haberla padecido, intentar\u00e9 explicarte qu\u00e9 sentimos aquellos que no gozamos de esa misma suerte, pero que aun as\u00ed, no dejamos de intentarlo.<br \/>\nPorque la ansiedad no solo duele, tambi\u00e9n transforma. Y a veces, en su caos, nos ayuda a encontrarnos.<\/p>\n","protected":false},"featured_media":110559,"comment_status":"open","ping_status":"closed","template":"","meta":{"_acf_changed":false},"libro":[],"product_brand":[],"product_cat":[20],"product_tag":[],"class_list":{"0":"post-110555","1":"product","2":"type-product","3":"status-publish","4":"has-post-thumbnail","6":"product_cat-poesia","8":"first","9":"instock","10":"shipping-taxable","11":"product-type-simple"},"acf":{"autor":[110556],"enlace_de_compra":"https:\/\/www.amazon.es\/Ansie-dark-01-Poes%C3%ADa-Camila-Martinez\/dp\/B0FH2D1WX5\/ref=sr_1_1?__mk_es_ES=%C3%85M%C3%85%C5%BD%C3%95%C3%91&crid=RJJLNFLISPBO&dib=eyJ2IjoiMSJ9.0UdsHPgAGmu3xz4unF7sGA.I9f0acmd1LekjczhBoz-7VGiHCKy5YyGh-8hTThhNiM&dib_tag=se&keywords=Ansie-dark&qid=1767012733&sprefix=ansie-dark%2Caps%2C345&sr=8-1"},"yoast_head":"<!-- This site is optimized with the Yoast SEO plugin v26.6 - https:\/\/yoast.com\/wordpress\/plugins\/seo\/ -->\n<title>Ansie-dark - Catalogo | Letrame Grupo Editorial<\/title>\n<meta name=\"robots\" content=\"index, follow, max-snippet:-1, max-image-preview:large, max-video-preview:-1\" \/>\n<link rel=\"canonical\" href=\"https:\/\/letrame.com\/catalogo\/producto\/ansie-dark\/\" \/>\n<meta property=\"og:locale\" content=\"es_ES\" \/>\n<meta property=\"og:type\" content=\"article\" \/>\n<meta property=\"og:title\" content=\"Ansie-dark - Catalogo | Letrame Grupo Editorial\" \/>\n<meta property=\"og:description\" content=\"ISBN:\u00a0 979-13-7012-285-0 SINOPSIS La primera vez que o\u00ed hablar de la ansiedad, no me imagin\u00e9 lo mucho que sab\u00eda sobre ella. Ya me hab\u00eda inundado el cuerpo varias veces, disfrazada de gripes, dolores de cabeza, angustias, hiperproductividad y noches sin dormir. La ansiedad es como una sombra que nunca te suelta. A veces susurra, otras grita. A veces s\u00f3lo te aprieta el pecho, pero muchas otras te deja sin aire. Y, sobre todo, te obliga a mirarte en el espejo de una manera que pocos se atreven. Ansie-dark es un recorrido por los pensamientos que me enredan, por las emociones que desbordan y por la piel que siente demasiado. Un mapa sin destino, un diario sin fechas, un susurro en mitad del ruido. Es la voz que tiembla, el cuerpo que resiste, la mente que se pierde y se encuentra en el mismo instante. Son palabras que arden, fotograf\u00edas que hablan y silencios que gritan. Aqu\u00ed te abro mi mundo sin filtros, con textos e im\u00e1genes que no buscan respuestas, sino acompa\u00f1arte en cada una de tus preguntas. Si alguna vez te sentiste atrapado en tu propia mente, si alguna vez tuviste un nudo en la garganta que nadie ve\u00eda, si alguna vez quisiste gritar y solo sali\u00f3 silencio, este libro es un espejo donde quiz\u00e1s te reconozcas y te sirva de compa\u00f1\u00eda en esos momentos donde m\u00e1s solo te encuentres. Y, si por el contrario, tienes la fortuna de nunca haberla padecido, intentar\u00e9 explicarte qu\u00e9 sentimos aquellos que no gozamos de esa misma suerte, pero que aun as\u00ed, no dejamos de intentarlo. Porque la ansiedad no solo duele, tambi\u00e9n transforma. Y a veces, en su caos, nos ayuda a encontrarnos.\" \/>\n<meta property=\"og:url\" content=\"https:\/\/letrame.com\/catalogo\/producto\/ansie-dark\/\" \/>\n<meta property=\"og:site_name\" content=\"Catalogo | Letrame Grupo Editorial\" \/>\n<meta property=\"og:image\" content=\"https:\/\/letrame.com\/catalogo\/wp-content\/uploads\/2025\/12\/ansiedark_691mm4.jpg\" \/>\n\t<meta property=\"og:image:width\" content=\"1748\" \/>\n\t<meta property=\"og:image:height\" content=\"2480\" \/>\n\t<meta property=\"og:image:type\" content=\"image\/jpeg\" \/>\n<meta name=\"twitter:card\" content=\"summary_large_image\" \/>\n<meta name=\"twitter:label1\" content=\"Tiempo de lectura\" \/>\n\t<meta name=\"twitter:data1\" content=\"2 minutos\" \/>\n<script type=\"application\/ld+json\" class=\"yoast-schema-graph\">{\"@context\":\"https:\/\/schema.org\",\"@graph\":[{\"@type\":\"WebPage\",\"@id\":\"https:\/\/letrame.com\/catalogo\/producto\/ansie-dark\/\",\"url\":\"https:\/\/letrame.com\/catalogo\/producto\/ansie-dark\/\",\"name\":\"Ansie-dark - Catalogo | Letrame Grupo Editorial\",\"isPartOf\":{\"@id\":\"https:\/\/letrame.com\/catalogo\/#website\"},\"primaryImageOfPage\":{\"@id\":\"https:\/\/letrame.com\/catalogo\/producto\/ansie-dark\/#primaryimage\"},\"image\":{\"@id\":\"https:\/\/letrame.com\/catalogo\/producto\/ansie-dark\/#primaryimage\"},\"thumbnailUrl\":\"https:\/\/letrame.com\/catalogo\/wp-content\/uploads\/2025\/12\/ansiedark_691mm4.jpg\",\"datePublished\":\"2025-12-29T12:56:32+00:00\",\"breadcrumb\":{\"@id\":\"https:\/\/letrame.com\/catalogo\/producto\/ansie-dark\/#breadcrumb\"},\"inLanguage\":\"es\",\"potentialAction\":[{\"@type\":\"ReadAction\",\"target\":[\"https:\/\/letrame.com\/catalogo\/producto\/ansie-dark\/\"]}]},{\"@type\":\"ImageObject\",\"inLanguage\":\"es\",\"@id\":\"https:\/\/letrame.com\/catalogo\/producto\/ansie-dark\/#primaryimage\",\"url\":\"https:\/\/letrame.com\/catalogo\/wp-content\/uploads\/2025\/12\/ansiedark_691mm4.jpg\",\"contentUrl\":\"https:\/\/letrame.com\/catalogo\/wp-content\/uploads\/2025\/12\/ansiedark_691mm4.jpg\",\"width\":1748,\"height\":2480},{\"@type\":\"BreadcrumbList\",\"@id\":\"https:\/\/letrame.com\/catalogo\/producto\/ansie-dark\/#breadcrumb\",\"itemListElement\":[{\"@type\":\"ListItem\",\"position\":1,\"name\":\"Portada\",\"item\":\"https:\/\/letrame.com\/catalogo\/\"},{\"@type\":\"ListItem\",\"position\":2,\"name\":\"Cat\u00e1logo\",\"item\":\"https:\/\/letrame.com\/catalogo\/\"},{\"@type\":\"ListItem\",\"position\":3,\"name\":\"Ansie-dark\"}]},{\"@type\":\"WebSite\",\"@id\":\"https:\/\/letrame.com\/catalogo\/#website\",\"url\":\"https:\/\/letrame.com\/catalogo\/\",\"name\":\"Catalogo | Letrame Grupo Editorial\",\"description\":\"\",\"publisher\":{\"@id\":\"https:\/\/letrame.com\/catalogo\/#organization\"},\"potentialAction\":[{\"@type\":\"SearchAction\",\"target\":{\"@type\":\"EntryPoint\",\"urlTemplate\":\"https:\/\/letrame.com\/catalogo\/?s={search_term_string}\"},\"query-input\":{\"@type\":\"PropertyValueSpecification\",\"valueRequired\":true,\"valueName\":\"search_term_string\"}}],\"inLanguage\":\"es\"},{\"@type\":\"Organization\",\"@id\":\"https:\/\/letrame.com\/catalogo\/#organization\",\"name\":\"Catalogo | Letrame Grupo Editorial\",\"url\":\"https:\/\/letrame.com\/catalogo\/\",\"logo\":{\"@type\":\"ImageObject\",\"inLanguage\":\"es\",\"@id\":\"https:\/\/letrame.com\/catalogo\/#\/schema\/logo\/image\/\",\"url\":\"https:\/\/letrame.com\/catalogo\/wp-content\/uploads\/2024\/03\/logo2.webp\",\"contentUrl\":\"https:\/\/letrame.com\/catalogo\/wp-content\/uploads\/2024\/03\/logo2.webp\",\"width\":394,\"height\":128,\"caption\":\"Catalogo | Letrame Grupo Editorial\"},\"image\":{\"@id\":\"https:\/\/letrame.com\/catalogo\/#\/schema\/logo\/image\/\"}}]}<\/script>\n<!-- \/ Yoast SEO plugin. -->","yoast_head_json":{"title":"Ansie-dark - Catalogo | Letrame Grupo Editorial","robots":{"index":"index","follow":"follow","max-snippet":"max-snippet:-1","max-image-preview":"max-image-preview:large","max-video-preview":"max-video-preview:-1"},"canonical":"https:\/\/letrame.com\/catalogo\/producto\/ansie-dark\/","og_locale":"es_ES","og_type":"article","og_title":"Ansie-dark - Catalogo | Letrame Grupo Editorial","og_description":"ISBN:\u00a0 979-13-7012-285-0 SINOPSIS La primera vez que o\u00ed hablar de la ansiedad, no me imagin\u00e9 lo mucho que sab\u00eda sobre ella. Ya me hab\u00eda inundado el cuerpo varias veces, disfrazada de gripes, dolores de cabeza, angustias, hiperproductividad y noches sin dormir. La ansiedad es como una sombra que nunca te suelta. A veces susurra, otras grita. A veces s\u00f3lo te aprieta el pecho, pero muchas otras te deja sin aire. Y, sobre todo, te obliga a mirarte en el espejo de una manera que pocos se atreven. Ansie-dark es un recorrido por los pensamientos que me enredan, por las emociones que desbordan y por la piel que siente demasiado. Un mapa sin destino, un diario sin fechas, un susurro en mitad del ruido. Es la voz que tiembla, el cuerpo que resiste, la mente que se pierde y se encuentra en el mismo instante. Son palabras que arden, fotograf\u00edas que hablan y silencios que gritan. Aqu\u00ed te abro mi mundo sin filtros, con textos e im\u00e1genes que no buscan respuestas, sino acompa\u00f1arte en cada una de tus preguntas. Si alguna vez te sentiste atrapado en tu propia mente, si alguna vez tuviste un nudo en la garganta que nadie ve\u00eda, si alguna vez quisiste gritar y solo sali\u00f3 silencio, este libro es un espejo donde quiz\u00e1s te reconozcas y te sirva de compa\u00f1\u00eda en esos momentos donde m\u00e1s solo te encuentres. Y, si por el contrario, tienes la fortuna de nunca haberla padecido, intentar\u00e9 explicarte qu\u00e9 sentimos aquellos que no gozamos de esa misma suerte, pero que aun as\u00ed, no dejamos de intentarlo. Porque la ansiedad no solo duele, tambi\u00e9n transforma. Y a veces, en su caos, nos ayuda a encontrarnos.","og_url":"https:\/\/letrame.com\/catalogo\/producto\/ansie-dark\/","og_site_name":"Catalogo | Letrame Grupo Editorial","og_image":[{"width":1748,"height":2480,"url":"https:\/\/letrame.com\/catalogo\/wp-content\/uploads\/2025\/12\/ansiedark_691mm4.jpg","type":"image\/jpeg"}],"twitter_card":"summary_large_image","twitter_misc":{"Tiempo de lectura":"2 minutos"},"schema":{"@context":"https:\/\/schema.org","@graph":[{"@type":"WebPage","@id":"https:\/\/letrame.com\/catalogo\/producto\/ansie-dark\/","url":"https:\/\/letrame.com\/catalogo\/producto\/ansie-dark\/","name":"Ansie-dark - Catalogo | Letrame Grupo Editorial","isPartOf":{"@id":"https:\/\/letrame.com\/catalogo\/#website"},"primaryImageOfPage":{"@id":"https:\/\/letrame.com\/catalogo\/producto\/ansie-dark\/#primaryimage"},"image":{"@id":"https:\/\/letrame.com\/catalogo\/producto\/ansie-dark\/#primaryimage"},"thumbnailUrl":"https:\/\/letrame.com\/catalogo\/wp-content\/uploads\/2025\/12\/ansiedark_691mm4.jpg","datePublished":"2025-12-29T12:56:32+00:00","breadcrumb":{"@id":"https:\/\/letrame.com\/catalogo\/producto\/ansie-dark\/#breadcrumb"},"inLanguage":"es","potentialAction":[{"@type":"ReadAction","target":["https:\/\/letrame.com\/catalogo\/producto\/ansie-dark\/"]}]},{"@type":"ImageObject","inLanguage":"es","@id":"https:\/\/letrame.com\/catalogo\/producto\/ansie-dark\/#primaryimage","url":"https:\/\/letrame.com\/catalogo\/wp-content\/uploads\/2025\/12\/ansiedark_691mm4.jpg","contentUrl":"https:\/\/letrame.com\/catalogo\/wp-content\/uploads\/2025\/12\/ansiedark_691mm4.jpg","width":1748,"height":2480},{"@type":"BreadcrumbList","@id":"https:\/\/letrame.com\/catalogo\/producto\/ansie-dark\/#breadcrumb","itemListElement":[{"@type":"ListItem","position":1,"name":"Portada","item":"https:\/\/letrame.com\/catalogo\/"},{"@type":"ListItem","position":2,"name":"Cat\u00e1logo","item":"https:\/\/letrame.com\/catalogo\/"},{"@type":"ListItem","position":3,"name":"Ansie-dark"}]},{"@type":"WebSite","@id":"https:\/\/letrame.com\/catalogo\/#website","url":"https:\/\/letrame.com\/catalogo\/","name":"Catalogo | Letrame Grupo Editorial","description":"","publisher":{"@id":"https:\/\/letrame.com\/catalogo\/#organization"},"potentialAction":[{"@type":"SearchAction","target":{"@type":"EntryPoint","urlTemplate":"https:\/\/letrame.com\/catalogo\/?s={search_term_string}"},"query-input":{"@type":"PropertyValueSpecification","valueRequired":true,"valueName":"search_term_string"}}],"inLanguage":"es"},{"@type":"Organization","@id":"https:\/\/letrame.com\/catalogo\/#organization","name":"Catalogo | Letrame Grupo Editorial","url":"https:\/\/letrame.com\/catalogo\/","logo":{"@type":"ImageObject","inLanguage":"es","@id":"https:\/\/letrame.com\/catalogo\/#\/schema\/logo\/image\/","url":"https:\/\/letrame.com\/catalogo\/wp-content\/uploads\/2024\/03\/logo2.webp","contentUrl":"https:\/\/letrame.com\/catalogo\/wp-content\/uploads\/2024\/03\/logo2.webp","width":394,"height":128,"caption":"Catalogo | Letrame Grupo Editorial"},"image":{"@id":"https:\/\/letrame.com\/catalogo\/#\/schema\/logo\/image\/"}}]}},"_links":{"self":[{"href":"https:\/\/letrame.com\/catalogo\/wp-json\/wp\/v2\/product\/110555","targetHints":{"allow":["GET"]}}],"collection":[{"href":"https:\/\/letrame.com\/catalogo\/wp-json\/wp\/v2\/product"}],"about":[{"href":"https:\/\/letrame.com\/catalogo\/wp-json\/wp\/v2\/types\/product"}],"replies":[{"embeddable":true,"href":"https:\/\/letrame.com\/catalogo\/wp-json\/wp\/v2\/comments?post=110555"}],"acf:post":[{"embeddable":true,"href":"https:\/\/letrame.com\/catalogo\/wp-json\/wp\/v2\/author_book\/110556"}],"wp:featuredmedia":[{"embeddable":true,"href":"https:\/\/letrame.com\/catalogo\/wp-json\/wp\/v2\/media\/110559"}],"wp:attachment":[{"href":"https:\/\/letrame.com\/catalogo\/wp-json\/wp\/v2\/media?parent=110555"}],"wp:term":[{"taxonomy":"libro","embeddable":true,"href":"https:\/\/letrame.com\/catalogo\/wp-json\/wp\/v2\/libro?post=110555"},{"taxonomy":"product_brand","embeddable":true,"href":"https:\/\/letrame.com\/catalogo\/wp-json\/wp\/v2\/product_brand?post=110555"},{"taxonomy":"product_cat","embeddable":true,"href":"https:\/\/letrame.com\/catalogo\/wp-json\/wp\/v2\/product_cat?post=110555"},{"taxonomy":"product_tag","embeddable":true,"href":"https:\/\/letrame.com\/catalogo\/wp-json\/wp\/v2\/product_tag?post=110555"}],"curies":[{"name":"wp","href":"https:\/\/api.w.org\/{rel}","templated":true}]}}