{"id":110522,"date":"2025-12-29T13:15:47","date_gmt":"2025-12-29T12:15:47","guid":{"rendered":"https:\/\/letrame.com\/catalogo\/?post_type=product&#038;p=110522"},"modified":"2025-12-29T13:15:48","modified_gmt":"2025-12-29T12:15:48","slug":"rosas-negras","status":"publish","type":"product","link":"https:\/\/letrame.com\/catalogo\/producto\/rosas-negras\/","title":{"rendered":"Rosas negras"},"content":{"rendered":"<p class=\"p1\"><b>ISBN:\u00a0<\/b>979-13-7012-359-8<\/p>\n<p class=\"p1\"><b>T\u00edtulo:\u00a0<\/b>Rosas negras<br \/>\n<b>Fecha:\u00a0<\/b>2025<br \/>\n<b>P\u00e1ginas:\u00a0<\/b>280<b><\/b><\/p>\n<p class=\"p1\"><b>SINOPSIS<\/b><\/p>\n<p>El turno de ma\u00f1ana llega a su fin en la comisar\u00eda de Cala y Peter est\u00e1 contando los minutos para poder irse a casa. Su capit\u00e1n le encarga un caso de homicidio ocurrido en ese momento, el cual acepta a rega\u00f1adientes. Sin saberlo, este le adentrar\u00e1 en un desenfreno de mentiras y traiciones hacia las m\u00e1s altas esteras del poder, donde a medida que avanza la investigaci\u00f3n y se aproxima a la verdad, su vida tomar\u00e1 un camino inesperado de no retorno.<\/p>\n","protected":false},"excerpt":{"rendered":"<p class=\"p1\"><b>ISBN:\u00a0<\/b>979-13-7012-359-8<\/p>\n<p class=\"p1\"><b>SINOPSIS<\/b><\/p>\n<p>El turno de ma\u00f1ana llega a su fin en la comisar\u00eda de Cala y Peter est\u00e1 contando los minutos para poder irse a casa. Su capit\u00e1n le encarga un caso de homicidio ocurrido en ese momento, el cual acepta a rega\u00f1adientes. Sin saberlo, este le adentrar\u00e1 en un desenfreno de mentiras y traiciones hacia las m\u00e1s altas esteras del poder, donde a medida que avanza la investigaci\u00f3n y se aproxima a la verdad, su vida tomar\u00e1 un camino inesperado de no retorno.<\/p>\n","protected":false},"featured_media":110526,"comment_status":"open","ping_status":"closed","template":"","meta":{"_acf_changed":false},"libro":[],"product_brand":[],"product_cat":[51],"product_tag":[],"class_list":{"0":"post-110522","1":"product","2":"type-product","3":"status-publish","4":"has-post-thumbnail","6":"product_cat-novela-negra","8":"first","9":"instock","10":"shipping-taxable","11":"product-type-simple"},"acf":{"autor":[110523],"enlace_de_compra":"https:\/\/www.amazon.es\/Rosas-negras-1-Novela-negra\/dp\/B0FCXLWNKN\/ref=sr_1_1?__mk_es_ES=%C3%85M%C3%85%C5%BD%C3%95%C3%91&crid=27BH46BGILPHZ&dib=eyJ2IjoiMSJ9.pb9bjV68-B1V_Kk50yO6jvrdRZnORzl_K7lQi3m3RVITlnvddcRcOigvifTI_l1OJ26hd9cC7PcqVxLJK5cJvGiUEWHalQmzuUaN-SYl9JufBoDDzUnW6aaZhWyqxxgs-ZCaxFmBP3_Tz1koFNl4lZRq-d-9Sa39pVyRHb1tzOmcGsfPjpX5w2FKo06zJlky7BD7CSLvaOVcWp196SyhISv7k8zxcQe7M3DoA2pTCHIWr4vJs7AQiQslJAUAaAUzmQYLfuy9I19ROyl_D4h-WPWNYF70SGpvsJz2VBwyunQ.UAdyiWzC9ylyQdeKlFwbum7qHV8Xhr7B2eJhrbDFCbU&dib_tag=se&keywords=Rosas+Negras+Letrame&qid=1767010334&sprefix=rosas+negras+letra%2Caps%2C245&sr=8-1"},"yoast_head":"<!-- This site is optimized with the Yoast SEO plugin v26.6 - https:\/\/yoast.com\/wordpress\/plugins\/seo\/ -->\n<title>Rosas negras - Catalogo | Letrame Grupo Editorial<\/title>\n<meta name=\"robots\" content=\"index, follow, max-snippet:-1, max-image-preview:large, max-video-preview:-1\" \/>\n<link rel=\"canonical\" href=\"https:\/\/letrame.com\/catalogo\/producto\/rosas-negras\/\" \/>\n<meta property=\"og:locale\" content=\"es_ES\" \/>\n<meta property=\"og:type\" content=\"article\" \/>\n<meta property=\"og:title\" content=\"Rosas negras - Catalogo | Letrame Grupo Editorial\" \/>\n<meta property=\"og:description\" content=\"ISBN:\u00a0979-13-7012-359-8 SINOPSIS El turno de ma\u00f1ana llega a su fin en la comisar\u00eda de Cala y Peter est\u00e1 contando los minutos para poder irse a casa. Su capit\u00e1n le encarga un caso de homicidio ocurrido en ese momento, el cual acepta a rega\u00f1adientes. Sin saberlo, este le adentrar\u00e1 en un desenfreno de mentiras y traiciones hacia las m\u00e1s altas esteras del poder, donde a medida que avanza la investigaci\u00f3n y se aproxima a la verdad, su vida tomar\u00e1 un camino inesperado de no retorno.\" \/>\n<meta property=\"og:url\" content=\"https:\/\/letrame.com\/catalogo\/producto\/rosas-negras\/\" \/>\n<meta property=\"og:site_name\" content=\"Catalogo | Letrame Grupo Editorial\" \/>\n<meta property=\"article:modified_time\" content=\"2025-12-29T12:15:48+00:00\" \/>\n<meta property=\"og:image\" content=\"https:\/\/letrame.com\/catalogo\/wp-content\/uploads\/2025\/12\/rosasnegras_1398mm4.jpg\" \/>\n\t<meta property=\"og:image:width\" content=\"1772\" \/>\n\t<meta property=\"og:image:height\" content=\"2480\" \/>\n\t<meta property=\"og:image:type\" content=\"image\/jpeg\" \/>\n<meta name=\"twitter:card\" content=\"summary_large_image\" \/>\n<meta name=\"twitter:label1\" content=\"Tiempo de lectura\" \/>\n\t<meta name=\"twitter:data1\" content=\"1 minuto\" \/>\n<script type=\"application\/ld+json\" class=\"yoast-schema-graph\">{\"@context\":\"https:\/\/schema.org\",\"@graph\":[{\"@type\":\"WebPage\",\"@id\":\"https:\/\/letrame.com\/catalogo\/producto\/rosas-negras\/\",\"url\":\"https:\/\/letrame.com\/catalogo\/producto\/rosas-negras\/\",\"name\":\"Rosas negras - Catalogo | Letrame Grupo Editorial\",\"isPartOf\":{\"@id\":\"https:\/\/letrame.com\/catalogo\/#website\"},\"primaryImageOfPage\":{\"@id\":\"https:\/\/letrame.com\/catalogo\/producto\/rosas-negras\/#primaryimage\"},\"image\":{\"@id\":\"https:\/\/letrame.com\/catalogo\/producto\/rosas-negras\/#primaryimage\"},\"thumbnailUrl\":\"https:\/\/letrame.com\/catalogo\/wp-content\/uploads\/2025\/12\/rosasnegras_1398mm4.jpg\",\"datePublished\":\"2025-12-29T12:15:47+00:00\",\"dateModified\":\"2025-12-29T12:15:48+00:00\",\"breadcrumb\":{\"@id\":\"https:\/\/letrame.com\/catalogo\/producto\/rosas-negras\/#breadcrumb\"},\"inLanguage\":\"es\",\"potentialAction\":[{\"@type\":\"ReadAction\",\"target\":[\"https:\/\/letrame.com\/catalogo\/producto\/rosas-negras\/\"]}]},{\"@type\":\"ImageObject\",\"inLanguage\":\"es\",\"@id\":\"https:\/\/letrame.com\/catalogo\/producto\/rosas-negras\/#primaryimage\",\"url\":\"https:\/\/letrame.com\/catalogo\/wp-content\/uploads\/2025\/12\/rosasnegras_1398mm4.jpg\",\"contentUrl\":\"https:\/\/letrame.com\/catalogo\/wp-content\/uploads\/2025\/12\/rosasnegras_1398mm4.jpg\",\"width\":1772,\"height\":2480},{\"@type\":\"BreadcrumbList\",\"@id\":\"https:\/\/letrame.com\/catalogo\/producto\/rosas-negras\/#breadcrumb\",\"itemListElement\":[{\"@type\":\"ListItem\",\"position\":1,\"name\":\"Portada\",\"item\":\"https:\/\/letrame.com\/catalogo\/\"},{\"@type\":\"ListItem\",\"position\":2,\"name\":\"Cat\u00e1logo\",\"item\":\"https:\/\/letrame.com\/catalogo\/\"},{\"@type\":\"ListItem\",\"position\":3,\"name\":\"Rosas negras\"}]},{\"@type\":\"WebSite\",\"@id\":\"https:\/\/letrame.com\/catalogo\/#website\",\"url\":\"https:\/\/letrame.com\/catalogo\/\",\"name\":\"Catalogo | Letrame Grupo Editorial\",\"description\":\"\",\"publisher\":{\"@id\":\"https:\/\/letrame.com\/catalogo\/#organization\"},\"potentialAction\":[{\"@type\":\"SearchAction\",\"target\":{\"@type\":\"EntryPoint\",\"urlTemplate\":\"https:\/\/letrame.com\/catalogo\/?s={search_term_string}\"},\"query-input\":{\"@type\":\"PropertyValueSpecification\",\"valueRequired\":true,\"valueName\":\"search_term_string\"}}],\"inLanguage\":\"es\"},{\"@type\":\"Organization\",\"@id\":\"https:\/\/letrame.com\/catalogo\/#organization\",\"name\":\"Catalogo | Letrame Grupo Editorial\",\"url\":\"https:\/\/letrame.com\/catalogo\/\",\"logo\":{\"@type\":\"ImageObject\",\"inLanguage\":\"es\",\"@id\":\"https:\/\/letrame.com\/catalogo\/#\/schema\/logo\/image\/\",\"url\":\"https:\/\/letrame.com\/catalogo\/wp-content\/uploads\/2024\/03\/logo2.webp\",\"contentUrl\":\"https:\/\/letrame.com\/catalogo\/wp-content\/uploads\/2024\/03\/logo2.webp\",\"width\":394,\"height\":128,\"caption\":\"Catalogo | Letrame Grupo Editorial\"},\"image\":{\"@id\":\"https:\/\/letrame.com\/catalogo\/#\/schema\/logo\/image\/\"}}]}<\/script>\n<!-- \/ Yoast SEO plugin. -->","yoast_head_json":{"title":"Rosas negras - Catalogo | Letrame Grupo Editorial","robots":{"index":"index","follow":"follow","max-snippet":"max-snippet:-1","max-image-preview":"max-image-preview:large","max-video-preview":"max-video-preview:-1"},"canonical":"https:\/\/letrame.com\/catalogo\/producto\/rosas-negras\/","og_locale":"es_ES","og_type":"article","og_title":"Rosas negras - Catalogo | Letrame Grupo Editorial","og_description":"ISBN:\u00a0979-13-7012-359-8 SINOPSIS El turno de ma\u00f1ana llega a su fin en la comisar\u00eda de Cala y Peter est\u00e1 contando los minutos para poder irse a casa. Su capit\u00e1n le encarga un caso de homicidio ocurrido en ese momento, el cual acepta a rega\u00f1adientes. Sin saberlo, este le adentrar\u00e1 en un desenfreno de mentiras y traiciones hacia las m\u00e1s altas esteras del poder, donde a medida que avanza la investigaci\u00f3n y se aproxima a la verdad, su vida tomar\u00e1 un camino inesperado de no retorno.","og_url":"https:\/\/letrame.com\/catalogo\/producto\/rosas-negras\/","og_site_name":"Catalogo | Letrame Grupo Editorial","article_modified_time":"2025-12-29T12:15:48+00:00","og_image":[{"width":1772,"height":2480,"url":"https:\/\/letrame.com\/catalogo\/wp-content\/uploads\/2025\/12\/rosasnegras_1398mm4.jpg","type":"image\/jpeg"}],"twitter_card":"summary_large_image","twitter_misc":{"Tiempo de lectura":"1 minuto"},"schema":{"@context":"https:\/\/schema.org","@graph":[{"@type":"WebPage","@id":"https:\/\/letrame.com\/catalogo\/producto\/rosas-negras\/","url":"https:\/\/letrame.com\/catalogo\/producto\/rosas-negras\/","name":"Rosas negras - Catalogo | Letrame Grupo Editorial","isPartOf":{"@id":"https:\/\/letrame.com\/catalogo\/#website"},"primaryImageOfPage":{"@id":"https:\/\/letrame.com\/catalogo\/producto\/rosas-negras\/#primaryimage"},"image":{"@id":"https:\/\/letrame.com\/catalogo\/producto\/rosas-negras\/#primaryimage"},"thumbnailUrl":"https:\/\/letrame.com\/catalogo\/wp-content\/uploads\/2025\/12\/rosasnegras_1398mm4.jpg","datePublished":"2025-12-29T12:15:47+00:00","dateModified":"2025-12-29T12:15:48+00:00","breadcrumb":{"@id":"https:\/\/letrame.com\/catalogo\/producto\/rosas-negras\/#breadcrumb"},"inLanguage":"es","potentialAction":[{"@type":"ReadAction","target":["https:\/\/letrame.com\/catalogo\/producto\/rosas-negras\/"]}]},{"@type":"ImageObject","inLanguage":"es","@id":"https:\/\/letrame.com\/catalogo\/producto\/rosas-negras\/#primaryimage","url":"https:\/\/letrame.com\/catalogo\/wp-content\/uploads\/2025\/12\/rosasnegras_1398mm4.jpg","contentUrl":"https:\/\/letrame.com\/catalogo\/wp-content\/uploads\/2025\/12\/rosasnegras_1398mm4.jpg","width":1772,"height":2480},{"@type":"BreadcrumbList","@id":"https:\/\/letrame.com\/catalogo\/producto\/rosas-negras\/#breadcrumb","itemListElement":[{"@type":"ListItem","position":1,"name":"Portada","item":"https:\/\/letrame.com\/catalogo\/"},{"@type":"ListItem","position":2,"name":"Cat\u00e1logo","item":"https:\/\/letrame.com\/catalogo\/"},{"@type":"ListItem","position":3,"name":"Rosas negras"}]},{"@type":"WebSite","@id":"https:\/\/letrame.com\/catalogo\/#website","url":"https:\/\/letrame.com\/catalogo\/","name":"Catalogo | Letrame Grupo Editorial","description":"","publisher":{"@id":"https:\/\/letrame.com\/catalogo\/#organization"},"potentialAction":[{"@type":"SearchAction","target":{"@type":"EntryPoint","urlTemplate":"https:\/\/letrame.com\/catalogo\/?s={search_term_string}"},"query-input":{"@type":"PropertyValueSpecification","valueRequired":true,"valueName":"search_term_string"}}],"inLanguage":"es"},{"@type":"Organization","@id":"https:\/\/letrame.com\/catalogo\/#organization","name":"Catalogo | Letrame Grupo Editorial","url":"https:\/\/letrame.com\/catalogo\/","logo":{"@type":"ImageObject","inLanguage":"es","@id":"https:\/\/letrame.com\/catalogo\/#\/schema\/logo\/image\/","url":"https:\/\/letrame.com\/catalogo\/wp-content\/uploads\/2024\/03\/logo2.webp","contentUrl":"https:\/\/letrame.com\/catalogo\/wp-content\/uploads\/2024\/03\/logo2.webp","width":394,"height":128,"caption":"Catalogo | Letrame Grupo Editorial"},"image":{"@id":"https:\/\/letrame.com\/catalogo\/#\/schema\/logo\/image\/"}}]}},"_links":{"self":[{"href":"https:\/\/letrame.com\/catalogo\/wp-json\/wp\/v2\/product\/110522","targetHints":{"allow":["GET"]}}],"collection":[{"href":"https:\/\/letrame.com\/catalogo\/wp-json\/wp\/v2\/product"}],"about":[{"href":"https:\/\/letrame.com\/catalogo\/wp-json\/wp\/v2\/types\/product"}],"replies":[{"embeddable":true,"href":"https:\/\/letrame.com\/catalogo\/wp-json\/wp\/v2\/comments?post=110522"}],"acf:post":[{"embeddable":true,"href":"https:\/\/letrame.com\/catalogo\/wp-json\/wp\/v2\/author_book\/110523"}],"wp:featuredmedia":[{"embeddable":true,"href":"https:\/\/letrame.com\/catalogo\/wp-json\/wp\/v2\/media\/110526"}],"wp:attachment":[{"href":"https:\/\/letrame.com\/catalogo\/wp-json\/wp\/v2\/media?parent=110522"}],"wp:term":[{"taxonomy":"libro","embeddable":true,"href":"https:\/\/letrame.com\/catalogo\/wp-json\/wp\/v2\/libro?post=110522"},{"taxonomy":"product_brand","embeddable":true,"href":"https:\/\/letrame.com\/catalogo\/wp-json\/wp\/v2\/product_brand?post=110522"},{"taxonomy":"product_cat","embeddable":true,"href":"https:\/\/letrame.com\/catalogo\/wp-json\/wp\/v2\/product_cat?post=110522"},{"taxonomy":"product_tag","embeddable":true,"href":"https:\/\/letrame.com\/catalogo\/wp-json\/wp\/v2\/product_tag?post=110522"}],"curies":[{"name":"wp","href":"https:\/\/api.w.org\/{rel}","templated":true}]}}