{"id":110511,"date":"2025-12-29T13:02:30","date_gmt":"2025-12-29T12:02:30","guid":{"rendered":"https:\/\/letrame.com\/catalogo\/?post_type=product&#038;p=110511"},"modified":"2025-12-29T13:02:30","modified_gmt":"2025-12-29T12:02:30","slug":"historias-al-calor-de-la-lumbre-2o-edicion","status":"publish","type":"product","link":"https:\/\/letrame.com\/catalogo\/producto\/historias-al-calor-de-la-lumbre-2o-edicion\/","title":{"rendered":"Historias al calor de la lumbre. 2\u00ba Edici\u00f3n"},"content":{"rendered":"<p class=\"p1\"><b>ISBN: <\/b>979-13-7012-870-8<\/p>\n<p class=\"p1\"><b>T\u00edtulo:\u00a0<\/b>Historias al calor de la lumbre. 2\u00ba Edici\u00f3n<br \/>\n<b>Fecha:\u00a0<\/b>2025<br \/>\n<b>P\u00e1ginas:\u00a0<\/b>272<b><\/b><\/p>\n<p class=\"p1\"><b>SINOPSIS<\/b><\/p>\n<p>El tema del contrabando en los a\u00f1os cincuenta y sesenta en el Pa\u00eds Vasco tuvo gran repercusi\u00f3n, a pesar de no ser suficientemente conocido. Dej\u00f3 huella, y muchas de las fortunas de hoy en d\u00eda se hicieron en aquellas fechas.<br \/>\nNo ha sido f\u00e1cil documentarme con las personas que lo vivieron, ya que muchas por la edad han fallecido y otras no han deseado rememorar aquellos tiempos. A pesar de ello, vali\u00e9ndome de familiares y amigos \u00edntimos m\u00e1s j\u00f3venes, creo estar lo suficientemente informado para no faltar a la verdad.<br \/>\nEs la historia de los habitantes de un caser\u00edo navarro, los Apaolaza, y sobre todo la de Luna, la m\u00e1s joven de ellos, que en su af\u00e1n de aventuras y no ser menos que los hombres, pasa la muga clandestinamente con mercanc\u00edas que no hab\u00eda en Espa\u00f1a y, m\u00e1s adelante, a jud\u00edos y pilotos ingleses ca\u00eddos en combate, para salvarles de los nazis y de la Guardia Civil, que a pesar de que Espa\u00f1a oficialmente era neutral, los guardias ten\u00edan \u00f3rdenes de disparar a matar.<br \/>\nLos primeros, una vez en Espa\u00f1a, eran conducidos por redes ilegales hasta Lisboa, donde embarcaban rumbo a Am\u00e9rica. Los pilotos, a trav\u00e9s de las embajadas, eran trasladados a Gibraltar y desde all\u00ed a Inglaterra.<\/p>\n","protected":false},"excerpt":{"rendered":"<p class=\"p1\"><b>ISBN: <\/b>979-13-7012-870-8<\/p>\n<p class=\"p1\"><b>SINOPSIS<\/b><\/p>\n<p>El tema del contrabando en los a\u00f1os cincuenta y sesenta en el Pa\u00eds Vasco tuvo gran repercusi\u00f3n, a pesar de no ser suficientemente conocido. Dej\u00f3 huella, y muchas de las fortunas de hoy en d\u00eda se hicieron en aquellas fechas.<br \/>\nNo ha sido f\u00e1cil documentarme con las personas que lo vivieron, ya que muchas por la edad han fallecido y otras no han deseado rememorar aquellos tiempos. A pesar de ello, vali\u00e9ndome de familiares y amigos \u00edntimos m\u00e1s j\u00f3venes, creo estar lo suficientemente informado para no faltar a la verdad.<br \/>\nEs la historia de los habitantes de un caser\u00edo navarro, los Apaolaza, y sobre todo la de Luna, la m\u00e1s joven de ellos, que en su af\u00e1n de aventuras y no ser menos que los hombres, pasa la muga clandestinamente con mercanc\u00edas que no hab\u00eda en Espa\u00f1a y, m\u00e1s adelante, a jud\u00edos y pilotos ingleses ca\u00eddos en combate, para salvarles de los nazis y de la Guardia Civil, que a pesar de que Espa\u00f1a oficialmente era neutral, los guardias ten\u00edan \u00f3rdenes de disparar a matar.<br \/>\nLos primeros, una vez en Espa\u00f1a, eran conducidos por redes ilegales hasta Lisboa, donde embarcaban rumbo a Am\u00e9rica. Los pilotos, a trav\u00e9s de las embajadas, eran trasladados a Gibraltar y desde all\u00ed a Inglaterra.<\/p>\n","protected":false},"featured_media":110515,"comment_status":"open","ping_status":"closed","template":"","meta":{"_acf_changed":false},"libro":[],"product_brand":[],"product_cat":[141],"product_tag":[],"class_list":{"0":"post-110511","1":"product","2":"type-product","3":"status-publish","4":"has-post-thumbnail","6":"product_cat-ficcion","8":"first","9":"instock","10":"shipping-taxable","11":"product-type-simple"},"acf":{"autor":[110512],"enlace_de_compra":"https:\/\/www.amazon.es\/Historias-calor-lumbre-Jos%C3%A9-Mensuro\/dp\/B0FZB9WB7T\/ref=sr_1_1?__mk_es_ES=%C3%85M%C3%85%C5%BD%C3%95%C3%91&crid=3T196D17PW1Q&dib=eyJ2IjoiMSJ9.7kdyTl0E6PZ-OJ1VJUcpfyjqsNvmrJUfKdV-Mia_QJPGjHj071QN20LucGBJIEps.oJVxQ2QLb-CXOSD9Wcvq-uQ2w7pA5AGrra1tWunU_w0&dib_tag=se&keywords=historia+al+calor+de+la+lumbre&qid=1767009382&sprefix=historias+al+calor+de+la+lumbre%2Caps%2C329&sr=8-1"},"yoast_head":"<!-- This site is optimized with the Yoast SEO plugin v26.6 - https:\/\/yoast.com\/wordpress\/plugins\/seo\/ -->\n<title>Historias al calor de la lumbre. 2\u00ba Edici\u00f3n - Catalogo | Letrame Grupo Editorial<\/title>\n<meta name=\"robots\" content=\"index, follow, max-snippet:-1, max-image-preview:large, max-video-preview:-1\" \/>\n<link rel=\"canonical\" href=\"https:\/\/letrame.com\/catalogo\/producto\/historias-al-calor-de-la-lumbre-2o-edicion\/\" \/>\n<meta property=\"og:locale\" content=\"es_ES\" \/>\n<meta property=\"og:type\" content=\"article\" \/>\n<meta property=\"og:title\" content=\"Historias al calor de la lumbre. 2\u00ba Edici\u00f3n - Catalogo | Letrame Grupo Editorial\" \/>\n<meta property=\"og:description\" content=\"ISBN: 979-13-7012-870-8 SINOPSIS El tema del contrabando en los a\u00f1os cincuenta y sesenta en el Pa\u00eds Vasco tuvo gran repercusi\u00f3n, a pesar de no ser suficientemente conocido. Dej\u00f3 huella, y muchas de las fortunas de hoy en d\u00eda se hicieron en aquellas fechas. No ha sido f\u00e1cil documentarme con las personas que lo vivieron, ya que muchas por la edad han fallecido y otras no han deseado rememorar aquellos tiempos. A pesar de ello, vali\u00e9ndome de familiares y amigos \u00edntimos m\u00e1s j\u00f3venes, creo estar lo suficientemente informado para no faltar a la verdad. Es la historia de los habitantes de un caser\u00edo navarro, los Apaolaza, y sobre todo la de Luna, la m\u00e1s joven de ellos, que en su af\u00e1n de aventuras y no ser menos que los hombres, pasa la muga clandestinamente con mercanc\u00edas que no hab\u00eda en Espa\u00f1a y, m\u00e1s adelante, a jud\u00edos y pilotos ingleses ca\u00eddos en combate, para salvarles de los nazis y de la Guardia Civil, que a pesar de que Espa\u00f1a oficialmente era neutral, los guardias ten\u00edan \u00f3rdenes de disparar a matar. Los primeros, una vez en Espa\u00f1a, eran conducidos por redes ilegales hasta Lisboa, donde embarcaban rumbo a Am\u00e9rica. Los pilotos, a trav\u00e9s de las embajadas, eran trasladados a Gibraltar y desde all\u00ed a Inglaterra.\" \/>\n<meta property=\"og:url\" content=\"https:\/\/letrame.com\/catalogo\/producto\/historias-al-calor-de-la-lumbre-2o-edicion\/\" \/>\n<meta property=\"og:site_name\" content=\"Catalogo | Letrame Grupo Editorial\" \/>\n<meta property=\"og:image\" content=\"https:\/\/letrame.com\/catalogo\/wp-content\/uploads\/2025\/12\/historiasalcalor_1996mm4-1-scaled.jpg\" \/>\n\t<meta property=\"og:image:width\" content=\"1745\" \/>\n\t<meta property=\"og:image:height\" content=\"2560\" \/>\n\t<meta property=\"og:image:type\" content=\"image\/jpeg\" \/>\n<meta name=\"twitter:card\" content=\"summary_large_image\" \/>\n<meta name=\"twitter:label1\" content=\"Tiempo de lectura\" \/>\n\t<meta name=\"twitter:data1\" content=\"2 minutos\" \/>\n<script type=\"application\/ld+json\" class=\"yoast-schema-graph\">{\"@context\":\"https:\/\/schema.org\",\"@graph\":[{\"@type\":\"WebPage\",\"@id\":\"https:\/\/letrame.com\/catalogo\/producto\/historias-al-calor-de-la-lumbre-2o-edicion\/\",\"url\":\"https:\/\/letrame.com\/catalogo\/producto\/historias-al-calor-de-la-lumbre-2o-edicion\/\",\"name\":\"Historias al calor de la lumbre. 2\u00ba Edici\u00f3n - Catalogo | Letrame Grupo Editorial\",\"isPartOf\":{\"@id\":\"https:\/\/letrame.com\/catalogo\/#website\"},\"primaryImageOfPage\":{\"@id\":\"https:\/\/letrame.com\/catalogo\/producto\/historias-al-calor-de-la-lumbre-2o-edicion\/#primaryimage\"},\"image\":{\"@id\":\"https:\/\/letrame.com\/catalogo\/producto\/historias-al-calor-de-la-lumbre-2o-edicion\/#primaryimage\"},\"thumbnailUrl\":\"https:\/\/letrame.com\/catalogo\/wp-content\/uploads\/2025\/12\/historiasalcalor_1996mm4-1-scaled.jpg\",\"datePublished\":\"2025-12-29T12:02:30+00:00\",\"breadcrumb\":{\"@id\":\"https:\/\/letrame.com\/catalogo\/producto\/historias-al-calor-de-la-lumbre-2o-edicion\/#breadcrumb\"},\"inLanguage\":\"es\",\"potentialAction\":[{\"@type\":\"ReadAction\",\"target\":[\"https:\/\/letrame.com\/catalogo\/producto\/historias-al-calor-de-la-lumbre-2o-edicion\/\"]}]},{\"@type\":\"ImageObject\",\"inLanguage\":\"es\",\"@id\":\"https:\/\/letrame.com\/catalogo\/producto\/historias-al-calor-de-la-lumbre-2o-edicion\/#primaryimage\",\"url\":\"https:\/\/letrame.com\/catalogo\/wp-content\/uploads\/2025\/12\/historiasalcalor_1996mm4-1-scaled.jpg\",\"contentUrl\":\"https:\/\/letrame.com\/catalogo\/wp-content\/uploads\/2025\/12\/historiasalcalor_1996mm4-1-scaled.jpg\",\"width\":1745,\"height\":2560},{\"@type\":\"BreadcrumbList\",\"@id\":\"https:\/\/letrame.com\/catalogo\/producto\/historias-al-calor-de-la-lumbre-2o-edicion\/#breadcrumb\",\"itemListElement\":[{\"@type\":\"ListItem\",\"position\":1,\"name\":\"Portada\",\"item\":\"https:\/\/letrame.com\/catalogo\/\"},{\"@type\":\"ListItem\",\"position\":2,\"name\":\"Cat\u00e1logo\",\"item\":\"https:\/\/letrame.com\/catalogo\/\"},{\"@type\":\"ListItem\",\"position\":3,\"name\":\"Historias al calor de la lumbre. 2\u00ba Edici\u00f3n\"}]},{\"@type\":\"WebSite\",\"@id\":\"https:\/\/letrame.com\/catalogo\/#website\",\"url\":\"https:\/\/letrame.com\/catalogo\/\",\"name\":\"Catalogo | Letrame Grupo Editorial\",\"description\":\"\",\"publisher\":{\"@id\":\"https:\/\/letrame.com\/catalogo\/#organization\"},\"potentialAction\":[{\"@type\":\"SearchAction\",\"target\":{\"@type\":\"EntryPoint\",\"urlTemplate\":\"https:\/\/letrame.com\/catalogo\/?s={search_term_string}\"},\"query-input\":{\"@type\":\"PropertyValueSpecification\",\"valueRequired\":true,\"valueName\":\"search_term_string\"}}],\"inLanguage\":\"es\"},{\"@type\":\"Organization\",\"@id\":\"https:\/\/letrame.com\/catalogo\/#organization\",\"name\":\"Catalogo | Letrame Grupo Editorial\",\"url\":\"https:\/\/letrame.com\/catalogo\/\",\"logo\":{\"@type\":\"ImageObject\",\"inLanguage\":\"es\",\"@id\":\"https:\/\/letrame.com\/catalogo\/#\/schema\/logo\/image\/\",\"url\":\"https:\/\/letrame.com\/catalogo\/wp-content\/uploads\/2024\/03\/logo2.webp\",\"contentUrl\":\"https:\/\/letrame.com\/catalogo\/wp-content\/uploads\/2024\/03\/logo2.webp\",\"width\":394,\"height\":128,\"caption\":\"Catalogo | Letrame Grupo Editorial\"},\"image\":{\"@id\":\"https:\/\/letrame.com\/catalogo\/#\/schema\/logo\/image\/\"}}]}<\/script>\n<!-- \/ Yoast SEO plugin. -->","yoast_head_json":{"title":"Historias al calor de la lumbre. 2\u00ba Edici\u00f3n - Catalogo | Letrame Grupo Editorial","robots":{"index":"index","follow":"follow","max-snippet":"max-snippet:-1","max-image-preview":"max-image-preview:large","max-video-preview":"max-video-preview:-1"},"canonical":"https:\/\/letrame.com\/catalogo\/producto\/historias-al-calor-de-la-lumbre-2o-edicion\/","og_locale":"es_ES","og_type":"article","og_title":"Historias al calor de la lumbre. 2\u00ba Edici\u00f3n - Catalogo | Letrame Grupo Editorial","og_description":"ISBN: 979-13-7012-870-8 SINOPSIS El tema del contrabando en los a\u00f1os cincuenta y sesenta en el Pa\u00eds Vasco tuvo gran repercusi\u00f3n, a pesar de no ser suficientemente conocido. Dej\u00f3 huella, y muchas de las fortunas de hoy en d\u00eda se hicieron en aquellas fechas. No ha sido f\u00e1cil documentarme con las personas que lo vivieron, ya que muchas por la edad han fallecido y otras no han deseado rememorar aquellos tiempos. A pesar de ello, vali\u00e9ndome de familiares y amigos \u00edntimos m\u00e1s j\u00f3venes, creo estar lo suficientemente informado para no faltar a la verdad. Es la historia de los habitantes de un caser\u00edo navarro, los Apaolaza, y sobre todo la de Luna, la m\u00e1s joven de ellos, que en su af\u00e1n de aventuras y no ser menos que los hombres, pasa la muga clandestinamente con mercanc\u00edas que no hab\u00eda en Espa\u00f1a y, m\u00e1s adelante, a jud\u00edos y pilotos ingleses ca\u00eddos en combate, para salvarles de los nazis y de la Guardia Civil, que a pesar de que Espa\u00f1a oficialmente era neutral, los guardias ten\u00edan \u00f3rdenes de disparar a matar. Los primeros, una vez en Espa\u00f1a, eran conducidos por redes ilegales hasta Lisboa, donde embarcaban rumbo a Am\u00e9rica. Los pilotos, a trav\u00e9s de las embajadas, eran trasladados a Gibraltar y desde all\u00ed a Inglaterra.","og_url":"https:\/\/letrame.com\/catalogo\/producto\/historias-al-calor-de-la-lumbre-2o-edicion\/","og_site_name":"Catalogo | Letrame Grupo Editorial","og_image":[{"width":1745,"height":2560,"url":"https:\/\/letrame.com\/catalogo\/wp-content\/uploads\/2025\/12\/historiasalcalor_1996mm4-1-scaled.jpg","type":"image\/jpeg"}],"twitter_card":"summary_large_image","twitter_misc":{"Tiempo de lectura":"2 minutos"},"schema":{"@context":"https:\/\/schema.org","@graph":[{"@type":"WebPage","@id":"https:\/\/letrame.com\/catalogo\/producto\/historias-al-calor-de-la-lumbre-2o-edicion\/","url":"https:\/\/letrame.com\/catalogo\/producto\/historias-al-calor-de-la-lumbre-2o-edicion\/","name":"Historias al calor de la lumbre. 2\u00ba Edici\u00f3n - Catalogo | Letrame Grupo Editorial","isPartOf":{"@id":"https:\/\/letrame.com\/catalogo\/#website"},"primaryImageOfPage":{"@id":"https:\/\/letrame.com\/catalogo\/producto\/historias-al-calor-de-la-lumbre-2o-edicion\/#primaryimage"},"image":{"@id":"https:\/\/letrame.com\/catalogo\/producto\/historias-al-calor-de-la-lumbre-2o-edicion\/#primaryimage"},"thumbnailUrl":"https:\/\/letrame.com\/catalogo\/wp-content\/uploads\/2025\/12\/historiasalcalor_1996mm4-1-scaled.jpg","datePublished":"2025-12-29T12:02:30+00:00","breadcrumb":{"@id":"https:\/\/letrame.com\/catalogo\/producto\/historias-al-calor-de-la-lumbre-2o-edicion\/#breadcrumb"},"inLanguage":"es","potentialAction":[{"@type":"ReadAction","target":["https:\/\/letrame.com\/catalogo\/producto\/historias-al-calor-de-la-lumbre-2o-edicion\/"]}]},{"@type":"ImageObject","inLanguage":"es","@id":"https:\/\/letrame.com\/catalogo\/producto\/historias-al-calor-de-la-lumbre-2o-edicion\/#primaryimage","url":"https:\/\/letrame.com\/catalogo\/wp-content\/uploads\/2025\/12\/historiasalcalor_1996mm4-1-scaled.jpg","contentUrl":"https:\/\/letrame.com\/catalogo\/wp-content\/uploads\/2025\/12\/historiasalcalor_1996mm4-1-scaled.jpg","width":1745,"height":2560},{"@type":"BreadcrumbList","@id":"https:\/\/letrame.com\/catalogo\/producto\/historias-al-calor-de-la-lumbre-2o-edicion\/#breadcrumb","itemListElement":[{"@type":"ListItem","position":1,"name":"Portada","item":"https:\/\/letrame.com\/catalogo\/"},{"@type":"ListItem","position":2,"name":"Cat\u00e1logo","item":"https:\/\/letrame.com\/catalogo\/"},{"@type":"ListItem","position":3,"name":"Historias al calor de la lumbre. 2\u00ba Edici\u00f3n"}]},{"@type":"WebSite","@id":"https:\/\/letrame.com\/catalogo\/#website","url":"https:\/\/letrame.com\/catalogo\/","name":"Catalogo | Letrame Grupo Editorial","description":"","publisher":{"@id":"https:\/\/letrame.com\/catalogo\/#organization"},"potentialAction":[{"@type":"SearchAction","target":{"@type":"EntryPoint","urlTemplate":"https:\/\/letrame.com\/catalogo\/?s={search_term_string}"},"query-input":{"@type":"PropertyValueSpecification","valueRequired":true,"valueName":"search_term_string"}}],"inLanguage":"es"},{"@type":"Organization","@id":"https:\/\/letrame.com\/catalogo\/#organization","name":"Catalogo | Letrame Grupo Editorial","url":"https:\/\/letrame.com\/catalogo\/","logo":{"@type":"ImageObject","inLanguage":"es","@id":"https:\/\/letrame.com\/catalogo\/#\/schema\/logo\/image\/","url":"https:\/\/letrame.com\/catalogo\/wp-content\/uploads\/2024\/03\/logo2.webp","contentUrl":"https:\/\/letrame.com\/catalogo\/wp-content\/uploads\/2024\/03\/logo2.webp","width":394,"height":128,"caption":"Catalogo | Letrame Grupo Editorial"},"image":{"@id":"https:\/\/letrame.com\/catalogo\/#\/schema\/logo\/image\/"}}]}},"_links":{"self":[{"href":"https:\/\/letrame.com\/catalogo\/wp-json\/wp\/v2\/product\/110511","targetHints":{"allow":["GET"]}}],"collection":[{"href":"https:\/\/letrame.com\/catalogo\/wp-json\/wp\/v2\/product"}],"about":[{"href":"https:\/\/letrame.com\/catalogo\/wp-json\/wp\/v2\/types\/product"}],"replies":[{"embeddable":true,"href":"https:\/\/letrame.com\/catalogo\/wp-json\/wp\/v2\/comments?post=110511"}],"acf:post":[{"embeddable":true,"href":"https:\/\/letrame.com\/catalogo\/wp-json\/wp\/v2\/author_book\/110512"}],"wp:featuredmedia":[{"embeddable":true,"href":"https:\/\/letrame.com\/catalogo\/wp-json\/wp\/v2\/media\/110515"}],"wp:attachment":[{"href":"https:\/\/letrame.com\/catalogo\/wp-json\/wp\/v2\/media?parent=110511"}],"wp:term":[{"taxonomy":"libro","embeddable":true,"href":"https:\/\/letrame.com\/catalogo\/wp-json\/wp\/v2\/libro?post=110511"},{"taxonomy":"product_brand","embeddable":true,"href":"https:\/\/letrame.com\/catalogo\/wp-json\/wp\/v2\/product_brand?post=110511"},{"taxonomy":"product_cat","embeddable":true,"href":"https:\/\/letrame.com\/catalogo\/wp-json\/wp\/v2\/product_cat?post=110511"},{"taxonomy":"product_tag","embeddable":true,"href":"https:\/\/letrame.com\/catalogo\/wp-json\/wp\/v2\/product_tag?post=110511"}],"curies":[{"name":"wp","href":"https:\/\/api.w.org\/{rel}","templated":true}]}}