{"id":110499,"date":"2025-12-29T12:50:18","date_gmt":"2025-12-29T11:50:18","guid":{"rendered":"https:\/\/letrame.com\/catalogo\/?post_type=product&#038;p=110499"},"modified":"2025-12-29T12:50:40","modified_gmt":"2025-12-29T11:50:40","slug":"en-el-aula","status":"publish","type":"product","link":"https:\/\/letrame.com\/catalogo\/producto\/en-el-aula\/","title":{"rendered":"En el aula 2"},"content":{"rendered":"<p class=\"p1\"><b>ISBN: <\/b>979-13-7012-294-2<\/p>\n<p class=\"p1\"><b>T\u00edtulo:<\/b> En el aula<br \/>\n<b>Fecha:\u00a0<\/b>2025<br \/>\n<b>P\u00e1ginas:\u00a0<\/b>148<b><\/b><\/p>\n<p class=\"p1\"><b>SINOPSIS<\/b><\/p>\n<p>Cinco Aulas, cada una con una historia basada en hechos reales<\/p>\n<p>Aula 08: Migraci\u00f3n: El valor monetario frente a los sue\u00f1os y la uni\u00f3n de la familia. El n\u00facleo de una sociedad en su m\u00e1xima emancipaci\u00f3n, poniendo como m\u00e1stil a la desesperaci\u00f3n de cre\u00accer sin desarrollar. La cat\u00e1strofe de enmendar a la tiran\u00eda huma\u00acna se confronta con la vacilaci\u00f3n de la ansiedad. La familia en su m\u00e1ximo espejo frente al narcisismo de la mentira y el sacrificio. Un hombre har\u00e1 todo lo posible para emprender un viaje por v\u00eda terrestre a otro pa\u00eds, con el fin de concretar su sue\u00f1o y darle un mejor porvenir a su familia. Calamidad e injusticia.<\/p>\n<p>Aula 09: El gen del miedo: El temor a no sentir miedo es uno de los grandes desaf\u00edos que se impone en cada p\u00e1gi\u00acna. El ser valiente frente a lo desconocido y lo adverso a lo conocido se contrapone en cada secuencia de la historia. Un grupo de j\u00f3venes emprende un viaje con el \u00e1nimo de disfrutar plenamente del estatus de la naturaleza, y por bemol de la vida termina en una encrucijada sin fin. El final termina siendo m\u00e1s desconocido que la propia verdad de los personajes en la vida real. Suspenso y sobrenatural.<\/p>\n<p>Aula 10: El juego: El juego deja de serlo cuando una apues\u00acta est\u00e1 de intermedio. La vida contempla l\u00edmites y reglas, pero, cuando la confundimos con una realidad de alg\u00fan game, llegar\u00e1 a un nivel \u00abletal\u00bb. Un ni\u00f1o desencadena hechos que consumir\u00e1n las pupilas y sentimientos de cualquier lector, cuya realidad lo convierte en un aviso para toda la juventud. Historia dirigida a personas sobreprotectoras que piensan que el \u00abamar\u00bb es sin\u00f3ni\u00acmo de \u00abotorgar\u00bb sin \u00abpensar\u00bb. Mensaje de muerte.<\/p>\n<p>Aula 11: Mientras duermes: A veces en la vida pensamos que todo es como lo imaginamos. Creemos que mientras da\u00acmos la espalda o ignoramos el presente, la realidad se transfor\u00acma en la verdad que deseamos. La verdadera autenticidad no solamente pasa cuando la miramos, tambi\u00e9n sucede \u00abmientras duermes\u00bb. Todo cambia por la fuerza visible de la incoherencia que los obliga a realizar actos que les costar\u00e1n un final irrepetible. Advertencia de vida.<\/p>\n<p>Aula 12: Inquebrantable: Como la flor de loto que nace del barro, debemos honrar las partes m\u00e1s oscuras de nosotros mismos y las experiencias m\u00e1s dolorosas de nuestra vida, porque son ellas las que nos permiten dar a luz a nuestro yo m\u00e1s hermoso. Mujer espl\u00e9ndida que desde peque\u00f1a entendi\u00f3 que la verdadera felicidad est\u00e1 en ayudar y desear el bien a los dem\u00e1s. Los pasos de Brigitte brillar\u00e1n por siempre en estas p\u00e1ginas. Superaci\u00f3n y ejemplo \u00ac<\/p>\n","protected":false},"excerpt":{"rendered":"<p class=\"p1\"><b>ISBN: <\/b>979-13-7012-294-2<\/p>\n<p class=\"p1\"><b>SINOPSIS<\/b><\/p>\n<p>Cinco Aulas, cada una con una historia basada en hechos reales<\/p>\n<p>Aula 08: Migraci\u00f3n: El valor monetario frente a los sue\u00f1os y la uni\u00f3n de la familia. El n\u00facleo de una sociedad en su m\u00e1xima emancipaci\u00f3n, poniendo como m\u00e1stil a la desesperaci\u00f3n de cre\u00accer sin desarrollar. La cat\u00e1strofe de enmendar a la tiran\u00eda huma\u00acna se confronta con la vacilaci\u00f3n de la ansiedad. La familia en su m\u00e1ximo espejo frente al narcisismo de la mentira y el sacrificio. Un hombre har\u00e1 todo lo posible para emprender un viaje por v\u00eda terrestre a otro pa\u00eds, con el fin de concretar su sue\u00f1o y darle un mejor porvenir a su familia. Calamidad e injusticia.<\/p>\n<p>Aula 09: El gen del miedo: El temor a no sentir miedo es uno de los grandes desaf\u00edos que se impone en cada p\u00e1gi\u00acna. El ser valiente frente a lo desconocido y lo adverso a lo conocido se contrapone en cada secuencia de la historia. Un grupo de j\u00f3venes emprende un viaje con el \u00e1nimo de disfrutar plenamente del estatus de la naturaleza, y por bemol de la vida termina en una encrucijada sin fin. El final termina siendo m\u00e1s desconocido que la propia verdad de los personajes en la vida real. Suspenso y sobrenatural.<\/p>\n<p>Aula 10: El juego: El juego deja de serlo cuando una apues\u00acta est\u00e1 de intermedio. La vida contempla l\u00edmites y reglas, pero, cuando la confundimos con una realidad de alg\u00fan game, llegar\u00e1 a un nivel \u00abletal\u00bb. Un ni\u00f1o desencadena hechos que consumir\u00e1n las pupilas y sentimientos de cualquier lector, cuya realidad lo convierte en un aviso para toda la juventud. Historia dirigida a personas sobreprotectoras que piensan que el \u00abamar\u00bb es sin\u00f3ni\u00acmo de \u00abotorgar\u00bb sin \u00abpensar\u00bb. Mensaje de muerte.<\/p>\n<p>Aula 11: Mientras duermes: A veces en la vida pensamos que todo es como lo imaginamos. Creemos que mientras da\u00acmos la espalda o ignoramos el presente, la realidad se transfor\u00acma en la verdad que deseamos. La verdadera autenticidad no solamente pasa cuando la miramos, tambi\u00e9n sucede \u00abmientras duermes\u00bb. Todo cambia por la fuerza visible de la incoherencia que los obliga a realizar actos que les costar\u00e1n un final irrepetible. Advertencia de vida.<\/p>\n<p>Aula 12: Inquebrantable: Como la flor de loto que nace del barro, debemos honrar las partes m\u00e1s oscuras de nosotros mismos y las experiencias m\u00e1s dolorosas de nuestra vida, porque son ellas las que nos permiten dar a luz a nuestro yo m\u00e1s hermoso. Mujer espl\u00e9ndida que desde peque\u00f1a entendi\u00f3 que la verdadera felicidad est\u00e1 en ayudar y desear el bien a los dem\u00e1s. Los pasos de Brigitte brillar\u00e1n por siempre en estas p\u00e1ginas. Superaci\u00f3n y ejemplo \u00ac<\/p>\n","protected":false},"featured_media":110503,"comment_status":"open","ping_status":"closed","template":"","meta":{"_acf_changed":false},"libro":[],"product_brand":[],"product_cat":[57],"product_tag":[],"class_list":{"0":"post-110499","1":"product","2":"type-product","3":"status-publish","4":"has-post-thumbnail","6":"product_cat-suspenso","8":"first","9":"instock","10":"shipping-taxable","11":"product-type-simple"},"acf":{"autor":[110500],"enlace_de_compra":"https:\/\/www.amazon.es\/En-aula-Juan-Carlos-Luque\/dp\/B0FD72ZSZJ\/ref=sr_1_3?__mk_es_ES=%C3%85M%C3%85%C5%BD%C3%95%C3%91&crid=1QH7A4AZG1LC7&dib=eyJ2IjoiMSJ9.kz7vkorUzH70lsC22G_AyOTPSFf8kTNEpLT4pS0Q3FFNtaCtH18PnsmBf4cWbmBcc6UhM0N9JsdBUP85k9HcOqf0ut2QDFmnV_bgjD25-lT9xUzeziWPHmRAZ6MHBnrxOIDR0LCATaN9xEaxuJR3rU1vticZFcKwH0pmbkpzxdYme8CWxq6FceWU0JuGmUCwuC_byYWR9Azrh1pb6pXpkYYBmAjDSSIljSncHRNePnZrX62IFsKkS9uzBMRZY1v-xeqaRWRArqQCvkO_FGjgVMpv7JZllW7D8YEVNoNKSYQ.WIFxiT2-q6wKkhuWdBcGspyMjvB9gtUAc3CQYuOM32M&dib_tag=se&keywords=En+el+aula+2&qid=1767005925&sprefix=en+el+aula+2%2Caps%2C258&sr=8-3"},"yoast_head":"<!-- This site is optimized with the Yoast SEO plugin v27.4 - https:\/\/yoast.com\/product\/yoast-seo-wordpress\/ -->\n<title>En el aula 2 - Catalogo | Letrame Grupo Editorial<\/title>\n<meta name=\"robots\" content=\"index, follow, max-snippet:-1, max-image-preview:large, max-video-preview:-1\" \/>\n<link rel=\"canonical\" href=\"https:\/\/letrame.com\/catalogo\/producto\/en-el-aula\/\" \/>\n<meta property=\"og:locale\" content=\"es_ES\" \/>\n<meta property=\"og:type\" content=\"article\" \/>\n<meta property=\"og:title\" content=\"En el aula 2 - Catalogo | Letrame Grupo Editorial\" \/>\n<meta property=\"og:description\" content=\"ISBN: 979-13-7012-294-2 SINOPSIS Cinco Aulas, cada una con una historia basada en hechos reales  Aula 08: Migraci\u00f3n: El valor monetario frente a los sue\u00f1os y la uni\u00f3n de la familia. El n\u00facleo de una sociedad en su m\u00e1xima emancipaci\u00f3n, poniendo como m\u00e1stil a la desesperaci\u00f3n de cre\u00accer sin desarrollar. La cat\u00e1strofe de enmendar a la tiran\u00eda huma\u00acna se confronta con la vacilaci\u00f3n de la ansiedad. La familia en su m\u00e1ximo espejo frente al narcisismo de la mentira y el sacrificio. Un hombre har\u00e1 todo lo posible para emprender un viaje por v\u00eda terrestre a otro pa\u00eds, con el fin de concretar su sue\u00f1o y darle un mejor porvenir a su familia. Calamidad e injusticia.  Aula 09: El gen del miedo: El temor a no sentir miedo es uno de los grandes desaf\u00edos que se impone en cada p\u00e1gi\u00acna. El ser valiente frente a lo desconocido y lo adverso a lo conocido se contrapone en cada secuencia de la historia. Un grupo de j\u00f3venes emprende un viaje con el \u00e1nimo de disfrutar plenamente del estatus de la naturaleza, y por bemol de la vida termina en una encrucijada sin fin. El final termina siendo m\u00e1s desconocido que la propia verdad de los personajes en la vida real. Suspenso y sobrenatural.  Aula 10: El juego: El juego deja de serlo cuando una apues\u00acta est\u00e1 de intermedio. La vida contempla l\u00edmites y reglas, pero, cuando la confundimos con una realidad de alg\u00fan game, llegar\u00e1 a un nivel \u00abletal\u00bb. Un ni\u00f1o desencadena hechos que consumir\u00e1n las pupilas y sentimientos de cualquier lector, cuya realidad lo convierte en un aviso para toda la juventud. Historia dirigida a personas sobreprotectoras que piensan que el \u00abamar\u00bb es sin\u00f3ni\u00acmo de \u00abotorgar\u00bb sin \u00abpensar\u00bb. Mensaje de muerte.  Aula 11: Mientras duermes: A veces en la vida pensamos que todo es como lo imaginamos. Creemos que mientras da\u00acmos la espalda o ignoramos el presente, la realidad se transfor\u00acma en la verdad que deseamos. La verdadera autenticidad no solamente pasa cuando la miramos, tambi\u00e9n sucede \u00abmientras duermes\u00bb. Todo cambia por la fuerza visible de la incoherencia que los obliga a realizar actos que les costar\u00e1n un final irrepetible. Advertencia de vida.  Aula 12: Inquebrantable: Como la flor de loto que nace del barro, debemos honrar las partes m\u00e1s oscuras de nosotros mismos y las experiencias m\u00e1s dolorosas de nuestra vida, porque son ellas las que nos permiten dar a luz a nuestro yo m\u00e1s hermoso. Mujer espl\u00e9ndida que desde peque\u00f1a entendi\u00f3 que la verdadera felicidad est\u00e1 en ayudar y desear el bien a los dem\u00e1s. Los pasos de Brigitte brillar\u00e1n por siempre en estas p\u00e1ginas. Superaci\u00f3n y ejemplo \u00ac\" \/>\n<meta property=\"og:url\" content=\"https:\/\/letrame.com\/catalogo\/producto\/en-el-aula\/\" \/>\n<meta property=\"og:site_name\" content=\"Catalogo | Letrame Grupo Editorial\" \/>\n<meta property=\"article:modified_time\" content=\"2025-12-29T11:50:40+00:00\" \/>\n<meta property=\"og:image\" content=\"https:\/\/letrame.com\/catalogo\/wp-content\/uploads\/2025\/12\/enelaula2_79mm4-scaled.jpg\" \/>\n\t<meta property=\"og:image:width\" content=\"1746\" \/>\n\t<meta property=\"og:image:height\" content=\"2560\" \/>\n\t<meta property=\"og:image:type\" content=\"image\/jpeg\" \/>\n<meta name=\"twitter:card\" content=\"summary_large_image\" \/>\n<meta name=\"twitter:label1\" content=\"Tiempo de lectura\" \/>\n\t<meta name=\"twitter:data1\" content=\"3 minutos\" \/>\n<script type=\"application\/ld+json\" class=\"yoast-schema-graph\">{\"@context\":\"https:\\\/\\\/schema.org\",\"@graph\":[{\"@type\":\"WebPage\",\"@id\":\"https:\\\/\\\/letrame.com\\\/catalogo\\\/producto\\\/en-el-aula\\\/\",\"url\":\"https:\\\/\\\/letrame.com\\\/catalogo\\\/producto\\\/en-el-aula\\\/\",\"name\":\"En el aula 2 - Catalogo | Letrame Grupo Editorial\",\"isPartOf\":{\"@id\":\"https:\\\/\\\/letrame.com\\\/catalogo\\\/#website\"},\"primaryImageOfPage\":{\"@id\":\"https:\\\/\\\/letrame.com\\\/catalogo\\\/producto\\\/en-el-aula\\\/#primaryimage\"},\"image\":{\"@id\":\"https:\\\/\\\/letrame.com\\\/catalogo\\\/producto\\\/en-el-aula\\\/#primaryimage\"},\"thumbnailUrl\":\"https:\\\/\\\/letrame.com\\\/catalogo\\\/wp-content\\\/uploads\\\/2025\\\/12\\\/enelaula2_79mm4-scaled.jpg\",\"datePublished\":\"2025-12-29T11:50:18+00:00\",\"dateModified\":\"2025-12-29T11:50:40+00:00\",\"breadcrumb\":{\"@id\":\"https:\\\/\\\/letrame.com\\\/catalogo\\\/producto\\\/en-el-aula\\\/#breadcrumb\"},\"inLanguage\":\"es\",\"potentialAction\":[{\"@type\":\"ReadAction\",\"target\":[\"https:\\\/\\\/letrame.com\\\/catalogo\\\/producto\\\/en-el-aula\\\/\"]}]},{\"@type\":\"ImageObject\",\"inLanguage\":\"es\",\"@id\":\"https:\\\/\\\/letrame.com\\\/catalogo\\\/producto\\\/en-el-aula\\\/#primaryimage\",\"url\":\"https:\\\/\\\/letrame.com\\\/catalogo\\\/wp-content\\\/uploads\\\/2025\\\/12\\\/enelaula2_79mm4-scaled.jpg\",\"contentUrl\":\"https:\\\/\\\/letrame.com\\\/catalogo\\\/wp-content\\\/uploads\\\/2025\\\/12\\\/enelaula2_79mm4-scaled.jpg\",\"width\":1746,\"height\":2560},{\"@type\":\"BreadcrumbList\",\"@id\":\"https:\\\/\\\/letrame.com\\\/catalogo\\\/producto\\\/en-el-aula\\\/#breadcrumb\",\"itemListElement\":[{\"@type\":\"ListItem\",\"position\":1,\"name\":\"Portada\",\"item\":\"https:\\\/\\\/letrame.com\\\/catalogo\\\/\"},{\"@type\":\"ListItem\",\"position\":2,\"name\":\"Cat\u00e1logo\",\"item\":\"https:\\\/\\\/letrame.com\\\/catalogo\\\/\"},{\"@type\":\"ListItem\",\"position\":3,\"name\":\"En el aula 2\"}]},{\"@type\":\"WebSite\",\"@id\":\"https:\\\/\\\/letrame.com\\\/catalogo\\\/#website\",\"url\":\"https:\\\/\\\/letrame.com\\\/catalogo\\\/\",\"name\":\"Catalogo | Letrame Grupo Editorial\",\"description\":\"\",\"publisher\":{\"@id\":\"https:\\\/\\\/letrame.com\\\/catalogo\\\/#organization\"},\"potentialAction\":[{\"@type\":\"SearchAction\",\"target\":{\"@type\":\"EntryPoint\",\"urlTemplate\":\"https:\\\/\\\/letrame.com\\\/catalogo\\\/?s={search_term_string}\"},\"query-input\":{\"@type\":\"PropertyValueSpecification\",\"valueRequired\":true,\"valueName\":\"search_term_string\"}}],\"inLanguage\":\"es\"},{\"@type\":\"Organization\",\"@id\":\"https:\\\/\\\/letrame.com\\\/catalogo\\\/#organization\",\"name\":\"Catalogo | Letrame Grupo Editorial\",\"url\":\"https:\\\/\\\/letrame.com\\\/catalogo\\\/\",\"logo\":{\"@type\":\"ImageObject\",\"inLanguage\":\"es\",\"@id\":\"https:\\\/\\\/letrame.com\\\/catalogo\\\/#\\\/schema\\\/logo\\\/image\\\/\",\"url\":\"https:\\\/\\\/letrame.com\\\/catalogo\\\/wp-content\\\/uploads\\\/2024\\\/03\\\/logo2.webp\",\"contentUrl\":\"https:\\\/\\\/letrame.com\\\/catalogo\\\/wp-content\\\/uploads\\\/2024\\\/03\\\/logo2.webp\",\"width\":394,\"height\":128,\"caption\":\"Catalogo | Letrame Grupo Editorial\"},\"image\":{\"@id\":\"https:\\\/\\\/letrame.com\\\/catalogo\\\/#\\\/schema\\\/logo\\\/image\\\/\"}}]}<\/script>\n<!-- \/ Yoast SEO plugin. -->","yoast_head_json":{"title":"En el aula 2 - Catalogo | Letrame Grupo Editorial","robots":{"index":"index","follow":"follow","max-snippet":"max-snippet:-1","max-image-preview":"max-image-preview:large","max-video-preview":"max-video-preview:-1"},"canonical":"https:\/\/letrame.com\/catalogo\/producto\/en-el-aula\/","og_locale":"es_ES","og_type":"article","og_title":"En el aula 2 - Catalogo | Letrame Grupo Editorial","og_description":"ISBN: 979-13-7012-294-2 SINOPSIS Cinco Aulas, cada una con una historia basada en hechos reales  Aula 08: Migraci\u00f3n: El valor monetario frente a los sue\u00f1os y la uni\u00f3n de la familia. El n\u00facleo de una sociedad en su m\u00e1xima emancipaci\u00f3n, poniendo como m\u00e1stil a la desesperaci\u00f3n de cre\u00accer sin desarrollar. La cat\u00e1strofe de enmendar a la tiran\u00eda huma\u00acna se confronta con la vacilaci\u00f3n de la ansiedad. La familia en su m\u00e1ximo espejo frente al narcisismo de la mentira y el sacrificio. Un hombre har\u00e1 todo lo posible para emprender un viaje por v\u00eda terrestre a otro pa\u00eds, con el fin de concretar su sue\u00f1o y darle un mejor porvenir a su familia. Calamidad e injusticia.  Aula 09: El gen del miedo: El temor a no sentir miedo es uno de los grandes desaf\u00edos que se impone en cada p\u00e1gi\u00acna. El ser valiente frente a lo desconocido y lo adverso a lo conocido se contrapone en cada secuencia de la historia. Un grupo de j\u00f3venes emprende un viaje con el \u00e1nimo de disfrutar plenamente del estatus de la naturaleza, y por bemol de la vida termina en una encrucijada sin fin. El final termina siendo m\u00e1s desconocido que la propia verdad de los personajes en la vida real. Suspenso y sobrenatural.  Aula 10: El juego: El juego deja de serlo cuando una apues\u00acta est\u00e1 de intermedio. La vida contempla l\u00edmites y reglas, pero, cuando la confundimos con una realidad de alg\u00fan game, llegar\u00e1 a un nivel \u00abletal\u00bb. Un ni\u00f1o desencadena hechos que consumir\u00e1n las pupilas y sentimientos de cualquier lector, cuya realidad lo convierte en un aviso para toda la juventud. Historia dirigida a personas sobreprotectoras que piensan que el \u00abamar\u00bb es sin\u00f3ni\u00acmo de \u00abotorgar\u00bb sin \u00abpensar\u00bb. Mensaje de muerte.  Aula 11: Mientras duermes: A veces en la vida pensamos que todo es como lo imaginamos. Creemos que mientras da\u00acmos la espalda o ignoramos el presente, la realidad se transfor\u00acma en la verdad que deseamos. La verdadera autenticidad no solamente pasa cuando la miramos, tambi\u00e9n sucede \u00abmientras duermes\u00bb. Todo cambia por la fuerza visible de la incoherencia que los obliga a realizar actos que les costar\u00e1n un final irrepetible. Advertencia de vida.  Aula 12: Inquebrantable: Como la flor de loto que nace del barro, debemos honrar las partes m\u00e1s oscuras de nosotros mismos y las experiencias m\u00e1s dolorosas de nuestra vida, porque son ellas las que nos permiten dar a luz a nuestro yo m\u00e1s hermoso. Mujer espl\u00e9ndida que desde peque\u00f1a entendi\u00f3 que la verdadera felicidad est\u00e1 en ayudar y desear el bien a los dem\u00e1s. Los pasos de Brigitte brillar\u00e1n por siempre en estas p\u00e1ginas. Superaci\u00f3n y ejemplo \u00ac","og_url":"https:\/\/letrame.com\/catalogo\/producto\/en-el-aula\/","og_site_name":"Catalogo | Letrame Grupo Editorial","article_modified_time":"2025-12-29T11:50:40+00:00","og_image":[{"width":1746,"height":2560,"url":"https:\/\/letrame.com\/catalogo\/wp-content\/uploads\/2025\/12\/enelaula2_79mm4-scaled.jpg","type":"image\/jpeg"}],"twitter_card":"summary_large_image","twitter_misc":{"Tiempo de lectura":"3 minutos"},"schema":{"@context":"https:\/\/schema.org","@graph":[{"@type":"WebPage","@id":"https:\/\/letrame.com\/catalogo\/producto\/en-el-aula\/","url":"https:\/\/letrame.com\/catalogo\/producto\/en-el-aula\/","name":"En el aula 2 - Catalogo | Letrame Grupo Editorial","isPartOf":{"@id":"https:\/\/letrame.com\/catalogo\/#website"},"primaryImageOfPage":{"@id":"https:\/\/letrame.com\/catalogo\/producto\/en-el-aula\/#primaryimage"},"image":{"@id":"https:\/\/letrame.com\/catalogo\/producto\/en-el-aula\/#primaryimage"},"thumbnailUrl":"https:\/\/letrame.com\/catalogo\/wp-content\/uploads\/2025\/12\/enelaula2_79mm4-scaled.jpg","datePublished":"2025-12-29T11:50:18+00:00","dateModified":"2025-12-29T11:50:40+00:00","breadcrumb":{"@id":"https:\/\/letrame.com\/catalogo\/producto\/en-el-aula\/#breadcrumb"},"inLanguage":"es","potentialAction":[{"@type":"ReadAction","target":["https:\/\/letrame.com\/catalogo\/producto\/en-el-aula\/"]}]},{"@type":"ImageObject","inLanguage":"es","@id":"https:\/\/letrame.com\/catalogo\/producto\/en-el-aula\/#primaryimage","url":"https:\/\/letrame.com\/catalogo\/wp-content\/uploads\/2025\/12\/enelaula2_79mm4-scaled.jpg","contentUrl":"https:\/\/letrame.com\/catalogo\/wp-content\/uploads\/2025\/12\/enelaula2_79mm4-scaled.jpg","width":1746,"height":2560},{"@type":"BreadcrumbList","@id":"https:\/\/letrame.com\/catalogo\/producto\/en-el-aula\/#breadcrumb","itemListElement":[{"@type":"ListItem","position":1,"name":"Portada","item":"https:\/\/letrame.com\/catalogo\/"},{"@type":"ListItem","position":2,"name":"Cat\u00e1logo","item":"https:\/\/letrame.com\/catalogo\/"},{"@type":"ListItem","position":3,"name":"En el aula 2"}]},{"@type":"WebSite","@id":"https:\/\/letrame.com\/catalogo\/#website","url":"https:\/\/letrame.com\/catalogo\/","name":"Catalogo | Letrame Grupo Editorial","description":"","publisher":{"@id":"https:\/\/letrame.com\/catalogo\/#organization"},"potentialAction":[{"@type":"SearchAction","target":{"@type":"EntryPoint","urlTemplate":"https:\/\/letrame.com\/catalogo\/?s={search_term_string}"},"query-input":{"@type":"PropertyValueSpecification","valueRequired":true,"valueName":"search_term_string"}}],"inLanguage":"es"},{"@type":"Organization","@id":"https:\/\/letrame.com\/catalogo\/#organization","name":"Catalogo | Letrame Grupo Editorial","url":"https:\/\/letrame.com\/catalogo\/","logo":{"@type":"ImageObject","inLanguage":"es","@id":"https:\/\/letrame.com\/catalogo\/#\/schema\/logo\/image\/","url":"https:\/\/letrame.com\/catalogo\/wp-content\/uploads\/2024\/03\/logo2.webp","contentUrl":"https:\/\/letrame.com\/catalogo\/wp-content\/uploads\/2024\/03\/logo2.webp","width":394,"height":128,"caption":"Catalogo | Letrame Grupo Editorial"},"image":{"@id":"https:\/\/letrame.com\/catalogo\/#\/schema\/logo\/image\/"}}]}},"_links":{"self":[{"href":"https:\/\/letrame.com\/catalogo\/wp-json\/wp\/v2\/product\/110499","targetHints":{"allow":["GET"]}}],"collection":[{"href":"https:\/\/letrame.com\/catalogo\/wp-json\/wp\/v2\/product"}],"about":[{"href":"https:\/\/letrame.com\/catalogo\/wp-json\/wp\/v2\/types\/product"}],"replies":[{"embeddable":true,"href":"https:\/\/letrame.com\/catalogo\/wp-json\/wp\/v2\/comments?post=110499"}],"acf:post":[{"embeddable":true,"href":"https:\/\/letrame.com\/catalogo\/wp-json\/wp\/v2\/author_book\/110500"}],"wp:featuredmedia":[{"embeddable":true,"href":"https:\/\/letrame.com\/catalogo\/wp-json\/wp\/v2\/media\/110503"}],"wp:attachment":[{"href":"https:\/\/letrame.com\/catalogo\/wp-json\/wp\/v2\/media?parent=110499"}],"wp:term":[{"taxonomy":"libro","embeddable":true,"href":"https:\/\/letrame.com\/catalogo\/wp-json\/wp\/v2\/libro?post=110499"},{"taxonomy":"product_brand","embeddable":true,"href":"https:\/\/letrame.com\/catalogo\/wp-json\/wp\/v2\/product_brand?post=110499"},{"taxonomy":"product_cat","embeddable":true,"href":"https:\/\/letrame.com\/catalogo\/wp-json\/wp\/v2\/product_cat?post=110499"},{"taxonomy":"product_tag","embeddable":true,"href":"https:\/\/letrame.com\/catalogo\/wp-json\/wp\/v2\/product_tag?post=110499"}],"curies":[{"name":"wp","href":"https:\/\/api.w.org\/{rel}","templated":true}]}}