{"id":110472,"date":"2025-12-29T11:09:14","date_gmt":"2025-12-29T10:09:14","guid":{"rendered":"https:\/\/letrame.com\/catalogo\/?post_type=product&#038;p=110472"},"modified":"2025-12-29T11:09:15","modified_gmt":"2025-12-29T10:09:15","slug":"una-llamada-desde-el-cielo-crac","status":"publish","type":"product","link":"https:\/\/letrame.com\/catalogo\/producto\/una-llamada-desde-el-cielo-crac\/","title":{"rendered":"Una llamada desde el cielo (\u00a1crac!)"},"content":{"rendered":"<p class=\"p1\"><b>ISBN:\u00a0<\/b>979-13-7012-312-3<\/p>\n<p class=\"p1\"><b>T\u00edtulo:\u00a0<\/b>Una llamada desde el cielo (\u00a1crac!)<br \/>\n<b>Fecha:\u00a0<\/b>2025<br \/>\n<b>P\u00e1ginas:\u00a0<\/b>342<b><\/b><\/p>\n<p class=\"p1\"><b>SINOPSIS<\/b><\/p>\n<p>Una casa nueva. Un hijo con ganas de salir adelante. Una madre rota que intenta recomponerse. Todo parece empezar de cero&#8230; hasta que el pasado comienza a susurrar desde las sombras. Una llamada desde el cielo (\u00a1crac!) es el retrato sincero de una relaci\u00f3n entre madre e hijo que, en medio del dolor, la soledad y las facturas por pagar, se enfrenta a lo inexplicable.<br \/>\nRodolfo busca trabajo. Catalina intenta sobrevivir al vac\u00edo que dej\u00f3 Santiago, su marido. Pero hay noches en las que la luz se apaga sola, el fr\u00edo entra sin permiso y una voz, una sola palabra, lo cambia todo.<br \/>\nAleix Brotons Sanchiz camina entre lo cotidiano y lo extraordinario, entre la crudeza de la realidad y el temblor de lo invisible.<br \/>\nConstruye una historia donde lo espiritual no es consuelo f\u00e1cil, sino pregunta abierta. Porque a veces, lo extraordinario se cuela en lo cotidiano sin pedir permiso, solo para recordarnos que a\u00fan estamos a tiempo.<\/p>\n","protected":false},"excerpt":{"rendered":"<p class=\"p1\"><b>ISBN:\u00a0<\/b>979-13-7012-312-3<\/p>\n<p class=\"p1\"><b>SINOPSIS<\/b><\/p>\n<p>Una casa nueva. Un hijo con ganas de salir adelante. Una madre rota que intenta recomponerse. Todo parece empezar de cero&#8230; hasta que el pasado comienza a susurrar desde las sombras. Una llamada desde el cielo (\u00a1crac!) es el retrato sincero de una relaci\u00f3n entre madre e hijo que, en medio del dolor, la soledad y las facturas por pagar, se enfrenta a lo inexplicable.<br \/>\nRodolfo busca trabajo. Catalina intenta sobrevivir al vac\u00edo que dej\u00f3 Santiago, su marido. Pero hay noches en las que la luz se apaga sola, el fr\u00edo entra sin permiso y una voz, una sola palabra, lo cambia todo.<br \/>\nAleix Brotons Sanchiz camina entre lo cotidiano y lo extraordinario, entre la crudeza de la realidad y el temblor de lo invisible.<br \/>\nConstruye una historia donde lo espiritual no es consuelo f\u00e1cil, sino pregunta abierta. Porque a veces, lo extraordinario se cuela en lo cotidiano sin pedir permiso, solo para recordarnos que a\u00fan estamos a tiempo.<\/p>\n","protected":false},"featured_media":110474,"comment_status":"open","ping_status":"closed","template":"","meta":{"_acf_changed":false},"libro":[],"product_brand":[],"product_cat":[144],"product_tag":[],"class_list":{"0":"post-110472","1":"product","2":"type-product","3":"status-publish","4":"has-post-thumbnail","6":"product_cat-misterio","8":"first","9":"instock","10":"shipping-taxable","11":"product-type-simple"},"acf":{"autor":[76854],"enlace_de_compra":"https:\/\/www.amazon.es\/Una-llamada-desde-cielo-%C2%A1crac\/dp\/B0FBWHVNN7\/ref=sr_1_1?__mk_es_ES=%C3%85M%C3%85%C5%BD%C3%95%C3%91&crid=M4VLI89POJ4K&dib=eyJ2IjoiMSJ9.YnzUMC0-_q4xDkghe34N0A.Rkixm6FgWZ32xWVRMD-ui1UBmu-4qvI4qJRhmj9ARTE&dib_tag=se&keywords=Una+llamada+desde+el+cielo+%28%C2%A1Crac%21%29&qid=1767002688&sprefix=una+llamada+desde+el+cielo+crac+stock+0+%2Caps%2C253&sr=8-1"},"yoast_head":"<!-- This site is optimized with the Yoast SEO plugin v26.6 - https:\/\/yoast.com\/wordpress\/plugins\/seo\/ -->\n<title>Una llamada desde el cielo (\u00a1crac!) - Catalogo | Letrame Grupo Editorial<\/title>\n<meta name=\"robots\" content=\"index, follow, max-snippet:-1, max-image-preview:large, max-video-preview:-1\" \/>\n<link rel=\"canonical\" href=\"https:\/\/letrame.com\/catalogo\/producto\/una-llamada-desde-el-cielo-crac\/\" \/>\n<meta property=\"og:locale\" content=\"es_ES\" \/>\n<meta property=\"og:type\" content=\"article\" \/>\n<meta property=\"og:title\" content=\"Una llamada desde el cielo (\u00a1crac!) - Catalogo | Letrame Grupo Editorial\" \/>\n<meta property=\"og:description\" content=\"ISBN:\u00a0979-13-7012-312-3 SINOPSIS Una casa nueva. Un hijo con ganas de salir adelante. Una madre rota que intenta recomponerse. Todo parece empezar de cero... hasta que el pasado comienza a susurrar desde las sombras. Una llamada desde el cielo (\u00a1crac!) es el retrato sincero de una relaci\u00f3n entre madre e hijo que, en medio del dolor, la soledad y las facturas por pagar, se enfrenta a lo inexplicable. Rodolfo busca trabajo. Catalina intenta sobrevivir al vac\u00edo que dej\u00f3 Santiago, su marido. Pero hay noches en las que la luz se apaga sola, el fr\u00edo entra sin permiso y una voz, una sola palabra, lo cambia todo. Aleix Brotons Sanchiz camina entre lo cotidiano y lo extraordinario, entre la crudeza de la realidad y el temblor de lo invisible. Construye una historia donde lo espiritual no es consuelo f\u00e1cil, sino pregunta abierta. Porque a veces, lo extraordinario se cuela en lo cotidiano sin pedir permiso, solo para recordarnos que a\u00fan estamos a tiempo.\" \/>\n<meta property=\"og:url\" content=\"https:\/\/letrame.com\/catalogo\/producto\/una-llamada-desde-el-cielo-crac\/\" \/>\n<meta property=\"og:site_name\" content=\"Catalogo | Letrame Grupo Editorial\" \/>\n<meta property=\"article:modified_time\" content=\"2025-12-29T10:09:15+00:00\" \/>\n<meta property=\"og:image\" content=\"https:\/\/letrame.com\/catalogo\/wp-content\/uploads\/2025\/12\/unallamadadesde_1864mm4.jpg\" \/>\n\t<meta property=\"og:image:width\" content=\"1772\" \/>\n\t<meta property=\"og:image:height\" content=\"2480\" \/>\n\t<meta property=\"og:image:type\" content=\"image\/jpeg\" \/>\n<meta name=\"twitter:card\" content=\"summary_large_image\" \/>\n<meta name=\"twitter:label1\" content=\"Tiempo de lectura\" \/>\n\t<meta name=\"twitter:data1\" content=\"1 minuto\" \/>\n<script type=\"application\/ld+json\" class=\"yoast-schema-graph\">{\"@context\":\"https:\/\/schema.org\",\"@graph\":[{\"@type\":\"WebPage\",\"@id\":\"https:\/\/letrame.com\/catalogo\/producto\/una-llamada-desde-el-cielo-crac\/\",\"url\":\"https:\/\/letrame.com\/catalogo\/producto\/una-llamada-desde-el-cielo-crac\/\",\"name\":\"Una llamada desde el cielo (\u00a1crac!) - Catalogo | Letrame Grupo Editorial\",\"isPartOf\":{\"@id\":\"https:\/\/letrame.com\/catalogo\/#website\"},\"primaryImageOfPage\":{\"@id\":\"https:\/\/letrame.com\/catalogo\/producto\/una-llamada-desde-el-cielo-crac\/#primaryimage\"},\"image\":{\"@id\":\"https:\/\/letrame.com\/catalogo\/producto\/una-llamada-desde-el-cielo-crac\/#primaryimage\"},\"thumbnailUrl\":\"https:\/\/letrame.com\/catalogo\/wp-content\/uploads\/2025\/12\/unallamadadesde_1864mm4.jpg\",\"datePublished\":\"2025-12-29T10:09:14+00:00\",\"dateModified\":\"2025-12-29T10:09:15+00:00\",\"breadcrumb\":{\"@id\":\"https:\/\/letrame.com\/catalogo\/producto\/una-llamada-desde-el-cielo-crac\/#breadcrumb\"},\"inLanguage\":\"es\",\"potentialAction\":[{\"@type\":\"ReadAction\",\"target\":[\"https:\/\/letrame.com\/catalogo\/producto\/una-llamada-desde-el-cielo-crac\/\"]}]},{\"@type\":\"ImageObject\",\"inLanguage\":\"es\",\"@id\":\"https:\/\/letrame.com\/catalogo\/producto\/una-llamada-desde-el-cielo-crac\/#primaryimage\",\"url\":\"https:\/\/letrame.com\/catalogo\/wp-content\/uploads\/2025\/12\/unallamadadesde_1864mm4.jpg\",\"contentUrl\":\"https:\/\/letrame.com\/catalogo\/wp-content\/uploads\/2025\/12\/unallamadadesde_1864mm4.jpg\",\"width\":1772,\"height\":2480},{\"@type\":\"BreadcrumbList\",\"@id\":\"https:\/\/letrame.com\/catalogo\/producto\/una-llamada-desde-el-cielo-crac\/#breadcrumb\",\"itemListElement\":[{\"@type\":\"ListItem\",\"position\":1,\"name\":\"Portada\",\"item\":\"https:\/\/letrame.com\/catalogo\/\"},{\"@type\":\"ListItem\",\"position\":2,\"name\":\"Cat\u00e1logo\",\"item\":\"https:\/\/letrame.com\/catalogo\/\"},{\"@type\":\"ListItem\",\"position\":3,\"name\":\"Una llamada desde el cielo (\u00a1crac!)\"}]},{\"@type\":\"WebSite\",\"@id\":\"https:\/\/letrame.com\/catalogo\/#website\",\"url\":\"https:\/\/letrame.com\/catalogo\/\",\"name\":\"Catalogo | Letrame Grupo Editorial\",\"description\":\"\",\"publisher\":{\"@id\":\"https:\/\/letrame.com\/catalogo\/#organization\"},\"potentialAction\":[{\"@type\":\"SearchAction\",\"target\":{\"@type\":\"EntryPoint\",\"urlTemplate\":\"https:\/\/letrame.com\/catalogo\/?s={search_term_string}\"},\"query-input\":{\"@type\":\"PropertyValueSpecification\",\"valueRequired\":true,\"valueName\":\"search_term_string\"}}],\"inLanguage\":\"es\"},{\"@type\":\"Organization\",\"@id\":\"https:\/\/letrame.com\/catalogo\/#organization\",\"name\":\"Catalogo | Letrame Grupo Editorial\",\"url\":\"https:\/\/letrame.com\/catalogo\/\",\"logo\":{\"@type\":\"ImageObject\",\"inLanguage\":\"es\",\"@id\":\"https:\/\/letrame.com\/catalogo\/#\/schema\/logo\/image\/\",\"url\":\"https:\/\/letrame.com\/catalogo\/wp-content\/uploads\/2024\/03\/logo2.webp\",\"contentUrl\":\"https:\/\/letrame.com\/catalogo\/wp-content\/uploads\/2024\/03\/logo2.webp\",\"width\":394,\"height\":128,\"caption\":\"Catalogo | Letrame Grupo Editorial\"},\"image\":{\"@id\":\"https:\/\/letrame.com\/catalogo\/#\/schema\/logo\/image\/\"}}]}<\/script>\n<!-- \/ Yoast SEO plugin. -->","yoast_head_json":{"title":"Una llamada desde el cielo (\u00a1crac!) - Catalogo | Letrame Grupo Editorial","robots":{"index":"index","follow":"follow","max-snippet":"max-snippet:-1","max-image-preview":"max-image-preview:large","max-video-preview":"max-video-preview:-1"},"canonical":"https:\/\/letrame.com\/catalogo\/producto\/una-llamada-desde-el-cielo-crac\/","og_locale":"es_ES","og_type":"article","og_title":"Una llamada desde el cielo (\u00a1crac!) - Catalogo | Letrame Grupo Editorial","og_description":"ISBN:\u00a0979-13-7012-312-3 SINOPSIS Una casa nueva. Un hijo con ganas de salir adelante. Una madre rota que intenta recomponerse. Todo parece empezar de cero... hasta que el pasado comienza a susurrar desde las sombras. Una llamada desde el cielo (\u00a1crac!) es el retrato sincero de una relaci\u00f3n entre madre e hijo que, en medio del dolor, la soledad y las facturas por pagar, se enfrenta a lo inexplicable. Rodolfo busca trabajo. Catalina intenta sobrevivir al vac\u00edo que dej\u00f3 Santiago, su marido. Pero hay noches en las que la luz se apaga sola, el fr\u00edo entra sin permiso y una voz, una sola palabra, lo cambia todo. Aleix Brotons Sanchiz camina entre lo cotidiano y lo extraordinario, entre la crudeza de la realidad y el temblor de lo invisible. Construye una historia donde lo espiritual no es consuelo f\u00e1cil, sino pregunta abierta. Porque a veces, lo extraordinario se cuela en lo cotidiano sin pedir permiso, solo para recordarnos que a\u00fan estamos a tiempo.","og_url":"https:\/\/letrame.com\/catalogo\/producto\/una-llamada-desde-el-cielo-crac\/","og_site_name":"Catalogo | Letrame Grupo Editorial","article_modified_time":"2025-12-29T10:09:15+00:00","og_image":[{"width":1772,"height":2480,"url":"https:\/\/letrame.com\/catalogo\/wp-content\/uploads\/2025\/12\/unallamadadesde_1864mm4.jpg","type":"image\/jpeg"}],"twitter_card":"summary_large_image","twitter_misc":{"Tiempo de lectura":"1 minuto"},"schema":{"@context":"https:\/\/schema.org","@graph":[{"@type":"WebPage","@id":"https:\/\/letrame.com\/catalogo\/producto\/una-llamada-desde-el-cielo-crac\/","url":"https:\/\/letrame.com\/catalogo\/producto\/una-llamada-desde-el-cielo-crac\/","name":"Una llamada desde el cielo (\u00a1crac!) - Catalogo | Letrame Grupo Editorial","isPartOf":{"@id":"https:\/\/letrame.com\/catalogo\/#website"},"primaryImageOfPage":{"@id":"https:\/\/letrame.com\/catalogo\/producto\/una-llamada-desde-el-cielo-crac\/#primaryimage"},"image":{"@id":"https:\/\/letrame.com\/catalogo\/producto\/una-llamada-desde-el-cielo-crac\/#primaryimage"},"thumbnailUrl":"https:\/\/letrame.com\/catalogo\/wp-content\/uploads\/2025\/12\/unallamadadesde_1864mm4.jpg","datePublished":"2025-12-29T10:09:14+00:00","dateModified":"2025-12-29T10:09:15+00:00","breadcrumb":{"@id":"https:\/\/letrame.com\/catalogo\/producto\/una-llamada-desde-el-cielo-crac\/#breadcrumb"},"inLanguage":"es","potentialAction":[{"@type":"ReadAction","target":["https:\/\/letrame.com\/catalogo\/producto\/una-llamada-desde-el-cielo-crac\/"]}]},{"@type":"ImageObject","inLanguage":"es","@id":"https:\/\/letrame.com\/catalogo\/producto\/una-llamada-desde-el-cielo-crac\/#primaryimage","url":"https:\/\/letrame.com\/catalogo\/wp-content\/uploads\/2025\/12\/unallamadadesde_1864mm4.jpg","contentUrl":"https:\/\/letrame.com\/catalogo\/wp-content\/uploads\/2025\/12\/unallamadadesde_1864mm4.jpg","width":1772,"height":2480},{"@type":"BreadcrumbList","@id":"https:\/\/letrame.com\/catalogo\/producto\/una-llamada-desde-el-cielo-crac\/#breadcrumb","itemListElement":[{"@type":"ListItem","position":1,"name":"Portada","item":"https:\/\/letrame.com\/catalogo\/"},{"@type":"ListItem","position":2,"name":"Cat\u00e1logo","item":"https:\/\/letrame.com\/catalogo\/"},{"@type":"ListItem","position":3,"name":"Una llamada desde el cielo (\u00a1crac!)"}]},{"@type":"WebSite","@id":"https:\/\/letrame.com\/catalogo\/#website","url":"https:\/\/letrame.com\/catalogo\/","name":"Catalogo | Letrame Grupo Editorial","description":"","publisher":{"@id":"https:\/\/letrame.com\/catalogo\/#organization"},"potentialAction":[{"@type":"SearchAction","target":{"@type":"EntryPoint","urlTemplate":"https:\/\/letrame.com\/catalogo\/?s={search_term_string}"},"query-input":{"@type":"PropertyValueSpecification","valueRequired":true,"valueName":"search_term_string"}}],"inLanguage":"es"},{"@type":"Organization","@id":"https:\/\/letrame.com\/catalogo\/#organization","name":"Catalogo | Letrame Grupo Editorial","url":"https:\/\/letrame.com\/catalogo\/","logo":{"@type":"ImageObject","inLanguage":"es","@id":"https:\/\/letrame.com\/catalogo\/#\/schema\/logo\/image\/","url":"https:\/\/letrame.com\/catalogo\/wp-content\/uploads\/2024\/03\/logo2.webp","contentUrl":"https:\/\/letrame.com\/catalogo\/wp-content\/uploads\/2024\/03\/logo2.webp","width":394,"height":128,"caption":"Catalogo | Letrame Grupo Editorial"},"image":{"@id":"https:\/\/letrame.com\/catalogo\/#\/schema\/logo\/image\/"}}]}},"_links":{"self":[{"href":"https:\/\/letrame.com\/catalogo\/wp-json\/wp\/v2\/product\/110472","targetHints":{"allow":["GET"]}}],"collection":[{"href":"https:\/\/letrame.com\/catalogo\/wp-json\/wp\/v2\/product"}],"about":[{"href":"https:\/\/letrame.com\/catalogo\/wp-json\/wp\/v2\/types\/product"}],"replies":[{"embeddable":true,"href":"https:\/\/letrame.com\/catalogo\/wp-json\/wp\/v2\/comments?post=110472"}],"acf:post":[{"embeddable":true,"href":"https:\/\/letrame.com\/catalogo\/wp-json\/wp\/v2\/author_book\/76854"}],"wp:featuredmedia":[{"embeddable":true,"href":"https:\/\/letrame.com\/catalogo\/wp-json\/wp\/v2\/media\/110474"}],"wp:attachment":[{"href":"https:\/\/letrame.com\/catalogo\/wp-json\/wp\/v2\/media?parent=110472"}],"wp:term":[{"taxonomy":"libro","embeddable":true,"href":"https:\/\/letrame.com\/catalogo\/wp-json\/wp\/v2\/libro?post=110472"},{"taxonomy":"product_brand","embeddable":true,"href":"https:\/\/letrame.com\/catalogo\/wp-json\/wp\/v2\/product_brand?post=110472"},{"taxonomy":"product_cat","embeddable":true,"href":"https:\/\/letrame.com\/catalogo\/wp-json\/wp\/v2\/product_cat?post=110472"},{"taxonomy":"product_tag","embeddable":true,"href":"https:\/\/letrame.com\/catalogo\/wp-json\/wp\/v2\/product_tag?post=110472"}],"curies":[{"name":"wp","href":"https:\/\/api.w.org\/{rel}","templated":true}]}}