{"id":110466,"date":"2025-12-29T11:02:49","date_gmt":"2025-12-29T10:02:49","guid":{"rendered":"https:\/\/letrame.com\/catalogo\/?post_type=product&#038;p=110466"},"modified":"2025-12-29T11:02:49","modified_gmt":"2025-12-29T10:02:49","slug":"todo-empezo-contigo","status":"publish","type":"product","link":"https:\/\/letrame.com\/catalogo\/producto\/todo-empezo-contigo\/","title":{"rendered":"Todo empez\u00f3 contigo"},"content":{"rendered":"<p class=\"p1\"><b>ISBN: <\/b>979-13-7012-302-4<\/p>\n<p class=\"p1\"><b>T\u00edtulo:\u00a0<\/b>Todo empez\u00f3 contigo<br \/>\n<strong>Fecha:<\/strong> 2025<\/p>\n<p class=\"p1\"><b>P\u00e1ginas:\u00a0<\/b>228<b><\/b><\/p>\n<p class=\"p1\"><b>SINOPSIS<\/b><\/p>\n<p>Addison lo ten\u00eda todo bajo control&#8230; hasta que su mundo comenz\u00f3 a desmoronarse. Un grupo descalificado, secretos enterrados y una serie de casualidades que no parecen serlo. Entonces aparece Michelle: desafiante, enigm\u00e1tica y con una mirada que oculta m\u00e1s de lo que muestra.<br \/>\nCuando ambas se encuentran al borde del abismo, la l\u00ednea entre rivalidad y complicidad comienza a desdibujarse.<br \/>\nLo que empieza como una b\u00fasqueda de respuestas podr\u00eda convertirse en algo mucho m\u00e1s peligroso: una verdad que alguien no quiere que salga a la luz.<br \/>\nEn una carrera donde cada paso podr\u00eda acercarlas a su objetivo o acabar con \u00e9l, Addison y Michelle deber\u00e1n decidir si confiar la una en la otra&#8230; o perderlo todo.<\/p>\n","protected":false},"excerpt":{"rendered":"<p class=\"p1\"><b>ISBN: <\/b>979-13-7012-302-4<\/p>\n<p class=\"p1\"><b>SINOPSIS<\/b><\/p>\n<p>Addison lo ten\u00eda todo bajo control&#8230; hasta que su mundo comenz\u00f3 a desmoronarse. Un grupo descalificado, secretos enterrados y una serie de casualidades que no parecen serlo. Entonces aparece Michelle: desafiante, enigm\u00e1tica y con una mirada que oculta m\u00e1s de lo que muestra.<br \/>\nCuando ambas se encuentran al borde del abismo, la l\u00ednea entre rivalidad y complicidad comienza a desdibujarse.<br \/>\nLo que empieza como una b\u00fasqueda de respuestas podr\u00eda convertirse en algo mucho m\u00e1s peligroso: una verdad que alguien no quiere que salga a la luz.<br \/>\nEn una carrera donde cada paso podr\u00eda acercarlas a su objetivo o acabar con \u00e9l, Addison y Michelle deber\u00e1n decidir si confiar la una en la otra&#8230; o perderlo todo.<\/p>\n","protected":false},"featured_media":110470,"comment_status":"open","ping_status":"closed","template":"","meta":{"_acf_changed":false},"libro":[],"product_brand":[],"product_cat":[141],"product_tag":[],"class_list":{"0":"post-110466","1":"product","2":"type-product","3":"status-publish","4":"has-post-thumbnail","6":"product_cat-ficcion","8":"first","9":"instock","10":"shipping-taxable","11":"product-type-simple"},"acf":{"autor":[110467],"enlace_de_compra":"https:\/\/www.amazon.es\/Todo-empez%C3%B3-contigo-Novela-ficci%C3%B3n\/dp\/B0FCY2Y9LS\/ref=sr_1_1?__mk_es_ES=%C3%85M%C3%85%C5%BD%C3%95%C3%91&crid=3RA07D50W41AV&dib=eyJ2IjoiMSJ9.vt6NmUm-XLsZwWw1kOYCLrx71aEf9wEgAhklYXFFexSSseskflUYDA1Z5khyxYbDXoSn2S7PbyfglAdChnkzPmVfGJ3hJO3yH5AZJ7U_ydRPitMMaQhZruyGHvMuDQGKeNMkTadzvquRgqjmOQHd4NbYxlY9T_LcKB0zFLkHkLYCg8iwE-mAYc5lyhMCXM65.JAhIheZAVZCXE7tTMfakyR84JSX2q0G6JI9wKpigefM&dib_tag=se&keywords=Todo+empez%C3%B3+contigo&qid=1767002087&sprefix=todo+empez%C3%B3+contigo+stock+0+%2Caps%2C272&sr=8-1"},"yoast_head":"<!-- This site is optimized with the Yoast SEO plugin v26.6 - https:\/\/yoast.com\/wordpress\/plugins\/seo\/ -->\n<title>Todo empez\u00f3 contigo - Catalogo | Letrame Grupo Editorial<\/title>\n<meta name=\"robots\" content=\"index, follow, max-snippet:-1, max-image-preview:large, max-video-preview:-1\" \/>\n<link rel=\"canonical\" href=\"https:\/\/letrame.com\/catalogo\/producto\/todo-empezo-contigo\/\" \/>\n<meta property=\"og:locale\" content=\"es_ES\" \/>\n<meta property=\"og:type\" content=\"article\" \/>\n<meta property=\"og:title\" content=\"Todo empez\u00f3 contigo - Catalogo | Letrame Grupo Editorial\" \/>\n<meta property=\"og:description\" content=\"ISBN: 979-13-7012-302-4 SINOPSIS Addison lo ten\u00eda todo bajo control... hasta que su mundo comenz\u00f3 a desmoronarse. Un grupo descalificado, secretos enterrados y una serie de casualidades que no parecen serlo. Entonces aparece Michelle: desafiante, enigm\u00e1tica y con una mirada que oculta m\u00e1s de lo que muestra. Cuando ambas se encuentran al borde del abismo, la l\u00ednea entre rivalidad y complicidad comienza a desdibujarse. Lo que empieza como una b\u00fasqueda de respuestas podr\u00eda convertirse en algo mucho m\u00e1s peligroso: una verdad que alguien no quiere que salga a la luz. En una carrera donde cada paso podr\u00eda acercarlas a su objetivo o acabar con \u00e9l, Addison y Michelle deber\u00e1n decidir si confiar la una en la otra... o perderlo todo.\" \/>\n<meta property=\"og:url\" content=\"https:\/\/letrame.com\/catalogo\/producto\/todo-empezo-contigo\/\" \/>\n<meta property=\"og:site_name\" content=\"Catalogo | Letrame Grupo Editorial\" \/>\n<meta property=\"og:image\" content=\"https:\/\/letrame.com\/catalogo\/wp-content\/uploads\/2025\/12\/todoempezocontigo_116mm4.jpg\" \/>\n\t<meta property=\"og:image:width\" content=\"1772\" \/>\n\t<meta property=\"og:image:height\" content=\"2480\" \/>\n\t<meta property=\"og:image:type\" content=\"image\/jpeg\" \/>\n<meta name=\"twitter:card\" content=\"summary_large_image\" \/>\n<meta name=\"twitter:label1\" content=\"Tiempo de lectura\" \/>\n\t<meta name=\"twitter:data1\" content=\"1 minuto\" \/>\n<script type=\"application\/ld+json\" class=\"yoast-schema-graph\">{\"@context\":\"https:\/\/schema.org\",\"@graph\":[{\"@type\":\"WebPage\",\"@id\":\"https:\/\/letrame.com\/catalogo\/producto\/todo-empezo-contigo\/\",\"url\":\"https:\/\/letrame.com\/catalogo\/producto\/todo-empezo-contigo\/\",\"name\":\"Todo empez\u00f3 contigo - Catalogo | Letrame Grupo Editorial\",\"isPartOf\":{\"@id\":\"https:\/\/letrame.com\/catalogo\/#website\"},\"primaryImageOfPage\":{\"@id\":\"https:\/\/letrame.com\/catalogo\/producto\/todo-empezo-contigo\/#primaryimage\"},\"image\":{\"@id\":\"https:\/\/letrame.com\/catalogo\/producto\/todo-empezo-contigo\/#primaryimage\"},\"thumbnailUrl\":\"https:\/\/letrame.com\/catalogo\/wp-content\/uploads\/2025\/12\/todoempezocontigo_116mm4.jpg\",\"datePublished\":\"2025-12-29T10:02:49+00:00\",\"breadcrumb\":{\"@id\":\"https:\/\/letrame.com\/catalogo\/producto\/todo-empezo-contigo\/#breadcrumb\"},\"inLanguage\":\"es\",\"potentialAction\":[{\"@type\":\"ReadAction\",\"target\":[\"https:\/\/letrame.com\/catalogo\/producto\/todo-empezo-contigo\/\"]}]},{\"@type\":\"ImageObject\",\"inLanguage\":\"es\",\"@id\":\"https:\/\/letrame.com\/catalogo\/producto\/todo-empezo-contigo\/#primaryimage\",\"url\":\"https:\/\/letrame.com\/catalogo\/wp-content\/uploads\/2025\/12\/todoempezocontigo_116mm4.jpg\",\"contentUrl\":\"https:\/\/letrame.com\/catalogo\/wp-content\/uploads\/2025\/12\/todoempezocontigo_116mm4.jpg\",\"width\":1772,\"height\":2480},{\"@type\":\"BreadcrumbList\",\"@id\":\"https:\/\/letrame.com\/catalogo\/producto\/todo-empezo-contigo\/#breadcrumb\",\"itemListElement\":[{\"@type\":\"ListItem\",\"position\":1,\"name\":\"Portada\",\"item\":\"https:\/\/letrame.com\/catalogo\/\"},{\"@type\":\"ListItem\",\"position\":2,\"name\":\"Cat\u00e1logo\",\"item\":\"https:\/\/letrame.com\/catalogo\/\"},{\"@type\":\"ListItem\",\"position\":3,\"name\":\"Todo empez\u00f3 contigo\"}]},{\"@type\":\"WebSite\",\"@id\":\"https:\/\/letrame.com\/catalogo\/#website\",\"url\":\"https:\/\/letrame.com\/catalogo\/\",\"name\":\"Catalogo | Letrame Grupo Editorial\",\"description\":\"\",\"publisher\":{\"@id\":\"https:\/\/letrame.com\/catalogo\/#organization\"},\"potentialAction\":[{\"@type\":\"SearchAction\",\"target\":{\"@type\":\"EntryPoint\",\"urlTemplate\":\"https:\/\/letrame.com\/catalogo\/?s={search_term_string}\"},\"query-input\":{\"@type\":\"PropertyValueSpecification\",\"valueRequired\":true,\"valueName\":\"search_term_string\"}}],\"inLanguage\":\"es\"},{\"@type\":\"Organization\",\"@id\":\"https:\/\/letrame.com\/catalogo\/#organization\",\"name\":\"Catalogo | Letrame Grupo Editorial\",\"url\":\"https:\/\/letrame.com\/catalogo\/\",\"logo\":{\"@type\":\"ImageObject\",\"inLanguage\":\"es\",\"@id\":\"https:\/\/letrame.com\/catalogo\/#\/schema\/logo\/image\/\",\"url\":\"https:\/\/letrame.com\/catalogo\/wp-content\/uploads\/2024\/03\/logo2.webp\",\"contentUrl\":\"https:\/\/letrame.com\/catalogo\/wp-content\/uploads\/2024\/03\/logo2.webp\",\"width\":394,\"height\":128,\"caption\":\"Catalogo | Letrame Grupo Editorial\"},\"image\":{\"@id\":\"https:\/\/letrame.com\/catalogo\/#\/schema\/logo\/image\/\"}}]}<\/script>\n<!-- \/ Yoast SEO plugin. -->","yoast_head_json":{"title":"Todo empez\u00f3 contigo - Catalogo | Letrame Grupo Editorial","robots":{"index":"index","follow":"follow","max-snippet":"max-snippet:-1","max-image-preview":"max-image-preview:large","max-video-preview":"max-video-preview:-1"},"canonical":"https:\/\/letrame.com\/catalogo\/producto\/todo-empezo-contigo\/","og_locale":"es_ES","og_type":"article","og_title":"Todo empez\u00f3 contigo - Catalogo | Letrame Grupo Editorial","og_description":"ISBN: 979-13-7012-302-4 SINOPSIS Addison lo ten\u00eda todo bajo control... hasta que su mundo comenz\u00f3 a desmoronarse. Un grupo descalificado, secretos enterrados y una serie de casualidades que no parecen serlo. Entonces aparece Michelle: desafiante, enigm\u00e1tica y con una mirada que oculta m\u00e1s de lo que muestra. Cuando ambas se encuentran al borde del abismo, la l\u00ednea entre rivalidad y complicidad comienza a desdibujarse. Lo que empieza como una b\u00fasqueda de respuestas podr\u00eda convertirse en algo mucho m\u00e1s peligroso: una verdad que alguien no quiere que salga a la luz. En una carrera donde cada paso podr\u00eda acercarlas a su objetivo o acabar con \u00e9l, Addison y Michelle deber\u00e1n decidir si confiar la una en la otra... o perderlo todo.","og_url":"https:\/\/letrame.com\/catalogo\/producto\/todo-empezo-contigo\/","og_site_name":"Catalogo | Letrame Grupo Editorial","og_image":[{"width":1772,"height":2480,"url":"https:\/\/letrame.com\/catalogo\/wp-content\/uploads\/2025\/12\/todoempezocontigo_116mm4.jpg","type":"image\/jpeg"}],"twitter_card":"summary_large_image","twitter_misc":{"Tiempo de lectura":"1 minuto"},"schema":{"@context":"https:\/\/schema.org","@graph":[{"@type":"WebPage","@id":"https:\/\/letrame.com\/catalogo\/producto\/todo-empezo-contigo\/","url":"https:\/\/letrame.com\/catalogo\/producto\/todo-empezo-contigo\/","name":"Todo empez\u00f3 contigo - Catalogo | Letrame Grupo Editorial","isPartOf":{"@id":"https:\/\/letrame.com\/catalogo\/#website"},"primaryImageOfPage":{"@id":"https:\/\/letrame.com\/catalogo\/producto\/todo-empezo-contigo\/#primaryimage"},"image":{"@id":"https:\/\/letrame.com\/catalogo\/producto\/todo-empezo-contigo\/#primaryimage"},"thumbnailUrl":"https:\/\/letrame.com\/catalogo\/wp-content\/uploads\/2025\/12\/todoempezocontigo_116mm4.jpg","datePublished":"2025-12-29T10:02:49+00:00","breadcrumb":{"@id":"https:\/\/letrame.com\/catalogo\/producto\/todo-empezo-contigo\/#breadcrumb"},"inLanguage":"es","potentialAction":[{"@type":"ReadAction","target":["https:\/\/letrame.com\/catalogo\/producto\/todo-empezo-contigo\/"]}]},{"@type":"ImageObject","inLanguage":"es","@id":"https:\/\/letrame.com\/catalogo\/producto\/todo-empezo-contigo\/#primaryimage","url":"https:\/\/letrame.com\/catalogo\/wp-content\/uploads\/2025\/12\/todoempezocontigo_116mm4.jpg","contentUrl":"https:\/\/letrame.com\/catalogo\/wp-content\/uploads\/2025\/12\/todoempezocontigo_116mm4.jpg","width":1772,"height":2480},{"@type":"BreadcrumbList","@id":"https:\/\/letrame.com\/catalogo\/producto\/todo-empezo-contigo\/#breadcrumb","itemListElement":[{"@type":"ListItem","position":1,"name":"Portada","item":"https:\/\/letrame.com\/catalogo\/"},{"@type":"ListItem","position":2,"name":"Cat\u00e1logo","item":"https:\/\/letrame.com\/catalogo\/"},{"@type":"ListItem","position":3,"name":"Todo empez\u00f3 contigo"}]},{"@type":"WebSite","@id":"https:\/\/letrame.com\/catalogo\/#website","url":"https:\/\/letrame.com\/catalogo\/","name":"Catalogo | Letrame Grupo Editorial","description":"","publisher":{"@id":"https:\/\/letrame.com\/catalogo\/#organization"},"potentialAction":[{"@type":"SearchAction","target":{"@type":"EntryPoint","urlTemplate":"https:\/\/letrame.com\/catalogo\/?s={search_term_string}"},"query-input":{"@type":"PropertyValueSpecification","valueRequired":true,"valueName":"search_term_string"}}],"inLanguage":"es"},{"@type":"Organization","@id":"https:\/\/letrame.com\/catalogo\/#organization","name":"Catalogo | Letrame Grupo Editorial","url":"https:\/\/letrame.com\/catalogo\/","logo":{"@type":"ImageObject","inLanguage":"es","@id":"https:\/\/letrame.com\/catalogo\/#\/schema\/logo\/image\/","url":"https:\/\/letrame.com\/catalogo\/wp-content\/uploads\/2024\/03\/logo2.webp","contentUrl":"https:\/\/letrame.com\/catalogo\/wp-content\/uploads\/2024\/03\/logo2.webp","width":394,"height":128,"caption":"Catalogo | Letrame Grupo Editorial"},"image":{"@id":"https:\/\/letrame.com\/catalogo\/#\/schema\/logo\/image\/"}}]}},"_links":{"self":[{"href":"https:\/\/letrame.com\/catalogo\/wp-json\/wp\/v2\/product\/110466","targetHints":{"allow":["GET"]}}],"collection":[{"href":"https:\/\/letrame.com\/catalogo\/wp-json\/wp\/v2\/product"}],"about":[{"href":"https:\/\/letrame.com\/catalogo\/wp-json\/wp\/v2\/types\/product"}],"replies":[{"embeddable":true,"href":"https:\/\/letrame.com\/catalogo\/wp-json\/wp\/v2\/comments?post=110466"}],"acf:post":[{"embeddable":true,"href":"https:\/\/letrame.com\/catalogo\/wp-json\/wp\/v2\/author_book\/110467"}],"wp:featuredmedia":[{"embeddable":true,"href":"https:\/\/letrame.com\/catalogo\/wp-json\/wp\/v2\/media\/110470"}],"wp:attachment":[{"href":"https:\/\/letrame.com\/catalogo\/wp-json\/wp\/v2\/media?parent=110466"}],"wp:term":[{"taxonomy":"libro","embeddable":true,"href":"https:\/\/letrame.com\/catalogo\/wp-json\/wp\/v2\/libro?post=110466"},{"taxonomy":"product_brand","embeddable":true,"href":"https:\/\/letrame.com\/catalogo\/wp-json\/wp\/v2\/product_brand?post=110466"},{"taxonomy":"product_cat","embeddable":true,"href":"https:\/\/letrame.com\/catalogo\/wp-json\/wp\/v2\/product_cat?post=110466"},{"taxonomy":"product_tag","embeddable":true,"href":"https:\/\/letrame.com\/catalogo\/wp-json\/wp\/v2\/product_tag?post=110466"}],"curies":[{"name":"wp","href":"https:\/\/api.w.org\/{rel}","templated":true}]}}