{"id":110456,"date":"2025-12-29T10:38:40","date_gmt":"2025-12-29T09:38:40","guid":{"rendered":"https:\/\/letrame.com\/catalogo\/?post_type=product&#038;p=110456"},"modified":"2025-12-29T10:38:40","modified_gmt":"2025-12-29T09:38:40","slug":"simon-el-tekton","status":"publish","type":"product","link":"https:\/\/letrame.com\/catalogo\/producto\/simon-el-tekton\/","title":{"rendered":"Sim\u00f3n El Tekton"},"content":{"rendered":"<p class=\"p1\"><b>ISBN:\u00a0<\/b>979-13-7012-311-6<\/p>\n<p class=\"p1\"><b>T\u00edtulo:\u00a0<\/b>Sim\u00f3n El Tekton<br \/>\n<b>Fecha:\u00a0<\/b>2025<br \/>\n<b>P\u00e1ginas:\u00a0<\/b>206<b><\/b><\/p>\n<p class=\"p1\"><b>SINOPSIS<\/b><\/p>\n<p>En la Galilea del siglo I, bajo el yugo de la ocupaci\u00f3n romana, dos j\u00f3venes jud\u00edos, Sim\u00f3n y Yeshua, se enfrentan a un mundo lleno de peligros y desaf\u00edos. Mientras luchan por preservar su fe y sus tradiciones, se embarcan en una serie de aventuras que pondr\u00e1n a prueba su valent\u00eda y su amistad.<br \/>\n\u00bfPodr\u00e1n superar los obst\u00e1culos que se interponen en su camino o sucumbir\u00e1n ante la opresi\u00f3n y la incertidumbre?<br \/>\nEsto cambiar\u00e1 para siempre la historia tal como la conocemos.<br \/>\nLos a\u00f1os perdidos de Jes\u00fas, expuestos en esta novela, constituyen una exploraci\u00f3n creativa y estimulante, de inter\u00e9s acad\u00e9mico m\u00e1s que teol\u00f3gico. Requiri\u00f3 una investigaci\u00f3n exhaustiva del contexto hist\u00f3rico, cultural y religioso de la \u00e9poca para garantizar precisi\u00f3n y autenticidad en la narrativa.<\/p>\n","protected":false},"excerpt":{"rendered":"<p class=\"p1\"><b>ISBN:\u00a0<\/b>979-13-7012-311-6<\/p>\n<p class=\"p1\"><b>SINOPSIS<\/b><\/p>\n<p>En la Galilea del siglo I, bajo el yugo de la ocupaci\u00f3n romana, dos j\u00f3venes jud\u00edos, Sim\u00f3n y Yeshua, se enfrentan a un mundo lleno de peligros y desaf\u00edos. Mientras luchan por preservar su fe y sus tradiciones, se embarcan en una serie de aventuras que pondr\u00e1n a prueba su valent\u00eda y su amistad.<br \/>\n\u00bfPodr\u00e1n superar los obst\u00e1culos que se interponen en su camino o sucumbir\u00e1n ante la opresi\u00f3n y la incertidumbre?<br \/>\nEsto cambiar\u00e1 para siempre la historia tal como la conocemos.<br \/>\nLos a\u00f1os perdidos de Jes\u00fas, expuestos en esta novela, constituyen una exploraci\u00f3n creativa y estimulante, de inter\u00e9s acad\u00e9mico m\u00e1s que teol\u00f3gico. Requiri\u00f3 una investigaci\u00f3n exhaustiva del contexto hist\u00f3rico, cultural y religioso de la \u00e9poca para garantizar precisi\u00f3n y autenticidad en la narrativa.<\/p>\n","protected":false},"featured_media":110458,"comment_status":"open","ping_status":"closed","template":"","meta":{"_acf_changed":false},"libro":[],"product_brand":[],"product_cat":[115],"product_tag":[],"class_list":{"0":"post-110456","1":"product","2":"type-product","3":"status-publish","4":"has-post-thumbnail","6":"product_cat-aventuraviajes","8":"first","9":"instock","10":"shipping-taxable","11":"product-type-simple"},"acf":{"autor":[77257],"enlace_de_compra":"https:\/\/www.amazon.es\/Sim%C3%B3n-El-Tekton-Aventura-viajes\/dp\/B0FCRW5TY3\/ref=sr_1_1?__mk_es_ES=%C3%85M%C3%85%C5%BD%C3%95%C3%91&crid=1OOP1HOD2B7PL&dib=eyJ2IjoiMSJ9.9UezH0JKKiu2gHvyIsE0og.yZ8JdphNls1oGOdODBI-hvtGkooeefTPqHNRNwIznqE&dib_tag=se&keywords=9791370123116&qid=1767000939&sprefix=9791370123116%2Caps%2C255&sr=8-1"},"yoast_head":"<!-- This site is optimized with the Yoast SEO plugin v26.6 - https:\/\/yoast.com\/wordpress\/plugins\/seo\/ -->\n<title>Sim\u00f3n El Tekton - Catalogo | Letrame Grupo Editorial<\/title>\n<meta name=\"robots\" content=\"index, follow, max-snippet:-1, max-image-preview:large, max-video-preview:-1\" \/>\n<link rel=\"canonical\" href=\"https:\/\/letrame.com\/catalogo\/producto\/simon-el-tekton\/\" \/>\n<meta property=\"og:locale\" content=\"es_ES\" \/>\n<meta property=\"og:type\" content=\"article\" \/>\n<meta property=\"og:title\" content=\"Sim\u00f3n El Tekton - Catalogo | Letrame Grupo Editorial\" \/>\n<meta property=\"og:description\" content=\"ISBN:\u00a0979-13-7012-311-6 SINOPSIS En la Galilea del siglo I, bajo el yugo de la ocupaci\u00f3n romana, dos j\u00f3venes jud\u00edos, Sim\u00f3n y Yeshua, se enfrentan a un mundo lleno de peligros y desaf\u00edos. Mientras luchan por preservar su fe y sus tradiciones, se embarcan en una serie de aventuras que pondr\u00e1n a prueba su valent\u00eda y su amistad. \u00bfPodr\u00e1n superar los obst\u00e1culos que se interponen en su camino o sucumbir\u00e1n ante la opresi\u00f3n y la incertidumbre? Esto cambiar\u00e1 para siempre la historia tal como la conocemos. Los a\u00f1os perdidos de Jes\u00fas, expuestos en esta novela, constituyen una exploraci\u00f3n creativa y estimulante, de inter\u00e9s acad\u00e9mico m\u00e1s que teol\u00f3gico. Requiri\u00f3 una investigaci\u00f3n exhaustiva del contexto hist\u00f3rico, cultural y religioso de la \u00e9poca para garantizar precisi\u00f3n y autenticidad en la narrativa.\" \/>\n<meta property=\"og:url\" content=\"https:\/\/letrame.com\/catalogo\/producto\/simon-el-tekton\/\" \/>\n<meta property=\"og:site_name\" content=\"Catalogo | Letrame Grupo Editorial\" \/>\n<meta property=\"og:image\" content=\"https:\/\/letrame.com\/catalogo\/wp-content\/uploads\/2025\/12\/simon_1057mm4-scaled.jpg\" \/>\n\t<meta property=\"og:image:width\" content=\"1746\" \/>\n\t<meta property=\"og:image:height\" content=\"2560\" \/>\n\t<meta property=\"og:image:type\" content=\"image\/jpeg\" \/>\n<meta name=\"twitter:card\" content=\"summary_large_image\" \/>\n<meta name=\"twitter:label1\" content=\"Tiempo de lectura\" \/>\n\t<meta name=\"twitter:data1\" content=\"1 minuto\" \/>\n<script type=\"application\/ld+json\" class=\"yoast-schema-graph\">{\"@context\":\"https:\/\/schema.org\",\"@graph\":[{\"@type\":\"WebPage\",\"@id\":\"https:\/\/letrame.com\/catalogo\/producto\/simon-el-tekton\/\",\"url\":\"https:\/\/letrame.com\/catalogo\/producto\/simon-el-tekton\/\",\"name\":\"Sim\u00f3n El Tekton - Catalogo | Letrame Grupo Editorial\",\"isPartOf\":{\"@id\":\"https:\/\/letrame.com\/catalogo\/#website\"},\"primaryImageOfPage\":{\"@id\":\"https:\/\/letrame.com\/catalogo\/producto\/simon-el-tekton\/#primaryimage\"},\"image\":{\"@id\":\"https:\/\/letrame.com\/catalogo\/producto\/simon-el-tekton\/#primaryimage\"},\"thumbnailUrl\":\"https:\/\/letrame.com\/catalogo\/wp-content\/uploads\/2025\/12\/simon_1057mm4-scaled.jpg\",\"datePublished\":\"2025-12-29T09:38:40+00:00\",\"breadcrumb\":{\"@id\":\"https:\/\/letrame.com\/catalogo\/producto\/simon-el-tekton\/#breadcrumb\"},\"inLanguage\":\"es\",\"potentialAction\":[{\"@type\":\"ReadAction\",\"target\":[\"https:\/\/letrame.com\/catalogo\/producto\/simon-el-tekton\/\"]}]},{\"@type\":\"ImageObject\",\"inLanguage\":\"es\",\"@id\":\"https:\/\/letrame.com\/catalogo\/producto\/simon-el-tekton\/#primaryimage\",\"url\":\"https:\/\/letrame.com\/catalogo\/wp-content\/uploads\/2025\/12\/simon_1057mm4-scaled.jpg\",\"contentUrl\":\"https:\/\/letrame.com\/catalogo\/wp-content\/uploads\/2025\/12\/simon_1057mm4-scaled.jpg\",\"width\":1746,\"height\":2560},{\"@type\":\"BreadcrumbList\",\"@id\":\"https:\/\/letrame.com\/catalogo\/producto\/simon-el-tekton\/#breadcrumb\",\"itemListElement\":[{\"@type\":\"ListItem\",\"position\":1,\"name\":\"Portada\",\"item\":\"https:\/\/letrame.com\/catalogo\/\"},{\"@type\":\"ListItem\",\"position\":2,\"name\":\"Cat\u00e1logo\",\"item\":\"https:\/\/letrame.com\/catalogo\/\"},{\"@type\":\"ListItem\",\"position\":3,\"name\":\"Sim\u00f3n El Tekton\"}]},{\"@type\":\"WebSite\",\"@id\":\"https:\/\/letrame.com\/catalogo\/#website\",\"url\":\"https:\/\/letrame.com\/catalogo\/\",\"name\":\"Catalogo | Letrame Grupo Editorial\",\"description\":\"\",\"publisher\":{\"@id\":\"https:\/\/letrame.com\/catalogo\/#organization\"},\"potentialAction\":[{\"@type\":\"SearchAction\",\"target\":{\"@type\":\"EntryPoint\",\"urlTemplate\":\"https:\/\/letrame.com\/catalogo\/?s={search_term_string}\"},\"query-input\":{\"@type\":\"PropertyValueSpecification\",\"valueRequired\":true,\"valueName\":\"search_term_string\"}}],\"inLanguage\":\"es\"},{\"@type\":\"Organization\",\"@id\":\"https:\/\/letrame.com\/catalogo\/#organization\",\"name\":\"Catalogo | Letrame Grupo Editorial\",\"url\":\"https:\/\/letrame.com\/catalogo\/\",\"logo\":{\"@type\":\"ImageObject\",\"inLanguage\":\"es\",\"@id\":\"https:\/\/letrame.com\/catalogo\/#\/schema\/logo\/image\/\",\"url\":\"https:\/\/letrame.com\/catalogo\/wp-content\/uploads\/2024\/03\/logo2.webp\",\"contentUrl\":\"https:\/\/letrame.com\/catalogo\/wp-content\/uploads\/2024\/03\/logo2.webp\",\"width\":394,\"height\":128,\"caption\":\"Catalogo | Letrame Grupo Editorial\"},\"image\":{\"@id\":\"https:\/\/letrame.com\/catalogo\/#\/schema\/logo\/image\/\"}}]}<\/script>\n<!-- \/ Yoast SEO plugin. -->","yoast_head_json":{"title":"Sim\u00f3n El Tekton - Catalogo | Letrame Grupo Editorial","robots":{"index":"index","follow":"follow","max-snippet":"max-snippet:-1","max-image-preview":"max-image-preview:large","max-video-preview":"max-video-preview:-1"},"canonical":"https:\/\/letrame.com\/catalogo\/producto\/simon-el-tekton\/","og_locale":"es_ES","og_type":"article","og_title":"Sim\u00f3n El Tekton - Catalogo | Letrame Grupo Editorial","og_description":"ISBN:\u00a0979-13-7012-311-6 SINOPSIS En la Galilea del siglo I, bajo el yugo de la ocupaci\u00f3n romana, dos j\u00f3venes jud\u00edos, Sim\u00f3n y Yeshua, se enfrentan a un mundo lleno de peligros y desaf\u00edos. Mientras luchan por preservar su fe y sus tradiciones, se embarcan en una serie de aventuras que pondr\u00e1n a prueba su valent\u00eda y su amistad. \u00bfPodr\u00e1n superar los obst\u00e1culos que se interponen en su camino o sucumbir\u00e1n ante la opresi\u00f3n y la incertidumbre? Esto cambiar\u00e1 para siempre la historia tal como la conocemos. Los a\u00f1os perdidos de Jes\u00fas, expuestos en esta novela, constituyen una exploraci\u00f3n creativa y estimulante, de inter\u00e9s acad\u00e9mico m\u00e1s que teol\u00f3gico. Requiri\u00f3 una investigaci\u00f3n exhaustiva del contexto hist\u00f3rico, cultural y religioso de la \u00e9poca para garantizar precisi\u00f3n y autenticidad en la narrativa.","og_url":"https:\/\/letrame.com\/catalogo\/producto\/simon-el-tekton\/","og_site_name":"Catalogo | Letrame Grupo Editorial","og_image":[{"width":1746,"height":2560,"url":"https:\/\/letrame.com\/catalogo\/wp-content\/uploads\/2025\/12\/simon_1057mm4-scaled.jpg","type":"image\/jpeg"}],"twitter_card":"summary_large_image","twitter_misc":{"Tiempo de lectura":"1 minuto"},"schema":{"@context":"https:\/\/schema.org","@graph":[{"@type":"WebPage","@id":"https:\/\/letrame.com\/catalogo\/producto\/simon-el-tekton\/","url":"https:\/\/letrame.com\/catalogo\/producto\/simon-el-tekton\/","name":"Sim\u00f3n El Tekton - Catalogo | Letrame Grupo Editorial","isPartOf":{"@id":"https:\/\/letrame.com\/catalogo\/#website"},"primaryImageOfPage":{"@id":"https:\/\/letrame.com\/catalogo\/producto\/simon-el-tekton\/#primaryimage"},"image":{"@id":"https:\/\/letrame.com\/catalogo\/producto\/simon-el-tekton\/#primaryimage"},"thumbnailUrl":"https:\/\/letrame.com\/catalogo\/wp-content\/uploads\/2025\/12\/simon_1057mm4-scaled.jpg","datePublished":"2025-12-29T09:38:40+00:00","breadcrumb":{"@id":"https:\/\/letrame.com\/catalogo\/producto\/simon-el-tekton\/#breadcrumb"},"inLanguage":"es","potentialAction":[{"@type":"ReadAction","target":["https:\/\/letrame.com\/catalogo\/producto\/simon-el-tekton\/"]}]},{"@type":"ImageObject","inLanguage":"es","@id":"https:\/\/letrame.com\/catalogo\/producto\/simon-el-tekton\/#primaryimage","url":"https:\/\/letrame.com\/catalogo\/wp-content\/uploads\/2025\/12\/simon_1057mm4-scaled.jpg","contentUrl":"https:\/\/letrame.com\/catalogo\/wp-content\/uploads\/2025\/12\/simon_1057mm4-scaled.jpg","width":1746,"height":2560},{"@type":"BreadcrumbList","@id":"https:\/\/letrame.com\/catalogo\/producto\/simon-el-tekton\/#breadcrumb","itemListElement":[{"@type":"ListItem","position":1,"name":"Portada","item":"https:\/\/letrame.com\/catalogo\/"},{"@type":"ListItem","position":2,"name":"Cat\u00e1logo","item":"https:\/\/letrame.com\/catalogo\/"},{"@type":"ListItem","position":3,"name":"Sim\u00f3n El Tekton"}]},{"@type":"WebSite","@id":"https:\/\/letrame.com\/catalogo\/#website","url":"https:\/\/letrame.com\/catalogo\/","name":"Catalogo | Letrame Grupo Editorial","description":"","publisher":{"@id":"https:\/\/letrame.com\/catalogo\/#organization"},"potentialAction":[{"@type":"SearchAction","target":{"@type":"EntryPoint","urlTemplate":"https:\/\/letrame.com\/catalogo\/?s={search_term_string}"},"query-input":{"@type":"PropertyValueSpecification","valueRequired":true,"valueName":"search_term_string"}}],"inLanguage":"es"},{"@type":"Organization","@id":"https:\/\/letrame.com\/catalogo\/#organization","name":"Catalogo | Letrame Grupo Editorial","url":"https:\/\/letrame.com\/catalogo\/","logo":{"@type":"ImageObject","inLanguage":"es","@id":"https:\/\/letrame.com\/catalogo\/#\/schema\/logo\/image\/","url":"https:\/\/letrame.com\/catalogo\/wp-content\/uploads\/2024\/03\/logo2.webp","contentUrl":"https:\/\/letrame.com\/catalogo\/wp-content\/uploads\/2024\/03\/logo2.webp","width":394,"height":128,"caption":"Catalogo | Letrame Grupo Editorial"},"image":{"@id":"https:\/\/letrame.com\/catalogo\/#\/schema\/logo\/image\/"}}]}},"_links":{"self":[{"href":"https:\/\/letrame.com\/catalogo\/wp-json\/wp\/v2\/product\/110456","targetHints":{"allow":["GET"]}}],"collection":[{"href":"https:\/\/letrame.com\/catalogo\/wp-json\/wp\/v2\/product"}],"about":[{"href":"https:\/\/letrame.com\/catalogo\/wp-json\/wp\/v2\/types\/product"}],"replies":[{"embeddable":true,"href":"https:\/\/letrame.com\/catalogo\/wp-json\/wp\/v2\/comments?post=110456"}],"acf:post":[{"embeddable":true,"href":"https:\/\/letrame.com\/catalogo\/wp-json\/wp\/v2\/author_book\/77257"}],"wp:featuredmedia":[{"embeddable":true,"href":"https:\/\/letrame.com\/catalogo\/wp-json\/wp\/v2\/media\/110458"}],"wp:attachment":[{"href":"https:\/\/letrame.com\/catalogo\/wp-json\/wp\/v2\/media?parent=110456"}],"wp:term":[{"taxonomy":"libro","embeddable":true,"href":"https:\/\/letrame.com\/catalogo\/wp-json\/wp\/v2\/libro?post=110456"},{"taxonomy":"product_brand","embeddable":true,"href":"https:\/\/letrame.com\/catalogo\/wp-json\/wp\/v2\/product_brand?post=110456"},{"taxonomy":"product_cat","embeddable":true,"href":"https:\/\/letrame.com\/catalogo\/wp-json\/wp\/v2\/product_cat?post=110456"},{"taxonomy":"product_tag","embeddable":true,"href":"https:\/\/letrame.com\/catalogo\/wp-json\/wp\/v2\/product_tag?post=110456"}],"curies":[{"name":"wp","href":"https:\/\/api.w.org\/{rel}","templated":true}]}}