{"id":110439,"date":"2025-12-29T10:22:27","date_gmt":"2025-12-29T09:22:27","guid":{"rendered":"https:\/\/letrame.com\/catalogo\/?post_type=product&#038;p=110439"},"modified":"2025-12-29T10:23:58","modified_gmt":"2025-12-29T09:23:58","slug":"el-pequeno-ejercito-de-la-revolucion","status":"publish","type":"product","link":"https:\/\/letrame.com\/catalogo\/producto\/el-pequeno-ejercito-de-la-revolucion\/","title":{"rendered":"El peque\u00f1o ej\u00e9rcito de la revoluci\u00f3n"},"content":{"rendered":"<p class=\"p1\"><b>ISBN:\u00a0<\/b>979-13-7012-159-4<\/p>\n<p class=\"p1\"><b>T\u00edtulo:\u00a0<\/b>El peque\u00f1o ej\u00e9rcito de la revoluci\u00f3n<br \/>\n<b>Fecha:\u00a0<\/b>2025<br \/>\n<b>P\u00e1ginas:\u00a0<\/b>370<b><\/b><\/p>\n<p class=\"p1\"><b>SINOPSIS<\/b><\/p>\n<p>La vida puede cambiar en un solo instante. Un lunes cualquiera, una rutina de siempre\u2026 y, de repente, el vac\u00edo. Luis Miguel, un<br \/>\nni\u00f1o de seis a\u00f1os, desaparece sin dejar rastro a la salida del colegio.<br \/>\nSu familia queda atrapada en una pesadilla de incertidumbre, miedo y dolor, pero tambi\u00e9n de lucha incansable. Lo que comienza como la b\u00fasqueda desesperada de un padre por recuperar a su hijo se convierte en un viaje inesperado hacia las entra\u00f1as de un sistema oscuro, donde las piezas parecen encajar demasiado bien y la verdad es m\u00e1s inquietante de lo que nadie imagina.<br \/>\n\u00bfHasta d\u00f3nde estar\u00edas dispuesto a llegar por un ser querido? \u00bfY si la revoluci\u00f3n que promet\u00eda cambiarlo todo se ha llevado lo<br \/>\nque m\u00e1s amas?<br \/>\nEl peque\u00f1o ej\u00e9rcito de la revoluci\u00f3n es una historia sobre el amor inquebrantable, la esperanza a prueba de golpes y el poder de la verdad en un mundo donde no todo es lo que parece.<\/p>\n","protected":false},"excerpt":{"rendered":"<p class=\"p1\"><b>ISBN:\u00a0<\/b>979-13-7012-159-4<\/p>\n<p class=\"p1\"><b>SINOPSIS<\/b><\/p>\n<p>La vida puede cambiar en un solo instante. Un lunes cualquiera, una rutina de siempre\u2026 y, de repente, el vac\u00edo. Luis Miguel, un<br \/>\nni\u00f1o de seis a\u00f1os, desaparece sin dejar rastro a la salida del colegio.<br \/>\nSu familia queda atrapada en una pesadilla de incertidumbre, miedo y dolor, pero tambi\u00e9n de lucha incansable. Lo que comienza como la b\u00fasqueda desesperada de un padre por recuperar a su hijo se convierte en un viaje inesperado hacia las entra\u00f1as de un sistema oscuro, donde las piezas parecen encajar demasiado bien y la verdad es m\u00e1s inquietante de lo que nadie imagina.<br \/>\n\u00bfHasta d\u00f3nde estar\u00edas dispuesto a llegar por un ser querido? \u00bfY si la revoluci\u00f3n que promet\u00eda cambiarlo todo se ha llevado lo<br \/>\nque m\u00e1s amas?<br \/>\nEl peque\u00f1o ej\u00e9rcito de la revoluci\u00f3n es una historia sobre el amor inquebrantable, la esperanza a prueba de golpes y el poder de la verdad en un mundo donde no todo es lo que parece.<\/p>\n","protected":false},"featured_media":110444,"comment_status":"open","ping_status":"closed","template":"","meta":{"_acf_changed":false},"libro":[],"product_brand":[],"product_cat":[51],"product_tag":[],"class_list":{"0":"post-110439","1":"product","2":"type-product","3":"status-publish","4":"has-post-thumbnail","6":"product_cat-novela-negra","8":"first","9":"instock","10":"shipping-taxable","11":"product-type-simple"},"acf":{"autor":[110440],"enlace_de_compra":"https:\/\/www.amazon.es\/El-peque%C3%B1o-ej%C3%A9rcito-revoluci%C3%B3n-polic%C3%ADaca\/dp\/B0FGTFRCQ2\/ref=sr_1_1?__mk_es_ES=%C3%85M%C3%85%C5%BD%C3%95%C3%91&crid=J7UQ3CWZOP6V&dib=eyJ2IjoiMSJ9.shmeI2B1ITu6fRjJCDTt9_5ZYm-qYNZeP07rrveoOvfGjHj071QN20LucGBJIEps.nyGcqQaHhnUQydiioPumd-ror9GSlGgHXUT36Q8NkpQ&dib_tag=se&keywords=El+peque%C3%B1o+ej%C3%A9rcito+de+la+revoluci%C3%B3n&qid=1766999924&s=books&sprefix=el+peque%C3%B1o+ej%C3%A9rcito+de+la+revoluci%C3%B3n+stock+0+%2Cstripbooks%2C278&sr=1-1"},"yoast_head":"<!-- This site is optimized with the Yoast SEO plugin v26.6 - https:\/\/yoast.com\/wordpress\/plugins\/seo\/ -->\n<title>El peque\u00f1o ej\u00e9rcito de la revoluci\u00f3n - Catalogo | Letrame Grupo Editorial<\/title>\n<meta name=\"robots\" content=\"index, follow, max-snippet:-1, max-image-preview:large, max-video-preview:-1\" \/>\n<link rel=\"canonical\" href=\"https:\/\/letrame.com\/catalogo\/producto\/el-pequeno-ejercito-de-la-revolucion\/\" \/>\n<meta property=\"og:locale\" content=\"es_ES\" \/>\n<meta property=\"og:type\" content=\"article\" \/>\n<meta property=\"og:title\" content=\"El peque\u00f1o ej\u00e9rcito de la revoluci\u00f3n - Catalogo | Letrame Grupo Editorial\" \/>\n<meta property=\"og:description\" content=\"ISBN:\u00a0979-13-7012-159-4 SINOPSIS La vida puede cambiar en un solo instante. Un lunes cualquiera, una rutina de siempre\u2026 y, de repente, el vac\u00edo. Luis Miguel, un ni\u00f1o de seis a\u00f1os, desaparece sin dejar rastro a la salida del colegio. Su familia queda atrapada en una pesadilla de incertidumbre, miedo y dolor, pero tambi\u00e9n de lucha incansable. Lo que comienza como la b\u00fasqueda desesperada de un padre por recuperar a su hijo se convierte en un viaje inesperado hacia las entra\u00f1as de un sistema oscuro, donde las piezas parecen encajar demasiado bien y la verdad es m\u00e1s inquietante de lo que nadie imagina. \u00bfHasta d\u00f3nde estar\u00edas dispuesto a llegar por un ser querido? \u00bfY si la revoluci\u00f3n que promet\u00eda cambiarlo todo se ha llevado lo que m\u00e1s amas? El peque\u00f1o ej\u00e9rcito de la revoluci\u00f3n es una historia sobre el amor inquebrantable, la esperanza a prueba de golpes y el poder de la verdad en un mundo donde no todo es lo que parece.\" \/>\n<meta property=\"og:url\" content=\"https:\/\/letrame.com\/catalogo\/producto\/el-pequeno-ejercito-de-la-revolucion\/\" \/>\n<meta property=\"og:site_name\" content=\"Catalogo | Letrame Grupo Editorial\" \/>\n<meta property=\"article:modified_time\" content=\"2025-12-29T09:23:58+00:00\" \/>\n<meta property=\"og:image\" content=\"https:\/\/letrame.com\/catalogo\/wp-content\/uploads\/2025\/12\/Captura-de-pantalla-2025-12-29-a-las-10.23.46.png\" \/>\n\t<meta property=\"og:image:width\" content=\"272\" \/>\n\t<meta property=\"og:image:height\" content=\"414\" \/>\n\t<meta property=\"og:image:type\" content=\"image\/png\" \/>\n<meta name=\"twitter:card\" content=\"summary_large_image\" \/>\n<meta name=\"twitter:label1\" content=\"Tiempo de lectura\" \/>\n\t<meta name=\"twitter:data1\" content=\"1 minuto\" \/>\n<script type=\"application\/ld+json\" class=\"yoast-schema-graph\">{\"@context\":\"https:\/\/schema.org\",\"@graph\":[{\"@type\":\"WebPage\",\"@id\":\"https:\/\/letrame.com\/catalogo\/producto\/el-pequeno-ejercito-de-la-revolucion\/\",\"url\":\"https:\/\/letrame.com\/catalogo\/producto\/el-pequeno-ejercito-de-la-revolucion\/\",\"name\":\"El peque\u00f1o ej\u00e9rcito de la revoluci\u00f3n - Catalogo | Letrame Grupo Editorial\",\"isPartOf\":{\"@id\":\"https:\/\/letrame.com\/catalogo\/#website\"},\"primaryImageOfPage\":{\"@id\":\"https:\/\/letrame.com\/catalogo\/producto\/el-pequeno-ejercito-de-la-revolucion\/#primaryimage\"},\"image\":{\"@id\":\"https:\/\/letrame.com\/catalogo\/producto\/el-pequeno-ejercito-de-la-revolucion\/#primaryimage\"},\"thumbnailUrl\":\"https:\/\/letrame.com\/catalogo\/wp-content\/uploads\/2025\/12\/Captura-de-pantalla-2025-12-29-a-las-10.23.46.png\",\"datePublished\":\"2025-12-29T09:22:27+00:00\",\"dateModified\":\"2025-12-29T09:23:58+00:00\",\"breadcrumb\":{\"@id\":\"https:\/\/letrame.com\/catalogo\/producto\/el-pequeno-ejercito-de-la-revolucion\/#breadcrumb\"},\"inLanguage\":\"es\",\"potentialAction\":[{\"@type\":\"ReadAction\",\"target\":[\"https:\/\/letrame.com\/catalogo\/producto\/el-pequeno-ejercito-de-la-revolucion\/\"]}]},{\"@type\":\"ImageObject\",\"inLanguage\":\"es\",\"@id\":\"https:\/\/letrame.com\/catalogo\/producto\/el-pequeno-ejercito-de-la-revolucion\/#primaryimage\",\"url\":\"https:\/\/letrame.com\/catalogo\/wp-content\/uploads\/2025\/12\/Captura-de-pantalla-2025-12-29-a-las-10.23.46.png\",\"contentUrl\":\"https:\/\/letrame.com\/catalogo\/wp-content\/uploads\/2025\/12\/Captura-de-pantalla-2025-12-29-a-las-10.23.46.png\",\"width\":272,\"height\":414},{\"@type\":\"BreadcrumbList\",\"@id\":\"https:\/\/letrame.com\/catalogo\/producto\/el-pequeno-ejercito-de-la-revolucion\/#breadcrumb\",\"itemListElement\":[{\"@type\":\"ListItem\",\"position\":1,\"name\":\"Portada\",\"item\":\"https:\/\/letrame.com\/catalogo\/\"},{\"@type\":\"ListItem\",\"position\":2,\"name\":\"Cat\u00e1logo\",\"item\":\"https:\/\/letrame.com\/catalogo\/\"},{\"@type\":\"ListItem\",\"position\":3,\"name\":\"El peque\u00f1o ej\u00e9rcito de la revoluci\u00f3n\"}]},{\"@type\":\"WebSite\",\"@id\":\"https:\/\/letrame.com\/catalogo\/#website\",\"url\":\"https:\/\/letrame.com\/catalogo\/\",\"name\":\"Catalogo | Letrame Grupo Editorial\",\"description\":\"\",\"publisher\":{\"@id\":\"https:\/\/letrame.com\/catalogo\/#organization\"},\"potentialAction\":[{\"@type\":\"SearchAction\",\"target\":{\"@type\":\"EntryPoint\",\"urlTemplate\":\"https:\/\/letrame.com\/catalogo\/?s={search_term_string}\"},\"query-input\":{\"@type\":\"PropertyValueSpecification\",\"valueRequired\":true,\"valueName\":\"search_term_string\"}}],\"inLanguage\":\"es\"},{\"@type\":\"Organization\",\"@id\":\"https:\/\/letrame.com\/catalogo\/#organization\",\"name\":\"Catalogo | Letrame Grupo Editorial\",\"url\":\"https:\/\/letrame.com\/catalogo\/\",\"logo\":{\"@type\":\"ImageObject\",\"inLanguage\":\"es\",\"@id\":\"https:\/\/letrame.com\/catalogo\/#\/schema\/logo\/image\/\",\"url\":\"https:\/\/letrame.com\/catalogo\/wp-content\/uploads\/2024\/03\/logo2.webp\",\"contentUrl\":\"https:\/\/letrame.com\/catalogo\/wp-content\/uploads\/2024\/03\/logo2.webp\",\"width\":394,\"height\":128,\"caption\":\"Catalogo | Letrame Grupo Editorial\"},\"image\":{\"@id\":\"https:\/\/letrame.com\/catalogo\/#\/schema\/logo\/image\/\"}}]}<\/script>\n<!-- \/ Yoast SEO plugin. -->","yoast_head_json":{"title":"El peque\u00f1o ej\u00e9rcito de la revoluci\u00f3n - Catalogo | Letrame Grupo Editorial","robots":{"index":"index","follow":"follow","max-snippet":"max-snippet:-1","max-image-preview":"max-image-preview:large","max-video-preview":"max-video-preview:-1"},"canonical":"https:\/\/letrame.com\/catalogo\/producto\/el-pequeno-ejercito-de-la-revolucion\/","og_locale":"es_ES","og_type":"article","og_title":"El peque\u00f1o ej\u00e9rcito de la revoluci\u00f3n - Catalogo | Letrame Grupo Editorial","og_description":"ISBN:\u00a0979-13-7012-159-4 SINOPSIS La vida puede cambiar en un solo instante. Un lunes cualquiera, una rutina de siempre\u2026 y, de repente, el vac\u00edo. Luis Miguel, un ni\u00f1o de seis a\u00f1os, desaparece sin dejar rastro a la salida del colegio. Su familia queda atrapada en una pesadilla de incertidumbre, miedo y dolor, pero tambi\u00e9n de lucha incansable. Lo que comienza como la b\u00fasqueda desesperada de un padre por recuperar a su hijo se convierte en un viaje inesperado hacia las entra\u00f1as de un sistema oscuro, donde las piezas parecen encajar demasiado bien y la verdad es m\u00e1s inquietante de lo que nadie imagina. \u00bfHasta d\u00f3nde estar\u00edas dispuesto a llegar por un ser querido? \u00bfY si la revoluci\u00f3n que promet\u00eda cambiarlo todo se ha llevado lo que m\u00e1s amas? El peque\u00f1o ej\u00e9rcito de la revoluci\u00f3n es una historia sobre el amor inquebrantable, la esperanza a prueba de golpes y el poder de la verdad en un mundo donde no todo es lo que parece.","og_url":"https:\/\/letrame.com\/catalogo\/producto\/el-pequeno-ejercito-de-la-revolucion\/","og_site_name":"Catalogo | Letrame Grupo Editorial","article_modified_time":"2025-12-29T09:23:58+00:00","og_image":[{"width":272,"height":414,"url":"https:\/\/letrame.com\/catalogo\/wp-content\/uploads\/2025\/12\/Captura-de-pantalla-2025-12-29-a-las-10.23.46.png","type":"image\/png"}],"twitter_card":"summary_large_image","twitter_misc":{"Tiempo de lectura":"1 minuto"},"schema":{"@context":"https:\/\/schema.org","@graph":[{"@type":"WebPage","@id":"https:\/\/letrame.com\/catalogo\/producto\/el-pequeno-ejercito-de-la-revolucion\/","url":"https:\/\/letrame.com\/catalogo\/producto\/el-pequeno-ejercito-de-la-revolucion\/","name":"El peque\u00f1o ej\u00e9rcito de la revoluci\u00f3n - Catalogo | Letrame Grupo Editorial","isPartOf":{"@id":"https:\/\/letrame.com\/catalogo\/#website"},"primaryImageOfPage":{"@id":"https:\/\/letrame.com\/catalogo\/producto\/el-pequeno-ejercito-de-la-revolucion\/#primaryimage"},"image":{"@id":"https:\/\/letrame.com\/catalogo\/producto\/el-pequeno-ejercito-de-la-revolucion\/#primaryimage"},"thumbnailUrl":"https:\/\/letrame.com\/catalogo\/wp-content\/uploads\/2025\/12\/Captura-de-pantalla-2025-12-29-a-las-10.23.46.png","datePublished":"2025-12-29T09:22:27+00:00","dateModified":"2025-12-29T09:23:58+00:00","breadcrumb":{"@id":"https:\/\/letrame.com\/catalogo\/producto\/el-pequeno-ejercito-de-la-revolucion\/#breadcrumb"},"inLanguage":"es","potentialAction":[{"@type":"ReadAction","target":["https:\/\/letrame.com\/catalogo\/producto\/el-pequeno-ejercito-de-la-revolucion\/"]}]},{"@type":"ImageObject","inLanguage":"es","@id":"https:\/\/letrame.com\/catalogo\/producto\/el-pequeno-ejercito-de-la-revolucion\/#primaryimage","url":"https:\/\/letrame.com\/catalogo\/wp-content\/uploads\/2025\/12\/Captura-de-pantalla-2025-12-29-a-las-10.23.46.png","contentUrl":"https:\/\/letrame.com\/catalogo\/wp-content\/uploads\/2025\/12\/Captura-de-pantalla-2025-12-29-a-las-10.23.46.png","width":272,"height":414},{"@type":"BreadcrumbList","@id":"https:\/\/letrame.com\/catalogo\/producto\/el-pequeno-ejercito-de-la-revolucion\/#breadcrumb","itemListElement":[{"@type":"ListItem","position":1,"name":"Portada","item":"https:\/\/letrame.com\/catalogo\/"},{"@type":"ListItem","position":2,"name":"Cat\u00e1logo","item":"https:\/\/letrame.com\/catalogo\/"},{"@type":"ListItem","position":3,"name":"El peque\u00f1o ej\u00e9rcito de la revoluci\u00f3n"}]},{"@type":"WebSite","@id":"https:\/\/letrame.com\/catalogo\/#website","url":"https:\/\/letrame.com\/catalogo\/","name":"Catalogo | Letrame Grupo Editorial","description":"","publisher":{"@id":"https:\/\/letrame.com\/catalogo\/#organization"},"potentialAction":[{"@type":"SearchAction","target":{"@type":"EntryPoint","urlTemplate":"https:\/\/letrame.com\/catalogo\/?s={search_term_string}"},"query-input":{"@type":"PropertyValueSpecification","valueRequired":true,"valueName":"search_term_string"}}],"inLanguage":"es"},{"@type":"Organization","@id":"https:\/\/letrame.com\/catalogo\/#organization","name":"Catalogo | Letrame Grupo Editorial","url":"https:\/\/letrame.com\/catalogo\/","logo":{"@type":"ImageObject","inLanguage":"es","@id":"https:\/\/letrame.com\/catalogo\/#\/schema\/logo\/image\/","url":"https:\/\/letrame.com\/catalogo\/wp-content\/uploads\/2024\/03\/logo2.webp","contentUrl":"https:\/\/letrame.com\/catalogo\/wp-content\/uploads\/2024\/03\/logo2.webp","width":394,"height":128,"caption":"Catalogo | Letrame Grupo Editorial"},"image":{"@id":"https:\/\/letrame.com\/catalogo\/#\/schema\/logo\/image\/"}}]}},"_links":{"self":[{"href":"https:\/\/letrame.com\/catalogo\/wp-json\/wp\/v2\/product\/110439","targetHints":{"allow":["GET"]}}],"collection":[{"href":"https:\/\/letrame.com\/catalogo\/wp-json\/wp\/v2\/product"}],"about":[{"href":"https:\/\/letrame.com\/catalogo\/wp-json\/wp\/v2\/types\/product"}],"replies":[{"embeddable":true,"href":"https:\/\/letrame.com\/catalogo\/wp-json\/wp\/v2\/comments?post=110439"}],"acf:post":[{"embeddable":true,"href":"https:\/\/letrame.com\/catalogo\/wp-json\/wp\/v2\/author_book\/110440"}],"wp:featuredmedia":[{"embeddable":true,"href":"https:\/\/letrame.com\/catalogo\/wp-json\/wp\/v2\/media\/110444"}],"wp:attachment":[{"href":"https:\/\/letrame.com\/catalogo\/wp-json\/wp\/v2\/media?parent=110439"}],"wp:term":[{"taxonomy":"libro","embeddable":true,"href":"https:\/\/letrame.com\/catalogo\/wp-json\/wp\/v2\/libro?post=110439"},{"taxonomy":"product_brand","embeddable":true,"href":"https:\/\/letrame.com\/catalogo\/wp-json\/wp\/v2\/product_brand?post=110439"},{"taxonomy":"product_cat","embeddable":true,"href":"https:\/\/letrame.com\/catalogo\/wp-json\/wp\/v2\/product_cat?post=110439"},{"taxonomy":"product_tag","embeddable":true,"href":"https:\/\/letrame.com\/catalogo\/wp-json\/wp\/v2\/product_tag?post=110439"}],"curies":[{"name":"wp","href":"https:\/\/api.w.org\/{rel}","templated":true}]}}