{"id":110433,"date":"2025-12-29T10:16:48","date_gmt":"2025-12-29T09:16:48","guid":{"rendered":"https:\/\/letrame.com\/catalogo\/?post_type=product&#038;p=110433"},"modified":"2025-12-29T10:16:48","modified_gmt":"2025-12-29T09:16:48","slug":"el-arte-de-descansar","status":"publish","type":"product","link":"https:\/\/letrame.com\/catalogo\/producto\/el-arte-de-descansar\/","title":{"rendered":"El arte de descansar"},"content":{"rendered":"<p class=\"p1\"><b>ISBN: <\/b>979-13-7012-114-3<\/p>\n<p class=\"p1\"><b>T\u00edtulo:<\/b> El arte de descansar<br \/>\n<b>Fecha:\u00a0<\/b>2025<br \/>\n<b>P\u00e1ginas:\u00a0<\/b>76<b><\/b><\/p>\n<p class=\"p1\"><b>SINOPSIS<\/b><\/p>\n<p>Dormimos un tercio de nuestra vida, pero \u00bfcu\u00e1nto sabemos realmente sobre descansar bien? Nicomedes Garc\u00eda Fern\u00e1ndez nos abre los ojos \u2014y nos ayuda a cerrarlos mejor\u2014 para entender que dormir bien no es un lujo, sino una necesidad fundamental para nuestra salud f\u00edsica, mental y emocional.<br \/>\nCon m\u00e1s de una d\u00e9cada de experiencia en el mundo del descanso, Nicomedes nos gu\u00eda a trav\u00e9s de un viaje que va m\u00e1s all\u00e1 de la simple compra de un colch\u00f3n. A lo largo de estas p\u00e1ginas, aprender\u00e1s a comprender tu cuerpo, identificar tus necesidades de sue\u00f1o y descubrir los secretos detr\u00e1s de los materiales, tecnolog\u00edas y caracter\u00edsticas que realmente importan. Desde la ventilaci\u00f3n y la densidad de la espuma hasta el impacto del descanso en la salud, cada cap\u00edtulo es una herramienta para transformar tus noches en una experiencia restauradora.<br \/>\nAl final, dormir bien no se trata solo de pasar horas en la cama, debemos convertir el descanso en un verdadero acto de autocuidado.<br \/>\nEl arte de descansar te dar\u00e1 las herramientas para que cada noche sea un nuevo comienzo, y para que despiertes con m\u00e1s energ\u00eda, claridad y bienestar. Porque descansar no es perder el tiempo, es ganar vida.<\/p>\n","protected":false},"excerpt":{"rendered":"<p><b style=\"font-family: -apple-system, BlinkMacSystemFont, 'Segoe UI', Roboto, 'Helvetica Neue', Arial, 'Noto Sans', sans-serif, 'Apple Color Emoji', 'Segoe UI Emoji', 'Segoe UI Symbol', 'Noto Color Emoji';\">ISBN: <\/b><span style=\"font-family: -apple-system, BlinkMacSystemFont, 'Segoe UI', Roboto, 'Helvetica Neue', Arial, 'Noto Sans', sans-serif, 'Apple Color Emoji', 'Segoe UI Emoji', 'Segoe UI Symbol', 'Noto Color Emoji';\">979-13-7012-114-3<\/span><\/p>\n<p class=\"p1\"><b>SINOPSIS<\/b><\/p>\n<p>Dormimos un tercio de nuestra vida, pero \u00bfcu\u00e1nto sabemos realmente sobre descansar bien? Nicomedes Garc\u00eda Fern\u00e1ndez nos abre los ojos \u2014y nos ayuda a cerrarlos mejor\u2014 para entender que dormir bien no es un lujo, sino una necesidad fundamental para nuestra salud f\u00edsica, mental y emocional.<br \/>\nCon m\u00e1s de una d\u00e9cada de experiencia en el mundo del descanso, Nicomedes nos gu\u00eda a trav\u00e9s de un viaje que va m\u00e1s all\u00e1 de la simple compra de un colch\u00f3n. A lo largo de estas p\u00e1ginas, aprender\u00e1s a comprender tu cuerpo, identificar tus necesidades de sue\u00f1o y descubrir los secretos detr\u00e1s de los materiales, tecnolog\u00edas y caracter\u00edsticas que realmente importan. Desde la ventilaci\u00f3n y la densidad de la espuma hasta el impacto del descanso en la salud, cada cap\u00edtulo es una herramienta para transformar tus noches en una experiencia restauradora.<br \/>\nAl final, dormir bien no se trata solo de pasar horas en la cama, debemos convertir el descanso en un verdadero acto de autocuidado.<br \/>\nEl arte de descansar te dar\u00e1 las herramientas para que cada noche sea un nuevo comienzo, y para que despiertes con m\u00e1s energ\u00eda, claridad y bienestar. Porque descansar no es perder el tiempo, es ganar vida.<\/p>\n","protected":false},"featured_media":110437,"comment_status":"open","ping_status":"closed","template":"","meta":{"_acf_changed":false},"libro":[],"product_brand":[],"product_cat":[101],"product_tag":[],"class_list":{"0":"post-110433","1":"product","2":"type-product","3":"status-publish","4":"has-post-thumbnail","6":"product_cat-salud-y-bienestar","8":"first","9":"instock","10":"shipping-taxable","11":"product-type-simple"},"acf":{"autor":[110434],"enlace_de_compra":"https:\/\/www.amazon.es\/El-arte-descansar-Salud-bienestar\/dp\/B0FBVW7HY9\/ref=sr_1_3?__mk_es_ES=%C3%85M%C3%85%C5%BD%C3%95%C3%91&crid=39SJ57F3067UA&dib=eyJ2IjoiMSJ9.9KobY5v1lqO_EyYzLHljpY3T1GTr6-uOQtw7eXzhqgmfXmXBdJyK-Jky-5msu8_Y6cSF4kNVA_adUsDB92mk9zGAAQoxPHeeiv9E_VenpJRIOFKyks9221XHfC633hokISp_ocu73RHGQ-D5OxuXAQ.TaJFq7N1uqHI7LZ48HL1PgKGgxBK5-reOVEWJZx-Fl4&dib_tag=se&keywords=el+arte+de+descansar&qid=1766999510&s=books&sprefix=el+arte+de+descansa%2Cstripbooks%2C249&sr=1-3"},"yoast_head":"<!-- This site is optimized with the Yoast SEO plugin v27.4 - https:\/\/yoast.com\/product\/yoast-seo-wordpress\/ -->\n<title>El arte de descansar - Catalogo | Letrame Grupo Editorial<\/title>\n<meta name=\"robots\" content=\"index, follow, max-snippet:-1, max-image-preview:large, max-video-preview:-1\" \/>\n<link rel=\"canonical\" href=\"https:\/\/letrame.com\/catalogo\/producto\/el-arte-de-descansar\/\" \/>\n<meta property=\"og:locale\" content=\"es_ES\" \/>\n<meta property=\"og:type\" content=\"article\" \/>\n<meta property=\"og:title\" content=\"El arte de descansar - Catalogo | Letrame Grupo Editorial\" \/>\n<meta property=\"og:description\" content=\"ISBN: 979-13-7012-114-3 SINOPSIS Dormimos un tercio de nuestra vida, pero \u00bfcu\u00e1nto sabemos realmente sobre descansar bien? Nicomedes Garc\u00eda Fern\u00e1ndez nos abre los ojos \u2014y nos ayuda a cerrarlos mejor\u2014 para entender que dormir bien no es un lujo, sino una necesidad fundamental para nuestra salud f\u00edsica, mental y emocional. Con m\u00e1s de una d\u00e9cada de experiencia en el mundo del descanso, Nicomedes nos gu\u00eda a trav\u00e9s de un viaje que va m\u00e1s all\u00e1 de la simple compra de un colch\u00f3n. A lo largo de estas p\u00e1ginas, aprender\u00e1s a comprender tu cuerpo, identificar tus necesidades de sue\u00f1o y descubrir los secretos detr\u00e1s de los materiales, tecnolog\u00edas y caracter\u00edsticas que realmente importan. Desde la ventilaci\u00f3n y la densidad de la espuma hasta el impacto del descanso en la salud, cada cap\u00edtulo es una herramienta para transformar tus noches en una experiencia restauradora. Al final, dormir bien no se trata solo de pasar horas en la cama, debemos convertir el descanso en un verdadero acto de autocuidado. El arte de descansar te dar\u00e1 las herramientas para que cada noche sea un nuevo comienzo, y para que despiertes con m\u00e1s energ\u00eda, claridad y bienestar. Porque descansar no es perder el tiempo, es ganar vida.\" \/>\n<meta property=\"og:url\" content=\"https:\/\/letrame.com\/catalogo\/producto\/el-arte-de-descansar\/\" \/>\n<meta property=\"og:site_name\" content=\"Catalogo | Letrame Grupo Editorial\" \/>\n<meta property=\"og:image\" content=\"https:\/\/letrame.com\/catalogo\/wp-content\/uploads\/2025\/12\/elartededescansar_51mm4.jpg\" \/>\n\t<meta property=\"og:image:width\" content=\"1748\" \/>\n\t<meta property=\"og:image:height\" content=\"2480\" \/>\n\t<meta property=\"og:image:type\" content=\"image\/jpeg\" \/>\n<meta name=\"twitter:card\" content=\"summary_large_image\" \/>\n<meta name=\"twitter:label1\" content=\"Tiempo de lectura\" \/>\n\t<meta name=\"twitter:data1\" content=\"1 minuto\" \/>\n<script type=\"application\/ld+json\" class=\"yoast-schema-graph\">{\"@context\":\"https:\\\/\\\/schema.org\",\"@graph\":[{\"@type\":\"WebPage\",\"@id\":\"https:\\\/\\\/letrame.com\\\/catalogo\\\/producto\\\/el-arte-de-descansar\\\/\",\"url\":\"https:\\\/\\\/letrame.com\\\/catalogo\\\/producto\\\/el-arte-de-descansar\\\/\",\"name\":\"El arte de descansar - Catalogo | Letrame Grupo Editorial\",\"isPartOf\":{\"@id\":\"https:\\\/\\\/letrame.com\\\/catalogo\\\/#website\"},\"primaryImageOfPage\":{\"@id\":\"https:\\\/\\\/letrame.com\\\/catalogo\\\/producto\\\/el-arte-de-descansar\\\/#primaryimage\"},\"image\":{\"@id\":\"https:\\\/\\\/letrame.com\\\/catalogo\\\/producto\\\/el-arte-de-descansar\\\/#primaryimage\"},\"thumbnailUrl\":\"https:\\\/\\\/letrame.com\\\/catalogo\\\/wp-content\\\/uploads\\\/2025\\\/12\\\/elartededescansar_51mm4.jpg\",\"datePublished\":\"2025-12-29T09:16:48+00:00\",\"breadcrumb\":{\"@id\":\"https:\\\/\\\/letrame.com\\\/catalogo\\\/producto\\\/el-arte-de-descansar\\\/#breadcrumb\"},\"inLanguage\":\"es\",\"potentialAction\":[{\"@type\":\"ReadAction\",\"target\":[\"https:\\\/\\\/letrame.com\\\/catalogo\\\/producto\\\/el-arte-de-descansar\\\/\"]}]},{\"@type\":\"ImageObject\",\"inLanguage\":\"es\",\"@id\":\"https:\\\/\\\/letrame.com\\\/catalogo\\\/producto\\\/el-arte-de-descansar\\\/#primaryimage\",\"url\":\"https:\\\/\\\/letrame.com\\\/catalogo\\\/wp-content\\\/uploads\\\/2025\\\/12\\\/elartededescansar_51mm4.jpg\",\"contentUrl\":\"https:\\\/\\\/letrame.com\\\/catalogo\\\/wp-content\\\/uploads\\\/2025\\\/12\\\/elartededescansar_51mm4.jpg\",\"width\":1748,\"height\":2480},{\"@type\":\"BreadcrumbList\",\"@id\":\"https:\\\/\\\/letrame.com\\\/catalogo\\\/producto\\\/el-arte-de-descansar\\\/#breadcrumb\",\"itemListElement\":[{\"@type\":\"ListItem\",\"position\":1,\"name\":\"Portada\",\"item\":\"https:\\\/\\\/letrame.com\\\/catalogo\\\/\"},{\"@type\":\"ListItem\",\"position\":2,\"name\":\"Cat\u00e1logo\",\"item\":\"https:\\\/\\\/letrame.com\\\/catalogo\\\/\"},{\"@type\":\"ListItem\",\"position\":3,\"name\":\"El arte de descansar\"}]},{\"@type\":\"WebSite\",\"@id\":\"https:\\\/\\\/letrame.com\\\/catalogo\\\/#website\",\"url\":\"https:\\\/\\\/letrame.com\\\/catalogo\\\/\",\"name\":\"Catalogo | Letrame Grupo Editorial\",\"description\":\"\",\"publisher\":{\"@id\":\"https:\\\/\\\/letrame.com\\\/catalogo\\\/#organization\"},\"potentialAction\":[{\"@type\":\"SearchAction\",\"target\":{\"@type\":\"EntryPoint\",\"urlTemplate\":\"https:\\\/\\\/letrame.com\\\/catalogo\\\/?s={search_term_string}\"},\"query-input\":{\"@type\":\"PropertyValueSpecification\",\"valueRequired\":true,\"valueName\":\"search_term_string\"}}],\"inLanguage\":\"es\"},{\"@type\":\"Organization\",\"@id\":\"https:\\\/\\\/letrame.com\\\/catalogo\\\/#organization\",\"name\":\"Catalogo | Letrame Grupo Editorial\",\"url\":\"https:\\\/\\\/letrame.com\\\/catalogo\\\/\",\"logo\":{\"@type\":\"ImageObject\",\"inLanguage\":\"es\",\"@id\":\"https:\\\/\\\/letrame.com\\\/catalogo\\\/#\\\/schema\\\/logo\\\/image\\\/\",\"url\":\"https:\\\/\\\/letrame.com\\\/catalogo\\\/wp-content\\\/uploads\\\/2024\\\/03\\\/logo2.webp\",\"contentUrl\":\"https:\\\/\\\/letrame.com\\\/catalogo\\\/wp-content\\\/uploads\\\/2024\\\/03\\\/logo2.webp\",\"width\":394,\"height\":128,\"caption\":\"Catalogo | Letrame Grupo Editorial\"},\"image\":{\"@id\":\"https:\\\/\\\/letrame.com\\\/catalogo\\\/#\\\/schema\\\/logo\\\/image\\\/\"}}]}<\/script>\n<!-- \/ Yoast SEO plugin. -->","yoast_head_json":{"title":"El arte de descansar - Catalogo | Letrame Grupo Editorial","robots":{"index":"index","follow":"follow","max-snippet":"max-snippet:-1","max-image-preview":"max-image-preview:large","max-video-preview":"max-video-preview:-1"},"canonical":"https:\/\/letrame.com\/catalogo\/producto\/el-arte-de-descansar\/","og_locale":"es_ES","og_type":"article","og_title":"El arte de descansar - Catalogo | Letrame Grupo Editorial","og_description":"ISBN: 979-13-7012-114-3 SINOPSIS Dormimos un tercio de nuestra vida, pero \u00bfcu\u00e1nto sabemos realmente sobre descansar bien? Nicomedes Garc\u00eda Fern\u00e1ndez nos abre los ojos \u2014y nos ayuda a cerrarlos mejor\u2014 para entender que dormir bien no es un lujo, sino una necesidad fundamental para nuestra salud f\u00edsica, mental y emocional. Con m\u00e1s de una d\u00e9cada de experiencia en el mundo del descanso, Nicomedes nos gu\u00eda a trav\u00e9s de un viaje que va m\u00e1s all\u00e1 de la simple compra de un colch\u00f3n. A lo largo de estas p\u00e1ginas, aprender\u00e1s a comprender tu cuerpo, identificar tus necesidades de sue\u00f1o y descubrir los secretos detr\u00e1s de los materiales, tecnolog\u00edas y caracter\u00edsticas que realmente importan. Desde la ventilaci\u00f3n y la densidad de la espuma hasta el impacto del descanso en la salud, cada cap\u00edtulo es una herramienta para transformar tus noches en una experiencia restauradora. Al final, dormir bien no se trata solo de pasar horas en la cama, debemos convertir el descanso en un verdadero acto de autocuidado. El arte de descansar te dar\u00e1 las herramientas para que cada noche sea un nuevo comienzo, y para que despiertes con m\u00e1s energ\u00eda, claridad y bienestar. Porque descansar no es perder el tiempo, es ganar vida.","og_url":"https:\/\/letrame.com\/catalogo\/producto\/el-arte-de-descansar\/","og_site_name":"Catalogo | Letrame Grupo Editorial","og_image":[{"width":1748,"height":2480,"url":"https:\/\/letrame.com\/catalogo\/wp-content\/uploads\/2025\/12\/elartededescansar_51mm4.jpg","type":"image\/jpeg"}],"twitter_card":"summary_large_image","twitter_misc":{"Tiempo de lectura":"1 minuto"},"schema":{"@context":"https:\/\/schema.org","@graph":[{"@type":"WebPage","@id":"https:\/\/letrame.com\/catalogo\/producto\/el-arte-de-descansar\/","url":"https:\/\/letrame.com\/catalogo\/producto\/el-arte-de-descansar\/","name":"El arte de descansar - Catalogo | Letrame Grupo Editorial","isPartOf":{"@id":"https:\/\/letrame.com\/catalogo\/#website"},"primaryImageOfPage":{"@id":"https:\/\/letrame.com\/catalogo\/producto\/el-arte-de-descansar\/#primaryimage"},"image":{"@id":"https:\/\/letrame.com\/catalogo\/producto\/el-arte-de-descansar\/#primaryimage"},"thumbnailUrl":"https:\/\/letrame.com\/catalogo\/wp-content\/uploads\/2025\/12\/elartededescansar_51mm4.jpg","datePublished":"2025-12-29T09:16:48+00:00","breadcrumb":{"@id":"https:\/\/letrame.com\/catalogo\/producto\/el-arte-de-descansar\/#breadcrumb"},"inLanguage":"es","potentialAction":[{"@type":"ReadAction","target":["https:\/\/letrame.com\/catalogo\/producto\/el-arte-de-descansar\/"]}]},{"@type":"ImageObject","inLanguage":"es","@id":"https:\/\/letrame.com\/catalogo\/producto\/el-arte-de-descansar\/#primaryimage","url":"https:\/\/letrame.com\/catalogo\/wp-content\/uploads\/2025\/12\/elartededescansar_51mm4.jpg","contentUrl":"https:\/\/letrame.com\/catalogo\/wp-content\/uploads\/2025\/12\/elartededescansar_51mm4.jpg","width":1748,"height":2480},{"@type":"BreadcrumbList","@id":"https:\/\/letrame.com\/catalogo\/producto\/el-arte-de-descansar\/#breadcrumb","itemListElement":[{"@type":"ListItem","position":1,"name":"Portada","item":"https:\/\/letrame.com\/catalogo\/"},{"@type":"ListItem","position":2,"name":"Cat\u00e1logo","item":"https:\/\/letrame.com\/catalogo\/"},{"@type":"ListItem","position":3,"name":"El arte de descansar"}]},{"@type":"WebSite","@id":"https:\/\/letrame.com\/catalogo\/#website","url":"https:\/\/letrame.com\/catalogo\/","name":"Catalogo | Letrame Grupo Editorial","description":"","publisher":{"@id":"https:\/\/letrame.com\/catalogo\/#organization"},"potentialAction":[{"@type":"SearchAction","target":{"@type":"EntryPoint","urlTemplate":"https:\/\/letrame.com\/catalogo\/?s={search_term_string}"},"query-input":{"@type":"PropertyValueSpecification","valueRequired":true,"valueName":"search_term_string"}}],"inLanguage":"es"},{"@type":"Organization","@id":"https:\/\/letrame.com\/catalogo\/#organization","name":"Catalogo | Letrame Grupo Editorial","url":"https:\/\/letrame.com\/catalogo\/","logo":{"@type":"ImageObject","inLanguage":"es","@id":"https:\/\/letrame.com\/catalogo\/#\/schema\/logo\/image\/","url":"https:\/\/letrame.com\/catalogo\/wp-content\/uploads\/2024\/03\/logo2.webp","contentUrl":"https:\/\/letrame.com\/catalogo\/wp-content\/uploads\/2024\/03\/logo2.webp","width":394,"height":128,"caption":"Catalogo | Letrame Grupo Editorial"},"image":{"@id":"https:\/\/letrame.com\/catalogo\/#\/schema\/logo\/image\/"}}]}},"_links":{"self":[{"href":"https:\/\/letrame.com\/catalogo\/wp-json\/wp\/v2\/product\/110433","targetHints":{"allow":["GET"]}}],"collection":[{"href":"https:\/\/letrame.com\/catalogo\/wp-json\/wp\/v2\/product"}],"about":[{"href":"https:\/\/letrame.com\/catalogo\/wp-json\/wp\/v2\/types\/product"}],"replies":[{"embeddable":true,"href":"https:\/\/letrame.com\/catalogo\/wp-json\/wp\/v2\/comments?post=110433"}],"acf:post":[{"embeddable":true,"href":"https:\/\/letrame.com\/catalogo\/wp-json\/wp\/v2\/author_book\/110434"}],"wp:featuredmedia":[{"embeddable":true,"href":"https:\/\/letrame.com\/catalogo\/wp-json\/wp\/v2\/media\/110437"}],"wp:attachment":[{"href":"https:\/\/letrame.com\/catalogo\/wp-json\/wp\/v2\/media?parent=110433"}],"wp:term":[{"taxonomy":"libro","embeddable":true,"href":"https:\/\/letrame.com\/catalogo\/wp-json\/wp\/v2\/libro?post=110433"},{"taxonomy":"product_brand","embeddable":true,"href":"https:\/\/letrame.com\/catalogo\/wp-json\/wp\/v2\/product_brand?post=110433"},{"taxonomy":"product_cat","embeddable":true,"href":"https:\/\/letrame.com\/catalogo\/wp-json\/wp\/v2\/product_cat?post=110433"},{"taxonomy":"product_tag","embeddable":true,"href":"https:\/\/letrame.com\/catalogo\/wp-json\/wp\/v2\/product_tag?post=110433"}],"curies":[{"name":"wp","href":"https:\/\/api.w.org\/{rel}","templated":true}]}}