{"id":110409,"date":"2025-12-26T13:34:16","date_gmt":"2025-12-26T12:34:16","guid":{"rendered":"https:\/\/letrame.com\/catalogo\/?post_type=product&#038;p=110409"},"modified":"2025-12-26T13:34:17","modified_gmt":"2025-12-26T12:34:17","slug":"el-susurro-de-la-conciencia","status":"publish","type":"product","link":"https:\/\/letrame.com\/catalogo\/producto\/el-susurro-de-la-conciencia\/","title":{"rendered":"El susurro de la conciencia"},"content":{"rendered":"<p class=\"p1\"><b>ISBN:\u00a0<\/b>979-13-7012-184-6<\/p>\n<p class=\"p1\"><b>T\u00edtulo:\u00a0<\/b>El susurro de la conciencia<br \/>\n<b>Fecha:\u00a0<\/b>2025<br \/>\n<b>P\u00e1ginas:\u00a0<\/b>246<b><\/b><\/p>\n<p class=\"p1\"><b>SINOPSIS<\/b><\/p>\n<p class=\"s10\"><span class=\"s9\">No es una voz nueva. Es la m\u00e1s antigua. Solo que hab\u00edas olvidado c\u00f3mo escucharla.<\/span><\/p>\n<p class=\"s10\"><span class=\"s8\">En medio del ruido constante, las pantallas encendidas y la exigencia de ser siempre m\u00e1s<\/span><span class=\"s11\">, A. Arellano<\/span><span class=\"s8\"> propone una pausa radical: silenciar el mundo para volver a escucharte. Esta obra entrelaza neurociencia, f\u00edsica cu\u00e1ntica, sabidur\u00eda ancestral y pr\u00e1ctica contemplativa en un mapa dirigido a quienes intuyen que la conciencia no es un misterio\u2026 sino un recuerdo.<\/span><\/p>\n<p class=\"s10\"><span class=\"s8\">Con una mirada l\u00facida y una escritura que une precisi\u00f3n y profundidad, el autor revela c\u00f3mo ciencia y espiritualidad no se oponen: son lenguajes distintos que describen la misma verdad. Y en ese cruce \u2014entre lo medible y lo invisible\u2014 nace este susurro.<\/span><\/p>\n<p class=\"s12\"><span class=\"s9\">El <\/span><span class=\"s9\">s<\/span><span class=\"s9\">usurro <\/span><span class=\"s9\">de la <\/span><span class=\"s9\">c<\/span><span class=\"s9\">onciencia<\/span> <span class=\"s8\">inaugura su <\/span><span class=\"s6\">Trilog\u00eda de la <\/span><span class=\"s6\">c<\/span><span class=\"s6\">onciencia<\/span><span class=\"s8\">, una obra que abre la puerta a una nueva forma de mirar: donde la ciencia no niega el misterio, y el misterio no excluye la raz\u00f3n. Es un llamado a integrar, a despertar&#8230; y a dejarse guiar por lo m\u00e1s silencioso: la conciencia que siempre estuvo esperando ser escuchada.<\/span><\/p>\n","protected":false},"excerpt":{"rendered":"<p class=\"p1\"><b>ISBN:\u00a0<\/b>979-13-7012-184-6<\/p>\n<p class=\"p1\"><b>SINOPSIS<\/b><\/p>\n<p class=\"s10\"><span class=\"s9\">No es una voz nueva. Es la m\u00e1s antigua. Solo que hab\u00edas olvidado c\u00f3mo escucharla.<\/span><\/p>\n<p class=\"s10\"><span class=\"s8\">En medio del ruido constante, las pantallas encendidas y la exigencia de ser siempre m\u00e1s<\/span><span class=\"s11\">, A. Arellano<\/span><span class=\"s8\"> propone una pausa radical: silenciar el mundo para volver a escucharte. Esta obra entrelaza neurociencia, f\u00edsica cu\u00e1ntica, sabidur\u00eda ancestral y pr\u00e1ctica contemplativa en un mapa dirigido a quienes intuyen que la conciencia no es un misterio\u2026 sino un recuerdo.<\/span><\/p>\n<p class=\"s10\"><span class=\"s8\">Con una mirada l\u00facida y una escritura que une precisi\u00f3n y profundidad, el autor revela c\u00f3mo ciencia y espiritualidad no se oponen: son lenguajes distintos que describen la misma verdad. Y en ese cruce \u2014entre lo medible y lo invisible\u2014 nace este susurro.<\/span><\/p>\n<p class=\"s12\"><span class=\"s9\">El <\/span><span class=\"s9\">s<\/span><span class=\"s9\">usurro <\/span><span class=\"s9\">de la <\/span><span class=\"s9\">c<\/span><span class=\"s9\">onciencia<\/span> <span class=\"s8\">inaugura su <\/span><span class=\"s6\">Trilog\u00eda de la <\/span><span class=\"s6\">c<\/span><span class=\"s6\">onciencia<\/span><span class=\"s8\">, una obra que abre la puerta a una nueva forma de mirar: donde la ciencia no niega el misterio, y el misterio no excluye la raz\u00f3n. Es un llamado a integrar, a despertar&#8230; y a dejarse guiar por lo m\u00e1s silencioso: la conciencia que siempre estuvo esperando ser escuchada.<\/span><\/p>\n","protected":false},"featured_media":110413,"comment_status":"open","ping_status":"closed","template":"","meta":{"_acf_changed":false},"libro":[],"product_brand":[],"product_cat":[30],"product_tag":[],"class_list":{"0":"post-110409","1":"product","2":"type-product","3":"status-publish","4":"has-post-thumbnail","6":"product_cat-desarrollo-personal-y-autoconocimiento","8":"first","9":"instock","10":"shipping-taxable","11":"product-type-simple"},"acf":{"autor":[110410],"enlace_de_compra":"https:\/\/www.libreriadelau.com\/bm-el-susurro-de-la-conciencia-letrame\/p?srsltid=AfmBOorzWnLLWS88dys5HMbFkA5gu51V74RZQl2sVOeLNiDFJ1H_tT42"},"yoast_head":"<!-- This site is optimized with the Yoast SEO plugin v27.4 - https:\/\/yoast.com\/product\/yoast-seo-wordpress\/ -->\n<title>El susurro de la conciencia - Catalogo | Letrame Grupo Editorial<\/title>\n<meta name=\"robots\" content=\"index, follow, max-snippet:-1, max-image-preview:large, max-video-preview:-1\" \/>\n<link rel=\"canonical\" href=\"https:\/\/letrame.com\/catalogo\/producto\/el-susurro-de-la-conciencia\/\" \/>\n<meta property=\"og:locale\" content=\"es_ES\" \/>\n<meta property=\"og:type\" content=\"article\" \/>\n<meta property=\"og:title\" content=\"El susurro de la conciencia - Catalogo | Letrame Grupo Editorial\" \/>\n<meta property=\"og:description\" content=\"ISBN:\u00a0979-13-7012-184-6 SINOPSIS No es una voz nueva. Es la m\u00e1s antigua. Solo que hab\u00edas olvidado c\u00f3mo escucharla. En medio del ruido constante, las pantallas encendidas y la exigencia de ser siempre m\u00e1s, A. Arellano propone una pausa radical: silenciar el mundo para volver a escucharte. Esta obra entrelaza neurociencia, f\u00edsica cu\u00e1ntica, sabidur\u00eda ancestral y pr\u00e1ctica contemplativa en un mapa dirigido a quienes intuyen que la conciencia no es un misterio\u2026 sino un recuerdo. Con una mirada l\u00facida y una escritura que une precisi\u00f3n y profundidad, el autor revela c\u00f3mo ciencia y espiritualidad no se oponen: son lenguajes distintos que describen la misma verdad. Y en ese cruce \u2014entre lo medible y lo invisible\u2014 nace este susurro. El susurro de la conciencia inaugura su Trilog\u00eda de la conciencia, una obra que abre la puerta a una nueva forma de mirar: donde la ciencia no niega el misterio, y el misterio no excluye la raz\u00f3n. Es un llamado a integrar, a despertar... y a dejarse guiar por lo m\u00e1s silencioso: la conciencia que siempre estuvo esperando ser escuchada.\" \/>\n<meta property=\"og:url\" content=\"https:\/\/letrame.com\/catalogo\/producto\/el-susurro-de-la-conciencia\/\" \/>\n<meta property=\"og:site_name\" content=\"Catalogo | Letrame Grupo Editorial\" \/>\n<meta property=\"article:modified_time\" content=\"2025-12-26T12:34:17+00:00\" \/>\n<meta property=\"og:image\" content=\"https:\/\/letrame.com\/catalogo\/wp-content\/uploads\/2025\/12\/elsusurro_126mm4-scaled.jpg\" \/>\n\t<meta property=\"og:image:width\" content=\"1670\" \/>\n\t<meta property=\"og:image:height\" content=\"2560\" \/>\n\t<meta property=\"og:image:type\" content=\"image\/jpeg\" \/>\n<meta name=\"twitter:card\" content=\"summary_large_image\" \/>\n<meta name=\"twitter:label1\" content=\"Tiempo de lectura\" \/>\n\t<meta name=\"twitter:data1\" content=\"1 minuto\" \/>\n<script type=\"application\/ld+json\" class=\"yoast-schema-graph\">{\"@context\":\"https:\\\/\\\/schema.org\",\"@graph\":[{\"@type\":\"WebPage\",\"@id\":\"https:\\\/\\\/letrame.com\\\/catalogo\\\/producto\\\/el-susurro-de-la-conciencia\\\/\",\"url\":\"https:\\\/\\\/letrame.com\\\/catalogo\\\/producto\\\/el-susurro-de-la-conciencia\\\/\",\"name\":\"El susurro de la conciencia - Catalogo | Letrame Grupo Editorial\",\"isPartOf\":{\"@id\":\"https:\\\/\\\/letrame.com\\\/catalogo\\\/#website\"},\"primaryImageOfPage\":{\"@id\":\"https:\\\/\\\/letrame.com\\\/catalogo\\\/producto\\\/el-susurro-de-la-conciencia\\\/#primaryimage\"},\"image\":{\"@id\":\"https:\\\/\\\/letrame.com\\\/catalogo\\\/producto\\\/el-susurro-de-la-conciencia\\\/#primaryimage\"},\"thumbnailUrl\":\"https:\\\/\\\/letrame.com\\\/catalogo\\\/wp-content\\\/uploads\\\/2025\\\/12\\\/elsusurro_126mm4-scaled.jpg\",\"datePublished\":\"2025-12-26T12:34:16+00:00\",\"dateModified\":\"2025-12-26T12:34:17+00:00\",\"breadcrumb\":{\"@id\":\"https:\\\/\\\/letrame.com\\\/catalogo\\\/producto\\\/el-susurro-de-la-conciencia\\\/#breadcrumb\"},\"inLanguage\":\"es\",\"potentialAction\":[{\"@type\":\"ReadAction\",\"target\":[\"https:\\\/\\\/letrame.com\\\/catalogo\\\/producto\\\/el-susurro-de-la-conciencia\\\/\"]}]},{\"@type\":\"ImageObject\",\"inLanguage\":\"es\",\"@id\":\"https:\\\/\\\/letrame.com\\\/catalogo\\\/producto\\\/el-susurro-de-la-conciencia\\\/#primaryimage\",\"url\":\"https:\\\/\\\/letrame.com\\\/catalogo\\\/wp-content\\\/uploads\\\/2025\\\/12\\\/elsusurro_126mm4-scaled.jpg\",\"contentUrl\":\"https:\\\/\\\/letrame.com\\\/catalogo\\\/wp-content\\\/uploads\\\/2025\\\/12\\\/elsusurro_126mm4-scaled.jpg\",\"width\":1670,\"height\":2560},{\"@type\":\"BreadcrumbList\",\"@id\":\"https:\\\/\\\/letrame.com\\\/catalogo\\\/producto\\\/el-susurro-de-la-conciencia\\\/#breadcrumb\",\"itemListElement\":[{\"@type\":\"ListItem\",\"position\":1,\"name\":\"Portada\",\"item\":\"https:\\\/\\\/letrame.com\\\/catalogo\\\/\"},{\"@type\":\"ListItem\",\"position\":2,\"name\":\"Cat\u00e1logo\",\"item\":\"https:\\\/\\\/letrame.com\\\/catalogo\\\/\"},{\"@type\":\"ListItem\",\"position\":3,\"name\":\"El susurro de la conciencia\"}]},{\"@type\":\"WebSite\",\"@id\":\"https:\\\/\\\/letrame.com\\\/catalogo\\\/#website\",\"url\":\"https:\\\/\\\/letrame.com\\\/catalogo\\\/\",\"name\":\"Catalogo | Letrame Grupo Editorial\",\"description\":\"\",\"publisher\":{\"@id\":\"https:\\\/\\\/letrame.com\\\/catalogo\\\/#organization\"},\"potentialAction\":[{\"@type\":\"SearchAction\",\"target\":{\"@type\":\"EntryPoint\",\"urlTemplate\":\"https:\\\/\\\/letrame.com\\\/catalogo\\\/?s={search_term_string}\"},\"query-input\":{\"@type\":\"PropertyValueSpecification\",\"valueRequired\":true,\"valueName\":\"search_term_string\"}}],\"inLanguage\":\"es\"},{\"@type\":\"Organization\",\"@id\":\"https:\\\/\\\/letrame.com\\\/catalogo\\\/#organization\",\"name\":\"Catalogo | Letrame Grupo Editorial\",\"url\":\"https:\\\/\\\/letrame.com\\\/catalogo\\\/\",\"logo\":{\"@type\":\"ImageObject\",\"inLanguage\":\"es\",\"@id\":\"https:\\\/\\\/letrame.com\\\/catalogo\\\/#\\\/schema\\\/logo\\\/image\\\/\",\"url\":\"https:\\\/\\\/letrame.com\\\/catalogo\\\/wp-content\\\/uploads\\\/2024\\\/03\\\/logo2.webp\",\"contentUrl\":\"https:\\\/\\\/letrame.com\\\/catalogo\\\/wp-content\\\/uploads\\\/2024\\\/03\\\/logo2.webp\",\"width\":394,\"height\":128,\"caption\":\"Catalogo | Letrame Grupo Editorial\"},\"image\":{\"@id\":\"https:\\\/\\\/letrame.com\\\/catalogo\\\/#\\\/schema\\\/logo\\\/image\\\/\"}}]}<\/script>\n<!-- \/ Yoast SEO plugin. -->","yoast_head_json":{"title":"El susurro de la conciencia - Catalogo | Letrame Grupo Editorial","robots":{"index":"index","follow":"follow","max-snippet":"max-snippet:-1","max-image-preview":"max-image-preview:large","max-video-preview":"max-video-preview:-1"},"canonical":"https:\/\/letrame.com\/catalogo\/producto\/el-susurro-de-la-conciencia\/","og_locale":"es_ES","og_type":"article","og_title":"El susurro de la conciencia - Catalogo | Letrame Grupo Editorial","og_description":"ISBN:\u00a0979-13-7012-184-6 SINOPSIS No es una voz nueva. Es la m\u00e1s antigua. Solo que hab\u00edas olvidado c\u00f3mo escucharla. En medio del ruido constante, las pantallas encendidas y la exigencia de ser siempre m\u00e1s, A. Arellano propone una pausa radical: silenciar el mundo para volver a escucharte. Esta obra entrelaza neurociencia, f\u00edsica cu\u00e1ntica, sabidur\u00eda ancestral y pr\u00e1ctica contemplativa en un mapa dirigido a quienes intuyen que la conciencia no es un misterio\u2026 sino un recuerdo. Con una mirada l\u00facida y una escritura que une precisi\u00f3n y profundidad, el autor revela c\u00f3mo ciencia y espiritualidad no se oponen: son lenguajes distintos que describen la misma verdad. Y en ese cruce \u2014entre lo medible y lo invisible\u2014 nace este susurro. El susurro de la conciencia inaugura su Trilog\u00eda de la conciencia, una obra que abre la puerta a una nueva forma de mirar: donde la ciencia no niega el misterio, y el misterio no excluye la raz\u00f3n. Es un llamado a integrar, a despertar... y a dejarse guiar por lo m\u00e1s silencioso: la conciencia que siempre estuvo esperando ser escuchada.","og_url":"https:\/\/letrame.com\/catalogo\/producto\/el-susurro-de-la-conciencia\/","og_site_name":"Catalogo | Letrame Grupo Editorial","article_modified_time":"2025-12-26T12:34:17+00:00","og_image":[{"width":1670,"height":2560,"url":"https:\/\/letrame.com\/catalogo\/wp-content\/uploads\/2025\/12\/elsusurro_126mm4-scaled.jpg","type":"image\/jpeg"}],"twitter_card":"summary_large_image","twitter_misc":{"Tiempo de lectura":"1 minuto"},"schema":{"@context":"https:\/\/schema.org","@graph":[{"@type":"WebPage","@id":"https:\/\/letrame.com\/catalogo\/producto\/el-susurro-de-la-conciencia\/","url":"https:\/\/letrame.com\/catalogo\/producto\/el-susurro-de-la-conciencia\/","name":"El susurro de la conciencia - Catalogo | Letrame Grupo Editorial","isPartOf":{"@id":"https:\/\/letrame.com\/catalogo\/#website"},"primaryImageOfPage":{"@id":"https:\/\/letrame.com\/catalogo\/producto\/el-susurro-de-la-conciencia\/#primaryimage"},"image":{"@id":"https:\/\/letrame.com\/catalogo\/producto\/el-susurro-de-la-conciencia\/#primaryimage"},"thumbnailUrl":"https:\/\/letrame.com\/catalogo\/wp-content\/uploads\/2025\/12\/elsusurro_126mm4-scaled.jpg","datePublished":"2025-12-26T12:34:16+00:00","dateModified":"2025-12-26T12:34:17+00:00","breadcrumb":{"@id":"https:\/\/letrame.com\/catalogo\/producto\/el-susurro-de-la-conciencia\/#breadcrumb"},"inLanguage":"es","potentialAction":[{"@type":"ReadAction","target":["https:\/\/letrame.com\/catalogo\/producto\/el-susurro-de-la-conciencia\/"]}]},{"@type":"ImageObject","inLanguage":"es","@id":"https:\/\/letrame.com\/catalogo\/producto\/el-susurro-de-la-conciencia\/#primaryimage","url":"https:\/\/letrame.com\/catalogo\/wp-content\/uploads\/2025\/12\/elsusurro_126mm4-scaled.jpg","contentUrl":"https:\/\/letrame.com\/catalogo\/wp-content\/uploads\/2025\/12\/elsusurro_126mm4-scaled.jpg","width":1670,"height":2560},{"@type":"BreadcrumbList","@id":"https:\/\/letrame.com\/catalogo\/producto\/el-susurro-de-la-conciencia\/#breadcrumb","itemListElement":[{"@type":"ListItem","position":1,"name":"Portada","item":"https:\/\/letrame.com\/catalogo\/"},{"@type":"ListItem","position":2,"name":"Cat\u00e1logo","item":"https:\/\/letrame.com\/catalogo\/"},{"@type":"ListItem","position":3,"name":"El susurro de la conciencia"}]},{"@type":"WebSite","@id":"https:\/\/letrame.com\/catalogo\/#website","url":"https:\/\/letrame.com\/catalogo\/","name":"Catalogo | Letrame Grupo Editorial","description":"","publisher":{"@id":"https:\/\/letrame.com\/catalogo\/#organization"},"potentialAction":[{"@type":"SearchAction","target":{"@type":"EntryPoint","urlTemplate":"https:\/\/letrame.com\/catalogo\/?s={search_term_string}"},"query-input":{"@type":"PropertyValueSpecification","valueRequired":true,"valueName":"search_term_string"}}],"inLanguage":"es"},{"@type":"Organization","@id":"https:\/\/letrame.com\/catalogo\/#organization","name":"Catalogo | Letrame Grupo Editorial","url":"https:\/\/letrame.com\/catalogo\/","logo":{"@type":"ImageObject","inLanguage":"es","@id":"https:\/\/letrame.com\/catalogo\/#\/schema\/logo\/image\/","url":"https:\/\/letrame.com\/catalogo\/wp-content\/uploads\/2024\/03\/logo2.webp","contentUrl":"https:\/\/letrame.com\/catalogo\/wp-content\/uploads\/2024\/03\/logo2.webp","width":394,"height":128,"caption":"Catalogo | Letrame Grupo Editorial"},"image":{"@id":"https:\/\/letrame.com\/catalogo\/#\/schema\/logo\/image\/"}}]}},"_links":{"self":[{"href":"https:\/\/letrame.com\/catalogo\/wp-json\/wp\/v2\/product\/110409","targetHints":{"allow":["GET"]}}],"collection":[{"href":"https:\/\/letrame.com\/catalogo\/wp-json\/wp\/v2\/product"}],"about":[{"href":"https:\/\/letrame.com\/catalogo\/wp-json\/wp\/v2\/types\/product"}],"replies":[{"embeddable":true,"href":"https:\/\/letrame.com\/catalogo\/wp-json\/wp\/v2\/comments?post=110409"}],"acf:post":[{"embeddable":true,"href":"https:\/\/letrame.com\/catalogo\/wp-json\/wp\/v2\/author_book\/110410"}],"wp:featuredmedia":[{"embeddable":true,"href":"https:\/\/letrame.com\/catalogo\/wp-json\/wp\/v2\/media\/110413"}],"wp:attachment":[{"href":"https:\/\/letrame.com\/catalogo\/wp-json\/wp\/v2\/media?parent=110409"}],"wp:term":[{"taxonomy":"libro","embeddable":true,"href":"https:\/\/letrame.com\/catalogo\/wp-json\/wp\/v2\/libro?post=110409"},{"taxonomy":"product_brand","embeddable":true,"href":"https:\/\/letrame.com\/catalogo\/wp-json\/wp\/v2\/product_brand?post=110409"},{"taxonomy":"product_cat","embeddable":true,"href":"https:\/\/letrame.com\/catalogo\/wp-json\/wp\/v2\/product_cat?post=110409"},{"taxonomy":"product_tag","embeddable":true,"href":"https:\/\/letrame.com\/catalogo\/wp-json\/wp\/v2\/product_tag?post=110409"}],"curies":[{"name":"wp","href":"https:\/\/api.w.org\/{rel}","templated":true}]}}