{"id":110396,"date":"2025-12-26T13:13:34","date_gmt":"2025-12-26T12:13:34","guid":{"rendered":"https:\/\/letrame.com\/catalogo\/?post_type=product&#038;p=110396"},"modified":"2025-12-26T13:13:34","modified_gmt":"2025-12-26T12:13:34","slug":"la-era-de-los-nombres-ocultos","status":"publish","type":"product","link":"https:\/\/letrame.com\/catalogo\/producto\/la-era-de-los-nombres-ocultos\/","title":{"rendered":"La era de los nombres ocultos"},"content":{"rendered":"<p class=\"p1\"><b>ISBN:\u00a0<\/b>979-13-7012-089-4<\/p>\n<p class=\"p1\"><b>T\u00edtulo:\u00a0<\/b>La era de los nombres ocultos<br \/>\n<b>Fecha:\u00a0<\/b>2025<br \/>\n<b>P\u00e1ginas:\u00a0<\/b>90<b><\/b><\/p>\n<p class=\"p1\"><b>SINOPSIS<\/b><\/p>\n<p>Por primera vez en la historia y a consecuencia del desarrollo tecnol\u00f3gico, viene construy\u00e9ndose una nueva naturaleza que impone otra forma de relaci\u00f3n con nuestro entorno. Este proceso se desarrolla a un ritmo vertiginoso y sin conocer con exactitud cu\u00e1les puedan ser las consecuencias reales de su implantaci\u00f3n.<br \/>\nLa desaparici\u00f3n de la intimidad, sustituida por una fr\u00e1gil identidad digital, es la primera de una larga serie de limitaciones a nuestros derechos m\u00e1s esenciales que debemos reconocer y combatir. Las nuevas pautas sociales nos debilitan y apenas nos permiten escapar de los m\u00e1s r\u00edgidos sistemas de control.<br \/>\nTambi\u00e9n nos devuelven al viejo mito de los nombres ocultos. Solo la trascendencia nos permitir\u00eda comprender la verdadera identidad que se esconde tras nosotros. Desvelar prematuramente ese nombre puede destruirnos y hasta hacernos desaparecer.<br \/>\nEste breve ensayo recuerda los principios que pueden guiarnos en esta defensa de nuestras libertades m\u00e1s esenciales en un futuro que se antoja dist\u00f3pico y cruel, ajeno muchas veces a los sentimientos que deben inspirar a una sociedad justa y democr\u00e1tica.<\/p>\n","protected":false},"excerpt":{"rendered":"<p class=\"p1\"><b>ISBN:\u00a0<\/b>979-13-7012-089-4<\/p>\n<p class=\"p1\"><b>SINOPSIS<\/b><\/p>\n<p>Por primera vez en la historia y a consecuencia del desarrollo tecnol\u00f3gico, viene construy\u00e9ndose una nueva naturaleza que impone otra forma de relaci\u00f3n con nuestro entorno. Este proceso se desarrolla a un ritmo vertiginoso y sin conocer con exactitud cu\u00e1les puedan ser las consecuencias reales de su implantaci\u00f3n.<br \/>\nLa desaparici\u00f3n de la intimidad, sustituida por una fr\u00e1gil identidad digital, es la primera de una larga serie de limitaciones a nuestros derechos m\u00e1s esenciales que debemos reconocer y combatir. Las nuevas pautas sociales nos debilitan y apenas nos permiten escapar de los m\u00e1s r\u00edgidos sistemas de control.<br \/>\nTambi\u00e9n nos devuelven al viejo mito de los nombres ocultos. Solo la trascendencia nos permitir\u00eda comprender la verdadera identidad que se esconde tras nosotros. Desvelar prematuramente ese nombre puede destruirnos y hasta hacernos desaparecer.<br \/>\nEste breve ensayo recuerda los principios que pueden guiarnos en esta defensa de nuestras libertades m\u00e1s esenciales en un futuro que se antoja dist\u00f3pico y cruel, ajeno muchas veces a los sentimientos que deben inspirar a una sociedad justa y democr\u00e1tica.<\/p>\n","protected":false},"featured_media":110400,"comment_status":"open","ping_status":"closed","template":"","meta":{"_acf_changed":false},"libro":[],"product_brand":[],"product_cat":[23],"product_tag":[],"class_list":{"0":"post-110396","1":"product","2":"type-product","3":"status-publish","4":"has-post-thumbnail","6":"product_cat-ensayos","8":"first","9":"instock","10":"shipping-taxable","11":"product-type-simple"},"acf":{"autor":[110397],"enlace_de_compra":"https:\/\/www.amazon.es\/era-los-nombres-ocultos\/dp\/B0FBQZ3BS7\/ref=sr_1_1?__mk_es_ES=%C3%85M%C3%85%C5%BD%C3%95%C3%91&crid=1J0A7BW3SSILV&dib=eyJ2IjoiMSJ9.m6pGdQoaStT6lKPg3jfkpg.bFiej6McFgMLOxPgnMOsfbcLEW86_nSY-gX1a0b7h30&dib_tag=se&keywords=La+era+de+los+nombres+ocultos&qid=1766750787&s=books&sprefix=la+era+de+los+nombres+ocultos+%2Cstripbooks%2C257&sr=1-1"},"yoast_head":"<!-- This site is optimized with the Yoast SEO plugin v26.6 - https:\/\/yoast.com\/wordpress\/plugins\/seo\/ -->\n<title>La era de los nombres ocultos - Catalogo | Letrame Grupo Editorial<\/title>\n<meta name=\"robots\" content=\"index, follow, max-snippet:-1, max-image-preview:large, max-video-preview:-1\" \/>\n<link rel=\"canonical\" href=\"https:\/\/letrame.com\/catalogo\/producto\/la-era-de-los-nombres-ocultos\/\" \/>\n<meta property=\"og:locale\" content=\"es_ES\" \/>\n<meta property=\"og:type\" content=\"article\" \/>\n<meta property=\"og:title\" content=\"La era de los nombres ocultos - Catalogo | Letrame Grupo Editorial\" \/>\n<meta property=\"og:description\" content=\"ISBN:\u00a0979-13-7012-089-4 SINOPSIS Por primera vez en la historia y a consecuencia del desarrollo tecnol\u00f3gico, viene construy\u00e9ndose una nueva naturaleza que impone otra forma de relaci\u00f3n con nuestro entorno. Este proceso se desarrolla a un ritmo vertiginoso y sin conocer con exactitud cu\u00e1les puedan ser las consecuencias reales de su implantaci\u00f3n. La desaparici\u00f3n de la intimidad, sustituida por una fr\u00e1gil identidad digital, es la primera de una larga serie de limitaciones a nuestros derechos m\u00e1s esenciales que debemos reconocer y combatir. Las nuevas pautas sociales nos debilitan y apenas nos permiten escapar de los m\u00e1s r\u00edgidos sistemas de control. Tambi\u00e9n nos devuelven al viejo mito de los nombres ocultos. Solo la trascendencia nos permitir\u00eda comprender la verdadera identidad que se esconde tras nosotros. Desvelar prematuramente ese nombre puede destruirnos y hasta hacernos desaparecer. Este breve ensayo recuerda los principios que pueden guiarnos en esta defensa de nuestras libertades m\u00e1s esenciales en un futuro que se antoja dist\u00f3pico y cruel, ajeno muchas veces a los sentimientos que deben inspirar a una sociedad justa y democr\u00e1tica.\" \/>\n<meta property=\"og:url\" content=\"https:\/\/letrame.com\/catalogo\/producto\/la-era-de-los-nombres-ocultos\/\" \/>\n<meta property=\"og:site_name\" content=\"Catalogo | Letrame Grupo Editorial\" \/>\n<meta property=\"og:image\" content=\"https:\/\/letrame.com\/catalogo\/wp-content\/uploads\/2025\/12\/laeradelosnombres_652mm4-scaled.jpg\" \/>\n\t<meta property=\"og:image:width\" content=\"1746\" \/>\n\t<meta property=\"og:image:height\" content=\"2560\" \/>\n\t<meta property=\"og:image:type\" content=\"image\/jpeg\" \/>\n<meta name=\"twitter:card\" content=\"summary_large_image\" \/>\n<meta name=\"twitter:label1\" content=\"Tiempo de lectura\" \/>\n\t<meta name=\"twitter:data1\" content=\"1 minuto\" \/>\n<script type=\"application\/ld+json\" class=\"yoast-schema-graph\">{\"@context\":\"https:\/\/schema.org\",\"@graph\":[{\"@type\":\"WebPage\",\"@id\":\"https:\/\/letrame.com\/catalogo\/producto\/la-era-de-los-nombres-ocultos\/\",\"url\":\"https:\/\/letrame.com\/catalogo\/producto\/la-era-de-los-nombres-ocultos\/\",\"name\":\"La era de los nombres ocultos - Catalogo | Letrame Grupo Editorial\",\"isPartOf\":{\"@id\":\"https:\/\/letrame.com\/catalogo\/#website\"},\"primaryImageOfPage\":{\"@id\":\"https:\/\/letrame.com\/catalogo\/producto\/la-era-de-los-nombres-ocultos\/#primaryimage\"},\"image\":{\"@id\":\"https:\/\/letrame.com\/catalogo\/producto\/la-era-de-los-nombres-ocultos\/#primaryimage\"},\"thumbnailUrl\":\"https:\/\/letrame.com\/catalogo\/wp-content\/uploads\/2025\/12\/laeradelosnombres_652mm4-scaled.jpg\",\"datePublished\":\"2025-12-26T12:13:34+00:00\",\"breadcrumb\":{\"@id\":\"https:\/\/letrame.com\/catalogo\/producto\/la-era-de-los-nombres-ocultos\/#breadcrumb\"},\"inLanguage\":\"es\",\"potentialAction\":[{\"@type\":\"ReadAction\",\"target\":[\"https:\/\/letrame.com\/catalogo\/producto\/la-era-de-los-nombres-ocultos\/\"]}]},{\"@type\":\"ImageObject\",\"inLanguage\":\"es\",\"@id\":\"https:\/\/letrame.com\/catalogo\/producto\/la-era-de-los-nombres-ocultos\/#primaryimage\",\"url\":\"https:\/\/letrame.com\/catalogo\/wp-content\/uploads\/2025\/12\/laeradelosnombres_652mm4-scaled.jpg\",\"contentUrl\":\"https:\/\/letrame.com\/catalogo\/wp-content\/uploads\/2025\/12\/laeradelosnombres_652mm4-scaled.jpg\",\"width\":1746,\"height\":2560},{\"@type\":\"BreadcrumbList\",\"@id\":\"https:\/\/letrame.com\/catalogo\/producto\/la-era-de-los-nombres-ocultos\/#breadcrumb\",\"itemListElement\":[{\"@type\":\"ListItem\",\"position\":1,\"name\":\"Portada\",\"item\":\"https:\/\/letrame.com\/catalogo\/\"},{\"@type\":\"ListItem\",\"position\":2,\"name\":\"Cat\u00e1logo\",\"item\":\"https:\/\/letrame.com\/catalogo\/\"},{\"@type\":\"ListItem\",\"position\":3,\"name\":\"La era de los nombres ocultos\"}]},{\"@type\":\"WebSite\",\"@id\":\"https:\/\/letrame.com\/catalogo\/#website\",\"url\":\"https:\/\/letrame.com\/catalogo\/\",\"name\":\"Catalogo | Letrame Grupo Editorial\",\"description\":\"\",\"publisher\":{\"@id\":\"https:\/\/letrame.com\/catalogo\/#organization\"},\"potentialAction\":[{\"@type\":\"SearchAction\",\"target\":{\"@type\":\"EntryPoint\",\"urlTemplate\":\"https:\/\/letrame.com\/catalogo\/?s={search_term_string}\"},\"query-input\":{\"@type\":\"PropertyValueSpecification\",\"valueRequired\":true,\"valueName\":\"search_term_string\"}}],\"inLanguage\":\"es\"},{\"@type\":\"Organization\",\"@id\":\"https:\/\/letrame.com\/catalogo\/#organization\",\"name\":\"Catalogo | Letrame Grupo Editorial\",\"url\":\"https:\/\/letrame.com\/catalogo\/\",\"logo\":{\"@type\":\"ImageObject\",\"inLanguage\":\"es\",\"@id\":\"https:\/\/letrame.com\/catalogo\/#\/schema\/logo\/image\/\",\"url\":\"https:\/\/letrame.com\/catalogo\/wp-content\/uploads\/2024\/03\/logo2.webp\",\"contentUrl\":\"https:\/\/letrame.com\/catalogo\/wp-content\/uploads\/2024\/03\/logo2.webp\",\"width\":394,\"height\":128,\"caption\":\"Catalogo | Letrame Grupo Editorial\"},\"image\":{\"@id\":\"https:\/\/letrame.com\/catalogo\/#\/schema\/logo\/image\/\"}}]}<\/script>\n<!-- \/ Yoast SEO plugin. -->","yoast_head_json":{"title":"La era de los nombres ocultos - Catalogo | Letrame Grupo Editorial","robots":{"index":"index","follow":"follow","max-snippet":"max-snippet:-1","max-image-preview":"max-image-preview:large","max-video-preview":"max-video-preview:-1"},"canonical":"https:\/\/letrame.com\/catalogo\/producto\/la-era-de-los-nombres-ocultos\/","og_locale":"es_ES","og_type":"article","og_title":"La era de los nombres ocultos - Catalogo | Letrame Grupo Editorial","og_description":"ISBN:\u00a0979-13-7012-089-4 SINOPSIS Por primera vez en la historia y a consecuencia del desarrollo tecnol\u00f3gico, viene construy\u00e9ndose una nueva naturaleza que impone otra forma de relaci\u00f3n con nuestro entorno. Este proceso se desarrolla a un ritmo vertiginoso y sin conocer con exactitud cu\u00e1les puedan ser las consecuencias reales de su implantaci\u00f3n. La desaparici\u00f3n de la intimidad, sustituida por una fr\u00e1gil identidad digital, es la primera de una larga serie de limitaciones a nuestros derechos m\u00e1s esenciales que debemos reconocer y combatir. Las nuevas pautas sociales nos debilitan y apenas nos permiten escapar de los m\u00e1s r\u00edgidos sistemas de control. Tambi\u00e9n nos devuelven al viejo mito de los nombres ocultos. Solo la trascendencia nos permitir\u00eda comprender la verdadera identidad que se esconde tras nosotros. Desvelar prematuramente ese nombre puede destruirnos y hasta hacernos desaparecer. Este breve ensayo recuerda los principios que pueden guiarnos en esta defensa de nuestras libertades m\u00e1s esenciales en un futuro que se antoja dist\u00f3pico y cruel, ajeno muchas veces a los sentimientos que deben inspirar a una sociedad justa y democr\u00e1tica.","og_url":"https:\/\/letrame.com\/catalogo\/producto\/la-era-de-los-nombres-ocultos\/","og_site_name":"Catalogo | Letrame Grupo Editorial","og_image":[{"width":1746,"height":2560,"url":"https:\/\/letrame.com\/catalogo\/wp-content\/uploads\/2025\/12\/laeradelosnombres_652mm4-scaled.jpg","type":"image\/jpeg"}],"twitter_card":"summary_large_image","twitter_misc":{"Tiempo de lectura":"1 minuto"},"schema":{"@context":"https:\/\/schema.org","@graph":[{"@type":"WebPage","@id":"https:\/\/letrame.com\/catalogo\/producto\/la-era-de-los-nombres-ocultos\/","url":"https:\/\/letrame.com\/catalogo\/producto\/la-era-de-los-nombres-ocultos\/","name":"La era de los nombres ocultos - Catalogo | Letrame Grupo Editorial","isPartOf":{"@id":"https:\/\/letrame.com\/catalogo\/#website"},"primaryImageOfPage":{"@id":"https:\/\/letrame.com\/catalogo\/producto\/la-era-de-los-nombres-ocultos\/#primaryimage"},"image":{"@id":"https:\/\/letrame.com\/catalogo\/producto\/la-era-de-los-nombres-ocultos\/#primaryimage"},"thumbnailUrl":"https:\/\/letrame.com\/catalogo\/wp-content\/uploads\/2025\/12\/laeradelosnombres_652mm4-scaled.jpg","datePublished":"2025-12-26T12:13:34+00:00","breadcrumb":{"@id":"https:\/\/letrame.com\/catalogo\/producto\/la-era-de-los-nombres-ocultos\/#breadcrumb"},"inLanguage":"es","potentialAction":[{"@type":"ReadAction","target":["https:\/\/letrame.com\/catalogo\/producto\/la-era-de-los-nombres-ocultos\/"]}]},{"@type":"ImageObject","inLanguage":"es","@id":"https:\/\/letrame.com\/catalogo\/producto\/la-era-de-los-nombres-ocultos\/#primaryimage","url":"https:\/\/letrame.com\/catalogo\/wp-content\/uploads\/2025\/12\/laeradelosnombres_652mm4-scaled.jpg","contentUrl":"https:\/\/letrame.com\/catalogo\/wp-content\/uploads\/2025\/12\/laeradelosnombres_652mm4-scaled.jpg","width":1746,"height":2560},{"@type":"BreadcrumbList","@id":"https:\/\/letrame.com\/catalogo\/producto\/la-era-de-los-nombres-ocultos\/#breadcrumb","itemListElement":[{"@type":"ListItem","position":1,"name":"Portada","item":"https:\/\/letrame.com\/catalogo\/"},{"@type":"ListItem","position":2,"name":"Cat\u00e1logo","item":"https:\/\/letrame.com\/catalogo\/"},{"@type":"ListItem","position":3,"name":"La era de los nombres ocultos"}]},{"@type":"WebSite","@id":"https:\/\/letrame.com\/catalogo\/#website","url":"https:\/\/letrame.com\/catalogo\/","name":"Catalogo | Letrame Grupo Editorial","description":"","publisher":{"@id":"https:\/\/letrame.com\/catalogo\/#organization"},"potentialAction":[{"@type":"SearchAction","target":{"@type":"EntryPoint","urlTemplate":"https:\/\/letrame.com\/catalogo\/?s={search_term_string}"},"query-input":{"@type":"PropertyValueSpecification","valueRequired":true,"valueName":"search_term_string"}}],"inLanguage":"es"},{"@type":"Organization","@id":"https:\/\/letrame.com\/catalogo\/#organization","name":"Catalogo | Letrame Grupo Editorial","url":"https:\/\/letrame.com\/catalogo\/","logo":{"@type":"ImageObject","inLanguage":"es","@id":"https:\/\/letrame.com\/catalogo\/#\/schema\/logo\/image\/","url":"https:\/\/letrame.com\/catalogo\/wp-content\/uploads\/2024\/03\/logo2.webp","contentUrl":"https:\/\/letrame.com\/catalogo\/wp-content\/uploads\/2024\/03\/logo2.webp","width":394,"height":128,"caption":"Catalogo | Letrame Grupo Editorial"},"image":{"@id":"https:\/\/letrame.com\/catalogo\/#\/schema\/logo\/image\/"}}]}},"_links":{"self":[{"href":"https:\/\/letrame.com\/catalogo\/wp-json\/wp\/v2\/product\/110396","targetHints":{"allow":["GET"]}}],"collection":[{"href":"https:\/\/letrame.com\/catalogo\/wp-json\/wp\/v2\/product"}],"about":[{"href":"https:\/\/letrame.com\/catalogo\/wp-json\/wp\/v2\/types\/product"}],"replies":[{"embeddable":true,"href":"https:\/\/letrame.com\/catalogo\/wp-json\/wp\/v2\/comments?post=110396"}],"acf:post":[{"embeddable":true,"href":"https:\/\/letrame.com\/catalogo\/wp-json\/wp\/v2\/author_book\/110397"}],"wp:featuredmedia":[{"embeddable":true,"href":"https:\/\/letrame.com\/catalogo\/wp-json\/wp\/v2\/media\/110400"}],"wp:attachment":[{"href":"https:\/\/letrame.com\/catalogo\/wp-json\/wp\/v2\/media?parent=110396"}],"wp:term":[{"taxonomy":"libro","embeddable":true,"href":"https:\/\/letrame.com\/catalogo\/wp-json\/wp\/v2\/libro?post=110396"},{"taxonomy":"product_brand","embeddable":true,"href":"https:\/\/letrame.com\/catalogo\/wp-json\/wp\/v2\/product_brand?post=110396"},{"taxonomy":"product_cat","embeddable":true,"href":"https:\/\/letrame.com\/catalogo\/wp-json\/wp\/v2\/product_cat?post=110396"},{"taxonomy":"product_tag","embeddable":true,"href":"https:\/\/letrame.com\/catalogo\/wp-json\/wp\/v2\/product_tag?post=110396"}],"curies":[{"name":"wp","href":"https:\/\/api.w.org\/{rel}","templated":true}]}}