{"id":110390,"date":"2025-12-26T13:04:32","date_gmt":"2025-12-26T12:04:32","guid":{"rendered":"https:\/\/letrame.com\/catalogo\/?post_type=product&#038;p=110390"},"modified":"2025-12-26T13:04:33","modified_gmt":"2025-12-26T12:04:33","slug":"despierta-tus-sentidos-un-viaje-sensorial-y-sensacional-a-traves-de-los-minimundos","status":"publish","type":"product","link":"https:\/\/letrame.com\/catalogo\/producto\/despierta-tus-sentidos-un-viaje-sensorial-y-sensacional-a-traves-de-los-minimundos\/","title":{"rendered":"\u00a1Despierta tus sentidos!: Un viaje sensorial y sensacional a trav\u00e9s de los minimundos"},"content":{"rendered":"<p class=\"p1\"><b>ISBN:\u00a0 <\/b>979-13-7012-345-1<\/p>\n<p class=\"p1\"><b>T\u00edtulo:\u00a0<\/b>\u00a1Despierta tus sentidos!: Un viaje sensorial y sensacional a trav\u00e9s de los minimundos<br \/>\n<b>Fecha:\u00a0<\/b>2025<br \/>\n<b>P\u00e1ginas:\u00a0<\/b>136<b><\/b><\/p>\n<p class=\"p1\"><b>SINOPSIS<\/b><\/p>\n<p>\u00a1Prep\u00e1rate para un viaje extraordinario!<br \/>\n\u00bfY si te dijera que el aprendizaje puede sentirse, tocarse y hasta olerse? Este no es un libro cualquiera&#8230; es una puerta a un universo donde los sentidos despiertan y la imaginaci\u00f3n cobra vida.<br \/>\nA trav\u00e9s de minimundos y bandejas sensoriales, descubrir\u00e1s c\u00f3mo transformar cualquier espacio en un laboratorio de emociones, risas y asombro. \u00bfEl secreto? Materiales cotidianos, creatividad y muchas ganas de explorar.<br \/>\nIdeal para docentes, familias y curiosos del aprendizaje, este libro te invita a experimentar la magia de aprender con las manos, los ojos&#8230; \u00a1y el coraz\u00f3n!<br \/>\n\u00bfListo para sumergirte en esta aventura sensorial?<\/p>\n","protected":false},"excerpt":{"rendered":"<p class=\"p1\"><b>ISBN:\u00a0 <\/b>979-13-7012-345-1<\/p>\n<p class=\"p1\"><b>SINOPSIS<\/b><\/p>\n<p>\u00a1Prep\u00e1rate para un viaje extraordinario!<br \/>\n\u00bfY si te dijera que el aprendizaje puede sentirse, tocarse y hasta olerse? Este no es un libro cualquiera&#8230; es una puerta a un universo donde los sentidos despiertan y la imaginaci\u00f3n cobra vida.<br \/>\nA trav\u00e9s de minimundos y bandejas sensoriales, descubrir\u00e1s c\u00f3mo transformar cualquier espacio en un laboratorio de emociones, risas y asombro. \u00bfEl secreto? Materiales cotidianos, creatividad y muchas ganas de explorar.<br \/>\nIdeal para docentes, familias y curiosos del aprendizaje, este libro te invita a experimentar la magia de aprender con las manos, los ojos&#8230; \u00a1y el coraz\u00f3n!<br \/>\n\u00bfListo para sumergirte en esta aventura sensorial?<\/p>\n","protected":false},"featured_media":110394,"comment_status":"open","ping_status":"closed","template":"","meta":{"_acf_changed":false},"libro":[],"product_brand":[],"product_cat":[113],"product_tag":[],"class_list":{"0":"post-110390","1":"product","2":"type-product","3":"status-publish","4":"has-post-thumbnail","6":"product_cat-educacion","8":"first","9":"instock","10":"shipping-taxable","11":"product-type-simple"},"acf":{"autor":[110391],"enlace_de_compra":"https:\/\/www.amazon.es\/%C2%A1Despierta-tus-sentidos-sensacional-minimundos\/dp\/B0FBR7MYKS\/ref=sr_1_1?__mk_es_ES=%C3%85M%C3%85%C5%BD%C3%95%C3%91&crid=IQYREER5GXE7&dib=eyJ2IjoiMSJ9.qPs_pbPpsqywYzDkCeeqMg.s5AK-LBEYhpLXa0g697Vf3ZWFmgAzRp_IPtGE0U0BkQ&dib_tag=se&keywords=%C2%A1Despierta+tus+sentidos%21+Un+viaje+sensorial+y+sensacional+a+trav%C3%A9s+de+los+minimundos&qid=1766750436&s=books&sprefix=despierta+tus+sentidos+un+viaje+sensorial+y+sensacional+a+trav%C3%A9s+de+los+minimundos%2Cstripbooks%2C234&sr=1-1"},"yoast_head":"<!-- This site is optimized with the Yoast SEO plugin v26.6 - https:\/\/yoast.com\/wordpress\/plugins\/seo\/ -->\n<title>\u00a1Despierta tus sentidos!: Un viaje sensorial y sensacional a trav\u00e9s de los minimundos - Catalogo | Letrame Grupo Editorial<\/title>\n<meta name=\"robots\" content=\"index, follow, max-snippet:-1, max-image-preview:large, max-video-preview:-1\" \/>\n<link rel=\"canonical\" href=\"https:\/\/letrame.com\/catalogo\/producto\/despierta-tus-sentidos-un-viaje-sensorial-y-sensacional-a-traves-de-los-minimundos\/\" \/>\n<meta property=\"og:locale\" content=\"es_ES\" \/>\n<meta property=\"og:type\" content=\"article\" \/>\n<meta property=\"og:title\" content=\"\u00a1Despierta tus sentidos!: Un viaje sensorial y sensacional a trav\u00e9s de los minimundos - Catalogo | Letrame Grupo Editorial\" \/>\n<meta property=\"og:description\" content=\"ISBN:\u00a0 979-13-7012-345-1 SINOPSIS \u00a1Prep\u00e1rate para un viaje extraordinario! \u00bfY si te dijera que el aprendizaje puede sentirse, tocarse y hasta olerse? Este no es un libro cualquiera... es una puerta a un universo donde los sentidos despiertan y la imaginaci\u00f3n cobra vida. A trav\u00e9s de minimundos y bandejas sensoriales, descubrir\u00e1s c\u00f3mo transformar cualquier espacio en un laboratorio de emociones, risas y asombro. \u00bfEl secreto? Materiales cotidianos, creatividad y muchas ganas de explorar. Ideal para docentes, familias y curiosos del aprendizaje, este libro te invita a experimentar la magia de aprender con las manos, los ojos... \u00a1y el coraz\u00f3n! \u00bfListo para sumergirte en esta aventura sensorial?\" \/>\n<meta property=\"og:url\" content=\"https:\/\/letrame.com\/catalogo\/producto\/despierta-tus-sentidos-un-viaje-sensorial-y-sensacional-a-traves-de-los-minimundos\/\" \/>\n<meta property=\"og:site_name\" content=\"Catalogo | Letrame Grupo Editorial\" \/>\n<meta property=\"article:modified_time\" content=\"2025-12-26T12:04:33+00:00\" \/>\n<meta property=\"og:image\" content=\"https:\/\/letrame.com\/catalogo\/wp-content\/uploads\/2025\/12\/despiertatusentidos_734mm4.jpg\" \/>\n\t<meta property=\"og:image:width\" content=\"1772\" \/>\n\t<meta property=\"og:image:height\" content=\"2480\" \/>\n\t<meta property=\"og:image:type\" content=\"image\/jpeg\" \/>\n<meta name=\"twitter:card\" content=\"summary_large_image\" \/>\n<meta name=\"twitter:label1\" content=\"Tiempo de lectura\" \/>\n\t<meta name=\"twitter:data1\" content=\"1 minuto\" \/>\n<script type=\"application\/ld+json\" class=\"yoast-schema-graph\">{\"@context\":\"https:\/\/schema.org\",\"@graph\":[{\"@type\":\"WebPage\",\"@id\":\"https:\/\/letrame.com\/catalogo\/producto\/despierta-tus-sentidos-un-viaje-sensorial-y-sensacional-a-traves-de-los-minimundos\/\",\"url\":\"https:\/\/letrame.com\/catalogo\/producto\/despierta-tus-sentidos-un-viaje-sensorial-y-sensacional-a-traves-de-los-minimundos\/\",\"name\":\"\u00a1Despierta tus sentidos!: Un viaje sensorial y sensacional a trav\u00e9s de los minimundos - Catalogo | Letrame Grupo Editorial\",\"isPartOf\":{\"@id\":\"https:\/\/letrame.com\/catalogo\/#website\"},\"primaryImageOfPage\":{\"@id\":\"https:\/\/letrame.com\/catalogo\/producto\/despierta-tus-sentidos-un-viaje-sensorial-y-sensacional-a-traves-de-los-minimundos\/#primaryimage\"},\"image\":{\"@id\":\"https:\/\/letrame.com\/catalogo\/producto\/despierta-tus-sentidos-un-viaje-sensorial-y-sensacional-a-traves-de-los-minimundos\/#primaryimage\"},\"thumbnailUrl\":\"https:\/\/letrame.com\/catalogo\/wp-content\/uploads\/2025\/12\/despiertatusentidos_734mm4.jpg\",\"datePublished\":\"2025-12-26T12:04:32+00:00\",\"dateModified\":\"2025-12-26T12:04:33+00:00\",\"breadcrumb\":{\"@id\":\"https:\/\/letrame.com\/catalogo\/producto\/despierta-tus-sentidos-un-viaje-sensorial-y-sensacional-a-traves-de-los-minimundos\/#breadcrumb\"},\"inLanguage\":\"es\",\"potentialAction\":[{\"@type\":\"ReadAction\",\"target\":[\"https:\/\/letrame.com\/catalogo\/producto\/despierta-tus-sentidos-un-viaje-sensorial-y-sensacional-a-traves-de-los-minimundos\/\"]}]},{\"@type\":\"ImageObject\",\"inLanguage\":\"es\",\"@id\":\"https:\/\/letrame.com\/catalogo\/producto\/despierta-tus-sentidos-un-viaje-sensorial-y-sensacional-a-traves-de-los-minimundos\/#primaryimage\",\"url\":\"https:\/\/letrame.com\/catalogo\/wp-content\/uploads\/2025\/12\/despiertatusentidos_734mm4.jpg\",\"contentUrl\":\"https:\/\/letrame.com\/catalogo\/wp-content\/uploads\/2025\/12\/despiertatusentidos_734mm4.jpg\",\"width\":1772,\"height\":2480},{\"@type\":\"BreadcrumbList\",\"@id\":\"https:\/\/letrame.com\/catalogo\/producto\/despierta-tus-sentidos-un-viaje-sensorial-y-sensacional-a-traves-de-los-minimundos\/#breadcrumb\",\"itemListElement\":[{\"@type\":\"ListItem\",\"position\":1,\"name\":\"Portada\",\"item\":\"https:\/\/letrame.com\/catalogo\/\"},{\"@type\":\"ListItem\",\"position\":2,\"name\":\"Cat\u00e1logo\",\"item\":\"https:\/\/letrame.com\/catalogo\/\"},{\"@type\":\"ListItem\",\"position\":3,\"name\":\"\u00a1Despierta tus sentidos!: Un viaje sensorial y sensacional a trav\u00e9s de los minimundos\"}]},{\"@type\":\"WebSite\",\"@id\":\"https:\/\/letrame.com\/catalogo\/#website\",\"url\":\"https:\/\/letrame.com\/catalogo\/\",\"name\":\"Catalogo | Letrame Grupo Editorial\",\"description\":\"\",\"publisher\":{\"@id\":\"https:\/\/letrame.com\/catalogo\/#organization\"},\"potentialAction\":[{\"@type\":\"SearchAction\",\"target\":{\"@type\":\"EntryPoint\",\"urlTemplate\":\"https:\/\/letrame.com\/catalogo\/?s={search_term_string}\"},\"query-input\":{\"@type\":\"PropertyValueSpecification\",\"valueRequired\":true,\"valueName\":\"search_term_string\"}}],\"inLanguage\":\"es\"},{\"@type\":\"Organization\",\"@id\":\"https:\/\/letrame.com\/catalogo\/#organization\",\"name\":\"Catalogo | Letrame Grupo Editorial\",\"url\":\"https:\/\/letrame.com\/catalogo\/\",\"logo\":{\"@type\":\"ImageObject\",\"inLanguage\":\"es\",\"@id\":\"https:\/\/letrame.com\/catalogo\/#\/schema\/logo\/image\/\",\"url\":\"https:\/\/letrame.com\/catalogo\/wp-content\/uploads\/2024\/03\/logo2.webp\",\"contentUrl\":\"https:\/\/letrame.com\/catalogo\/wp-content\/uploads\/2024\/03\/logo2.webp\",\"width\":394,\"height\":128,\"caption\":\"Catalogo | Letrame Grupo Editorial\"},\"image\":{\"@id\":\"https:\/\/letrame.com\/catalogo\/#\/schema\/logo\/image\/\"}}]}<\/script>\n<!-- \/ Yoast SEO plugin. -->","yoast_head_json":{"title":"\u00a1Despierta tus sentidos!: Un viaje sensorial y sensacional a trav\u00e9s de los minimundos - Catalogo | Letrame Grupo Editorial","robots":{"index":"index","follow":"follow","max-snippet":"max-snippet:-1","max-image-preview":"max-image-preview:large","max-video-preview":"max-video-preview:-1"},"canonical":"https:\/\/letrame.com\/catalogo\/producto\/despierta-tus-sentidos-un-viaje-sensorial-y-sensacional-a-traves-de-los-minimundos\/","og_locale":"es_ES","og_type":"article","og_title":"\u00a1Despierta tus sentidos!: Un viaje sensorial y sensacional a trav\u00e9s de los minimundos - Catalogo | Letrame Grupo Editorial","og_description":"ISBN:\u00a0 979-13-7012-345-1 SINOPSIS \u00a1Prep\u00e1rate para un viaje extraordinario! \u00bfY si te dijera que el aprendizaje puede sentirse, tocarse y hasta olerse? Este no es un libro cualquiera... es una puerta a un universo donde los sentidos despiertan y la imaginaci\u00f3n cobra vida. A trav\u00e9s de minimundos y bandejas sensoriales, descubrir\u00e1s c\u00f3mo transformar cualquier espacio en un laboratorio de emociones, risas y asombro. \u00bfEl secreto? Materiales cotidianos, creatividad y muchas ganas de explorar. Ideal para docentes, familias y curiosos del aprendizaje, este libro te invita a experimentar la magia de aprender con las manos, los ojos... \u00a1y el coraz\u00f3n! \u00bfListo para sumergirte en esta aventura sensorial?","og_url":"https:\/\/letrame.com\/catalogo\/producto\/despierta-tus-sentidos-un-viaje-sensorial-y-sensacional-a-traves-de-los-minimundos\/","og_site_name":"Catalogo | Letrame Grupo Editorial","article_modified_time":"2025-12-26T12:04:33+00:00","og_image":[{"width":1772,"height":2480,"url":"https:\/\/letrame.com\/catalogo\/wp-content\/uploads\/2025\/12\/despiertatusentidos_734mm4.jpg","type":"image\/jpeg"}],"twitter_card":"summary_large_image","twitter_misc":{"Tiempo de lectura":"1 minuto"},"schema":{"@context":"https:\/\/schema.org","@graph":[{"@type":"WebPage","@id":"https:\/\/letrame.com\/catalogo\/producto\/despierta-tus-sentidos-un-viaje-sensorial-y-sensacional-a-traves-de-los-minimundos\/","url":"https:\/\/letrame.com\/catalogo\/producto\/despierta-tus-sentidos-un-viaje-sensorial-y-sensacional-a-traves-de-los-minimundos\/","name":"\u00a1Despierta tus sentidos!: Un viaje sensorial y sensacional a trav\u00e9s de los minimundos - Catalogo | Letrame Grupo Editorial","isPartOf":{"@id":"https:\/\/letrame.com\/catalogo\/#website"},"primaryImageOfPage":{"@id":"https:\/\/letrame.com\/catalogo\/producto\/despierta-tus-sentidos-un-viaje-sensorial-y-sensacional-a-traves-de-los-minimundos\/#primaryimage"},"image":{"@id":"https:\/\/letrame.com\/catalogo\/producto\/despierta-tus-sentidos-un-viaje-sensorial-y-sensacional-a-traves-de-los-minimundos\/#primaryimage"},"thumbnailUrl":"https:\/\/letrame.com\/catalogo\/wp-content\/uploads\/2025\/12\/despiertatusentidos_734mm4.jpg","datePublished":"2025-12-26T12:04:32+00:00","dateModified":"2025-12-26T12:04:33+00:00","breadcrumb":{"@id":"https:\/\/letrame.com\/catalogo\/producto\/despierta-tus-sentidos-un-viaje-sensorial-y-sensacional-a-traves-de-los-minimundos\/#breadcrumb"},"inLanguage":"es","potentialAction":[{"@type":"ReadAction","target":["https:\/\/letrame.com\/catalogo\/producto\/despierta-tus-sentidos-un-viaje-sensorial-y-sensacional-a-traves-de-los-minimundos\/"]}]},{"@type":"ImageObject","inLanguage":"es","@id":"https:\/\/letrame.com\/catalogo\/producto\/despierta-tus-sentidos-un-viaje-sensorial-y-sensacional-a-traves-de-los-minimundos\/#primaryimage","url":"https:\/\/letrame.com\/catalogo\/wp-content\/uploads\/2025\/12\/despiertatusentidos_734mm4.jpg","contentUrl":"https:\/\/letrame.com\/catalogo\/wp-content\/uploads\/2025\/12\/despiertatusentidos_734mm4.jpg","width":1772,"height":2480},{"@type":"BreadcrumbList","@id":"https:\/\/letrame.com\/catalogo\/producto\/despierta-tus-sentidos-un-viaje-sensorial-y-sensacional-a-traves-de-los-minimundos\/#breadcrumb","itemListElement":[{"@type":"ListItem","position":1,"name":"Portada","item":"https:\/\/letrame.com\/catalogo\/"},{"@type":"ListItem","position":2,"name":"Cat\u00e1logo","item":"https:\/\/letrame.com\/catalogo\/"},{"@type":"ListItem","position":3,"name":"\u00a1Despierta tus sentidos!: Un viaje sensorial y sensacional a trav\u00e9s de los minimundos"}]},{"@type":"WebSite","@id":"https:\/\/letrame.com\/catalogo\/#website","url":"https:\/\/letrame.com\/catalogo\/","name":"Catalogo | Letrame Grupo Editorial","description":"","publisher":{"@id":"https:\/\/letrame.com\/catalogo\/#organization"},"potentialAction":[{"@type":"SearchAction","target":{"@type":"EntryPoint","urlTemplate":"https:\/\/letrame.com\/catalogo\/?s={search_term_string}"},"query-input":{"@type":"PropertyValueSpecification","valueRequired":true,"valueName":"search_term_string"}}],"inLanguage":"es"},{"@type":"Organization","@id":"https:\/\/letrame.com\/catalogo\/#organization","name":"Catalogo | Letrame Grupo Editorial","url":"https:\/\/letrame.com\/catalogo\/","logo":{"@type":"ImageObject","inLanguage":"es","@id":"https:\/\/letrame.com\/catalogo\/#\/schema\/logo\/image\/","url":"https:\/\/letrame.com\/catalogo\/wp-content\/uploads\/2024\/03\/logo2.webp","contentUrl":"https:\/\/letrame.com\/catalogo\/wp-content\/uploads\/2024\/03\/logo2.webp","width":394,"height":128,"caption":"Catalogo | Letrame Grupo Editorial"},"image":{"@id":"https:\/\/letrame.com\/catalogo\/#\/schema\/logo\/image\/"}}]}},"_links":{"self":[{"href":"https:\/\/letrame.com\/catalogo\/wp-json\/wp\/v2\/product\/110390","targetHints":{"allow":["GET"]}}],"collection":[{"href":"https:\/\/letrame.com\/catalogo\/wp-json\/wp\/v2\/product"}],"about":[{"href":"https:\/\/letrame.com\/catalogo\/wp-json\/wp\/v2\/types\/product"}],"replies":[{"embeddable":true,"href":"https:\/\/letrame.com\/catalogo\/wp-json\/wp\/v2\/comments?post=110390"}],"acf:post":[{"embeddable":true,"href":"https:\/\/letrame.com\/catalogo\/wp-json\/wp\/v2\/author_book\/110391"}],"wp:featuredmedia":[{"embeddable":true,"href":"https:\/\/letrame.com\/catalogo\/wp-json\/wp\/v2\/media\/110394"}],"wp:attachment":[{"href":"https:\/\/letrame.com\/catalogo\/wp-json\/wp\/v2\/media?parent=110390"}],"wp:term":[{"taxonomy":"libro","embeddable":true,"href":"https:\/\/letrame.com\/catalogo\/wp-json\/wp\/v2\/libro?post=110390"},{"taxonomy":"product_brand","embeddable":true,"href":"https:\/\/letrame.com\/catalogo\/wp-json\/wp\/v2\/product_brand?post=110390"},{"taxonomy":"product_cat","embeddable":true,"href":"https:\/\/letrame.com\/catalogo\/wp-json\/wp\/v2\/product_cat?post=110390"},{"taxonomy":"product_tag","embeddable":true,"href":"https:\/\/letrame.com\/catalogo\/wp-json\/wp\/v2\/product_tag?post=110390"}],"curies":[{"name":"wp","href":"https:\/\/api.w.org\/{rel}","templated":true}]}}