{"id":110368,"date":"2025-12-24T13:50:15","date_gmt":"2025-12-24T12:50:15","guid":{"rendered":"https:\/\/letrame.com\/catalogo\/?post_type=product&#038;p=110368"},"modified":"2025-12-24T13:50:16","modified_gmt":"2025-12-24T12:50:16","slug":"juego-de-sombras","status":"publish","type":"product","link":"https:\/\/letrame.com\/catalogo\/producto\/juego-de-sombras\/","title":{"rendered":"Juego de sombras"},"content":{"rendered":"<p class=\"p1\"><b>ISBN:<\/b>979-13-7012-350-5<\/p>\n<p class=\"p1\"><b>T\u00edtulo:\u00a0<\/b>Juego de sombras<br \/>\n<b>Fecha:\u00a0<\/b>2025<br \/>\n<b>P\u00e1ginas:\u00a0<\/b>100<b><\/b><\/p>\n<p class=\"p1\"><b>SINOPSIS<\/b><b><\/b><\/p>\n<p>Juego de sombras &#8211; Un thriller de espionaje y geopol\u00edtica que cambiar\u00e1 tu visi\u00f3n del mundo.<br \/>\nCuando David, un joven analista y periodista, asiste a una feria de libros y juegos de mesa, jam\u00e1s imagina que est\u00e1 a punto de sumergirse en la conspiraci\u00f3n m\u00e1s grande del siglo XXI. Un misterioso juego de rol llamado Juego de sombras lo arrastra a una intriga internacional donde las estrategias pol\u00edticas, econ\u00f3micas y militares no son solo ficci\u00f3n. Lo que comienza como un entretenimiento se convierte en una batalla real por el futuro de Europa y el mundo.<br \/>\nLas potencias globales, lideradas por Estados Unidos y Alemania, mueven los hilos para establecer un \u00fanico gobierno bajo su control, utilizando espionaje, chantajes y tecnolog\u00eda avanzada. Sin embargo, una resistencia secreta en Europa y otros rincones del mundo lucha por preservar la soberan\u00eda de las naciones.<br \/>\nEn un mundo donde la verdad y la mentira se entrelazan, David descubrir\u00e1 que no solo est\u00e1 jugando un juego&#8230; sino que ha estado siendo manipulado desde el principio. \u00bfPodr\u00e1 exponer la verdad antes de que sea demasiado tarde?<\/p>\n","protected":false},"excerpt":{"rendered":"<p class=\"p1\"><b>ISBN:<\/b>979-13-7012-350-5<\/p>\n<p class=\"p1\"><b>SINOPSIS<\/b><b><\/b><\/p>\n<p>Juego de sombras &#8211; Un thriller de espionaje y geopol\u00edtica que cambiar\u00e1 tu visi\u00f3n del mundo.<br \/>\nCuando David, un joven analista y periodista, asiste a una feria de libros y juegos de mesa, jam\u00e1s imagina que est\u00e1 a punto de sumergirse en la conspiraci\u00f3n m\u00e1s grande del siglo XXI. Un misterioso juego de rol llamado Juego de sombras lo arrastra a una intriga internacional donde las estrategias pol\u00edticas, econ\u00f3micas y militares no son solo ficci\u00f3n. Lo que comienza como un entretenimiento se convierte en una batalla real por el futuro de Europa y el mundo.<br \/>\nLas potencias globales, lideradas por Estados Unidos y Alemania, mueven los hilos para establecer un \u00fanico gobierno bajo su control, utilizando espionaje, chantajes y tecnolog\u00eda avanzada. Sin embargo, una resistencia secreta en Europa y otros rincones del mundo lucha por preservar la soberan\u00eda de las naciones.<br \/>\nEn un mundo donde la verdad y la mentira se entrelazan, David descubrir\u00e1 que no solo est\u00e1 jugando un juego&#8230; sino que ha estado siendo manipulado desde el principio. \u00bfPodr\u00e1 exponer la verdad antes de que sea demasiado tarde?<\/p>\n","protected":false},"featured_media":110371,"comment_status":"open","ping_status":"closed","template":"","meta":{"_acf_changed":false},"libro":[],"product_brand":[],"product_cat":[141],"product_tag":[],"class_list":{"0":"post-110368","1":"product","2":"type-product","3":"status-publish","4":"has-post-thumbnail","6":"product_cat-ficcion","8":"first","9":"instock","10":"shipping-taxable","11":"product-type-simple"},"acf":{"autor":[110369],"enlace_de_compra":"https:\/\/www.amazon.es\/Juego-sombras-David-Berlanga-Atienza\/dp\/B0FLD77ZK6\/ref=sr_1_5?__mk_es_ES=%C3%85M%C3%85%C5%BD%C3%95%C3%91&crid=NX48QQR6EOK0&dib=eyJ2IjoiMSJ9.WhgOVCAPWZlcA534Tr8iskBZeqQCWtzJHvaShIJ0ztjHga9xEyrDaXyIjzlOVBIItumXW8-4U8MvSEWZxIoXQzxlrjbAWlyDwfn_89qZev8t2cebF9mf1ilqLRF8j5bo-5YGKicvOEV9epkypbX-_uKclgK1F18O7UPKYg5n6qeXqs_YlRocfkl_6jJN_q2OedMy2W2cA3mXGuOeG8KVDFIt_aAsUceDgEzOvG7wf-g.r1GAQgm89aL1NA29pUQsyTUN1bQBsgI59BdJGYzHDRo&dib_tag=se&keywords=Juego+de+Sombras&qid=1766580278&s=books&sprefix=juego+de+sombras%2Cstripbooks%2C273&sr=1-5"},"yoast_head":"<!-- This site is optimized with the Yoast SEO plugin v27.4 - https:\/\/yoast.com\/product\/yoast-seo-wordpress\/ -->\n<title>Juego de sombras - Catalogo | Letrame Grupo Editorial<\/title>\n<meta name=\"robots\" content=\"index, follow, max-snippet:-1, max-image-preview:large, max-video-preview:-1\" \/>\n<link rel=\"canonical\" href=\"https:\/\/letrame.com\/catalogo\/producto\/juego-de-sombras\/\" \/>\n<meta property=\"og:locale\" content=\"es_ES\" \/>\n<meta property=\"og:type\" content=\"article\" \/>\n<meta property=\"og:title\" content=\"Juego de sombras - Catalogo | Letrame Grupo Editorial\" \/>\n<meta property=\"og:description\" content=\"ISBN:979-13-7012-350-5 SINOPSIS Juego de sombras - Un thriller de espionaje y geopol\u00edtica que cambiar\u00e1 tu visi\u00f3n del mundo. Cuando David, un joven analista y periodista, asiste a una feria de libros y juegos de mesa, jam\u00e1s imagina que est\u00e1 a punto de sumergirse en la conspiraci\u00f3n m\u00e1s grande del siglo XXI. Un misterioso juego de rol llamado Juego de sombras lo arrastra a una intriga internacional donde las estrategias pol\u00edticas, econ\u00f3micas y militares no son solo ficci\u00f3n. Lo que comienza como un entretenimiento se convierte en una batalla real por el futuro de Europa y el mundo. Las potencias globales, lideradas por Estados Unidos y Alemania, mueven los hilos para establecer un \u00fanico gobierno bajo su control, utilizando espionaje, chantajes y tecnolog\u00eda avanzada. Sin embargo, una resistencia secreta en Europa y otros rincones del mundo lucha por preservar la soberan\u00eda de las naciones. En un mundo donde la verdad y la mentira se entrelazan, David descubrir\u00e1 que no solo est\u00e1 jugando un juego... sino que ha estado siendo manipulado desde el principio. \u00bfPodr\u00e1 exponer la verdad antes de que sea demasiado tarde?\" \/>\n<meta property=\"og:url\" content=\"https:\/\/letrame.com\/catalogo\/producto\/juego-de-sombras\/\" \/>\n<meta property=\"og:site_name\" content=\"Catalogo | Letrame Grupo Editorial\" \/>\n<meta property=\"article:modified_time\" content=\"2025-12-24T12:50:16+00:00\" \/>\n<meta property=\"og:image\" content=\"https:\/\/letrame.com\/catalogo\/wp-content\/uploads\/2025\/12\/juegodesombras_568mm4.jpg\" \/>\n\t<meta property=\"og:image:width\" content=\"1748\" \/>\n\t<meta property=\"og:image:height\" content=\"2480\" \/>\n\t<meta property=\"og:image:type\" content=\"image\/jpeg\" \/>\n<meta name=\"twitter:card\" content=\"summary_large_image\" \/>\n<meta name=\"twitter:label1\" content=\"Tiempo de lectura\" \/>\n\t<meta name=\"twitter:data1\" content=\"1 minuto\" \/>\n<script type=\"application\/ld+json\" class=\"yoast-schema-graph\">{\"@context\":\"https:\\\/\\\/schema.org\",\"@graph\":[{\"@type\":\"WebPage\",\"@id\":\"https:\\\/\\\/letrame.com\\\/catalogo\\\/producto\\\/juego-de-sombras\\\/\",\"url\":\"https:\\\/\\\/letrame.com\\\/catalogo\\\/producto\\\/juego-de-sombras\\\/\",\"name\":\"Juego de sombras - Catalogo | Letrame Grupo Editorial\",\"isPartOf\":{\"@id\":\"https:\\\/\\\/letrame.com\\\/catalogo\\\/#website\"},\"primaryImageOfPage\":{\"@id\":\"https:\\\/\\\/letrame.com\\\/catalogo\\\/producto\\\/juego-de-sombras\\\/#primaryimage\"},\"image\":{\"@id\":\"https:\\\/\\\/letrame.com\\\/catalogo\\\/producto\\\/juego-de-sombras\\\/#primaryimage\"},\"thumbnailUrl\":\"https:\\\/\\\/letrame.com\\\/catalogo\\\/wp-content\\\/uploads\\\/2025\\\/12\\\/juegodesombras_568mm4.jpg\",\"datePublished\":\"2025-12-24T12:50:15+00:00\",\"dateModified\":\"2025-12-24T12:50:16+00:00\",\"breadcrumb\":{\"@id\":\"https:\\\/\\\/letrame.com\\\/catalogo\\\/producto\\\/juego-de-sombras\\\/#breadcrumb\"},\"inLanguage\":\"es\",\"potentialAction\":[{\"@type\":\"ReadAction\",\"target\":[\"https:\\\/\\\/letrame.com\\\/catalogo\\\/producto\\\/juego-de-sombras\\\/\"]}]},{\"@type\":\"ImageObject\",\"inLanguage\":\"es\",\"@id\":\"https:\\\/\\\/letrame.com\\\/catalogo\\\/producto\\\/juego-de-sombras\\\/#primaryimage\",\"url\":\"https:\\\/\\\/letrame.com\\\/catalogo\\\/wp-content\\\/uploads\\\/2025\\\/12\\\/juegodesombras_568mm4.jpg\",\"contentUrl\":\"https:\\\/\\\/letrame.com\\\/catalogo\\\/wp-content\\\/uploads\\\/2025\\\/12\\\/juegodesombras_568mm4.jpg\",\"width\":1748,\"height\":2480},{\"@type\":\"BreadcrumbList\",\"@id\":\"https:\\\/\\\/letrame.com\\\/catalogo\\\/producto\\\/juego-de-sombras\\\/#breadcrumb\",\"itemListElement\":[{\"@type\":\"ListItem\",\"position\":1,\"name\":\"Portada\",\"item\":\"https:\\\/\\\/letrame.com\\\/catalogo\\\/\"},{\"@type\":\"ListItem\",\"position\":2,\"name\":\"Cat\u00e1logo\",\"item\":\"https:\\\/\\\/letrame.com\\\/catalogo\\\/\"},{\"@type\":\"ListItem\",\"position\":3,\"name\":\"Juego de sombras\"}]},{\"@type\":\"WebSite\",\"@id\":\"https:\\\/\\\/letrame.com\\\/catalogo\\\/#website\",\"url\":\"https:\\\/\\\/letrame.com\\\/catalogo\\\/\",\"name\":\"Catalogo | Letrame Grupo Editorial\",\"description\":\"\",\"publisher\":{\"@id\":\"https:\\\/\\\/letrame.com\\\/catalogo\\\/#organization\"},\"potentialAction\":[{\"@type\":\"SearchAction\",\"target\":{\"@type\":\"EntryPoint\",\"urlTemplate\":\"https:\\\/\\\/letrame.com\\\/catalogo\\\/?s={search_term_string}\"},\"query-input\":{\"@type\":\"PropertyValueSpecification\",\"valueRequired\":true,\"valueName\":\"search_term_string\"}}],\"inLanguage\":\"es\"},{\"@type\":\"Organization\",\"@id\":\"https:\\\/\\\/letrame.com\\\/catalogo\\\/#organization\",\"name\":\"Catalogo | Letrame Grupo Editorial\",\"url\":\"https:\\\/\\\/letrame.com\\\/catalogo\\\/\",\"logo\":{\"@type\":\"ImageObject\",\"inLanguage\":\"es\",\"@id\":\"https:\\\/\\\/letrame.com\\\/catalogo\\\/#\\\/schema\\\/logo\\\/image\\\/\",\"url\":\"https:\\\/\\\/letrame.com\\\/catalogo\\\/wp-content\\\/uploads\\\/2024\\\/03\\\/logo2.webp\",\"contentUrl\":\"https:\\\/\\\/letrame.com\\\/catalogo\\\/wp-content\\\/uploads\\\/2024\\\/03\\\/logo2.webp\",\"width\":394,\"height\":128,\"caption\":\"Catalogo | Letrame Grupo Editorial\"},\"image\":{\"@id\":\"https:\\\/\\\/letrame.com\\\/catalogo\\\/#\\\/schema\\\/logo\\\/image\\\/\"}}]}<\/script>\n<!-- \/ Yoast SEO plugin. -->","yoast_head_json":{"title":"Juego de sombras - Catalogo | Letrame Grupo Editorial","robots":{"index":"index","follow":"follow","max-snippet":"max-snippet:-1","max-image-preview":"max-image-preview:large","max-video-preview":"max-video-preview:-1"},"canonical":"https:\/\/letrame.com\/catalogo\/producto\/juego-de-sombras\/","og_locale":"es_ES","og_type":"article","og_title":"Juego de sombras - Catalogo | Letrame Grupo Editorial","og_description":"ISBN:979-13-7012-350-5 SINOPSIS Juego de sombras - Un thriller de espionaje y geopol\u00edtica que cambiar\u00e1 tu visi\u00f3n del mundo. Cuando David, un joven analista y periodista, asiste a una feria de libros y juegos de mesa, jam\u00e1s imagina que est\u00e1 a punto de sumergirse en la conspiraci\u00f3n m\u00e1s grande del siglo XXI. Un misterioso juego de rol llamado Juego de sombras lo arrastra a una intriga internacional donde las estrategias pol\u00edticas, econ\u00f3micas y militares no son solo ficci\u00f3n. Lo que comienza como un entretenimiento se convierte en una batalla real por el futuro de Europa y el mundo. Las potencias globales, lideradas por Estados Unidos y Alemania, mueven los hilos para establecer un \u00fanico gobierno bajo su control, utilizando espionaje, chantajes y tecnolog\u00eda avanzada. Sin embargo, una resistencia secreta en Europa y otros rincones del mundo lucha por preservar la soberan\u00eda de las naciones. En un mundo donde la verdad y la mentira se entrelazan, David descubrir\u00e1 que no solo est\u00e1 jugando un juego... sino que ha estado siendo manipulado desde el principio. \u00bfPodr\u00e1 exponer la verdad antes de que sea demasiado tarde?","og_url":"https:\/\/letrame.com\/catalogo\/producto\/juego-de-sombras\/","og_site_name":"Catalogo | Letrame Grupo Editorial","article_modified_time":"2025-12-24T12:50:16+00:00","og_image":[{"width":1748,"height":2480,"url":"https:\/\/letrame.com\/catalogo\/wp-content\/uploads\/2025\/12\/juegodesombras_568mm4.jpg","type":"image\/jpeg"}],"twitter_card":"summary_large_image","twitter_misc":{"Tiempo de lectura":"1 minuto"},"schema":{"@context":"https:\/\/schema.org","@graph":[{"@type":"WebPage","@id":"https:\/\/letrame.com\/catalogo\/producto\/juego-de-sombras\/","url":"https:\/\/letrame.com\/catalogo\/producto\/juego-de-sombras\/","name":"Juego de sombras - Catalogo | Letrame Grupo Editorial","isPartOf":{"@id":"https:\/\/letrame.com\/catalogo\/#website"},"primaryImageOfPage":{"@id":"https:\/\/letrame.com\/catalogo\/producto\/juego-de-sombras\/#primaryimage"},"image":{"@id":"https:\/\/letrame.com\/catalogo\/producto\/juego-de-sombras\/#primaryimage"},"thumbnailUrl":"https:\/\/letrame.com\/catalogo\/wp-content\/uploads\/2025\/12\/juegodesombras_568mm4.jpg","datePublished":"2025-12-24T12:50:15+00:00","dateModified":"2025-12-24T12:50:16+00:00","breadcrumb":{"@id":"https:\/\/letrame.com\/catalogo\/producto\/juego-de-sombras\/#breadcrumb"},"inLanguage":"es","potentialAction":[{"@type":"ReadAction","target":["https:\/\/letrame.com\/catalogo\/producto\/juego-de-sombras\/"]}]},{"@type":"ImageObject","inLanguage":"es","@id":"https:\/\/letrame.com\/catalogo\/producto\/juego-de-sombras\/#primaryimage","url":"https:\/\/letrame.com\/catalogo\/wp-content\/uploads\/2025\/12\/juegodesombras_568mm4.jpg","contentUrl":"https:\/\/letrame.com\/catalogo\/wp-content\/uploads\/2025\/12\/juegodesombras_568mm4.jpg","width":1748,"height":2480},{"@type":"BreadcrumbList","@id":"https:\/\/letrame.com\/catalogo\/producto\/juego-de-sombras\/#breadcrumb","itemListElement":[{"@type":"ListItem","position":1,"name":"Portada","item":"https:\/\/letrame.com\/catalogo\/"},{"@type":"ListItem","position":2,"name":"Cat\u00e1logo","item":"https:\/\/letrame.com\/catalogo\/"},{"@type":"ListItem","position":3,"name":"Juego de sombras"}]},{"@type":"WebSite","@id":"https:\/\/letrame.com\/catalogo\/#website","url":"https:\/\/letrame.com\/catalogo\/","name":"Catalogo | Letrame Grupo Editorial","description":"","publisher":{"@id":"https:\/\/letrame.com\/catalogo\/#organization"},"potentialAction":[{"@type":"SearchAction","target":{"@type":"EntryPoint","urlTemplate":"https:\/\/letrame.com\/catalogo\/?s={search_term_string}"},"query-input":{"@type":"PropertyValueSpecification","valueRequired":true,"valueName":"search_term_string"}}],"inLanguage":"es"},{"@type":"Organization","@id":"https:\/\/letrame.com\/catalogo\/#organization","name":"Catalogo | Letrame Grupo Editorial","url":"https:\/\/letrame.com\/catalogo\/","logo":{"@type":"ImageObject","inLanguage":"es","@id":"https:\/\/letrame.com\/catalogo\/#\/schema\/logo\/image\/","url":"https:\/\/letrame.com\/catalogo\/wp-content\/uploads\/2024\/03\/logo2.webp","contentUrl":"https:\/\/letrame.com\/catalogo\/wp-content\/uploads\/2024\/03\/logo2.webp","width":394,"height":128,"caption":"Catalogo | Letrame Grupo Editorial"},"image":{"@id":"https:\/\/letrame.com\/catalogo\/#\/schema\/logo\/image\/"}}]}},"_links":{"self":[{"href":"https:\/\/letrame.com\/catalogo\/wp-json\/wp\/v2\/product\/110368","targetHints":{"allow":["GET"]}}],"collection":[{"href":"https:\/\/letrame.com\/catalogo\/wp-json\/wp\/v2\/product"}],"about":[{"href":"https:\/\/letrame.com\/catalogo\/wp-json\/wp\/v2\/types\/product"}],"replies":[{"embeddable":true,"href":"https:\/\/letrame.com\/catalogo\/wp-json\/wp\/v2\/comments?post=110368"}],"acf:post":[{"embeddable":true,"href":"https:\/\/letrame.com\/catalogo\/wp-json\/wp\/v2\/author_book\/110369"}],"wp:featuredmedia":[{"embeddable":true,"href":"https:\/\/letrame.com\/catalogo\/wp-json\/wp\/v2\/media\/110371"}],"wp:attachment":[{"href":"https:\/\/letrame.com\/catalogo\/wp-json\/wp\/v2\/media?parent=110368"}],"wp:term":[{"taxonomy":"libro","embeddable":true,"href":"https:\/\/letrame.com\/catalogo\/wp-json\/wp\/v2\/libro?post=110368"},{"taxonomy":"product_brand","embeddable":true,"href":"https:\/\/letrame.com\/catalogo\/wp-json\/wp\/v2\/product_brand?post=110368"},{"taxonomy":"product_cat","embeddable":true,"href":"https:\/\/letrame.com\/catalogo\/wp-json\/wp\/v2\/product_cat?post=110368"},{"taxonomy":"product_tag","embeddable":true,"href":"https:\/\/letrame.com\/catalogo\/wp-json\/wp\/v2\/product_tag?post=110368"}],"curies":[{"name":"wp","href":"https:\/\/api.w.org\/{rel}","templated":true}]}}