{"id":110323,"date":"2025-12-24T12:36:18","date_gmt":"2025-12-24T11:36:18","guid":{"rendered":"https:\/\/letrame.com\/catalogo\/?post_type=product&#038;p=110323"},"modified":"2025-12-24T12:36:18","modified_gmt":"2025-12-24T11:36:18","slug":"magic-seduction-manual-de-balas-magicas","status":"publish","type":"product","link":"https:\/\/letrame.com\/catalogo\/producto\/magic-seduction-manual-de-balas-magicas\/","title":{"rendered":"Magic seduction. Manual de balas m\u00e1gicas"},"content":{"rendered":"<p class=\"p1\"><b>ISBN:\u00a0<\/b>979-13-7012-647-6<\/p>\n<p class=\"p1\"><b>T\u00edtulo:\u00a0<\/b>Magic seduction. Manual de balas m\u00e1gicas<br \/>\n<b>Fecha:<\/b> 2025<br \/>\n<b>P\u00e1ginas:\u00a0<\/b>390<b><\/b><\/p>\n<p class=\"p1\"><b>SINOPSIS<\/b><b><\/b><\/p>\n<p>Magic Seduction es como esa hamburguesa que ves en los carteles antes de pedir en el restaurante. Es grande, llamativo y probablemente tiene mucha chicha dentro.<\/p>\n<p>\u00bfEs este libro un manual? Si, pero no se trata de un manual cualquiera, ya que a la vez tambi\u00e9n se puede considerar una divertida cr\u00edtica en forma de coloquio.<\/p>\n<p>En ella, se habla de seducci\u00f3n a trav\u00e9s de un alumno y un maestro que se re\u00fanen en un Starbucks para compartir diferentes puntos de vista sobre como seducir.<\/p>\n<p>A lo largo del coloquio, se sumar\u00e1n diferentes personajes pintorescos para dar sus respectivas opiniones. \u00bfAprender\u00e1s a seducir? A no ser que seas un mono gris, probablemente.<\/p>\n","protected":false},"excerpt":{"rendered":"<p class=\"p1\"><b>ISBN:\u00a0<\/b>979-13-7012-647-6<\/p>\n<p class=\"p1\"><b>SINOPSIS<\/b><b><\/b><\/p>\n<p>Magic Seduction es como esa hamburguesa que ves en los carteles antes de pedir en el restaurante. Es grande, llamativo y probablemente tiene mucha chicha dentro.<\/p>\n<p>\u00bfEs este libro un manual? Si, pero no se trata de un manual cualquiera, ya que a la vez tambi\u00e9n se puede considerar una divertida cr\u00edtica en forma de coloquio.<\/p>\n<p>En ella, se habla de seducci\u00f3n a trav\u00e9s de un alumno y un maestro que se re\u00fanen en un Starbucks para compartir diferentes puntos de vista sobre como seducir.<\/p>\n<p>A lo largo del coloquio, se sumar\u00e1n diferentes personajes pintorescos para dar sus respectivas opiniones. \u00bfAprender\u00e1s a seducir? A no ser que seas un mono gris, probablemente.<\/p>\n","protected":false},"featured_media":110327,"comment_status":"open","ping_status":"closed","template":"","meta":{"_acf_changed":false},"libro":[],"product_brand":[],"product_cat":[113],"product_tag":[],"class_list":{"0":"post-110323","1":"product","2":"type-product","3":"status-publish","4":"has-post-thumbnail","6":"product_cat-educacion","8":"first","9":"instock","10":"shipping-taxable","11":"product-type-simple"},"acf":{"autor":[110324],"enlace_de_compra":"https:\/\/www.amazon.es\/Magic-seduction-Manual-balas-m%C3%A1gicas\/dp\/B0FHKJLQ48\/ref=tmm_pap_swatch_0?_encoding=UTF8&dib_tag=se&dib=eyJ2IjoiMSJ9.CCCj6vGgkcVTGiNKFgPAvFzpieGx0RaADIh8KsVyEwDwr2_95MRJ_dimVYNoMijdO5Riv9ya3qCtFQiiZYIH70uXc6tQ5WLfnwpPpvYDnE0ynBfcqW920PXGylhhI738MXVfl-Kksm3ETP9pOi2YCg.Ko46ojYA8Skrwncn7G5aVGfmv5IfS4jSBSoU-KTXblc&qid=1766575860&sr=1-4"},"yoast_head":"<!-- This site is optimized with the Yoast SEO plugin v26.6 - https:\/\/yoast.com\/wordpress\/plugins\/seo\/ -->\n<title>Magic seduction. Manual de balas m\u00e1gicas - Catalogo | Letrame Grupo Editorial<\/title>\n<meta name=\"robots\" content=\"index, follow, max-snippet:-1, max-image-preview:large, max-video-preview:-1\" \/>\n<link rel=\"canonical\" href=\"https:\/\/letrame.com\/catalogo\/producto\/magic-seduction-manual-de-balas-magicas\/\" \/>\n<meta property=\"og:locale\" content=\"es_ES\" \/>\n<meta property=\"og:type\" content=\"article\" \/>\n<meta property=\"og:title\" content=\"Magic seduction. Manual de balas m\u00e1gicas - Catalogo | Letrame Grupo Editorial\" \/>\n<meta property=\"og:description\" content=\"ISBN:\u00a0979-13-7012-647-6 SINOPSIS Magic Seduction es como esa hamburguesa que ves en los carteles antes de pedir en el restaurante. Es grande, llamativo y probablemente tiene mucha chicha dentro.  \u00bfEs este libro un manual? Si, pero no se trata de un manual cualquiera, ya que a la vez tambi\u00e9n se puede considerar una divertida cr\u00edtica en forma de coloquio.  En ella, se habla de seducci\u00f3n a trav\u00e9s de un alumno y un maestro que se re\u00fanen en un Starbucks para compartir diferentes puntos de vista sobre como seducir.  A lo largo del coloquio, se sumar\u00e1n diferentes personajes pintorescos para dar sus respectivas opiniones. \u00bfAprender\u00e1s a seducir? A no ser que seas un mono gris, probablemente.\" \/>\n<meta property=\"og:url\" content=\"https:\/\/letrame.com\/catalogo\/producto\/magic-seduction-manual-de-balas-magicas\/\" \/>\n<meta property=\"og:site_name\" content=\"Catalogo | Letrame Grupo Editorial\" \/>\n<meta property=\"og:image\" content=\"https:\/\/letrame.com\/catalogo\/wp-content\/uploads\/2025\/12\/p_magicseduction_191mm-scaled.jpg\" \/>\n\t<meta property=\"og:image:width\" content=\"1746\" \/>\n\t<meta property=\"og:image:height\" content=\"2560\" \/>\n\t<meta property=\"og:image:type\" content=\"image\/jpeg\" \/>\n<meta name=\"twitter:card\" content=\"summary_large_image\" \/>\n<meta name=\"twitter:label1\" content=\"Tiempo de lectura\" \/>\n\t<meta name=\"twitter:data1\" content=\"1 minuto\" \/>\n<script type=\"application\/ld+json\" class=\"yoast-schema-graph\">{\"@context\":\"https:\/\/schema.org\",\"@graph\":[{\"@type\":\"WebPage\",\"@id\":\"https:\/\/letrame.com\/catalogo\/producto\/magic-seduction-manual-de-balas-magicas\/\",\"url\":\"https:\/\/letrame.com\/catalogo\/producto\/magic-seduction-manual-de-balas-magicas\/\",\"name\":\"Magic seduction. Manual de balas m\u00e1gicas - Catalogo | Letrame Grupo Editorial\",\"isPartOf\":{\"@id\":\"https:\/\/letrame.com\/catalogo\/#website\"},\"primaryImageOfPage\":{\"@id\":\"https:\/\/letrame.com\/catalogo\/producto\/magic-seduction-manual-de-balas-magicas\/#primaryimage\"},\"image\":{\"@id\":\"https:\/\/letrame.com\/catalogo\/producto\/magic-seduction-manual-de-balas-magicas\/#primaryimage\"},\"thumbnailUrl\":\"https:\/\/letrame.com\/catalogo\/wp-content\/uploads\/2025\/12\/p_magicseduction_191mm-scaled.jpg\",\"datePublished\":\"2025-12-24T11:36:18+00:00\",\"breadcrumb\":{\"@id\":\"https:\/\/letrame.com\/catalogo\/producto\/magic-seduction-manual-de-balas-magicas\/#breadcrumb\"},\"inLanguage\":\"es\",\"potentialAction\":[{\"@type\":\"ReadAction\",\"target\":[\"https:\/\/letrame.com\/catalogo\/producto\/magic-seduction-manual-de-balas-magicas\/\"]}]},{\"@type\":\"ImageObject\",\"inLanguage\":\"es\",\"@id\":\"https:\/\/letrame.com\/catalogo\/producto\/magic-seduction-manual-de-balas-magicas\/#primaryimage\",\"url\":\"https:\/\/letrame.com\/catalogo\/wp-content\/uploads\/2025\/12\/p_magicseduction_191mm-scaled.jpg\",\"contentUrl\":\"https:\/\/letrame.com\/catalogo\/wp-content\/uploads\/2025\/12\/p_magicseduction_191mm-scaled.jpg\",\"width\":1746,\"height\":2560},{\"@type\":\"BreadcrumbList\",\"@id\":\"https:\/\/letrame.com\/catalogo\/producto\/magic-seduction-manual-de-balas-magicas\/#breadcrumb\",\"itemListElement\":[{\"@type\":\"ListItem\",\"position\":1,\"name\":\"Portada\",\"item\":\"https:\/\/letrame.com\/catalogo\/\"},{\"@type\":\"ListItem\",\"position\":2,\"name\":\"Cat\u00e1logo\",\"item\":\"https:\/\/letrame.com\/catalogo\/\"},{\"@type\":\"ListItem\",\"position\":3,\"name\":\"Magic seduction. Manual de balas m\u00e1gicas\"}]},{\"@type\":\"WebSite\",\"@id\":\"https:\/\/letrame.com\/catalogo\/#website\",\"url\":\"https:\/\/letrame.com\/catalogo\/\",\"name\":\"Catalogo | Letrame Grupo Editorial\",\"description\":\"\",\"publisher\":{\"@id\":\"https:\/\/letrame.com\/catalogo\/#organization\"},\"potentialAction\":[{\"@type\":\"SearchAction\",\"target\":{\"@type\":\"EntryPoint\",\"urlTemplate\":\"https:\/\/letrame.com\/catalogo\/?s={search_term_string}\"},\"query-input\":{\"@type\":\"PropertyValueSpecification\",\"valueRequired\":true,\"valueName\":\"search_term_string\"}}],\"inLanguage\":\"es\"},{\"@type\":\"Organization\",\"@id\":\"https:\/\/letrame.com\/catalogo\/#organization\",\"name\":\"Catalogo | Letrame Grupo Editorial\",\"url\":\"https:\/\/letrame.com\/catalogo\/\",\"logo\":{\"@type\":\"ImageObject\",\"inLanguage\":\"es\",\"@id\":\"https:\/\/letrame.com\/catalogo\/#\/schema\/logo\/image\/\",\"url\":\"https:\/\/letrame.com\/catalogo\/wp-content\/uploads\/2024\/03\/logo2.webp\",\"contentUrl\":\"https:\/\/letrame.com\/catalogo\/wp-content\/uploads\/2024\/03\/logo2.webp\",\"width\":394,\"height\":128,\"caption\":\"Catalogo | Letrame Grupo Editorial\"},\"image\":{\"@id\":\"https:\/\/letrame.com\/catalogo\/#\/schema\/logo\/image\/\"}}]}<\/script>\n<!-- \/ Yoast SEO plugin. -->","yoast_head_json":{"title":"Magic seduction. Manual de balas m\u00e1gicas - Catalogo | Letrame Grupo Editorial","robots":{"index":"index","follow":"follow","max-snippet":"max-snippet:-1","max-image-preview":"max-image-preview:large","max-video-preview":"max-video-preview:-1"},"canonical":"https:\/\/letrame.com\/catalogo\/producto\/magic-seduction-manual-de-balas-magicas\/","og_locale":"es_ES","og_type":"article","og_title":"Magic seduction. Manual de balas m\u00e1gicas - Catalogo | Letrame Grupo Editorial","og_description":"ISBN:\u00a0979-13-7012-647-6 SINOPSIS Magic Seduction es como esa hamburguesa que ves en los carteles antes de pedir en el restaurante. Es grande, llamativo y probablemente tiene mucha chicha dentro.  \u00bfEs este libro un manual? Si, pero no se trata de un manual cualquiera, ya que a la vez tambi\u00e9n se puede considerar una divertida cr\u00edtica en forma de coloquio.  En ella, se habla de seducci\u00f3n a trav\u00e9s de un alumno y un maestro que se re\u00fanen en un Starbucks para compartir diferentes puntos de vista sobre como seducir.  A lo largo del coloquio, se sumar\u00e1n diferentes personajes pintorescos para dar sus respectivas opiniones. \u00bfAprender\u00e1s a seducir? A no ser que seas un mono gris, probablemente.","og_url":"https:\/\/letrame.com\/catalogo\/producto\/magic-seduction-manual-de-balas-magicas\/","og_site_name":"Catalogo | Letrame Grupo Editorial","og_image":[{"width":1746,"height":2560,"url":"https:\/\/letrame.com\/catalogo\/wp-content\/uploads\/2025\/12\/p_magicseduction_191mm-scaled.jpg","type":"image\/jpeg"}],"twitter_card":"summary_large_image","twitter_misc":{"Tiempo de lectura":"1 minuto"},"schema":{"@context":"https:\/\/schema.org","@graph":[{"@type":"WebPage","@id":"https:\/\/letrame.com\/catalogo\/producto\/magic-seduction-manual-de-balas-magicas\/","url":"https:\/\/letrame.com\/catalogo\/producto\/magic-seduction-manual-de-balas-magicas\/","name":"Magic seduction. Manual de balas m\u00e1gicas - Catalogo | Letrame Grupo Editorial","isPartOf":{"@id":"https:\/\/letrame.com\/catalogo\/#website"},"primaryImageOfPage":{"@id":"https:\/\/letrame.com\/catalogo\/producto\/magic-seduction-manual-de-balas-magicas\/#primaryimage"},"image":{"@id":"https:\/\/letrame.com\/catalogo\/producto\/magic-seduction-manual-de-balas-magicas\/#primaryimage"},"thumbnailUrl":"https:\/\/letrame.com\/catalogo\/wp-content\/uploads\/2025\/12\/p_magicseduction_191mm-scaled.jpg","datePublished":"2025-12-24T11:36:18+00:00","breadcrumb":{"@id":"https:\/\/letrame.com\/catalogo\/producto\/magic-seduction-manual-de-balas-magicas\/#breadcrumb"},"inLanguage":"es","potentialAction":[{"@type":"ReadAction","target":["https:\/\/letrame.com\/catalogo\/producto\/magic-seduction-manual-de-balas-magicas\/"]}]},{"@type":"ImageObject","inLanguage":"es","@id":"https:\/\/letrame.com\/catalogo\/producto\/magic-seduction-manual-de-balas-magicas\/#primaryimage","url":"https:\/\/letrame.com\/catalogo\/wp-content\/uploads\/2025\/12\/p_magicseduction_191mm-scaled.jpg","contentUrl":"https:\/\/letrame.com\/catalogo\/wp-content\/uploads\/2025\/12\/p_magicseduction_191mm-scaled.jpg","width":1746,"height":2560},{"@type":"BreadcrumbList","@id":"https:\/\/letrame.com\/catalogo\/producto\/magic-seduction-manual-de-balas-magicas\/#breadcrumb","itemListElement":[{"@type":"ListItem","position":1,"name":"Portada","item":"https:\/\/letrame.com\/catalogo\/"},{"@type":"ListItem","position":2,"name":"Cat\u00e1logo","item":"https:\/\/letrame.com\/catalogo\/"},{"@type":"ListItem","position":3,"name":"Magic seduction. Manual de balas m\u00e1gicas"}]},{"@type":"WebSite","@id":"https:\/\/letrame.com\/catalogo\/#website","url":"https:\/\/letrame.com\/catalogo\/","name":"Catalogo | Letrame Grupo Editorial","description":"","publisher":{"@id":"https:\/\/letrame.com\/catalogo\/#organization"},"potentialAction":[{"@type":"SearchAction","target":{"@type":"EntryPoint","urlTemplate":"https:\/\/letrame.com\/catalogo\/?s={search_term_string}"},"query-input":{"@type":"PropertyValueSpecification","valueRequired":true,"valueName":"search_term_string"}}],"inLanguage":"es"},{"@type":"Organization","@id":"https:\/\/letrame.com\/catalogo\/#organization","name":"Catalogo | Letrame Grupo Editorial","url":"https:\/\/letrame.com\/catalogo\/","logo":{"@type":"ImageObject","inLanguage":"es","@id":"https:\/\/letrame.com\/catalogo\/#\/schema\/logo\/image\/","url":"https:\/\/letrame.com\/catalogo\/wp-content\/uploads\/2024\/03\/logo2.webp","contentUrl":"https:\/\/letrame.com\/catalogo\/wp-content\/uploads\/2024\/03\/logo2.webp","width":394,"height":128,"caption":"Catalogo | Letrame Grupo Editorial"},"image":{"@id":"https:\/\/letrame.com\/catalogo\/#\/schema\/logo\/image\/"}}]}},"_links":{"self":[{"href":"https:\/\/letrame.com\/catalogo\/wp-json\/wp\/v2\/product\/110323","targetHints":{"allow":["GET"]}}],"collection":[{"href":"https:\/\/letrame.com\/catalogo\/wp-json\/wp\/v2\/product"}],"about":[{"href":"https:\/\/letrame.com\/catalogo\/wp-json\/wp\/v2\/types\/product"}],"replies":[{"embeddable":true,"href":"https:\/\/letrame.com\/catalogo\/wp-json\/wp\/v2\/comments?post=110323"}],"acf:post":[{"embeddable":true,"href":"https:\/\/letrame.com\/catalogo\/wp-json\/wp\/v2\/author_book\/110324"}],"wp:featuredmedia":[{"embeddable":true,"href":"https:\/\/letrame.com\/catalogo\/wp-json\/wp\/v2\/media\/110327"}],"wp:attachment":[{"href":"https:\/\/letrame.com\/catalogo\/wp-json\/wp\/v2\/media?parent=110323"}],"wp:term":[{"taxonomy":"libro","embeddable":true,"href":"https:\/\/letrame.com\/catalogo\/wp-json\/wp\/v2\/libro?post=110323"},{"taxonomy":"product_brand","embeddable":true,"href":"https:\/\/letrame.com\/catalogo\/wp-json\/wp\/v2\/product_brand?post=110323"},{"taxonomy":"product_cat","embeddable":true,"href":"https:\/\/letrame.com\/catalogo\/wp-json\/wp\/v2\/product_cat?post=110323"},{"taxonomy":"product_tag","embeddable":true,"href":"https:\/\/letrame.com\/catalogo\/wp-json\/wp\/v2\/product_tag?post=110323"}],"curies":[{"name":"wp","href":"https:\/\/api.w.org\/{rel}","templated":true}]}}