{"id":110305,"date":"2025-12-24T12:18:39","date_gmt":"2025-12-24T11:18:39","guid":{"rendered":"https:\/\/letrame.com\/catalogo\/?post_type=product&#038;p=110305"},"modified":"2025-12-24T12:18:40","modified_gmt":"2025-12-24T11:18:40","slug":"memorias-de-un-nino-de-la-guineueta","status":"publish","type":"product","link":"https:\/\/letrame.com\/catalogo\/producto\/memorias-de-un-nino-de-la-guineueta\/","title":{"rendered":"Memorias de un ni\u00f1o de la Guineueta"},"content":{"rendered":"<p class=\"p1\"><b>ISBN: <\/b>979-13-7012-498-4<\/p>\n<p class=\"p1\"><b>T\u00edtulo:\u00a0<\/b>Memorias de un ni\u00f1o de la Guineueta<br \/>\n<b>Fecha:\u00a0<\/b>2025<br \/>\n<b>P\u00e1ginas:\u00a0<\/b>246<b><\/b><\/p>\n<p class=\"p1\"><b>SINOPSIS<\/b><b><\/b><\/p>\n<p>Memorias de un ni\u00f1o de la Guineueta nos traslada a los primeros a\u00f1os de una barriada de gente obrera, en los inicios de la d\u00e9cada de los 60, recordando lugares que ya han desaparecido, como la mas\u00eda Can Guineueta, el cine Paladium o el club Madison, relatando vivencias, costumbres, acontecimientos y an\u00e9cdotas en una \u00e9poca en la que los ni\u00f1os jugaban en la calle.<\/p>\n<p>El relato nos hace, al mismo tiempo, un recorrido de lo que fue la ni\u00f1ez, adolescencia y juventud de ese ni\u00f1o que creci\u00f3 y vivi\u00f3 en la Guineueta en las d\u00e9cadas de los 60, 70 y 80, de su entorno social y familiar, sus compa\u00f1eros de juegos, sus estudios en la Academia Molina y sus experiencias en su primer trabajo, a sus 14 a\u00f1os, lejos del barrio.<\/p>\n<p>No falta, en estas memorias, una cronolog\u00eda de la m\u00fasica y de su influencia en las diferentes \u00e9pocas de su vida, desde The Beatles o Los Bravos, en los a\u00f1os 60, que escuchaba de ni\u00f1o en un transistor Lavis en el balc\u00f3n de su casa, hasta la m\u00fasica disco, funky, y tecno que pinchaba en los a\u00f1os 80 siendo disc-jockey en la discoteca Hiroshima de Comarruga.<\/p>\n<p>Memorias de un ni\u00f1o de la Guineueta es el testimonio de una \u00e9poca entra\u00f1able para los m\u00e1s mayores, que, al mismo tiempo, ofrece a los m\u00e1s j\u00f3venes una visi\u00f3n de un tiempo que no siendo tan lejano fue muy diferente a la realidad actual.<\/p>\n","protected":false},"excerpt":{"rendered":"<p class=\"p1\"><b>ISBN: <\/b>979-13-7012-498-4<\/p>\n<p class=\"p1\"><b>SINOPSIS<\/b><b><\/b><\/p>\n<p>Memorias de un ni\u00f1o de la Guineueta nos traslada a los primeros a\u00f1os de una barriada de gente obrera, en los inicios de la d\u00e9cada de los 60, recordando lugares que ya han desaparecido, como la mas\u00eda Can Guineueta, el cine Paladium o el club Madison, relatando vivencias, costumbres, acontecimientos y an\u00e9cdotas en una \u00e9poca en la que los ni\u00f1os jugaban en la calle.<\/p>\n<p>El relato nos hace, al mismo tiempo, un recorrido de lo que fue la ni\u00f1ez, adolescencia y juventud de ese ni\u00f1o que creci\u00f3 y vivi\u00f3 en la Guineueta en las d\u00e9cadas de los 60, 70 y 80, de su entorno social y familiar, sus compa\u00f1eros de juegos, sus estudios en la Academia Molina y sus experiencias en su primer trabajo, a sus 14 a\u00f1os, lejos del barrio.<\/p>\n<p>No falta, en estas memorias, una cronolog\u00eda de la m\u00fasica y de su influencia en las diferentes \u00e9pocas de su vida, desde The Beatles o Los Bravos, en los a\u00f1os 60, que escuchaba de ni\u00f1o en un transistor Lavis en el balc\u00f3n de su casa, hasta la m\u00fasica disco, funky, y tecno que pinchaba en los a\u00f1os 80 siendo disc-jockey en la discoteca Hiroshima de Comarruga.<\/p>\n<p>Memorias de un ni\u00f1o de la Guineueta es el testimonio de una \u00e9poca entra\u00f1able para los m\u00e1s mayores, que, al mismo tiempo, ofrece a los m\u00e1s j\u00f3venes una visi\u00f3n de un tiempo que no siendo tan lejano fue muy diferente a la realidad actual.<\/p>\n","protected":false},"featured_media":110309,"comment_status":"open","ping_status":"closed","template":"","meta":{"_acf_changed":false},"libro":[],"product_brand":[],"product_cat":[59],"product_tag":[],"class_list":{"0":"post-110305","1":"product","2":"type-product","3":"status-publish","4":"has-post-thumbnail","6":"product_cat-memorias","8":"first","9":"instock","10":"shipping-taxable","11":"product-type-simple"},"acf":{"autor":[110306],"enlace_de_compra":"https:\/\/www.amazon.es\/Memorias-Guineueta-Francisco-Rodr%C3%ADguez-%C3%81lvarez\/dp\/B0FJ5DQ1DL\/ref=sr_1_1?__mk_es_ES=%C3%85M%C3%85%C5%BD%C3%95%C3%91&crid=398QCP940EOV&dib=eyJ2IjoiMSJ9.C-qyk_QpsuZCW9MWEjRq2w.q6extcDmMNE_xGJDCfVd6hMrafXHS3yYC92x6faJ8UY&dib_tag=se&keywords=Memorias+de+un+Ni%C3%B1o+de+La+Guineueta&qid=1766574730&s=books&sprefix=memorias+de+un+ni%C3%B1o+de+la+guineueta%2Cstripbooks%2C325&sr=1-1"},"yoast_head":"<!-- This site is optimized with the Yoast SEO plugin v26.6 - https:\/\/yoast.com\/wordpress\/plugins\/seo\/ -->\n<title>Memorias de un ni\u00f1o de la Guineueta - Catalogo | Letrame Grupo Editorial<\/title>\n<meta name=\"robots\" content=\"index, follow, max-snippet:-1, max-image-preview:large, max-video-preview:-1\" \/>\n<link rel=\"canonical\" href=\"https:\/\/letrame.com\/catalogo\/producto\/memorias-de-un-nino-de-la-guineueta\/\" \/>\n<meta property=\"og:locale\" content=\"es_ES\" \/>\n<meta property=\"og:type\" content=\"article\" \/>\n<meta property=\"og:title\" content=\"Memorias de un ni\u00f1o de la Guineueta - Catalogo | Letrame Grupo Editorial\" \/>\n<meta property=\"og:description\" content=\"ISBN: 979-13-7012-498-4 SINOPSIS Memorias de un ni\u00f1o de la Guineueta nos traslada a los primeros a\u00f1os de una barriada de gente obrera, en los inicios de la d\u00e9cada de los 60, recordando lugares que ya han desaparecido, como la mas\u00eda Can Guineueta, el cine Paladium o el club Madison, relatando vivencias, costumbres, acontecimientos y an\u00e9cdotas en una \u00e9poca en la que los ni\u00f1os jugaban en la calle.  El relato nos hace, al mismo tiempo, un recorrido de lo que fue la ni\u00f1ez, adolescencia y juventud de ese ni\u00f1o que creci\u00f3 y vivi\u00f3 en la Guineueta en las d\u00e9cadas de los 60, 70 y 80, de su entorno social y familiar, sus compa\u00f1eros de juegos, sus estudios en la Academia Molina y sus experiencias en su primer trabajo, a sus 14 a\u00f1os, lejos del barrio.  No falta, en estas memorias, una cronolog\u00eda de la m\u00fasica y de su influencia en las diferentes \u00e9pocas de su vida, desde The Beatles o Los Bravos, en los a\u00f1os 60, que escuchaba de ni\u00f1o en un transistor Lavis en el balc\u00f3n de su casa, hasta la m\u00fasica disco, funky, y tecno que pinchaba en los a\u00f1os 80 siendo disc-jockey en la discoteca Hiroshima de Comarruga.  Memorias de un ni\u00f1o de la Guineueta es el testimonio de una \u00e9poca entra\u00f1able para los m\u00e1s mayores, que, al mismo tiempo, ofrece a los m\u00e1s j\u00f3venes una visi\u00f3n de un tiempo que no siendo tan lejano fue muy diferente a la realidad actual.\" \/>\n<meta property=\"og:url\" content=\"https:\/\/letrame.com\/catalogo\/producto\/memorias-de-un-nino-de-la-guineueta\/\" \/>\n<meta property=\"og:site_name\" content=\"Catalogo | Letrame Grupo Editorial\" \/>\n<meta property=\"article:modified_time\" content=\"2025-12-24T11:18:40+00:00\" \/>\n<meta property=\"og:image\" content=\"https:\/\/letrame.com\/catalogo\/wp-content\/uploads\/2025\/12\/Memoriasdeunnino_1242mm4-scaled.jpg\" \/>\n\t<meta property=\"og:image:width\" content=\"1746\" \/>\n\t<meta property=\"og:image:height\" content=\"2560\" \/>\n\t<meta property=\"og:image:type\" content=\"image\/jpeg\" \/>\n<meta name=\"twitter:card\" content=\"summary_large_image\" \/>\n<meta name=\"twitter:label1\" content=\"Tiempo de lectura\" \/>\n\t<meta name=\"twitter:data1\" content=\"2 minutos\" \/>\n<script type=\"application\/ld+json\" class=\"yoast-schema-graph\">{\"@context\":\"https:\/\/schema.org\",\"@graph\":[{\"@type\":\"WebPage\",\"@id\":\"https:\/\/letrame.com\/catalogo\/producto\/memorias-de-un-nino-de-la-guineueta\/\",\"url\":\"https:\/\/letrame.com\/catalogo\/producto\/memorias-de-un-nino-de-la-guineueta\/\",\"name\":\"Memorias de un ni\u00f1o de la Guineueta - Catalogo | Letrame Grupo Editorial\",\"isPartOf\":{\"@id\":\"https:\/\/letrame.com\/catalogo\/#website\"},\"primaryImageOfPage\":{\"@id\":\"https:\/\/letrame.com\/catalogo\/producto\/memorias-de-un-nino-de-la-guineueta\/#primaryimage\"},\"image\":{\"@id\":\"https:\/\/letrame.com\/catalogo\/producto\/memorias-de-un-nino-de-la-guineueta\/#primaryimage\"},\"thumbnailUrl\":\"https:\/\/letrame.com\/catalogo\/wp-content\/uploads\/2025\/12\/Memoriasdeunnino_1242mm4-scaled.jpg\",\"datePublished\":\"2025-12-24T11:18:39+00:00\",\"dateModified\":\"2025-12-24T11:18:40+00:00\",\"breadcrumb\":{\"@id\":\"https:\/\/letrame.com\/catalogo\/producto\/memorias-de-un-nino-de-la-guineueta\/#breadcrumb\"},\"inLanguage\":\"es\",\"potentialAction\":[{\"@type\":\"ReadAction\",\"target\":[\"https:\/\/letrame.com\/catalogo\/producto\/memorias-de-un-nino-de-la-guineueta\/\"]}]},{\"@type\":\"ImageObject\",\"inLanguage\":\"es\",\"@id\":\"https:\/\/letrame.com\/catalogo\/producto\/memorias-de-un-nino-de-la-guineueta\/#primaryimage\",\"url\":\"https:\/\/letrame.com\/catalogo\/wp-content\/uploads\/2025\/12\/Memoriasdeunnino_1242mm4-scaled.jpg\",\"contentUrl\":\"https:\/\/letrame.com\/catalogo\/wp-content\/uploads\/2025\/12\/Memoriasdeunnino_1242mm4-scaled.jpg\",\"width\":1746,\"height\":2560},{\"@type\":\"BreadcrumbList\",\"@id\":\"https:\/\/letrame.com\/catalogo\/producto\/memorias-de-un-nino-de-la-guineueta\/#breadcrumb\",\"itemListElement\":[{\"@type\":\"ListItem\",\"position\":1,\"name\":\"Portada\",\"item\":\"https:\/\/letrame.com\/catalogo\/\"},{\"@type\":\"ListItem\",\"position\":2,\"name\":\"Cat\u00e1logo\",\"item\":\"https:\/\/letrame.com\/catalogo\/\"},{\"@type\":\"ListItem\",\"position\":3,\"name\":\"Memorias de un ni\u00f1o de la Guineueta\"}]},{\"@type\":\"WebSite\",\"@id\":\"https:\/\/letrame.com\/catalogo\/#website\",\"url\":\"https:\/\/letrame.com\/catalogo\/\",\"name\":\"Catalogo | Letrame Grupo Editorial\",\"description\":\"\",\"publisher\":{\"@id\":\"https:\/\/letrame.com\/catalogo\/#organization\"},\"potentialAction\":[{\"@type\":\"SearchAction\",\"target\":{\"@type\":\"EntryPoint\",\"urlTemplate\":\"https:\/\/letrame.com\/catalogo\/?s={search_term_string}\"},\"query-input\":{\"@type\":\"PropertyValueSpecification\",\"valueRequired\":true,\"valueName\":\"search_term_string\"}}],\"inLanguage\":\"es\"},{\"@type\":\"Organization\",\"@id\":\"https:\/\/letrame.com\/catalogo\/#organization\",\"name\":\"Catalogo | Letrame Grupo Editorial\",\"url\":\"https:\/\/letrame.com\/catalogo\/\",\"logo\":{\"@type\":\"ImageObject\",\"inLanguage\":\"es\",\"@id\":\"https:\/\/letrame.com\/catalogo\/#\/schema\/logo\/image\/\",\"url\":\"https:\/\/letrame.com\/catalogo\/wp-content\/uploads\/2024\/03\/logo2.webp\",\"contentUrl\":\"https:\/\/letrame.com\/catalogo\/wp-content\/uploads\/2024\/03\/logo2.webp\",\"width\":394,\"height\":128,\"caption\":\"Catalogo | Letrame Grupo Editorial\"},\"image\":{\"@id\":\"https:\/\/letrame.com\/catalogo\/#\/schema\/logo\/image\/\"}}]}<\/script>\n<!-- \/ Yoast SEO plugin. -->","yoast_head_json":{"title":"Memorias de un ni\u00f1o de la Guineueta - Catalogo | Letrame Grupo Editorial","robots":{"index":"index","follow":"follow","max-snippet":"max-snippet:-1","max-image-preview":"max-image-preview:large","max-video-preview":"max-video-preview:-1"},"canonical":"https:\/\/letrame.com\/catalogo\/producto\/memorias-de-un-nino-de-la-guineueta\/","og_locale":"es_ES","og_type":"article","og_title":"Memorias de un ni\u00f1o de la Guineueta - Catalogo | Letrame Grupo Editorial","og_description":"ISBN: 979-13-7012-498-4 SINOPSIS Memorias de un ni\u00f1o de la Guineueta nos traslada a los primeros a\u00f1os de una barriada de gente obrera, en los inicios de la d\u00e9cada de los 60, recordando lugares que ya han desaparecido, como la mas\u00eda Can Guineueta, el cine Paladium o el club Madison, relatando vivencias, costumbres, acontecimientos y an\u00e9cdotas en una \u00e9poca en la que los ni\u00f1os jugaban en la calle.  El relato nos hace, al mismo tiempo, un recorrido de lo que fue la ni\u00f1ez, adolescencia y juventud de ese ni\u00f1o que creci\u00f3 y vivi\u00f3 en la Guineueta en las d\u00e9cadas de los 60, 70 y 80, de su entorno social y familiar, sus compa\u00f1eros de juegos, sus estudios en la Academia Molina y sus experiencias en su primer trabajo, a sus 14 a\u00f1os, lejos del barrio.  No falta, en estas memorias, una cronolog\u00eda de la m\u00fasica y de su influencia en las diferentes \u00e9pocas de su vida, desde The Beatles o Los Bravos, en los a\u00f1os 60, que escuchaba de ni\u00f1o en un transistor Lavis en el balc\u00f3n de su casa, hasta la m\u00fasica disco, funky, y tecno que pinchaba en los a\u00f1os 80 siendo disc-jockey en la discoteca Hiroshima de Comarruga.  Memorias de un ni\u00f1o de la Guineueta es el testimonio de una \u00e9poca entra\u00f1able para los m\u00e1s mayores, que, al mismo tiempo, ofrece a los m\u00e1s j\u00f3venes una visi\u00f3n de un tiempo que no siendo tan lejano fue muy diferente a la realidad actual.","og_url":"https:\/\/letrame.com\/catalogo\/producto\/memorias-de-un-nino-de-la-guineueta\/","og_site_name":"Catalogo | Letrame Grupo Editorial","article_modified_time":"2025-12-24T11:18:40+00:00","og_image":[{"width":1746,"height":2560,"url":"https:\/\/letrame.com\/catalogo\/wp-content\/uploads\/2025\/12\/Memoriasdeunnino_1242mm4-scaled.jpg","type":"image\/jpeg"}],"twitter_card":"summary_large_image","twitter_misc":{"Tiempo de lectura":"2 minutos"},"schema":{"@context":"https:\/\/schema.org","@graph":[{"@type":"WebPage","@id":"https:\/\/letrame.com\/catalogo\/producto\/memorias-de-un-nino-de-la-guineueta\/","url":"https:\/\/letrame.com\/catalogo\/producto\/memorias-de-un-nino-de-la-guineueta\/","name":"Memorias de un ni\u00f1o de la Guineueta - Catalogo | Letrame Grupo Editorial","isPartOf":{"@id":"https:\/\/letrame.com\/catalogo\/#website"},"primaryImageOfPage":{"@id":"https:\/\/letrame.com\/catalogo\/producto\/memorias-de-un-nino-de-la-guineueta\/#primaryimage"},"image":{"@id":"https:\/\/letrame.com\/catalogo\/producto\/memorias-de-un-nino-de-la-guineueta\/#primaryimage"},"thumbnailUrl":"https:\/\/letrame.com\/catalogo\/wp-content\/uploads\/2025\/12\/Memoriasdeunnino_1242mm4-scaled.jpg","datePublished":"2025-12-24T11:18:39+00:00","dateModified":"2025-12-24T11:18:40+00:00","breadcrumb":{"@id":"https:\/\/letrame.com\/catalogo\/producto\/memorias-de-un-nino-de-la-guineueta\/#breadcrumb"},"inLanguage":"es","potentialAction":[{"@type":"ReadAction","target":["https:\/\/letrame.com\/catalogo\/producto\/memorias-de-un-nino-de-la-guineueta\/"]}]},{"@type":"ImageObject","inLanguage":"es","@id":"https:\/\/letrame.com\/catalogo\/producto\/memorias-de-un-nino-de-la-guineueta\/#primaryimage","url":"https:\/\/letrame.com\/catalogo\/wp-content\/uploads\/2025\/12\/Memoriasdeunnino_1242mm4-scaled.jpg","contentUrl":"https:\/\/letrame.com\/catalogo\/wp-content\/uploads\/2025\/12\/Memoriasdeunnino_1242mm4-scaled.jpg","width":1746,"height":2560},{"@type":"BreadcrumbList","@id":"https:\/\/letrame.com\/catalogo\/producto\/memorias-de-un-nino-de-la-guineueta\/#breadcrumb","itemListElement":[{"@type":"ListItem","position":1,"name":"Portada","item":"https:\/\/letrame.com\/catalogo\/"},{"@type":"ListItem","position":2,"name":"Cat\u00e1logo","item":"https:\/\/letrame.com\/catalogo\/"},{"@type":"ListItem","position":3,"name":"Memorias de un ni\u00f1o de la Guineueta"}]},{"@type":"WebSite","@id":"https:\/\/letrame.com\/catalogo\/#website","url":"https:\/\/letrame.com\/catalogo\/","name":"Catalogo | Letrame Grupo Editorial","description":"","publisher":{"@id":"https:\/\/letrame.com\/catalogo\/#organization"},"potentialAction":[{"@type":"SearchAction","target":{"@type":"EntryPoint","urlTemplate":"https:\/\/letrame.com\/catalogo\/?s={search_term_string}"},"query-input":{"@type":"PropertyValueSpecification","valueRequired":true,"valueName":"search_term_string"}}],"inLanguage":"es"},{"@type":"Organization","@id":"https:\/\/letrame.com\/catalogo\/#organization","name":"Catalogo | Letrame Grupo Editorial","url":"https:\/\/letrame.com\/catalogo\/","logo":{"@type":"ImageObject","inLanguage":"es","@id":"https:\/\/letrame.com\/catalogo\/#\/schema\/logo\/image\/","url":"https:\/\/letrame.com\/catalogo\/wp-content\/uploads\/2024\/03\/logo2.webp","contentUrl":"https:\/\/letrame.com\/catalogo\/wp-content\/uploads\/2024\/03\/logo2.webp","width":394,"height":128,"caption":"Catalogo | Letrame Grupo Editorial"},"image":{"@id":"https:\/\/letrame.com\/catalogo\/#\/schema\/logo\/image\/"}}]}},"_links":{"self":[{"href":"https:\/\/letrame.com\/catalogo\/wp-json\/wp\/v2\/product\/110305","targetHints":{"allow":["GET"]}}],"collection":[{"href":"https:\/\/letrame.com\/catalogo\/wp-json\/wp\/v2\/product"}],"about":[{"href":"https:\/\/letrame.com\/catalogo\/wp-json\/wp\/v2\/types\/product"}],"replies":[{"embeddable":true,"href":"https:\/\/letrame.com\/catalogo\/wp-json\/wp\/v2\/comments?post=110305"}],"acf:post":[{"embeddable":true,"href":"https:\/\/letrame.com\/catalogo\/wp-json\/wp\/v2\/author_book\/110306"}],"wp:featuredmedia":[{"embeddable":true,"href":"https:\/\/letrame.com\/catalogo\/wp-json\/wp\/v2\/media\/110309"}],"wp:attachment":[{"href":"https:\/\/letrame.com\/catalogo\/wp-json\/wp\/v2\/media?parent=110305"}],"wp:term":[{"taxonomy":"libro","embeddable":true,"href":"https:\/\/letrame.com\/catalogo\/wp-json\/wp\/v2\/libro?post=110305"},{"taxonomy":"product_brand","embeddable":true,"href":"https:\/\/letrame.com\/catalogo\/wp-json\/wp\/v2\/product_brand?post=110305"},{"taxonomy":"product_cat","embeddable":true,"href":"https:\/\/letrame.com\/catalogo\/wp-json\/wp\/v2\/product_cat?post=110305"},{"taxonomy":"product_tag","embeddable":true,"href":"https:\/\/letrame.com\/catalogo\/wp-json\/wp\/v2\/product_tag?post=110305"}],"curies":[{"name":"wp","href":"https:\/\/api.w.org\/{rel}","templated":true}]}}