{"id":110287,"date":"2025-12-24T11:57:28","date_gmt":"2025-12-24T10:57:28","guid":{"rendered":"https:\/\/letrame.com\/catalogo\/?post_type=product&#038;p=110287"},"modified":"2025-12-24T11:57:28","modified_gmt":"2025-12-24T10:57:28","slug":"learn-english-and-culture-with-50-songs","status":"publish","type":"product","link":"https:\/\/letrame.com\/catalogo\/producto\/learn-english-and-culture-with-50-songs\/","title":{"rendered":"Learn English and Culture with 50 Songs"},"content":{"rendered":"<p class=\"p1\"><b>ISBN: <\/b>979-13-7012-384-0<\/p>\n<p class=\"p1\"><b>T\u00edtulo:\u00a0<\/b><span id=\"productTitle\" class=\"a-size-large celwidget\" data-csa-c-id=\"8lk5no-c9core-6f5i6l-mc8moo\" data-cel-widget=\"productTitle\">Learn English and Culture with 50 Songs<\/span><\/p>\n<p class=\"p1\"><b>Fecha:<\/b> 2025<br \/>\n<b>P\u00e1ginas:\u00a0<\/b>188<b><\/b><\/p>\n<p class=\"p1\"><b>SINOPSIS<\/b><b><\/b><\/p>\n<p>Learn English and Culture with 50 Songs es un libro dise\u00f1ado para ayudar a los estudiantes a mejorar su ingl\u00e9s a trav\u00e9s de actividades multimodales. Las actividades incorporan gram\u00e1tica, vocabulario, cultura y habilidades socioemocionales mediante canciones organizadas en tem\u00e1ticas y festividades. Las letras de las canciones y las actividades est\u00e1n en l\u00ednea con el Marco Com\u00fan Europeo de Referencia para las Lenguas (MCER) y los Objetivos de Desarrollo Sostenible (ODS). Este libro, que incluye c\u00f3digos QR y enlaces a los recursos multimodales, es ideal tanto para estudiantes autodidactas como para docentes de ingl\u00e9s.<\/p>\n","protected":false},"excerpt":{"rendered":"<p class=\"p1\"><b>ISBN: <\/b>979-13-7012-384-0<\/p>\n<p class=\"p1\"><b>SINOPSIS<\/b><b><\/b><\/p>\n<p>Learn English and Culture with 50 Songs es un libro dise\u00f1ado para ayudar a los estudiantes a mejorar su ingl\u00e9s a trav\u00e9s de actividades multimodales. Las actividades incorporan gram\u00e1tica, vocabulario, cultura y habilidades socioemocionales mediante canciones organizadas en tem\u00e1ticas y festividades. Las letras de las canciones y las actividades est\u00e1n en l\u00ednea con el Marco Com\u00fan Europeo de Referencia para las Lenguas (MCER) y los Objetivos de Desarrollo Sostenible (ODS). Este libro, que incluye c\u00f3digos QR y enlaces a los recursos multimodales, es ideal tanto para estudiantes autodidactas como para docentes de ingl\u00e9s.<\/p>\n","protected":false},"featured_media":110292,"comment_status":"open","ping_status":"closed","template":"","meta":{"_acf_changed":false},"libro":[],"product_brand":[],"product_cat":[113],"product_tag":[],"class_list":{"0":"post-110287","1":"product","2":"type-product","3":"status-publish","4":"has-post-thumbnail","6":"product_cat-educacion","8":"first","9":"instock","10":"shipping-taxable","11":"product-type-simple"},"acf":{"autor":[110288],"enlace_de_compra":"https:\/\/www.amazon.es\/Learn-English-Culture-Songs-Educaci%C3%B3n\/dp\/B0FH7LWXWT\/ref=sr_1_1?__mk_es_ES=%C3%85M%C3%85%C5%BD%C3%95%C3%91&crid=31FSQCM1YP9ZW&dib=eyJ2IjoiMSJ9.dxm1RSdI3SGdGbpBK-FANg.0kOelW9_mgC7K9BDla-3nY_EqVjkvdE89kotGn0w0-k&dib_tag=se&keywords=Learn+English+and+Culture+with+50+Songs&qid=1766573249&s=books&sprefix=learn+english+and+culture+with+50+songs%2Cstripbooks%2C247&sr=1-1"},"yoast_head":"<!-- This site is optimized with the Yoast SEO plugin v27.4 - https:\/\/yoast.com\/product\/yoast-seo-wordpress\/ -->\n<title>Learn English and Culture with 50 Songs - Catalogo | Letrame Grupo Editorial<\/title>\n<meta name=\"robots\" content=\"index, follow, max-snippet:-1, max-image-preview:large, max-video-preview:-1\" \/>\n<link rel=\"canonical\" href=\"https:\/\/letrame.com\/catalogo\/producto\/learn-english-and-culture-with-50-songs\/\" \/>\n<meta property=\"og:locale\" content=\"es_ES\" \/>\n<meta property=\"og:type\" content=\"article\" \/>\n<meta property=\"og:title\" content=\"Learn English and Culture with 50 Songs - Catalogo | Letrame Grupo Editorial\" \/>\n<meta property=\"og:description\" content=\"ISBN: 979-13-7012-384-0 SINOPSIS Learn English and Culture with 50 Songs es un libro dise\u00f1ado para ayudar a los estudiantes a mejorar su ingl\u00e9s a trav\u00e9s de actividades multimodales. Las actividades incorporan gram\u00e1tica, vocabulario, cultura y habilidades socioemocionales mediante canciones organizadas en tem\u00e1ticas y festividades. Las letras de las canciones y las actividades est\u00e1n en l\u00ednea con el Marco Com\u00fan Europeo de Referencia para las Lenguas (MCER) y los Objetivos de Desarrollo Sostenible (ODS). Este libro, que incluye c\u00f3digos QR y enlaces a los recursos multimodales, es ideal tanto para estudiantes autodidactas como para docentes de ingl\u00e9s.\" \/>\n<meta property=\"og:url\" content=\"https:\/\/letrame.com\/catalogo\/producto\/learn-english-and-culture-with-50-songs\/\" \/>\n<meta property=\"og:site_name\" content=\"Catalogo | Letrame Grupo Editorial\" \/>\n<meta property=\"og:image\" content=\"https:\/\/letrame.com\/catalogo\/wp-content\/uploads\/2025\/12\/p_learnenglish_1096mm-scaled.jpg\" \/>\n\t<meta property=\"og:image:width\" content=\"1689\" \/>\n\t<meta property=\"og:image:height\" content=\"2560\" \/>\n\t<meta property=\"og:image:type\" content=\"image\/jpeg\" \/>\n<meta name=\"twitter:card\" content=\"summary_large_image\" \/>\n<meta name=\"twitter:label1\" content=\"Tiempo de lectura\" \/>\n\t<meta name=\"twitter:data1\" content=\"1 minuto\" \/>\n<script type=\"application\/ld+json\" class=\"yoast-schema-graph\">{\"@context\":\"https:\\\/\\\/schema.org\",\"@graph\":[{\"@type\":\"WebPage\",\"@id\":\"https:\\\/\\\/letrame.com\\\/catalogo\\\/producto\\\/learn-english-and-culture-with-50-songs\\\/\",\"url\":\"https:\\\/\\\/letrame.com\\\/catalogo\\\/producto\\\/learn-english-and-culture-with-50-songs\\\/\",\"name\":\"Learn English and Culture with 50 Songs - Catalogo | Letrame Grupo Editorial\",\"isPartOf\":{\"@id\":\"https:\\\/\\\/letrame.com\\\/catalogo\\\/#website\"},\"primaryImageOfPage\":{\"@id\":\"https:\\\/\\\/letrame.com\\\/catalogo\\\/producto\\\/learn-english-and-culture-with-50-songs\\\/#primaryimage\"},\"image\":{\"@id\":\"https:\\\/\\\/letrame.com\\\/catalogo\\\/producto\\\/learn-english-and-culture-with-50-songs\\\/#primaryimage\"},\"thumbnailUrl\":\"https:\\\/\\\/letrame.com\\\/catalogo\\\/wp-content\\\/uploads\\\/2025\\\/12\\\/p_learnenglish_1096mm-scaled.jpg\",\"datePublished\":\"2025-12-24T10:57:28+00:00\",\"breadcrumb\":{\"@id\":\"https:\\\/\\\/letrame.com\\\/catalogo\\\/producto\\\/learn-english-and-culture-with-50-songs\\\/#breadcrumb\"},\"inLanguage\":\"es\",\"potentialAction\":[{\"@type\":\"ReadAction\",\"target\":[\"https:\\\/\\\/letrame.com\\\/catalogo\\\/producto\\\/learn-english-and-culture-with-50-songs\\\/\"]}]},{\"@type\":\"ImageObject\",\"inLanguage\":\"es\",\"@id\":\"https:\\\/\\\/letrame.com\\\/catalogo\\\/producto\\\/learn-english-and-culture-with-50-songs\\\/#primaryimage\",\"url\":\"https:\\\/\\\/letrame.com\\\/catalogo\\\/wp-content\\\/uploads\\\/2025\\\/12\\\/p_learnenglish_1096mm-scaled.jpg\",\"contentUrl\":\"https:\\\/\\\/letrame.com\\\/catalogo\\\/wp-content\\\/uploads\\\/2025\\\/12\\\/p_learnenglish_1096mm-scaled.jpg\",\"width\":1689,\"height\":2560},{\"@type\":\"BreadcrumbList\",\"@id\":\"https:\\\/\\\/letrame.com\\\/catalogo\\\/producto\\\/learn-english-and-culture-with-50-songs\\\/#breadcrumb\",\"itemListElement\":[{\"@type\":\"ListItem\",\"position\":1,\"name\":\"Portada\",\"item\":\"https:\\\/\\\/letrame.com\\\/catalogo\\\/\"},{\"@type\":\"ListItem\",\"position\":2,\"name\":\"Cat\u00e1logo\",\"item\":\"https:\\\/\\\/letrame.com\\\/catalogo\\\/\"},{\"@type\":\"ListItem\",\"position\":3,\"name\":\"Learn English and Culture with 50 Songs\"}]},{\"@type\":\"WebSite\",\"@id\":\"https:\\\/\\\/letrame.com\\\/catalogo\\\/#website\",\"url\":\"https:\\\/\\\/letrame.com\\\/catalogo\\\/\",\"name\":\"Catalogo | Letrame Grupo Editorial\",\"description\":\"\",\"publisher\":{\"@id\":\"https:\\\/\\\/letrame.com\\\/catalogo\\\/#organization\"},\"potentialAction\":[{\"@type\":\"SearchAction\",\"target\":{\"@type\":\"EntryPoint\",\"urlTemplate\":\"https:\\\/\\\/letrame.com\\\/catalogo\\\/?s={search_term_string}\"},\"query-input\":{\"@type\":\"PropertyValueSpecification\",\"valueRequired\":true,\"valueName\":\"search_term_string\"}}],\"inLanguage\":\"es\"},{\"@type\":\"Organization\",\"@id\":\"https:\\\/\\\/letrame.com\\\/catalogo\\\/#organization\",\"name\":\"Catalogo | Letrame Grupo Editorial\",\"url\":\"https:\\\/\\\/letrame.com\\\/catalogo\\\/\",\"logo\":{\"@type\":\"ImageObject\",\"inLanguage\":\"es\",\"@id\":\"https:\\\/\\\/letrame.com\\\/catalogo\\\/#\\\/schema\\\/logo\\\/image\\\/\",\"url\":\"https:\\\/\\\/letrame.com\\\/catalogo\\\/wp-content\\\/uploads\\\/2024\\\/03\\\/logo2.webp\",\"contentUrl\":\"https:\\\/\\\/letrame.com\\\/catalogo\\\/wp-content\\\/uploads\\\/2024\\\/03\\\/logo2.webp\",\"width\":394,\"height\":128,\"caption\":\"Catalogo | Letrame Grupo Editorial\"},\"image\":{\"@id\":\"https:\\\/\\\/letrame.com\\\/catalogo\\\/#\\\/schema\\\/logo\\\/image\\\/\"}}]}<\/script>\n<!-- \/ Yoast SEO plugin. -->","yoast_head_json":{"title":"Learn English and Culture with 50 Songs - Catalogo | Letrame Grupo Editorial","robots":{"index":"index","follow":"follow","max-snippet":"max-snippet:-1","max-image-preview":"max-image-preview:large","max-video-preview":"max-video-preview:-1"},"canonical":"https:\/\/letrame.com\/catalogo\/producto\/learn-english-and-culture-with-50-songs\/","og_locale":"es_ES","og_type":"article","og_title":"Learn English and Culture with 50 Songs - Catalogo | Letrame Grupo Editorial","og_description":"ISBN: 979-13-7012-384-0 SINOPSIS Learn English and Culture with 50 Songs es un libro dise\u00f1ado para ayudar a los estudiantes a mejorar su ingl\u00e9s a trav\u00e9s de actividades multimodales. Las actividades incorporan gram\u00e1tica, vocabulario, cultura y habilidades socioemocionales mediante canciones organizadas en tem\u00e1ticas y festividades. Las letras de las canciones y las actividades est\u00e1n en l\u00ednea con el Marco Com\u00fan Europeo de Referencia para las Lenguas (MCER) y los Objetivos de Desarrollo Sostenible (ODS). Este libro, que incluye c\u00f3digos QR y enlaces a los recursos multimodales, es ideal tanto para estudiantes autodidactas como para docentes de ingl\u00e9s.","og_url":"https:\/\/letrame.com\/catalogo\/producto\/learn-english-and-culture-with-50-songs\/","og_site_name":"Catalogo | Letrame Grupo Editorial","og_image":[{"width":1689,"height":2560,"url":"https:\/\/letrame.com\/catalogo\/wp-content\/uploads\/2025\/12\/p_learnenglish_1096mm-scaled.jpg","type":"image\/jpeg"}],"twitter_card":"summary_large_image","twitter_misc":{"Tiempo de lectura":"1 minuto"},"schema":{"@context":"https:\/\/schema.org","@graph":[{"@type":"WebPage","@id":"https:\/\/letrame.com\/catalogo\/producto\/learn-english-and-culture-with-50-songs\/","url":"https:\/\/letrame.com\/catalogo\/producto\/learn-english-and-culture-with-50-songs\/","name":"Learn English and Culture with 50 Songs - Catalogo | Letrame Grupo Editorial","isPartOf":{"@id":"https:\/\/letrame.com\/catalogo\/#website"},"primaryImageOfPage":{"@id":"https:\/\/letrame.com\/catalogo\/producto\/learn-english-and-culture-with-50-songs\/#primaryimage"},"image":{"@id":"https:\/\/letrame.com\/catalogo\/producto\/learn-english-and-culture-with-50-songs\/#primaryimage"},"thumbnailUrl":"https:\/\/letrame.com\/catalogo\/wp-content\/uploads\/2025\/12\/p_learnenglish_1096mm-scaled.jpg","datePublished":"2025-12-24T10:57:28+00:00","breadcrumb":{"@id":"https:\/\/letrame.com\/catalogo\/producto\/learn-english-and-culture-with-50-songs\/#breadcrumb"},"inLanguage":"es","potentialAction":[{"@type":"ReadAction","target":["https:\/\/letrame.com\/catalogo\/producto\/learn-english-and-culture-with-50-songs\/"]}]},{"@type":"ImageObject","inLanguage":"es","@id":"https:\/\/letrame.com\/catalogo\/producto\/learn-english-and-culture-with-50-songs\/#primaryimage","url":"https:\/\/letrame.com\/catalogo\/wp-content\/uploads\/2025\/12\/p_learnenglish_1096mm-scaled.jpg","contentUrl":"https:\/\/letrame.com\/catalogo\/wp-content\/uploads\/2025\/12\/p_learnenglish_1096mm-scaled.jpg","width":1689,"height":2560},{"@type":"BreadcrumbList","@id":"https:\/\/letrame.com\/catalogo\/producto\/learn-english-and-culture-with-50-songs\/#breadcrumb","itemListElement":[{"@type":"ListItem","position":1,"name":"Portada","item":"https:\/\/letrame.com\/catalogo\/"},{"@type":"ListItem","position":2,"name":"Cat\u00e1logo","item":"https:\/\/letrame.com\/catalogo\/"},{"@type":"ListItem","position":3,"name":"Learn English and Culture with 50 Songs"}]},{"@type":"WebSite","@id":"https:\/\/letrame.com\/catalogo\/#website","url":"https:\/\/letrame.com\/catalogo\/","name":"Catalogo | Letrame Grupo Editorial","description":"","publisher":{"@id":"https:\/\/letrame.com\/catalogo\/#organization"},"potentialAction":[{"@type":"SearchAction","target":{"@type":"EntryPoint","urlTemplate":"https:\/\/letrame.com\/catalogo\/?s={search_term_string}"},"query-input":{"@type":"PropertyValueSpecification","valueRequired":true,"valueName":"search_term_string"}}],"inLanguage":"es"},{"@type":"Organization","@id":"https:\/\/letrame.com\/catalogo\/#organization","name":"Catalogo | Letrame Grupo Editorial","url":"https:\/\/letrame.com\/catalogo\/","logo":{"@type":"ImageObject","inLanguage":"es","@id":"https:\/\/letrame.com\/catalogo\/#\/schema\/logo\/image\/","url":"https:\/\/letrame.com\/catalogo\/wp-content\/uploads\/2024\/03\/logo2.webp","contentUrl":"https:\/\/letrame.com\/catalogo\/wp-content\/uploads\/2024\/03\/logo2.webp","width":394,"height":128,"caption":"Catalogo | Letrame Grupo Editorial"},"image":{"@id":"https:\/\/letrame.com\/catalogo\/#\/schema\/logo\/image\/"}}]}},"_links":{"self":[{"href":"https:\/\/letrame.com\/catalogo\/wp-json\/wp\/v2\/product\/110287","targetHints":{"allow":["GET"]}}],"collection":[{"href":"https:\/\/letrame.com\/catalogo\/wp-json\/wp\/v2\/product"}],"about":[{"href":"https:\/\/letrame.com\/catalogo\/wp-json\/wp\/v2\/types\/product"}],"replies":[{"embeddable":true,"href":"https:\/\/letrame.com\/catalogo\/wp-json\/wp\/v2\/comments?post=110287"}],"acf:post":[{"embeddable":true,"href":"https:\/\/letrame.com\/catalogo\/wp-json\/wp\/v2\/author_book\/110288"}],"wp:featuredmedia":[{"embeddable":true,"href":"https:\/\/letrame.com\/catalogo\/wp-json\/wp\/v2\/media\/110292"}],"wp:attachment":[{"href":"https:\/\/letrame.com\/catalogo\/wp-json\/wp\/v2\/media?parent=110287"}],"wp:term":[{"taxonomy":"libro","embeddable":true,"href":"https:\/\/letrame.com\/catalogo\/wp-json\/wp\/v2\/libro?post=110287"},{"taxonomy":"product_brand","embeddable":true,"href":"https:\/\/letrame.com\/catalogo\/wp-json\/wp\/v2\/product_brand?post=110287"},{"taxonomy":"product_cat","embeddable":true,"href":"https:\/\/letrame.com\/catalogo\/wp-json\/wp\/v2\/product_cat?post=110287"},{"taxonomy":"product_tag","embeddable":true,"href":"https:\/\/letrame.com\/catalogo\/wp-json\/wp\/v2\/product_tag?post=110287"}],"curies":[{"name":"wp","href":"https:\/\/api.w.org\/{rel}","templated":true}]}}