{"id":110283,"date":"2025-12-24T11:45:24","date_gmt":"2025-12-24T10:45:24","guid":{"rendered":"https:\/\/letrame.com\/catalogo\/?post_type=product&#038;p=110283"},"modified":"2025-12-24T11:45:24","modified_gmt":"2025-12-24T10:45:24","slug":"voces-del-camino-2o-edicion-relatos-de-tierra-santa","status":"publish","type":"product","link":"https:\/\/letrame.com\/catalogo\/producto\/voces-del-camino-2o-edicion-relatos-de-tierra-santa\/","title":{"rendered":"Voces del camino 2\u00ba Edici\u00f3n: Relatos de Tierra Santa"},"content":{"rendered":"<p class=\"p1\"><b>ISBN:\u00a0<\/b>979-13-7029-553-0<\/p>\n<p class=\"p1\"><b>T\u00edtulo:\u00a0<\/b>Voces del camino 2\u00ba Edici\u00f3n: Relatos de Tierra Santa<br \/>\n<b>Fecha:\u00a0<\/b>2025<br \/>\n<b>P\u00e1ginas:\u00a0<\/b>238<b><\/b><\/p>\n<p class=\"p1\"><b>SINOPSIS<\/b><b><\/b><\/p>\n<p>Ojal\u00e1 todos nos hagamos ni\u00f1os en nuestros corazones y saltemos de gozo<br \/>\n\u2014como Anita\u2014 en busca de nuestro Se\u00f1or Jesucristo, dici\u00e9ndole:<br \/>\n\u00ab\u00a1Aqu\u00ed me tienes, Se\u00f1or, para hacer tu voluntad! \u00a1Que alegr\u00eda!\u00bb.<br \/>\nEn esta peregrinaci\u00f3n se llega a la conclusi\u00f3n de que es un viaje necesario para nuestra alma, al conocer in situ los Lugares Santos por donde naci\u00f3, vivi\u00f3, nos revel\u00f3 la Buena Nueva, padeci\u00f3, muri\u00f3 y, sobre todo, resucit\u00f3 nuestro Se\u00f1or Jesucristo. Jos\u00e9 Francisco Ceacero expone sus vivencias en cada una de las visitas establecidas por la agencia de viajes y guiadas por don Ra\u00fal Abajo (sacerdote), de una manera poco vista, pero con un matiz y madurez sublimes, que nos hace introducirnos en ellas, tanto para los que nunca han visitado Tierra Santa como para los que han estado, ya que le sirve de dulces recuerdos en esa peregrinaci\u00f3n tan entra\u00f1able como fascinante. El libro definitivo para acercarse, desde una vista prodigiosa, a la historia m\u00e1s grande jam\u00e1s contada.<br \/>\nQuerido lector: si has estado, \u00a1felices recuerdos! Y si a\u00fan no has hecho la peregrinaci\u00f3n, has cogido el mejor libro para orientarte y hacerte vivir esos momentos \u00fanicos&#8230; para despu\u00e9s visitar Tierra Santa.<\/p>\n","protected":false},"excerpt":{"rendered":"<p class=\"p1\"><b>ISBN:\u00a0<\/b>979-13-7029-553-0<\/p>\n<p class=\"p1\"><b>SINOPSIS<\/b><b><\/b><\/p>\n<p>Ojal\u00e1 todos nos hagamos ni\u00f1os en nuestros corazones y saltemos de gozo<br \/>\n\u2014como Anita\u2014 en busca de nuestro Se\u00f1or Jesucristo, dici\u00e9ndole:<br \/>\n\u00ab\u00a1Aqu\u00ed me tienes, Se\u00f1or, para hacer tu voluntad! \u00a1Que alegr\u00eda!\u00bb.<br \/>\nEn esta peregrinaci\u00f3n se llega a la conclusi\u00f3n de que es un viaje necesario para nuestra alma, al conocer in situ los Lugares Santos por donde naci\u00f3, vivi\u00f3, nos revel\u00f3 la Buena Nueva, padeci\u00f3, muri\u00f3 y, sobre todo, resucit\u00f3 nuestro Se\u00f1or Jesucristo. Jos\u00e9 Francisco Ceacero expone sus vivencias en cada una de las visitas establecidas por la agencia de viajes y guiadas por don Ra\u00fal Abajo (sacerdote), de una manera poco vista, pero con un matiz y madurez sublimes, que nos hace introducirnos en ellas, tanto para los que nunca han visitado Tierra Santa como para los que han estado, ya que le sirve de dulces recuerdos en esa peregrinaci\u00f3n tan entra\u00f1able como fascinante. El libro definitivo para acercarse, desde una vista prodigiosa, a la historia m\u00e1s grande jam\u00e1s contada.<br \/>\nQuerido lector: si has estado, \u00a1felices recuerdos! Y si a\u00fan no has hecho la peregrinaci\u00f3n, has cogido el mejor libro para orientarte y hacerte vivir esos momentos \u00fanicos&#8230; para despu\u00e9s visitar Tierra Santa.<\/p>\n","protected":false},"featured_media":110285,"comment_status":"open","ping_status":"closed","template":"","meta":{"_acf_changed":false},"libro":[],"product_brand":[],"product_cat":[25],"product_tag":[],"class_list":{"0":"post-110283","1":"product","2":"type-product","3":"status-publish","4":"has-post-thumbnail","6":"product_cat-religion-y-espiritualidad","8":"first","9":"instock","10":"shipping-taxable","11":"product-type-simple"},"acf":{"autor":[76489],"enlace_de_compra":"https:\/\/www.amazon.es\/Voces-del-camino-Religi%C3%B3n-espiritualidad\/dp\/B0FN3YY3LP\/ref=sr_1_3?__mk_es_ES=%C3%85M%C3%85%C5%BD%C3%95%C3%91&crid=219I19M4XVP5C&dib=eyJ2IjoiMSJ9.JS1Bz6431p8rtlJVFJcMW5HoUpX0rZQjWl-S6SQfc0fBaDyTKDlMFRbeFZJbPUniVJO6VOkjFXF5e1F8Ks5IpmmCpeniS9SkiW2e0BOK_qOSmE0BKdw0EcT7GEPbco7Vs3NZUsoJWT1lf4ToG7cK4679-_n-LinyqBwBC9gQRPnQ_1-3SCTpIhgCmleW8aFy3Jsc2qVmjlciUU-tqZn6Pns0Xfpw5I9GVevbU6YplVc.rdfLzihtXDhNhJz4YMZrLW6Hw3OiNij_If5Z-P38ZwY&dib_tag=se&keywords=Voces+del+camino&qid=1766572646&s=books&sprefix=voces+del+camino%2Cstripbooks%2C373&sr=1-3"},"yoast_head":"<!-- This site is optimized with the Yoast SEO plugin v26.6 - https:\/\/yoast.com\/wordpress\/plugins\/seo\/ -->\n<title>Voces del camino 2\u00ba Edici\u00f3n: Relatos de Tierra Santa - Catalogo | Letrame Grupo Editorial<\/title>\n<meta name=\"robots\" content=\"index, follow, max-snippet:-1, max-image-preview:large, max-video-preview:-1\" \/>\n<link rel=\"canonical\" href=\"https:\/\/letrame.com\/catalogo\/producto\/voces-del-camino-2o-edicion-relatos-de-tierra-santa\/\" \/>\n<meta property=\"og:locale\" content=\"es_ES\" \/>\n<meta property=\"og:type\" content=\"article\" \/>\n<meta property=\"og:title\" content=\"Voces del camino 2\u00ba Edici\u00f3n: Relatos de Tierra Santa - Catalogo | Letrame Grupo Editorial\" \/>\n<meta property=\"og:description\" content=\"ISBN:\u00a0979-13-7029-553-0 SINOPSIS Ojal\u00e1 todos nos hagamos ni\u00f1os en nuestros corazones y saltemos de gozo \u2014como Anita\u2014 en busca de nuestro Se\u00f1or Jesucristo, dici\u00e9ndole: \u00ab\u00a1Aqu\u00ed me tienes, Se\u00f1or, para hacer tu voluntad! \u00a1Que alegr\u00eda!\u00bb. En esta peregrinaci\u00f3n se llega a la conclusi\u00f3n de que es un viaje necesario para nuestra alma, al conocer in situ los Lugares Santos por donde naci\u00f3, vivi\u00f3, nos revel\u00f3 la Buena Nueva, padeci\u00f3, muri\u00f3 y, sobre todo, resucit\u00f3 nuestro Se\u00f1or Jesucristo. Jos\u00e9 Francisco Ceacero expone sus vivencias en cada una de las visitas establecidas por la agencia de viajes y guiadas por don Ra\u00fal Abajo (sacerdote), de una manera poco vista, pero con un matiz y madurez sublimes, que nos hace introducirnos en ellas, tanto para los que nunca han visitado Tierra Santa como para los que han estado, ya que le sirve de dulces recuerdos en esa peregrinaci\u00f3n tan entra\u00f1able como fascinante. El libro definitivo para acercarse, desde una vista prodigiosa, a la historia m\u00e1s grande jam\u00e1s contada. Querido lector: si has estado, \u00a1felices recuerdos! Y si a\u00fan no has hecho la peregrinaci\u00f3n, has cogido el mejor libro para orientarte y hacerte vivir esos momentos \u00fanicos... para despu\u00e9s visitar Tierra Santa.\" \/>\n<meta property=\"og:url\" content=\"https:\/\/letrame.com\/catalogo\/producto\/voces-del-camino-2o-edicion-relatos-de-tierra-santa\/\" \/>\n<meta property=\"og:site_name\" content=\"Catalogo | Letrame Grupo Editorial\" \/>\n<meta property=\"og:image\" content=\"https:\/\/letrame.com\/catalogo\/wp-content\/uploads\/2025\/12\/nueva_vocesdelcamino_1359mm4-scaled.jpg\" \/>\n\t<meta property=\"og:image:width\" content=\"1745\" \/>\n\t<meta property=\"og:image:height\" content=\"2560\" \/>\n\t<meta property=\"og:image:type\" content=\"image\/jpeg\" \/>\n<meta name=\"twitter:card\" content=\"summary_large_image\" \/>\n<meta name=\"twitter:label1\" content=\"Tiempo de lectura\" \/>\n\t<meta name=\"twitter:data1\" content=\"1 minuto\" \/>\n<script type=\"application\/ld+json\" class=\"yoast-schema-graph\">{\"@context\":\"https:\/\/schema.org\",\"@graph\":[{\"@type\":\"WebPage\",\"@id\":\"https:\/\/letrame.com\/catalogo\/producto\/voces-del-camino-2o-edicion-relatos-de-tierra-santa\/\",\"url\":\"https:\/\/letrame.com\/catalogo\/producto\/voces-del-camino-2o-edicion-relatos-de-tierra-santa\/\",\"name\":\"Voces del camino 2\u00ba Edici\u00f3n: Relatos de Tierra Santa - Catalogo | Letrame Grupo Editorial\",\"isPartOf\":{\"@id\":\"https:\/\/letrame.com\/catalogo\/#website\"},\"primaryImageOfPage\":{\"@id\":\"https:\/\/letrame.com\/catalogo\/producto\/voces-del-camino-2o-edicion-relatos-de-tierra-santa\/#primaryimage\"},\"image\":{\"@id\":\"https:\/\/letrame.com\/catalogo\/producto\/voces-del-camino-2o-edicion-relatos-de-tierra-santa\/#primaryimage\"},\"thumbnailUrl\":\"https:\/\/letrame.com\/catalogo\/wp-content\/uploads\/2025\/12\/nueva_vocesdelcamino_1359mm4-scaled.jpg\",\"datePublished\":\"2025-12-24T10:45:24+00:00\",\"breadcrumb\":{\"@id\":\"https:\/\/letrame.com\/catalogo\/producto\/voces-del-camino-2o-edicion-relatos-de-tierra-santa\/#breadcrumb\"},\"inLanguage\":\"es\",\"potentialAction\":[{\"@type\":\"ReadAction\",\"target\":[\"https:\/\/letrame.com\/catalogo\/producto\/voces-del-camino-2o-edicion-relatos-de-tierra-santa\/\"]}]},{\"@type\":\"ImageObject\",\"inLanguage\":\"es\",\"@id\":\"https:\/\/letrame.com\/catalogo\/producto\/voces-del-camino-2o-edicion-relatos-de-tierra-santa\/#primaryimage\",\"url\":\"https:\/\/letrame.com\/catalogo\/wp-content\/uploads\/2025\/12\/nueva_vocesdelcamino_1359mm4-scaled.jpg\",\"contentUrl\":\"https:\/\/letrame.com\/catalogo\/wp-content\/uploads\/2025\/12\/nueva_vocesdelcamino_1359mm4-scaled.jpg\",\"width\":1745,\"height\":2560},{\"@type\":\"BreadcrumbList\",\"@id\":\"https:\/\/letrame.com\/catalogo\/producto\/voces-del-camino-2o-edicion-relatos-de-tierra-santa\/#breadcrumb\",\"itemListElement\":[{\"@type\":\"ListItem\",\"position\":1,\"name\":\"Portada\",\"item\":\"https:\/\/letrame.com\/catalogo\/\"},{\"@type\":\"ListItem\",\"position\":2,\"name\":\"Cat\u00e1logo\",\"item\":\"https:\/\/letrame.com\/catalogo\/\"},{\"@type\":\"ListItem\",\"position\":3,\"name\":\"Voces del camino 2\u00ba Edici\u00f3n: Relatos de Tierra Santa\"}]},{\"@type\":\"WebSite\",\"@id\":\"https:\/\/letrame.com\/catalogo\/#website\",\"url\":\"https:\/\/letrame.com\/catalogo\/\",\"name\":\"Catalogo | Letrame Grupo Editorial\",\"description\":\"\",\"publisher\":{\"@id\":\"https:\/\/letrame.com\/catalogo\/#organization\"},\"potentialAction\":[{\"@type\":\"SearchAction\",\"target\":{\"@type\":\"EntryPoint\",\"urlTemplate\":\"https:\/\/letrame.com\/catalogo\/?s={search_term_string}\"},\"query-input\":{\"@type\":\"PropertyValueSpecification\",\"valueRequired\":true,\"valueName\":\"search_term_string\"}}],\"inLanguage\":\"es\"},{\"@type\":\"Organization\",\"@id\":\"https:\/\/letrame.com\/catalogo\/#organization\",\"name\":\"Catalogo | Letrame Grupo Editorial\",\"url\":\"https:\/\/letrame.com\/catalogo\/\",\"logo\":{\"@type\":\"ImageObject\",\"inLanguage\":\"es\",\"@id\":\"https:\/\/letrame.com\/catalogo\/#\/schema\/logo\/image\/\",\"url\":\"https:\/\/letrame.com\/catalogo\/wp-content\/uploads\/2024\/03\/logo2.webp\",\"contentUrl\":\"https:\/\/letrame.com\/catalogo\/wp-content\/uploads\/2024\/03\/logo2.webp\",\"width\":394,\"height\":128,\"caption\":\"Catalogo | Letrame Grupo Editorial\"},\"image\":{\"@id\":\"https:\/\/letrame.com\/catalogo\/#\/schema\/logo\/image\/\"}}]}<\/script>\n<!-- \/ Yoast SEO plugin. -->","yoast_head_json":{"title":"Voces del camino 2\u00ba Edici\u00f3n: Relatos de Tierra Santa - Catalogo | Letrame Grupo Editorial","robots":{"index":"index","follow":"follow","max-snippet":"max-snippet:-1","max-image-preview":"max-image-preview:large","max-video-preview":"max-video-preview:-1"},"canonical":"https:\/\/letrame.com\/catalogo\/producto\/voces-del-camino-2o-edicion-relatos-de-tierra-santa\/","og_locale":"es_ES","og_type":"article","og_title":"Voces del camino 2\u00ba Edici\u00f3n: Relatos de Tierra Santa - Catalogo | Letrame Grupo Editorial","og_description":"ISBN:\u00a0979-13-7029-553-0 SINOPSIS Ojal\u00e1 todos nos hagamos ni\u00f1os en nuestros corazones y saltemos de gozo \u2014como Anita\u2014 en busca de nuestro Se\u00f1or Jesucristo, dici\u00e9ndole: \u00ab\u00a1Aqu\u00ed me tienes, Se\u00f1or, para hacer tu voluntad! \u00a1Que alegr\u00eda!\u00bb. En esta peregrinaci\u00f3n se llega a la conclusi\u00f3n de que es un viaje necesario para nuestra alma, al conocer in situ los Lugares Santos por donde naci\u00f3, vivi\u00f3, nos revel\u00f3 la Buena Nueva, padeci\u00f3, muri\u00f3 y, sobre todo, resucit\u00f3 nuestro Se\u00f1or Jesucristo. Jos\u00e9 Francisco Ceacero expone sus vivencias en cada una de las visitas establecidas por la agencia de viajes y guiadas por don Ra\u00fal Abajo (sacerdote), de una manera poco vista, pero con un matiz y madurez sublimes, que nos hace introducirnos en ellas, tanto para los que nunca han visitado Tierra Santa como para los que han estado, ya que le sirve de dulces recuerdos en esa peregrinaci\u00f3n tan entra\u00f1able como fascinante. El libro definitivo para acercarse, desde una vista prodigiosa, a la historia m\u00e1s grande jam\u00e1s contada. Querido lector: si has estado, \u00a1felices recuerdos! Y si a\u00fan no has hecho la peregrinaci\u00f3n, has cogido el mejor libro para orientarte y hacerte vivir esos momentos \u00fanicos... para despu\u00e9s visitar Tierra Santa.","og_url":"https:\/\/letrame.com\/catalogo\/producto\/voces-del-camino-2o-edicion-relatos-de-tierra-santa\/","og_site_name":"Catalogo | Letrame Grupo Editorial","og_image":[{"width":1745,"height":2560,"url":"https:\/\/letrame.com\/catalogo\/wp-content\/uploads\/2025\/12\/nueva_vocesdelcamino_1359mm4-scaled.jpg","type":"image\/jpeg"}],"twitter_card":"summary_large_image","twitter_misc":{"Tiempo de lectura":"1 minuto"},"schema":{"@context":"https:\/\/schema.org","@graph":[{"@type":"WebPage","@id":"https:\/\/letrame.com\/catalogo\/producto\/voces-del-camino-2o-edicion-relatos-de-tierra-santa\/","url":"https:\/\/letrame.com\/catalogo\/producto\/voces-del-camino-2o-edicion-relatos-de-tierra-santa\/","name":"Voces del camino 2\u00ba Edici\u00f3n: Relatos de Tierra Santa - Catalogo | Letrame Grupo Editorial","isPartOf":{"@id":"https:\/\/letrame.com\/catalogo\/#website"},"primaryImageOfPage":{"@id":"https:\/\/letrame.com\/catalogo\/producto\/voces-del-camino-2o-edicion-relatos-de-tierra-santa\/#primaryimage"},"image":{"@id":"https:\/\/letrame.com\/catalogo\/producto\/voces-del-camino-2o-edicion-relatos-de-tierra-santa\/#primaryimage"},"thumbnailUrl":"https:\/\/letrame.com\/catalogo\/wp-content\/uploads\/2025\/12\/nueva_vocesdelcamino_1359mm4-scaled.jpg","datePublished":"2025-12-24T10:45:24+00:00","breadcrumb":{"@id":"https:\/\/letrame.com\/catalogo\/producto\/voces-del-camino-2o-edicion-relatos-de-tierra-santa\/#breadcrumb"},"inLanguage":"es","potentialAction":[{"@type":"ReadAction","target":["https:\/\/letrame.com\/catalogo\/producto\/voces-del-camino-2o-edicion-relatos-de-tierra-santa\/"]}]},{"@type":"ImageObject","inLanguage":"es","@id":"https:\/\/letrame.com\/catalogo\/producto\/voces-del-camino-2o-edicion-relatos-de-tierra-santa\/#primaryimage","url":"https:\/\/letrame.com\/catalogo\/wp-content\/uploads\/2025\/12\/nueva_vocesdelcamino_1359mm4-scaled.jpg","contentUrl":"https:\/\/letrame.com\/catalogo\/wp-content\/uploads\/2025\/12\/nueva_vocesdelcamino_1359mm4-scaled.jpg","width":1745,"height":2560},{"@type":"BreadcrumbList","@id":"https:\/\/letrame.com\/catalogo\/producto\/voces-del-camino-2o-edicion-relatos-de-tierra-santa\/#breadcrumb","itemListElement":[{"@type":"ListItem","position":1,"name":"Portada","item":"https:\/\/letrame.com\/catalogo\/"},{"@type":"ListItem","position":2,"name":"Cat\u00e1logo","item":"https:\/\/letrame.com\/catalogo\/"},{"@type":"ListItem","position":3,"name":"Voces del camino 2\u00ba Edici\u00f3n: Relatos de Tierra Santa"}]},{"@type":"WebSite","@id":"https:\/\/letrame.com\/catalogo\/#website","url":"https:\/\/letrame.com\/catalogo\/","name":"Catalogo | Letrame Grupo Editorial","description":"","publisher":{"@id":"https:\/\/letrame.com\/catalogo\/#organization"},"potentialAction":[{"@type":"SearchAction","target":{"@type":"EntryPoint","urlTemplate":"https:\/\/letrame.com\/catalogo\/?s={search_term_string}"},"query-input":{"@type":"PropertyValueSpecification","valueRequired":true,"valueName":"search_term_string"}}],"inLanguage":"es"},{"@type":"Organization","@id":"https:\/\/letrame.com\/catalogo\/#organization","name":"Catalogo | Letrame Grupo Editorial","url":"https:\/\/letrame.com\/catalogo\/","logo":{"@type":"ImageObject","inLanguage":"es","@id":"https:\/\/letrame.com\/catalogo\/#\/schema\/logo\/image\/","url":"https:\/\/letrame.com\/catalogo\/wp-content\/uploads\/2024\/03\/logo2.webp","contentUrl":"https:\/\/letrame.com\/catalogo\/wp-content\/uploads\/2024\/03\/logo2.webp","width":394,"height":128,"caption":"Catalogo | Letrame Grupo Editorial"},"image":{"@id":"https:\/\/letrame.com\/catalogo\/#\/schema\/logo\/image\/"}}]}},"_links":{"self":[{"href":"https:\/\/letrame.com\/catalogo\/wp-json\/wp\/v2\/product\/110283","targetHints":{"allow":["GET"]}}],"collection":[{"href":"https:\/\/letrame.com\/catalogo\/wp-json\/wp\/v2\/product"}],"about":[{"href":"https:\/\/letrame.com\/catalogo\/wp-json\/wp\/v2\/types\/product"}],"replies":[{"embeddable":true,"href":"https:\/\/letrame.com\/catalogo\/wp-json\/wp\/v2\/comments?post=110283"}],"acf:post":[{"embeddable":true,"href":"https:\/\/letrame.com\/catalogo\/wp-json\/wp\/v2\/author_book\/76489"}],"wp:featuredmedia":[{"embeddable":true,"href":"https:\/\/letrame.com\/catalogo\/wp-json\/wp\/v2\/media\/110285"}],"wp:attachment":[{"href":"https:\/\/letrame.com\/catalogo\/wp-json\/wp\/v2\/media?parent=110283"}],"wp:term":[{"taxonomy":"libro","embeddable":true,"href":"https:\/\/letrame.com\/catalogo\/wp-json\/wp\/v2\/libro?post=110283"},{"taxonomy":"product_brand","embeddable":true,"href":"https:\/\/letrame.com\/catalogo\/wp-json\/wp\/v2\/product_brand?post=110283"},{"taxonomy":"product_cat","embeddable":true,"href":"https:\/\/letrame.com\/catalogo\/wp-json\/wp\/v2\/product_cat?post=110283"},{"taxonomy":"product_tag","embeddable":true,"href":"https:\/\/letrame.com\/catalogo\/wp-json\/wp\/v2\/product_tag?post=110283"}],"curies":[{"name":"wp","href":"https:\/\/api.w.org\/{rel}","templated":true}]}}