{"id":110265,"date":"2025-12-24T11:18:12","date_gmt":"2025-12-24T10:18:12","guid":{"rendered":"https:\/\/letrame.com\/catalogo\/?post_type=product&#038;p=110265"},"modified":"2025-12-24T11:18:13","modified_gmt":"2025-12-24T10:18:13","slug":"escribir-sobre-el-agua-la-cara-humana-del-alzheimer","status":"publish","type":"product","link":"https:\/\/letrame.com\/catalogo\/producto\/escribir-sobre-el-agua-la-cara-humana-del-alzheimer\/","title":{"rendered":"Escribir sobre el agua: La cara humana del alzheimer"},"content":{"rendered":"<p class=\"p1\"><b>ISBN:\u00a0<\/b>979-13-7012-523-3<\/p>\n<p class=\"p1\"><b>T\u00edtulo:\u00a0<\/b>Escribir sobre el agua: La cara humana del alzh\u00e9imer<br \/>\n<b>Fecha:\u00a0<\/b>2025<br \/>\n<b>P\u00e1ginas:\u00a0<\/b>240<b><\/b><\/p>\n<p class=\"p1\"><b>SINOPSIS<\/b><b><\/b><\/p>\n<p>\u00bfC\u00f3mo se sostiene un amor cuando empieza a borrarse desde dentro?<br \/>\nEste es un libro sobre mirar a los ojos a la persona que amas&#8230; y ver que se est\u00e1 yendo sin marcharse. Es una conversaci\u00f3n con el silencio.<br \/>\nUn diario de lo invisible. Un acto de amor en estado puro.<br \/>\nDurante casi una d\u00e9cada, Mar\u00eda del Carmen cuid\u00f3 de Fidel, su marido, mientras \u00e9l comenzaba a vivir en otro tiempo, en otra realidad, en otro cuerpo. Escribir sobre el agua nace de esa experiencia &#8211; dolorosa, hermosa, transformadora \u2014 y la convierte en algo m\u00e1s que memoria: en huella. No para explicar lo que es el Alzheimer. Para recordar que detr\u00e1s de cada diagn\u00f3stico hay una historia de dos. Un nosotros que se agrieta, pero no se rompe.<br \/>\nAqu\u00ed hay cartas que no llegaron, paseos que se alargaron para que la tarde no se fuera, noches de preguntas sin respuesta, palabras que duelen y otras que curan. Hay rabia. Hay ternura. Hay d\u00edas buenos. Y hay d\u00edas de llorar sin hacer ruido. Porque cuidar, a veces, tambi\u00e9n es callarse. O aprender a decir adi\u00f3s sin pronunciarlo.<\/p>\n","protected":false},"excerpt":{"rendered":"<p class=\"p1\"><b>ISBN:\u00a0<\/b>979-13-7012-523-3<\/p>\n<p class=\"p1\"><b>T\u00edtulo:\u00a0<\/b>Escribir sobre el agua: La cara humana del alzh\u00e9imer<br \/>\n<b>Fecha:\u00a0<\/b>2025<br \/>\n<b>P\u00e1ginas:\u00a0<\/b>240<b><\/b><\/p>\n<p class=\"p1\"><b>SINOPSIS<\/b><b><\/b><\/p>\n<p>\u00bfC\u00f3mo se sostiene un amor cuando empieza a borrarse desde dentro?<br \/>\nEste es un libro sobre mirar a los ojos a la persona que amas&#8230; y ver que se est\u00e1 yendo sin marcharse. Es una conversaci\u00f3n con el silencio.<br \/>\nUn diario de lo invisible. Un acto de amor en estado puro.<br \/>\nDurante casi una d\u00e9cada, Mar\u00eda del Carmen cuid\u00f3 de Fidel, su marido, mientras \u00e9l comenzaba a vivir en otro tiempo, en otra realidad, en otro cuerpo. Escribir sobre el agua nace de esa experiencia &#8211; dolorosa, hermosa, transformadora \u2014 y la convierte en algo m\u00e1s que memoria: en huella. No para explicar lo que es el Alzheimer. Para recordar que detr\u00e1s de cada diagn\u00f3stico hay una historia de dos. Un nosotros que se agrieta, pero no se rompe.<br \/>\nAqu\u00ed hay cartas que no llegaron, paseos que se alargaron para que la tarde no se fuera, noches de preguntas sin respuesta, palabras que duelen y otras que curan. Hay rabia. Hay ternura. Hay d\u00edas buenos. Y hay d\u00edas de llorar sin hacer ruido. Porque cuidar, a veces, tambi\u00e9n es callarse. O aprender a decir adi\u00f3s sin pronunciarlo.<\/p>\n","protected":false},"featured_media":110267,"comment_status":"open","ping_status":"closed","template":"","meta":{"_acf_changed":false},"libro":[],"product_brand":[],"product_cat":[18],"product_tag":[],"class_list":{"0":"post-110265","1":"product","2":"type-product","3":"status-publish","4":"has-post-thumbnail","6":"product_cat-autoayuda","8":"first","9":"instock","10":"shipping-taxable","11":"product-type-simple"},"acf":{"autor":[105827],"enlace_de_compra":"https:\/\/www.amazon.es\/Escribir-sobre-agua-alzheimer-Autoayuda\/dp\/B0FH6HMMP7\/ref=sr_1_1?__mk_es_ES=%C3%85M%C3%85%C5%BD%C3%95%C3%91&crid=1VNRYSAQT5EDW&dib=eyJ2IjoiMSJ9.L8M0phzKeNGckB-t1bfV4U3_CTVJhv7f7IQPTmdkc6v3h9nuHpFwzWVnMZ_PtAjvRxqa02bDH23iZHKlsbWbPTuI5quGqs2PE20_tzhOhYnpe9I8L71gIEx9eKFeYJvLTZGVsRCWM2oowLtZ6okTNc6Ue5_J0bxUaCvGfZDsov0abHrNhbtP3v3CBUSt23TAwsRDIMB7YyckyBt7JanL-MkNbzjF18AJJhG3TEVPTWw.5gZ-SN70_qvyamEb9MKpdMhlw4UpRQa6uzaJsidfBkw&dib_tag=se&keywords=Escribir+sobre+el+agua&qid=1766571234&s=books&sprefix=escribir+sobre+el+agua%2Cstripbooks%2C59&sr=1-1"},"yoast_head":"<!-- This site is optimized with the Yoast SEO plugin v26.6 - https:\/\/yoast.com\/wordpress\/plugins\/seo\/ -->\n<title>Escribir sobre el agua: La cara humana del alzheimer - Catalogo | Letrame Grupo Editorial<\/title>\n<meta name=\"robots\" content=\"index, follow, max-snippet:-1, max-image-preview:large, max-video-preview:-1\" \/>\n<link rel=\"canonical\" href=\"https:\/\/letrame.com\/catalogo\/producto\/escribir-sobre-el-agua-la-cara-humana-del-alzheimer\/\" \/>\n<meta property=\"og:locale\" content=\"es_ES\" \/>\n<meta property=\"og:type\" content=\"article\" \/>\n<meta property=\"og:title\" content=\"Escribir sobre el agua: La cara humana del alzheimer - Catalogo | Letrame Grupo Editorial\" \/>\n<meta property=\"og:description\" content=\"ISBN:\u00a0979-13-7012-523-3 T\u00edtulo:\u00a0Escribir sobre el agua: La cara humana del alzh\u00e9imer Fecha:\u00a02025 P\u00e1ginas:\u00a0240 SINOPSIS \u00bfC\u00f3mo se sostiene un amor cuando empieza a borrarse desde dentro? Este es un libro sobre mirar a los ojos a la persona que amas... y ver que se est\u00e1 yendo sin marcharse. Es una conversaci\u00f3n con el silencio. Un diario de lo invisible. Un acto de amor en estado puro. Durante casi una d\u00e9cada, Mar\u00eda del Carmen cuid\u00f3 de Fidel, su marido, mientras \u00e9l comenzaba a vivir en otro tiempo, en otra realidad, en otro cuerpo. Escribir sobre el agua nace de esa experiencia - dolorosa, hermosa, transformadora \u2014 y la convierte en algo m\u00e1s que memoria: en huella. No para explicar lo que es el Alzheimer. Para recordar que detr\u00e1s de cada diagn\u00f3stico hay una historia de dos. Un nosotros que se agrieta, pero no se rompe. Aqu\u00ed hay cartas que no llegaron, paseos que se alargaron para que la tarde no se fuera, noches de preguntas sin respuesta, palabras que duelen y otras que curan. Hay rabia. Hay ternura. Hay d\u00edas buenos. Y hay d\u00edas de llorar sin hacer ruido. Porque cuidar, a veces, tambi\u00e9n es callarse. O aprender a decir adi\u00f3s sin pronunciarlo.\" \/>\n<meta property=\"og:url\" content=\"https:\/\/letrame.com\/catalogo\/producto\/escribir-sobre-el-agua-la-cara-humana-del-alzheimer\/\" \/>\n<meta property=\"og:site_name\" content=\"Catalogo | Letrame Grupo Editorial\" \/>\n<meta property=\"article:modified_time\" content=\"2025-12-24T10:18:13+00:00\" \/>\n<meta property=\"og:image\" content=\"https:\/\/letrame.com\/catalogo\/wp-content\/uploads\/2025\/12\/escribirsobreelagua_1214mm4-scaled.jpg\" \/>\n\t<meta property=\"og:image:width\" content=\"1746\" \/>\n\t<meta property=\"og:image:height\" content=\"2560\" \/>\n\t<meta property=\"og:image:type\" content=\"image\/jpeg\" \/>\n<meta name=\"twitter:card\" content=\"summary_large_image\" \/>\n<meta name=\"twitter:label1\" content=\"Tiempo de lectura\" \/>\n\t<meta name=\"twitter:data1\" content=\"2 minutos\" \/>\n<script type=\"application\/ld+json\" class=\"yoast-schema-graph\">{\"@context\":\"https:\/\/schema.org\",\"@graph\":[{\"@type\":\"WebPage\",\"@id\":\"https:\/\/letrame.com\/catalogo\/producto\/escribir-sobre-el-agua-la-cara-humana-del-alzheimer\/\",\"url\":\"https:\/\/letrame.com\/catalogo\/producto\/escribir-sobre-el-agua-la-cara-humana-del-alzheimer\/\",\"name\":\"Escribir sobre el agua: La cara humana del alzheimer - Catalogo | Letrame Grupo Editorial\",\"isPartOf\":{\"@id\":\"https:\/\/letrame.com\/catalogo\/#website\"},\"primaryImageOfPage\":{\"@id\":\"https:\/\/letrame.com\/catalogo\/producto\/escribir-sobre-el-agua-la-cara-humana-del-alzheimer\/#primaryimage\"},\"image\":{\"@id\":\"https:\/\/letrame.com\/catalogo\/producto\/escribir-sobre-el-agua-la-cara-humana-del-alzheimer\/#primaryimage\"},\"thumbnailUrl\":\"https:\/\/letrame.com\/catalogo\/wp-content\/uploads\/2025\/12\/escribirsobreelagua_1214mm4-scaled.jpg\",\"datePublished\":\"2025-12-24T10:18:12+00:00\",\"dateModified\":\"2025-12-24T10:18:13+00:00\",\"breadcrumb\":{\"@id\":\"https:\/\/letrame.com\/catalogo\/producto\/escribir-sobre-el-agua-la-cara-humana-del-alzheimer\/#breadcrumb\"},\"inLanguage\":\"es\",\"potentialAction\":[{\"@type\":\"ReadAction\",\"target\":[\"https:\/\/letrame.com\/catalogo\/producto\/escribir-sobre-el-agua-la-cara-humana-del-alzheimer\/\"]}]},{\"@type\":\"ImageObject\",\"inLanguage\":\"es\",\"@id\":\"https:\/\/letrame.com\/catalogo\/producto\/escribir-sobre-el-agua-la-cara-humana-del-alzheimer\/#primaryimage\",\"url\":\"https:\/\/letrame.com\/catalogo\/wp-content\/uploads\/2025\/12\/escribirsobreelagua_1214mm4-scaled.jpg\",\"contentUrl\":\"https:\/\/letrame.com\/catalogo\/wp-content\/uploads\/2025\/12\/escribirsobreelagua_1214mm4-scaled.jpg\",\"width\":1746,\"height\":2560},{\"@type\":\"BreadcrumbList\",\"@id\":\"https:\/\/letrame.com\/catalogo\/producto\/escribir-sobre-el-agua-la-cara-humana-del-alzheimer\/#breadcrumb\",\"itemListElement\":[{\"@type\":\"ListItem\",\"position\":1,\"name\":\"Portada\",\"item\":\"https:\/\/letrame.com\/catalogo\/\"},{\"@type\":\"ListItem\",\"position\":2,\"name\":\"Cat\u00e1logo\",\"item\":\"https:\/\/letrame.com\/catalogo\/\"},{\"@type\":\"ListItem\",\"position\":3,\"name\":\"Escribir sobre el agua: La cara humana del alzheimer\"}]},{\"@type\":\"WebSite\",\"@id\":\"https:\/\/letrame.com\/catalogo\/#website\",\"url\":\"https:\/\/letrame.com\/catalogo\/\",\"name\":\"Catalogo | Letrame Grupo Editorial\",\"description\":\"\",\"publisher\":{\"@id\":\"https:\/\/letrame.com\/catalogo\/#organization\"},\"potentialAction\":[{\"@type\":\"SearchAction\",\"target\":{\"@type\":\"EntryPoint\",\"urlTemplate\":\"https:\/\/letrame.com\/catalogo\/?s={search_term_string}\"},\"query-input\":{\"@type\":\"PropertyValueSpecification\",\"valueRequired\":true,\"valueName\":\"search_term_string\"}}],\"inLanguage\":\"es\"},{\"@type\":\"Organization\",\"@id\":\"https:\/\/letrame.com\/catalogo\/#organization\",\"name\":\"Catalogo | Letrame Grupo Editorial\",\"url\":\"https:\/\/letrame.com\/catalogo\/\",\"logo\":{\"@type\":\"ImageObject\",\"inLanguage\":\"es\",\"@id\":\"https:\/\/letrame.com\/catalogo\/#\/schema\/logo\/image\/\",\"url\":\"https:\/\/letrame.com\/catalogo\/wp-content\/uploads\/2024\/03\/logo2.webp\",\"contentUrl\":\"https:\/\/letrame.com\/catalogo\/wp-content\/uploads\/2024\/03\/logo2.webp\",\"width\":394,\"height\":128,\"caption\":\"Catalogo | Letrame Grupo Editorial\"},\"image\":{\"@id\":\"https:\/\/letrame.com\/catalogo\/#\/schema\/logo\/image\/\"}}]}<\/script>\n<!-- \/ Yoast SEO plugin. -->","yoast_head_json":{"title":"Escribir sobre el agua: La cara humana del alzheimer - Catalogo | Letrame Grupo Editorial","robots":{"index":"index","follow":"follow","max-snippet":"max-snippet:-1","max-image-preview":"max-image-preview:large","max-video-preview":"max-video-preview:-1"},"canonical":"https:\/\/letrame.com\/catalogo\/producto\/escribir-sobre-el-agua-la-cara-humana-del-alzheimer\/","og_locale":"es_ES","og_type":"article","og_title":"Escribir sobre el agua: La cara humana del alzheimer - Catalogo | Letrame Grupo Editorial","og_description":"ISBN:\u00a0979-13-7012-523-3 T\u00edtulo:\u00a0Escribir sobre el agua: La cara humana del alzh\u00e9imer Fecha:\u00a02025 P\u00e1ginas:\u00a0240 SINOPSIS \u00bfC\u00f3mo se sostiene un amor cuando empieza a borrarse desde dentro? Este es un libro sobre mirar a los ojos a la persona que amas... y ver que se est\u00e1 yendo sin marcharse. Es una conversaci\u00f3n con el silencio. Un diario de lo invisible. Un acto de amor en estado puro. Durante casi una d\u00e9cada, Mar\u00eda del Carmen cuid\u00f3 de Fidel, su marido, mientras \u00e9l comenzaba a vivir en otro tiempo, en otra realidad, en otro cuerpo. Escribir sobre el agua nace de esa experiencia - dolorosa, hermosa, transformadora \u2014 y la convierte en algo m\u00e1s que memoria: en huella. No para explicar lo que es el Alzheimer. Para recordar que detr\u00e1s de cada diagn\u00f3stico hay una historia de dos. Un nosotros que se agrieta, pero no se rompe. Aqu\u00ed hay cartas que no llegaron, paseos que se alargaron para que la tarde no se fuera, noches de preguntas sin respuesta, palabras que duelen y otras que curan. Hay rabia. Hay ternura. Hay d\u00edas buenos. Y hay d\u00edas de llorar sin hacer ruido. Porque cuidar, a veces, tambi\u00e9n es callarse. O aprender a decir adi\u00f3s sin pronunciarlo.","og_url":"https:\/\/letrame.com\/catalogo\/producto\/escribir-sobre-el-agua-la-cara-humana-del-alzheimer\/","og_site_name":"Catalogo | Letrame Grupo Editorial","article_modified_time":"2025-12-24T10:18:13+00:00","og_image":[{"width":1746,"height":2560,"url":"https:\/\/letrame.com\/catalogo\/wp-content\/uploads\/2025\/12\/escribirsobreelagua_1214mm4-scaled.jpg","type":"image\/jpeg"}],"twitter_card":"summary_large_image","twitter_misc":{"Tiempo de lectura":"2 minutos"},"schema":{"@context":"https:\/\/schema.org","@graph":[{"@type":"WebPage","@id":"https:\/\/letrame.com\/catalogo\/producto\/escribir-sobre-el-agua-la-cara-humana-del-alzheimer\/","url":"https:\/\/letrame.com\/catalogo\/producto\/escribir-sobre-el-agua-la-cara-humana-del-alzheimer\/","name":"Escribir sobre el agua: La cara humana del alzheimer - Catalogo | Letrame Grupo Editorial","isPartOf":{"@id":"https:\/\/letrame.com\/catalogo\/#website"},"primaryImageOfPage":{"@id":"https:\/\/letrame.com\/catalogo\/producto\/escribir-sobre-el-agua-la-cara-humana-del-alzheimer\/#primaryimage"},"image":{"@id":"https:\/\/letrame.com\/catalogo\/producto\/escribir-sobre-el-agua-la-cara-humana-del-alzheimer\/#primaryimage"},"thumbnailUrl":"https:\/\/letrame.com\/catalogo\/wp-content\/uploads\/2025\/12\/escribirsobreelagua_1214mm4-scaled.jpg","datePublished":"2025-12-24T10:18:12+00:00","dateModified":"2025-12-24T10:18:13+00:00","breadcrumb":{"@id":"https:\/\/letrame.com\/catalogo\/producto\/escribir-sobre-el-agua-la-cara-humana-del-alzheimer\/#breadcrumb"},"inLanguage":"es","potentialAction":[{"@type":"ReadAction","target":["https:\/\/letrame.com\/catalogo\/producto\/escribir-sobre-el-agua-la-cara-humana-del-alzheimer\/"]}]},{"@type":"ImageObject","inLanguage":"es","@id":"https:\/\/letrame.com\/catalogo\/producto\/escribir-sobre-el-agua-la-cara-humana-del-alzheimer\/#primaryimage","url":"https:\/\/letrame.com\/catalogo\/wp-content\/uploads\/2025\/12\/escribirsobreelagua_1214mm4-scaled.jpg","contentUrl":"https:\/\/letrame.com\/catalogo\/wp-content\/uploads\/2025\/12\/escribirsobreelagua_1214mm4-scaled.jpg","width":1746,"height":2560},{"@type":"BreadcrumbList","@id":"https:\/\/letrame.com\/catalogo\/producto\/escribir-sobre-el-agua-la-cara-humana-del-alzheimer\/#breadcrumb","itemListElement":[{"@type":"ListItem","position":1,"name":"Portada","item":"https:\/\/letrame.com\/catalogo\/"},{"@type":"ListItem","position":2,"name":"Cat\u00e1logo","item":"https:\/\/letrame.com\/catalogo\/"},{"@type":"ListItem","position":3,"name":"Escribir sobre el agua: La cara humana del alzheimer"}]},{"@type":"WebSite","@id":"https:\/\/letrame.com\/catalogo\/#website","url":"https:\/\/letrame.com\/catalogo\/","name":"Catalogo | Letrame Grupo Editorial","description":"","publisher":{"@id":"https:\/\/letrame.com\/catalogo\/#organization"},"potentialAction":[{"@type":"SearchAction","target":{"@type":"EntryPoint","urlTemplate":"https:\/\/letrame.com\/catalogo\/?s={search_term_string}"},"query-input":{"@type":"PropertyValueSpecification","valueRequired":true,"valueName":"search_term_string"}}],"inLanguage":"es"},{"@type":"Organization","@id":"https:\/\/letrame.com\/catalogo\/#organization","name":"Catalogo | Letrame Grupo Editorial","url":"https:\/\/letrame.com\/catalogo\/","logo":{"@type":"ImageObject","inLanguage":"es","@id":"https:\/\/letrame.com\/catalogo\/#\/schema\/logo\/image\/","url":"https:\/\/letrame.com\/catalogo\/wp-content\/uploads\/2024\/03\/logo2.webp","contentUrl":"https:\/\/letrame.com\/catalogo\/wp-content\/uploads\/2024\/03\/logo2.webp","width":394,"height":128,"caption":"Catalogo | Letrame Grupo Editorial"},"image":{"@id":"https:\/\/letrame.com\/catalogo\/#\/schema\/logo\/image\/"}}]}},"_links":{"self":[{"href":"https:\/\/letrame.com\/catalogo\/wp-json\/wp\/v2\/product\/110265","targetHints":{"allow":["GET"]}}],"collection":[{"href":"https:\/\/letrame.com\/catalogo\/wp-json\/wp\/v2\/product"}],"about":[{"href":"https:\/\/letrame.com\/catalogo\/wp-json\/wp\/v2\/types\/product"}],"replies":[{"embeddable":true,"href":"https:\/\/letrame.com\/catalogo\/wp-json\/wp\/v2\/comments?post=110265"}],"acf:post":[{"embeddable":true,"href":"https:\/\/letrame.com\/catalogo\/wp-json\/wp\/v2\/author_book\/105827"}],"wp:featuredmedia":[{"embeddable":true,"href":"https:\/\/letrame.com\/catalogo\/wp-json\/wp\/v2\/media\/110267"}],"wp:attachment":[{"href":"https:\/\/letrame.com\/catalogo\/wp-json\/wp\/v2\/media?parent=110265"}],"wp:term":[{"taxonomy":"libro","embeddable":true,"href":"https:\/\/letrame.com\/catalogo\/wp-json\/wp\/v2\/libro?post=110265"},{"taxonomy":"product_brand","embeddable":true,"href":"https:\/\/letrame.com\/catalogo\/wp-json\/wp\/v2\/product_brand?post=110265"},{"taxonomy":"product_cat","embeddable":true,"href":"https:\/\/letrame.com\/catalogo\/wp-json\/wp\/v2\/product_cat?post=110265"},{"taxonomy":"product_tag","embeddable":true,"href":"https:\/\/letrame.com\/catalogo\/wp-json\/wp\/v2\/product_tag?post=110265"}],"curies":[{"name":"wp","href":"https:\/\/api.w.org\/{rel}","templated":true}]}}