{"id":110259,"date":"2025-12-24T11:13:33","date_gmt":"2025-12-24T10:13:33","guid":{"rendered":"https:\/\/letrame.com\/catalogo\/?post_type=product&#038;p=110259"},"modified":"2025-12-24T11:13:33","modified_gmt":"2025-12-24T10:13:33","slug":"santa-juana-de-chantal","status":"publish","type":"product","link":"https:\/\/letrame.com\/catalogo\/producto\/santa-juana-de-chantal\/","title":{"rendered":"Santa Juana De Chantal"},"content":{"rendered":"<p class=\"p1\"><b>ISBN:\u00a0<\/b>979-13-7012-528-8<\/p>\n<p class=\"p1\"><b>T\u00edtulo:\u00a0<\/b><span data-sheets-root=\"1\">Santa Juana De Chantal<\/span><br \/>\n<b>Fecha:\u00a0<\/b>2025<br \/>\n<b>P\u00e1ginas:\u00a0<\/b>176<b><\/b><\/p>\n<p class=\"p1\"><b>SINOPSIS<\/b><b><\/b><\/p>\n<div id=\"bookDescription_feature_div\" class=\"celwidget\" data-feature-name=\"bookDescription\" data-csa-c-type=\"widget\" data-csa-c-content-id=\"bookDescription\" data-csa-c-slot-id=\"bookDescription_feature_div\" data-csa-c-asin=\"B0FXBS67MC\" data-csa-c-is-in-initial-active-row=\"false\" data-csa-c-id=\"kook3-l75mz7-bix0i9-33a6l9\">\n<div class=\"a-expander-collapsed-height a-row a-expander-container a-spacing-base a-expander-partial-collapse-container\" data-a-expander-name=\"book_description_expander\" data-a-expander-collapsed-height=\"280\">\n<div class=\"a-expander-content a-expander-partial-collapse-content\" data-expanded=\"false\">Este libro narra la fascinante vida de santa Juana Francisca Fr\u00e9myot de Chantal, fundadora de la Orden de la Visitaci\u00f3n de Ntra. Se\u00f1ora, tambi\u00e9n conocida en Espa\u00f1a como \u00ablas Salesas\u00bb. La figura de esta grand\u00edsima santa francesa nos resulta especialmente interesante por m\u00faltiples razones, entre otras, por desvelarnos su permanente combate interior buscando la voluntad de Dios. Ayudada por san Francisco de Sales, van descubriendo el plan divino al que ella responde con docilidad total. La relaci\u00f3n entre ambos santos se convierte en el ejemplo ideal de lo que debe ser una direcci\u00f3n espiritual.<\/div>\n<div class=\"a-expander-content a-expander-partial-collapse-content\" data-expanded=\"false\">\nEn sus distintos estados de vida, como soltera, casada, madre, viuda y monja, brillan sus virtudes admirablemente, conmoviendo su ardiente caridad.<\/div>\n<div class=\"a-expander-content a-expander-partial-collapse-content\" data-expanded=\"false\">\nTratando de ayudar al lector a penetrar con mayor gusto en esta historia, se ha ilustrado la obra con unas setenta im\u00e1genes, fotograf\u00edas y dibujos, de personajes y lugares, muchos de ellos realmente hermosos.<\/div>\n<\/div>\n<\/div>\n<div id=\"globalStoreInfoBullets_feature_div\" class=\"celwidget\" data-feature-name=\"globalStoreInfoBullets\" data-csa-c-type=\"widget\" data-csa-c-content-id=\"globalStoreInfoBullets\" data-csa-c-slot-id=\"globalStoreInfoBullets_feature_div\" data-csa-c-asin=\"B0FXBS67MC\" data-csa-c-is-in-initial-active-row=\"false\" data-csa-c-id=\"480of8-jd3mo3-cdx32m-huc04t\"><\/div>\n<div id=\"buyingOptionNostosBadge_feature_div\" class=\"celwidget\" data-feature-name=\"buyingOptionNostosBadge\" data-csa-c-type=\"widget\" data-csa-c-content-id=\"buyingOptionNostosBadge\" data-csa-c-slot-id=\"buyingOptionNostosBadge_feature_div\" data-csa-c-asin=\"B0FXBS67MC\" data-csa-c-is-in-initial-active-row=\"false\" data-csa-c-id=\"irpuht-l7dbxc-ar2ncd-hxglgt\"><\/div>\n<div id=\"tellAmazon_feature_div\" class=\"celwidget\" data-feature-name=\"tellAmazon\" data-csa-c-type=\"widget\" data-csa-c-content-id=\"tellAmazon\" data-csa-c-slot-id=\"tellAmazon_feature_div\" data-csa-c-asin=\"B0FXBS67MC\" data-csa-c-is-in-initial-active-row=\"false\" data-csa-c-id=\"9rrk3b-motxeu-z896ah-csozsw\">\n<div class=\"celwidget c-f\" data-csa-op-log-render=\"\" data-csa-c-content-id=\"DsUnknown\" data-csa-c-slot-id=\"DsUnknown-7\" data-csa-c-type=\"widget\" data-csa-c-painter=\"tell-amazon-desktop-cards\" data-csa-c-id=\"m36iml-4wm5sy-dvsdlm-nngm3w\">\n<div id=\"CardInstanceAWGUYtNFfe3q7iDaP-_efA\" data-card-metrics-id=\"tell-amazon-desktop_DetailPage_6\" data-acp-tracking=\"{}\" data-mix-claimed=\"true\">\n<div class=\"_tell-amazon-desktop_style_tell_amazon_div__1YDZk\" data-asin=\"B0FXBS67MC\" data-customer-id=\"\" data-marketplace=\"A1RKKUPIHCS9HS\" data-session-id=\"520-8781832-5690849\" data-logged-in=\"false\"><\/div>\n<\/div>\n<\/div>\n<\/div>\n","protected":false},"excerpt":{"rendered":"<p class=\"p1\"><b>ISBN:\u00a0<\/b>979-13-7012-528-8<\/p>\n<p class=\"p1\"><b>SINOPSIS<\/b><b><\/b><\/p>\n<div id=\"bookDescription_feature_div\" class=\"celwidget\" data-feature-name=\"bookDescription\" data-csa-c-type=\"widget\" data-csa-c-content-id=\"bookDescription\" data-csa-c-slot-id=\"bookDescription_feature_div\" data-csa-c-asin=\"B0FXBS67MC\" data-csa-c-is-in-initial-active-row=\"false\" data-csa-c-id=\"kook3-l75mz7-bix0i9-33a6l9\">\n<div class=\"a-expander-collapsed-height a-row a-expander-container a-spacing-base a-expander-partial-collapse-container\" data-a-expander-name=\"book_description_expander\" data-a-expander-collapsed-height=\"280\">\n<div class=\"a-expander-content a-expander-partial-collapse-content\" data-expanded=\"false\">Este libro narra la fascinante vida de santa Juana Francisca Fr\u00e9myot de Chantal, fundadora de la Orden de la Visitaci\u00f3n de Ntra. Se\u00f1ora, tambi\u00e9n conocida en Espa\u00f1a como \u00ablas Salesas\u00bb. La figura de esta grand\u00edsima santa francesa nos resulta especialmente interesante por m\u00faltiples razones, entre otras, por desvelarnos su permanente combate interior buscando la voluntad de Dios. Ayudada por san Francisco de Sales, van descubriendo el plan divino al que ella responde con docilidad total. La relaci\u00f3n entre ambos santos se convierte en el ejemplo ideal de lo que debe ser una direcci\u00f3n espiritual.<\/div>\n<div class=\"a-expander-content a-expander-partial-collapse-content\" data-expanded=\"false\">\nEn sus distintos estados de vida, como soltera, casada, madre, viuda y monja, brillan sus virtudes admirablemente, conmoviendo su ardiente caridad.<\/div>\n<div class=\"a-expander-content a-expander-partial-collapse-content\" data-expanded=\"false\">\nTratando de ayudar al lector a penetrar con mayor gusto en esta historia, se ha ilustrado la obra con unas setenta im\u00e1genes, fotograf\u00edas y dibujos, de personajes y lugares, muchos de ellos realmente hermosos.<\/div>\n<\/div>\n<\/div>\n<div id=\"globalStoreInfoBullets_feature_div\" class=\"celwidget\" data-feature-name=\"globalStoreInfoBullets\" data-csa-c-type=\"widget\" data-csa-c-content-id=\"globalStoreInfoBullets\" data-csa-c-slot-id=\"globalStoreInfoBullets_feature_div\" data-csa-c-asin=\"B0FXBS67MC\" data-csa-c-is-in-initial-active-row=\"false\" data-csa-c-id=\"480of8-jd3mo3-cdx32m-huc04t\"><\/div>\n<div id=\"buyingOptionNostosBadge_feature_div\" class=\"celwidget\" data-feature-name=\"buyingOptionNostosBadge\" data-csa-c-type=\"widget\" data-csa-c-content-id=\"buyingOptionNostosBadge\" data-csa-c-slot-id=\"buyingOptionNostosBadge_feature_div\" data-csa-c-asin=\"B0FXBS67MC\" data-csa-c-is-in-initial-active-row=\"false\" data-csa-c-id=\"irpuht-l7dbxc-ar2ncd-hxglgt\"><\/div>\n<div id=\"tellAmazon_feature_div\" class=\"celwidget\" data-feature-name=\"tellAmazon\" data-csa-c-type=\"widget\" data-csa-c-content-id=\"tellAmazon\" data-csa-c-slot-id=\"tellAmazon_feature_div\" data-csa-c-asin=\"B0FXBS67MC\" data-csa-c-is-in-initial-active-row=\"false\" data-csa-c-id=\"9rrk3b-motxeu-z896ah-csozsw\">\n<div class=\"celwidget c-f\" data-csa-op-log-render=\"\" data-csa-c-content-id=\"DsUnknown\" data-csa-c-slot-id=\"DsUnknown-7\" data-csa-c-type=\"widget\" data-csa-c-painter=\"tell-amazon-desktop-cards\" data-csa-c-id=\"m36iml-4wm5sy-dvsdlm-nngm3w\">\n<div id=\"CardInstanceAWGUYtNFfe3q7iDaP-_efA\" data-card-metrics-id=\"tell-amazon-desktop_DetailPage_6\" data-acp-tracking=\"{}\" data-mix-claimed=\"true\">\n<div class=\"_tell-amazon-desktop_style_tell_amazon_div__1YDZk\" data-asin=\"B0FXBS67MC\" data-customer-id=\"\" data-marketplace=\"A1RKKUPIHCS9HS\" data-session-id=\"520-8781832-5690849\" data-logged-in=\"false\"><\/div>\n<\/div>\n<\/div>\n<\/div>\n","protected":false},"featured_media":110263,"comment_status":"open","ping_status":"closed","template":"","meta":{"_acf_changed":false},"libro":[],"product_brand":[],"product_cat":[102],"product_tag":[],"class_list":{"0":"post-110259","1":"product","2":"type-product","3":"status-publish","4":"has-post-thumbnail","6":"product_cat-biografia","8":"first","9":"instock","10":"shipping-taxable","11":"product-type-simple"},"acf":{"autor":[110260],"enlace_de_compra":"https:\/\/www.amazon.es\/Santa-Juana-Chantal-busca-voluntad\/dp\/B0FXBS67MC\/ref=sr_1_1?__mk_es_ES=%C3%85M%C3%85%C5%BD%C3%95%C3%91&crid=8KNHI0QITD9K&dib=eyJ2IjoiMSJ9.Kp174C-w4pNFelpaXF9xO7MZ6FOHj34lnwL_fKyalFRDjfb9Z_bF-fbn6fitnKReeCGfAxpEY2dkd9AlYHSjbL4xSdcMv8E4VD4v4XSRoao2ggvqmzXBcCGCLMJv1kBT1LS1wZeFExeiu72CNaOrx6xPDYohWQFVh3GKzQGUVNT5uwhho4B9Vos523LXDgTGYqeIH8B3OjcSc6SavN_9Pa-YEZStp_eh4DKxSrMm2IY.u4zutYppvoxzPn4n3Tk2qNAupDkZ57Hrcz-UXJYSIvM&dib_tag=se&keywords=Santa+Juana+De+Chantal&qid=1766501957&s=books&sprefix=santa+juana+de+chantal%2Cstripbooks%2C74&sr=1-1"},"yoast_head":"<!-- This site is optimized with the Yoast SEO plugin v27.4 - https:\/\/yoast.com\/product\/yoast-seo-wordpress\/ -->\n<title>Santa Juana De Chantal - Catalogo | Letrame Grupo Editorial<\/title>\n<meta name=\"robots\" content=\"index, follow, max-snippet:-1, max-image-preview:large, max-video-preview:-1\" \/>\n<link rel=\"canonical\" href=\"https:\/\/letrame.com\/catalogo\/producto\/santa-juana-de-chantal\/\" \/>\n<meta property=\"og:locale\" content=\"es_ES\" \/>\n<meta property=\"og:type\" content=\"article\" \/>\n<meta property=\"og:title\" content=\"Santa Juana De Chantal - Catalogo | Letrame Grupo Editorial\" \/>\n<meta property=\"og:description\" content=\"ISBN:\u00a0979-13-7012-528-8 SINOPSIS    Este libro narra la fascinante vida de santa Juana Francisca Fr\u00e9myot de Chantal, fundadora de la Orden de la Visitaci\u00f3n de Ntra. Se\u00f1ora, tambi\u00e9n conocida en Espa\u00f1a como \u00ablas Salesas\u00bb. La figura de esta grand\u00edsima santa francesa nos resulta especialmente interesante por m\u00faltiples razones, entre otras, por desvelarnos su permanente combate interior buscando la voluntad de Dios. Ayudada por san Francisco de Sales, van descubriendo el plan divino al que ella responde con docilidad total. La relaci\u00f3n entre ambos santos se convierte en el ejemplo ideal de lo que debe ser una direcci\u00f3n espiritual.  En sus distintos estados de vida, como soltera, casada, madre, viuda y monja, brillan sus virtudes admirablemente, conmoviendo su ardiente caridad.  Tratando de ayudar al lector a penetrar con mayor gusto en esta historia, se ha ilustrado la obra con unas setenta im\u00e1genes, fotograf\u00edas y dibujos, de personajes y lugares, muchos de ellos realmente hermosos.\" \/>\n<meta property=\"og:url\" content=\"https:\/\/letrame.com\/catalogo\/producto\/santa-juana-de-chantal\/\" \/>\n<meta property=\"og:site_name\" content=\"Catalogo | Letrame Grupo Editorial\" \/>\n<meta property=\"og:image\" content=\"https:\/\/letrame.com\/catalogo\/wp-content\/uploads\/2025\/12\/santajuana_919mm4-scaled.jpg\" \/>\n\t<meta property=\"og:image:width\" content=\"1746\" \/>\n\t<meta property=\"og:image:height\" content=\"2560\" \/>\n\t<meta property=\"og:image:type\" content=\"image\/jpeg\" \/>\n<meta name=\"twitter:card\" content=\"summary_large_image\" \/>\n<meta name=\"twitter:label1\" content=\"Tiempo de lectura\" \/>\n\t<meta name=\"twitter:data1\" content=\"1 minuto\" \/>\n<script type=\"application\/ld+json\" class=\"yoast-schema-graph\">{\"@context\":\"https:\\\/\\\/schema.org\",\"@graph\":[{\"@type\":\"WebPage\",\"@id\":\"https:\\\/\\\/letrame.com\\\/catalogo\\\/producto\\\/santa-juana-de-chantal\\\/\",\"url\":\"https:\\\/\\\/letrame.com\\\/catalogo\\\/producto\\\/santa-juana-de-chantal\\\/\",\"name\":\"Santa Juana De Chantal - Catalogo | Letrame Grupo Editorial\",\"isPartOf\":{\"@id\":\"https:\\\/\\\/letrame.com\\\/catalogo\\\/#website\"},\"primaryImageOfPage\":{\"@id\":\"https:\\\/\\\/letrame.com\\\/catalogo\\\/producto\\\/santa-juana-de-chantal\\\/#primaryimage\"},\"image\":{\"@id\":\"https:\\\/\\\/letrame.com\\\/catalogo\\\/producto\\\/santa-juana-de-chantal\\\/#primaryimage\"},\"thumbnailUrl\":\"https:\\\/\\\/letrame.com\\\/catalogo\\\/wp-content\\\/uploads\\\/2025\\\/12\\\/santajuana_919mm4-scaled.jpg\",\"datePublished\":\"2025-12-24T10:13:33+00:00\",\"breadcrumb\":{\"@id\":\"https:\\\/\\\/letrame.com\\\/catalogo\\\/producto\\\/santa-juana-de-chantal\\\/#breadcrumb\"},\"inLanguage\":\"es\",\"potentialAction\":[{\"@type\":\"ReadAction\",\"target\":[\"https:\\\/\\\/letrame.com\\\/catalogo\\\/producto\\\/santa-juana-de-chantal\\\/\"]}]},{\"@type\":\"ImageObject\",\"inLanguage\":\"es\",\"@id\":\"https:\\\/\\\/letrame.com\\\/catalogo\\\/producto\\\/santa-juana-de-chantal\\\/#primaryimage\",\"url\":\"https:\\\/\\\/letrame.com\\\/catalogo\\\/wp-content\\\/uploads\\\/2025\\\/12\\\/santajuana_919mm4-scaled.jpg\",\"contentUrl\":\"https:\\\/\\\/letrame.com\\\/catalogo\\\/wp-content\\\/uploads\\\/2025\\\/12\\\/santajuana_919mm4-scaled.jpg\",\"width\":1746,\"height\":2560},{\"@type\":\"BreadcrumbList\",\"@id\":\"https:\\\/\\\/letrame.com\\\/catalogo\\\/producto\\\/santa-juana-de-chantal\\\/#breadcrumb\",\"itemListElement\":[{\"@type\":\"ListItem\",\"position\":1,\"name\":\"Portada\",\"item\":\"https:\\\/\\\/letrame.com\\\/catalogo\\\/\"},{\"@type\":\"ListItem\",\"position\":2,\"name\":\"Cat\u00e1logo\",\"item\":\"https:\\\/\\\/letrame.com\\\/catalogo\\\/\"},{\"@type\":\"ListItem\",\"position\":3,\"name\":\"Santa Juana De Chantal\"}]},{\"@type\":\"WebSite\",\"@id\":\"https:\\\/\\\/letrame.com\\\/catalogo\\\/#website\",\"url\":\"https:\\\/\\\/letrame.com\\\/catalogo\\\/\",\"name\":\"Catalogo | Letrame Grupo Editorial\",\"description\":\"\",\"publisher\":{\"@id\":\"https:\\\/\\\/letrame.com\\\/catalogo\\\/#organization\"},\"potentialAction\":[{\"@type\":\"SearchAction\",\"target\":{\"@type\":\"EntryPoint\",\"urlTemplate\":\"https:\\\/\\\/letrame.com\\\/catalogo\\\/?s={search_term_string}\"},\"query-input\":{\"@type\":\"PropertyValueSpecification\",\"valueRequired\":true,\"valueName\":\"search_term_string\"}}],\"inLanguage\":\"es\"},{\"@type\":\"Organization\",\"@id\":\"https:\\\/\\\/letrame.com\\\/catalogo\\\/#organization\",\"name\":\"Catalogo | Letrame Grupo Editorial\",\"url\":\"https:\\\/\\\/letrame.com\\\/catalogo\\\/\",\"logo\":{\"@type\":\"ImageObject\",\"inLanguage\":\"es\",\"@id\":\"https:\\\/\\\/letrame.com\\\/catalogo\\\/#\\\/schema\\\/logo\\\/image\\\/\",\"url\":\"https:\\\/\\\/letrame.com\\\/catalogo\\\/wp-content\\\/uploads\\\/2024\\\/03\\\/logo2.webp\",\"contentUrl\":\"https:\\\/\\\/letrame.com\\\/catalogo\\\/wp-content\\\/uploads\\\/2024\\\/03\\\/logo2.webp\",\"width\":394,\"height\":128,\"caption\":\"Catalogo | Letrame Grupo Editorial\"},\"image\":{\"@id\":\"https:\\\/\\\/letrame.com\\\/catalogo\\\/#\\\/schema\\\/logo\\\/image\\\/\"}}]}<\/script>\n<!-- \/ Yoast SEO plugin. -->","yoast_head_json":{"title":"Santa Juana De Chantal - Catalogo | Letrame Grupo Editorial","robots":{"index":"index","follow":"follow","max-snippet":"max-snippet:-1","max-image-preview":"max-image-preview:large","max-video-preview":"max-video-preview:-1"},"canonical":"https:\/\/letrame.com\/catalogo\/producto\/santa-juana-de-chantal\/","og_locale":"es_ES","og_type":"article","og_title":"Santa Juana De Chantal - Catalogo | Letrame Grupo Editorial","og_description":"ISBN:\u00a0979-13-7012-528-8 SINOPSIS    Este libro narra la fascinante vida de santa Juana Francisca Fr\u00e9myot de Chantal, fundadora de la Orden de la Visitaci\u00f3n de Ntra. Se\u00f1ora, tambi\u00e9n conocida en Espa\u00f1a como \u00ablas Salesas\u00bb. La figura de esta grand\u00edsima santa francesa nos resulta especialmente interesante por m\u00faltiples razones, entre otras, por desvelarnos su permanente combate interior buscando la voluntad de Dios. Ayudada por san Francisco de Sales, van descubriendo el plan divino al que ella responde con docilidad total. La relaci\u00f3n entre ambos santos se convierte en el ejemplo ideal de lo que debe ser una direcci\u00f3n espiritual.  En sus distintos estados de vida, como soltera, casada, madre, viuda y monja, brillan sus virtudes admirablemente, conmoviendo su ardiente caridad.  Tratando de ayudar al lector a penetrar con mayor gusto en esta historia, se ha ilustrado la obra con unas setenta im\u00e1genes, fotograf\u00edas y dibujos, de personajes y lugares, muchos de ellos realmente hermosos.","og_url":"https:\/\/letrame.com\/catalogo\/producto\/santa-juana-de-chantal\/","og_site_name":"Catalogo | Letrame Grupo Editorial","og_image":[{"width":1746,"height":2560,"url":"https:\/\/letrame.com\/catalogo\/wp-content\/uploads\/2025\/12\/santajuana_919mm4-scaled.jpg","type":"image\/jpeg"}],"twitter_card":"summary_large_image","twitter_misc":{"Tiempo de lectura":"1 minuto"},"schema":{"@context":"https:\/\/schema.org","@graph":[{"@type":"WebPage","@id":"https:\/\/letrame.com\/catalogo\/producto\/santa-juana-de-chantal\/","url":"https:\/\/letrame.com\/catalogo\/producto\/santa-juana-de-chantal\/","name":"Santa Juana De Chantal - Catalogo | Letrame Grupo Editorial","isPartOf":{"@id":"https:\/\/letrame.com\/catalogo\/#website"},"primaryImageOfPage":{"@id":"https:\/\/letrame.com\/catalogo\/producto\/santa-juana-de-chantal\/#primaryimage"},"image":{"@id":"https:\/\/letrame.com\/catalogo\/producto\/santa-juana-de-chantal\/#primaryimage"},"thumbnailUrl":"https:\/\/letrame.com\/catalogo\/wp-content\/uploads\/2025\/12\/santajuana_919mm4-scaled.jpg","datePublished":"2025-12-24T10:13:33+00:00","breadcrumb":{"@id":"https:\/\/letrame.com\/catalogo\/producto\/santa-juana-de-chantal\/#breadcrumb"},"inLanguage":"es","potentialAction":[{"@type":"ReadAction","target":["https:\/\/letrame.com\/catalogo\/producto\/santa-juana-de-chantal\/"]}]},{"@type":"ImageObject","inLanguage":"es","@id":"https:\/\/letrame.com\/catalogo\/producto\/santa-juana-de-chantal\/#primaryimage","url":"https:\/\/letrame.com\/catalogo\/wp-content\/uploads\/2025\/12\/santajuana_919mm4-scaled.jpg","contentUrl":"https:\/\/letrame.com\/catalogo\/wp-content\/uploads\/2025\/12\/santajuana_919mm4-scaled.jpg","width":1746,"height":2560},{"@type":"BreadcrumbList","@id":"https:\/\/letrame.com\/catalogo\/producto\/santa-juana-de-chantal\/#breadcrumb","itemListElement":[{"@type":"ListItem","position":1,"name":"Portada","item":"https:\/\/letrame.com\/catalogo\/"},{"@type":"ListItem","position":2,"name":"Cat\u00e1logo","item":"https:\/\/letrame.com\/catalogo\/"},{"@type":"ListItem","position":3,"name":"Santa Juana De Chantal"}]},{"@type":"WebSite","@id":"https:\/\/letrame.com\/catalogo\/#website","url":"https:\/\/letrame.com\/catalogo\/","name":"Catalogo | Letrame Grupo Editorial","description":"","publisher":{"@id":"https:\/\/letrame.com\/catalogo\/#organization"},"potentialAction":[{"@type":"SearchAction","target":{"@type":"EntryPoint","urlTemplate":"https:\/\/letrame.com\/catalogo\/?s={search_term_string}"},"query-input":{"@type":"PropertyValueSpecification","valueRequired":true,"valueName":"search_term_string"}}],"inLanguage":"es"},{"@type":"Organization","@id":"https:\/\/letrame.com\/catalogo\/#organization","name":"Catalogo | Letrame Grupo Editorial","url":"https:\/\/letrame.com\/catalogo\/","logo":{"@type":"ImageObject","inLanguage":"es","@id":"https:\/\/letrame.com\/catalogo\/#\/schema\/logo\/image\/","url":"https:\/\/letrame.com\/catalogo\/wp-content\/uploads\/2024\/03\/logo2.webp","contentUrl":"https:\/\/letrame.com\/catalogo\/wp-content\/uploads\/2024\/03\/logo2.webp","width":394,"height":128,"caption":"Catalogo | Letrame Grupo Editorial"},"image":{"@id":"https:\/\/letrame.com\/catalogo\/#\/schema\/logo\/image\/"}}]}},"_links":{"self":[{"href":"https:\/\/letrame.com\/catalogo\/wp-json\/wp\/v2\/product\/110259","targetHints":{"allow":["GET"]}}],"collection":[{"href":"https:\/\/letrame.com\/catalogo\/wp-json\/wp\/v2\/product"}],"about":[{"href":"https:\/\/letrame.com\/catalogo\/wp-json\/wp\/v2\/types\/product"}],"replies":[{"embeddable":true,"href":"https:\/\/letrame.com\/catalogo\/wp-json\/wp\/v2\/comments?post=110259"}],"acf:post":[{"embeddable":true,"href":"https:\/\/letrame.com\/catalogo\/wp-json\/wp\/v2\/author_book\/110260"}],"wp:featuredmedia":[{"embeddable":true,"href":"https:\/\/letrame.com\/catalogo\/wp-json\/wp\/v2\/media\/110263"}],"wp:attachment":[{"href":"https:\/\/letrame.com\/catalogo\/wp-json\/wp\/v2\/media?parent=110259"}],"wp:term":[{"taxonomy":"libro","embeddable":true,"href":"https:\/\/letrame.com\/catalogo\/wp-json\/wp\/v2\/libro?post=110259"},{"taxonomy":"product_brand","embeddable":true,"href":"https:\/\/letrame.com\/catalogo\/wp-json\/wp\/v2\/product_brand?post=110259"},{"taxonomy":"product_cat","embeddable":true,"href":"https:\/\/letrame.com\/catalogo\/wp-json\/wp\/v2\/product_cat?post=110259"},{"taxonomy":"product_tag","embeddable":true,"href":"https:\/\/letrame.com\/catalogo\/wp-json\/wp\/v2\/product_tag?post=110259"}],"curies":[{"name":"wp","href":"https:\/\/api.w.org\/{rel}","templated":true}]}}