{"id":110248,"date":"2025-12-23T15:47:39","date_gmt":"2025-12-23T14:47:39","guid":{"rendered":"https:\/\/letrame.com\/catalogo\/?post_type=product&#038;p=110248"},"modified":"2025-12-23T15:47:39","modified_gmt":"2025-12-23T14:47:39","slug":"la-naturaleza-se-transforma","status":"publish","type":"product","link":"https:\/\/letrame.com\/catalogo\/producto\/la-naturaleza-se-transforma\/","title":{"rendered":"La naturaleza se transforma"},"content":{"rendered":"<p class=\"p1\"><b>ISBN: <\/b>979-13-7012-545-5<\/p>\n<p class=\"p1\"><b>T\u00edtulo:\u00a0<\/b>La naturaleza se transforma<br \/>\n<b>Fecha:\u00a0<\/b>2025<br \/>\n<b>P\u00e1ginas:\u00a0<\/b>220<b><\/b><\/p>\n<p class=\"p1\"><b>SINOPSIS<\/b><\/p>\n<p>Somos recibidos en una sociedad y cultura que tiene estrictos lineamientos para encajarnos en ella y etiquetar nuestro futuro. Crecemos y nos educamos hasta alcanzar la madurez, para luego tomar decisiones por nosotros mismos. Y esto incluye nuestra identidad de g\u00e9nero y preferencias sexuales.<\/p>\n<p>Desde el binarismo como pilar de la identidad de la especie humana, Oscar Borja reflexiona en este libro: \u00bfSi la capacidad de identificarse con un g\u00e9nero distinto al asignado al nacer representa una evoluci\u00f3n de la naturaleza? \u00bfSi la naturaleza realmente permite explorar posibilidades m\u00e1s all\u00e1 del binarismo? \u00bfSi la existencia de g\u00e9neros diversos a los contemplados en el binarismo son el resultado de un error de la naturaleza?<\/p>\n<p>Por m\u00e1s variadas que sean las respuestas, la realidad es que la identidad de g\u00e9nero es innegablemente parte de la Naturaleza del ser humano. Ya sea que estemos de acuerdo o no, la llamada es a respetarnos y a empatizar, desafiando la discriminaci\u00f3n y el odio, abogando por un mundo donde la diversidad de identidad de g\u00e9neros no sea motivo de divisi\u00f3n, sino de comprensi\u00f3n y aceptaci\u00f3n.<\/p>\n","protected":false},"excerpt":{"rendered":"<p class=\"p1\"><b>ISBN: <\/b>979-13-7012-545-5<\/p>\n<p class=\"p1\"><b>SINOPSIS<\/b><\/p>\n<p>Somos recibidos en una sociedad y cultura que tiene estrictos lineamientos para encajarnos en ella y etiquetar nuestro futuro. Crecemos y nos educamos hasta alcanzar la madurez, para luego tomar decisiones por nosotros mismos. Y esto incluye nuestra identidad de g\u00e9nero y preferencias sexuales.<\/p>\n<p>Desde el binarismo como pilar de la identidad de la especie humana, Oscar Borja reflexiona en este libro: \u00bfSi la capacidad de identificarse con un g\u00e9nero distinto al asignado al nacer representa una evoluci\u00f3n de la naturaleza? \u00bfSi la naturaleza realmente permite explorar posibilidades m\u00e1s all\u00e1 del binarismo? \u00bfSi la existencia de g\u00e9neros diversos a los contemplados en el binarismo son el resultado de un error de la naturaleza?<\/p>\n<p>Por m\u00e1s variadas que sean las respuestas, la realidad es que la identidad de g\u00e9nero es innegablemente parte de la Naturaleza del ser humano. Ya sea que estemos de acuerdo o no, la llamada es a respetarnos y a empatizar, desafiando la discriminaci\u00f3n y el odio, abogando por un mundo donde la diversidad de identidad de g\u00e9neros no sea motivo de divisi\u00f3n, sino de comprensi\u00f3n y aceptaci\u00f3n.<\/p>\n","protected":false},"featured_media":110249,"comment_status":"open","ping_status":"closed","template":"","meta":{"_acf_changed":false},"libro":[],"product_brand":[],"product_cat":[143],"product_tag":[],"class_list":{"0":"post-110248","1":"product","2":"type-product","3":"status-publish","4":"has-post-thumbnail","6":"product_cat-sociologia","8":"first","9":"instock","10":"shipping-taxable","11":"product-type-simple"},"acf":{"autor":[109834],"enlace_de_compra":"https:\/\/www.todostuslibros.com\/libros\/la-naturaleza-se-transforma_979-13-7012-545-5"},"yoast_head":"<!-- This site is optimized with the Yoast SEO plugin v27.4 - https:\/\/yoast.com\/product\/yoast-seo-wordpress\/ -->\n<title>La naturaleza se transforma - Catalogo | Letrame Grupo Editorial<\/title>\n<meta name=\"robots\" content=\"index, follow, max-snippet:-1, max-image-preview:large, max-video-preview:-1\" \/>\n<link rel=\"canonical\" href=\"https:\/\/letrame.com\/catalogo\/producto\/la-naturaleza-se-transforma\/\" \/>\n<meta property=\"og:locale\" content=\"es_ES\" \/>\n<meta property=\"og:type\" content=\"article\" \/>\n<meta property=\"og:title\" content=\"La naturaleza se transforma - Catalogo | Letrame Grupo Editorial\" \/>\n<meta property=\"og:description\" content=\"ISBN: 979-13-7012-545-5 SINOPSIS Somos recibidos en una sociedad y cultura que tiene estrictos lineamientos para encajarnos en ella y etiquetar nuestro futuro. Crecemos y nos educamos hasta alcanzar la madurez, para luego tomar decisiones por nosotros mismos. Y esto incluye nuestra identidad de g\u00e9nero y preferencias sexuales.  Desde el binarismo como pilar de la identidad de la especie humana, Oscar Borja reflexiona en este libro: \u00bfSi la capacidad de identificarse con un g\u00e9nero distinto al asignado al nacer representa una evoluci\u00f3n de la naturaleza? \u00bfSi la naturaleza realmente permite explorar posibilidades m\u00e1s all\u00e1 del binarismo? \u00bfSi la existencia de g\u00e9neros diversos a los contemplados en el binarismo son el resultado de un error de la naturaleza?  Por m\u00e1s variadas que sean las respuestas, la realidad es que la identidad de g\u00e9nero es innegablemente parte de la Naturaleza del ser humano. Ya sea que estemos de acuerdo o no, la llamada es a respetarnos y a empatizar, desafiando la discriminaci\u00f3n y el odio, abogando por un mundo donde la diversidad de identidad de g\u00e9neros no sea motivo de divisi\u00f3n, sino de comprensi\u00f3n y aceptaci\u00f3n.\" \/>\n<meta property=\"og:url\" content=\"https:\/\/letrame.com\/catalogo\/producto\/la-naturaleza-se-transforma\/\" \/>\n<meta property=\"og:site_name\" content=\"Catalogo | Letrame Grupo Editorial\" \/>\n<meta property=\"og:image\" content=\"https:\/\/letrame.com\/catalogo\/wp-content\/uploads\/2025\/12\/La-naturaleza-se-transforma4-scaled.jpg\" \/>\n\t<meta property=\"og:image:width\" content=\"1746\" \/>\n\t<meta property=\"og:image:height\" content=\"2560\" \/>\n\t<meta property=\"og:image:type\" content=\"image\/jpeg\" \/>\n<meta name=\"twitter:card\" content=\"summary_large_image\" \/>\n<meta name=\"twitter:label1\" content=\"Tiempo de lectura\" \/>\n\t<meta name=\"twitter:data1\" content=\"1 minuto\" \/>\n<script type=\"application\/ld+json\" class=\"yoast-schema-graph\">{\"@context\":\"https:\\\/\\\/schema.org\",\"@graph\":[{\"@type\":\"WebPage\",\"@id\":\"https:\\\/\\\/letrame.com\\\/catalogo\\\/producto\\\/la-naturaleza-se-transforma\\\/\",\"url\":\"https:\\\/\\\/letrame.com\\\/catalogo\\\/producto\\\/la-naturaleza-se-transforma\\\/\",\"name\":\"La naturaleza se transforma - Catalogo | Letrame Grupo Editorial\",\"isPartOf\":{\"@id\":\"https:\\\/\\\/letrame.com\\\/catalogo\\\/#website\"},\"primaryImageOfPage\":{\"@id\":\"https:\\\/\\\/letrame.com\\\/catalogo\\\/producto\\\/la-naturaleza-se-transforma\\\/#primaryimage\"},\"image\":{\"@id\":\"https:\\\/\\\/letrame.com\\\/catalogo\\\/producto\\\/la-naturaleza-se-transforma\\\/#primaryimage\"},\"thumbnailUrl\":\"https:\\\/\\\/letrame.com\\\/catalogo\\\/wp-content\\\/uploads\\\/2025\\\/12\\\/La-naturaleza-se-transforma4-scaled.jpg\",\"datePublished\":\"2025-12-23T14:47:39+00:00\",\"breadcrumb\":{\"@id\":\"https:\\\/\\\/letrame.com\\\/catalogo\\\/producto\\\/la-naturaleza-se-transforma\\\/#breadcrumb\"},\"inLanguage\":\"es\",\"potentialAction\":[{\"@type\":\"ReadAction\",\"target\":[\"https:\\\/\\\/letrame.com\\\/catalogo\\\/producto\\\/la-naturaleza-se-transforma\\\/\"]}]},{\"@type\":\"ImageObject\",\"inLanguage\":\"es\",\"@id\":\"https:\\\/\\\/letrame.com\\\/catalogo\\\/producto\\\/la-naturaleza-se-transforma\\\/#primaryimage\",\"url\":\"https:\\\/\\\/letrame.com\\\/catalogo\\\/wp-content\\\/uploads\\\/2025\\\/12\\\/La-naturaleza-se-transforma4-scaled.jpg\",\"contentUrl\":\"https:\\\/\\\/letrame.com\\\/catalogo\\\/wp-content\\\/uploads\\\/2025\\\/12\\\/La-naturaleza-se-transforma4-scaled.jpg\",\"width\":1746,\"height\":2560},{\"@type\":\"BreadcrumbList\",\"@id\":\"https:\\\/\\\/letrame.com\\\/catalogo\\\/producto\\\/la-naturaleza-se-transforma\\\/#breadcrumb\",\"itemListElement\":[{\"@type\":\"ListItem\",\"position\":1,\"name\":\"Portada\",\"item\":\"https:\\\/\\\/letrame.com\\\/catalogo\\\/\"},{\"@type\":\"ListItem\",\"position\":2,\"name\":\"Cat\u00e1logo\",\"item\":\"https:\\\/\\\/letrame.com\\\/catalogo\\\/\"},{\"@type\":\"ListItem\",\"position\":3,\"name\":\"La naturaleza se transforma\"}]},{\"@type\":\"WebSite\",\"@id\":\"https:\\\/\\\/letrame.com\\\/catalogo\\\/#website\",\"url\":\"https:\\\/\\\/letrame.com\\\/catalogo\\\/\",\"name\":\"Catalogo | Letrame Grupo Editorial\",\"description\":\"\",\"publisher\":{\"@id\":\"https:\\\/\\\/letrame.com\\\/catalogo\\\/#organization\"},\"potentialAction\":[{\"@type\":\"SearchAction\",\"target\":{\"@type\":\"EntryPoint\",\"urlTemplate\":\"https:\\\/\\\/letrame.com\\\/catalogo\\\/?s={search_term_string}\"},\"query-input\":{\"@type\":\"PropertyValueSpecification\",\"valueRequired\":true,\"valueName\":\"search_term_string\"}}],\"inLanguage\":\"es\"},{\"@type\":\"Organization\",\"@id\":\"https:\\\/\\\/letrame.com\\\/catalogo\\\/#organization\",\"name\":\"Catalogo | Letrame Grupo Editorial\",\"url\":\"https:\\\/\\\/letrame.com\\\/catalogo\\\/\",\"logo\":{\"@type\":\"ImageObject\",\"inLanguage\":\"es\",\"@id\":\"https:\\\/\\\/letrame.com\\\/catalogo\\\/#\\\/schema\\\/logo\\\/image\\\/\",\"url\":\"https:\\\/\\\/letrame.com\\\/catalogo\\\/wp-content\\\/uploads\\\/2024\\\/03\\\/logo2.webp\",\"contentUrl\":\"https:\\\/\\\/letrame.com\\\/catalogo\\\/wp-content\\\/uploads\\\/2024\\\/03\\\/logo2.webp\",\"width\":394,\"height\":128,\"caption\":\"Catalogo | Letrame Grupo Editorial\"},\"image\":{\"@id\":\"https:\\\/\\\/letrame.com\\\/catalogo\\\/#\\\/schema\\\/logo\\\/image\\\/\"}}]}<\/script>\n<!-- \/ Yoast SEO plugin. -->","yoast_head_json":{"title":"La naturaleza se transforma - Catalogo | Letrame Grupo Editorial","robots":{"index":"index","follow":"follow","max-snippet":"max-snippet:-1","max-image-preview":"max-image-preview:large","max-video-preview":"max-video-preview:-1"},"canonical":"https:\/\/letrame.com\/catalogo\/producto\/la-naturaleza-se-transforma\/","og_locale":"es_ES","og_type":"article","og_title":"La naturaleza se transforma - Catalogo | Letrame Grupo Editorial","og_description":"ISBN: 979-13-7012-545-5 SINOPSIS Somos recibidos en una sociedad y cultura que tiene estrictos lineamientos para encajarnos en ella y etiquetar nuestro futuro. Crecemos y nos educamos hasta alcanzar la madurez, para luego tomar decisiones por nosotros mismos. Y esto incluye nuestra identidad de g\u00e9nero y preferencias sexuales.  Desde el binarismo como pilar de la identidad de la especie humana, Oscar Borja reflexiona en este libro: \u00bfSi la capacidad de identificarse con un g\u00e9nero distinto al asignado al nacer representa una evoluci\u00f3n de la naturaleza? \u00bfSi la naturaleza realmente permite explorar posibilidades m\u00e1s all\u00e1 del binarismo? \u00bfSi la existencia de g\u00e9neros diversos a los contemplados en el binarismo son el resultado de un error de la naturaleza?  Por m\u00e1s variadas que sean las respuestas, la realidad es que la identidad de g\u00e9nero es innegablemente parte de la Naturaleza del ser humano. Ya sea que estemos de acuerdo o no, la llamada es a respetarnos y a empatizar, desafiando la discriminaci\u00f3n y el odio, abogando por un mundo donde la diversidad de identidad de g\u00e9neros no sea motivo de divisi\u00f3n, sino de comprensi\u00f3n y aceptaci\u00f3n.","og_url":"https:\/\/letrame.com\/catalogo\/producto\/la-naturaleza-se-transforma\/","og_site_name":"Catalogo | Letrame Grupo Editorial","og_image":[{"width":1746,"height":2560,"url":"https:\/\/letrame.com\/catalogo\/wp-content\/uploads\/2025\/12\/La-naturaleza-se-transforma4-scaled.jpg","type":"image\/jpeg"}],"twitter_card":"summary_large_image","twitter_misc":{"Tiempo de lectura":"1 minuto"},"schema":{"@context":"https:\/\/schema.org","@graph":[{"@type":"WebPage","@id":"https:\/\/letrame.com\/catalogo\/producto\/la-naturaleza-se-transforma\/","url":"https:\/\/letrame.com\/catalogo\/producto\/la-naturaleza-se-transforma\/","name":"La naturaleza se transforma - Catalogo | Letrame Grupo Editorial","isPartOf":{"@id":"https:\/\/letrame.com\/catalogo\/#website"},"primaryImageOfPage":{"@id":"https:\/\/letrame.com\/catalogo\/producto\/la-naturaleza-se-transforma\/#primaryimage"},"image":{"@id":"https:\/\/letrame.com\/catalogo\/producto\/la-naturaleza-se-transforma\/#primaryimage"},"thumbnailUrl":"https:\/\/letrame.com\/catalogo\/wp-content\/uploads\/2025\/12\/La-naturaleza-se-transforma4-scaled.jpg","datePublished":"2025-12-23T14:47:39+00:00","breadcrumb":{"@id":"https:\/\/letrame.com\/catalogo\/producto\/la-naturaleza-se-transforma\/#breadcrumb"},"inLanguage":"es","potentialAction":[{"@type":"ReadAction","target":["https:\/\/letrame.com\/catalogo\/producto\/la-naturaleza-se-transforma\/"]}]},{"@type":"ImageObject","inLanguage":"es","@id":"https:\/\/letrame.com\/catalogo\/producto\/la-naturaleza-se-transforma\/#primaryimage","url":"https:\/\/letrame.com\/catalogo\/wp-content\/uploads\/2025\/12\/La-naturaleza-se-transforma4-scaled.jpg","contentUrl":"https:\/\/letrame.com\/catalogo\/wp-content\/uploads\/2025\/12\/La-naturaleza-se-transforma4-scaled.jpg","width":1746,"height":2560},{"@type":"BreadcrumbList","@id":"https:\/\/letrame.com\/catalogo\/producto\/la-naturaleza-se-transforma\/#breadcrumb","itemListElement":[{"@type":"ListItem","position":1,"name":"Portada","item":"https:\/\/letrame.com\/catalogo\/"},{"@type":"ListItem","position":2,"name":"Cat\u00e1logo","item":"https:\/\/letrame.com\/catalogo\/"},{"@type":"ListItem","position":3,"name":"La naturaleza se transforma"}]},{"@type":"WebSite","@id":"https:\/\/letrame.com\/catalogo\/#website","url":"https:\/\/letrame.com\/catalogo\/","name":"Catalogo | Letrame Grupo Editorial","description":"","publisher":{"@id":"https:\/\/letrame.com\/catalogo\/#organization"},"potentialAction":[{"@type":"SearchAction","target":{"@type":"EntryPoint","urlTemplate":"https:\/\/letrame.com\/catalogo\/?s={search_term_string}"},"query-input":{"@type":"PropertyValueSpecification","valueRequired":true,"valueName":"search_term_string"}}],"inLanguage":"es"},{"@type":"Organization","@id":"https:\/\/letrame.com\/catalogo\/#organization","name":"Catalogo | Letrame Grupo Editorial","url":"https:\/\/letrame.com\/catalogo\/","logo":{"@type":"ImageObject","inLanguage":"es","@id":"https:\/\/letrame.com\/catalogo\/#\/schema\/logo\/image\/","url":"https:\/\/letrame.com\/catalogo\/wp-content\/uploads\/2024\/03\/logo2.webp","contentUrl":"https:\/\/letrame.com\/catalogo\/wp-content\/uploads\/2024\/03\/logo2.webp","width":394,"height":128,"caption":"Catalogo | Letrame Grupo Editorial"},"image":{"@id":"https:\/\/letrame.com\/catalogo\/#\/schema\/logo\/image\/"}}]}},"_links":{"self":[{"href":"https:\/\/letrame.com\/catalogo\/wp-json\/wp\/v2\/product\/110248","targetHints":{"allow":["GET"]}}],"collection":[{"href":"https:\/\/letrame.com\/catalogo\/wp-json\/wp\/v2\/product"}],"about":[{"href":"https:\/\/letrame.com\/catalogo\/wp-json\/wp\/v2\/types\/product"}],"replies":[{"embeddable":true,"href":"https:\/\/letrame.com\/catalogo\/wp-json\/wp\/v2\/comments?post=110248"}],"acf:post":[{"embeddable":true,"href":"https:\/\/letrame.com\/catalogo\/wp-json\/wp\/v2\/author_book\/109834"}],"wp:featuredmedia":[{"embeddable":true,"href":"https:\/\/letrame.com\/catalogo\/wp-json\/wp\/v2\/media\/110249"}],"wp:attachment":[{"href":"https:\/\/letrame.com\/catalogo\/wp-json\/wp\/v2\/media?parent=110248"}],"wp:term":[{"taxonomy":"libro","embeddable":true,"href":"https:\/\/letrame.com\/catalogo\/wp-json\/wp\/v2\/libro?post=110248"},{"taxonomy":"product_brand","embeddable":true,"href":"https:\/\/letrame.com\/catalogo\/wp-json\/wp\/v2\/product_brand?post=110248"},{"taxonomy":"product_cat","embeddable":true,"href":"https:\/\/letrame.com\/catalogo\/wp-json\/wp\/v2\/product_cat?post=110248"},{"taxonomy":"product_tag","embeddable":true,"href":"https:\/\/letrame.com\/catalogo\/wp-json\/wp\/v2\/product_tag?post=110248"}],"curies":[{"name":"wp","href":"https:\/\/api.w.org\/{rel}","templated":true}]}}