{"id":110226,"date":"2025-12-23T13:45:12","date_gmt":"2025-12-23T12:45:12","guid":{"rendered":"https:\/\/letrame.com\/catalogo\/?post_type=product&#038;p=110226"},"modified":"2025-12-23T13:45:12","modified_gmt":"2025-12-23T12:45:12","slug":"tres-ocasiones-diferentes-en-la-misma-toma","status":"publish","type":"product","link":"https:\/\/letrame.com\/catalogo\/producto\/tres-ocasiones-diferentes-en-la-misma-toma\/","title":{"rendered":"Tres ocasiones diferentes en la misma toma"},"content":{"rendered":"<p class=\"p1\"><b>ISBN:\u00a0<\/b>979-13-7012-492-2<\/p>\n<p class=\"p1\"><b>T\u00edtulo: <\/b><span id=\"productTitle\" class=\"a-size-large celwidget\" data-csa-c-id=\"ilfrao-mx066x-5p0ah8-ycb5ab\" data-cel-widget=\"productTitle\">Tres ocasiones diferentes en la misma toma<\/span><\/p>\n<p class=\"p1\"><b>Fecha:\u00a0<\/b>2025<br \/>\n<b>P\u00e1ginas:\u00a0<\/b>102<b><\/b><\/p>\n<p class=\"p1\"><b>SINOPSIS<\/b><\/p>\n<p>Hay instantes que no se repiten, pero que nunca dejan de ocurrir dentro de uno. Como si el recuerdo quedara en pausa, repiti\u00e9ndose en una misma toma con matices distintos.<br \/>\nTres ocasiones diferentes en una misma toma es un viaje por el amor y sus r\u00e9plicas. Un montaje \u00edntimo donde las palabras son planos, los silencios son cortes y las emociones se ensamblan como fotogramas de una historia que no se deja contar del todo.<br \/>\nAqu\u00ed no hay una sola l\u00ednea argumental, sino m\u00faltiples desv\u00edos, Hashes, heridas y susurros que regresan, una y otra vez, al mismo centro: la intensidad de lo vivido.<br \/>\nLos textos de Adriano Medina se mueven entre la narraci\u00f3n cruda, la poes\u00eda espont\u00e1nea y el pensamiento visceral. Hablan de encuentros que marcan, de cuerpos que se dicen m\u00e1s que las palabras, de despedidas inevitables&#8230;. y de otras que se resisten a llegar. Todo ocurre en distintos tiempos, pero dentro de una misma emoci\u00f3n.<br \/>\nEste libro es para quienes alguna vez amaron sin garant\u00edas, perdieron sin entender del todo, y siguieron adelante con la certeza de que lo vivido, aunque no vuelva, jam\u00e1s se borra.<\/p>\n","protected":false},"excerpt":{"rendered":"<p class=\"p1\"><b>ISBN:\u00a0<\/b>979-13-7012-492-2<\/p>\n<p class=\"p1\"><b>SINOPSIS<\/b><\/p>\n<p>Hay instantes que no se repiten, pero que nunca dejan de ocurrir dentro de uno. Como si el recuerdo quedara en pausa, repiti\u00e9ndose en una misma toma con matices distintos.<br \/>\nTres ocasiones diferentes en una misma toma es un viaje por el amor y sus r\u00e9plicas. Un montaje \u00edntimo donde las palabras son planos, los silencios son cortes y las emociones se ensamblan como fotogramas de una historia que no se deja contar del todo.<br \/>\nAqu\u00ed no hay una sola l\u00ednea argumental, sino m\u00faltiples desv\u00edos, Hashes, heridas y susurros que regresan, una y otra vez, al mismo centro: la intensidad de lo vivido.<br \/>\nLos textos de Adriano Medina se mueven entre la narraci\u00f3n cruda, la poes\u00eda espont\u00e1nea y el pensamiento visceral. Hablan de encuentros que marcan, de cuerpos que se dicen m\u00e1s que las palabras, de despedidas inevitables&#8230;. y de otras que se resisten a llegar. Todo ocurre en distintos tiempos, pero dentro de una misma emoci\u00f3n.<br \/>\nEste libro es para quienes alguna vez amaron sin garant\u00edas, perdieron sin entender del todo, y siguieron adelante con la certeza de que lo vivido, aunque no vuelva, jam\u00e1s se borra.<\/p>\n","protected":false},"featured_media":110229,"comment_status":"open","ping_status":"closed","template":"","meta":{"_acf_changed":false},"libro":[],"product_brand":[],"product_cat":[124],"product_tag":[],"class_list":{"0":"post-110226","1":"product","2":"type-product","3":"status-publish","4":"has-post-thumbnail","6":"product_cat-psicologia","8":"first","9":"instock","10":"shipping-taxable","11":"product-type-simple"},"acf":{"autor":[110227],"enlace_de_compra":"https:\/\/www.amazon.es\/Tres-ocasiones-diferentes-misma-toma\/dp\/B0FH25PKZL\/ref=sr_1_1?__mk_es_ES=%C3%85M%C3%85%C5%BD%C3%95%C3%91&crid=1FW656ZKR5QNV&dib=eyJ2IjoiMSJ9.Y3GtPnRpfPPP91bHcIeyQw.wB6zFUt4jIctS-Rz49tr5TUVGWx9tuwXWLvOrH85c2Y&dib_tag=se&keywords=Tres+ocasiones+diferentes+en+la+misma+toma&qid=1766493677&s=books&sprefix=tres+ocasiones+diferentes+en+la+misma+toma+%2Cstripbooks%2C88&sr=1-1"},"yoast_head":"<!-- This site is optimized with the Yoast SEO plugin v27.4 - https:\/\/yoast.com\/product\/yoast-seo-wordpress\/ -->\n<title>Tres ocasiones diferentes en la misma toma - Catalogo | Letrame Grupo Editorial<\/title>\n<meta name=\"robots\" content=\"index, follow, max-snippet:-1, max-image-preview:large, max-video-preview:-1\" \/>\n<link rel=\"canonical\" href=\"https:\/\/letrame.com\/catalogo\/producto\/tres-ocasiones-diferentes-en-la-misma-toma\/\" \/>\n<meta property=\"og:locale\" content=\"es_ES\" \/>\n<meta property=\"og:type\" content=\"article\" \/>\n<meta property=\"og:title\" content=\"Tres ocasiones diferentes en la misma toma - Catalogo | Letrame Grupo Editorial\" \/>\n<meta property=\"og:description\" content=\"ISBN:\u00a0979-13-7012-492-2 SINOPSIS Hay instantes que no se repiten, pero que nunca dejan de ocurrir dentro de uno. Como si el recuerdo quedara en pausa, repiti\u00e9ndose en una misma toma con matices distintos. Tres ocasiones diferentes en una misma toma es un viaje por el amor y sus r\u00e9plicas. Un montaje \u00edntimo donde las palabras son planos, los silencios son cortes y las emociones se ensamblan como fotogramas de una historia que no se deja contar del todo. Aqu\u00ed no hay una sola l\u00ednea argumental, sino m\u00faltiples desv\u00edos, Hashes, heridas y susurros que regresan, una y otra vez, al mismo centro: la intensidad de lo vivido. Los textos de Adriano Medina se mueven entre la narraci\u00f3n cruda, la poes\u00eda espont\u00e1nea y el pensamiento visceral. Hablan de encuentros que marcan, de cuerpos que se dicen m\u00e1s que las palabras, de despedidas inevitables.... y de otras que se resisten a llegar. Todo ocurre en distintos tiempos, pero dentro de una misma emoci\u00f3n. Este libro es para quienes alguna vez amaron sin garant\u00edas, perdieron sin entender del todo, y siguieron adelante con la certeza de que lo vivido, aunque no vuelva, jam\u00e1s se borra.\" \/>\n<meta property=\"og:url\" content=\"https:\/\/letrame.com\/catalogo\/producto\/tres-ocasiones-diferentes-en-la-misma-toma\/\" \/>\n<meta property=\"og:site_name\" content=\"Catalogo | Letrame Grupo Editorial\" \/>\n<meta property=\"og:image\" content=\"https:\/\/letrame.com\/catalogo\/wp-content\/uploads\/2025\/12\/tresocasiones_578mm4.jpg\" \/>\n\t<meta property=\"og:image:width\" content=\"1772\" \/>\n\t<meta property=\"og:image:height\" content=\"2480\" \/>\n\t<meta property=\"og:image:type\" content=\"image\/jpeg\" \/>\n<meta name=\"twitter:card\" content=\"summary_large_image\" \/>\n<meta name=\"twitter:label1\" content=\"Tiempo de lectura\" \/>\n\t<meta name=\"twitter:data1\" content=\"1 minuto\" \/>\n<script type=\"application\/ld+json\" class=\"yoast-schema-graph\">{\"@context\":\"https:\\\/\\\/schema.org\",\"@graph\":[{\"@type\":\"WebPage\",\"@id\":\"https:\\\/\\\/letrame.com\\\/catalogo\\\/producto\\\/tres-ocasiones-diferentes-en-la-misma-toma\\\/\",\"url\":\"https:\\\/\\\/letrame.com\\\/catalogo\\\/producto\\\/tres-ocasiones-diferentes-en-la-misma-toma\\\/\",\"name\":\"Tres ocasiones diferentes en la misma toma - Catalogo | Letrame Grupo Editorial\",\"isPartOf\":{\"@id\":\"https:\\\/\\\/letrame.com\\\/catalogo\\\/#website\"},\"primaryImageOfPage\":{\"@id\":\"https:\\\/\\\/letrame.com\\\/catalogo\\\/producto\\\/tres-ocasiones-diferentes-en-la-misma-toma\\\/#primaryimage\"},\"image\":{\"@id\":\"https:\\\/\\\/letrame.com\\\/catalogo\\\/producto\\\/tres-ocasiones-diferentes-en-la-misma-toma\\\/#primaryimage\"},\"thumbnailUrl\":\"https:\\\/\\\/letrame.com\\\/catalogo\\\/wp-content\\\/uploads\\\/2025\\\/12\\\/tresocasiones_578mm4.jpg\",\"datePublished\":\"2025-12-23T12:45:12+00:00\",\"breadcrumb\":{\"@id\":\"https:\\\/\\\/letrame.com\\\/catalogo\\\/producto\\\/tres-ocasiones-diferentes-en-la-misma-toma\\\/#breadcrumb\"},\"inLanguage\":\"es\",\"potentialAction\":[{\"@type\":\"ReadAction\",\"target\":[\"https:\\\/\\\/letrame.com\\\/catalogo\\\/producto\\\/tres-ocasiones-diferentes-en-la-misma-toma\\\/\"]}]},{\"@type\":\"ImageObject\",\"inLanguage\":\"es\",\"@id\":\"https:\\\/\\\/letrame.com\\\/catalogo\\\/producto\\\/tres-ocasiones-diferentes-en-la-misma-toma\\\/#primaryimage\",\"url\":\"https:\\\/\\\/letrame.com\\\/catalogo\\\/wp-content\\\/uploads\\\/2025\\\/12\\\/tresocasiones_578mm4.jpg\",\"contentUrl\":\"https:\\\/\\\/letrame.com\\\/catalogo\\\/wp-content\\\/uploads\\\/2025\\\/12\\\/tresocasiones_578mm4.jpg\",\"width\":1772,\"height\":2480},{\"@type\":\"BreadcrumbList\",\"@id\":\"https:\\\/\\\/letrame.com\\\/catalogo\\\/producto\\\/tres-ocasiones-diferentes-en-la-misma-toma\\\/#breadcrumb\",\"itemListElement\":[{\"@type\":\"ListItem\",\"position\":1,\"name\":\"Portada\",\"item\":\"https:\\\/\\\/letrame.com\\\/catalogo\\\/\"},{\"@type\":\"ListItem\",\"position\":2,\"name\":\"Cat\u00e1logo\",\"item\":\"https:\\\/\\\/letrame.com\\\/catalogo\\\/\"},{\"@type\":\"ListItem\",\"position\":3,\"name\":\"Tres ocasiones diferentes en la misma toma\"}]},{\"@type\":\"WebSite\",\"@id\":\"https:\\\/\\\/letrame.com\\\/catalogo\\\/#website\",\"url\":\"https:\\\/\\\/letrame.com\\\/catalogo\\\/\",\"name\":\"Catalogo | Letrame Grupo Editorial\",\"description\":\"\",\"publisher\":{\"@id\":\"https:\\\/\\\/letrame.com\\\/catalogo\\\/#organization\"},\"potentialAction\":[{\"@type\":\"SearchAction\",\"target\":{\"@type\":\"EntryPoint\",\"urlTemplate\":\"https:\\\/\\\/letrame.com\\\/catalogo\\\/?s={search_term_string}\"},\"query-input\":{\"@type\":\"PropertyValueSpecification\",\"valueRequired\":true,\"valueName\":\"search_term_string\"}}],\"inLanguage\":\"es\"},{\"@type\":\"Organization\",\"@id\":\"https:\\\/\\\/letrame.com\\\/catalogo\\\/#organization\",\"name\":\"Catalogo | Letrame Grupo Editorial\",\"url\":\"https:\\\/\\\/letrame.com\\\/catalogo\\\/\",\"logo\":{\"@type\":\"ImageObject\",\"inLanguage\":\"es\",\"@id\":\"https:\\\/\\\/letrame.com\\\/catalogo\\\/#\\\/schema\\\/logo\\\/image\\\/\",\"url\":\"https:\\\/\\\/letrame.com\\\/catalogo\\\/wp-content\\\/uploads\\\/2024\\\/03\\\/logo2.webp\",\"contentUrl\":\"https:\\\/\\\/letrame.com\\\/catalogo\\\/wp-content\\\/uploads\\\/2024\\\/03\\\/logo2.webp\",\"width\":394,\"height\":128,\"caption\":\"Catalogo | Letrame Grupo Editorial\"},\"image\":{\"@id\":\"https:\\\/\\\/letrame.com\\\/catalogo\\\/#\\\/schema\\\/logo\\\/image\\\/\"}}]}<\/script>\n<!-- \/ Yoast SEO plugin. -->","yoast_head_json":{"title":"Tres ocasiones diferentes en la misma toma - Catalogo | Letrame Grupo Editorial","robots":{"index":"index","follow":"follow","max-snippet":"max-snippet:-1","max-image-preview":"max-image-preview:large","max-video-preview":"max-video-preview:-1"},"canonical":"https:\/\/letrame.com\/catalogo\/producto\/tres-ocasiones-diferentes-en-la-misma-toma\/","og_locale":"es_ES","og_type":"article","og_title":"Tres ocasiones diferentes en la misma toma - Catalogo | Letrame Grupo Editorial","og_description":"ISBN:\u00a0979-13-7012-492-2 SINOPSIS Hay instantes que no se repiten, pero que nunca dejan de ocurrir dentro de uno. Como si el recuerdo quedara en pausa, repiti\u00e9ndose en una misma toma con matices distintos. Tres ocasiones diferentes en una misma toma es un viaje por el amor y sus r\u00e9plicas. Un montaje \u00edntimo donde las palabras son planos, los silencios son cortes y las emociones se ensamblan como fotogramas de una historia que no se deja contar del todo. Aqu\u00ed no hay una sola l\u00ednea argumental, sino m\u00faltiples desv\u00edos, Hashes, heridas y susurros que regresan, una y otra vez, al mismo centro: la intensidad de lo vivido. Los textos de Adriano Medina se mueven entre la narraci\u00f3n cruda, la poes\u00eda espont\u00e1nea y el pensamiento visceral. Hablan de encuentros que marcan, de cuerpos que se dicen m\u00e1s que las palabras, de despedidas inevitables.... y de otras que se resisten a llegar. Todo ocurre en distintos tiempos, pero dentro de una misma emoci\u00f3n. Este libro es para quienes alguna vez amaron sin garant\u00edas, perdieron sin entender del todo, y siguieron adelante con la certeza de que lo vivido, aunque no vuelva, jam\u00e1s se borra.","og_url":"https:\/\/letrame.com\/catalogo\/producto\/tres-ocasiones-diferentes-en-la-misma-toma\/","og_site_name":"Catalogo | Letrame Grupo Editorial","og_image":[{"width":1772,"height":2480,"url":"https:\/\/letrame.com\/catalogo\/wp-content\/uploads\/2025\/12\/tresocasiones_578mm4.jpg","type":"image\/jpeg"}],"twitter_card":"summary_large_image","twitter_misc":{"Tiempo de lectura":"1 minuto"},"schema":{"@context":"https:\/\/schema.org","@graph":[{"@type":"WebPage","@id":"https:\/\/letrame.com\/catalogo\/producto\/tres-ocasiones-diferentes-en-la-misma-toma\/","url":"https:\/\/letrame.com\/catalogo\/producto\/tres-ocasiones-diferentes-en-la-misma-toma\/","name":"Tres ocasiones diferentes en la misma toma - Catalogo | Letrame Grupo Editorial","isPartOf":{"@id":"https:\/\/letrame.com\/catalogo\/#website"},"primaryImageOfPage":{"@id":"https:\/\/letrame.com\/catalogo\/producto\/tres-ocasiones-diferentes-en-la-misma-toma\/#primaryimage"},"image":{"@id":"https:\/\/letrame.com\/catalogo\/producto\/tres-ocasiones-diferentes-en-la-misma-toma\/#primaryimage"},"thumbnailUrl":"https:\/\/letrame.com\/catalogo\/wp-content\/uploads\/2025\/12\/tresocasiones_578mm4.jpg","datePublished":"2025-12-23T12:45:12+00:00","breadcrumb":{"@id":"https:\/\/letrame.com\/catalogo\/producto\/tres-ocasiones-diferentes-en-la-misma-toma\/#breadcrumb"},"inLanguage":"es","potentialAction":[{"@type":"ReadAction","target":["https:\/\/letrame.com\/catalogo\/producto\/tres-ocasiones-diferentes-en-la-misma-toma\/"]}]},{"@type":"ImageObject","inLanguage":"es","@id":"https:\/\/letrame.com\/catalogo\/producto\/tres-ocasiones-diferentes-en-la-misma-toma\/#primaryimage","url":"https:\/\/letrame.com\/catalogo\/wp-content\/uploads\/2025\/12\/tresocasiones_578mm4.jpg","contentUrl":"https:\/\/letrame.com\/catalogo\/wp-content\/uploads\/2025\/12\/tresocasiones_578mm4.jpg","width":1772,"height":2480},{"@type":"BreadcrumbList","@id":"https:\/\/letrame.com\/catalogo\/producto\/tres-ocasiones-diferentes-en-la-misma-toma\/#breadcrumb","itemListElement":[{"@type":"ListItem","position":1,"name":"Portada","item":"https:\/\/letrame.com\/catalogo\/"},{"@type":"ListItem","position":2,"name":"Cat\u00e1logo","item":"https:\/\/letrame.com\/catalogo\/"},{"@type":"ListItem","position":3,"name":"Tres ocasiones diferentes en la misma toma"}]},{"@type":"WebSite","@id":"https:\/\/letrame.com\/catalogo\/#website","url":"https:\/\/letrame.com\/catalogo\/","name":"Catalogo | Letrame Grupo Editorial","description":"","publisher":{"@id":"https:\/\/letrame.com\/catalogo\/#organization"},"potentialAction":[{"@type":"SearchAction","target":{"@type":"EntryPoint","urlTemplate":"https:\/\/letrame.com\/catalogo\/?s={search_term_string}"},"query-input":{"@type":"PropertyValueSpecification","valueRequired":true,"valueName":"search_term_string"}}],"inLanguage":"es"},{"@type":"Organization","@id":"https:\/\/letrame.com\/catalogo\/#organization","name":"Catalogo | Letrame Grupo Editorial","url":"https:\/\/letrame.com\/catalogo\/","logo":{"@type":"ImageObject","inLanguage":"es","@id":"https:\/\/letrame.com\/catalogo\/#\/schema\/logo\/image\/","url":"https:\/\/letrame.com\/catalogo\/wp-content\/uploads\/2024\/03\/logo2.webp","contentUrl":"https:\/\/letrame.com\/catalogo\/wp-content\/uploads\/2024\/03\/logo2.webp","width":394,"height":128,"caption":"Catalogo | Letrame Grupo Editorial"},"image":{"@id":"https:\/\/letrame.com\/catalogo\/#\/schema\/logo\/image\/"}}]}},"_links":{"self":[{"href":"https:\/\/letrame.com\/catalogo\/wp-json\/wp\/v2\/product\/110226","targetHints":{"allow":["GET"]}}],"collection":[{"href":"https:\/\/letrame.com\/catalogo\/wp-json\/wp\/v2\/product"}],"about":[{"href":"https:\/\/letrame.com\/catalogo\/wp-json\/wp\/v2\/types\/product"}],"replies":[{"embeddable":true,"href":"https:\/\/letrame.com\/catalogo\/wp-json\/wp\/v2\/comments?post=110226"}],"acf:post":[{"embeddable":true,"href":"https:\/\/letrame.com\/catalogo\/wp-json\/wp\/v2\/author_book\/110227"}],"wp:featuredmedia":[{"embeddable":true,"href":"https:\/\/letrame.com\/catalogo\/wp-json\/wp\/v2\/media\/110229"}],"wp:attachment":[{"href":"https:\/\/letrame.com\/catalogo\/wp-json\/wp\/v2\/media?parent=110226"}],"wp:term":[{"taxonomy":"libro","embeddable":true,"href":"https:\/\/letrame.com\/catalogo\/wp-json\/wp\/v2\/libro?post=110226"},{"taxonomy":"product_brand","embeddable":true,"href":"https:\/\/letrame.com\/catalogo\/wp-json\/wp\/v2\/product_brand?post=110226"},{"taxonomy":"product_cat","embeddable":true,"href":"https:\/\/letrame.com\/catalogo\/wp-json\/wp\/v2\/product_cat?post=110226"},{"taxonomy":"product_tag","embeddable":true,"href":"https:\/\/letrame.com\/catalogo\/wp-json\/wp\/v2\/product_tag?post=110226"}],"curies":[{"name":"wp","href":"https:\/\/api.w.org\/{rel}","templated":true}]}}