{"id":110201,"date":"2025-12-23T13:11:29","date_gmt":"2025-12-23T12:11:29","guid":{"rendered":"https:\/\/letrame.com\/catalogo\/?post_type=product&#038;p=110201"},"modified":"2025-12-23T13:11:30","modified_gmt":"2025-12-23T12:11:30","slug":"el-culi-mambi-una-historia-de-superacion-y-libertad-la-vida-de-un-joven-y-su-lucha-en-busca-de-un-destino","status":"publish","type":"product","link":"https:\/\/letrame.com\/catalogo\/producto\/el-culi-mambi-una-historia-de-superacion-y-libertad-la-vida-de-un-joven-y-su-lucha-en-busca-de-un-destino\/","title":{"rendered":"El cul\u00ed mamb\u00ed: Una historia de superaci\u00f3n y libertad. La vida de un joven y su lucha en busca de un destino"},"content":{"rendered":"<p class=\"p1\"><b>ISBN: <\/b>979-13-7012-549-3<\/p>\n<p class=\"p1\"><b>T\u00edtulo:\u00a0<\/b>El cul\u00ed mamb\u00ed: Una historia de superaci\u00f3n y libertad. La vida de un joven y su lucha en busca de un destino<br \/>\n<b>Fecha:<\/b> 2025<br \/>\n<b>P\u00e1ginas:\u00a0<\/b>72<b><\/b><\/p>\n<p class=\"p1\"><b>SINOPSIS<\/b><\/p>\n<p>El cul\u00ed mamb\u00ed es una obra de ficci\u00f3n basada en hechos hist\u00f3ricos ocurrido en China y Cuba. En China, la situaci\u00f3n social y econ\u00f3mica de la poblaci\u00f3n en la segunda mitad del siglo XIX oblig\u00f3 a muchas personas a emigrar, firmando contratos que eran un nuevo tipo de esclavitud y que superaban incluso en beneficio a los esclavos provenientes de \u00c1frica, porque no ten\u00edan que mantenerlos y trabajaban por poco dinero, teniendo los chinos que pagar por su viaje y por su subsistencia en el pa\u00eds que los acog\u00eda.<br \/>\nEl otro hecho hist\u00f3rico que se narra en esta obra son las guerras de independencia de Cuba, donde muchos chinos pelearon al lado de los cubanos, ofreciendo sus vidas por la nueva patria que los acogi\u00f3 en su seno. Esta peque\u00f1a obra de ficci\u00f3n intenta hacerle un homenaje a todos aquellos extranjeros que aportaron mucho en la causa independentista cubana.<\/p>\n","protected":false},"excerpt":{"rendered":"<p class=\"p1\"><b>ISBN: <\/b>979-13-7012-549-3<\/p>\n<p class=\"p1\"><b>SINOPSIS<\/b><\/p>\n<p>El cul\u00ed mamb\u00ed es una obra de ficci\u00f3n basada en hechos hist\u00f3ricos ocurrido en China y Cuba. En China, la situaci\u00f3n social y econ\u00f3mica de la poblaci\u00f3n en la segunda mitad del siglo XIX oblig\u00f3 a muchas personas a emigrar, firmando contratos que eran un nuevo tipo de esclavitud y que superaban incluso en beneficio a los esclavos provenientes de \u00c1frica, porque no ten\u00edan que mantenerlos y trabajaban por poco dinero, teniendo los chinos que pagar por su viaje y por su subsistencia en el pa\u00eds que los acog\u00eda.<br \/>\nEl otro hecho hist\u00f3rico que se narra en esta obra son las guerras de independencia de Cuba, donde muchos chinos pelearon al lado de los cubanos, ofreciendo sus vidas por la nueva patria que los acogi\u00f3 en su seno. Esta peque\u00f1a obra de ficci\u00f3n intenta hacerle un homenaje a todos aquellos extranjeros que aportaron mucho en la causa independentista cubana.<\/p>\n","protected":false},"featured_media":110205,"comment_status":"open","ping_status":"closed","template":"","meta":{"_acf_changed":false},"libro":[],"product_brand":[],"product_cat":[141],"product_tag":[],"class_list":{"0":"post-110201","1":"product","2":"type-product","3":"status-publish","4":"has-post-thumbnail","6":"product_cat-ficcion","8":"first","9":"instock","10":"shipping-taxable","11":"product-type-simple"},"acf":{"autor":[110202],"enlace_de_compra":"https:\/\/www.amazon.es\/El-cul%C3%AD-mamb%C3%AD-superaci%C3%B3n-libertad\/dp\/B0FMJY3TQV\/ref=sr_1_1?__mk_es_ES=%C3%85M%C3%85%C5%BD%C3%95%C3%91&crid=LCERGD3PWNM0&dib=eyJ2IjoiMSJ9.w5O9FtlG0x2upK-XOI7W9w.WlH59NPenpyXc3ACytDZic1WDjw-D_B6DKfxXhtxinE&dib_tag=se&keywords=El+cul%C3%AD+mamb%C3%AD&qid=1766491570&s=books&sprefix=el+cul%C3%AD+mamb%C3%AD%2Cstripbooks%2C84&sr=1-1"},"yoast_head":"<!-- This site is optimized with the Yoast SEO plugin v26.6 - https:\/\/yoast.com\/wordpress\/plugins\/seo\/ -->\n<title>El cul\u00ed mamb\u00ed: Una historia de superaci\u00f3n y libertad. La vida de un joven y su lucha en busca de un destino - Catalogo | Letrame Grupo Editorial<\/title>\n<meta name=\"robots\" content=\"index, follow, max-snippet:-1, max-image-preview:large, max-video-preview:-1\" \/>\n<link rel=\"canonical\" href=\"https:\/\/letrame.com\/catalogo\/producto\/el-culi-mambi-una-historia-de-superacion-y-libertad-la-vida-de-un-joven-y-su-lucha-en-busca-de-un-destino\/\" \/>\n<meta property=\"og:locale\" content=\"es_ES\" \/>\n<meta property=\"og:type\" content=\"article\" \/>\n<meta property=\"og:title\" content=\"El cul\u00ed mamb\u00ed: Una historia de superaci\u00f3n y libertad. La vida de un joven y su lucha en busca de un destino - Catalogo | Letrame Grupo Editorial\" \/>\n<meta property=\"og:description\" content=\"ISBN: 979-13-7012-549-3 SINOPSIS El cul\u00ed mamb\u00ed es una obra de ficci\u00f3n basada en hechos hist\u00f3ricos ocurrido en China y Cuba. En China, la situaci\u00f3n social y econ\u00f3mica de la poblaci\u00f3n en la segunda mitad del siglo XIX oblig\u00f3 a muchas personas a emigrar, firmando contratos que eran un nuevo tipo de esclavitud y que superaban incluso en beneficio a los esclavos provenientes de \u00c1frica, porque no ten\u00edan que mantenerlos y trabajaban por poco dinero, teniendo los chinos que pagar por su viaje y por su subsistencia en el pa\u00eds que los acog\u00eda. El otro hecho hist\u00f3rico que se narra en esta obra son las guerras de independencia de Cuba, donde muchos chinos pelearon al lado de los cubanos, ofreciendo sus vidas por la nueva patria que los acogi\u00f3 en su seno. Esta peque\u00f1a obra de ficci\u00f3n intenta hacerle un homenaje a todos aquellos extranjeros que aportaron mucho en la causa independentista cubana.\" \/>\n<meta property=\"og:url\" content=\"https:\/\/letrame.com\/catalogo\/producto\/el-culi-mambi-una-historia-de-superacion-y-libertad-la-vida-de-un-joven-y-su-lucha-en-busca-de-un-destino\/\" \/>\n<meta property=\"og:site_name\" content=\"Catalogo | Letrame Grupo Editorial\" \/>\n<meta property=\"article:modified_time\" content=\"2025-12-23T12:11:30+00:00\" \/>\n<meta property=\"og:image\" content=\"https:\/\/letrame.com\/catalogo\/wp-content\/uploads\/2025\/12\/elculimambi_439mm3.jpg\" \/>\n\t<meta property=\"og:image:width\" content=\"1748\" \/>\n\t<meta property=\"og:image:height\" content=\"2480\" \/>\n\t<meta property=\"og:image:type\" content=\"image\/jpeg\" \/>\n<meta name=\"twitter:card\" content=\"summary_large_image\" \/>\n<meta name=\"twitter:label1\" content=\"Tiempo de lectura\" \/>\n\t<meta name=\"twitter:data1\" content=\"2 minutos\" \/>\n<script type=\"application\/ld+json\" class=\"yoast-schema-graph\">{\"@context\":\"https:\/\/schema.org\",\"@graph\":[{\"@type\":\"WebPage\",\"@id\":\"https:\/\/letrame.com\/catalogo\/producto\/el-culi-mambi-una-historia-de-superacion-y-libertad-la-vida-de-un-joven-y-su-lucha-en-busca-de-un-destino\/\",\"url\":\"https:\/\/letrame.com\/catalogo\/producto\/el-culi-mambi-una-historia-de-superacion-y-libertad-la-vida-de-un-joven-y-su-lucha-en-busca-de-un-destino\/\",\"name\":\"El cul\u00ed mamb\u00ed: Una historia de superaci\u00f3n y libertad. La vida de un joven y su lucha en busca de un destino - Catalogo | Letrame Grupo Editorial\",\"isPartOf\":{\"@id\":\"https:\/\/letrame.com\/catalogo\/#website\"},\"primaryImageOfPage\":{\"@id\":\"https:\/\/letrame.com\/catalogo\/producto\/el-culi-mambi-una-historia-de-superacion-y-libertad-la-vida-de-un-joven-y-su-lucha-en-busca-de-un-destino\/#primaryimage\"},\"image\":{\"@id\":\"https:\/\/letrame.com\/catalogo\/producto\/el-culi-mambi-una-historia-de-superacion-y-libertad-la-vida-de-un-joven-y-su-lucha-en-busca-de-un-destino\/#primaryimage\"},\"thumbnailUrl\":\"https:\/\/letrame.com\/catalogo\/wp-content\/uploads\/2025\/12\/elculimambi_439mm3.jpg\",\"datePublished\":\"2025-12-23T12:11:29+00:00\",\"dateModified\":\"2025-12-23T12:11:30+00:00\",\"breadcrumb\":{\"@id\":\"https:\/\/letrame.com\/catalogo\/producto\/el-culi-mambi-una-historia-de-superacion-y-libertad-la-vida-de-un-joven-y-su-lucha-en-busca-de-un-destino\/#breadcrumb\"},\"inLanguage\":\"es\",\"potentialAction\":[{\"@type\":\"ReadAction\",\"target\":[\"https:\/\/letrame.com\/catalogo\/producto\/el-culi-mambi-una-historia-de-superacion-y-libertad-la-vida-de-un-joven-y-su-lucha-en-busca-de-un-destino\/\"]}]},{\"@type\":\"ImageObject\",\"inLanguage\":\"es\",\"@id\":\"https:\/\/letrame.com\/catalogo\/producto\/el-culi-mambi-una-historia-de-superacion-y-libertad-la-vida-de-un-joven-y-su-lucha-en-busca-de-un-destino\/#primaryimage\",\"url\":\"https:\/\/letrame.com\/catalogo\/wp-content\/uploads\/2025\/12\/elculimambi_439mm3.jpg\",\"contentUrl\":\"https:\/\/letrame.com\/catalogo\/wp-content\/uploads\/2025\/12\/elculimambi_439mm3.jpg\",\"width\":1748,\"height\":2480},{\"@type\":\"BreadcrumbList\",\"@id\":\"https:\/\/letrame.com\/catalogo\/producto\/el-culi-mambi-una-historia-de-superacion-y-libertad-la-vida-de-un-joven-y-su-lucha-en-busca-de-un-destino\/#breadcrumb\",\"itemListElement\":[{\"@type\":\"ListItem\",\"position\":1,\"name\":\"Portada\",\"item\":\"https:\/\/letrame.com\/catalogo\/\"},{\"@type\":\"ListItem\",\"position\":2,\"name\":\"Cat\u00e1logo\",\"item\":\"https:\/\/letrame.com\/catalogo\/\"},{\"@type\":\"ListItem\",\"position\":3,\"name\":\"El cul\u00ed mamb\u00ed: Una historia de superaci\u00f3n y libertad. La vida de un joven y su lucha en busca de un destino\"}]},{\"@type\":\"WebSite\",\"@id\":\"https:\/\/letrame.com\/catalogo\/#website\",\"url\":\"https:\/\/letrame.com\/catalogo\/\",\"name\":\"Catalogo | Letrame Grupo Editorial\",\"description\":\"\",\"publisher\":{\"@id\":\"https:\/\/letrame.com\/catalogo\/#organization\"},\"potentialAction\":[{\"@type\":\"SearchAction\",\"target\":{\"@type\":\"EntryPoint\",\"urlTemplate\":\"https:\/\/letrame.com\/catalogo\/?s={search_term_string}\"},\"query-input\":{\"@type\":\"PropertyValueSpecification\",\"valueRequired\":true,\"valueName\":\"search_term_string\"}}],\"inLanguage\":\"es\"},{\"@type\":\"Organization\",\"@id\":\"https:\/\/letrame.com\/catalogo\/#organization\",\"name\":\"Catalogo | Letrame Grupo Editorial\",\"url\":\"https:\/\/letrame.com\/catalogo\/\",\"logo\":{\"@type\":\"ImageObject\",\"inLanguage\":\"es\",\"@id\":\"https:\/\/letrame.com\/catalogo\/#\/schema\/logo\/image\/\",\"url\":\"https:\/\/letrame.com\/catalogo\/wp-content\/uploads\/2024\/03\/logo2.webp\",\"contentUrl\":\"https:\/\/letrame.com\/catalogo\/wp-content\/uploads\/2024\/03\/logo2.webp\",\"width\":394,\"height\":128,\"caption\":\"Catalogo | Letrame Grupo Editorial\"},\"image\":{\"@id\":\"https:\/\/letrame.com\/catalogo\/#\/schema\/logo\/image\/\"}}]}<\/script>\n<!-- \/ Yoast SEO plugin. -->","yoast_head_json":{"title":"El cul\u00ed mamb\u00ed: Una historia de superaci\u00f3n y libertad. La vida de un joven y su lucha en busca de un destino - Catalogo | Letrame Grupo Editorial","robots":{"index":"index","follow":"follow","max-snippet":"max-snippet:-1","max-image-preview":"max-image-preview:large","max-video-preview":"max-video-preview:-1"},"canonical":"https:\/\/letrame.com\/catalogo\/producto\/el-culi-mambi-una-historia-de-superacion-y-libertad-la-vida-de-un-joven-y-su-lucha-en-busca-de-un-destino\/","og_locale":"es_ES","og_type":"article","og_title":"El cul\u00ed mamb\u00ed: Una historia de superaci\u00f3n y libertad. La vida de un joven y su lucha en busca de un destino - Catalogo | Letrame Grupo Editorial","og_description":"ISBN: 979-13-7012-549-3 SINOPSIS El cul\u00ed mamb\u00ed es una obra de ficci\u00f3n basada en hechos hist\u00f3ricos ocurrido en China y Cuba. En China, la situaci\u00f3n social y econ\u00f3mica de la poblaci\u00f3n en la segunda mitad del siglo XIX oblig\u00f3 a muchas personas a emigrar, firmando contratos que eran un nuevo tipo de esclavitud y que superaban incluso en beneficio a los esclavos provenientes de \u00c1frica, porque no ten\u00edan que mantenerlos y trabajaban por poco dinero, teniendo los chinos que pagar por su viaje y por su subsistencia en el pa\u00eds que los acog\u00eda. El otro hecho hist\u00f3rico que se narra en esta obra son las guerras de independencia de Cuba, donde muchos chinos pelearon al lado de los cubanos, ofreciendo sus vidas por la nueva patria que los acogi\u00f3 en su seno. Esta peque\u00f1a obra de ficci\u00f3n intenta hacerle un homenaje a todos aquellos extranjeros que aportaron mucho en la causa independentista cubana.","og_url":"https:\/\/letrame.com\/catalogo\/producto\/el-culi-mambi-una-historia-de-superacion-y-libertad-la-vida-de-un-joven-y-su-lucha-en-busca-de-un-destino\/","og_site_name":"Catalogo | Letrame Grupo Editorial","article_modified_time":"2025-12-23T12:11:30+00:00","og_image":[{"width":1748,"height":2480,"url":"https:\/\/letrame.com\/catalogo\/wp-content\/uploads\/2025\/12\/elculimambi_439mm3.jpg","type":"image\/jpeg"}],"twitter_card":"summary_large_image","twitter_misc":{"Tiempo de lectura":"2 minutos"},"schema":{"@context":"https:\/\/schema.org","@graph":[{"@type":"WebPage","@id":"https:\/\/letrame.com\/catalogo\/producto\/el-culi-mambi-una-historia-de-superacion-y-libertad-la-vida-de-un-joven-y-su-lucha-en-busca-de-un-destino\/","url":"https:\/\/letrame.com\/catalogo\/producto\/el-culi-mambi-una-historia-de-superacion-y-libertad-la-vida-de-un-joven-y-su-lucha-en-busca-de-un-destino\/","name":"El cul\u00ed mamb\u00ed: Una historia de superaci\u00f3n y libertad. La vida de un joven y su lucha en busca de un destino - Catalogo | Letrame Grupo Editorial","isPartOf":{"@id":"https:\/\/letrame.com\/catalogo\/#website"},"primaryImageOfPage":{"@id":"https:\/\/letrame.com\/catalogo\/producto\/el-culi-mambi-una-historia-de-superacion-y-libertad-la-vida-de-un-joven-y-su-lucha-en-busca-de-un-destino\/#primaryimage"},"image":{"@id":"https:\/\/letrame.com\/catalogo\/producto\/el-culi-mambi-una-historia-de-superacion-y-libertad-la-vida-de-un-joven-y-su-lucha-en-busca-de-un-destino\/#primaryimage"},"thumbnailUrl":"https:\/\/letrame.com\/catalogo\/wp-content\/uploads\/2025\/12\/elculimambi_439mm3.jpg","datePublished":"2025-12-23T12:11:29+00:00","dateModified":"2025-12-23T12:11:30+00:00","breadcrumb":{"@id":"https:\/\/letrame.com\/catalogo\/producto\/el-culi-mambi-una-historia-de-superacion-y-libertad-la-vida-de-un-joven-y-su-lucha-en-busca-de-un-destino\/#breadcrumb"},"inLanguage":"es","potentialAction":[{"@type":"ReadAction","target":["https:\/\/letrame.com\/catalogo\/producto\/el-culi-mambi-una-historia-de-superacion-y-libertad-la-vida-de-un-joven-y-su-lucha-en-busca-de-un-destino\/"]}]},{"@type":"ImageObject","inLanguage":"es","@id":"https:\/\/letrame.com\/catalogo\/producto\/el-culi-mambi-una-historia-de-superacion-y-libertad-la-vida-de-un-joven-y-su-lucha-en-busca-de-un-destino\/#primaryimage","url":"https:\/\/letrame.com\/catalogo\/wp-content\/uploads\/2025\/12\/elculimambi_439mm3.jpg","contentUrl":"https:\/\/letrame.com\/catalogo\/wp-content\/uploads\/2025\/12\/elculimambi_439mm3.jpg","width":1748,"height":2480},{"@type":"BreadcrumbList","@id":"https:\/\/letrame.com\/catalogo\/producto\/el-culi-mambi-una-historia-de-superacion-y-libertad-la-vida-de-un-joven-y-su-lucha-en-busca-de-un-destino\/#breadcrumb","itemListElement":[{"@type":"ListItem","position":1,"name":"Portada","item":"https:\/\/letrame.com\/catalogo\/"},{"@type":"ListItem","position":2,"name":"Cat\u00e1logo","item":"https:\/\/letrame.com\/catalogo\/"},{"@type":"ListItem","position":3,"name":"El cul\u00ed mamb\u00ed: Una historia de superaci\u00f3n y libertad. La vida de un joven y su lucha en busca de un destino"}]},{"@type":"WebSite","@id":"https:\/\/letrame.com\/catalogo\/#website","url":"https:\/\/letrame.com\/catalogo\/","name":"Catalogo | Letrame Grupo Editorial","description":"","publisher":{"@id":"https:\/\/letrame.com\/catalogo\/#organization"},"potentialAction":[{"@type":"SearchAction","target":{"@type":"EntryPoint","urlTemplate":"https:\/\/letrame.com\/catalogo\/?s={search_term_string}"},"query-input":{"@type":"PropertyValueSpecification","valueRequired":true,"valueName":"search_term_string"}}],"inLanguage":"es"},{"@type":"Organization","@id":"https:\/\/letrame.com\/catalogo\/#organization","name":"Catalogo | Letrame Grupo Editorial","url":"https:\/\/letrame.com\/catalogo\/","logo":{"@type":"ImageObject","inLanguage":"es","@id":"https:\/\/letrame.com\/catalogo\/#\/schema\/logo\/image\/","url":"https:\/\/letrame.com\/catalogo\/wp-content\/uploads\/2024\/03\/logo2.webp","contentUrl":"https:\/\/letrame.com\/catalogo\/wp-content\/uploads\/2024\/03\/logo2.webp","width":394,"height":128,"caption":"Catalogo | Letrame Grupo Editorial"},"image":{"@id":"https:\/\/letrame.com\/catalogo\/#\/schema\/logo\/image\/"}}]}},"_links":{"self":[{"href":"https:\/\/letrame.com\/catalogo\/wp-json\/wp\/v2\/product\/110201","targetHints":{"allow":["GET"]}}],"collection":[{"href":"https:\/\/letrame.com\/catalogo\/wp-json\/wp\/v2\/product"}],"about":[{"href":"https:\/\/letrame.com\/catalogo\/wp-json\/wp\/v2\/types\/product"}],"replies":[{"embeddable":true,"href":"https:\/\/letrame.com\/catalogo\/wp-json\/wp\/v2\/comments?post=110201"}],"acf:post":[{"embeddable":true,"href":"https:\/\/letrame.com\/catalogo\/wp-json\/wp\/v2\/author_book\/110202"}],"wp:featuredmedia":[{"embeddable":true,"href":"https:\/\/letrame.com\/catalogo\/wp-json\/wp\/v2\/media\/110205"}],"wp:attachment":[{"href":"https:\/\/letrame.com\/catalogo\/wp-json\/wp\/v2\/media?parent=110201"}],"wp:term":[{"taxonomy":"libro","embeddable":true,"href":"https:\/\/letrame.com\/catalogo\/wp-json\/wp\/v2\/libro?post=110201"},{"taxonomy":"product_brand","embeddable":true,"href":"https:\/\/letrame.com\/catalogo\/wp-json\/wp\/v2\/product_brand?post=110201"},{"taxonomy":"product_cat","embeddable":true,"href":"https:\/\/letrame.com\/catalogo\/wp-json\/wp\/v2\/product_cat?post=110201"},{"taxonomy":"product_tag","embeddable":true,"href":"https:\/\/letrame.com\/catalogo\/wp-json\/wp\/v2\/product_tag?post=110201"}],"curies":[{"name":"wp","href":"https:\/\/api.w.org\/{rel}","templated":true}]}}