{"id":110155,"date":"2025-12-23T11:35:18","date_gmt":"2025-12-23T10:35:18","guid":{"rendered":"https:\/\/letrame.com\/catalogo\/?post_type=product&#038;p=110155"},"modified":"2025-12-23T11:35:19","modified_gmt":"2025-12-23T10:35:19","slug":"relatos-negros-terror-u-error","status":"publish","type":"product","link":"https:\/\/letrame.com\/catalogo\/producto\/relatos-negros-terror-u-error\/","title":{"rendered":"Relatos negros. Terror u error"},"content":{"rendered":"<p class=\"p1\"><b>ISBN:\u00a0 <\/b><b><\/b>979-13-7012-709-1<\/p>\n<p class=\"p1\"><b>T\u00edtulo: <\/b><b><\/b>Relatos negros. Terror u error<br \/>\n<b>Fecha: <\/b><b><\/b>2025<br \/>\n<b>P\u00e1ginas:\u00a0 <\/b><b><\/b>144<\/p>\n<p class=\"p1\"><b>SINOPSIS<\/b><\/p>\n<p class=\"p1\">Nunca he sido de relatos cortos, pero ya puestos en faena sacas la navaja y doblas la esquina, y adelante. La esquina suele resultar muy socorrida, da mucho juego, pero tambi\u00e9n acompa\u00f1an bien la cama de s\u00e1banas blancas en el oscuro colmillo de las doce. O un gato negro, con su mala suerte a cuestas, que ni te saluda, ni un miau; se entiende, provoca inquina y la dosis de arrebato necesaria. Y una cosa trae otra, distinta y diferente, pero con ese relativismo de que m\u00e1s mueren en la guerra que en una venganza de muerte a los perros cagones.<\/p>\n<p class=\"p1\">Brota, tambi\u00e9n, esa figura de \u00c1ngel Dos Santos, con su s\u00edndrome de estar m\u00e1s quemado por la hipocres\u00eda de los bonitos ciudadanos que por el mal parido que deja fiambres por el camino. Al carajo, le importa un pito. En fin, el bien y el mal es un simple accidente, a veces incidental, a veces en quinta marcha y sin frenos. Lo importante no es el resultado lesivo, sino la broma, mofa o socarroner\u00eda que nos calienta o enfr\u00eda la raz\u00f3n o sinraz\u00f3n para hacerlo.<\/p>\n","protected":false},"excerpt":{"rendered":"<p class=\"p1\"><b>ISBN:\u00a0 <\/b><b><\/b>979-13-7012-709-1<\/p>\n<p class=\"p1\"><b>SINOPSIS<\/b><\/p>\n<p class=\"p1\">Nunca he sido de relatos cortos, pero ya puestos en faena sacas la navaja y doblas la esquina, y adelante. La esquina suele resultar muy socorrida, da mucho juego, pero tambi\u00e9n acompa\u00f1an bien la cama de s\u00e1banas blancas en el oscuro colmillo de las doce. O un gato negro, con su mala suerte a cuestas, que ni te saluda, ni un miau; se entiende, provoca inquina y la dosis de arrebato necesaria. Y una cosa trae otra, distinta y diferente, pero con ese relativismo de que m\u00e1s mueren en la guerra que en una venganza de muerte a los perros cagones.<\/p>\n<p class=\"p1\">Brota, tambi\u00e9n, esa figura de \u00c1ngel Dos Santos, con su s\u00edndrome de estar m\u00e1s quemado por la hipocres\u00eda de los bonitos ciudadanos que por el mal parido que deja fiambres por el camino. Al carajo, le importa un pito. En fin, el bien y el mal es un simple accidente, a veces incidental, a veces en quinta marcha y sin frenos. Lo importante no es el resultado lesivo, sino la broma, mofa o socarroner\u00eda que nos calienta o enfr\u00eda la raz\u00f3n o sinraz\u00f3n para hacerlo.<\/p>\n","protected":false},"featured_media":110157,"comment_status":"open","ping_status":"closed","template":"","meta":{"_acf_changed":false},"libro":[],"product_brand":[],"product_cat":[132],"product_tag":[],"class_list":{"0":"post-110155","1":"product","2":"type-product","3":"status-publish","4":"has-post-thumbnail","6":"product_cat-terror","8":"first","9":"instock","10":"shipping-taxable","11":"product-type-simple"},"acf":{"autor":[106776],"enlace_de_compra":"https:\/\/www.buscalibre.ec\/libro-relatos-negros-terror-u-error\/9791370127091\/p\/64670919?srsltid=AfmBOorkoi77Rzl6h8XXOg73J6yWARMfMHNbMNW84CJjbr92krWAAHgd"},"yoast_head":"<!-- This site is optimized with the Yoast SEO plugin v26.6 - https:\/\/yoast.com\/wordpress\/plugins\/seo\/ -->\n<title>Relatos negros. Terror u error - Catalogo | Letrame Grupo Editorial<\/title>\n<meta name=\"robots\" content=\"index, follow, max-snippet:-1, max-image-preview:large, max-video-preview:-1\" \/>\n<link rel=\"canonical\" href=\"https:\/\/letrame.com\/catalogo\/producto\/relatos-negros-terror-u-error\/\" \/>\n<meta property=\"og:locale\" content=\"es_ES\" \/>\n<meta property=\"og:type\" content=\"article\" \/>\n<meta property=\"og:title\" content=\"Relatos negros. Terror u error - Catalogo | Letrame Grupo Editorial\" \/>\n<meta property=\"og:description\" content=\"ISBN:\u00a0 979-13-7012-709-1 SINOPSIS Nunca he sido de relatos cortos, pero ya puestos en faena sacas la navaja y doblas la esquina, y adelante. La esquina suele resultar muy socorrida, da mucho juego, pero tambi\u00e9n acompa\u00f1an bien la cama de s\u00e1banas blancas en el oscuro colmillo de las doce. O un gato negro, con su mala suerte a cuestas, que ni te saluda, ni un miau; se entiende, provoca inquina y la dosis de arrebato necesaria. Y una cosa trae otra, distinta y diferente, pero con ese relativismo de que m\u00e1s mueren en la guerra que en una venganza de muerte a los perros cagones. Brota, tambi\u00e9n, esa figura de \u00c1ngel Dos Santos, con su s\u00edndrome de estar m\u00e1s quemado por la hipocres\u00eda de los bonitos ciudadanos que por el mal parido que deja fiambres por el camino. Al carajo, le importa un pito. En fin, el bien y el mal es un simple accidente, a veces incidental, a veces en quinta marcha y sin frenos. Lo importante no es el resultado lesivo, sino la broma, mofa o socarroner\u00eda que nos calienta o enfr\u00eda la raz\u00f3n o sinraz\u00f3n para hacerlo.\" \/>\n<meta property=\"og:url\" content=\"https:\/\/letrame.com\/catalogo\/producto\/relatos-negros-terror-u-error\/\" \/>\n<meta property=\"og:site_name\" content=\"Catalogo | Letrame Grupo Editorial\" \/>\n<meta property=\"article:modified_time\" content=\"2025-12-23T10:35:19+00:00\" \/>\n<meta property=\"og:image\" content=\"https:\/\/letrame.com\/catalogo\/wp-content\/uploads\/2025\/12\/Relatosnegros_855mm4.jpg\" \/>\n\t<meta property=\"og:image:width\" content=\"1772\" \/>\n\t<meta property=\"og:image:height\" content=\"2480\" \/>\n\t<meta property=\"og:image:type\" content=\"image\/jpeg\" \/>\n<meta name=\"twitter:card\" content=\"summary_large_image\" \/>\n<meta name=\"twitter:label1\" content=\"Tiempo de lectura\" \/>\n\t<meta name=\"twitter:data1\" content=\"2 minutos\" \/>\n<script type=\"application\/ld+json\" class=\"yoast-schema-graph\">{\"@context\":\"https:\/\/schema.org\",\"@graph\":[{\"@type\":\"WebPage\",\"@id\":\"https:\/\/letrame.com\/catalogo\/producto\/relatos-negros-terror-u-error\/\",\"url\":\"https:\/\/letrame.com\/catalogo\/producto\/relatos-negros-terror-u-error\/\",\"name\":\"Relatos negros. Terror u error - Catalogo | Letrame Grupo Editorial\",\"isPartOf\":{\"@id\":\"https:\/\/letrame.com\/catalogo\/#website\"},\"primaryImageOfPage\":{\"@id\":\"https:\/\/letrame.com\/catalogo\/producto\/relatos-negros-terror-u-error\/#primaryimage\"},\"image\":{\"@id\":\"https:\/\/letrame.com\/catalogo\/producto\/relatos-negros-terror-u-error\/#primaryimage\"},\"thumbnailUrl\":\"https:\/\/letrame.com\/catalogo\/wp-content\/uploads\/2025\/12\/Relatosnegros_855mm4.jpg\",\"datePublished\":\"2025-12-23T10:35:18+00:00\",\"dateModified\":\"2025-12-23T10:35:19+00:00\",\"breadcrumb\":{\"@id\":\"https:\/\/letrame.com\/catalogo\/producto\/relatos-negros-terror-u-error\/#breadcrumb\"},\"inLanguage\":\"es\",\"potentialAction\":[{\"@type\":\"ReadAction\",\"target\":[\"https:\/\/letrame.com\/catalogo\/producto\/relatos-negros-terror-u-error\/\"]}]},{\"@type\":\"ImageObject\",\"inLanguage\":\"es\",\"@id\":\"https:\/\/letrame.com\/catalogo\/producto\/relatos-negros-terror-u-error\/#primaryimage\",\"url\":\"https:\/\/letrame.com\/catalogo\/wp-content\/uploads\/2025\/12\/Relatosnegros_855mm4.jpg\",\"contentUrl\":\"https:\/\/letrame.com\/catalogo\/wp-content\/uploads\/2025\/12\/Relatosnegros_855mm4.jpg\",\"width\":1772,\"height\":2480},{\"@type\":\"BreadcrumbList\",\"@id\":\"https:\/\/letrame.com\/catalogo\/producto\/relatos-negros-terror-u-error\/#breadcrumb\",\"itemListElement\":[{\"@type\":\"ListItem\",\"position\":1,\"name\":\"Portada\",\"item\":\"https:\/\/letrame.com\/catalogo\/\"},{\"@type\":\"ListItem\",\"position\":2,\"name\":\"Cat\u00e1logo\",\"item\":\"https:\/\/letrame.com\/catalogo\/\"},{\"@type\":\"ListItem\",\"position\":3,\"name\":\"Relatos negros. Terror u error\"}]},{\"@type\":\"WebSite\",\"@id\":\"https:\/\/letrame.com\/catalogo\/#website\",\"url\":\"https:\/\/letrame.com\/catalogo\/\",\"name\":\"Catalogo | Letrame Grupo Editorial\",\"description\":\"\",\"publisher\":{\"@id\":\"https:\/\/letrame.com\/catalogo\/#organization\"},\"potentialAction\":[{\"@type\":\"SearchAction\",\"target\":{\"@type\":\"EntryPoint\",\"urlTemplate\":\"https:\/\/letrame.com\/catalogo\/?s={search_term_string}\"},\"query-input\":{\"@type\":\"PropertyValueSpecification\",\"valueRequired\":true,\"valueName\":\"search_term_string\"}}],\"inLanguage\":\"es\"},{\"@type\":\"Organization\",\"@id\":\"https:\/\/letrame.com\/catalogo\/#organization\",\"name\":\"Catalogo | Letrame Grupo Editorial\",\"url\":\"https:\/\/letrame.com\/catalogo\/\",\"logo\":{\"@type\":\"ImageObject\",\"inLanguage\":\"es\",\"@id\":\"https:\/\/letrame.com\/catalogo\/#\/schema\/logo\/image\/\",\"url\":\"https:\/\/letrame.com\/catalogo\/wp-content\/uploads\/2024\/03\/logo2.webp\",\"contentUrl\":\"https:\/\/letrame.com\/catalogo\/wp-content\/uploads\/2024\/03\/logo2.webp\",\"width\":394,\"height\":128,\"caption\":\"Catalogo | Letrame Grupo Editorial\"},\"image\":{\"@id\":\"https:\/\/letrame.com\/catalogo\/#\/schema\/logo\/image\/\"}}]}<\/script>\n<!-- \/ Yoast SEO plugin. -->","yoast_head_json":{"title":"Relatos negros. Terror u error - Catalogo | Letrame Grupo Editorial","robots":{"index":"index","follow":"follow","max-snippet":"max-snippet:-1","max-image-preview":"max-image-preview:large","max-video-preview":"max-video-preview:-1"},"canonical":"https:\/\/letrame.com\/catalogo\/producto\/relatos-negros-terror-u-error\/","og_locale":"es_ES","og_type":"article","og_title":"Relatos negros. Terror u error - Catalogo | Letrame Grupo Editorial","og_description":"ISBN:\u00a0 979-13-7012-709-1 SINOPSIS Nunca he sido de relatos cortos, pero ya puestos en faena sacas la navaja y doblas la esquina, y adelante. La esquina suele resultar muy socorrida, da mucho juego, pero tambi\u00e9n acompa\u00f1an bien la cama de s\u00e1banas blancas en el oscuro colmillo de las doce. O un gato negro, con su mala suerte a cuestas, que ni te saluda, ni un miau; se entiende, provoca inquina y la dosis de arrebato necesaria. Y una cosa trae otra, distinta y diferente, pero con ese relativismo de que m\u00e1s mueren en la guerra que en una venganza de muerte a los perros cagones. Brota, tambi\u00e9n, esa figura de \u00c1ngel Dos Santos, con su s\u00edndrome de estar m\u00e1s quemado por la hipocres\u00eda de los bonitos ciudadanos que por el mal parido que deja fiambres por el camino. Al carajo, le importa un pito. En fin, el bien y el mal es un simple accidente, a veces incidental, a veces en quinta marcha y sin frenos. Lo importante no es el resultado lesivo, sino la broma, mofa o socarroner\u00eda que nos calienta o enfr\u00eda la raz\u00f3n o sinraz\u00f3n para hacerlo.","og_url":"https:\/\/letrame.com\/catalogo\/producto\/relatos-negros-terror-u-error\/","og_site_name":"Catalogo | Letrame Grupo Editorial","article_modified_time":"2025-12-23T10:35:19+00:00","og_image":[{"width":1772,"height":2480,"url":"https:\/\/letrame.com\/catalogo\/wp-content\/uploads\/2025\/12\/Relatosnegros_855mm4.jpg","type":"image\/jpeg"}],"twitter_card":"summary_large_image","twitter_misc":{"Tiempo de lectura":"2 minutos"},"schema":{"@context":"https:\/\/schema.org","@graph":[{"@type":"WebPage","@id":"https:\/\/letrame.com\/catalogo\/producto\/relatos-negros-terror-u-error\/","url":"https:\/\/letrame.com\/catalogo\/producto\/relatos-negros-terror-u-error\/","name":"Relatos negros. Terror u error - Catalogo | Letrame Grupo Editorial","isPartOf":{"@id":"https:\/\/letrame.com\/catalogo\/#website"},"primaryImageOfPage":{"@id":"https:\/\/letrame.com\/catalogo\/producto\/relatos-negros-terror-u-error\/#primaryimage"},"image":{"@id":"https:\/\/letrame.com\/catalogo\/producto\/relatos-negros-terror-u-error\/#primaryimage"},"thumbnailUrl":"https:\/\/letrame.com\/catalogo\/wp-content\/uploads\/2025\/12\/Relatosnegros_855mm4.jpg","datePublished":"2025-12-23T10:35:18+00:00","dateModified":"2025-12-23T10:35:19+00:00","breadcrumb":{"@id":"https:\/\/letrame.com\/catalogo\/producto\/relatos-negros-terror-u-error\/#breadcrumb"},"inLanguage":"es","potentialAction":[{"@type":"ReadAction","target":["https:\/\/letrame.com\/catalogo\/producto\/relatos-negros-terror-u-error\/"]}]},{"@type":"ImageObject","inLanguage":"es","@id":"https:\/\/letrame.com\/catalogo\/producto\/relatos-negros-terror-u-error\/#primaryimage","url":"https:\/\/letrame.com\/catalogo\/wp-content\/uploads\/2025\/12\/Relatosnegros_855mm4.jpg","contentUrl":"https:\/\/letrame.com\/catalogo\/wp-content\/uploads\/2025\/12\/Relatosnegros_855mm4.jpg","width":1772,"height":2480},{"@type":"BreadcrumbList","@id":"https:\/\/letrame.com\/catalogo\/producto\/relatos-negros-terror-u-error\/#breadcrumb","itemListElement":[{"@type":"ListItem","position":1,"name":"Portada","item":"https:\/\/letrame.com\/catalogo\/"},{"@type":"ListItem","position":2,"name":"Cat\u00e1logo","item":"https:\/\/letrame.com\/catalogo\/"},{"@type":"ListItem","position":3,"name":"Relatos negros. Terror u error"}]},{"@type":"WebSite","@id":"https:\/\/letrame.com\/catalogo\/#website","url":"https:\/\/letrame.com\/catalogo\/","name":"Catalogo | Letrame Grupo Editorial","description":"","publisher":{"@id":"https:\/\/letrame.com\/catalogo\/#organization"},"potentialAction":[{"@type":"SearchAction","target":{"@type":"EntryPoint","urlTemplate":"https:\/\/letrame.com\/catalogo\/?s={search_term_string}"},"query-input":{"@type":"PropertyValueSpecification","valueRequired":true,"valueName":"search_term_string"}}],"inLanguage":"es"},{"@type":"Organization","@id":"https:\/\/letrame.com\/catalogo\/#organization","name":"Catalogo | Letrame Grupo Editorial","url":"https:\/\/letrame.com\/catalogo\/","logo":{"@type":"ImageObject","inLanguage":"es","@id":"https:\/\/letrame.com\/catalogo\/#\/schema\/logo\/image\/","url":"https:\/\/letrame.com\/catalogo\/wp-content\/uploads\/2024\/03\/logo2.webp","contentUrl":"https:\/\/letrame.com\/catalogo\/wp-content\/uploads\/2024\/03\/logo2.webp","width":394,"height":128,"caption":"Catalogo | Letrame Grupo Editorial"},"image":{"@id":"https:\/\/letrame.com\/catalogo\/#\/schema\/logo\/image\/"}}]}},"_links":{"self":[{"href":"https:\/\/letrame.com\/catalogo\/wp-json\/wp\/v2\/product\/110155","targetHints":{"allow":["GET"]}}],"collection":[{"href":"https:\/\/letrame.com\/catalogo\/wp-json\/wp\/v2\/product"}],"about":[{"href":"https:\/\/letrame.com\/catalogo\/wp-json\/wp\/v2\/types\/product"}],"replies":[{"embeddable":true,"href":"https:\/\/letrame.com\/catalogo\/wp-json\/wp\/v2\/comments?post=110155"}],"acf:post":[{"embeddable":true,"href":"https:\/\/letrame.com\/catalogo\/wp-json\/wp\/v2\/author_book\/106776"}],"wp:featuredmedia":[{"embeddable":true,"href":"https:\/\/letrame.com\/catalogo\/wp-json\/wp\/v2\/media\/110157"}],"wp:attachment":[{"href":"https:\/\/letrame.com\/catalogo\/wp-json\/wp\/v2\/media?parent=110155"}],"wp:term":[{"taxonomy":"libro","embeddable":true,"href":"https:\/\/letrame.com\/catalogo\/wp-json\/wp\/v2\/libro?post=110155"},{"taxonomy":"product_brand","embeddable":true,"href":"https:\/\/letrame.com\/catalogo\/wp-json\/wp\/v2\/product_brand?post=110155"},{"taxonomy":"product_cat","embeddable":true,"href":"https:\/\/letrame.com\/catalogo\/wp-json\/wp\/v2\/product_cat?post=110155"},{"taxonomy":"product_tag","embeddable":true,"href":"https:\/\/letrame.com\/catalogo\/wp-json\/wp\/v2\/product_tag?post=110155"}],"curies":[{"name":"wp","href":"https:\/\/api.w.org\/{rel}","templated":true}]}}