{"id":110135,"date":"2025-12-23T11:04:02","date_gmt":"2025-12-23T10:04:02","guid":{"rendered":"https:\/\/letrame.com\/catalogo\/?post_type=product&#038;p=110135"},"modified":"2025-12-23T11:06:54","modified_gmt":"2025-12-23T10:06:54","slug":"de-los-anos-60-melancolia-en-la-memoria","status":"publish","type":"product","link":"https:\/\/letrame.com\/catalogo\/producto\/de-los-anos-60-melancolia-en-la-memoria\/","title":{"rendered":"De los a\u00f1os 60. Melancol\u00eda en la memoria"},"content":{"rendered":"<p class=\"p1\"><b>ISBN:\u00a0 <\/b><b><\/b>979-13-7012-335-2<\/p>\n<p class=\"p1\"><b>T\u00edtulo: <\/b><b><\/b>De los a\u00f1os 60. Melancol\u00eda en la memoria<br \/>\n<b>Fecha: <\/b><b><\/b>2025<br \/>\n<b>P\u00e1ginas:\u00a0<\/b>392<b><\/b><\/p>\n<p class=\"p1\"><b>SINOPSIS<\/b><\/p>\n<p class=\"p1\">En los a\u00f1os 60 se abr\u00edan nuevas, aunque a\u00fan demasiado ef\u00edmeras, expectativas de cambios sociales. La naci\u00f3n se mov\u00eda lentamente en funci\u00f3n de cambios soterrados (organizaciones obreras) o m\u00e1s a la luz (movimiento universitario). Como ores del campo algunos seres perdidos, venidos del entorno rural y acunados en instituciones de arraigo franquista, se abr\u00edan a estos nuevos valores, que no hab\u00edan sido los suyos. Para pasar a abrazar un nuevo pensamiento e intentar abrir un nuevo camino, esta es la historia de uno de ellos.<\/p>\n<p class=\"p1\">Prefiriendo ver volcada su inquietud a trav\u00e9s de sus actividades profesionales primero en la cl\u00ednica psicopatol\u00f3gica, despu\u00e9s en la pedagog\u00eda del compromiso en barrios desfavorecidos el protagonista vivir\u00e1 y se adentrar\u00e1 en su tiempo a trav\u00e9s de una serie de hechos significativos que acaecen en este periodo de posguerra, tratando tambi\u00e9n de entender la guerra en s\u00ed misma y en su absurdo a trav\u00e9s de algunos de sus part\u00edcipes.<\/p>\n<p class=\"p1\">Habr\u00e1, sin embargo, una a\u00f1oranza entretejida en su memoria que lleva al mismo a reconsiderar aquellas que pueden haberse convertido en sus \u00abopciones perdidas\u00bb.<\/p>\n","protected":false},"excerpt":{"rendered":"<p class=\"p1\"><b>ISBN:\u00a0 <\/b><b><\/b>979-13-7012-335-2<\/p>\n<p class=\"p1\"><b>SINOPSIS<\/b><\/p>\n<p class=\"p1\">En los a\u00f1os 60 se abr\u00edan nuevas, aunque a\u00fan demasiado ef\u00edmeras, expectativas de cambios sociales. La naci\u00f3n se mov\u00eda lentamente en funci\u00f3n de cambios soterrados (organizaciones obreras) o m\u00e1s a la luz (movimiento universitario). Como ores del campo algunos seres perdidos, venidos del entorno rural y acunados en instituciones de arraigo franquista, se abr\u00edan a estos nuevos valores, que no hab\u00edan sido los suyos. Para pasar a abrazar un nuevo pensamiento e intentar abrir un nuevo camino, esta es la historia de uno de ellos.<\/p>\n<p class=\"p1\">Prefiriendo ver volcada su inquietud a trav\u00e9s de sus actividades profesionales primero en la cl\u00ednica psicopatol\u00f3gica, despu\u00e9s en la pedagog\u00eda del compromiso en barrios desfavorecidos el protagonista vivir\u00e1 y se adentrar\u00e1 en su tiempo a trav\u00e9s de una serie de hechos significativos que acaecen en este periodo de posguerra, tratando tambi\u00e9n de entender la guerra en s\u00ed misma y en su absurdo a trav\u00e9s de algunos de sus part\u00edcipes.<\/p>\n<p class=\"p1\">Habr\u00e1, sin embargo, una a\u00f1oranza entretejida en su memoria que lleva al mismo a reconsiderar aquellas que pueden haberse convertido en sus \u00abopciones perdidas\u00bb.<\/p>\n","protected":false},"featured_media":110137,"comment_status":"open","ping_status":"closed","template":"","meta":{"_acf_changed":false},"libro":[],"product_brand":[],"product_cat":[62],"product_tag":[],"class_list":{"0":"post-110135","1":"product","2":"type-product","3":"status-publish","4":"has-post-thumbnail","6":"product_cat-historico","8":"first","9":"instock","10":"shipping-taxable","11":"product-type-simple"},"acf":{"autor":[110136],"enlace_de_compra":"https:\/\/www.amazon.es\/los-a%C3%B1os-60-Melancol%C3%ADa-memoria\/dp\/B0FQ9NGVNB\/ref=sr_1_2?__mk_es_ES=%C3%85M%C3%85%C5%BD%C3%95%C3%91&crid=1D2MSY1EPIHV5&dib=eyJ2IjoiMSJ9.0wCaipXgnmvTnU8qWYZR5AYPvXpO8uJlYTI7rt5dvdx2B3CNMLAXujQz1Jc7FVeXz5jICne7AuDI7I-CY3AnCUhFaxlcYwptlKmHi1gt9a8DJKNnbFx9ZEk84QtuXiqDQ4huQRGbaqBngMmktTKccBcoYFP8ViPesoIK5UebDqZ4l5AjIGTlCawbB_W6SLFnLI-gEvy5lP7OogJgtWeFH4bSIhxl8TqLE24bv9F8XVI.GgquZzqol7W52yGInBYwrunYbh8vEtYn5rhBAcdckTk&dib_tag=se&keywords=de+los+a%C3%B1os+60&qid=1766484230&s=books&sprefix=de+los+a%C3%B1os+60%2Cstripbooks%2C60&sr=1-2"},"yoast_head":"<!-- This site is optimized with the Yoast SEO plugin v27.4 - https:\/\/yoast.com\/product\/yoast-seo-wordpress\/ -->\n<title>De los a\u00f1os 60. Melancol\u00eda en la memoria - Catalogo | Letrame Grupo Editorial<\/title>\n<meta name=\"robots\" content=\"index, follow, max-snippet:-1, max-image-preview:large, max-video-preview:-1\" \/>\n<link rel=\"canonical\" href=\"https:\/\/letrame.com\/catalogo\/producto\/de-los-anos-60-melancolia-en-la-memoria\/\" \/>\n<meta property=\"og:locale\" content=\"es_ES\" \/>\n<meta property=\"og:type\" content=\"article\" \/>\n<meta property=\"og:title\" content=\"De los a\u00f1os 60. Melancol\u00eda en la memoria - Catalogo | Letrame Grupo Editorial\" \/>\n<meta property=\"og:description\" content=\"ISBN:\u00a0 979-13-7012-335-2 SINOPSIS En los a\u00f1os 60 se abr\u00edan nuevas, aunque a\u00fan demasiado ef\u00edmeras, expectativas de cambios sociales. La naci\u00f3n se mov\u00eda lentamente en funci\u00f3n de cambios soterrados (organizaciones obreras) o m\u00e1s a la luz (movimiento universitario). Como ores del campo algunos seres perdidos, venidos del entorno rural y acunados en instituciones de arraigo franquista, se abr\u00edan a estos nuevos valores, que no hab\u00edan sido los suyos. Para pasar a abrazar un nuevo pensamiento e intentar abrir un nuevo camino, esta es la historia de uno de ellos. Prefiriendo ver volcada su inquietud a trav\u00e9s de sus actividades profesionales primero en la cl\u00ednica psicopatol\u00f3gica, despu\u00e9s en la pedagog\u00eda del compromiso en barrios desfavorecidos el protagonista vivir\u00e1 y se adentrar\u00e1 en su tiempo a trav\u00e9s de una serie de hechos significativos que acaecen en este periodo de posguerra, tratando tambi\u00e9n de entender la guerra en s\u00ed misma y en su absurdo a trav\u00e9s de algunos de sus part\u00edcipes. Habr\u00e1, sin embargo, una a\u00f1oranza entretejida en su memoria que lleva al mismo a reconsiderar aquellas que pueden haberse convertido en sus \u00abopciones perdidas\u00bb.\" \/>\n<meta property=\"og:url\" content=\"https:\/\/letrame.com\/catalogo\/producto\/de-los-anos-60-melancolia-en-la-memoria\/\" \/>\n<meta property=\"og:site_name\" content=\"Catalogo | Letrame Grupo Editorial\" \/>\n<meta property=\"article:modified_time\" content=\"2025-12-23T10:06:54+00:00\" \/>\n<meta property=\"og:image\" content=\"https:\/\/letrame.com\/catalogo\/wp-content\/uploads\/2025\/12\/delosanos60_1915mm4-scaled.jpg\" \/>\n\t<meta property=\"og:image:width\" content=\"1746\" \/>\n\t<meta property=\"og:image:height\" content=\"2560\" \/>\n\t<meta property=\"og:image:type\" content=\"image\/jpeg\" \/>\n<meta name=\"twitter:card\" content=\"summary_large_image\" \/>\n<meta name=\"twitter:label1\" content=\"Tiempo de lectura\" \/>\n\t<meta name=\"twitter:data1\" content=\"2 minutos\" \/>\n<script type=\"application\/ld+json\" class=\"yoast-schema-graph\">{\"@context\":\"https:\\\/\\\/schema.org\",\"@graph\":[{\"@type\":\"WebPage\",\"@id\":\"https:\\\/\\\/letrame.com\\\/catalogo\\\/producto\\\/de-los-anos-60-melancolia-en-la-memoria\\\/\",\"url\":\"https:\\\/\\\/letrame.com\\\/catalogo\\\/producto\\\/de-los-anos-60-melancolia-en-la-memoria\\\/\",\"name\":\"De los a\u00f1os 60. Melancol\u00eda en la memoria - Catalogo | Letrame Grupo Editorial\",\"isPartOf\":{\"@id\":\"https:\\\/\\\/letrame.com\\\/catalogo\\\/#website\"},\"primaryImageOfPage\":{\"@id\":\"https:\\\/\\\/letrame.com\\\/catalogo\\\/producto\\\/de-los-anos-60-melancolia-en-la-memoria\\\/#primaryimage\"},\"image\":{\"@id\":\"https:\\\/\\\/letrame.com\\\/catalogo\\\/producto\\\/de-los-anos-60-melancolia-en-la-memoria\\\/#primaryimage\"},\"thumbnailUrl\":\"https:\\\/\\\/letrame.com\\\/catalogo\\\/wp-content\\\/uploads\\\/2025\\\/12\\\/delosanos60_1915mm4-scaled.jpg\",\"datePublished\":\"2025-12-23T10:04:02+00:00\",\"dateModified\":\"2025-12-23T10:06:54+00:00\",\"breadcrumb\":{\"@id\":\"https:\\\/\\\/letrame.com\\\/catalogo\\\/producto\\\/de-los-anos-60-melancolia-en-la-memoria\\\/#breadcrumb\"},\"inLanguage\":\"es\",\"potentialAction\":[{\"@type\":\"ReadAction\",\"target\":[\"https:\\\/\\\/letrame.com\\\/catalogo\\\/producto\\\/de-los-anos-60-melancolia-en-la-memoria\\\/\"]}]},{\"@type\":\"ImageObject\",\"inLanguage\":\"es\",\"@id\":\"https:\\\/\\\/letrame.com\\\/catalogo\\\/producto\\\/de-los-anos-60-melancolia-en-la-memoria\\\/#primaryimage\",\"url\":\"https:\\\/\\\/letrame.com\\\/catalogo\\\/wp-content\\\/uploads\\\/2025\\\/12\\\/delosanos60_1915mm4-scaled.jpg\",\"contentUrl\":\"https:\\\/\\\/letrame.com\\\/catalogo\\\/wp-content\\\/uploads\\\/2025\\\/12\\\/delosanos60_1915mm4-scaled.jpg\",\"width\":1746,\"height\":2560},{\"@type\":\"BreadcrumbList\",\"@id\":\"https:\\\/\\\/letrame.com\\\/catalogo\\\/producto\\\/de-los-anos-60-melancolia-en-la-memoria\\\/#breadcrumb\",\"itemListElement\":[{\"@type\":\"ListItem\",\"position\":1,\"name\":\"Portada\",\"item\":\"https:\\\/\\\/letrame.com\\\/catalogo\\\/\"},{\"@type\":\"ListItem\",\"position\":2,\"name\":\"Cat\u00e1logo\",\"item\":\"https:\\\/\\\/letrame.com\\\/catalogo\\\/\"},{\"@type\":\"ListItem\",\"position\":3,\"name\":\"De los a\u00f1os 60. Melancol\u00eda en la memoria\"}]},{\"@type\":\"WebSite\",\"@id\":\"https:\\\/\\\/letrame.com\\\/catalogo\\\/#website\",\"url\":\"https:\\\/\\\/letrame.com\\\/catalogo\\\/\",\"name\":\"Catalogo | Letrame Grupo Editorial\",\"description\":\"\",\"publisher\":{\"@id\":\"https:\\\/\\\/letrame.com\\\/catalogo\\\/#organization\"},\"potentialAction\":[{\"@type\":\"SearchAction\",\"target\":{\"@type\":\"EntryPoint\",\"urlTemplate\":\"https:\\\/\\\/letrame.com\\\/catalogo\\\/?s={search_term_string}\"},\"query-input\":{\"@type\":\"PropertyValueSpecification\",\"valueRequired\":true,\"valueName\":\"search_term_string\"}}],\"inLanguage\":\"es\"},{\"@type\":\"Organization\",\"@id\":\"https:\\\/\\\/letrame.com\\\/catalogo\\\/#organization\",\"name\":\"Catalogo | Letrame Grupo Editorial\",\"url\":\"https:\\\/\\\/letrame.com\\\/catalogo\\\/\",\"logo\":{\"@type\":\"ImageObject\",\"inLanguage\":\"es\",\"@id\":\"https:\\\/\\\/letrame.com\\\/catalogo\\\/#\\\/schema\\\/logo\\\/image\\\/\",\"url\":\"https:\\\/\\\/letrame.com\\\/catalogo\\\/wp-content\\\/uploads\\\/2024\\\/03\\\/logo2.webp\",\"contentUrl\":\"https:\\\/\\\/letrame.com\\\/catalogo\\\/wp-content\\\/uploads\\\/2024\\\/03\\\/logo2.webp\",\"width\":394,\"height\":128,\"caption\":\"Catalogo | Letrame Grupo Editorial\"},\"image\":{\"@id\":\"https:\\\/\\\/letrame.com\\\/catalogo\\\/#\\\/schema\\\/logo\\\/image\\\/\"}}]}<\/script>\n<!-- \/ Yoast SEO plugin. -->","yoast_head_json":{"title":"De los a\u00f1os 60. Melancol\u00eda en la memoria - Catalogo | Letrame Grupo Editorial","robots":{"index":"index","follow":"follow","max-snippet":"max-snippet:-1","max-image-preview":"max-image-preview:large","max-video-preview":"max-video-preview:-1"},"canonical":"https:\/\/letrame.com\/catalogo\/producto\/de-los-anos-60-melancolia-en-la-memoria\/","og_locale":"es_ES","og_type":"article","og_title":"De los a\u00f1os 60. Melancol\u00eda en la memoria - Catalogo | Letrame Grupo Editorial","og_description":"ISBN:\u00a0 979-13-7012-335-2 SINOPSIS En los a\u00f1os 60 se abr\u00edan nuevas, aunque a\u00fan demasiado ef\u00edmeras, expectativas de cambios sociales. La naci\u00f3n se mov\u00eda lentamente en funci\u00f3n de cambios soterrados (organizaciones obreras) o m\u00e1s a la luz (movimiento universitario). Como ores del campo algunos seres perdidos, venidos del entorno rural y acunados en instituciones de arraigo franquista, se abr\u00edan a estos nuevos valores, que no hab\u00edan sido los suyos. Para pasar a abrazar un nuevo pensamiento e intentar abrir un nuevo camino, esta es la historia de uno de ellos. Prefiriendo ver volcada su inquietud a trav\u00e9s de sus actividades profesionales primero en la cl\u00ednica psicopatol\u00f3gica, despu\u00e9s en la pedagog\u00eda del compromiso en barrios desfavorecidos el protagonista vivir\u00e1 y se adentrar\u00e1 en su tiempo a trav\u00e9s de una serie de hechos significativos que acaecen en este periodo de posguerra, tratando tambi\u00e9n de entender la guerra en s\u00ed misma y en su absurdo a trav\u00e9s de algunos de sus part\u00edcipes. Habr\u00e1, sin embargo, una a\u00f1oranza entretejida en su memoria que lleva al mismo a reconsiderar aquellas que pueden haberse convertido en sus \u00abopciones perdidas\u00bb.","og_url":"https:\/\/letrame.com\/catalogo\/producto\/de-los-anos-60-melancolia-en-la-memoria\/","og_site_name":"Catalogo | Letrame Grupo Editorial","article_modified_time":"2025-12-23T10:06:54+00:00","og_image":[{"width":1746,"height":2560,"url":"https:\/\/letrame.com\/catalogo\/wp-content\/uploads\/2025\/12\/delosanos60_1915mm4-scaled.jpg","type":"image\/jpeg"}],"twitter_card":"summary_large_image","twitter_misc":{"Tiempo de lectura":"2 minutos"},"schema":{"@context":"https:\/\/schema.org","@graph":[{"@type":"WebPage","@id":"https:\/\/letrame.com\/catalogo\/producto\/de-los-anos-60-melancolia-en-la-memoria\/","url":"https:\/\/letrame.com\/catalogo\/producto\/de-los-anos-60-melancolia-en-la-memoria\/","name":"De los a\u00f1os 60. Melancol\u00eda en la memoria - Catalogo | Letrame Grupo Editorial","isPartOf":{"@id":"https:\/\/letrame.com\/catalogo\/#website"},"primaryImageOfPage":{"@id":"https:\/\/letrame.com\/catalogo\/producto\/de-los-anos-60-melancolia-en-la-memoria\/#primaryimage"},"image":{"@id":"https:\/\/letrame.com\/catalogo\/producto\/de-los-anos-60-melancolia-en-la-memoria\/#primaryimage"},"thumbnailUrl":"https:\/\/letrame.com\/catalogo\/wp-content\/uploads\/2025\/12\/delosanos60_1915mm4-scaled.jpg","datePublished":"2025-12-23T10:04:02+00:00","dateModified":"2025-12-23T10:06:54+00:00","breadcrumb":{"@id":"https:\/\/letrame.com\/catalogo\/producto\/de-los-anos-60-melancolia-en-la-memoria\/#breadcrumb"},"inLanguage":"es","potentialAction":[{"@type":"ReadAction","target":["https:\/\/letrame.com\/catalogo\/producto\/de-los-anos-60-melancolia-en-la-memoria\/"]}]},{"@type":"ImageObject","inLanguage":"es","@id":"https:\/\/letrame.com\/catalogo\/producto\/de-los-anos-60-melancolia-en-la-memoria\/#primaryimage","url":"https:\/\/letrame.com\/catalogo\/wp-content\/uploads\/2025\/12\/delosanos60_1915mm4-scaled.jpg","contentUrl":"https:\/\/letrame.com\/catalogo\/wp-content\/uploads\/2025\/12\/delosanos60_1915mm4-scaled.jpg","width":1746,"height":2560},{"@type":"BreadcrumbList","@id":"https:\/\/letrame.com\/catalogo\/producto\/de-los-anos-60-melancolia-en-la-memoria\/#breadcrumb","itemListElement":[{"@type":"ListItem","position":1,"name":"Portada","item":"https:\/\/letrame.com\/catalogo\/"},{"@type":"ListItem","position":2,"name":"Cat\u00e1logo","item":"https:\/\/letrame.com\/catalogo\/"},{"@type":"ListItem","position":3,"name":"De los a\u00f1os 60. Melancol\u00eda en la memoria"}]},{"@type":"WebSite","@id":"https:\/\/letrame.com\/catalogo\/#website","url":"https:\/\/letrame.com\/catalogo\/","name":"Catalogo | Letrame Grupo Editorial","description":"","publisher":{"@id":"https:\/\/letrame.com\/catalogo\/#organization"},"potentialAction":[{"@type":"SearchAction","target":{"@type":"EntryPoint","urlTemplate":"https:\/\/letrame.com\/catalogo\/?s={search_term_string}"},"query-input":{"@type":"PropertyValueSpecification","valueRequired":true,"valueName":"search_term_string"}}],"inLanguage":"es"},{"@type":"Organization","@id":"https:\/\/letrame.com\/catalogo\/#organization","name":"Catalogo | Letrame Grupo Editorial","url":"https:\/\/letrame.com\/catalogo\/","logo":{"@type":"ImageObject","inLanguage":"es","@id":"https:\/\/letrame.com\/catalogo\/#\/schema\/logo\/image\/","url":"https:\/\/letrame.com\/catalogo\/wp-content\/uploads\/2024\/03\/logo2.webp","contentUrl":"https:\/\/letrame.com\/catalogo\/wp-content\/uploads\/2024\/03\/logo2.webp","width":394,"height":128,"caption":"Catalogo | Letrame Grupo Editorial"},"image":{"@id":"https:\/\/letrame.com\/catalogo\/#\/schema\/logo\/image\/"}}]}},"_links":{"self":[{"href":"https:\/\/letrame.com\/catalogo\/wp-json\/wp\/v2\/product\/110135","targetHints":{"allow":["GET"]}}],"collection":[{"href":"https:\/\/letrame.com\/catalogo\/wp-json\/wp\/v2\/product"}],"about":[{"href":"https:\/\/letrame.com\/catalogo\/wp-json\/wp\/v2\/types\/product"}],"replies":[{"embeddable":true,"href":"https:\/\/letrame.com\/catalogo\/wp-json\/wp\/v2\/comments?post=110135"}],"acf:post":[{"embeddable":true,"href":"https:\/\/letrame.com\/catalogo\/wp-json\/wp\/v2\/author_book\/110136"}],"wp:featuredmedia":[{"embeddable":true,"href":"https:\/\/letrame.com\/catalogo\/wp-json\/wp\/v2\/media\/110137"}],"wp:attachment":[{"href":"https:\/\/letrame.com\/catalogo\/wp-json\/wp\/v2\/media?parent=110135"}],"wp:term":[{"taxonomy":"libro","embeddable":true,"href":"https:\/\/letrame.com\/catalogo\/wp-json\/wp\/v2\/libro?post=110135"},{"taxonomy":"product_brand","embeddable":true,"href":"https:\/\/letrame.com\/catalogo\/wp-json\/wp\/v2\/product_brand?post=110135"},{"taxonomy":"product_cat","embeddable":true,"href":"https:\/\/letrame.com\/catalogo\/wp-json\/wp\/v2\/product_cat?post=110135"},{"taxonomy":"product_tag","embeddable":true,"href":"https:\/\/letrame.com\/catalogo\/wp-json\/wp\/v2\/product_tag?post=110135"}],"curies":[{"name":"wp","href":"https:\/\/api.w.org\/{rel}","templated":true}]}}