{"id":110118,"date":"2025-12-22T16:22:09","date_gmt":"2025-12-22T15:22:09","guid":{"rendered":"https:\/\/letrame.com\/catalogo\/?post_type=product&#038;p=110118"},"modified":"2025-12-22T16:22:09","modified_gmt":"2025-12-22T15:22:09","slug":"brunete-el-conquistador-de-barboletas-en-zonarlanza","status":"publish","type":"product","link":"https:\/\/letrame.com\/catalogo\/producto\/brunete-el-conquistador-de-barboletas-en-zonarlanza\/","title":{"rendered":"Brunete, el Conquistador de Barboletas en ZonArlanza"},"content":{"rendered":"<p class=\"p1\"><b>ISBN: <\/b>979-13-7029-005-4<\/p>\n<p class=\"p1\"><b>T\u00edtulo:\u00a0 <\/b><span class=\"s1\">Brunete, <\/span>el Conquistador de Barboletas en ZonArlanza<\/p>\n<p class=\"p1\"><b>Fecha:\u00a0<\/b>2025<\/p>\n<p class=\"p1\"><b><\/b><b>P\u00e1ginas:\u00a0 <\/b>104<b><\/b><\/p>\n<p class=\"p1\"><b>SINOPSIS<\/b><\/p>\n<p class=\"p1\">SEIS RELATOS CORTOS, PARA TRABAJAR LA INTELIGENCIA EMOCIONAL, EN SOLEDAD O EN COMPA\u00d1\u00cdA, AYUD\u00c1NDOTE A CONECTAR CON TU NI\u00d1X INTERIOR, ENTREN\u00c1NDOTE CADA D\u00cdA.<\/p>\n","protected":false},"excerpt":{"rendered":"<p class=\"p1\"><b>ISBN: <\/b>979-13-7029-005-4<\/p>\n<p class=\"p1\"><b>SINOPSIS<\/b><\/p>\n<p class=\"p1\">SEIS RELATOS CORTOS, PARA TRABAJAR LA INTELIGENCIA EMOCIONAL, EN SOLEDAD O EN COMPA\u00d1\u00cdA, AYUD\u00c1NDOTE A CONECTAR CON TU NI\u00d1X INTERIOR, ENTREN\u00c1NDOTE CADA D\u00cdA.<\/p>\n","protected":false},"featured_media":110119,"comment_status":"open","ping_status":"closed","template":"","meta":{"_acf_changed":false},"libro":[],"product_brand":[],"product_cat":[113],"product_tag":[],"class_list":{"0":"post-110118","1":"product","2":"type-product","3":"status-publish","4":"has-post-thumbnail","6":"product_cat-educacion","8":"first","9":"instock","10":"shipping-taxable","11":"product-type-simple"},"acf":{"autor":[106108],"enlace_de_compra":"https:\/\/www.amazon.es\/Conquistador-Barboletas-ZonArlanza-Alexander-Hern%C3%A1ndez\/dp\/B0FWD5YMY1\/ref=sr_1_1?__mk_es_ES=%C3%85M%C3%85%C5%BD%C3%95%C3%91&crid=1GWGFM34PICRC&dib=eyJ2IjoiMSJ9.itiTahIkZolD7Gbzc-xxsg.SS1cQInjn1SX0VPmue5TWLeldcgOehQuVtzUP8yfXdo&dib_tag=se&keywords=Brunete%2C+el+Conquistador+de+Barboletas+en+ZonArlanza&qid=1766416907&s=books&sprefix=brunete+el+conquistador+de+barboletas+en+zonarlanza%2Cstripbooks%2C72&sr=1-1"},"yoast_head":"<!-- This site is optimized with the Yoast SEO plugin v27.4 - https:\/\/yoast.com\/product\/yoast-seo-wordpress\/ -->\n<title>Brunete, el Conquistador de Barboletas en ZonArlanza - Catalogo | Letrame Grupo Editorial<\/title>\n<meta name=\"robots\" content=\"index, follow, max-snippet:-1, max-image-preview:large, max-video-preview:-1\" \/>\n<link rel=\"canonical\" href=\"https:\/\/letrame.com\/catalogo\/producto\/brunete-el-conquistador-de-barboletas-en-zonarlanza\/\" \/>\n<meta property=\"og:locale\" content=\"es_ES\" \/>\n<meta property=\"og:type\" content=\"article\" \/>\n<meta property=\"og:title\" content=\"Brunete, el Conquistador de Barboletas en ZonArlanza - Catalogo | Letrame Grupo Editorial\" \/>\n<meta property=\"og:description\" content=\"ISBN: 979-13-7029-005-4 SINOPSIS SEIS RELATOS CORTOS, PARA TRABAJAR LA INTELIGENCIA EMOCIONAL, EN SOLEDAD O EN COMPA\u00d1\u00cdA, AYUD\u00c1NDOTE A CONECTAR CON TU NI\u00d1X INTERIOR, ENTREN\u00c1NDOTE CADA D\u00cdA.\" \/>\n<meta property=\"og:url\" content=\"https:\/\/letrame.com\/catalogo\/producto\/brunete-el-conquistador-de-barboletas-en-zonarlanza\/\" \/>\n<meta property=\"og:site_name\" content=\"Catalogo | Letrame Grupo Editorial\" \/>\n<meta property=\"og:image\" content=\"https:\/\/letrame.com\/catalogo\/wp-content\/uploads\/2025\/12\/bp_brunete_945mm.jpg\" \/>\n\t<meta property=\"og:image:width\" content=\"2457\" \/>\n\t<meta property=\"og:image:height\" content=\"2480\" \/>\n\t<meta property=\"og:image:type\" content=\"image\/jpeg\" \/>\n<meta name=\"twitter:card\" content=\"summary_large_image\" \/>\n<meta name=\"twitter:label1\" content=\"Tiempo de lectura\" \/>\n\t<meta name=\"twitter:data1\" content=\"1 minuto\" \/>\n<script type=\"application\/ld+json\" class=\"yoast-schema-graph\">{\"@context\":\"https:\\\/\\\/schema.org\",\"@graph\":[{\"@type\":\"WebPage\",\"@id\":\"https:\\\/\\\/letrame.com\\\/catalogo\\\/producto\\\/brunete-el-conquistador-de-barboletas-en-zonarlanza\\\/\",\"url\":\"https:\\\/\\\/letrame.com\\\/catalogo\\\/producto\\\/brunete-el-conquistador-de-barboletas-en-zonarlanza\\\/\",\"name\":\"Brunete, el Conquistador de Barboletas en ZonArlanza - Catalogo | Letrame Grupo Editorial\",\"isPartOf\":{\"@id\":\"https:\\\/\\\/letrame.com\\\/catalogo\\\/#website\"},\"primaryImageOfPage\":{\"@id\":\"https:\\\/\\\/letrame.com\\\/catalogo\\\/producto\\\/brunete-el-conquistador-de-barboletas-en-zonarlanza\\\/#primaryimage\"},\"image\":{\"@id\":\"https:\\\/\\\/letrame.com\\\/catalogo\\\/producto\\\/brunete-el-conquistador-de-barboletas-en-zonarlanza\\\/#primaryimage\"},\"thumbnailUrl\":\"https:\\\/\\\/letrame.com\\\/catalogo\\\/wp-content\\\/uploads\\\/2025\\\/12\\\/bp_brunete_945mm.jpg\",\"datePublished\":\"2025-12-22T15:22:09+00:00\",\"breadcrumb\":{\"@id\":\"https:\\\/\\\/letrame.com\\\/catalogo\\\/producto\\\/brunete-el-conquistador-de-barboletas-en-zonarlanza\\\/#breadcrumb\"},\"inLanguage\":\"es\",\"potentialAction\":[{\"@type\":\"ReadAction\",\"target\":[\"https:\\\/\\\/letrame.com\\\/catalogo\\\/producto\\\/brunete-el-conquistador-de-barboletas-en-zonarlanza\\\/\"]}]},{\"@type\":\"ImageObject\",\"inLanguage\":\"es\",\"@id\":\"https:\\\/\\\/letrame.com\\\/catalogo\\\/producto\\\/brunete-el-conquistador-de-barboletas-en-zonarlanza\\\/#primaryimage\",\"url\":\"https:\\\/\\\/letrame.com\\\/catalogo\\\/wp-content\\\/uploads\\\/2025\\\/12\\\/bp_brunete_945mm.jpg\",\"contentUrl\":\"https:\\\/\\\/letrame.com\\\/catalogo\\\/wp-content\\\/uploads\\\/2025\\\/12\\\/bp_brunete_945mm.jpg\",\"width\":2457,\"height\":2480},{\"@type\":\"BreadcrumbList\",\"@id\":\"https:\\\/\\\/letrame.com\\\/catalogo\\\/producto\\\/brunete-el-conquistador-de-barboletas-en-zonarlanza\\\/#breadcrumb\",\"itemListElement\":[{\"@type\":\"ListItem\",\"position\":1,\"name\":\"Portada\",\"item\":\"https:\\\/\\\/letrame.com\\\/catalogo\\\/\"},{\"@type\":\"ListItem\",\"position\":2,\"name\":\"Cat\u00e1logo\",\"item\":\"https:\\\/\\\/letrame.com\\\/catalogo\\\/\"},{\"@type\":\"ListItem\",\"position\":3,\"name\":\"Brunete, el Conquistador de Barboletas en ZonArlanza\"}]},{\"@type\":\"WebSite\",\"@id\":\"https:\\\/\\\/letrame.com\\\/catalogo\\\/#website\",\"url\":\"https:\\\/\\\/letrame.com\\\/catalogo\\\/\",\"name\":\"Catalogo | Letrame Grupo Editorial\",\"description\":\"\",\"publisher\":{\"@id\":\"https:\\\/\\\/letrame.com\\\/catalogo\\\/#organization\"},\"potentialAction\":[{\"@type\":\"SearchAction\",\"target\":{\"@type\":\"EntryPoint\",\"urlTemplate\":\"https:\\\/\\\/letrame.com\\\/catalogo\\\/?s={search_term_string}\"},\"query-input\":{\"@type\":\"PropertyValueSpecification\",\"valueRequired\":true,\"valueName\":\"search_term_string\"}}],\"inLanguage\":\"es\"},{\"@type\":\"Organization\",\"@id\":\"https:\\\/\\\/letrame.com\\\/catalogo\\\/#organization\",\"name\":\"Catalogo | Letrame Grupo Editorial\",\"url\":\"https:\\\/\\\/letrame.com\\\/catalogo\\\/\",\"logo\":{\"@type\":\"ImageObject\",\"inLanguage\":\"es\",\"@id\":\"https:\\\/\\\/letrame.com\\\/catalogo\\\/#\\\/schema\\\/logo\\\/image\\\/\",\"url\":\"https:\\\/\\\/letrame.com\\\/catalogo\\\/wp-content\\\/uploads\\\/2024\\\/03\\\/logo2.webp\",\"contentUrl\":\"https:\\\/\\\/letrame.com\\\/catalogo\\\/wp-content\\\/uploads\\\/2024\\\/03\\\/logo2.webp\",\"width\":394,\"height\":128,\"caption\":\"Catalogo | Letrame Grupo Editorial\"},\"image\":{\"@id\":\"https:\\\/\\\/letrame.com\\\/catalogo\\\/#\\\/schema\\\/logo\\\/image\\\/\"}}]}<\/script>\n<!-- \/ Yoast SEO plugin. -->","yoast_head_json":{"title":"Brunete, el Conquistador de Barboletas en ZonArlanza - Catalogo | Letrame Grupo Editorial","robots":{"index":"index","follow":"follow","max-snippet":"max-snippet:-1","max-image-preview":"max-image-preview:large","max-video-preview":"max-video-preview:-1"},"canonical":"https:\/\/letrame.com\/catalogo\/producto\/brunete-el-conquistador-de-barboletas-en-zonarlanza\/","og_locale":"es_ES","og_type":"article","og_title":"Brunete, el Conquistador de Barboletas en ZonArlanza - Catalogo | Letrame Grupo Editorial","og_description":"ISBN: 979-13-7029-005-4 SINOPSIS SEIS RELATOS CORTOS, PARA TRABAJAR LA INTELIGENCIA EMOCIONAL, EN SOLEDAD O EN COMPA\u00d1\u00cdA, AYUD\u00c1NDOTE A CONECTAR CON TU NI\u00d1X INTERIOR, ENTREN\u00c1NDOTE CADA D\u00cdA.","og_url":"https:\/\/letrame.com\/catalogo\/producto\/brunete-el-conquistador-de-barboletas-en-zonarlanza\/","og_site_name":"Catalogo | Letrame Grupo Editorial","og_image":[{"width":2457,"height":2480,"url":"https:\/\/letrame.com\/catalogo\/wp-content\/uploads\/2025\/12\/bp_brunete_945mm.jpg","type":"image\/jpeg"}],"twitter_card":"summary_large_image","twitter_misc":{"Tiempo de lectura":"1 minuto"},"schema":{"@context":"https:\/\/schema.org","@graph":[{"@type":"WebPage","@id":"https:\/\/letrame.com\/catalogo\/producto\/brunete-el-conquistador-de-barboletas-en-zonarlanza\/","url":"https:\/\/letrame.com\/catalogo\/producto\/brunete-el-conquistador-de-barboletas-en-zonarlanza\/","name":"Brunete, el Conquistador de Barboletas en ZonArlanza - Catalogo | Letrame Grupo Editorial","isPartOf":{"@id":"https:\/\/letrame.com\/catalogo\/#website"},"primaryImageOfPage":{"@id":"https:\/\/letrame.com\/catalogo\/producto\/brunete-el-conquistador-de-barboletas-en-zonarlanza\/#primaryimage"},"image":{"@id":"https:\/\/letrame.com\/catalogo\/producto\/brunete-el-conquistador-de-barboletas-en-zonarlanza\/#primaryimage"},"thumbnailUrl":"https:\/\/letrame.com\/catalogo\/wp-content\/uploads\/2025\/12\/bp_brunete_945mm.jpg","datePublished":"2025-12-22T15:22:09+00:00","breadcrumb":{"@id":"https:\/\/letrame.com\/catalogo\/producto\/brunete-el-conquistador-de-barboletas-en-zonarlanza\/#breadcrumb"},"inLanguage":"es","potentialAction":[{"@type":"ReadAction","target":["https:\/\/letrame.com\/catalogo\/producto\/brunete-el-conquistador-de-barboletas-en-zonarlanza\/"]}]},{"@type":"ImageObject","inLanguage":"es","@id":"https:\/\/letrame.com\/catalogo\/producto\/brunete-el-conquistador-de-barboletas-en-zonarlanza\/#primaryimage","url":"https:\/\/letrame.com\/catalogo\/wp-content\/uploads\/2025\/12\/bp_brunete_945mm.jpg","contentUrl":"https:\/\/letrame.com\/catalogo\/wp-content\/uploads\/2025\/12\/bp_brunete_945mm.jpg","width":2457,"height":2480},{"@type":"BreadcrumbList","@id":"https:\/\/letrame.com\/catalogo\/producto\/brunete-el-conquistador-de-barboletas-en-zonarlanza\/#breadcrumb","itemListElement":[{"@type":"ListItem","position":1,"name":"Portada","item":"https:\/\/letrame.com\/catalogo\/"},{"@type":"ListItem","position":2,"name":"Cat\u00e1logo","item":"https:\/\/letrame.com\/catalogo\/"},{"@type":"ListItem","position":3,"name":"Brunete, el Conquistador de Barboletas en ZonArlanza"}]},{"@type":"WebSite","@id":"https:\/\/letrame.com\/catalogo\/#website","url":"https:\/\/letrame.com\/catalogo\/","name":"Catalogo | Letrame Grupo Editorial","description":"","publisher":{"@id":"https:\/\/letrame.com\/catalogo\/#organization"},"potentialAction":[{"@type":"SearchAction","target":{"@type":"EntryPoint","urlTemplate":"https:\/\/letrame.com\/catalogo\/?s={search_term_string}"},"query-input":{"@type":"PropertyValueSpecification","valueRequired":true,"valueName":"search_term_string"}}],"inLanguage":"es"},{"@type":"Organization","@id":"https:\/\/letrame.com\/catalogo\/#organization","name":"Catalogo | Letrame Grupo Editorial","url":"https:\/\/letrame.com\/catalogo\/","logo":{"@type":"ImageObject","inLanguage":"es","@id":"https:\/\/letrame.com\/catalogo\/#\/schema\/logo\/image\/","url":"https:\/\/letrame.com\/catalogo\/wp-content\/uploads\/2024\/03\/logo2.webp","contentUrl":"https:\/\/letrame.com\/catalogo\/wp-content\/uploads\/2024\/03\/logo2.webp","width":394,"height":128,"caption":"Catalogo | Letrame Grupo Editorial"},"image":{"@id":"https:\/\/letrame.com\/catalogo\/#\/schema\/logo\/image\/"}}]}},"_links":{"self":[{"href":"https:\/\/letrame.com\/catalogo\/wp-json\/wp\/v2\/product\/110118","targetHints":{"allow":["GET"]}}],"collection":[{"href":"https:\/\/letrame.com\/catalogo\/wp-json\/wp\/v2\/product"}],"about":[{"href":"https:\/\/letrame.com\/catalogo\/wp-json\/wp\/v2\/types\/product"}],"replies":[{"embeddable":true,"href":"https:\/\/letrame.com\/catalogo\/wp-json\/wp\/v2\/comments?post=110118"}],"acf:post":[{"embeddable":true,"href":"https:\/\/letrame.com\/catalogo\/wp-json\/wp\/v2\/author_book\/106108"}],"wp:featuredmedia":[{"embeddable":true,"href":"https:\/\/letrame.com\/catalogo\/wp-json\/wp\/v2\/media\/110119"}],"wp:attachment":[{"href":"https:\/\/letrame.com\/catalogo\/wp-json\/wp\/v2\/media?parent=110118"}],"wp:term":[{"taxonomy":"libro","embeddable":true,"href":"https:\/\/letrame.com\/catalogo\/wp-json\/wp\/v2\/libro?post=110118"},{"taxonomy":"product_brand","embeddable":true,"href":"https:\/\/letrame.com\/catalogo\/wp-json\/wp\/v2\/product_brand?post=110118"},{"taxonomy":"product_cat","embeddable":true,"href":"https:\/\/letrame.com\/catalogo\/wp-json\/wp\/v2\/product_cat?post=110118"},{"taxonomy":"product_tag","embeddable":true,"href":"https:\/\/letrame.com\/catalogo\/wp-json\/wp\/v2\/product_tag?post=110118"}],"curies":[{"name":"wp","href":"https:\/\/api.w.org\/{rel}","templated":true}]}}