{"id":110097,"date":"2025-12-17T16:33:34","date_gmt":"2025-12-17T15:33:34","guid":{"rendered":"https:\/\/letrame.com\/catalogo\/?post_type=product&#038;p=110097"},"modified":"2025-12-17T16:34:41","modified_gmt":"2025-12-17T15:34:41","slug":"algo-que-valga-la-pena-2","status":"publish","type":"product","link":"https:\/\/letrame.com\/catalogo\/producto\/algo-que-valga-la-pena-2\/","title":{"rendered":"Algo que valga la pena. 2\u00ba Edici\u00f3n"},"content":{"rendered":"<p class=\"p1\"><b>ISBN:\u00a0<\/b>979-13-7029-328-4<\/p>\n<p class=\"p1\"><b>T\u00edtulo: <\/b>Algo que valga la pena<\/p>\n<p class=\"p1\"><b><\/b><b>Fecha:<\/b> 2025<\/p>\n<p class=\"p1\"><b><\/b><b>P\u00e1ginas:\u00a0<\/b>74<b><\/b><\/p>\n<p>&nbsp;<\/p>\n<p class=\"p1\"><b>SINOPSIS<\/b><b><\/b><\/p>\n<p class=\"p1\">Algo que valga la pena es una historia de ascensos y ca\u00eddas, de amor y traici\u00f3n, de sue\u00f1os brillantes que se ti\u00f1en de sombras.<\/p>\n<p class=\"p1\">Samanta, redactora en una prestigiosa revista de moda, vive entre pasarelas, tendencias y romances complicados. La aparente perfecci\u00f3n de su vida se resquebraja cuando descubre que Chat, su pareja,\u00a0no solo es un hombre ego\u00edsta y manipulador, sino un estafador que la arrastra a un mundo que jam\u00e1s imagin\u00f3 habitar: el de las mafias, los planes millonarios y el crimen.<\/p>\n<p class=\"p1\">Lo que empieza como una b\u00fasqueda desesperada por recuperar lo perdido se convierte en una espiral de sexo, enga\u00f1os y decisiones al l\u00edmite. Entre la lealtad a su nueva pareja Iban, las tensiones con su jefe Alfredo y el peligro constante que representa Chat, Samanta atraviesa un viaje donde cada elecci\u00f3n puede costarle su carrera, su libertad\u2026 o su vida.<\/p>\n<p class=\"p1\">Lidia Delgado nos sumerge en una trama intensa y emocionalmente cruda, donde los lujos de la moda conviven con el v\u00e9rtigo del delito, y donde el deseo de venganza puede ser m\u00e1s fuerte que el amor o el miedo.<\/p>\n<p class=\"p1\">\u00bfHasta d\u00f3nde puede llegar alguien por encontrar algo que, de verdad, valga la pena?<\/p>\n","protected":false},"excerpt":{"rendered":"<p class=\"p1\"><b>ISBN:\u00a0<\/b>979-13-7029-328-4<\/p>\n<p class=\"p1\"><b>SINOPSIS<\/b><b><\/b><\/p>\n<p class=\"p1\">Algo que valga la pena es una historia de ascensos y ca\u00eddas, de amor y traici\u00f3n, de sue\u00f1os brillantes que se ti\u00f1en de sombras.<\/p>\n<p class=\"p1\">Samanta, redactora en una prestigiosa revista de moda, vive entre pasarelas, tendencias y romances complicados. La aparente perfecci\u00f3n de su vida se resquebraja cuando descubre que Chat, su pareja,\u00a0no solo es un hombre ego\u00edsta y manipulador, sino un estafador que la arrastra a un mundo que jam\u00e1s imagin\u00f3 habitar: el de las mafias, los planes millonarios y el crimen.<\/p>\n<p class=\"p1\">Lo que empieza como una b\u00fasqueda desesperada por recuperar lo perdido se convierte en una espiral de sexo, enga\u00f1os y decisiones al l\u00edmite. Entre la lealtad a su nueva pareja Iban, las tensiones con su jefe Alfredo y el peligro constante que representa Chat, Samanta atraviesa un viaje donde cada elecci\u00f3n puede costarle su carrera, su libertad\u2026 o su vida.<\/p>\n<p class=\"p1\">Lidia Delgado nos sumerge en una trama intensa y emocionalmente cruda, donde los lujos de la moda conviven con el v\u00e9rtigo del delito, y donde el deseo de venganza puede ser m\u00e1s fuerte que el amor o el miedo.<\/p>\n<p class=\"p1\">\u00bfHasta d\u00f3nde puede llegar alguien por encontrar algo que, de verdad, valga la pena?<\/p>\n","protected":false},"featured_media":110099,"comment_status":"open","ping_status":"closed","template":"","meta":{"_acf_changed":false},"libro":[],"product_brand":[],"product_cat":[111],"product_tag":[],"class_list":{"0":"post-110097","1":"product","2":"type-product","3":"status-publish","4":"has-post-thumbnail","6":"product_cat-thriller","8":"first","9":"instock","10":"shipping-taxable","11":"product-type-simple"},"acf":{"autor":[109662],"enlace_de_compra":"https:\/\/www.amazon.es\/Algo-valga-pena-Lidia-Delgado\/dp\/B0G4M7T86Q\/ref=sr_1_1?__mk_es_ES=%C3%85M%C3%85%C5%BD%C3%95%C3%91&crid=392VEZCKIOETG&dib=eyJ2IjoiMSJ9.gahuGxbvME8Y_yhKysax-A.mBEBI-Gx-GChBdAyWLAraT_Bd8v05q6_leVMPUCOyH8&dib_tag=se&keywords=algo+que+valga+la+pena&qid=1765985503&s=books&sprefix=algo+que+valga+la+pena%2Cstripbooks%2C64&sr=1-1"},"yoast_head":"<!-- This site is optimized with the Yoast SEO plugin v26.6 - https:\/\/yoast.com\/wordpress\/plugins\/seo\/ -->\n<title>Algo que valga la pena. 2\u00ba Edici\u00f3n - Catalogo | Letrame Grupo Editorial<\/title>\n<meta name=\"robots\" content=\"index, follow, max-snippet:-1, max-image-preview:large, max-video-preview:-1\" \/>\n<link rel=\"canonical\" href=\"https:\/\/letrame.com\/catalogo\/producto\/algo-que-valga-la-pena-2\/\" \/>\n<meta property=\"og:locale\" content=\"es_ES\" \/>\n<meta property=\"og:type\" content=\"article\" \/>\n<meta property=\"og:title\" content=\"Algo que valga la pena. 2\u00ba Edici\u00f3n - Catalogo | Letrame Grupo Editorial\" \/>\n<meta property=\"og:description\" content=\"ISBN:\u00a0979-13-7029-328-4 SINOPSIS Algo que valga la pena es una historia de ascensos y ca\u00eddas, de amor y traici\u00f3n, de sue\u00f1os brillantes que se ti\u00f1en de sombras. Samanta, redactora en una prestigiosa revista de moda, vive entre pasarelas, tendencias y romances complicados. La aparente perfecci\u00f3n de su vida se resquebraja cuando descubre que Chat, su pareja,\u00a0no solo es un hombre ego\u00edsta y manipulador, sino un estafador que la arrastra a un mundo que jam\u00e1s imagin\u00f3 habitar: el de las mafias, los planes millonarios y el crimen. Lo que empieza como una b\u00fasqueda desesperada por recuperar lo perdido se convierte en una espiral de sexo, enga\u00f1os y decisiones al l\u00edmite. Entre la lealtad a su nueva pareja Iban, las tensiones con su jefe Alfredo y el peligro constante que representa Chat, Samanta atraviesa un viaje donde cada elecci\u00f3n puede costarle su carrera, su libertad\u2026 o su vida. Lidia Delgado nos sumerge en una trama intensa y emocionalmente cruda, donde los lujos de la moda conviven con el v\u00e9rtigo del delito, y donde el deseo de venganza puede ser m\u00e1s fuerte que el amor o el miedo. \u00bfHasta d\u00f3nde puede llegar alguien por encontrar algo que, de verdad, valga la pena?\" \/>\n<meta property=\"og:url\" content=\"https:\/\/letrame.com\/catalogo\/producto\/algo-que-valga-la-pena-2\/\" \/>\n<meta property=\"og:site_name\" content=\"Catalogo | Letrame Grupo Editorial\" \/>\n<meta property=\"article:modified_time\" content=\"2025-12-17T15:34:41+00:00\" \/>\n<meta property=\"og:image\" content=\"https:\/\/letrame.com\/catalogo\/wp-content\/uploads\/2025\/12\/fotocatalogo-1-scaled.jpg\" \/>\n\t<meta property=\"og:image:width\" content=\"1706\" \/>\n\t<meta property=\"og:image:height\" content=\"2560\" \/>\n\t<meta property=\"og:image:type\" content=\"image\/jpeg\" \/>\n<meta name=\"twitter:card\" content=\"summary_large_image\" \/>\n<meta name=\"twitter:label1\" content=\"Tiempo de lectura\" \/>\n\t<meta name=\"twitter:data1\" content=\"2 minutos\" \/>\n<script type=\"application\/ld+json\" class=\"yoast-schema-graph\">{\"@context\":\"https:\/\/schema.org\",\"@graph\":[{\"@type\":\"WebPage\",\"@id\":\"https:\/\/letrame.com\/catalogo\/producto\/algo-que-valga-la-pena-2\/\",\"url\":\"https:\/\/letrame.com\/catalogo\/producto\/algo-que-valga-la-pena-2\/\",\"name\":\"Algo que valga la pena. 2\u00ba Edici\u00f3n - Catalogo | Letrame Grupo Editorial\",\"isPartOf\":{\"@id\":\"https:\/\/letrame.com\/catalogo\/#website\"},\"primaryImageOfPage\":{\"@id\":\"https:\/\/letrame.com\/catalogo\/producto\/algo-que-valga-la-pena-2\/#primaryimage\"},\"image\":{\"@id\":\"https:\/\/letrame.com\/catalogo\/producto\/algo-que-valga-la-pena-2\/#primaryimage\"},\"thumbnailUrl\":\"https:\/\/letrame.com\/catalogo\/wp-content\/uploads\/2025\/12\/fotocatalogo-1-scaled.jpg\",\"datePublished\":\"2025-12-17T15:33:34+00:00\",\"dateModified\":\"2025-12-17T15:34:41+00:00\",\"breadcrumb\":{\"@id\":\"https:\/\/letrame.com\/catalogo\/producto\/algo-que-valga-la-pena-2\/#breadcrumb\"},\"inLanguage\":\"es\",\"potentialAction\":[{\"@type\":\"ReadAction\",\"target\":[\"https:\/\/letrame.com\/catalogo\/producto\/algo-que-valga-la-pena-2\/\"]}]},{\"@type\":\"ImageObject\",\"inLanguage\":\"es\",\"@id\":\"https:\/\/letrame.com\/catalogo\/producto\/algo-que-valga-la-pena-2\/#primaryimage\",\"url\":\"https:\/\/letrame.com\/catalogo\/wp-content\/uploads\/2025\/12\/fotocatalogo-1-scaled.jpg\",\"contentUrl\":\"https:\/\/letrame.com\/catalogo\/wp-content\/uploads\/2025\/12\/fotocatalogo-1-scaled.jpg\",\"width\":1706,\"height\":2560},{\"@type\":\"BreadcrumbList\",\"@id\":\"https:\/\/letrame.com\/catalogo\/producto\/algo-que-valga-la-pena-2\/#breadcrumb\",\"itemListElement\":[{\"@type\":\"ListItem\",\"position\":1,\"name\":\"Portada\",\"item\":\"https:\/\/letrame.com\/catalogo\/\"},{\"@type\":\"ListItem\",\"position\":2,\"name\":\"Cat\u00e1logo\",\"item\":\"https:\/\/letrame.com\/catalogo\/\"},{\"@type\":\"ListItem\",\"position\":3,\"name\":\"Algo que valga la pena. 2\u00ba Edici\u00f3n\"}]},{\"@type\":\"WebSite\",\"@id\":\"https:\/\/letrame.com\/catalogo\/#website\",\"url\":\"https:\/\/letrame.com\/catalogo\/\",\"name\":\"Catalogo | Letrame Grupo Editorial\",\"description\":\"\",\"publisher\":{\"@id\":\"https:\/\/letrame.com\/catalogo\/#organization\"},\"potentialAction\":[{\"@type\":\"SearchAction\",\"target\":{\"@type\":\"EntryPoint\",\"urlTemplate\":\"https:\/\/letrame.com\/catalogo\/?s={search_term_string}\"},\"query-input\":{\"@type\":\"PropertyValueSpecification\",\"valueRequired\":true,\"valueName\":\"search_term_string\"}}],\"inLanguage\":\"es\"},{\"@type\":\"Organization\",\"@id\":\"https:\/\/letrame.com\/catalogo\/#organization\",\"name\":\"Catalogo | Letrame Grupo Editorial\",\"url\":\"https:\/\/letrame.com\/catalogo\/\",\"logo\":{\"@type\":\"ImageObject\",\"inLanguage\":\"es\",\"@id\":\"https:\/\/letrame.com\/catalogo\/#\/schema\/logo\/image\/\",\"url\":\"https:\/\/letrame.com\/catalogo\/wp-content\/uploads\/2024\/03\/logo2.webp\",\"contentUrl\":\"https:\/\/letrame.com\/catalogo\/wp-content\/uploads\/2024\/03\/logo2.webp\",\"width\":394,\"height\":128,\"caption\":\"Catalogo | Letrame Grupo Editorial\"},\"image\":{\"@id\":\"https:\/\/letrame.com\/catalogo\/#\/schema\/logo\/image\/\"}}]}<\/script>\n<!-- \/ Yoast SEO plugin. -->","yoast_head_json":{"title":"Algo que valga la pena. 2\u00ba Edici\u00f3n - Catalogo | Letrame Grupo Editorial","robots":{"index":"index","follow":"follow","max-snippet":"max-snippet:-1","max-image-preview":"max-image-preview:large","max-video-preview":"max-video-preview:-1"},"canonical":"https:\/\/letrame.com\/catalogo\/producto\/algo-que-valga-la-pena-2\/","og_locale":"es_ES","og_type":"article","og_title":"Algo que valga la pena. 2\u00ba Edici\u00f3n - Catalogo | Letrame Grupo Editorial","og_description":"ISBN:\u00a0979-13-7029-328-4 SINOPSIS Algo que valga la pena es una historia de ascensos y ca\u00eddas, de amor y traici\u00f3n, de sue\u00f1os brillantes que se ti\u00f1en de sombras. Samanta, redactora en una prestigiosa revista de moda, vive entre pasarelas, tendencias y romances complicados. La aparente perfecci\u00f3n de su vida se resquebraja cuando descubre que Chat, su pareja,\u00a0no solo es un hombre ego\u00edsta y manipulador, sino un estafador que la arrastra a un mundo que jam\u00e1s imagin\u00f3 habitar: el de las mafias, los planes millonarios y el crimen. Lo que empieza como una b\u00fasqueda desesperada por recuperar lo perdido se convierte en una espiral de sexo, enga\u00f1os y decisiones al l\u00edmite. Entre la lealtad a su nueva pareja Iban, las tensiones con su jefe Alfredo y el peligro constante que representa Chat, Samanta atraviesa un viaje donde cada elecci\u00f3n puede costarle su carrera, su libertad\u2026 o su vida. Lidia Delgado nos sumerge en una trama intensa y emocionalmente cruda, donde los lujos de la moda conviven con el v\u00e9rtigo del delito, y donde el deseo de venganza puede ser m\u00e1s fuerte que el amor o el miedo. \u00bfHasta d\u00f3nde puede llegar alguien por encontrar algo que, de verdad, valga la pena?","og_url":"https:\/\/letrame.com\/catalogo\/producto\/algo-que-valga-la-pena-2\/","og_site_name":"Catalogo | Letrame Grupo Editorial","article_modified_time":"2025-12-17T15:34:41+00:00","og_image":[{"width":1706,"height":2560,"url":"https:\/\/letrame.com\/catalogo\/wp-content\/uploads\/2025\/12\/fotocatalogo-1-scaled.jpg","type":"image\/jpeg"}],"twitter_card":"summary_large_image","twitter_misc":{"Tiempo de lectura":"2 minutos"},"schema":{"@context":"https:\/\/schema.org","@graph":[{"@type":"WebPage","@id":"https:\/\/letrame.com\/catalogo\/producto\/algo-que-valga-la-pena-2\/","url":"https:\/\/letrame.com\/catalogo\/producto\/algo-que-valga-la-pena-2\/","name":"Algo que valga la pena. 2\u00ba Edici\u00f3n - Catalogo | Letrame Grupo Editorial","isPartOf":{"@id":"https:\/\/letrame.com\/catalogo\/#website"},"primaryImageOfPage":{"@id":"https:\/\/letrame.com\/catalogo\/producto\/algo-que-valga-la-pena-2\/#primaryimage"},"image":{"@id":"https:\/\/letrame.com\/catalogo\/producto\/algo-que-valga-la-pena-2\/#primaryimage"},"thumbnailUrl":"https:\/\/letrame.com\/catalogo\/wp-content\/uploads\/2025\/12\/fotocatalogo-1-scaled.jpg","datePublished":"2025-12-17T15:33:34+00:00","dateModified":"2025-12-17T15:34:41+00:00","breadcrumb":{"@id":"https:\/\/letrame.com\/catalogo\/producto\/algo-que-valga-la-pena-2\/#breadcrumb"},"inLanguage":"es","potentialAction":[{"@type":"ReadAction","target":["https:\/\/letrame.com\/catalogo\/producto\/algo-que-valga-la-pena-2\/"]}]},{"@type":"ImageObject","inLanguage":"es","@id":"https:\/\/letrame.com\/catalogo\/producto\/algo-que-valga-la-pena-2\/#primaryimage","url":"https:\/\/letrame.com\/catalogo\/wp-content\/uploads\/2025\/12\/fotocatalogo-1-scaled.jpg","contentUrl":"https:\/\/letrame.com\/catalogo\/wp-content\/uploads\/2025\/12\/fotocatalogo-1-scaled.jpg","width":1706,"height":2560},{"@type":"BreadcrumbList","@id":"https:\/\/letrame.com\/catalogo\/producto\/algo-que-valga-la-pena-2\/#breadcrumb","itemListElement":[{"@type":"ListItem","position":1,"name":"Portada","item":"https:\/\/letrame.com\/catalogo\/"},{"@type":"ListItem","position":2,"name":"Cat\u00e1logo","item":"https:\/\/letrame.com\/catalogo\/"},{"@type":"ListItem","position":3,"name":"Algo que valga la pena. 2\u00ba Edici\u00f3n"}]},{"@type":"WebSite","@id":"https:\/\/letrame.com\/catalogo\/#website","url":"https:\/\/letrame.com\/catalogo\/","name":"Catalogo | Letrame Grupo Editorial","description":"","publisher":{"@id":"https:\/\/letrame.com\/catalogo\/#organization"},"potentialAction":[{"@type":"SearchAction","target":{"@type":"EntryPoint","urlTemplate":"https:\/\/letrame.com\/catalogo\/?s={search_term_string}"},"query-input":{"@type":"PropertyValueSpecification","valueRequired":true,"valueName":"search_term_string"}}],"inLanguage":"es"},{"@type":"Organization","@id":"https:\/\/letrame.com\/catalogo\/#organization","name":"Catalogo | Letrame Grupo Editorial","url":"https:\/\/letrame.com\/catalogo\/","logo":{"@type":"ImageObject","inLanguage":"es","@id":"https:\/\/letrame.com\/catalogo\/#\/schema\/logo\/image\/","url":"https:\/\/letrame.com\/catalogo\/wp-content\/uploads\/2024\/03\/logo2.webp","contentUrl":"https:\/\/letrame.com\/catalogo\/wp-content\/uploads\/2024\/03\/logo2.webp","width":394,"height":128,"caption":"Catalogo | Letrame Grupo Editorial"},"image":{"@id":"https:\/\/letrame.com\/catalogo\/#\/schema\/logo\/image\/"}}]}},"_links":{"self":[{"href":"https:\/\/letrame.com\/catalogo\/wp-json\/wp\/v2\/product\/110097","targetHints":{"allow":["GET"]}}],"collection":[{"href":"https:\/\/letrame.com\/catalogo\/wp-json\/wp\/v2\/product"}],"about":[{"href":"https:\/\/letrame.com\/catalogo\/wp-json\/wp\/v2\/types\/product"}],"replies":[{"embeddable":true,"href":"https:\/\/letrame.com\/catalogo\/wp-json\/wp\/v2\/comments?post=110097"}],"acf:post":[{"embeddable":true,"href":"https:\/\/letrame.com\/catalogo\/wp-json\/wp\/v2\/author_book\/109662"}],"wp:featuredmedia":[{"embeddable":true,"href":"https:\/\/letrame.com\/catalogo\/wp-json\/wp\/v2\/media\/110099"}],"wp:attachment":[{"href":"https:\/\/letrame.com\/catalogo\/wp-json\/wp\/v2\/media?parent=110097"}],"wp:term":[{"taxonomy":"libro","embeddable":true,"href":"https:\/\/letrame.com\/catalogo\/wp-json\/wp\/v2\/libro?post=110097"},{"taxonomy":"product_brand","embeddable":true,"href":"https:\/\/letrame.com\/catalogo\/wp-json\/wp\/v2\/product_brand?post=110097"},{"taxonomy":"product_cat","embeddable":true,"href":"https:\/\/letrame.com\/catalogo\/wp-json\/wp\/v2\/product_cat?post=110097"},{"taxonomy":"product_tag","embeddable":true,"href":"https:\/\/letrame.com\/catalogo\/wp-json\/wp\/v2\/product_tag?post=110097"}],"curies":[{"name":"wp","href":"https:\/\/api.w.org\/{rel}","templated":true}]}}