{"id":110092,"date":"2025-12-17T16:06:36","date_gmt":"2025-12-17T15:06:36","guid":{"rendered":"https:\/\/letrame.com\/catalogo\/?post_type=product&#038;p=110092"},"modified":"2025-12-17T16:25:07","modified_gmt":"2025-12-17T15:25:07","slug":"irene-queria-ser-princesa","status":"publish","type":"product","link":"https:\/\/letrame.com\/catalogo\/producto\/irene-queria-ser-princesa\/","title":{"rendered":"Irene Quer\u00eda ser Princesa"},"content":{"rendered":"<p class=\"p1\"><b>ISBN: <\/b>979-13-7029-134-1<\/p>\n<p class=\"p1\"><b>T\u00edtulo:\u00a0<\/b>Irene Quer\u00eda ser Princesa<\/p>\n<p class=\"p1\"><b><\/b><b>Fecha:\u00a0<\/b>2025<b><\/b><\/p>\n<p class=\"p1\"><b>P\u00e1ginas: <\/b>50<b><\/b><\/p>\n<p class=\"p1\"><b>SINOPSIS<\/b><b><\/b><\/p>\n<p style=\"text-align: justify; line-height: 150%;\">Hay ni\u00f1as que sue\u00f1an con ser princesas y mujeres que, aun sin corona, sostienen un reino entero con sus manos. Este libro es el eco de una vida atravesada por la fragilidad y la fortaleza, donde la ternura convive con la herida y la memoria se convierte en salvavidas.<\/p>\n<p style=\"text-align: justify; line-height: 150%;\"><em>Irene quer\u00eda ser princesa<\/em> es la historia de una infancia marcada por la diferencia, de una juventud sacudida por el dolor y de una adultez enfrentada a la sombra de la enfermedad. Y es, sobre todo, un canto a la madre como refugio y a la mujer como ra\u00edz.<\/p>\n<p style=\"text-align: justify; line-height: 150%;\">En estas p\u00e1ginas, lo \u00edntimo se vuelve universal: la b\u00fasqueda de un lugar en el mundo, la lucha contra el rechazo, el aprendizaje del amor propio y la despedida de quienes nos ense\u00f1aron a resistir. Johana Mackenney Esgeb transforma la memoria en homenaje y el duelo en un acto de amor perdurable.<\/p>\n<p style=\"text-align: justify; line-height: 150%;\">Este es un libro que habla de princesas sin palacios, de coronas invisibles y de la certeza de que la dignidad se defiende con cada l\u00e1grima, con cada caricia y con cada palabra que se atreve a recordar.<\/p>\n","protected":false},"excerpt":{"rendered":"<p class=\"p1\"><b>ISBN: <\/b>979-13-7029-134-1<\/p>\n<p class=\"p1\"><b>SINOPSIS<\/b><b><\/b><\/p>\n<p style=\"text-align: justify; line-height: 150%;\">Hay ni\u00f1as que sue\u00f1an con ser princesas y mujeres que, aun sin corona, sostienen un reino entero con sus manos. Este libro es el eco de una vida atravesada por la fragilidad y la fortaleza, donde la ternura convive con la herida y la memoria se convierte en salvavidas.<\/p>\n<p style=\"text-align: justify; line-height: 150%;\"><em>Irene quer\u00eda ser princesa<\/em> es la historia de una infancia marcada por la diferencia, de una juventud sacudida por el dolor y de una adultez enfrentada a la sombra de la enfermedad. Y es, sobre todo, un canto a la madre como refugio y a la mujer como ra\u00edz.<\/p>\n<p style=\"text-align: justify; line-height: 150%;\">En estas p\u00e1ginas, lo \u00edntimo se vuelve universal: la b\u00fasqueda de un lugar en el mundo, la lucha contra el rechazo, el aprendizaje del amor propio y la despedida de quienes nos ense\u00f1aron a resistir. Johana Mackenney Esgeb transforma la memoria en homenaje y el duelo en un acto de amor perdurable.<\/p>\n<p style=\"text-align: justify; line-height: 150%;\">Este es un libro que habla de princesas sin palacios, de coronas invisibles y de la certeza de que la dignidad se defiende con cada l\u00e1grima, con cada caricia y con cada palabra que se atreve a recordar.<\/p>\n","protected":false},"featured_media":110095,"comment_status":"open","ping_status":"closed","template":"","meta":{"_acf_changed":false},"libro":[],"product_brand":[],"product_cat":[62],"product_tag":[],"class_list":{"0":"post-110092","1":"product","2":"type-product","3":"status-publish","4":"has-post-thumbnail","6":"product_cat-historico","8":"first","9":"instock","10":"shipping-taxable","11":"product-type-simple"},"acf":{"autor":[110089],"enlace_de_compra":"https:\/\/www.agapea.com\/libros\/Irene-queria-ser-princesa-9791370291341-i.htm?srsltid=AfmBOoohkL_euoRO6RQuuEA2K_7XfJKGOEDxKJLgJW5pbkvtgeEmwpKM"},"yoast_head":"<!-- This site is optimized with the Yoast SEO plugin v27.4 - https:\/\/yoast.com\/product\/yoast-seo-wordpress\/ -->\n<title>Irene Quer\u00eda ser Princesa - Catalogo | Letrame Grupo Editorial<\/title>\n<meta name=\"robots\" content=\"index, follow, max-snippet:-1, max-image-preview:large, max-video-preview:-1\" \/>\n<link rel=\"canonical\" href=\"https:\/\/letrame.com\/catalogo\/producto\/irene-queria-ser-princesa\/\" \/>\n<meta property=\"og:locale\" content=\"es_ES\" \/>\n<meta property=\"og:type\" content=\"article\" \/>\n<meta property=\"og:title\" content=\"Irene Quer\u00eda ser Princesa - Catalogo | Letrame Grupo Editorial\" \/>\n<meta property=\"og:description\" content=\"ISBN: 979-13-7029-134-1 SINOPSIS Hay ni\u00f1as que sue\u00f1an con ser princesas y mujeres que, aun sin corona, sostienen un reino entero con sus manos. Este libro es el eco de una vida atravesada por la fragilidad y la fortaleza, donde la ternura convive con la herida y la memoria se convierte en salvavidas. Irene quer\u00eda ser princesa es la historia de una infancia marcada por la diferencia, de una juventud sacudida por el dolor y de una adultez enfrentada a la sombra de la enfermedad. Y es, sobre todo, un canto a la madre como refugio y a la mujer como ra\u00edz. En estas p\u00e1ginas, lo \u00edntimo se vuelve universal: la b\u00fasqueda de un lugar en el mundo, la lucha contra el rechazo, el aprendizaje del amor propio y la despedida de quienes nos ense\u00f1aron a resistir. Johana Mackenney Esgeb transforma la memoria en homenaje y el duelo en un acto de amor perdurable. Este es un libro que habla de princesas sin palacios, de coronas invisibles y de la certeza de que la dignidad se defiende con cada l\u00e1grima, con cada caricia y con cada palabra que se atreve a recordar.\" \/>\n<meta property=\"og:url\" content=\"https:\/\/letrame.com\/catalogo\/producto\/irene-queria-ser-princesa\/\" \/>\n<meta property=\"og:site_name\" content=\"Catalogo | Letrame Grupo Editorial\" \/>\n<meta property=\"article:modified_time\" content=\"2025-12-17T15:25:07+00:00\" \/>\n<meta property=\"og:image\" content=\"https:\/\/letrame.com\/catalogo\/wp-content\/uploads\/2025\/12\/fotocatalogo.jpg\" \/>\n\t<meta property=\"og:image:width\" content=\"413\" \/>\n\t<meta property=\"og:image:height\" content=\"606\" \/>\n\t<meta property=\"og:image:type\" content=\"image\/jpeg\" \/>\n<meta name=\"twitter:card\" content=\"summary_large_image\" \/>\n<meta name=\"twitter:label1\" content=\"Tiempo de lectura\" \/>\n\t<meta name=\"twitter:data1\" content=\"2 minutos\" \/>\n<script type=\"application\/ld+json\" class=\"yoast-schema-graph\">{\"@context\":\"https:\\\/\\\/schema.org\",\"@graph\":[{\"@type\":\"WebPage\",\"@id\":\"https:\\\/\\\/letrame.com\\\/catalogo\\\/producto\\\/irene-queria-ser-princesa\\\/\",\"url\":\"https:\\\/\\\/letrame.com\\\/catalogo\\\/producto\\\/irene-queria-ser-princesa\\\/\",\"name\":\"Irene Quer\u00eda ser Princesa - Catalogo | Letrame Grupo Editorial\",\"isPartOf\":{\"@id\":\"https:\\\/\\\/letrame.com\\\/catalogo\\\/#website\"},\"primaryImageOfPage\":{\"@id\":\"https:\\\/\\\/letrame.com\\\/catalogo\\\/producto\\\/irene-queria-ser-princesa\\\/#primaryimage\"},\"image\":{\"@id\":\"https:\\\/\\\/letrame.com\\\/catalogo\\\/producto\\\/irene-queria-ser-princesa\\\/#primaryimage\"},\"thumbnailUrl\":\"https:\\\/\\\/letrame.com\\\/catalogo\\\/wp-content\\\/uploads\\\/2025\\\/12\\\/fotocatalogo.jpg\",\"datePublished\":\"2025-12-17T15:06:36+00:00\",\"dateModified\":\"2025-12-17T15:25:07+00:00\",\"breadcrumb\":{\"@id\":\"https:\\\/\\\/letrame.com\\\/catalogo\\\/producto\\\/irene-queria-ser-princesa\\\/#breadcrumb\"},\"inLanguage\":\"es\",\"potentialAction\":[{\"@type\":\"ReadAction\",\"target\":[\"https:\\\/\\\/letrame.com\\\/catalogo\\\/producto\\\/irene-queria-ser-princesa\\\/\"]}]},{\"@type\":\"ImageObject\",\"inLanguage\":\"es\",\"@id\":\"https:\\\/\\\/letrame.com\\\/catalogo\\\/producto\\\/irene-queria-ser-princesa\\\/#primaryimage\",\"url\":\"https:\\\/\\\/letrame.com\\\/catalogo\\\/wp-content\\\/uploads\\\/2025\\\/12\\\/fotocatalogo.jpg\",\"contentUrl\":\"https:\\\/\\\/letrame.com\\\/catalogo\\\/wp-content\\\/uploads\\\/2025\\\/12\\\/fotocatalogo.jpg\",\"width\":413,\"height\":606},{\"@type\":\"BreadcrumbList\",\"@id\":\"https:\\\/\\\/letrame.com\\\/catalogo\\\/producto\\\/irene-queria-ser-princesa\\\/#breadcrumb\",\"itemListElement\":[{\"@type\":\"ListItem\",\"position\":1,\"name\":\"Portada\",\"item\":\"https:\\\/\\\/letrame.com\\\/catalogo\\\/\"},{\"@type\":\"ListItem\",\"position\":2,\"name\":\"Cat\u00e1logo\",\"item\":\"https:\\\/\\\/letrame.com\\\/catalogo\\\/\"},{\"@type\":\"ListItem\",\"position\":3,\"name\":\"Irene Quer\u00eda ser Princesa\"}]},{\"@type\":\"WebSite\",\"@id\":\"https:\\\/\\\/letrame.com\\\/catalogo\\\/#website\",\"url\":\"https:\\\/\\\/letrame.com\\\/catalogo\\\/\",\"name\":\"Catalogo | Letrame Grupo Editorial\",\"description\":\"\",\"publisher\":{\"@id\":\"https:\\\/\\\/letrame.com\\\/catalogo\\\/#organization\"},\"potentialAction\":[{\"@type\":\"SearchAction\",\"target\":{\"@type\":\"EntryPoint\",\"urlTemplate\":\"https:\\\/\\\/letrame.com\\\/catalogo\\\/?s={search_term_string}\"},\"query-input\":{\"@type\":\"PropertyValueSpecification\",\"valueRequired\":true,\"valueName\":\"search_term_string\"}}],\"inLanguage\":\"es\"},{\"@type\":\"Organization\",\"@id\":\"https:\\\/\\\/letrame.com\\\/catalogo\\\/#organization\",\"name\":\"Catalogo | Letrame Grupo Editorial\",\"url\":\"https:\\\/\\\/letrame.com\\\/catalogo\\\/\",\"logo\":{\"@type\":\"ImageObject\",\"inLanguage\":\"es\",\"@id\":\"https:\\\/\\\/letrame.com\\\/catalogo\\\/#\\\/schema\\\/logo\\\/image\\\/\",\"url\":\"https:\\\/\\\/letrame.com\\\/catalogo\\\/wp-content\\\/uploads\\\/2024\\\/03\\\/logo2.webp\",\"contentUrl\":\"https:\\\/\\\/letrame.com\\\/catalogo\\\/wp-content\\\/uploads\\\/2024\\\/03\\\/logo2.webp\",\"width\":394,\"height\":128,\"caption\":\"Catalogo | Letrame Grupo Editorial\"},\"image\":{\"@id\":\"https:\\\/\\\/letrame.com\\\/catalogo\\\/#\\\/schema\\\/logo\\\/image\\\/\"}}]}<\/script>\n<!-- \/ Yoast SEO plugin. -->","yoast_head_json":{"title":"Irene Quer\u00eda ser Princesa - Catalogo | Letrame Grupo Editorial","robots":{"index":"index","follow":"follow","max-snippet":"max-snippet:-1","max-image-preview":"max-image-preview:large","max-video-preview":"max-video-preview:-1"},"canonical":"https:\/\/letrame.com\/catalogo\/producto\/irene-queria-ser-princesa\/","og_locale":"es_ES","og_type":"article","og_title":"Irene Quer\u00eda ser Princesa - Catalogo | Letrame Grupo Editorial","og_description":"ISBN: 979-13-7029-134-1 SINOPSIS Hay ni\u00f1as que sue\u00f1an con ser princesas y mujeres que, aun sin corona, sostienen un reino entero con sus manos. Este libro es el eco de una vida atravesada por la fragilidad y la fortaleza, donde la ternura convive con la herida y la memoria se convierte en salvavidas. Irene quer\u00eda ser princesa es la historia de una infancia marcada por la diferencia, de una juventud sacudida por el dolor y de una adultez enfrentada a la sombra de la enfermedad. Y es, sobre todo, un canto a la madre como refugio y a la mujer como ra\u00edz. En estas p\u00e1ginas, lo \u00edntimo se vuelve universal: la b\u00fasqueda de un lugar en el mundo, la lucha contra el rechazo, el aprendizaje del amor propio y la despedida de quienes nos ense\u00f1aron a resistir. Johana Mackenney Esgeb transforma la memoria en homenaje y el duelo en un acto de amor perdurable. Este es un libro que habla de princesas sin palacios, de coronas invisibles y de la certeza de que la dignidad se defiende con cada l\u00e1grima, con cada caricia y con cada palabra que se atreve a recordar.","og_url":"https:\/\/letrame.com\/catalogo\/producto\/irene-queria-ser-princesa\/","og_site_name":"Catalogo | Letrame Grupo Editorial","article_modified_time":"2025-12-17T15:25:07+00:00","og_image":[{"width":413,"height":606,"url":"https:\/\/letrame.com\/catalogo\/wp-content\/uploads\/2025\/12\/fotocatalogo.jpg","type":"image\/jpeg"}],"twitter_card":"summary_large_image","twitter_misc":{"Tiempo de lectura":"2 minutos"},"schema":{"@context":"https:\/\/schema.org","@graph":[{"@type":"WebPage","@id":"https:\/\/letrame.com\/catalogo\/producto\/irene-queria-ser-princesa\/","url":"https:\/\/letrame.com\/catalogo\/producto\/irene-queria-ser-princesa\/","name":"Irene Quer\u00eda ser Princesa - Catalogo | Letrame Grupo Editorial","isPartOf":{"@id":"https:\/\/letrame.com\/catalogo\/#website"},"primaryImageOfPage":{"@id":"https:\/\/letrame.com\/catalogo\/producto\/irene-queria-ser-princesa\/#primaryimage"},"image":{"@id":"https:\/\/letrame.com\/catalogo\/producto\/irene-queria-ser-princesa\/#primaryimage"},"thumbnailUrl":"https:\/\/letrame.com\/catalogo\/wp-content\/uploads\/2025\/12\/fotocatalogo.jpg","datePublished":"2025-12-17T15:06:36+00:00","dateModified":"2025-12-17T15:25:07+00:00","breadcrumb":{"@id":"https:\/\/letrame.com\/catalogo\/producto\/irene-queria-ser-princesa\/#breadcrumb"},"inLanguage":"es","potentialAction":[{"@type":"ReadAction","target":["https:\/\/letrame.com\/catalogo\/producto\/irene-queria-ser-princesa\/"]}]},{"@type":"ImageObject","inLanguage":"es","@id":"https:\/\/letrame.com\/catalogo\/producto\/irene-queria-ser-princesa\/#primaryimage","url":"https:\/\/letrame.com\/catalogo\/wp-content\/uploads\/2025\/12\/fotocatalogo.jpg","contentUrl":"https:\/\/letrame.com\/catalogo\/wp-content\/uploads\/2025\/12\/fotocatalogo.jpg","width":413,"height":606},{"@type":"BreadcrumbList","@id":"https:\/\/letrame.com\/catalogo\/producto\/irene-queria-ser-princesa\/#breadcrumb","itemListElement":[{"@type":"ListItem","position":1,"name":"Portada","item":"https:\/\/letrame.com\/catalogo\/"},{"@type":"ListItem","position":2,"name":"Cat\u00e1logo","item":"https:\/\/letrame.com\/catalogo\/"},{"@type":"ListItem","position":3,"name":"Irene Quer\u00eda ser Princesa"}]},{"@type":"WebSite","@id":"https:\/\/letrame.com\/catalogo\/#website","url":"https:\/\/letrame.com\/catalogo\/","name":"Catalogo | Letrame Grupo Editorial","description":"","publisher":{"@id":"https:\/\/letrame.com\/catalogo\/#organization"},"potentialAction":[{"@type":"SearchAction","target":{"@type":"EntryPoint","urlTemplate":"https:\/\/letrame.com\/catalogo\/?s={search_term_string}"},"query-input":{"@type":"PropertyValueSpecification","valueRequired":true,"valueName":"search_term_string"}}],"inLanguage":"es"},{"@type":"Organization","@id":"https:\/\/letrame.com\/catalogo\/#organization","name":"Catalogo | Letrame Grupo Editorial","url":"https:\/\/letrame.com\/catalogo\/","logo":{"@type":"ImageObject","inLanguage":"es","@id":"https:\/\/letrame.com\/catalogo\/#\/schema\/logo\/image\/","url":"https:\/\/letrame.com\/catalogo\/wp-content\/uploads\/2024\/03\/logo2.webp","contentUrl":"https:\/\/letrame.com\/catalogo\/wp-content\/uploads\/2024\/03\/logo2.webp","width":394,"height":128,"caption":"Catalogo | Letrame Grupo Editorial"},"image":{"@id":"https:\/\/letrame.com\/catalogo\/#\/schema\/logo\/image\/"}}]}},"_links":{"self":[{"href":"https:\/\/letrame.com\/catalogo\/wp-json\/wp\/v2\/product\/110092","targetHints":{"allow":["GET"]}}],"collection":[{"href":"https:\/\/letrame.com\/catalogo\/wp-json\/wp\/v2\/product"}],"about":[{"href":"https:\/\/letrame.com\/catalogo\/wp-json\/wp\/v2\/types\/product"}],"replies":[{"embeddable":true,"href":"https:\/\/letrame.com\/catalogo\/wp-json\/wp\/v2\/comments?post=110092"}],"acf:post":[{"embeddable":true,"href":"https:\/\/letrame.com\/catalogo\/wp-json\/wp\/v2\/author_book\/110089"}],"wp:featuredmedia":[{"embeddable":true,"href":"https:\/\/letrame.com\/catalogo\/wp-json\/wp\/v2\/media\/110095"}],"wp:attachment":[{"href":"https:\/\/letrame.com\/catalogo\/wp-json\/wp\/v2\/media?parent=110092"}],"wp:term":[{"taxonomy":"libro","embeddable":true,"href":"https:\/\/letrame.com\/catalogo\/wp-json\/wp\/v2\/libro?post=110092"},{"taxonomy":"product_brand","embeddable":true,"href":"https:\/\/letrame.com\/catalogo\/wp-json\/wp\/v2\/product_brand?post=110092"},{"taxonomy":"product_cat","embeddable":true,"href":"https:\/\/letrame.com\/catalogo\/wp-json\/wp\/v2\/product_cat?post=110092"},{"taxonomy":"product_tag","embeddable":true,"href":"https:\/\/letrame.com\/catalogo\/wp-json\/wp\/v2\/product_tag?post=110092"}],"curies":[{"name":"wp","href":"https:\/\/api.w.org\/{rel}","templated":true}]}}