{"id":110082,"date":"2025-12-15T15:40:38","date_gmt":"2025-12-15T14:40:38","guid":{"rendered":"https:\/\/letrame.com\/catalogo\/?post_type=product&#038;p=110082"},"modified":"2025-12-15T15:44:26","modified_gmt":"2025-12-15T14:44:26","slug":"el-sueno-de-fede-y-paulo","status":"publish","type":"product","link":"https:\/\/letrame.com\/catalogo\/producto\/el-sueno-de-fede-y-paulo\/","title":{"rendered":"El sue\u00f1o de Fede y Paulo"},"content":{"rendered":"<p class=\"p1\"><b>ISBN: 9791370293369<\/b><b><\/b><\/p>\n<p class=\"p1\"><b>T\u00edtulo: El sue\u00f1o de Fede y Paulo<\/b><b><\/b><\/p>\n<p class=\"p1\"><b>Fecha: 2025<\/b><b><\/b><\/p>\n<p class=\"p1\"><b>P\u00e1ginas: 206<\/b><b><\/b><\/p>\n<p class=\"p1\"><b>SINOPSIS<\/b><\/p>\n<p>La historia de Fede y Paulo es la de dos amigos unidos por un mismo sue\u00f1o: alcanzar la gloria en el f\u00fatbol. Desde ni\u00f1os compartieron el mismo bal\u00f3n, la misma pasi\u00f3n y la promesa de llegar juntos a la cima. Pero el destino, con su eterna iron\u00eda, los puso en caminos opuestos, convirtiendo su amistad en una batalla entre el coraz\u00f3n y la ambici\u00f3n.<br \/>\nLa rivalidad entre sus equipos amenazar\u00e1 con romper el lazo que los un\u00eda. Entre victorias, derrotas y traiciones, ambos descubrir\u00e1n que para cumplir sus sue\u00f1os deber\u00e1n enfrentarse no solo en el campo, sino tambi\u00e9n fuera de \u00e9l. A veces, el mayor rival no est\u00e1 enfrente, sino dentro de uno mismo.<br \/>\nA lo largo del camino, vivir\u00e1n momentos que marcar\u00e1n sus vidas: amores que los cambiar\u00e1n, p\u00e9rdidas que los derrumbar\u00e1n y decisiones que pondr\u00e1n a prueba todo lo que alguna vez creyeron. La fama y el \u00e9xito se volver\u00e1n una carga, y la gloria, un precio demasiado alto.<br \/>\nJuntos y enfrentados, tendr\u00e1n que superar los obst\u00e1culos m\u00e1s duros para escribir su nombre en la historia.<br \/>\n\u00bfLograr\u00e1n ser los mejores del mundo?<br \/>\n\u00bfConseguir\u00e1n ganar los t\u00edtulos m\u00e1s grandes del f\u00fatbol?<br \/>\nEn un mundo donde todo se mide en goles, Fede y Paulo descubrir\u00e1n que la verdadera victoria est\u00e1 en no perderse el uno al otro.<\/p>\n","protected":false},"excerpt":{"rendered":"<p><b>ISBN: 9791370293369<\/b><\/p>\n<p class=\"p1\"><b>SINOPSIS<\/b><\/p>\n<p>La historia de Fede y Paulo es la de dos amigos unidos por un mismo sue\u00f1o: alcanzar la gloria en el f\u00fatbol. Desde ni\u00f1os compartieron el mismo bal\u00f3n, la misma pasi\u00f3n y la promesa de llegar juntos a la cima. Pero el destino, con su eterna iron\u00eda, los puso en caminos opuestos, convirtiendo su amistad en una batalla entre el coraz\u00f3n y la ambici\u00f3n.<br \/>\nLa rivalidad entre sus equipos amenazar\u00e1 con romper el lazo que los un\u00eda. Entre victorias, derrotas y traiciones, ambos descubrir\u00e1n que para cumplir sus sue\u00f1os deber\u00e1n enfrentarse no solo en el campo, sino tambi\u00e9n fuera de \u00e9l. A veces, el mayor rival no est\u00e1 enfrente, sino dentro de uno mismo.<br \/>\nA lo largo del camino, vivir\u00e1n momentos que marcar\u00e1n sus vidas: amores que los cambiar\u00e1n, p\u00e9rdidas que los derrumbar\u00e1n y decisiones que pondr\u00e1n a prueba todo lo que alguna vez creyeron. La fama y el \u00e9xito se volver\u00e1n una carga, y la gloria, un precio demasiado alto.<br \/>\nJuntos y enfrentados, tendr\u00e1n que superar los obst\u00e1culos m\u00e1s duros para escribir su nombre en la historia.<br \/>\n\u00bfLograr\u00e1n ser los mejores del mundo?<br \/>\n\u00bfConseguir\u00e1n ganar los t\u00edtulos m\u00e1s grandes del f\u00fatbol?<br \/>\nEn un mundo donde todo se mide en goles, Fede y Paulo descubrir\u00e1n que la verdadera victoria est\u00e1 en no perderse el uno al otro.<\/p>\n","protected":false},"featured_media":110083,"comment_status":"open","ping_status":"closed","template":"","meta":{"_acf_changed":false},"libro":[],"product_brand":[],"product_cat":[109],"product_tag":[],"class_list":{"0":"post-110082","1":"product","2":"type-product","3":"status-publish","4":"has-post-thumbnail","6":"product_cat-deporte","8":"first","9":"instock","10":"shipping-taxable","11":"product-type-simple"},"acf":{"autor":[110084],"enlace_de_compra":"https:\/\/www.amazon.es\/El-sue%C3%B1o-Fede-Paulo-Deportes\/dp\/B0G49K244J\/ref=sr_1_1?__mk_es_ES=%C3%85M%C3%85%C5%BD%C3%95%C3%91&crid=YHX2G0368J5T&dib=eyJ2IjoiMSJ9.JSOoaKnCsp9YeiJe4Eh6oN7zcAS3NqvnNiIWoQeURe_zIQK2TO95iBomEWCCDkR6OuDKBuxbBNh1JyQRFY9qDHn_0CDy1SMfvIwAFINzlRX0jtccGx50s8WOggKGf96ZLjge9njuu7nzZu31c5KMe-XhnuzFGdMB_BpiNQBc8h7G023qj1cAN5BGfBAy6Iff4mWczjPJfpLtvB1aB2BN2kkPbdvuum7-I7eYz-QX76Q.MxM5MnnKmUE4a2h-pDEN61SuvTG6AiQi4v7xBQc3pQo&dib_tag=se&keywords=el+sue%C3%B1o+de+letrame&qid=1765809293&s=books&sprefix=el+sue%C3%B1o+de+letrame%2Cstripbooks%2C68&sr=1-1"},"yoast_head":"<!-- This site is optimized with the Yoast SEO plugin v27.4 - https:\/\/yoast.com\/product\/yoast-seo-wordpress\/ -->\n<title>El sue\u00f1o de Fede y Paulo - Catalogo | Letrame Grupo Editorial<\/title>\n<meta name=\"robots\" content=\"index, follow, max-snippet:-1, max-image-preview:large, max-video-preview:-1\" \/>\n<link rel=\"canonical\" href=\"https:\/\/letrame.com\/catalogo\/producto\/el-sueno-de-fede-y-paulo\/\" \/>\n<meta property=\"og:locale\" content=\"es_ES\" \/>\n<meta property=\"og:type\" content=\"article\" \/>\n<meta property=\"og:title\" content=\"El sue\u00f1o de Fede y Paulo - Catalogo | Letrame Grupo Editorial\" \/>\n<meta property=\"og:description\" content=\"ISBN: 9791370293369 SINOPSIS La historia de Fede y Paulo es la de dos amigos unidos por un mismo sue\u00f1o: alcanzar la gloria en el f\u00fatbol. Desde ni\u00f1os compartieron el mismo bal\u00f3n, la misma pasi\u00f3n y la promesa de llegar juntos a la cima. Pero el destino, con su eterna iron\u00eda, los puso en caminos opuestos, convirtiendo su amistad en una batalla entre el coraz\u00f3n y la ambici\u00f3n. La rivalidad entre sus equipos amenazar\u00e1 con romper el lazo que los un\u00eda. Entre victorias, derrotas y traiciones, ambos descubrir\u00e1n que para cumplir sus sue\u00f1os deber\u00e1n enfrentarse no solo en el campo, sino tambi\u00e9n fuera de \u00e9l. A veces, el mayor rival no est\u00e1 enfrente, sino dentro de uno mismo. A lo largo del camino, vivir\u00e1n momentos que marcar\u00e1n sus vidas: amores que los cambiar\u00e1n, p\u00e9rdidas que los derrumbar\u00e1n y decisiones que pondr\u00e1n a prueba todo lo que alguna vez creyeron. La fama y el \u00e9xito se volver\u00e1n una carga, y la gloria, un precio demasiado alto. Juntos y enfrentados, tendr\u00e1n que superar los obst\u00e1culos m\u00e1s duros para escribir su nombre en la historia. \u00bfLograr\u00e1n ser los mejores del mundo? \u00bfConseguir\u00e1n ganar los t\u00edtulos m\u00e1s grandes del f\u00fatbol? En un mundo donde todo se mide en goles, Fede y Paulo descubrir\u00e1n que la verdadera victoria est\u00e1 en no perderse el uno al otro.\" \/>\n<meta property=\"og:url\" content=\"https:\/\/letrame.com\/catalogo\/producto\/el-sueno-de-fede-y-paulo\/\" \/>\n<meta property=\"og:site_name\" content=\"Catalogo | Letrame Grupo Editorial\" \/>\n<meta property=\"article:modified_time\" content=\"2025-12-15T14:44:26+00:00\" \/>\n<meta property=\"og:image\" content=\"https:\/\/letrame.com\/catalogo\/wp-content\/uploads\/2025\/12\/elsuenodefede_1029mm4.gif\" \/>\n\t<meta property=\"og:image:width\" content=\"359\" \/>\n\t<meta property=\"og:image:height\" content=\"539\" \/>\n\t<meta property=\"og:image:type\" content=\"image\/gif\" \/>\n<meta name=\"twitter:card\" content=\"summary_large_image\" \/>\n<meta name=\"twitter:label1\" content=\"Tiempo de lectura\" \/>\n\t<meta name=\"twitter:data1\" content=\"2 minutos\" \/>\n<script type=\"application\/ld+json\" class=\"yoast-schema-graph\">{\"@context\":\"https:\\\/\\\/schema.org\",\"@graph\":[{\"@type\":\"WebPage\",\"@id\":\"https:\\\/\\\/letrame.com\\\/catalogo\\\/producto\\\/el-sueno-de-fede-y-paulo\\\/\",\"url\":\"https:\\\/\\\/letrame.com\\\/catalogo\\\/producto\\\/el-sueno-de-fede-y-paulo\\\/\",\"name\":\"El sue\u00f1o de Fede y Paulo - Catalogo | Letrame Grupo Editorial\",\"isPartOf\":{\"@id\":\"https:\\\/\\\/letrame.com\\\/catalogo\\\/#website\"},\"primaryImageOfPage\":{\"@id\":\"https:\\\/\\\/letrame.com\\\/catalogo\\\/producto\\\/el-sueno-de-fede-y-paulo\\\/#primaryimage\"},\"image\":{\"@id\":\"https:\\\/\\\/letrame.com\\\/catalogo\\\/producto\\\/el-sueno-de-fede-y-paulo\\\/#primaryimage\"},\"thumbnailUrl\":\"https:\\\/\\\/letrame.com\\\/catalogo\\\/wp-content\\\/uploads\\\/2025\\\/12\\\/elsuenodefede_1029mm4.gif\",\"datePublished\":\"2025-12-15T14:40:38+00:00\",\"dateModified\":\"2025-12-15T14:44:26+00:00\",\"breadcrumb\":{\"@id\":\"https:\\\/\\\/letrame.com\\\/catalogo\\\/producto\\\/el-sueno-de-fede-y-paulo\\\/#breadcrumb\"},\"inLanguage\":\"es\",\"potentialAction\":[{\"@type\":\"ReadAction\",\"target\":[\"https:\\\/\\\/letrame.com\\\/catalogo\\\/producto\\\/el-sueno-de-fede-y-paulo\\\/\"]}]},{\"@type\":\"ImageObject\",\"inLanguage\":\"es\",\"@id\":\"https:\\\/\\\/letrame.com\\\/catalogo\\\/producto\\\/el-sueno-de-fede-y-paulo\\\/#primaryimage\",\"url\":\"https:\\\/\\\/letrame.com\\\/catalogo\\\/wp-content\\\/uploads\\\/2025\\\/12\\\/elsuenodefede_1029mm4.gif\",\"contentUrl\":\"https:\\\/\\\/letrame.com\\\/catalogo\\\/wp-content\\\/uploads\\\/2025\\\/12\\\/elsuenodefede_1029mm4.gif\",\"width\":359,\"height\":539},{\"@type\":\"BreadcrumbList\",\"@id\":\"https:\\\/\\\/letrame.com\\\/catalogo\\\/producto\\\/el-sueno-de-fede-y-paulo\\\/#breadcrumb\",\"itemListElement\":[{\"@type\":\"ListItem\",\"position\":1,\"name\":\"Portada\",\"item\":\"https:\\\/\\\/letrame.com\\\/catalogo\\\/\"},{\"@type\":\"ListItem\",\"position\":2,\"name\":\"Cat\u00e1logo\",\"item\":\"https:\\\/\\\/letrame.com\\\/catalogo\\\/\"},{\"@type\":\"ListItem\",\"position\":3,\"name\":\"El sue\u00f1o de Fede y Paulo\"}]},{\"@type\":\"WebSite\",\"@id\":\"https:\\\/\\\/letrame.com\\\/catalogo\\\/#website\",\"url\":\"https:\\\/\\\/letrame.com\\\/catalogo\\\/\",\"name\":\"Catalogo | Letrame Grupo Editorial\",\"description\":\"\",\"publisher\":{\"@id\":\"https:\\\/\\\/letrame.com\\\/catalogo\\\/#organization\"},\"potentialAction\":[{\"@type\":\"SearchAction\",\"target\":{\"@type\":\"EntryPoint\",\"urlTemplate\":\"https:\\\/\\\/letrame.com\\\/catalogo\\\/?s={search_term_string}\"},\"query-input\":{\"@type\":\"PropertyValueSpecification\",\"valueRequired\":true,\"valueName\":\"search_term_string\"}}],\"inLanguage\":\"es\"},{\"@type\":\"Organization\",\"@id\":\"https:\\\/\\\/letrame.com\\\/catalogo\\\/#organization\",\"name\":\"Catalogo | Letrame Grupo Editorial\",\"url\":\"https:\\\/\\\/letrame.com\\\/catalogo\\\/\",\"logo\":{\"@type\":\"ImageObject\",\"inLanguage\":\"es\",\"@id\":\"https:\\\/\\\/letrame.com\\\/catalogo\\\/#\\\/schema\\\/logo\\\/image\\\/\",\"url\":\"https:\\\/\\\/letrame.com\\\/catalogo\\\/wp-content\\\/uploads\\\/2024\\\/03\\\/logo2.webp\",\"contentUrl\":\"https:\\\/\\\/letrame.com\\\/catalogo\\\/wp-content\\\/uploads\\\/2024\\\/03\\\/logo2.webp\",\"width\":394,\"height\":128,\"caption\":\"Catalogo | Letrame Grupo Editorial\"},\"image\":{\"@id\":\"https:\\\/\\\/letrame.com\\\/catalogo\\\/#\\\/schema\\\/logo\\\/image\\\/\"}}]}<\/script>\n<!-- \/ Yoast SEO plugin. -->","yoast_head_json":{"title":"El sue\u00f1o de Fede y Paulo - Catalogo | Letrame Grupo Editorial","robots":{"index":"index","follow":"follow","max-snippet":"max-snippet:-1","max-image-preview":"max-image-preview:large","max-video-preview":"max-video-preview:-1"},"canonical":"https:\/\/letrame.com\/catalogo\/producto\/el-sueno-de-fede-y-paulo\/","og_locale":"es_ES","og_type":"article","og_title":"El sue\u00f1o de Fede y Paulo - Catalogo | Letrame Grupo Editorial","og_description":"ISBN: 9791370293369 SINOPSIS La historia de Fede y Paulo es la de dos amigos unidos por un mismo sue\u00f1o: alcanzar la gloria en el f\u00fatbol. Desde ni\u00f1os compartieron el mismo bal\u00f3n, la misma pasi\u00f3n y la promesa de llegar juntos a la cima. Pero el destino, con su eterna iron\u00eda, los puso en caminos opuestos, convirtiendo su amistad en una batalla entre el coraz\u00f3n y la ambici\u00f3n. La rivalidad entre sus equipos amenazar\u00e1 con romper el lazo que los un\u00eda. Entre victorias, derrotas y traiciones, ambos descubrir\u00e1n que para cumplir sus sue\u00f1os deber\u00e1n enfrentarse no solo en el campo, sino tambi\u00e9n fuera de \u00e9l. A veces, el mayor rival no est\u00e1 enfrente, sino dentro de uno mismo. A lo largo del camino, vivir\u00e1n momentos que marcar\u00e1n sus vidas: amores que los cambiar\u00e1n, p\u00e9rdidas que los derrumbar\u00e1n y decisiones que pondr\u00e1n a prueba todo lo que alguna vez creyeron. La fama y el \u00e9xito se volver\u00e1n una carga, y la gloria, un precio demasiado alto. Juntos y enfrentados, tendr\u00e1n que superar los obst\u00e1culos m\u00e1s duros para escribir su nombre en la historia. \u00bfLograr\u00e1n ser los mejores del mundo? \u00bfConseguir\u00e1n ganar los t\u00edtulos m\u00e1s grandes del f\u00fatbol? En un mundo donde todo se mide en goles, Fede y Paulo descubrir\u00e1n que la verdadera victoria est\u00e1 en no perderse el uno al otro.","og_url":"https:\/\/letrame.com\/catalogo\/producto\/el-sueno-de-fede-y-paulo\/","og_site_name":"Catalogo | Letrame Grupo Editorial","article_modified_time":"2025-12-15T14:44:26+00:00","og_image":[{"width":359,"height":539,"url":"https:\/\/letrame.com\/catalogo\/wp-content\/uploads\/2025\/12\/elsuenodefede_1029mm4.gif","type":"image\/gif"}],"twitter_card":"summary_large_image","twitter_misc":{"Tiempo de lectura":"2 minutos"},"schema":{"@context":"https:\/\/schema.org","@graph":[{"@type":"WebPage","@id":"https:\/\/letrame.com\/catalogo\/producto\/el-sueno-de-fede-y-paulo\/","url":"https:\/\/letrame.com\/catalogo\/producto\/el-sueno-de-fede-y-paulo\/","name":"El sue\u00f1o de Fede y Paulo - Catalogo | Letrame Grupo Editorial","isPartOf":{"@id":"https:\/\/letrame.com\/catalogo\/#website"},"primaryImageOfPage":{"@id":"https:\/\/letrame.com\/catalogo\/producto\/el-sueno-de-fede-y-paulo\/#primaryimage"},"image":{"@id":"https:\/\/letrame.com\/catalogo\/producto\/el-sueno-de-fede-y-paulo\/#primaryimage"},"thumbnailUrl":"https:\/\/letrame.com\/catalogo\/wp-content\/uploads\/2025\/12\/elsuenodefede_1029mm4.gif","datePublished":"2025-12-15T14:40:38+00:00","dateModified":"2025-12-15T14:44:26+00:00","breadcrumb":{"@id":"https:\/\/letrame.com\/catalogo\/producto\/el-sueno-de-fede-y-paulo\/#breadcrumb"},"inLanguage":"es","potentialAction":[{"@type":"ReadAction","target":["https:\/\/letrame.com\/catalogo\/producto\/el-sueno-de-fede-y-paulo\/"]}]},{"@type":"ImageObject","inLanguage":"es","@id":"https:\/\/letrame.com\/catalogo\/producto\/el-sueno-de-fede-y-paulo\/#primaryimage","url":"https:\/\/letrame.com\/catalogo\/wp-content\/uploads\/2025\/12\/elsuenodefede_1029mm4.gif","contentUrl":"https:\/\/letrame.com\/catalogo\/wp-content\/uploads\/2025\/12\/elsuenodefede_1029mm4.gif","width":359,"height":539},{"@type":"BreadcrumbList","@id":"https:\/\/letrame.com\/catalogo\/producto\/el-sueno-de-fede-y-paulo\/#breadcrumb","itemListElement":[{"@type":"ListItem","position":1,"name":"Portada","item":"https:\/\/letrame.com\/catalogo\/"},{"@type":"ListItem","position":2,"name":"Cat\u00e1logo","item":"https:\/\/letrame.com\/catalogo\/"},{"@type":"ListItem","position":3,"name":"El sue\u00f1o de Fede y Paulo"}]},{"@type":"WebSite","@id":"https:\/\/letrame.com\/catalogo\/#website","url":"https:\/\/letrame.com\/catalogo\/","name":"Catalogo | Letrame Grupo Editorial","description":"","publisher":{"@id":"https:\/\/letrame.com\/catalogo\/#organization"},"potentialAction":[{"@type":"SearchAction","target":{"@type":"EntryPoint","urlTemplate":"https:\/\/letrame.com\/catalogo\/?s={search_term_string}"},"query-input":{"@type":"PropertyValueSpecification","valueRequired":true,"valueName":"search_term_string"}}],"inLanguage":"es"},{"@type":"Organization","@id":"https:\/\/letrame.com\/catalogo\/#organization","name":"Catalogo | Letrame Grupo Editorial","url":"https:\/\/letrame.com\/catalogo\/","logo":{"@type":"ImageObject","inLanguage":"es","@id":"https:\/\/letrame.com\/catalogo\/#\/schema\/logo\/image\/","url":"https:\/\/letrame.com\/catalogo\/wp-content\/uploads\/2024\/03\/logo2.webp","contentUrl":"https:\/\/letrame.com\/catalogo\/wp-content\/uploads\/2024\/03\/logo2.webp","width":394,"height":128,"caption":"Catalogo | Letrame Grupo Editorial"},"image":{"@id":"https:\/\/letrame.com\/catalogo\/#\/schema\/logo\/image\/"}}]}},"_links":{"self":[{"href":"https:\/\/letrame.com\/catalogo\/wp-json\/wp\/v2\/product\/110082","targetHints":{"allow":["GET"]}}],"collection":[{"href":"https:\/\/letrame.com\/catalogo\/wp-json\/wp\/v2\/product"}],"about":[{"href":"https:\/\/letrame.com\/catalogo\/wp-json\/wp\/v2\/types\/product"}],"replies":[{"embeddable":true,"href":"https:\/\/letrame.com\/catalogo\/wp-json\/wp\/v2\/comments?post=110082"}],"acf:post":[{"embeddable":true,"href":"https:\/\/letrame.com\/catalogo\/wp-json\/wp\/v2\/author_book\/110084"}],"wp:featuredmedia":[{"embeddable":true,"href":"https:\/\/letrame.com\/catalogo\/wp-json\/wp\/v2\/media\/110083"}],"wp:attachment":[{"href":"https:\/\/letrame.com\/catalogo\/wp-json\/wp\/v2\/media?parent=110082"}],"wp:term":[{"taxonomy":"libro","embeddable":true,"href":"https:\/\/letrame.com\/catalogo\/wp-json\/wp\/v2\/libro?post=110082"},{"taxonomy":"product_brand","embeddable":true,"href":"https:\/\/letrame.com\/catalogo\/wp-json\/wp\/v2\/product_brand?post=110082"},{"taxonomy":"product_cat","embeddable":true,"href":"https:\/\/letrame.com\/catalogo\/wp-json\/wp\/v2\/product_cat?post=110082"},{"taxonomy":"product_tag","embeddable":true,"href":"https:\/\/letrame.com\/catalogo\/wp-json\/wp\/v2\/product_tag?post=110082"}],"curies":[{"name":"wp","href":"https:\/\/api.w.org\/{rel}","templated":true}]}}