{"id":110073,"date":"2025-12-15T14:49:57","date_gmt":"2025-12-15T13:49:57","guid":{"rendered":"https:\/\/letrame.com\/catalogo\/?post_type=product&#038;p=110073"},"modified":"2025-12-15T14:56:47","modified_gmt":"2025-12-15T13:56:47","slug":"sin-mapa-y-con-patas","status":"publish","type":"product","link":"https:\/\/letrame.com\/catalogo\/producto\/sin-mapa-y-con-patas\/","title":{"rendered":"Sin mapa y con patas"},"content":{"rendered":"<p class=\"p1\"><b>ISBN: 9791370291372<\/b><b><\/b><\/p>\n<p class=\"p1\"><b>T\u00edtulo: Sin mapa y con patas<\/b><b><\/b><\/p>\n<p class=\"p1\"><b>Fecha: 2025<\/b><b><\/b><\/p>\n<p class=\"p1\"><b>P\u00e1ginas: 192<\/b><b><\/b><\/p>\n<p class=\"p1\"><b>SINOPSIS<\/b><\/p>\n<p>SIN MAPA Y CON PATAS<br \/>\nMemorias de una peregrina a mi yo del futuro.<br \/>\nEste libro naci\u00f3 como un regalo para mi yo del futuro.<br \/>\nPara no olvidar lo vivido en el Camino de Santiago. Para recordar los pasos, las dudas y los momentos de magia que compart\u00ed con mi esposo y con Chila, nuestra perra peregrina.<br \/>\nEn cada cuesta empinada, en cada momento de agotamiento, me encontr\u00e9 con preguntas y reflexiones que, de alguna manera, siguen marcando mi vida. Es la historia de un viaje hecho en familia, lleno de aprendizajes, silencios y peque\u00f1as victorias que solo el Camino puede ofrecer.<br \/>\nEste libro es un llamado a todos aquellos que, como yo, se atreven a caminar sin tener claro el destino, pero con la esperanza de encontrarse a s\u00ed mismos en el proceso. Una invitaci\u00f3n a quienes desean comprender que, aunque el camino no siempre sea f\u00e1cil, cada paso hacia adelante tiene un prop\u00f3sito.<br \/>\nVivido paso a paso<\/p>\n","protected":false},"excerpt":{"rendered":"<p><b>ISBN: 9791370291372<\/b><\/p>\n<p class=\"p1\"><b>SINOPSIS<\/b><\/p>\n<p>SIN MAPA Y CON PATAS<br \/>\nMemorias de una peregrina a mi yo del futuro.<br \/>\nEste libro naci\u00f3 como un regalo para mi yo del futuro.<br \/>\nPara no olvidar lo vivido en el Camino de Santiago. Para recordar los pasos, las dudas y los momentos de magia que compart\u00ed con mi esposo y con Chila, nuestra perra peregrina.<br \/>\nEn cada cuesta empinada, en cada momento de agotamiento, me encontr\u00e9 con preguntas y reflexiones que, de alguna manera, siguen marcando mi vida. Es la historia de un viaje hecho en familia, lleno de aprendizajes, silencios y peque\u00f1as victorias que solo el Camino puede ofrecer.<br \/>\nEste libro es un llamado a todos aquellos que, como yo, se atreven a caminar sin tener claro el destino, pero con la esperanza de encontrarse a s\u00ed mismos en el proceso. Una invitaci\u00f3n a quienes desean comprender que, aunque el camino no siempre sea f\u00e1cil, cada paso hacia adelante tiene un prop\u00f3sito.<br \/>\nVivido paso a paso<\/p>\n","protected":false},"featured_media":110074,"comment_status":"open","ping_status":"closed","template":"","meta":{"_acf_changed":false},"libro":[],"product_brand":[],"product_cat":[59],"product_tag":[],"class_list":{"0":"post-110073","1":"product","2":"type-product","3":"status-publish","4":"has-post-thumbnail","6":"product_cat-memorias","8":"first","9":"instock","10":"shipping-taxable","11":"product-type-simple"},"acf":{"autor":[110075],"enlace_de_compra":"https:\/\/www.amazon.es\/mapa-patas-Lorel%C3%AD-Ojeda-Pulido\/dp\/B0G52QV8YZ\/ref=sr_1_1?__mk_es_ES=%C3%85M%C3%85%C5%BD%C3%95%C3%91&crid=2XXJQIT988VJ6&dib=eyJ2IjoiMSJ9.H6kULUlmbPDXaETDf4I9iA.bktCmgfyvIQDjH7AiIuVKQO5yvOk1IPv-L0PzDygP-A&dib_tag=se&keywords=sin+mapa+letrame&qid=1765805845&s=books&sprefix=sin+mapa+letrame%2Cstripbooks%2C62&sr=1-1"},"yoast_head":"<!-- This site is optimized with the Yoast SEO plugin v26.6 - https:\/\/yoast.com\/wordpress\/plugins\/seo\/ -->\n<title>Sin mapa y con patas - Catalogo | Letrame Grupo Editorial<\/title>\n<meta name=\"robots\" content=\"index, follow, max-snippet:-1, max-image-preview:large, max-video-preview:-1\" \/>\n<link rel=\"canonical\" href=\"https:\/\/letrame.com\/catalogo\/producto\/sin-mapa-y-con-patas\/\" \/>\n<meta property=\"og:locale\" content=\"es_ES\" \/>\n<meta property=\"og:type\" content=\"article\" \/>\n<meta property=\"og:title\" content=\"Sin mapa y con patas - Catalogo | Letrame Grupo Editorial\" \/>\n<meta property=\"og:description\" content=\"ISBN: 9791370291372 SINOPSIS SIN MAPA Y CON PATAS Memorias de una peregrina a mi yo del futuro. Este libro naci\u00f3 como un regalo para mi yo del futuro. Para no olvidar lo vivido en el Camino de Santiago. Para recordar los pasos, las dudas y los momentos de magia que compart\u00ed con mi esposo y con Chila, nuestra perra peregrina. En cada cuesta empinada, en cada momento de agotamiento, me encontr\u00e9 con preguntas y reflexiones que, de alguna manera, siguen marcando mi vida. Es la historia de un viaje hecho en familia, lleno de aprendizajes, silencios y peque\u00f1as victorias que solo el Camino puede ofrecer. Este libro es un llamado a todos aquellos que, como yo, se atreven a caminar sin tener claro el destino, pero con la esperanza de encontrarse a s\u00ed mismos en el proceso. Una invitaci\u00f3n a quienes desean comprender que, aunque el camino no siempre sea f\u00e1cil, cada paso hacia adelante tiene un prop\u00f3sito. Vivido paso a paso\" \/>\n<meta property=\"og:url\" content=\"https:\/\/letrame.com\/catalogo\/producto\/sin-mapa-y-con-patas\/\" \/>\n<meta property=\"og:site_name\" content=\"Catalogo | Letrame Grupo Editorial\" \/>\n<meta property=\"article:modified_time\" content=\"2025-12-15T13:56:47+00:00\" \/>\n<meta property=\"og:image\" content=\"https:\/\/letrame.com\/catalogo\/wp-content\/uploads\/2025\/12\/sinmapa_999mm4.gif\" \/>\n\t<meta property=\"og:image:width\" content=\"345\" \/>\n\t<meta property=\"og:image:height\" content=\"499\" \/>\n\t<meta property=\"og:image:type\" content=\"image\/gif\" \/>\n<meta name=\"twitter:card\" content=\"summary_large_image\" \/>\n<meta name=\"twitter:label1\" content=\"Tiempo de lectura\" \/>\n\t<meta name=\"twitter:data1\" content=\"1 minuto\" \/>\n<script type=\"application\/ld+json\" class=\"yoast-schema-graph\">{\"@context\":\"https:\/\/schema.org\",\"@graph\":[{\"@type\":\"WebPage\",\"@id\":\"https:\/\/letrame.com\/catalogo\/producto\/sin-mapa-y-con-patas\/\",\"url\":\"https:\/\/letrame.com\/catalogo\/producto\/sin-mapa-y-con-patas\/\",\"name\":\"Sin mapa y con patas - Catalogo | Letrame Grupo Editorial\",\"isPartOf\":{\"@id\":\"https:\/\/letrame.com\/catalogo\/#website\"},\"primaryImageOfPage\":{\"@id\":\"https:\/\/letrame.com\/catalogo\/producto\/sin-mapa-y-con-patas\/#primaryimage\"},\"image\":{\"@id\":\"https:\/\/letrame.com\/catalogo\/producto\/sin-mapa-y-con-patas\/#primaryimage\"},\"thumbnailUrl\":\"https:\/\/letrame.com\/catalogo\/wp-content\/uploads\/2025\/12\/sinmapa_999mm4.gif\",\"datePublished\":\"2025-12-15T13:49:57+00:00\",\"dateModified\":\"2025-12-15T13:56:47+00:00\",\"breadcrumb\":{\"@id\":\"https:\/\/letrame.com\/catalogo\/producto\/sin-mapa-y-con-patas\/#breadcrumb\"},\"inLanguage\":\"es\",\"potentialAction\":[{\"@type\":\"ReadAction\",\"target\":[\"https:\/\/letrame.com\/catalogo\/producto\/sin-mapa-y-con-patas\/\"]}]},{\"@type\":\"ImageObject\",\"inLanguage\":\"es\",\"@id\":\"https:\/\/letrame.com\/catalogo\/producto\/sin-mapa-y-con-patas\/#primaryimage\",\"url\":\"https:\/\/letrame.com\/catalogo\/wp-content\/uploads\/2025\/12\/sinmapa_999mm4.gif\",\"contentUrl\":\"https:\/\/letrame.com\/catalogo\/wp-content\/uploads\/2025\/12\/sinmapa_999mm4.gif\",\"width\":345,\"height\":499},{\"@type\":\"BreadcrumbList\",\"@id\":\"https:\/\/letrame.com\/catalogo\/producto\/sin-mapa-y-con-patas\/#breadcrumb\",\"itemListElement\":[{\"@type\":\"ListItem\",\"position\":1,\"name\":\"Portada\",\"item\":\"https:\/\/letrame.com\/catalogo\/\"},{\"@type\":\"ListItem\",\"position\":2,\"name\":\"Cat\u00e1logo\",\"item\":\"https:\/\/letrame.com\/catalogo\/\"},{\"@type\":\"ListItem\",\"position\":3,\"name\":\"Sin mapa y con patas\"}]},{\"@type\":\"WebSite\",\"@id\":\"https:\/\/letrame.com\/catalogo\/#website\",\"url\":\"https:\/\/letrame.com\/catalogo\/\",\"name\":\"Catalogo | Letrame Grupo Editorial\",\"description\":\"\",\"publisher\":{\"@id\":\"https:\/\/letrame.com\/catalogo\/#organization\"},\"potentialAction\":[{\"@type\":\"SearchAction\",\"target\":{\"@type\":\"EntryPoint\",\"urlTemplate\":\"https:\/\/letrame.com\/catalogo\/?s={search_term_string}\"},\"query-input\":{\"@type\":\"PropertyValueSpecification\",\"valueRequired\":true,\"valueName\":\"search_term_string\"}}],\"inLanguage\":\"es\"},{\"@type\":\"Organization\",\"@id\":\"https:\/\/letrame.com\/catalogo\/#organization\",\"name\":\"Catalogo | Letrame Grupo Editorial\",\"url\":\"https:\/\/letrame.com\/catalogo\/\",\"logo\":{\"@type\":\"ImageObject\",\"inLanguage\":\"es\",\"@id\":\"https:\/\/letrame.com\/catalogo\/#\/schema\/logo\/image\/\",\"url\":\"https:\/\/letrame.com\/catalogo\/wp-content\/uploads\/2024\/03\/logo2.webp\",\"contentUrl\":\"https:\/\/letrame.com\/catalogo\/wp-content\/uploads\/2024\/03\/logo2.webp\",\"width\":394,\"height\":128,\"caption\":\"Catalogo | Letrame Grupo Editorial\"},\"image\":{\"@id\":\"https:\/\/letrame.com\/catalogo\/#\/schema\/logo\/image\/\"}}]}<\/script>\n<!-- \/ Yoast SEO plugin. -->","yoast_head_json":{"title":"Sin mapa y con patas - Catalogo | Letrame Grupo Editorial","robots":{"index":"index","follow":"follow","max-snippet":"max-snippet:-1","max-image-preview":"max-image-preview:large","max-video-preview":"max-video-preview:-1"},"canonical":"https:\/\/letrame.com\/catalogo\/producto\/sin-mapa-y-con-patas\/","og_locale":"es_ES","og_type":"article","og_title":"Sin mapa y con patas - Catalogo | Letrame Grupo Editorial","og_description":"ISBN: 9791370291372 SINOPSIS SIN MAPA Y CON PATAS Memorias de una peregrina a mi yo del futuro. Este libro naci\u00f3 como un regalo para mi yo del futuro. Para no olvidar lo vivido en el Camino de Santiago. Para recordar los pasos, las dudas y los momentos de magia que compart\u00ed con mi esposo y con Chila, nuestra perra peregrina. En cada cuesta empinada, en cada momento de agotamiento, me encontr\u00e9 con preguntas y reflexiones que, de alguna manera, siguen marcando mi vida. Es la historia de un viaje hecho en familia, lleno de aprendizajes, silencios y peque\u00f1as victorias que solo el Camino puede ofrecer. Este libro es un llamado a todos aquellos que, como yo, se atreven a caminar sin tener claro el destino, pero con la esperanza de encontrarse a s\u00ed mismos en el proceso. Una invitaci\u00f3n a quienes desean comprender que, aunque el camino no siempre sea f\u00e1cil, cada paso hacia adelante tiene un prop\u00f3sito. Vivido paso a paso","og_url":"https:\/\/letrame.com\/catalogo\/producto\/sin-mapa-y-con-patas\/","og_site_name":"Catalogo | Letrame Grupo Editorial","article_modified_time":"2025-12-15T13:56:47+00:00","og_image":[{"width":345,"height":499,"url":"https:\/\/letrame.com\/catalogo\/wp-content\/uploads\/2025\/12\/sinmapa_999mm4.gif","type":"image\/gif"}],"twitter_card":"summary_large_image","twitter_misc":{"Tiempo de lectura":"1 minuto"},"schema":{"@context":"https:\/\/schema.org","@graph":[{"@type":"WebPage","@id":"https:\/\/letrame.com\/catalogo\/producto\/sin-mapa-y-con-patas\/","url":"https:\/\/letrame.com\/catalogo\/producto\/sin-mapa-y-con-patas\/","name":"Sin mapa y con patas - Catalogo | Letrame Grupo Editorial","isPartOf":{"@id":"https:\/\/letrame.com\/catalogo\/#website"},"primaryImageOfPage":{"@id":"https:\/\/letrame.com\/catalogo\/producto\/sin-mapa-y-con-patas\/#primaryimage"},"image":{"@id":"https:\/\/letrame.com\/catalogo\/producto\/sin-mapa-y-con-patas\/#primaryimage"},"thumbnailUrl":"https:\/\/letrame.com\/catalogo\/wp-content\/uploads\/2025\/12\/sinmapa_999mm4.gif","datePublished":"2025-12-15T13:49:57+00:00","dateModified":"2025-12-15T13:56:47+00:00","breadcrumb":{"@id":"https:\/\/letrame.com\/catalogo\/producto\/sin-mapa-y-con-patas\/#breadcrumb"},"inLanguage":"es","potentialAction":[{"@type":"ReadAction","target":["https:\/\/letrame.com\/catalogo\/producto\/sin-mapa-y-con-patas\/"]}]},{"@type":"ImageObject","inLanguage":"es","@id":"https:\/\/letrame.com\/catalogo\/producto\/sin-mapa-y-con-patas\/#primaryimage","url":"https:\/\/letrame.com\/catalogo\/wp-content\/uploads\/2025\/12\/sinmapa_999mm4.gif","contentUrl":"https:\/\/letrame.com\/catalogo\/wp-content\/uploads\/2025\/12\/sinmapa_999mm4.gif","width":345,"height":499},{"@type":"BreadcrumbList","@id":"https:\/\/letrame.com\/catalogo\/producto\/sin-mapa-y-con-patas\/#breadcrumb","itemListElement":[{"@type":"ListItem","position":1,"name":"Portada","item":"https:\/\/letrame.com\/catalogo\/"},{"@type":"ListItem","position":2,"name":"Cat\u00e1logo","item":"https:\/\/letrame.com\/catalogo\/"},{"@type":"ListItem","position":3,"name":"Sin mapa y con patas"}]},{"@type":"WebSite","@id":"https:\/\/letrame.com\/catalogo\/#website","url":"https:\/\/letrame.com\/catalogo\/","name":"Catalogo | Letrame Grupo Editorial","description":"","publisher":{"@id":"https:\/\/letrame.com\/catalogo\/#organization"},"potentialAction":[{"@type":"SearchAction","target":{"@type":"EntryPoint","urlTemplate":"https:\/\/letrame.com\/catalogo\/?s={search_term_string}"},"query-input":{"@type":"PropertyValueSpecification","valueRequired":true,"valueName":"search_term_string"}}],"inLanguage":"es"},{"@type":"Organization","@id":"https:\/\/letrame.com\/catalogo\/#organization","name":"Catalogo | Letrame Grupo Editorial","url":"https:\/\/letrame.com\/catalogo\/","logo":{"@type":"ImageObject","inLanguage":"es","@id":"https:\/\/letrame.com\/catalogo\/#\/schema\/logo\/image\/","url":"https:\/\/letrame.com\/catalogo\/wp-content\/uploads\/2024\/03\/logo2.webp","contentUrl":"https:\/\/letrame.com\/catalogo\/wp-content\/uploads\/2024\/03\/logo2.webp","width":394,"height":128,"caption":"Catalogo | Letrame Grupo Editorial"},"image":{"@id":"https:\/\/letrame.com\/catalogo\/#\/schema\/logo\/image\/"}}]}},"_links":{"self":[{"href":"https:\/\/letrame.com\/catalogo\/wp-json\/wp\/v2\/product\/110073","targetHints":{"allow":["GET"]}}],"collection":[{"href":"https:\/\/letrame.com\/catalogo\/wp-json\/wp\/v2\/product"}],"about":[{"href":"https:\/\/letrame.com\/catalogo\/wp-json\/wp\/v2\/types\/product"}],"replies":[{"embeddable":true,"href":"https:\/\/letrame.com\/catalogo\/wp-json\/wp\/v2\/comments?post=110073"}],"acf:post":[{"embeddable":true,"href":"https:\/\/letrame.com\/catalogo\/wp-json\/wp\/v2\/author_book\/110075"}],"wp:featuredmedia":[{"embeddable":true,"href":"https:\/\/letrame.com\/catalogo\/wp-json\/wp\/v2\/media\/110074"}],"wp:attachment":[{"href":"https:\/\/letrame.com\/catalogo\/wp-json\/wp\/v2\/media?parent=110073"}],"wp:term":[{"taxonomy":"libro","embeddable":true,"href":"https:\/\/letrame.com\/catalogo\/wp-json\/wp\/v2\/libro?post=110073"},{"taxonomy":"product_brand","embeddable":true,"href":"https:\/\/letrame.com\/catalogo\/wp-json\/wp\/v2\/product_brand?post=110073"},{"taxonomy":"product_cat","embeddable":true,"href":"https:\/\/letrame.com\/catalogo\/wp-json\/wp\/v2\/product_cat?post=110073"},{"taxonomy":"product_tag","embeddable":true,"href":"https:\/\/letrame.com\/catalogo\/wp-json\/wp\/v2\/product_tag?post=110073"}],"curies":[{"name":"wp","href":"https:\/\/api.w.org\/{rel}","templated":true}]}}