{"id":110063,"date":"2025-12-15T14:19:54","date_gmt":"2025-12-15T13:19:54","guid":{"rendered":"https:\/\/letrame.com\/catalogo\/?post_type=product&#038;p=110063"},"modified":"2025-12-15T14:23:53","modified_gmt":"2025-12-15T13:23:53","slug":"quien-soy-cuando-no-estoy-triste","status":"publish","type":"product","link":"https:\/\/letrame.com\/catalogo\/producto\/quien-soy-cuando-no-estoy-triste\/","title":{"rendered":"\u00bfQui\u00e9n soy cuando no estoy triste?"},"content":{"rendered":"<p class=\"p1\"><b>ISBN: 9791370290795<\/b><b><\/b><\/p>\n<p class=\"p1\"><b>T\u00edtulo: \u00bfQui\u00e9n soy cuando no estoy triste?<\/b><b><\/b><\/p>\n<p class=\"p1\"><b>Fecha: 2025<\/b><b><\/b><\/p>\n<p class=\"p1\"><b>P\u00e1ginas: 82<\/b><b><\/b><\/p>\n<p class=\"p1\"><b>SINOPSIS<\/b><b><\/b><\/p>\n<p>Este no es un libro para entender. Es un libro para sentir.<br \/>\nPara dejar que cada p\u00e1gina cale como la lluvia que te sorprende en medio de una tormenta interna.<br \/>\n\u00bfQui\u00e9n soy cuando no estoy triste? no da respuestas, pero deja preguntas abiertas como heridas sanadas a medias.<br \/>\nEs un viaje a trav\u00e9s de la melancol\u00eda, la memoria, el desarraigo, la fe y la furia. Escrito con el coraz\u00f3n en carne viva y la piel expuesta, Elizabeth Chac\u00f3n dibuja con palabras los momentos en los que una persona se pierde para intentar volver a encontrarse. Este libro es para quienes han sentido que la tristeza era su \u00fanica identidad. Y tambi\u00e9n para quienes, por fin, han empezado a preguntarse:<br \/>\n\u00bfY si hay algo m\u00e1s all\u00e1 de ella?<\/p>\n","protected":false},"excerpt":{"rendered":"<p><b>ISBN: 9791370290795<\/b><\/p>\n<p class=\"p1\"><b>SINOPSIS<\/b><b><\/b><\/p>\n<p>Este no es un libro para entender. Es un libro para sentir.<br \/>\nPara dejar que cada p\u00e1gina cale como la lluvia que te sorprende en medio de una tormenta interna.<br \/>\n\u00bfQui\u00e9n soy cuando no estoy triste? no da respuestas, pero deja preguntas abiertas como heridas sanadas a medias.<br \/>\nEs un viaje a trav\u00e9s de la melancol\u00eda, la memoria, el desarraigo, la fe y la furia. Escrito con el coraz\u00f3n en carne viva y la piel expuesta, Elizabeth Chac\u00f3n dibuja con palabras los momentos en los que una persona se pierde para intentar volver a encontrarse. Este libro es para quienes han sentido que la tristeza era su \u00fanica identidad. Y tambi\u00e9n para quienes, por fin, han empezado a preguntarse:<br \/>\n\u00bfY si hay algo m\u00e1s all\u00e1 de ella?<\/p>\n","protected":false},"featured_media":110064,"comment_status":"open","ping_status":"closed","template":"","meta":{"_acf_changed":false},"libro":[],"product_brand":[],"product_cat":[110],"product_tag":[],"class_list":{"0":"post-110063","1":"product","2":"type-product","3":"status-publish","4":"has-post-thumbnail","6":"product_cat-hechos-reales","8":"first","9":"instock","10":"shipping-taxable","11":"product-type-simple"},"acf":{"autor":[110065],"enlace_de_compra":"https:\/\/www.amazon.es\/%C2%BFQui%C3%A9n-cuando-estoy-triste-ficci%C3%B3n\/dp\/B0G4T3N9PP\/ref=sr_1_2?__mk_es_ES=%C3%85M%C3%85%C5%BD%C3%95%C3%91&crid=1MMJBNKYJICA&dib=eyJ2IjoiMSJ9.GbBO5p9xYd6X-CzubxRBq5CWh_x6l0uoB26DoNuI5JrGjHj071QN20LucGBJIEps.GpJNG_yIgxgu65wHcHiPGE4wQ0uzrYkL5772Eo4taKc&dib_tag=se&keywords=%C2%BFqui%C3%A9n+soy+letrame&qid=1765804287&s=books&sprefix=qui%C3%A9n+soy+letrame%2Cstripbooks%2C60&sr=1-2"},"yoast_head":"<!-- This site is optimized with the Yoast SEO plugin v26.6 - https:\/\/yoast.com\/wordpress\/plugins\/seo\/ -->\n<title>\u00bfQui\u00e9n soy cuando no estoy triste? - Catalogo | Letrame Grupo Editorial<\/title>\n<meta name=\"robots\" content=\"index, follow, max-snippet:-1, max-image-preview:large, max-video-preview:-1\" \/>\n<link rel=\"canonical\" href=\"https:\/\/letrame.com\/catalogo\/producto\/quien-soy-cuando-no-estoy-triste\/\" \/>\n<meta property=\"og:locale\" content=\"es_ES\" \/>\n<meta property=\"og:type\" content=\"article\" \/>\n<meta property=\"og:title\" content=\"\u00bfQui\u00e9n soy cuando no estoy triste? - Catalogo | Letrame Grupo Editorial\" \/>\n<meta property=\"og:description\" content=\"ISBN: 9791370290795 SINOPSIS Este no es un libro para entender. Es un libro para sentir. Para dejar que cada p\u00e1gina cale como la lluvia que te sorprende en medio de una tormenta interna. \u00bfQui\u00e9n soy cuando no estoy triste? no da respuestas, pero deja preguntas abiertas como heridas sanadas a medias. Es un viaje a trav\u00e9s de la melancol\u00eda, la memoria, el desarraigo, la fe y la furia. Escrito con el coraz\u00f3n en carne viva y la piel expuesta, Elizabeth Chac\u00f3n dibuja con palabras los momentos en los que una persona se pierde para intentar volver a encontrarse. Este libro es para quienes han sentido que la tristeza era su \u00fanica identidad. Y tambi\u00e9n para quienes, por fin, han empezado a preguntarse: \u00bfY si hay algo m\u00e1s all\u00e1 de ella?\" \/>\n<meta property=\"og:url\" content=\"https:\/\/letrame.com\/catalogo\/producto\/quien-soy-cuando-no-estoy-triste\/\" \/>\n<meta property=\"og:site_name\" content=\"Catalogo | Letrame Grupo Editorial\" \/>\n<meta property=\"article:modified_time\" content=\"2025-12-15T13:23:53+00:00\" \/>\n<meta property=\"og:image\" content=\"https:\/\/letrame.com\/catalogo\/wp-content\/uploads\/2025\/12\/\u00bfquiensoy._428mm4.gif\" \/>\n\t<meta property=\"og:image:width\" content=\"358\" \/>\n\t<meta property=\"og:image:height\" content=\"537\" \/>\n\t<meta property=\"og:image:type\" content=\"image\/gif\" \/>\n<meta name=\"twitter:card\" content=\"summary_large_image\" \/>\n<meta name=\"twitter:label1\" content=\"Tiempo de lectura\" \/>\n\t<meta name=\"twitter:data1\" content=\"1 minuto\" \/>\n<script type=\"application\/ld+json\" class=\"yoast-schema-graph\">{\"@context\":\"https:\/\/schema.org\",\"@graph\":[{\"@type\":\"WebPage\",\"@id\":\"https:\/\/letrame.com\/catalogo\/producto\/quien-soy-cuando-no-estoy-triste\/\",\"url\":\"https:\/\/letrame.com\/catalogo\/producto\/quien-soy-cuando-no-estoy-triste\/\",\"name\":\"\u00bfQui\u00e9n soy cuando no estoy triste? - Catalogo | Letrame Grupo Editorial\",\"isPartOf\":{\"@id\":\"https:\/\/letrame.com\/catalogo\/#website\"},\"primaryImageOfPage\":{\"@id\":\"https:\/\/letrame.com\/catalogo\/producto\/quien-soy-cuando-no-estoy-triste\/#primaryimage\"},\"image\":{\"@id\":\"https:\/\/letrame.com\/catalogo\/producto\/quien-soy-cuando-no-estoy-triste\/#primaryimage\"},\"thumbnailUrl\":\"https:\/\/letrame.com\/catalogo\/wp-content\/uploads\/2025\/12\/\u00bfquiensoy._428mm4.gif\",\"datePublished\":\"2025-12-15T13:19:54+00:00\",\"dateModified\":\"2025-12-15T13:23:53+00:00\",\"breadcrumb\":{\"@id\":\"https:\/\/letrame.com\/catalogo\/producto\/quien-soy-cuando-no-estoy-triste\/#breadcrumb\"},\"inLanguage\":\"es\",\"potentialAction\":[{\"@type\":\"ReadAction\",\"target\":[\"https:\/\/letrame.com\/catalogo\/producto\/quien-soy-cuando-no-estoy-triste\/\"]}]},{\"@type\":\"ImageObject\",\"inLanguage\":\"es\",\"@id\":\"https:\/\/letrame.com\/catalogo\/producto\/quien-soy-cuando-no-estoy-triste\/#primaryimage\",\"url\":\"https:\/\/letrame.com\/catalogo\/wp-content\/uploads\/2025\/12\/\u00bfquiensoy._428mm4.gif\",\"contentUrl\":\"https:\/\/letrame.com\/catalogo\/wp-content\/uploads\/2025\/12\/\u00bfquiensoy._428mm4.gif\",\"width\":358,\"height\":537},{\"@type\":\"BreadcrumbList\",\"@id\":\"https:\/\/letrame.com\/catalogo\/producto\/quien-soy-cuando-no-estoy-triste\/#breadcrumb\",\"itemListElement\":[{\"@type\":\"ListItem\",\"position\":1,\"name\":\"Portada\",\"item\":\"https:\/\/letrame.com\/catalogo\/\"},{\"@type\":\"ListItem\",\"position\":2,\"name\":\"Cat\u00e1logo\",\"item\":\"https:\/\/letrame.com\/catalogo\/\"},{\"@type\":\"ListItem\",\"position\":3,\"name\":\"\u00bfQui\u00e9n soy cuando no estoy triste?\"}]},{\"@type\":\"WebSite\",\"@id\":\"https:\/\/letrame.com\/catalogo\/#website\",\"url\":\"https:\/\/letrame.com\/catalogo\/\",\"name\":\"Catalogo | Letrame Grupo Editorial\",\"description\":\"\",\"publisher\":{\"@id\":\"https:\/\/letrame.com\/catalogo\/#organization\"},\"potentialAction\":[{\"@type\":\"SearchAction\",\"target\":{\"@type\":\"EntryPoint\",\"urlTemplate\":\"https:\/\/letrame.com\/catalogo\/?s={search_term_string}\"},\"query-input\":{\"@type\":\"PropertyValueSpecification\",\"valueRequired\":true,\"valueName\":\"search_term_string\"}}],\"inLanguage\":\"es\"},{\"@type\":\"Organization\",\"@id\":\"https:\/\/letrame.com\/catalogo\/#organization\",\"name\":\"Catalogo | Letrame Grupo Editorial\",\"url\":\"https:\/\/letrame.com\/catalogo\/\",\"logo\":{\"@type\":\"ImageObject\",\"inLanguage\":\"es\",\"@id\":\"https:\/\/letrame.com\/catalogo\/#\/schema\/logo\/image\/\",\"url\":\"https:\/\/letrame.com\/catalogo\/wp-content\/uploads\/2024\/03\/logo2.webp\",\"contentUrl\":\"https:\/\/letrame.com\/catalogo\/wp-content\/uploads\/2024\/03\/logo2.webp\",\"width\":394,\"height\":128,\"caption\":\"Catalogo | Letrame Grupo Editorial\"},\"image\":{\"@id\":\"https:\/\/letrame.com\/catalogo\/#\/schema\/logo\/image\/\"}}]}<\/script>\n<!-- \/ Yoast SEO plugin. -->","yoast_head_json":{"title":"\u00bfQui\u00e9n soy cuando no estoy triste? - Catalogo | Letrame Grupo Editorial","robots":{"index":"index","follow":"follow","max-snippet":"max-snippet:-1","max-image-preview":"max-image-preview:large","max-video-preview":"max-video-preview:-1"},"canonical":"https:\/\/letrame.com\/catalogo\/producto\/quien-soy-cuando-no-estoy-triste\/","og_locale":"es_ES","og_type":"article","og_title":"\u00bfQui\u00e9n soy cuando no estoy triste? - Catalogo | Letrame Grupo Editorial","og_description":"ISBN: 9791370290795 SINOPSIS Este no es un libro para entender. Es un libro para sentir. Para dejar que cada p\u00e1gina cale como la lluvia que te sorprende en medio de una tormenta interna. \u00bfQui\u00e9n soy cuando no estoy triste? no da respuestas, pero deja preguntas abiertas como heridas sanadas a medias. Es un viaje a trav\u00e9s de la melancol\u00eda, la memoria, el desarraigo, la fe y la furia. Escrito con el coraz\u00f3n en carne viva y la piel expuesta, Elizabeth Chac\u00f3n dibuja con palabras los momentos en los que una persona se pierde para intentar volver a encontrarse. Este libro es para quienes han sentido que la tristeza era su \u00fanica identidad. Y tambi\u00e9n para quienes, por fin, han empezado a preguntarse: \u00bfY si hay algo m\u00e1s all\u00e1 de ella?","og_url":"https:\/\/letrame.com\/catalogo\/producto\/quien-soy-cuando-no-estoy-triste\/","og_site_name":"Catalogo | Letrame Grupo Editorial","article_modified_time":"2025-12-15T13:23:53+00:00","og_image":[{"width":358,"height":537,"url":"https:\/\/letrame.com\/catalogo\/wp-content\/uploads\/2025\/12\/\u00bfquiensoy._428mm4.gif","type":"image\/gif"}],"twitter_card":"summary_large_image","twitter_misc":{"Tiempo de lectura":"1 minuto"},"schema":{"@context":"https:\/\/schema.org","@graph":[{"@type":"WebPage","@id":"https:\/\/letrame.com\/catalogo\/producto\/quien-soy-cuando-no-estoy-triste\/","url":"https:\/\/letrame.com\/catalogo\/producto\/quien-soy-cuando-no-estoy-triste\/","name":"\u00bfQui\u00e9n soy cuando no estoy triste? - Catalogo | Letrame Grupo Editorial","isPartOf":{"@id":"https:\/\/letrame.com\/catalogo\/#website"},"primaryImageOfPage":{"@id":"https:\/\/letrame.com\/catalogo\/producto\/quien-soy-cuando-no-estoy-triste\/#primaryimage"},"image":{"@id":"https:\/\/letrame.com\/catalogo\/producto\/quien-soy-cuando-no-estoy-triste\/#primaryimage"},"thumbnailUrl":"https:\/\/letrame.com\/catalogo\/wp-content\/uploads\/2025\/12\/\u00bfquiensoy._428mm4.gif","datePublished":"2025-12-15T13:19:54+00:00","dateModified":"2025-12-15T13:23:53+00:00","breadcrumb":{"@id":"https:\/\/letrame.com\/catalogo\/producto\/quien-soy-cuando-no-estoy-triste\/#breadcrumb"},"inLanguage":"es","potentialAction":[{"@type":"ReadAction","target":["https:\/\/letrame.com\/catalogo\/producto\/quien-soy-cuando-no-estoy-triste\/"]}]},{"@type":"ImageObject","inLanguage":"es","@id":"https:\/\/letrame.com\/catalogo\/producto\/quien-soy-cuando-no-estoy-triste\/#primaryimage","url":"https:\/\/letrame.com\/catalogo\/wp-content\/uploads\/2025\/12\/\u00bfquiensoy._428mm4.gif","contentUrl":"https:\/\/letrame.com\/catalogo\/wp-content\/uploads\/2025\/12\/\u00bfquiensoy._428mm4.gif","width":358,"height":537},{"@type":"BreadcrumbList","@id":"https:\/\/letrame.com\/catalogo\/producto\/quien-soy-cuando-no-estoy-triste\/#breadcrumb","itemListElement":[{"@type":"ListItem","position":1,"name":"Portada","item":"https:\/\/letrame.com\/catalogo\/"},{"@type":"ListItem","position":2,"name":"Cat\u00e1logo","item":"https:\/\/letrame.com\/catalogo\/"},{"@type":"ListItem","position":3,"name":"\u00bfQui\u00e9n soy cuando no estoy triste?"}]},{"@type":"WebSite","@id":"https:\/\/letrame.com\/catalogo\/#website","url":"https:\/\/letrame.com\/catalogo\/","name":"Catalogo | Letrame Grupo Editorial","description":"","publisher":{"@id":"https:\/\/letrame.com\/catalogo\/#organization"},"potentialAction":[{"@type":"SearchAction","target":{"@type":"EntryPoint","urlTemplate":"https:\/\/letrame.com\/catalogo\/?s={search_term_string}"},"query-input":{"@type":"PropertyValueSpecification","valueRequired":true,"valueName":"search_term_string"}}],"inLanguage":"es"},{"@type":"Organization","@id":"https:\/\/letrame.com\/catalogo\/#organization","name":"Catalogo | Letrame Grupo Editorial","url":"https:\/\/letrame.com\/catalogo\/","logo":{"@type":"ImageObject","inLanguage":"es","@id":"https:\/\/letrame.com\/catalogo\/#\/schema\/logo\/image\/","url":"https:\/\/letrame.com\/catalogo\/wp-content\/uploads\/2024\/03\/logo2.webp","contentUrl":"https:\/\/letrame.com\/catalogo\/wp-content\/uploads\/2024\/03\/logo2.webp","width":394,"height":128,"caption":"Catalogo | Letrame Grupo Editorial"},"image":{"@id":"https:\/\/letrame.com\/catalogo\/#\/schema\/logo\/image\/"}}]}},"_links":{"self":[{"href":"https:\/\/letrame.com\/catalogo\/wp-json\/wp\/v2\/product\/110063","targetHints":{"allow":["GET"]}}],"collection":[{"href":"https:\/\/letrame.com\/catalogo\/wp-json\/wp\/v2\/product"}],"about":[{"href":"https:\/\/letrame.com\/catalogo\/wp-json\/wp\/v2\/types\/product"}],"replies":[{"embeddable":true,"href":"https:\/\/letrame.com\/catalogo\/wp-json\/wp\/v2\/comments?post=110063"}],"acf:post":[{"embeddable":true,"href":"https:\/\/letrame.com\/catalogo\/wp-json\/wp\/v2\/author_book\/110065"}],"wp:featuredmedia":[{"embeddable":true,"href":"https:\/\/letrame.com\/catalogo\/wp-json\/wp\/v2\/media\/110064"}],"wp:attachment":[{"href":"https:\/\/letrame.com\/catalogo\/wp-json\/wp\/v2\/media?parent=110063"}],"wp:term":[{"taxonomy":"libro","embeddable":true,"href":"https:\/\/letrame.com\/catalogo\/wp-json\/wp\/v2\/libro?post=110063"},{"taxonomy":"product_brand","embeddable":true,"href":"https:\/\/letrame.com\/catalogo\/wp-json\/wp\/v2\/product_brand?post=110063"},{"taxonomy":"product_cat","embeddable":true,"href":"https:\/\/letrame.com\/catalogo\/wp-json\/wp\/v2\/product_cat?post=110063"},{"taxonomy":"product_tag","embeddable":true,"href":"https:\/\/letrame.com\/catalogo\/wp-json\/wp\/v2\/product_tag?post=110063"}],"curies":[{"name":"wp","href":"https:\/\/api.w.org\/{rel}","templated":true}]}}