{"id":110053,"date":"2025-12-15T13:48:26","date_gmt":"2025-12-15T12:48:26","guid":{"rendered":"https:\/\/letrame.com\/catalogo\/?post_type=product&#038;p=110053"},"modified":"2025-12-15T13:54:06","modified_gmt":"2025-12-15T12:54:06","slug":"nutricion-y-microbiota","status":"publish","type":"product","link":"https:\/\/letrame.com\/catalogo\/producto\/nutricion-y-microbiota\/","title":{"rendered":"Nutrici\u00f3n y Microbiota"},"content":{"rendered":"<p class=\"p1\"><b>ISBN: 9791370129873<\/b><b><\/b><\/p>\n<p class=\"p1\"><b>T\u00edtulo: Nutrici\u00f3n y Microbiota<\/b><b><\/b><\/p>\n<p class=\"p1\"><b>Fecha: 2025<\/b><b><\/b><\/p>\n<p class=\"p1\"><b>P\u00e1ginas: 92<\/b><b><\/b><\/p>\n<p class=\"p1\"><b>SINOPSIS<\/b><b><\/b><\/p>\n<p>Beatriz Helena Aristiz\u00e1bal Bernal es una cient\u00edfica colombiana con m\u00e1s de 25 a\u00f1os de trayectoria en microbiolog\u00eda, inmunolog\u00eda, gen\u00e9tica m\u00e9dica y biolog\u00eda molecular. Ha dedicado su vida a comprender c\u00f3mo la biolog\u00eda del ser humano se relaciona con la enfermedad y la salud<br \/>\nMaster en inmunologia, Doctora en Ciencias Basicas Biomedicas y postdoctorado en Molecular, especialista en Gen\u00e9tica M\u00e9dica, ha liderado investigaci\u00f3n en interacci\u00f3n hu\u00e9sped-par\u00e1sito, inmunolog\u00eda y biolog\u00eda molecular aplicada al diagn\u00f3stico de oncolog\u00eda, enfermedades infecciosas, autoinmunes y metab\u00f3licas.<br \/>\nEs autora de numerosos art\u00edculos cient\u00edficos, cap\u00edtulos de libro y textos acad\u00e9micos, y ha dirigido laboratorios de referencia en diagn\u00f3stico molecular. Su producci\u00f3n cient\u00edfica ha sido reconocida con premios nacionales e internacionales.<br \/>\nHoy, desde la nutrigen\u00f3mica, integra gen\u00e9tica, inmunidad y nutrici\u00f3n para responder una pregunta esencial: \u00bfc\u00f3mo se alimenta una c\u00e9lula para sanar? Este libro es resultado de una vida dedicada a buscar esa respuesta y a convertir ciencia avanzada en herramientas cl\u00ednicas reales.<\/p>\n","protected":false},"excerpt":{"rendered":"<p><b>ISBN: 9791370129873<\/b><\/p>\n<p class=\"p1\"><b>SINOPSIS<\/b><b><\/b><\/p>\n<p>Beatriz Helena Aristiz\u00e1bal Bernal es una cient\u00edfica colombiana con m\u00e1s de 25 a\u00f1os de trayectoria en microbiolog\u00eda, inmunolog\u00eda, gen\u00e9tica m\u00e9dica y biolog\u00eda molecular. Ha dedicado su vida a comprender c\u00f3mo la biolog\u00eda del ser humano se relaciona con la enfermedad y la salud<br \/>\nMaster en inmunologia, Doctora en Ciencias Basicas Biomedicas y postdoctorado en Molecular, especialista en Gen\u00e9tica M\u00e9dica, ha liderado investigaci\u00f3n en interacci\u00f3n hu\u00e9sped-par\u00e1sito, inmunolog\u00eda y biolog\u00eda molecular aplicada al diagn\u00f3stico de oncolog\u00eda, enfermedades infecciosas, autoinmunes y metab\u00f3licas.<br \/>\nEs autora de numerosos art\u00edculos cient\u00edficos, cap\u00edtulos de libro y textos acad\u00e9micos, y ha dirigido laboratorios de referencia en diagn\u00f3stico molecular. Su producci\u00f3n cient\u00edfica ha sido reconocida con premios nacionales e internacionales.<br \/>\nHoy, desde la nutrigen\u00f3mica, integra gen\u00e9tica, inmunidad y nutrici\u00f3n para responder una pregunta esencial: \u00bfc\u00f3mo se alimenta una c\u00e9lula para sanar? Este libro es resultado de una vida dedicada a buscar esa respuesta y a convertir ciencia avanzada en herramientas cl\u00ednicas reales.<\/p>\n","protected":false},"featured_media":110054,"comment_status":"open","ping_status":"closed","template":"","meta":{"_acf_changed":false},"libro":[],"product_brand":[],"product_cat":[101],"product_tag":[],"class_list":{"0":"post-110053","1":"product","2":"type-product","3":"status-publish","4":"has-post-thumbnail","6":"product_cat-salud-y-bienestar","8":"first","9":"instock","10":"shipping-taxable","11":"product-type-simple"},"acf":{"autor":[110055],"enlace_de_compra":"https:\/\/www.amazon.es\/Nutrici%C3%B3n-Microbiota-Beatriz-Helena-Aristizabal\/dp\/B0G4WG4L21\/ref=sr_1_1?__mk_es_ES=%C3%85M%C3%85%C5%BD%C3%95%C3%91&crid=24OJ4X6DOQ4BG&dib=eyJ2IjoiMSJ9.ttvWlS7gJPEo0b3ucqdZCQ.6msgUzoMXnSPAfSbLcGTlzG-nn1H8_HFxmHOfdVA7PY&dib_tag=se&keywords=nutrici%C3%B3n+letrame&qid=1765802583&s=books&sprefix=nutrici%C3%B3n+letrame%2Cstripbooks%2C62&sr=1-1"},"yoast_head":"<!-- This site is optimized with the Yoast SEO plugin v27.4 - https:\/\/yoast.com\/product\/yoast-seo-wordpress\/ -->\n<title>Nutrici\u00f3n y Microbiota - Catalogo | Letrame Grupo Editorial<\/title>\n<meta name=\"robots\" content=\"index, follow, max-snippet:-1, max-image-preview:large, max-video-preview:-1\" \/>\n<link rel=\"canonical\" href=\"https:\/\/letrame.com\/catalogo\/producto\/nutricion-y-microbiota\/\" \/>\n<meta property=\"og:locale\" content=\"es_ES\" \/>\n<meta property=\"og:type\" content=\"article\" \/>\n<meta property=\"og:title\" content=\"Nutrici\u00f3n y Microbiota - Catalogo | Letrame Grupo Editorial\" \/>\n<meta property=\"og:description\" content=\"ISBN: 9791370129873 SINOPSIS Beatriz Helena Aristiz\u00e1bal Bernal es una cient\u00edfica colombiana con m\u00e1s de 25 a\u00f1os de trayectoria en microbiolog\u00eda, inmunolog\u00eda, gen\u00e9tica m\u00e9dica y biolog\u00eda molecular. Ha dedicado su vida a comprender c\u00f3mo la biolog\u00eda del ser humano se relaciona con la enfermedad y la salud Master en inmunologia, Doctora en Ciencias Basicas Biomedicas y postdoctorado en Molecular, especialista en Gen\u00e9tica M\u00e9dica, ha liderado investigaci\u00f3n en interacci\u00f3n hu\u00e9sped-par\u00e1sito, inmunolog\u00eda y biolog\u00eda molecular aplicada al diagn\u00f3stico de oncolog\u00eda, enfermedades infecciosas, autoinmunes y metab\u00f3licas. Es autora de numerosos art\u00edculos cient\u00edficos, cap\u00edtulos de libro y textos acad\u00e9micos, y ha dirigido laboratorios de referencia en diagn\u00f3stico molecular. Su producci\u00f3n cient\u00edfica ha sido reconocida con premios nacionales e internacionales. Hoy, desde la nutrigen\u00f3mica, integra gen\u00e9tica, inmunidad y nutrici\u00f3n para responder una pregunta esencial: \u00bfc\u00f3mo se alimenta una c\u00e9lula para sanar? Este libro es resultado de una vida dedicada a buscar esa respuesta y a convertir ciencia avanzada en herramientas cl\u00ednicas reales.\" \/>\n<meta property=\"og:url\" content=\"https:\/\/letrame.com\/catalogo\/producto\/nutricion-y-microbiota\/\" \/>\n<meta property=\"og:site_name\" content=\"Catalogo | Letrame Grupo Editorial\" \/>\n<meta property=\"article:modified_time\" content=\"2025-12-15T12:54:06+00:00\" \/>\n<meta property=\"og:image\" content=\"https:\/\/letrame.com\/catalogo\/wp-content\/uploads\/2025\/12\/nutricion_532mm4.gif\" \/>\n\t<meta property=\"og:image:width\" content=\"345\" \/>\n\t<meta property=\"og:image:height\" content=\"499\" \/>\n\t<meta property=\"og:image:type\" content=\"image\/gif\" \/>\n<meta name=\"twitter:card\" content=\"summary_large_image\" \/>\n<meta name=\"twitter:label1\" content=\"Tiempo de lectura\" \/>\n\t<meta name=\"twitter:data1\" content=\"1 minuto\" \/>\n<script type=\"application\/ld+json\" class=\"yoast-schema-graph\">{\"@context\":\"https:\\\/\\\/schema.org\",\"@graph\":[{\"@type\":\"WebPage\",\"@id\":\"https:\\\/\\\/letrame.com\\\/catalogo\\\/producto\\\/nutricion-y-microbiota\\\/\",\"url\":\"https:\\\/\\\/letrame.com\\\/catalogo\\\/producto\\\/nutricion-y-microbiota\\\/\",\"name\":\"Nutrici\u00f3n y Microbiota - Catalogo | Letrame Grupo Editorial\",\"isPartOf\":{\"@id\":\"https:\\\/\\\/letrame.com\\\/catalogo\\\/#website\"},\"primaryImageOfPage\":{\"@id\":\"https:\\\/\\\/letrame.com\\\/catalogo\\\/producto\\\/nutricion-y-microbiota\\\/#primaryimage\"},\"image\":{\"@id\":\"https:\\\/\\\/letrame.com\\\/catalogo\\\/producto\\\/nutricion-y-microbiota\\\/#primaryimage\"},\"thumbnailUrl\":\"https:\\\/\\\/letrame.com\\\/catalogo\\\/wp-content\\\/uploads\\\/2025\\\/12\\\/nutricion_532mm4.gif\",\"datePublished\":\"2025-12-15T12:48:26+00:00\",\"dateModified\":\"2025-12-15T12:54:06+00:00\",\"breadcrumb\":{\"@id\":\"https:\\\/\\\/letrame.com\\\/catalogo\\\/producto\\\/nutricion-y-microbiota\\\/#breadcrumb\"},\"inLanguage\":\"es\",\"potentialAction\":[{\"@type\":\"ReadAction\",\"target\":[\"https:\\\/\\\/letrame.com\\\/catalogo\\\/producto\\\/nutricion-y-microbiota\\\/\"]}]},{\"@type\":\"ImageObject\",\"inLanguage\":\"es\",\"@id\":\"https:\\\/\\\/letrame.com\\\/catalogo\\\/producto\\\/nutricion-y-microbiota\\\/#primaryimage\",\"url\":\"https:\\\/\\\/letrame.com\\\/catalogo\\\/wp-content\\\/uploads\\\/2025\\\/12\\\/nutricion_532mm4.gif\",\"contentUrl\":\"https:\\\/\\\/letrame.com\\\/catalogo\\\/wp-content\\\/uploads\\\/2025\\\/12\\\/nutricion_532mm4.gif\",\"width\":345,\"height\":499},{\"@type\":\"BreadcrumbList\",\"@id\":\"https:\\\/\\\/letrame.com\\\/catalogo\\\/producto\\\/nutricion-y-microbiota\\\/#breadcrumb\",\"itemListElement\":[{\"@type\":\"ListItem\",\"position\":1,\"name\":\"Portada\",\"item\":\"https:\\\/\\\/letrame.com\\\/catalogo\\\/\"},{\"@type\":\"ListItem\",\"position\":2,\"name\":\"Cat\u00e1logo\",\"item\":\"https:\\\/\\\/letrame.com\\\/catalogo\\\/\"},{\"@type\":\"ListItem\",\"position\":3,\"name\":\"Nutrici\u00f3n y Microbiota\"}]},{\"@type\":\"WebSite\",\"@id\":\"https:\\\/\\\/letrame.com\\\/catalogo\\\/#website\",\"url\":\"https:\\\/\\\/letrame.com\\\/catalogo\\\/\",\"name\":\"Catalogo | Letrame Grupo Editorial\",\"description\":\"\",\"publisher\":{\"@id\":\"https:\\\/\\\/letrame.com\\\/catalogo\\\/#organization\"},\"potentialAction\":[{\"@type\":\"SearchAction\",\"target\":{\"@type\":\"EntryPoint\",\"urlTemplate\":\"https:\\\/\\\/letrame.com\\\/catalogo\\\/?s={search_term_string}\"},\"query-input\":{\"@type\":\"PropertyValueSpecification\",\"valueRequired\":true,\"valueName\":\"search_term_string\"}}],\"inLanguage\":\"es\"},{\"@type\":\"Organization\",\"@id\":\"https:\\\/\\\/letrame.com\\\/catalogo\\\/#organization\",\"name\":\"Catalogo | Letrame Grupo Editorial\",\"url\":\"https:\\\/\\\/letrame.com\\\/catalogo\\\/\",\"logo\":{\"@type\":\"ImageObject\",\"inLanguage\":\"es\",\"@id\":\"https:\\\/\\\/letrame.com\\\/catalogo\\\/#\\\/schema\\\/logo\\\/image\\\/\",\"url\":\"https:\\\/\\\/letrame.com\\\/catalogo\\\/wp-content\\\/uploads\\\/2024\\\/03\\\/logo2.webp\",\"contentUrl\":\"https:\\\/\\\/letrame.com\\\/catalogo\\\/wp-content\\\/uploads\\\/2024\\\/03\\\/logo2.webp\",\"width\":394,\"height\":128,\"caption\":\"Catalogo | Letrame Grupo Editorial\"},\"image\":{\"@id\":\"https:\\\/\\\/letrame.com\\\/catalogo\\\/#\\\/schema\\\/logo\\\/image\\\/\"}}]}<\/script>\n<!-- \/ Yoast SEO plugin. -->","yoast_head_json":{"title":"Nutrici\u00f3n y Microbiota - Catalogo | Letrame Grupo Editorial","robots":{"index":"index","follow":"follow","max-snippet":"max-snippet:-1","max-image-preview":"max-image-preview:large","max-video-preview":"max-video-preview:-1"},"canonical":"https:\/\/letrame.com\/catalogo\/producto\/nutricion-y-microbiota\/","og_locale":"es_ES","og_type":"article","og_title":"Nutrici\u00f3n y Microbiota - Catalogo | Letrame Grupo Editorial","og_description":"ISBN: 9791370129873 SINOPSIS Beatriz Helena Aristiz\u00e1bal Bernal es una cient\u00edfica colombiana con m\u00e1s de 25 a\u00f1os de trayectoria en microbiolog\u00eda, inmunolog\u00eda, gen\u00e9tica m\u00e9dica y biolog\u00eda molecular. Ha dedicado su vida a comprender c\u00f3mo la biolog\u00eda del ser humano se relaciona con la enfermedad y la salud Master en inmunologia, Doctora en Ciencias Basicas Biomedicas y postdoctorado en Molecular, especialista en Gen\u00e9tica M\u00e9dica, ha liderado investigaci\u00f3n en interacci\u00f3n hu\u00e9sped-par\u00e1sito, inmunolog\u00eda y biolog\u00eda molecular aplicada al diagn\u00f3stico de oncolog\u00eda, enfermedades infecciosas, autoinmunes y metab\u00f3licas. Es autora de numerosos art\u00edculos cient\u00edficos, cap\u00edtulos de libro y textos acad\u00e9micos, y ha dirigido laboratorios de referencia en diagn\u00f3stico molecular. Su producci\u00f3n cient\u00edfica ha sido reconocida con premios nacionales e internacionales. Hoy, desde la nutrigen\u00f3mica, integra gen\u00e9tica, inmunidad y nutrici\u00f3n para responder una pregunta esencial: \u00bfc\u00f3mo se alimenta una c\u00e9lula para sanar? Este libro es resultado de una vida dedicada a buscar esa respuesta y a convertir ciencia avanzada en herramientas cl\u00ednicas reales.","og_url":"https:\/\/letrame.com\/catalogo\/producto\/nutricion-y-microbiota\/","og_site_name":"Catalogo | Letrame Grupo Editorial","article_modified_time":"2025-12-15T12:54:06+00:00","og_image":[{"width":345,"height":499,"url":"https:\/\/letrame.com\/catalogo\/wp-content\/uploads\/2025\/12\/nutricion_532mm4.gif","type":"image\/gif"}],"twitter_card":"summary_large_image","twitter_misc":{"Tiempo de lectura":"1 minuto"},"schema":{"@context":"https:\/\/schema.org","@graph":[{"@type":"WebPage","@id":"https:\/\/letrame.com\/catalogo\/producto\/nutricion-y-microbiota\/","url":"https:\/\/letrame.com\/catalogo\/producto\/nutricion-y-microbiota\/","name":"Nutrici\u00f3n y Microbiota - Catalogo | Letrame Grupo Editorial","isPartOf":{"@id":"https:\/\/letrame.com\/catalogo\/#website"},"primaryImageOfPage":{"@id":"https:\/\/letrame.com\/catalogo\/producto\/nutricion-y-microbiota\/#primaryimage"},"image":{"@id":"https:\/\/letrame.com\/catalogo\/producto\/nutricion-y-microbiota\/#primaryimage"},"thumbnailUrl":"https:\/\/letrame.com\/catalogo\/wp-content\/uploads\/2025\/12\/nutricion_532mm4.gif","datePublished":"2025-12-15T12:48:26+00:00","dateModified":"2025-12-15T12:54:06+00:00","breadcrumb":{"@id":"https:\/\/letrame.com\/catalogo\/producto\/nutricion-y-microbiota\/#breadcrumb"},"inLanguage":"es","potentialAction":[{"@type":"ReadAction","target":["https:\/\/letrame.com\/catalogo\/producto\/nutricion-y-microbiota\/"]}]},{"@type":"ImageObject","inLanguage":"es","@id":"https:\/\/letrame.com\/catalogo\/producto\/nutricion-y-microbiota\/#primaryimage","url":"https:\/\/letrame.com\/catalogo\/wp-content\/uploads\/2025\/12\/nutricion_532mm4.gif","contentUrl":"https:\/\/letrame.com\/catalogo\/wp-content\/uploads\/2025\/12\/nutricion_532mm4.gif","width":345,"height":499},{"@type":"BreadcrumbList","@id":"https:\/\/letrame.com\/catalogo\/producto\/nutricion-y-microbiota\/#breadcrumb","itemListElement":[{"@type":"ListItem","position":1,"name":"Portada","item":"https:\/\/letrame.com\/catalogo\/"},{"@type":"ListItem","position":2,"name":"Cat\u00e1logo","item":"https:\/\/letrame.com\/catalogo\/"},{"@type":"ListItem","position":3,"name":"Nutrici\u00f3n y Microbiota"}]},{"@type":"WebSite","@id":"https:\/\/letrame.com\/catalogo\/#website","url":"https:\/\/letrame.com\/catalogo\/","name":"Catalogo | Letrame Grupo Editorial","description":"","publisher":{"@id":"https:\/\/letrame.com\/catalogo\/#organization"},"potentialAction":[{"@type":"SearchAction","target":{"@type":"EntryPoint","urlTemplate":"https:\/\/letrame.com\/catalogo\/?s={search_term_string}"},"query-input":{"@type":"PropertyValueSpecification","valueRequired":true,"valueName":"search_term_string"}}],"inLanguage":"es"},{"@type":"Organization","@id":"https:\/\/letrame.com\/catalogo\/#organization","name":"Catalogo | Letrame Grupo Editorial","url":"https:\/\/letrame.com\/catalogo\/","logo":{"@type":"ImageObject","inLanguage":"es","@id":"https:\/\/letrame.com\/catalogo\/#\/schema\/logo\/image\/","url":"https:\/\/letrame.com\/catalogo\/wp-content\/uploads\/2024\/03\/logo2.webp","contentUrl":"https:\/\/letrame.com\/catalogo\/wp-content\/uploads\/2024\/03\/logo2.webp","width":394,"height":128,"caption":"Catalogo | Letrame Grupo Editorial"},"image":{"@id":"https:\/\/letrame.com\/catalogo\/#\/schema\/logo\/image\/"}}]}},"_links":{"self":[{"href":"https:\/\/letrame.com\/catalogo\/wp-json\/wp\/v2\/product\/110053","targetHints":{"allow":["GET"]}}],"collection":[{"href":"https:\/\/letrame.com\/catalogo\/wp-json\/wp\/v2\/product"}],"about":[{"href":"https:\/\/letrame.com\/catalogo\/wp-json\/wp\/v2\/types\/product"}],"replies":[{"embeddable":true,"href":"https:\/\/letrame.com\/catalogo\/wp-json\/wp\/v2\/comments?post=110053"}],"acf:post":[{"embeddable":true,"href":"https:\/\/letrame.com\/catalogo\/wp-json\/wp\/v2\/author_book\/110055"}],"wp:featuredmedia":[{"embeddable":true,"href":"https:\/\/letrame.com\/catalogo\/wp-json\/wp\/v2\/media\/110054"}],"wp:attachment":[{"href":"https:\/\/letrame.com\/catalogo\/wp-json\/wp\/v2\/media?parent=110053"}],"wp:term":[{"taxonomy":"libro","embeddable":true,"href":"https:\/\/letrame.com\/catalogo\/wp-json\/wp\/v2\/libro?post=110053"},{"taxonomy":"product_brand","embeddable":true,"href":"https:\/\/letrame.com\/catalogo\/wp-json\/wp\/v2\/product_brand?post=110053"},{"taxonomy":"product_cat","embeddable":true,"href":"https:\/\/letrame.com\/catalogo\/wp-json\/wp\/v2\/product_cat?post=110053"},{"taxonomy":"product_tag","embeddable":true,"href":"https:\/\/letrame.com\/catalogo\/wp-json\/wp\/v2\/product_tag?post=110053"}],"curies":[{"name":"wp","href":"https:\/\/api.w.org\/{rel}","templated":true}]}}