{"id":110048,"date":"2025-12-15T13:33:22","date_gmt":"2025-12-15T12:33:22","guid":{"rendered":"https:\/\/letrame.com\/catalogo\/?post_type=product&#038;p=110048"},"modified":"2025-12-15T13:41:54","modified_gmt":"2025-12-15T12:41:54","slug":"que-escribir-para-sanar","status":"publish","type":"product","link":"https:\/\/letrame.com\/catalogo\/producto\/que-escribir-para-sanar\/","title":{"rendered":"\u00bfQu\u00e9 escribir para sanar?"},"content":{"rendered":"<p class=\"p1\"><b>ISBN: 9791370121617<\/b><b><\/b><\/p>\n<p class=\"p1\"><b>T\u00edtulo: \u00bfQu\u00e9 escribir para sanar?<\/b><b><\/b><\/p>\n<p class=\"p1\"><b>Fecha: 2025<\/b><b><\/b><\/p>\n<p class=\"p1\"><b>P\u00e1ginas: 226<\/b><b><\/b><\/p>\n<p class=\"p1\"><b>SINOPSIS<\/b><b><\/b><\/p>\n<p>\u00abCuando no sabes qu\u00e9 decir, el papel siempre est\u00e1 ah\u00ed para escucharte. Este libro te mostrar\u00e1 c\u00f3mo comenzar\u00bb.<br \/>\n\u00bfQu\u00e9 escribir para sanar? no es solo un libro; es un refugio donde las palabras se convierten en un puente hacia tu propia sanaci\u00f3n. A lo largo de cada cap\u00edtulo, la autora abre su coraz\u00f3n y comparte sus vivencias m\u00e1s profundas, gui\u00e1ndote a trav\u00e9s del mismo proceso que la ayud\u00f3 a sanar. Con una combinaci\u00f3n de experiencias personales y ejercicios pr\u00e1cticos, este libro te mostrar\u00e1 c\u00f3mo la escritura puede convertirse en una herramienta poderosa para liberar emociones, comprenderte mejor y transformar tu vida.<br \/>\nA trav\u00e9s de ejercicios pr\u00e1cticos, historias reales y reflexiones profundamente humanas, este libro te guiar\u00e1 para liberar emociones atrapadas, soltar cargas que te pesan y reconectar contigo misma.<br \/>\nNo necesitas ser escritora ni buscar las palabras perfectas; solo necesitas honestidad, un bol\u00edgrafo y un papel.<br \/>\nEn estas p\u00e1ginas encontrar\u00e1s herramientas para:<br \/>\n\u2022 Explorar y comprender tus emociones m\u00e1s profundas.<br \/>\n\u2022 Dejar atr\u00e1s el dolor, el miedo y la culpa que cargas en tu coraz\u00f3n.<br \/>\n\u2022 Redescubrir tu fuerza interior y empezar a escribir una nueva historia para tu vida.<br \/>\nEscribir no es solo un acto creativo; es un acto de valent\u00eda y amor propio. Este libro est\u00e1 dise\u00f1ado para acompa\u00f1arte, paso a paso, hacia una transformaci\u00f3n emocional, d\u00e1ndote la confianza y el apoyo que necesitas para sanar.<\/p>\n","protected":false},"excerpt":{"rendered":"<p><b>ISBN: 9791370121617<\/b><\/p>\n<p class=\"p1\"><b>SINOPSIS<\/b><b><\/b><\/p>\n<p>\u00abCuando no sabes qu\u00e9 decir, el papel siempre est\u00e1 ah\u00ed para escucharte. Este libro te mostrar\u00e1 c\u00f3mo comenzar\u00bb.<br \/>\n\u00bfQu\u00e9 escribir para sanar? no es solo un libro; es un refugio donde las palabras se convierten en un puente hacia tu propia sanaci\u00f3n. A lo largo de cada cap\u00edtulo, la autora abre su coraz\u00f3n y comparte sus vivencias m\u00e1s profundas, gui\u00e1ndote a trav\u00e9s del mismo proceso que la ayud\u00f3 a sanar. Con una combinaci\u00f3n de experiencias personales y ejercicios pr\u00e1cticos, este libro te mostrar\u00e1 c\u00f3mo la escritura puede convertirse en una herramienta poderosa para liberar emociones, comprenderte mejor y transformar tu vida.<br \/>\nA trav\u00e9s de ejercicios pr\u00e1cticos, historias reales y reflexiones profundamente humanas, este libro te guiar\u00e1 para liberar emociones atrapadas, soltar cargas que te pesan y reconectar contigo misma.<br \/>\nNo necesitas ser escritora ni buscar las palabras perfectas; solo necesitas honestidad, un bol\u00edgrafo y un papel.<br \/>\nEn estas p\u00e1ginas encontrar\u00e1s herramientas para:<br \/>\n\u2022 Explorar y comprender tus emociones m\u00e1s profundas.<br \/>\n\u2022 Dejar atr\u00e1s el dolor, el miedo y la culpa que cargas en tu coraz\u00f3n.<br \/>\n\u2022 Redescubrir tu fuerza interior y empezar a escribir una nueva historia para tu vida.<br \/>\nEscribir no es solo un acto creativo; es un acto de valent\u00eda y amor propio. Este libro est\u00e1 dise\u00f1ado para acompa\u00f1arte, paso a paso, hacia una transformaci\u00f3n emocional, d\u00e1ndote la confianza y el apoyo que necesitas para sanar.<\/p>\n","protected":false},"featured_media":110052,"comment_status":"open","ping_status":"closed","template":"","meta":{"_acf_changed":false},"libro":[],"product_brand":[],"product_cat":[18],"product_tag":[],"class_list":{"0":"post-110048","1":"product","2":"type-product","3":"status-publish","4":"has-post-thumbnail","6":"product_cat-autoayuda","8":"first","9":"instock","10":"shipping-taxable","11":"product-type-simple"},"acf":{"autor":[110049],"enlace_de_compra":"https:\/\/www.amazon.es\/%C2%BFQu%C3%A9-escribir-para-sanar-Autoayuda\/dp\/B0G44DQHFQ\/ref=sr_1_1?__mk_es_ES=%C3%85M%C3%85%C5%BD%C3%95%C3%91&crid=1GX7ADQCJMAEX&dib=eyJ2IjoiMSJ9.hHRsiUFVlkoZbrm6As3wNQ.Fv_71kLIZxEugbke9yqPBnts4ocT8PIXhwPl3D9Lxpg&dib_tag=se&keywords=que+escribir+para+sanar+letrame&qid=1765801796&s=books&sprefix=qu%C3%A9+escribir+para+sanar+letrame%2Cstripbooks%2C63&sr=1-1"},"yoast_head":"<!-- This site is optimized with the Yoast SEO plugin v27.4 - https:\/\/yoast.com\/product\/yoast-seo-wordpress\/ -->\n<title>\u00bfQu\u00e9 escribir para sanar? - Catalogo | Letrame Grupo Editorial<\/title>\n<meta name=\"robots\" content=\"index, follow, max-snippet:-1, max-image-preview:large, max-video-preview:-1\" \/>\n<link rel=\"canonical\" href=\"https:\/\/letrame.com\/catalogo\/producto\/que-escribir-para-sanar\/\" \/>\n<meta property=\"og:locale\" content=\"es_ES\" \/>\n<meta property=\"og:type\" content=\"article\" \/>\n<meta property=\"og:title\" content=\"\u00bfQu\u00e9 escribir para sanar? - Catalogo | Letrame Grupo Editorial\" \/>\n<meta property=\"og:description\" content=\"ISBN: 9791370121617 SINOPSIS \u00abCuando no sabes qu\u00e9 decir, el papel siempre est\u00e1 ah\u00ed para escucharte. Este libro te mostrar\u00e1 c\u00f3mo comenzar\u00bb. \u00bfQu\u00e9 escribir para sanar? no es solo un libro; es un refugio donde las palabras se convierten en un puente hacia tu propia sanaci\u00f3n. A lo largo de cada cap\u00edtulo, la autora abre su coraz\u00f3n y comparte sus vivencias m\u00e1s profundas, gui\u00e1ndote a trav\u00e9s del mismo proceso que la ayud\u00f3 a sanar. Con una combinaci\u00f3n de experiencias personales y ejercicios pr\u00e1cticos, este libro te mostrar\u00e1 c\u00f3mo la escritura puede convertirse en una herramienta poderosa para liberar emociones, comprenderte mejor y transformar tu vida. A trav\u00e9s de ejercicios pr\u00e1cticos, historias reales y reflexiones profundamente humanas, este libro te guiar\u00e1 para liberar emociones atrapadas, soltar cargas que te pesan y reconectar contigo misma. No necesitas ser escritora ni buscar las palabras perfectas; solo necesitas honestidad, un bol\u00edgrafo y un papel. En estas p\u00e1ginas encontrar\u00e1s herramientas para: \u2022 Explorar y comprender tus emociones m\u00e1s profundas. \u2022 Dejar atr\u00e1s el dolor, el miedo y la culpa que cargas en tu coraz\u00f3n. \u2022 Redescubrir tu fuerza interior y empezar a escribir una nueva historia para tu vida. Escribir no es solo un acto creativo; es un acto de valent\u00eda y amor propio. Este libro est\u00e1 dise\u00f1ado para acompa\u00f1arte, paso a paso, hacia una transformaci\u00f3n emocional, d\u00e1ndote la confianza y el apoyo que necesitas para sanar.\" \/>\n<meta property=\"og:url\" content=\"https:\/\/letrame.com\/catalogo\/producto\/que-escribir-para-sanar\/\" \/>\n<meta property=\"og:site_name\" content=\"Catalogo | Letrame Grupo Editorial\" \/>\n<meta property=\"article:modified_time\" content=\"2025-12-15T12:41:54+00:00\" \/>\n<meta property=\"og:image\" content=\"https:\/\/letrame.com\/catalogo\/wp-content\/uploads\/2025\/12\/\u00bfqueescribirparasanar-_1271mm4.gif\" \/>\n\t<meta property=\"og:image:width\" content=\"354\" \/>\n\t<meta property=\"og:image:height\" content=\"520\" \/>\n\t<meta property=\"og:image:type\" content=\"image\/gif\" \/>\n<meta name=\"twitter:card\" content=\"summary_large_image\" \/>\n<meta name=\"twitter:label1\" content=\"Tiempo de lectura\" \/>\n\t<meta name=\"twitter:data1\" content=\"2 minutos\" \/>\n<script type=\"application\/ld+json\" class=\"yoast-schema-graph\">{\"@context\":\"https:\\\/\\\/schema.org\",\"@graph\":[{\"@type\":\"WebPage\",\"@id\":\"https:\\\/\\\/letrame.com\\\/catalogo\\\/producto\\\/que-escribir-para-sanar\\\/\",\"url\":\"https:\\\/\\\/letrame.com\\\/catalogo\\\/producto\\\/que-escribir-para-sanar\\\/\",\"name\":\"\u00bfQu\u00e9 escribir para sanar? - Catalogo | Letrame Grupo Editorial\",\"isPartOf\":{\"@id\":\"https:\\\/\\\/letrame.com\\\/catalogo\\\/#website\"},\"primaryImageOfPage\":{\"@id\":\"https:\\\/\\\/letrame.com\\\/catalogo\\\/producto\\\/que-escribir-para-sanar\\\/#primaryimage\"},\"image\":{\"@id\":\"https:\\\/\\\/letrame.com\\\/catalogo\\\/producto\\\/que-escribir-para-sanar\\\/#primaryimage\"},\"thumbnailUrl\":\"https:\\\/\\\/letrame.com\\\/catalogo\\\/wp-content\\\/uploads\\\/2025\\\/12\\\/\u00bfqueescribirparasanar-_1271mm4.gif\",\"datePublished\":\"2025-12-15T12:33:22+00:00\",\"dateModified\":\"2025-12-15T12:41:54+00:00\",\"breadcrumb\":{\"@id\":\"https:\\\/\\\/letrame.com\\\/catalogo\\\/producto\\\/que-escribir-para-sanar\\\/#breadcrumb\"},\"inLanguage\":\"es\",\"potentialAction\":[{\"@type\":\"ReadAction\",\"target\":[\"https:\\\/\\\/letrame.com\\\/catalogo\\\/producto\\\/que-escribir-para-sanar\\\/\"]}]},{\"@type\":\"ImageObject\",\"inLanguage\":\"es\",\"@id\":\"https:\\\/\\\/letrame.com\\\/catalogo\\\/producto\\\/que-escribir-para-sanar\\\/#primaryimage\",\"url\":\"https:\\\/\\\/letrame.com\\\/catalogo\\\/wp-content\\\/uploads\\\/2025\\\/12\\\/\u00bfqueescribirparasanar-_1271mm4.gif\",\"contentUrl\":\"https:\\\/\\\/letrame.com\\\/catalogo\\\/wp-content\\\/uploads\\\/2025\\\/12\\\/\u00bfqueescribirparasanar-_1271mm4.gif\",\"width\":354,\"height\":520},{\"@type\":\"BreadcrumbList\",\"@id\":\"https:\\\/\\\/letrame.com\\\/catalogo\\\/producto\\\/que-escribir-para-sanar\\\/#breadcrumb\",\"itemListElement\":[{\"@type\":\"ListItem\",\"position\":1,\"name\":\"Portada\",\"item\":\"https:\\\/\\\/letrame.com\\\/catalogo\\\/\"},{\"@type\":\"ListItem\",\"position\":2,\"name\":\"Cat\u00e1logo\",\"item\":\"https:\\\/\\\/letrame.com\\\/catalogo\\\/\"},{\"@type\":\"ListItem\",\"position\":3,\"name\":\"\u00bfQu\u00e9 escribir para sanar?\"}]},{\"@type\":\"WebSite\",\"@id\":\"https:\\\/\\\/letrame.com\\\/catalogo\\\/#website\",\"url\":\"https:\\\/\\\/letrame.com\\\/catalogo\\\/\",\"name\":\"Catalogo | Letrame Grupo Editorial\",\"description\":\"\",\"publisher\":{\"@id\":\"https:\\\/\\\/letrame.com\\\/catalogo\\\/#organization\"},\"potentialAction\":[{\"@type\":\"SearchAction\",\"target\":{\"@type\":\"EntryPoint\",\"urlTemplate\":\"https:\\\/\\\/letrame.com\\\/catalogo\\\/?s={search_term_string}\"},\"query-input\":{\"@type\":\"PropertyValueSpecification\",\"valueRequired\":true,\"valueName\":\"search_term_string\"}}],\"inLanguage\":\"es\"},{\"@type\":\"Organization\",\"@id\":\"https:\\\/\\\/letrame.com\\\/catalogo\\\/#organization\",\"name\":\"Catalogo | Letrame Grupo Editorial\",\"url\":\"https:\\\/\\\/letrame.com\\\/catalogo\\\/\",\"logo\":{\"@type\":\"ImageObject\",\"inLanguage\":\"es\",\"@id\":\"https:\\\/\\\/letrame.com\\\/catalogo\\\/#\\\/schema\\\/logo\\\/image\\\/\",\"url\":\"https:\\\/\\\/letrame.com\\\/catalogo\\\/wp-content\\\/uploads\\\/2024\\\/03\\\/logo2.webp\",\"contentUrl\":\"https:\\\/\\\/letrame.com\\\/catalogo\\\/wp-content\\\/uploads\\\/2024\\\/03\\\/logo2.webp\",\"width\":394,\"height\":128,\"caption\":\"Catalogo | Letrame Grupo Editorial\"},\"image\":{\"@id\":\"https:\\\/\\\/letrame.com\\\/catalogo\\\/#\\\/schema\\\/logo\\\/image\\\/\"}}]}<\/script>\n<!-- \/ Yoast SEO plugin. -->","yoast_head_json":{"title":"\u00bfQu\u00e9 escribir para sanar? - Catalogo | Letrame Grupo Editorial","robots":{"index":"index","follow":"follow","max-snippet":"max-snippet:-1","max-image-preview":"max-image-preview:large","max-video-preview":"max-video-preview:-1"},"canonical":"https:\/\/letrame.com\/catalogo\/producto\/que-escribir-para-sanar\/","og_locale":"es_ES","og_type":"article","og_title":"\u00bfQu\u00e9 escribir para sanar? - Catalogo | Letrame Grupo Editorial","og_description":"ISBN: 9791370121617 SINOPSIS \u00abCuando no sabes qu\u00e9 decir, el papel siempre est\u00e1 ah\u00ed para escucharte. Este libro te mostrar\u00e1 c\u00f3mo comenzar\u00bb. \u00bfQu\u00e9 escribir para sanar? no es solo un libro; es un refugio donde las palabras se convierten en un puente hacia tu propia sanaci\u00f3n. A lo largo de cada cap\u00edtulo, la autora abre su coraz\u00f3n y comparte sus vivencias m\u00e1s profundas, gui\u00e1ndote a trav\u00e9s del mismo proceso que la ayud\u00f3 a sanar. Con una combinaci\u00f3n de experiencias personales y ejercicios pr\u00e1cticos, este libro te mostrar\u00e1 c\u00f3mo la escritura puede convertirse en una herramienta poderosa para liberar emociones, comprenderte mejor y transformar tu vida. A trav\u00e9s de ejercicios pr\u00e1cticos, historias reales y reflexiones profundamente humanas, este libro te guiar\u00e1 para liberar emociones atrapadas, soltar cargas que te pesan y reconectar contigo misma. No necesitas ser escritora ni buscar las palabras perfectas; solo necesitas honestidad, un bol\u00edgrafo y un papel. En estas p\u00e1ginas encontrar\u00e1s herramientas para: \u2022 Explorar y comprender tus emociones m\u00e1s profundas. \u2022 Dejar atr\u00e1s el dolor, el miedo y la culpa que cargas en tu coraz\u00f3n. \u2022 Redescubrir tu fuerza interior y empezar a escribir una nueva historia para tu vida. Escribir no es solo un acto creativo; es un acto de valent\u00eda y amor propio. Este libro est\u00e1 dise\u00f1ado para acompa\u00f1arte, paso a paso, hacia una transformaci\u00f3n emocional, d\u00e1ndote la confianza y el apoyo que necesitas para sanar.","og_url":"https:\/\/letrame.com\/catalogo\/producto\/que-escribir-para-sanar\/","og_site_name":"Catalogo | Letrame Grupo Editorial","article_modified_time":"2025-12-15T12:41:54+00:00","og_image":[{"width":354,"height":520,"url":"https:\/\/letrame.com\/catalogo\/wp-content\/uploads\/2025\/12\/\u00bfqueescribirparasanar-_1271mm4.gif","type":"image\/gif"}],"twitter_card":"summary_large_image","twitter_misc":{"Tiempo de lectura":"2 minutos"},"schema":{"@context":"https:\/\/schema.org","@graph":[{"@type":"WebPage","@id":"https:\/\/letrame.com\/catalogo\/producto\/que-escribir-para-sanar\/","url":"https:\/\/letrame.com\/catalogo\/producto\/que-escribir-para-sanar\/","name":"\u00bfQu\u00e9 escribir para sanar? - Catalogo | Letrame Grupo Editorial","isPartOf":{"@id":"https:\/\/letrame.com\/catalogo\/#website"},"primaryImageOfPage":{"@id":"https:\/\/letrame.com\/catalogo\/producto\/que-escribir-para-sanar\/#primaryimage"},"image":{"@id":"https:\/\/letrame.com\/catalogo\/producto\/que-escribir-para-sanar\/#primaryimage"},"thumbnailUrl":"https:\/\/letrame.com\/catalogo\/wp-content\/uploads\/2025\/12\/\u00bfqueescribirparasanar-_1271mm4.gif","datePublished":"2025-12-15T12:33:22+00:00","dateModified":"2025-12-15T12:41:54+00:00","breadcrumb":{"@id":"https:\/\/letrame.com\/catalogo\/producto\/que-escribir-para-sanar\/#breadcrumb"},"inLanguage":"es","potentialAction":[{"@type":"ReadAction","target":["https:\/\/letrame.com\/catalogo\/producto\/que-escribir-para-sanar\/"]}]},{"@type":"ImageObject","inLanguage":"es","@id":"https:\/\/letrame.com\/catalogo\/producto\/que-escribir-para-sanar\/#primaryimage","url":"https:\/\/letrame.com\/catalogo\/wp-content\/uploads\/2025\/12\/\u00bfqueescribirparasanar-_1271mm4.gif","contentUrl":"https:\/\/letrame.com\/catalogo\/wp-content\/uploads\/2025\/12\/\u00bfqueescribirparasanar-_1271mm4.gif","width":354,"height":520},{"@type":"BreadcrumbList","@id":"https:\/\/letrame.com\/catalogo\/producto\/que-escribir-para-sanar\/#breadcrumb","itemListElement":[{"@type":"ListItem","position":1,"name":"Portada","item":"https:\/\/letrame.com\/catalogo\/"},{"@type":"ListItem","position":2,"name":"Cat\u00e1logo","item":"https:\/\/letrame.com\/catalogo\/"},{"@type":"ListItem","position":3,"name":"\u00bfQu\u00e9 escribir para sanar?"}]},{"@type":"WebSite","@id":"https:\/\/letrame.com\/catalogo\/#website","url":"https:\/\/letrame.com\/catalogo\/","name":"Catalogo | Letrame Grupo Editorial","description":"","publisher":{"@id":"https:\/\/letrame.com\/catalogo\/#organization"},"potentialAction":[{"@type":"SearchAction","target":{"@type":"EntryPoint","urlTemplate":"https:\/\/letrame.com\/catalogo\/?s={search_term_string}"},"query-input":{"@type":"PropertyValueSpecification","valueRequired":true,"valueName":"search_term_string"}}],"inLanguage":"es"},{"@type":"Organization","@id":"https:\/\/letrame.com\/catalogo\/#organization","name":"Catalogo | Letrame Grupo Editorial","url":"https:\/\/letrame.com\/catalogo\/","logo":{"@type":"ImageObject","inLanguage":"es","@id":"https:\/\/letrame.com\/catalogo\/#\/schema\/logo\/image\/","url":"https:\/\/letrame.com\/catalogo\/wp-content\/uploads\/2024\/03\/logo2.webp","contentUrl":"https:\/\/letrame.com\/catalogo\/wp-content\/uploads\/2024\/03\/logo2.webp","width":394,"height":128,"caption":"Catalogo | Letrame Grupo Editorial"},"image":{"@id":"https:\/\/letrame.com\/catalogo\/#\/schema\/logo\/image\/"}}]}},"_links":{"self":[{"href":"https:\/\/letrame.com\/catalogo\/wp-json\/wp\/v2\/product\/110048","targetHints":{"allow":["GET"]}}],"collection":[{"href":"https:\/\/letrame.com\/catalogo\/wp-json\/wp\/v2\/product"}],"about":[{"href":"https:\/\/letrame.com\/catalogo\/wp-json\/wp\/v2\/types\/product"}],"replies":[{"embeddable":true,"href":"https:\/\/letrame.com\/catalogo\/wp-json\/wp\/v2\/comments?post=110048"}],"acf:post":[{"embeddable":true,"href":"https:\/\/letrame.com\/catalogo\/wp-json\/wp\/v2\/author_book\/110049"}],"wp:featuredmedia":[{"embeddable":true,"href":"https:\/\/letrame.com\/catalogo\/wp-json\/wp\/v2\/media\/110052"}],"wp:attachment":[{"href":"https:\/\/letrame.com\/catalogo\/wp-json\/wp\/v2\/media?parent=110048"}],"wp:term":[{"taxonomy":"libro","embeddable":true,"href":"https:\/\/letrame.com\/catalogo\/wp-json\/wp\/v2\/libro?post=110048"},{"taxonomy":"product_brand","embeddable":true,"href":"https:\/\/letrame.com\/catalogo\/wp-json\/wp\/v2\/product_brand?post=110048"},{"taxonomy":"product_cat","embeddable":true,"href":"https:\/\/letrame.com\/catalogo\/wp-json\/wp\/v2\/product_cat?post=110048"},{"taxonomy":"product_tag","embeddable":true,"href":"https:\/\/letrame.com\/catalogo\/wp-json\/wp\/v2\/product_tag?post=110048"}],"curies":[{"name":"wp","href":"https:\/\/api.w.org\/{rel}","templated":true}]}}