{"id":109993,"date":"2025-12-11T14:05:38","date_gmt":"2025-12-11T13:05:38","guid":{"rendered":"https:\/\/letrame.com\/catalogo\/?post_type=product&#038;p=109993"},"modified":"2025-12-11T14:07:39","modified_gmt":"2025-12-11T13:07:39","slug":"metamorfosis-2","status":"publish","type":"product","link":"https:\/\/letrame.com\/catalogo\/producto\/metamorfosis-2\/","title":{"rendered":"Metamorfosis"},"content":{"rendered":"<p class=\"p1\"><b>ISBN: 9791370293321<\/b><b><\/b><\/p>\n<p class=\"p1\"><b>T\u00edtulo: Metamorfosis<\/b><b><\/b><\/p>\n<p class=\"p1\"><b>Fecha: 2025<\/b><b><\/b><\/p>\n<p class=\"p1\"><b>P\u00e1ginas: 84<\/b><b><\/b><\/p>\n<p class=\"p1\"><b>SINOPSIS<\/b><b><\/b><\/p>\n<p>Metamorfosis es el testimonio real y conmovedor de Carmen<br \/>\nGil S\u00e1nchez. Una mujer que ha hecho de la enfermedad, la p\u00e9rdida y el dolor un canto a la vida y a la esperanza. Desde su infancia marcada por la insuficiencia renal cr\u00f3nica, Carmen ha transitado por hospitales, trasplantes, sesiones de hemodi\u00e1lisis y quir\u00f3fanos. Pero su historia va mucho m\u00e1s all\u00e1 del \u00e1mbito m\u00e9dico: es la cr\u00f3nica de una lucha interior, de una b\u00fasqueda constante de amor, aceptaci\u00f3n y sentido.<br \/>\nCon una prosa sincera y luminosa, la autora nos conduce por su viaje vital: desde la ni\u00f1ez herida por el rechazo y el bullying, pasando por la adolescencia rota, el abuso emocional y la culpa, hasta llegar al renacimiento personal que la llev\u00f3 a reencontrarse con el amor, la maternidad y la paz.<br \/>\nCada p\u00e1gina de Metamorfosis es un recordatorio de que las cicatrices no son un signo de debilidad, sino de resistencia. Es una historia sobre c\u00f3mo aprender a vivir conectada a una m\u00e1quina, pero libre de miedos; sobre c\u00f3mo el amor -en todas sus formas\u2014 puede sanar incluso las heridas m\u00e1s profundas.<br \/>\nCarmen nos regala un relato \u00edntimo, valiente y profundamente humano que inspirar\u00e1 a todo aquel que haya sentido que la vida le arrebataba el aire. Porque, como demuestra en estas p\u00e1ginas, la verdadera metamorfosis ocurre cuando decidimos<br \/>\nvolver a vivir.<\/p>\n","protected":false},"excerpt":{"rendered":"<p><b>ISBN: 9791370293321<\/b><\/p>\n<p class=\"p1\"><b>SINOPSIS<\/b><b><\/b><\/p>\n<p>Metamorfosis es el testimonio real y conmovedor de Carmen<br \/>\nGil S\u00e1nchez. Una mujer que ha hecho de la enfermedad, la p\u00e9rdida y el dolor un canto a la vida y a la esperanza. Desde su infancia marcada por la insuficiencia renal cr\u00f3nica, Carmen ha transitado por hospitales, trasplantes, sesiones de hemodi\u00e1lisis y quir\u00f3fanos. Pero su historia va mucho m\u00e1s all\u00e1 del \u00e1mbito m\u00e9dico: es la cr\u00f3nica de una lucha interior, de una b\u00fasqueda constante de amor, aceptaci\u00f3n y sentido.<br \/>\nCon una prosa sincera y luminosa, la autora nos conduce por su viaje vital: desde la ni\u00f1ez herida por el rechazo y el bullying, pasando por la adolescencia rota, el abuso emocional y la culpa, hasta llegar al renacimiento personal que la llev\u00f3 a reencontrarse con el amor, la maternidad y la paz.<br \/>\nCada p\u00e1gina de Metamorfosis es un recordatorio de que las cicatrices no son un signo de debilidad, sino de resistencia. Es una historia sobre c\u00f3mo aprender a vivir conectada a una m\u00e1quina, pero libre de miedos; sobre c\u00f3mo el amor -en todas sus formas\u2014 puede sanar incluso las heridas m\u00e1s profundas.<br \/>\nCarmen nos regala un relato \u00edntimo, valiente y profundamente humano que inspirar\u00e1 a todo aquel que haya sentido que la vida le arrebataba el aire. Porque, como demuestra en estas p\u00e1ginas, la verdadera metamorfosis ocurre cuando decidimos<br \/>\nvolver a vivir.<\/p>\n","protected":false},"featured_media":109994,"comment_status":"open","ping_status":"closed","template":"","meta":{"_acf_changed":false},"libro":[],"product_brand":[],"product_cat":[102],"product_tag":[],"class_list":{"0":"post-109993","1":"product","2":"type-product","3":"status-publish","4":"has-post-thumbnail","6":"product_cat-biografia","8":"first","9":"instock","10":"shipping-taxable","11":"product-type-simple"},"acf":{"autor":[109995],"enlace_de_compra":"https:\/\/www.amazon.es\/Metamorfosis-Biograf%C3%ADa-Carmen-Gema-S%C3%A1nchez\/dp\/B0G4FN6CSK\/ref=sr_1_1?__mk_es_ES=%C3%85M%C3%85%C5%BD%C3%95%C3%91&crid=26EGD8XAP05Z8&dib=eyJ2IjoiMSJ9.dpukNJ696VkxITDY8rB2ZdEZtNUalm_tkR5GzDERATs.GRwVopKLoYU-TPwD3Gh9m63UwSeOg317GRezX45VXNQ&dib_tag=se&keywords=metamorfosis+letrame&qid=1765458075&s=books&sprefix=metamorfosis+letrame%2Cstripbooks%2C62&sr=1-1"},"yoast_head":"<!-- This site is optimized with the Yoast SEO plugin v27.4 - https:\/\/yoast.com\/product\/yoast-seo-wordpress\/ -->\n<title>Metamorfosis - Catalogo | Letrame Grupo Editorial<\/title>\n<meta name=\"robots\" content=\"index, follow, max-snippet:-1, max-image-preview:large, max-video-preview:-1\" \/>\n<link rel=\"canonical\" href=\"https:\/\/letrame.com\/catalogo\/producto\/metamorfosis-2\/\" \/>\n<meta property=\"og:locale\" content=\"es_ES\" \/>\n<meta property=\"og:type\" content=\"article\" \/>\n<meta property=\"og:title\" content=\"Metamorfosis - Catalogo | Letrame Grupo Editorial\" \/>\n<meta property=\"og:description\" content=\"ISBN: 9791370293321 SINOPSIS Metamorfosis es el testimonio real y conmovedor de Carmen Gil S\u00e1nchez. Una mujer que ha hecho de la enfermedad, la p\u00e9rdida y el dolor un canto a la vida y a la esperanza. Desde su infancia marcada por la insuficiencia renal cr\u00f3nica, Carmen ha transitado por hospitales, trasplantes, sesiones de hemodi\u00e1lisis y quir\u00f3fanos. Pero su historia va mucho m\u00e1s all\u00e1 del \u00e1mbito m\u00e9dico: es la cr\u00f3nica de una lucha interior, de una b\u00fasqueda constante de amor, aceptaci\u00f3n y sentido. Con una prosa sincera y luminosa, la autora nos conduce por su viaje vital: desde la ni\u00f1ez herida por el rechazo y el bullying, pasando por la adolescencia rota, el abuso emocional y la culpa, hasta llegar al renacimiento personal que la llev\u00f3 a reencontrarse con el amor, la maternidad y la paz. Cada p\u00e1gina de Metamorfosis es un recordatorio de que las cicatrices no son un signo de debilidad, sino de resistencia. Es una historia sobre c\u00f3mo aprender a vivir conectada a una m\u00e1quina, pero libre de miedos; sobre c\u00f3mo el amor -en todas sus formas\u2014 puede sanar incluso las heridas m\u00e1s profundas. Carmen nos regala un relato \u00edntimo, valiente y profundamente humano que inspirar\u00e1 a todo aquel que haya sentido que la vida le arrebataba el aire. Porque, como demuestra en estas p\u00e1ginas, la verdadera metamorfosis ocurre cuando decidimos volver a vivir.\" \/>\n<meta property=\"og:url\" content=\"https:\/\/letrame.com\/catalogo\/producto\/metamorfosis-2\/\" \/>\n<meta property=\"og:site_name\" content=\"Catalogo | Letrame Grupo Editorial\" \/>\n<meta property=\"article:modified_time\" content=\"2025-12-11T13:07:39+00:00\" \/>\n<meta property=\"og:image\" content=\"https:\/\/letrame.com\/catalogo\/wp-content\/uploads\/2025\/12\/metamorfosis_495mm4.gif\" \/>\n\t<meta property=\"og:image:width\" content=\"386\" \/>\n\t<meta property=\"og:image:height\" content=\"540\" \/>\n\t<meta property=\"og:image:type\" content=\"image\/gif\" \/>\n<meta name=\"twitter:card\" content=\"summary_large_image\" \/>\n<meta name=\"twitter:label1\" content=\"Tiempo de lectura\" \/>\n\t<meta name=\"twitter:data1\" content=\"2 minutos\" \/>\n<script type=\"application\/ld+json\" class=\"yoast-schema-graph\">{\"@context\":\"https:\\\/\\\/schema.org\",\"@graph\":[{\"@type\":\"WebPage\",\"@id\":\"https:\\\/\\\/letrame.com\\\/catalogo\\\/producto\\\/metamorfosis-2\\\/\",\"url\":\"https:\\\/\\\/letrame.com\\\/catalogo\\\/producto\\\/metamorfosis-2\\\/\",\"name\":\"Metamorfosis - Catalogo | Letrame Grupo Editorial\",\"isPartOf\":{\"@id\":\"https:\\\/\\\/letrame.com\\\/catalogo\\\/#website\"},\"primaryImageOfPage\":{\"@id\":\"https:\\\/\\\/letrame.com\\\/catalogo\\\/producto\\\/metamorfosis-2\\\/#primaryimage\"},\"image\":{\"@id\":\"https:\\\/\\\/letrame.com\\\/catalogo\\\/producto\\\/metamorfosis-2\\\/#primaryimage\"},\"thumbnailUrl\":\"https:\\\/\\\/letrame.com\\\/catalogo\\\/wp-content\\\/uploads\\\/2025\\\/12\\\/metamorfosis_495mm4.gif\",\"datePublished\":\"2025-12-11T13:05:38+00:00\",\"dateModified\":\"2025-12-11T13:07:39+00:00\",\"breadcrumb\":{\"@id\":\"https:\\\/\\\/letrame.com\\\/catalogo\\\/producto\\\/metamorfosis-2\\\/#breadcrumb\"},\"inLanguage\":\"es\",\"potentialAction\":[{\"@type\":\"ReadAction\",\"target\":[\"https:\\\/\\\/letrame.com\\\/catalogo\\\/producto\\\/metamorfosis-2\\\/\"]}]},{\"@type\":\"ImageObject\",\"inLanguage\":\"es\",\"@id\":\"https:\\\/\\\/letrame.com\\\/catalogo\\\/producto\\\/metamorfosis-2\\\/#primaryimage\",\"url\":\"https:\\\/\\\/letrame.com\\\/catalogo\\\/wp-content\\\/uploads\\\/2025\\\/12\\\/metamorfosis_495mm4.gif\",\"contentUrl\":\"https:\\\/\\\/letrame.com\\\/catalogo\\\/wp-content\\\/uploads\\\/2025\\\/12\\\/metamorfosis_495mm4.gif\",\"width\":386,\"height\":540},{\"@type\":\"BreadcrumbList\",\"@id\":\"https:\\\/\\\/letrame.com\\\/catalogo\\\/producto\\\/metamorfosis-2\\\/#breadcrumb\",\"itemListElement\":[{\"@type\":\"ListItem\",\"position\":1,\"name\":\"Portada\",\"item\":\"https:\\\/\\\/letrame.com\\\/catalogo\\\/\"},{\"@type\":\"ListItem\",\"position\":2,\"name\":\"Cat\u00e1logo\",\"item\":\"https:\\\/\\\/letrame.com\\\/catalogo\\\/\"},{\"@type\":\"ListItem\",\"position\":3,\"name\":\"Metamorfosis\"}]},{\"@type\":\"WebSite\",\"@id\":\"https:\\\/\\\/letrame.com\\\/catalogo\\\/#website\",\"url\":\"https:\\\/\\\/letrame.com\\\/catalogo\\\/\",\"name\":\"Catalogo | Letrame Grupo Editorial\",\"description\":\"\",\"publisher\":{\"@id\":\"https:\\\/\\\/letrame.com\\\/catalogo\\\/#organization\"},\"potentialAction\":[{\"@type\":\"SearchAction\",\"target\":{\"@type\":\"EntryPoint\",\"urlTemplate\":\"https:\\\/\\\/letrame.com\\\/catalogo\\\/?s={search_term_string}\"},\"query-input\":{\"@type\":\"PropertyValueSpecification\",\"valueRequired\":true,\"valueName\":\"search_term_string\"}}],\"inLanguage\":\"es\"},{\"@type\":\"Organization\",\"@id\":\"https:\\\/\\\/letrame.com\\\/catalogo\\\/#organization\",\"name\":\"Catalogo | Letrame Grupo Editorial\",\"url\":\"https:\\\/\\\/letrame.com\\\/catalogo\\\/\",\"logo\":{\"@type\":\"ImageObject\",\"inLanguage\":\"es\",\"@id\":\"https:\\\/\\\/letrame.com\\\/catalogo\\\/#\\\/schema\\\/logo\\\/image\\\/\",\"url\":\"https:\\\/\\\/letrame.com\\\/catalogo\\\/wp-content\\\/uploads\\\/2024\\\/03\\\/logo2.webp\",\"contentUrl\":\"https:\\\/\\\/letrame.com\\\/catalogo\\\/wp-content\\\/uploads\\\/2024\\\/03\\\/logo2.webp\",\"width\":394,\"height\":128,\"caption\":\"Catalogo | Letrame Grupo Editorial\"},\"image\":{\"@id\":\"https:\\\/\\\/letrame.com\\\/catalogo\\\/#\\\/schema\\\/logo\\\/image\\\/\"}}]}<\/script>\n<!-- \/ Yoast SEO plugin. -->","yoast_head_json":{"title":"Metamorfosis - Catalogo | Letrame Grupo Editorial","robots":{"index":"index","follow":"follow","max-snippet":"max-snippet:-1","max-image-preview":"max-image-preview:large","max-video-preview":"max-video-preview:-1"},"canonical":"https:\/\/letrame.com\/catalogo\/producto\/metamorfosis-2\/","og_locale":"es_ES","og_type":"article","og_title":"Metamorfosis - Catalogo | Letrame Grupo Editorial","og_description":"ISBN: 9791370293321 SINOPSIS Metamorfosis es el testimonio real y conmovedor de Carmen Gil S\u00e1nchez. Una mujer que ha hecho de la enfermedad, la p\u00e9rdida y el dolor un canto a la vida y a la esperanza. Desde su infancia marcada por la insuficiencia renal cr\u00f3nica, Carmen ha transitado por hospitales, trasplantes, sesiones de hemodi\u00e1lisis y quir\u00f3fanos. Pero su historia va mucho m\u00e1s all\u00e1 del \u00e1mbito m\u00e9dico: es la cr\u00f3nica de una lucha interior, de una b\u00fasqueda constante de amor, aceptaci\u00f3n y sentido. Con una prosa sincera y luminosa, la autora nos conduce por su viaje vital: desde la ni\u00f1ez herida por el rechazo y el bullying, pasando por la adolescencia rota, el abuso emocional y la culpa, hasta llegar al renacimiento personal que la llev\u00f3 a reencontrarse con el amor, la maternidad y la paz. Cada p\u00e1gina de Metamorfosis es un recordatorio de que las cicatrices no son un signo de debilidad, sino de resistencia. Es una historia sobre c\u00f3mo aprender a vivir conectada a una m\u00e1quina, pero libre de miedos; sobre c\u00f3mo el amor -en todas sus formas\u2014 puede sanar incluso las heridas m\u00e1s profundas. Carmen nos regala un relato \u00edntimo, valiente y profundamente humano que inspirar\u00e1 a todo aquel que haya sentido que la vida le arrebataba el aire. Porque, como demuestra en estas p\u00e1ginas, la verdadera metamorfosis ocurre cuando decidimos volver a vivir.","og_url":"https:\/\/letrame.com\/catalogo\/producto\/metamorfosis-2\/","og_site_name":"Catalogo | Letrame Grupo Editorial","article_modified_time":"2025-12-11T13:07:39+00:00","og_image":[{"width":386,"height":540,"url":"https:\/\/letrame.com\/catalogo\/wp-content\/uploads\/2025\/12\/metamorfosis_495mm4.gif","type":"image\/gif"}],"twitter_card":"summary_large_image","twitter_misc":{"Tiempo de lectura":"2 minutos"},"schema":{"@context":"https:\/\/schema.org","@graph":[{"@type":"WebPage","@id":"https:\/\/letrame.com\/catalogo\/producto\/metamorfosis-2\/","url":"https:\/\/letrame.com\/catalogo\/producto\/metamorfosis-2\/","name":"Metamorfosis - Catalogo | Letrame Grupo Editorial","isPartOf":{"@id":"https:\/\/letrame.com\/catalogo\/#website"},"primaryImageOfPage":{"@id":"https:\/\/letrame.com\/catalogo\/producto\/metamorfosis-2\/#primaryimage"},"image":{"@id":"https:\/\/letrame.com\/catalogo\/producto\/metamorfosis-2\/#primaryimage"},"thumbnailUrl":"https:\/\/letrame.com\/catalogo\/wp-content\/uploads\/2025\/12\/metamorfosis_495mm4.gif","datePublished":"2025-12-11T13:05:38+00:00","dateModified":"2025-12-11T13:07:39+00:00","breadcrumb":{"@id":"https:\/\/letrame.com\/catalogo\/producto\/metamorfosis-2\/#breadcrumb"},"inLanguage":"es","potentialAction":[{"@type":"ReadAction","target":["https:\/\/letrame.com\/catalogo\/producto\/metamorfosis-2\/"]}]},{"@type":"ImageObject","inLanguage":"es","@id":"https:\/\/letrame.com\/catalogo\/producto\/metamorfosis-2\/#primaryimage","url":"https:\/\/letrame.com\/catalogo\/wp-content\/uploads\/2025\/12\/metamorfosis_495mm4.gif","contentUrl":"https:\/\/letrame.com\/catalogo\/wp-content\/uploads\/2025\/12\/metamorfosis_495mm4.gif","width":386,"height":540},{"@type":"BreadcrumbList","@id":"https:\/\/letrame.com\/catalogo\/producto\/metamorfosis-2\/#breadcrumb","itemListElement":[{"@type":"ListItem","position":1,"name":"Portada","item":"https:\/\/letrame.com\/catalogo\/"},{"@type":"ListItem","position":2,"name":"Cat\u00e1logo","item":"https:\/\/letrame.com\/catalogo\/"},{"@type":"ListItem","position":3,"name":"Metamorfosis"}]},{"@type":"WebSite","@id":"https:\/\/letrame.com\/catalogo\/#website","url":"https:\/\/letrame.com\/catalogo\/","name":"Catalogo | Letrame Grupo Editorial","description":"","publisher":{"@id":"https:\/\/letrame.com\/catalogo\/#organization"},"potentialAction":[{"@type":"SearchAction","target":{"@type":"EntryPoint","urlTemplate":"https:\/\/letrame.com\/catalogo\/?s={search_term_string}"},"query-input":{"@type":"PropertyValueSpecification","valueRequired":true,"valueName":"search_term_string"}}],"inLanguage":"es"},{"@type":"Organization","@id":"https:\/\/letrame.com\/catalogo\/#organization","name":"Catalogo | Letrame Grupo Editorial","url":"https:\/\/letrame.com\/catalogo\/","logo":{"@type":"ImageObject","inLanguage":"es","@id":"https:\/\/letrame.com\/catalogo\/#\/schema\/logo\/image\/","url":"https:\/\/letrame.com\/catalogo\/wp-content\/uploads\/2024\/03\/logo2.webp","contentUrl":"https:\/\/letrame.com\/catalogo\/wp-content\/uploads\/2024\/03\/logo2.webp","width":394,"height":128,"caption":"Catalogo | Letrame Grupo Editorial"},"image":{"@id":"https:\/\/letrame.com\/catalogo\/#\/schema\/logo\/image\/"}}]}},"_links":{"self":[{"href":"https:\/\/letrame.com\/catalogo\/wp-json\/wp\/v2\/product\/109993","targetHints":{"allow":["GET"]}}],"collection":[{"href":"https:\/\/letrame.com\/catalogo\/wp-json\/wp\/v2\/product"}],"about":[{"href":"https:\/\/letrame.com\/catalogo\/wp-json\/wp\/v2\/types\/product"}],"replies":[{"embeddable":true,"href":"https:\/\/letrame.com\/catalogo\/wp-json\/wp\/v2\/comments?post=109993"}],"acf:post":[{"embeddable":true,"href":"https:\/\/letrame.com\/catalogo\/wp-json\/wp\/v2\/author_book\/109995"}],"wp:featuredmedia":[{"embeddable":true,"href":"https:\/\/letrame.com\/catalogo\/wp-json\/wp\/v2\/media\/109994"}],"wp:attachment":[{"href":"https:\/\/letrame.com\/catalogo\/wp-json\/wp\/v2\/media?parent=109993"}],"wp:term":[{"taxonomy":"libro","embeddable":true,"href":"https:\/\/letrame.com\/catalogo\/wp-json\/wp\/v2\/libro?post=109993"},{"taxonomy":"product_brand","embeddable":true,"href":"https:\/\/letrame.com\/catalogo\/wp-json\/wp\/v2\/product_brand?post=109993"},{"taxonomy":"product_cat","embeddable":true,"href":"https:\/\/letrame.com\/catalogo\/wp-json\/wp\/v2\/product_cat?post=109993"},{"taxonomy":"product_tag","embeddable":true,"href":"https:\/\/letrame.com\/catalogo\/wp-json\/wp\/v2\/product_tag?post=109993"}],"curies":[{"name":"wp","href":"https:\/\/api.w.org\/{rel}","templated":true}]}}