{"id":109978,"date":"2025-12-11T13:22:57","date_gmt":"2025-12-11T12:22:57","guid":{"rendered":"https:\/\/letrame.com\/catalogo\/?post_type=product&#038;p=109978"},"modified":"2025-12-11T13:26:27","modified_gmt":"2025-12-11T12:26:27","slug":"antes-de-conocerte","status":"publish","type":"product","link":"https:\/\/letrame.com\/catalogo\/producto\/antes-de-conocerte\/","title":{"rendered":"Antes de conocerte"},"content":{"rendered":"<p class=\"p1\"><b>ISBN: 9791370290207<\/b><b><\/b><\/p>\n<p class=\"p1\"><b>T\u00edtulo: Antes de conocerte<\/b><b><\/b><\/p>\n<p class=\"p1\"><b>Fecha: 2025<\/b><b><\/b><\/p>\n<p class=\"p1\"><b>P\u00e1ginas: 544<\/b><b><\/b><\/p>\n<p class=\"p1\"><b>SINOPSIS<\/b><b><\/b><\/p>\n<p>\u00c1ngela so\u00f1aba con estudiar en un conservatorio de m\u00fasica, pero la vida se encarg\u00f3 de romper sus planes: enfermedad, decepciones y una ciudad desconocida la obligaron a empezar de nuevo. Poco a poco fue recomponiendo sus pedazos&#8230; hasta que conoci\u00f3 a Carl.<br \/>\nCarl es todo lo que siempre imagin\u00f3: brillante, apasionado, el compa\u00f1ero perfecto para vivir miles de primeras veces. Juntos viajan, comparten escenarios y rozan el sue\u00f1o de una vida extraordinaria.<br \/>\nPero pronto \u00c1ngela descubre que Carl guarda una oscuridad que lo consume, que puede hacerla sentir el cielo en un instante&#8230; y arrojarla al infierno al siguiente.<br \/>\nAhora \u00c1ngela debe decidir si luchar por \u00e9l o salvarse a s\u00ed misma.<br \/>\n\u00bfValdr\u00eda la pena darlo todo por esa persona que te hace sentir en el cielo y en el infierno al mismo tiempo?<br \/>\nAntes de conocerte es una historia sobre amor y dependencia, sobre la belleza y el peligro de entregarse por completo a alguien, y sobre el l\u00edmite entre salvar a quien amas&#8230; o perderte con \u00e9l.<\/p>\n","protected":false},"excerpt":{"rendered":"<p><b>ISBN: 9791370290207<\/b><\/p>\n<p class=\"p1\"><b>SINOPSIS<\/b><b><\/b><\/p>\n<p>\u00c1ngela so\u00f1aba con estudiar en un conservatorio de m\u00fasica, pero la vida se encarg\u00f3 de romper sus planes: enfermedad, decepciones y una ciudad desconocida la obligaron a empezar de nuevo. Poco a poco fue recomponiendo sus pedazos&#8230; hasta que conoci\u00f3 a Carl.<br \/>\nCarl es todo lo que siempre imagin\u00f3: brillante, apasionado, el compa\u00f1ero perfecto para vivir miles de primeras veces. Juntos viajan, comparten escenarios y rozan el sue\u00f1o de una vida extraordinaria.<br \/>\nPero pronto \u00c1ngela descubre que Carl guarda una oscuridad que lo consume, que puede hacerla sentir el cielo en un instante&#8230; y arrojarla al infierno al siguiente.<br \/>\nAhora \u00c1ngela debe decidir si luchar por \u00e9l o salvarse a s\u00ed misma.<br \/>\n\u00bfValdr\u00eda la pena darlo todo por esa persona que te hace sentir en el cielo y en el infierno al mismo tiempo?<br \/>\nAntes de conocerte es una historia sobre amor y dependencia, sobre la belleza y el peligro de entregarse por completo a alguien, y sobre el l\u00edmite entre salvar a quien amas&#8230; o perderte con \u00e9l.<\/p>\n","protected":false},"featured_media":109979,"comment_status":"open","ping_status":"closed","template":"","meta":{"_acf_changed":false},"libro":[],"product_brand":[],"product_cat":[50],"product_tag":[],"class_list":{"0":"post-109978","1":"product","2":"type-product","3":"status-publish","4":"has-post-thumbnail","6":"product_cat-novela-romantica","8":"first","9":"instock","10":"shipping-taxable","11":"product-type-simple"},"acf":{"autor":[109980],"enlace_de_compra":"https:\/\/www.amazon.es\/Antes-conocerte-Rom%C3%A1ntica-Salvador-Barranco\/dp\/B0G2CKRG8T\/ref=sr_1_1?__mk_es_ES=%C3%85M%C3%85%C5%BD%C3%95%C3%91&crid=8J7QMZR6JM9M&dib=eyJ2IjoiMSJ9.gref6REnvK_gEq8EPDs7ZQ.0tGOqdZv5D71snk30MihEvlV_ZPSoTxDsFtzxi2TT28&dib_tag=se&keywords=antes+de+conocerte+letrame&qid=1765455528&s=books&sprefix=antes+de+conocerte+letrame%2Cstripbooks%2C55&sr=1-1"},"yoast_head":"<!-- This site is optimized with the Yoast SEO plugin v26.6 - https:\/\/yoast.com\/wordpress\/plugins\/seo\/ -->\n<title>Antes de conocerte - Catalogo | Letrame Grupo Editorial<\/title>\n<meta name=\"robots\" content=\"index, follow, max-snippet:-1, max-image-preview:large, max-video-preview:-1\" \/>\n<link rel=\"canonical\" href=\"https:\/\/letrame.com\/catalogo\/producto\/antes-de-conocerte\/\" \/>\n<meta property=\"og:locale\" content=\"es_ES\" \/>\n<meta property=\"og:type\" content=\"article\" \/>\n<meta property=\"og:title\" content=\"Antes de conocerte - Catalogo | Letrame Grupo Editorial\" \/>\n<meta property=\"og:description\" content=\"ISBN: 9791370290207 SINOPSIS \u00c1ngela so\u00f1aba con estudiar en un conservatorio de m\u00fasica, pero la vida se encarg\u00f3 de romper sus planes: enfermedad, decepciones y una ciudad desconocida la obligaron a empezar de nuevo. Poco a poco fue recomponiendo sus pedazos... hasta que conoci\u00f3 a Carl. Carl es todo lo que siempre imagin\u00f3: brillante, apasionado, el compa\u00f1ero perfecto para vivir miles de primeras veces. Juntos viajan, comparten escenarios y rozan el sue\u00f1o de una vida extraordinaria. Pero pronto \u00c1ngela descubre que Carl guarda una oscuridad que lo consume, que puede hacerla sentir el cielo en un instante... y arrojarla al infierno al siguiente. Ahora \u00c1ngela debe decidir si luchar por \u00e9l o salvarse a s\u00ed misma. \u00bfValdr\u00eda la pena darlo todo por esa persona que te hace sentir en el cielo y en el infierno al mismo tiempo? Antes de conocerte es una historia sobre amor y dependencia, sobre la belleza y el peligro de entregarse por completo a alguien, y sobre el l\u00edmite entre salvar a quien amas... o perderte con \u00e9l.\" \/>\n<meta property=\"og:url\" content=\"https:\/\/letrame.com\/catalogo\/producto\/antes-de-conocerte\/\" \/>\n<meta property=\"og:site_name\" content=\"Catalogo | Letrame Grupo Editorial\" \/>\n<meta property=\"article:modified_time\" content=\"2025-12-11T12:26:27+00:00\" \/>\n<meta property=\"og:image\" content=\"https:\/\/letrame.com\/catalogo\/wp-content\/uploads\/2025\/12\/antesdeconocerte_2616mm4.gif\" \/>\n\t<meta property=\"og:image:width\" content=\"402\" \/>\n\t<meta property=\"og:image:height\" content=\"567\" \/>\n\t<meta property=\"og:image:type\" content=\"image\/gif\" \/>\n<meta name=\"twitter:card\" content=\"summary_large_image\" \/>\n<meta name=\"twitter:label1\" content=\"Tiempo de lectura\" \/>\n\t<meta name=\"twitter:data1\" content=\"2 minutos\" \/>\n<script type=\"application\/ld+json\" class=\"yoast-schema-graph\">{\"@context\":\"https:\/\/schema.org\",\"@graph\":[{\"@type\":\"WebPage\",\"@id\":\"https:\/\/letrame.com\/catalogo\/producto\/antes-de-conocerte\/\",\"url\":\"https:\/\/letrame.com\/catalogo\/producto\/antes-de-conocerte\/\",\"name\":\"Antes de conocerte - Catalogo | Letrame Grupo Editorial\",\"isPartOf\":{\"@id\":\"https:\/\/letrame.com\/catalogo\/#website\"},\"primaryImageOfPage\":{\"@id\":\"https:\/\/letrame.com\/catalogo\/producto\/antes-de-conocerte\/#primaryimage\"},\"image\":{\"@id\":\"https:\/\/letrame.com\/catalogo\/producto\/antes-de-conocerte\/#primaryimage\"},\"thumbnailUrl\":\"https:\/\/letrame.com\/catalogo\/wp-content\/uploads\/2025\/12\/antesdeconocerte_2616mm4.gif\",\"datePublished\":\"2025-12-11T12:22:57+00:00\",\"dateModified\":\"2025-12-11T12:26:27+00:00\",\"breadcrumb\":{\"@id\":\"https:\/\/letrame.com\/catalogo\/producto\/antes-de-conocerte\/#breadcrumb\"},\"inLanguage\":\"es\",\"potentialAction\":[{\"@type\":\"ReadAction\",\"target\":[\"https:\/\/letrame.com\/catalogo\/producto\/antes-de-conocerte\/\"]}]},{\"@type\":\"ImageObject\",\"inLanguage\":\"es\",\"@id\":\"https:\/\/letrame.com\/catalogo\/producto\/antes-de-conocerte\/#primaryimage\",\"url\":\"https:\/\/letrame.com\/catalogo\/wp-content\/uploads\/2025\/12\/antesdeconocerte_2616mm4.gif\",\"contentUrl\":\"https:\/\/letrame.com\/catalogo\/wp-content\/uploads\/2025\/12\/antesdeconocerte_2616mm4.gif\",\"width\":402,\"height\":567},{\"@type\":\"BreadcrumbList\",\"@id\":\"https:\/\/letrame.com\/catalogo\/producto\/antes-de-conocerte\/#breadcrumb\",\"itemListElement\":[{\"@type\":\"ListItem\",\"position\":1,\"name\":\"Portada\",\"item\":\"https:\/\/letrame.com\/catalogo\/\"},{\"@type\":\"ListItem\",\"position\":2,\"name\":\"Cat\u00e1logo\",\"item\":\"https:\/\/letrame.com\/catalogo\/\"},{\"@type\":\"ListItem\",\"position\":3,\"name\":\"Antes de conocerte\"}]},{\"@type\":\"WebSite\",\"@id\":\"https:\/\/letrame.com\/catalogo\/#website\",\"url\":\"https:\/\/letrame.com\/catalogo\/\",\"name\":\"Catalogo | Letrame Grupo Editorial\",\"description\":\"\",\"publisher\":{\"@id\":\"https:\/\/letrame.com\/catalogo\/#organization\"},\"potentialAction\":[{\"@type\":\"SearchAction\",\"target\":{\"@type\":\"EntryPoint\",\"urlTemplate\":\"https:\/\/letrame.com\/catalogo\/?s={search_term_string}\"},\"query-input\":{\"@type\":\"PropertyValueSpecification\",\"valueRequired\":true,\"valueName\":\"search_term_string\"}}],\"inLanguage\":\"es\"},{\"@type\":\"Organization\",\"@id\":\"https:\/\/letrame.com\/catalogo\/#organization\",\"name\":\"Catalogo | Letrame Grupo Editorial\",\"url\":\"https:\/\/letrame.com\/catalogo\/\",\"logo\":{\"@type\":\"ImageObject\",\"inLanguage\":\"es\",\"@id\":\"https:\/\/letrame.com\/catalogo\/#\/schema\/logo\/image\/\",\"url\":\"https:\/\/letrame.com\/catalogo\/wp-content\/uploads\/2024\/03\/logo2.webp\",\"contentUrl\":\"https:\/\/letrame.com\/catalogo\/wp-content\/uploads\/2024\/03\/logo2.webp\",\"width\":394,\"height\":128,\"caption\":\"Catalogo | Letrame Grupo Editorial\"},\"image\":{\"@id\":\"https:\/\/letrame.com\/catalogo\/#\/schema\/logo\/image\/\"}}]}<\/script>\n<!-- \/ Yoast SEO plugin. -->","yoast_head_json":{"title":"Antes de conocerte - Catalogo | Letrame Grupo Editorial","robots":{"index":"index","follow":"follow","max-snippet":"max-snippet:-1","max-image-preview":"max-image-preview:large","max-video-preview":"max-video-preview:-1"},"canonical":"https:\/\/letrame.com\/catalogo\/producto\/antes-de-conocerte\/","og_locale":"es_ES","og_type":"article","og_title":"Antes de conocerte - Catalogo | Letrame Grupo Editorial","og_description":"ISBN: 9791370290207 SINOPSIS \u00c1ngela so\u00f1aba con estudiar en un conservatorio de m\u00fasica, pero la vida se encarg\u00f3 de romper sus planes: enfermedad, decepciones y una ciudad desconocida la obligaron a empezar de nuevo. Poco a poco fue recomponiendo sus pedazos... hasta que conoci\u00f3 a Carl. Carl es todo lo que siempre imagin\u00f3: brillante, apasionado, el compa\u00f1ero perfecto para vivir miles de primeras veces. Juntos viajan, comparten escenarios y rozan el sue\u00f1o de una vida extraordinaria. Pero pronto \u00c1ngela descubre que Carl guarda una oscuridad que lo consume, que puede hacerla sentir el cielo en un instante... y arrojarla al infierno al siguiente. Ahora \u00c1ngela debe decidir si luchar por \u00e9l o salvarse a s\u00ed misma. \u00bfValdr\u00eda la pena darlo todo por esa persona que te hace sentir en el cielo y en el infierno al mismo tiempo? Antes de conocerte es una historia sobre amor y dependencia, sobre la belleza y el peligro de entregarse por completo a alguien, y sobre el l\u00edmite entre salvar a quien amas... o perderte con \u00e9l.","og_url":"https:\/\/letrame.com\/catalogo\/producto\/antes-de-conocerte\/","og_site_name":"Catalogo | Letrame Grupo Editorial","article_modified_time":"2025-12-11T12:26:27+00:00","og_image":[{"width":402,"height":567,"url":"https:\/\/letrame.com\/catalogo\/wp-content\/uploads\/2025\/12\/antesdeconocerte_2616mm4.gif","type":"image\/gif"}],"twitter_card":"summary_large_image","twitter_misc":{"Tiempo de lectura":"2 minutos"},"schema":{"@context":"https:\/\/schema.org","@graph":[{"@type":"WebPage","@id":"https:\/\/letrame.com\/catalogo\/producto\/antes-de-conocerte\/","url":"https:\/\/letrame.com\/catalogo\/producto\/antes-de-conocerte\/","name":"Antes de conocerte - Catalogo | Letrame Grupo Editorial","isPartOf":{"@id":"https:\/\/letrame.com\/catalogo\/#website"},"primaryImageOfPage":{"@id":"https:\/\/letrame.com\/catalogo\/producto\/antes-de-conocerte\/#primaryimage"},"image":{"@id":"https:\/\/letrame.com\/catalogo\/producto\/antes-de-conocerte\/#primaryimage"},"thumbnailUrl":"https:\/\/letrame.com\/catalogo\/wp-content\/uploads\/2025\/12\/antesdeconocerte_2616mm4.gif","datePublished":"2025-12-11T12:22:57+00:00","dateModified":"2025-12-11T12:26:27+00:00","breadcrumb":{"@id":"https:\/\/letrame.com\/catalogo\/producto\/antes-de-conocerte\/#breadcrumb"},"inLanguage":"es","potentialAction":[{"@type":"ReadAction","target":["https:\/\/letrame.com\/catalogo\/producto\/antes-de-conocerte\/"]}]},{"@type":"ImageObject","inLanguage":"es","@id":"https:\/\/letrame.com\/catalogo\/producto\/antes-de-conocerte\/#primaryimage","url":"https:\/\/letrame.com\/catalogo\/wp-content\/uploads\/2025\/12\/antesdeconocerte_2616mm4.gif","contentUrl":"https:\/\/letrame.com\/catalogo\/wp-content\/uploads\/2025\/12\/antesdeconocerte_2616mm4.gif","width":402,"height":567},{"@type":"BreadcrumbList","@id":"https:\/\/letrame.com\/catalogo\/producto\/antes-de-conocerte\/#breadcrumb","itemListElement":[{"@type":"ListItem","position":1,"name":"Portada","item":"https:\/\/letrame.com\/catalogo\/"},{"@type":"ListItem","position":2,"name":"Cat\u00e1logo","item":"https:\/\/letrame.com\/catalogo\/"},{"@type":"ListItem","position":3,"name":"Antes de conocerte"}]},{"@type":"WebSite","@id":"https:\/\/letrame.com\/catalogo\/#website","url":"https:\/\/letrame.com\/catalogo\/","name":"Catalogo | Letrame Grupo Editorial","description":"","publisher":{"@id":"https:\/\/letrame.com\/catalogo\/#organization"},"potentialAction":[{"@type":"SearchAction","target":{"@type":"EntryPoint","urlTemplate":"https:\/\/letrame.com\/catalogo\/?s={search_term_string}"},"query-input":{"@type":"PropertyValueSpecification","valueRequired":true,"valueName":"search_term_string"}}],"inLanguage":"es"},{"@type":"Organization","@id":"https:\/\/letrame.com\/catalogo\/#organization","name":"Catalogo | Letrame Grupo Editorial","url":"https:\/\/letrame.com\/catalogo\/","logo":{"@type":"ImageObject","inLanguage":"es","@id":"https:\/\/letrame.com\/catalogo\/#\/schema\/logo\/image\/","url":"https:\/\/letrame.com\/catalogo\/wp-content\/uploads\/2024\/03\/logo2.webp","contentUrl":"https:\/\/letrame.com\/catalogo\/wp-content\/uploads\/2024\/03\/logo2.webp","width":394,"height":128,"caption":"Catalogo | Letrame Grupo Editorial"},"image":{"@id":"https:\/\/letrame.com\/catalogo\/#\/schema\/logo\/image\/"}}]}},"_links":{"self":[{"href":"https:\/\/letrame.com\/catalogo\/wp-json\/wp\/v2\/product\/109978","targetHints":{"allow":["GET"]}}],"collection":[{"href":"https:\/\/letrame.com\/catalogo\/wp-json\/wp\/v2\/product"}],"about":[{"href":"https:\/\/letrame.com\/catalogo\/wp-json\/wp\/v2\/types\/product"}],"replies":[{"embeddable":true,"href":"https:\/\/letrame.com\/catalogo\/wp-json\/wp\/v2\/comments?post=109978"}],"acf:post":[{"embeddable":true,"href":"https:\/\/letrame.com\/catalogo\/wp-json\/wp\/v2\/author_book\/109980"}],"wp:featuredmedia":[{"embeddable":true,"href":"https:\/\/letrame.com\/catalogo\/wp-json\/wp\/v2\/media\/109979"}],"wp:attachment":[{"href":"https:\/\/letrame.com\/catalogo\/wp-json\/wp\/v2\/media?parent=109978"}],"wp:term":[{"taxonomy":"libro","embeddable":true,"href":"https:\/\/letrame.com\/catalogo\/wp-json\/wp\/v2\/libro?post=109978"},{"taxonomy":"product_brand","embeddable":true,"href":"https:\/\/letrame.com\/catalogo\/wp-json\/wp\/v2\/product_brand?post=109978"},{"taxonomy":"product_cat","embeddable":true,"href":"https:\/\/letrame.com\/catalogo\/wp-json\/wp\/v2\/product_cat?post=109978"},{"taxonomy":"product_tag","embeddable":true,"href":"https:\/\/letrame.com\/catalogo\/wp-json\/wp\/v2\/product_tag?post=109978"}],"curies":[{"name":"wp","href":"https:\/\/api.w.org\/{rel}","templated":true}]}}