{"id":109971,"date":"2025-12-11T13:09:34","date_gmt":"2025-12-11T12:09:34","guid":{"rendered":"https:\/\/letrame.com\/catalogo\/?post_type=product&#038;p=109971"},"modified":"2025-12-11T13:17:27","modified_gmt":"2025-12-11T12:17:27","slug":"firpo-del-paraiso-al-purgatorio","status":"publish","type":"product","link":"https:\/\/letrame.com\/catalogo\/producto\/firpo-del-paraiso-al-purgatorio\/","title":{"rendered":"FIRPO Del para\u00edso al purgatorio"},"content":{"rendered":"<p class=\"p1\"><b>ISBN: 9791370128920<\/b><b><\/b><\/p>\n<p class=\"p1\"><b>T\u00edtulo: FIRPO Del para\u00edso al purgatorio<\/b><b><\/b><\/p>\n<p class=\"p1\"><b>Fecha: 2025<\/b><b><\/b><\/p>\n<p class=\"p1\"><b>P\u00e1ginas: 114<\/b><b><\/b><\/p>\n<p class=\"p1\"><b>SINOPSIS<\/b><b><\/b><\/p>\n<p>Firpo: Del para\u00edso al purgatorio es la emotiva historia narrada en primera persona por Firpo, un per\u00edo pequin\u00e9s que llega en una caja de regalo al hogar de quien ser\u00e1 su amor por siempre: Luisa. All\u00ed, Firpo recibe protecci\u00f3n y amor con esmero, lo que le permitir\u00e1 declarar que ese ser\u00eda su cielo en la Tierra.<br \/>\nUn infortunio lleva a Firpo a convertirse en un perro callejero, lo que lo traslada a afrontar una nueva realidad de soledad, dolor y desamparo. Su mundo perfecto se derrumba. Es entonces cuando sus peculiaridades espirituales \u2014 propias y naturales en estos seres\u2014 como la aceptaci\u00f3n, el amor incondicional por la vida y una profunda fe en el universo que lo cuida, lo llevan a sobrevivir y superarse a s\u00ed mismo en unos niveles impredecibles.<br \/>\nAl final, Firpo encuentra su espacio al lado de un reciclador que, al igual que \u00e9l, est\u00e1 en su propio viaje de crecimiento personal, y juntos logran fortalecerse<br \/>\nEscrito a modo de f\u00e1bula, esta historia permitir\u00e1 al lector que le abra su coraz\u00f3n a Firpo valorar en estos extraordinarios animales, no solo unos inmejorables seres de compa\u00f1\u00eda, sino tambi\u00e9n la oportunidad de apreciar la expansiva riqueza espiritual que, naturalmente, poseen y nos pueden compartir.<\/p>\n","protected":false},"excerpt":{"rendered":"<p class=\"p1\"><b>ISBN: 9791370128920<\/b><b><\/b><\/p>\n<p class=\"p1\"><b>SINOPSIS<\/b><b><\/b><\/p>\n<p>Firpo: Del para\u00edso al purgatorio es la emotiva historia narrada en primera persona por Firpo, un per\u00edo pequin\u00e9s que llega en una caja de regalo al hogar de quien ser\u00e1 su amor por siempre: Luisa. All\u00ed, Firpo recibe protecci\u00f3n y amor con esmero, lo que le permitir\u00e1 declarar que ese ser\u00eda su cielo en la Tierra.<br \/>\nUn infortunio lleva a Firpo a convertirse en un perro callejero, lo que lo traslada a afrontar una nueva realidad de soledad, dolor y desamparo. Su mundo perfecto se derrumba. Es entonces cuando sus peculiaridades espirituales \u2014 propias y naturales en estos seres\u2014 como la aceptaci\u00f3n, el amor incondicional por la vida y una profunda fe en el universo que lo cuida, lo llevan a sobrevivir y superarse a s\u00ed mismo en unos niveles impredecibles.<br \/>\nAl final, Firpo encuentra su espacio al lado de un reciclador que, al igual que \u00e9l, est\u00e1 en su propio viaje de crecimiento personal, y juntos logran fortalecerse<br \/>\nEscrito a modo de f\u00e1bula, esta historia permitir\u00e1 al lector que le abra su coraz\u00f3n a Firpo valorar en estos extraordinarios animales, no solo unos inmejorables seres de compa\u00f1\u00eda, sino tambi\u00e9n la oportunidad de apreciar la expansiva riqueza espiritual que, naturalmente, poseen y nos pueden compartir.<\/p>\n","protected":false},"featured_media":109972,"comment_status":"open","ping_status":"closed","template":"","meta":{"_acf_changed":false},"libro":[],"product_brand":[],"product_cat":[141],"product_tag":[],"class_list":{"0":"post-109971","1":"product","2":"type-product","3":"status-publish","4":"has-post-thumbnail","6":"product_cat-ficcion","8":"first","9":"instock","10":"shipping-taxable","11":"product-type-simple"},"acf":{"autor":[109973],"enlace_de_compra":"https:\/\/www.amazon.es\/FIRPO-Del-para%C3%ADso-purgatorio-Ficci%C3%B3n\/dp\/B0G25T7DND\/ref=sr_1_1?__mk_es_ES=%C3%85M%C3%85%C5%BD%C3%95%C3%91&crid=10ASKX5Q1U7R1&dib=eyJ2IjoiMSJ9.OqheoNYPpFud6Z6Xi-Xo6Q.6aG4RsxbMzX8POYFtTLJixdfAFR0eMaou9JPq8aGBXM&dib_tag=se&keywords=firpo+letrame&qid=1765454854&s=books&sprefix=firpo+letrame%2Cstripbooks%2C70&sr=1-1"},"yoast_head":"<!-- This site is optimized with the Yoast SEO plugin v26.6 - https:\/\/yoast.com\/wordpress\/plugins\/seo\/ -->\n<title>FIRPO Del para\u00edso al purgatorio - Catalogo | Letrame Grupo Editorial<\/title>\n<meta name=\"robots\" content=\"index, follow, max-snippet:-1, max-image-preview:large, max-video-preview:-1\" \/>\n<link rel=\"canonical\" href=\"https:\/\/letrame.com\/catalogo\/producto\/firpo-del-paraiso-al-purgatorio\/\" \/>\n<meta property=\"og:locale\" content=\"es_ES\" \/>\n<meta property=\"og:type\" content=\"article\" \/>\n<meta property=\"og:title\" content=\"FIRPO Del para\u00edso al purgatorio - Catalogo | Letrame Grupo Editorial\" \/>\n<meta property=\"og:description\" content=\"ISBN: 9791370128920 SINOPSIS Firpo: Del para\u00edso al purgatorio es la emotiva historia narrada en primera persona por Firpo, un per\u00edo pequin\u00e9s que llega en una caja de regalo al hogar de quien ser\u00e1 su amor por siempre: Luisa. All\u00ed, Firpo recibe protecci\u00f3n y amor con esmero, lo que le permitir\u00e1 declarar que ese ser\u00eda su cielo en la Tierra. Un infortunio lleva a Firpo a convertirse en un perro callejero, lo que lo traslada a afrontar una nueva realidad de soledad, dolor y desamparo. Su mundo perfecto se derrumba. Es entonces cuando sus peculiaridades espirituales \u2014 propias y naturales en estos seres\u2014 como la aceptaci\u00f3n, el amor incondicional por la vida y una profunda fe en el universo que lo cuida, lo llevan a sobrevivir y superarse a s\u00ed mismo en unos niveles impredecibles. Al final, Firpo encuentra su espacio al lado de un reciclador que, al igual que \u00e9l, est\u00e1 en su propio viaje de crecimiento personal, y juntos logran fortalecerse Escrito a modo de f\u00e1bula, esta historia permitir\u00e1 al lector que le abra su coraz\u00f3n a Firpo valorar en estos extraordinarios animales, no solo unos inmejorables seres de compa\u00f1\u00eda, sino tambi\u00e9n la oportunidad de apreciar la expansiva riqueza espiritual que, naturalmente, poseen y nos pueden compartir.\" \/>\n<meta property=\"og:url\" content=\"https:\/\/letrame.com\/catalogo\/producto\/firpo-del-paraiso-al-purgatorio\/\" \/>\n<meta property=\"og:site_name\" content=\"Catalogo | Letrame Grupo Editorial\" \/>\n<meta property=\"article:modified_time\" content=\"2025-12-11T12:17:27+00:00\" \/>\n<meta property=\"og:image\" content=\"https:\/\/letrame.com\/catalogo\/wp-content\/uploads\/2025\/12\/firpo_633mm4.gif\" \/>\n\t<meta property=\"og:image:width\" content=\"384\" \/>\n\t<meta property=\"og:image:height\" content=\"537\" \/>\n\t<meta property=\"og:image:type\" content=\"image\/gif\" \/>\n<meta name=\"twitter:card\" content=\"summary_large_image\" \/>\n<meta name=\"twitter:label1\" content=\"Tiempo de lectura\" \/>\n\t<meta name=\"twitter:data1\" content=\"2 minutos\" \/>\n<script type=\"application\/ld+json\" class=\"yoast-schema-graph\">{\"@context\":\"https:\/\/schema.org\",\"@graph\":[{\"@type\":\"WebPage\",\"@id\":\"https:\/\/letrame.com\/catalogo\/producto\/firpo-del-paraiso-al-purgatorio\/\",\"url\":\"https:\/\/letrame.com\/catalogo\/producto\/firpo-del-paraiso-al-purgatorio\/\",\"name\":\"FIRPO Del para\u00edso al purgatorio - Catalogo | Letrame Grupo Editorial\",\"isPartOf\":{\"@id\":\"https:\/\/letrame.com\/catalogo\/#website\"},\"primaryImageOfPage\":{\"@id\":\"https:\/\/letrame.com\/catalogo\/producto\/firpo-del-paraiso-al-purgatorio\/#primaryimage\"},\"image\":{\"@id\":\"https:\/\/letrame.com\/catalogo\/producto\/firpo-del-paraiso-al-purgatorio\/#primaryimage\"},\"thumbnailUrl\":\"https:\/\/letrame.com\/catalogo\/wp-content\/uploads\/2025\/12\/firpo_633mm4.gif\",\"datePublished\":\"2025-12-11T12:09:34+00:00\",\"dateModified\":\"2025-12-11T12:17:27+00:00\",\"breadcrumb\":{\"@id\":\"https:\/\/letrame.com\/catalogo\/producto\/firpo-del-paraiso-al-purgatorio\/#breadcrumb\"},\"inLanguage\":\"es\",\"potentialAction\":[{\"@type\":\"ReadAction\",\"target\":[\"https:\/\/letrame.com\/catalogo\/producto\/firpo-del-paraiso-al-purgatorio\/\"]}]},{\"@type\":\"ImageObject\",\"inLanguage\":\"es\",\"@id\":\"https:\/\/letrame.com\/catalogo\/producto\/firpo-del-paraiso-al-purgatorio\/#primaryimage\",\"url\":\"https:\/\/letrame.com\/catalogo\/wp-content\/uploads\/2025\/12\/firpo_633mm4.gif\",\"contentUrl\":\"https:\/\/letrame.com\/catalogo\/wp-content\/uploads\/2025\/12\/firpo_633mm4.gif\",\"width\":384,\"height\":537},{\"@type\":\"BreadcrumbList\",\"@id\":\"https:\/\/letrame.com\/catalogo\/producto\/firpo-del-paraiso-al-purgatorio\/#breadcrumb\",\"itemListElement\":[{\"@type\":\"ListItem\",\"position\":1,\"name\":\"Portada\",\"item\":\"https:\/\/letrame.com\/catalogo\/\"},{\"@type\":\"ListItem\",\"position\":2,\"name\":\"Cat\u00e1logo\",\"item\":\"https:\/\/letrame.com\/catalogo\/\"},{\"@type\":\"ListItem\",\"position\":3,\"name\":\"FIRPO Del para\u00edso al purgatorio\"}]},{\"@type\":\"WebSite\",\"@id\":\"https:\/\/letrame.com\/catalogo\/#website\",\"url\":\"https:\/\/letrame.com\/catalogo\/\",\"name\":\"Catalogo | Letrame Grupo Editorial\",\"description\":\"\",\"publisher\":{\"@id\":\"https:\/\/letrame.com\/catalogo\/#organization\"},\"potentialAction\":[{\"@type\":\"SearchAction\",\"target\":{\"@type\":\"EntryPoint\",\"urlTemplate\":\"https:\/\/letrame.com\/catalogo\/?s={search_term_string}\"},\"query-input\":{\"@type\":\"PropertyValueSpecification\",\"valueRequired\":true,\"valueName\":\"search_term_string\"}}],\"inLanguage\":\"es\"},{\"@type\":\"Organization\",\"@id\":\"https:\/\/letrame.com\/catalogo\/#organization\",\"name\":\"Catalogo | Letrame Grupo Editorial\",\"url\":\"https:\/\/letrame.com\/catalogo\/\",\"logo\":{\"@type\":\"ImageObject\",\"inLanguage\":\"es\",\"@id\":\"https:\/\/letrame.com\/catalogo\/#\/schema\/logo\/image\/\",\"url\":\"https:\/\/letrame.com\/catalogo\/wp-content\/uploads\/2024\/03\/logo2.webp\",\"contentUrl\":\"https:\/\/letrame.com\/catalogo\/wp-content\/uploads\/2024\/03\/logo2.webp\",\"width\":394,\"height\":128,\"caption\":\"Catalogo | Letrame Grupo Editorial\"},\"image\":{\"@id\":\"https:\/\/letrame.com\/catalogo\/#\/schema\/logo\/image\/\"}}]}<\/script>\n<!-- \/ Yoast SEO plugin. -->","yoast_head_json":{"title":"FIRPO Del para\u00edso al purgatorio - Catalogo | Letrame Grupo Editorial","robots":{"index":"index","follow":"follow","max-snippet":"max-snippet:-1","max-image-preview":"max-image-preview:large","max-video-preview":"max-video-preview:-1"},"canonical":"https:\/\/letrame.com\/catalogo\/producto\/firpo-del-paraiso-al-purgatorio\/","og_locale":"es_ES","og_type":"article","og_title":"FIRPO Del para\u00edso al purgatorio - Catalogo | Letrame Grupo Editorial","og_description":"ISBN: 9791370128920 SINOPSIS Firpo: Del para\u00edso al purgatorio es la emotiva historia narrada en primera persona por Firpo, un per\u00edo pequin\u00e9s que llega en una caja de regalo al hogar de quien ser\u00e1 su amor por siempre: Luisa. All\u00ed, Firpo recibe protecci\u00f3n y amor con esmero, lo que le permitir\u00e1 declarar que ese ser\u00eda su cielo en la Tierra. Un infortunio lleva a Firpo a convertirse en un perro callejero, lo que lo traslada a afrontar una nueva realidad de soledad, dolor y desamparo. Su mundo perfecto se derrumba. Es entonces cuando sus peculiaridades espirituales \u2014 propias y naturales en estos seres\u2014 como la aceptaci\u00f3n, el amor incondicional por la vida y una profunda fe en el universo que lo cuida, lo llevan a sobrevivir y superarse a s\u00ed mismo en unos niveles impredecibles. Al final, Firpo encuentra su espacio al lado de un reciclador que, al igual que \u00e9l, est\u00e1 en su propio viaje de crecimiento personal, y juntos logran fortalecerse Escrito a modo de f\u00e1bula, esta historia permitir\u00e1 al lector que le abra su coraz\u00f3n a Firpo valorar en estos extraordinarios animales, no solo unos inmejorables seres de compa\u00f1\u00eda, sino tambi\u00e9n la oportunidad de apreciar la expansiva riqueza espiritual que, naturalmente, poseen y nos pueden compartir.","og_url":"https:\/\/letrame.com\/catalogo\/producto\/firpo-del-paraiso-al-purgatorio\/","og_site_name":"Catalogo | Letrame Grupo Editorial","article_modified_time":"2025-12-11T12:17:27+00:00","og_image":[{"width":384,"height":537,"url":"https:\/\/letrame.com\/catalogo\/wp-content\/uploads\/2025\/12\/firpo_633mm4.gif","type":"image\/gif"}],"twitter_card":"summary_large_image","twitter_misc":{"Tiempo de lectura":"2 minutos"},"schema":{"@context":"https:\/\/schema.org","@graph":[{"@type":"WebPage","@id":"https:\/\/letrame.com\/catalogo\/producto\/firpo-del-paraiso-al-purgatorio\/","url":"https:\/\/letrame.com\/catalogo\/producto\/firpo-del-paraiso-al-purgatorio\/","name":"FIRPO Del para\u00edso al purgatorio - Catalogo | Letrame Grupo Editorial","isPartOf":{"@id":"https:\/\/letrame.com\/catalogo\/#website"},"primaryImageOfPage":{"@id":"https:\/\/letrame.com\/catalogo\/producto\/firpo-del-paraiso-al-purgatorio\/#primaryimage"},"image":{"@id":"https:\/\/letrame.com\/catalogo\/producto\/firpo-del-paraiso-al-purgatorio\/#primaryimage"},"thumbnailUrl":"https:\/\/letrame.com\/catalogo\/wp-content\/uploads\/2025\/12\/firpo_633mm4.gif","datePublished":"2025-12-11T12:09:34+00:00","dateModified":"2025-12-11T12:17:27+00:00","breadcrumb":{"@id":"https:\/\/letrame.com\/catalogo\/producto\/firpo-del-paraiso-al-purgatorio\/#breadcrumb"},"inLanguage":"es","potentialAction":[{"@type":"ReadAction","target":["https:\/\/letrame.com\/catalogo\/producto\/firpo-del-paraiso-al-purgatorio\/"]}]},{"@type":"ImageObject","inLanguage":"es","@id":"https:\/\/letrame.com\/catalogo\/producto\/firpo-del-paraiso-al-purgatorio\/#primaryimage","url":"https:\/\/letrame.com\/catalogo\/wp-content\/uploads\/2025\/12\/firpo_633mm4.gif","contentUrl":"https:\/\/letrame.com\/catalogo\/wp-content\/uploads\/2025\/12\/firpo_633mm4.gif","width":384,"height":537},{"@type":"BreadcrumbList","@id":"https:\/\/letrame.com\/catalogo\/producto\/firpo-del-paraiso-al-purgatorio\/#breadcrumb","itemListElement":[{"@type":"ListItem","position":1,"name":"Portada","item":"https:\/\/letrame.com\/catalogo\/"},{"@type":"ListItem","position":2,"name":"Cat\u00e1logo","item":"https:\/\/letrame.com\/catalogo\/"},{"@type":"ListItem","position":3,"name":"FIRPO Del para\u00edso al purgatorio"}]},{"@type":"WebSite","@id":"https:\/\/letrame.com\/catalogo\/#website","url":"https:\/\/letrame.com\/catalogo\/","name":"Catalogo | Letrame Grupo Editorial","description":"","publisher":{"@id":"https:\/\/letrame.com\/catalogo\/#organization"},"potentialAction":[{"@type":"SearchAction","target":{"@type":"EntryPoint","urlTemplate":"https:\/\/letrame.com\/catalogo\/?s={search_term_string}"},"query-input":{"@type":"PropertyValueSpecification","valueRequired":true,"valueName":"search_term_string"}}],"inLanguage":"es"},{"@type":"Organization","@id":"https:\/\/letrame.com\/catalogo\/#organization","name":"Catalogo | Letrame Grupo Editorial","url":"https:\/\/letrame.com\/catalogo\/","logo":{"@type":"ImageObject","inLanguage":"es","@id":"https:\/\/letrame.com\/catalogo\/#\/schema\/logo\/image\/","url":"https:\/\/letrame.com\/catalogo\/wp-content\/uploads\/2024\/03\/logo2.webp","contentUrl":"https:\/\/letrame.com\/catalogo\/wp-content\/uploads\/2024\/03\/logo2.webp","width":394,"height":128,"caption":"Catalogo | Letrame Grupo Editorial"},"image":{"@id":"https:\/\/letrame.com\/catalogo\/#\/schema\/logo\/image\/"}}]}},"_links":{"self":[{"href":"https:\/\/letrame.com\/catalogo\/wp-json\/wp\/v2\/product\/109971","targetHints":{"allow":["GET"]}}],"collection":[{"href":"https:\/\/letrame.com\/catalogo\/wp-json\/wp\/v2\/product"}],"about":[{"href":"https:\/\/letrame.com\/catalogo\/wp-json\/wp\/v2\/types\/product"}],"replies":[{"embeddable":true,"href":"https:\/\/letrame.com\/catalogo\/wp-json\/wp\/v2\/comments?post=109971"}],"acf:post":[{"embeddable":true,"href":"https:\/\/letrame.com\/catalogo\/wp-json\/wp\/v2\/author_book\/109973"}],"wp:featuredmedia":[{"embeddable":true,"href":"https:\/\/letrame.com\/catalogo\/wp-json\/wp\/v2\/media\/109972"}],"wp:attachment":[{"href":"https:\/\/letrame.com\/catalogo\/wp-json\/wp\/v2\/media?parent=109971"}],"wp:term":[{"taxonomy":"libro","embeddable":true,"href":"https:\/\/letrame.com\/catalogo\/wp-json\/wp\/v2\/libro?post=109971"},{"taxonomy":"product_brand","embeddable":true,"href":"https:\/\/letrame.com\/catalogo\/wp-json\/wp\/v2\/product_brand?post=109971"},{"taxonomy":"product_cat","embeddable":true,"href":"https:\/\/letrame.com\/catalogo\/wp-json\/wp\/v2\/product_cat?post=109971"},{"taxonomy":"product_tag","embeddable":true,"href":"https:\/\/letrame.com\/catalogo\/wp-json\/wp\/v2\/product_tag?post=109971"}],"curies":[{"name":"wp","href":"https:\/\/api.w.org\/{rel}","templated":true}]}}