{"id":109954,"date":"2025-12-09T14:46:15","date_gmt":"2025-12-09T13:46:15","guid":{"rendered":"https:\/\/letrame.com\/catalogo\/?post_type=product&#038;p=109954"},"modified":"2025-12-10T13:27:26","modified_gmt":"2025-12-10T12:27:26","slug":"cuatro-elementos-aire","status":"publish","type":"product","link":"https:\/\/letrame.com\/catalogo\/producto\/cuatro-elementos-aire\/","title":{"rendered":"Cuatro elementos Aire"},"content":{"rendered":"<p class=\"p1\"><b>ISBN: 9791370290764<\/b><b><\/b><\/p>\n<p class=\"p1\"><b>T\u00edtulo: Cuatro elementos Aire<\/b><b><\/b><\/p>\n<p class=\"p1\"><b>Fecha: 2025<\/b><b><\/b><\/p>\n<p class=\"p1\"><b>P\u00e1ginas: 80<\/b><b><\/b><\/p>\n<p class=\"p1\"><b>SINOPSIS<\/b><\/p>\n<p>En esta fascinante aventura, Kali se experimenta en un elemento de la naturaleza: el Aire. Una narrativa que tiene el prop\u00f3sito de recordarle a cada lector que, en todo momento, puede cambiar de rumbo y velocidad si as\u00ed lo desea.<br \/>\nDeterminante y potente regalo en el que descubre tambi\u00e9n un motor que la alentar\u00e1 a amar la vida con todos sus desaf\u00edos, porque tarde o temprano se convertir\u00e1n en aprendizaje. Le har\u00e1 ver m\u00e1s all\u00e1 de sus sue\u00f1os la maravillosa experiencia de aprender mientras duerme, y a trav\u00e9s de la imaginaci\u00f3n podr\u00e1 descubrir qui\u00e9n realmente es: el poder de su YO, esa consciencia que habita en s\u00ed misma.<br \/>\nEse YO, ese ser sano, lleno de vida, lleno de energ\u00eda, seguro de s\u00ed mismo, porque descubre que habita un mundo de infinitas posibilidades.<br \/>\n\u00bfTe interesar\u00eda ir m\u00e1s all\u00e1 de lo que tus sentidos pueden percibir?<\/p>\n<p>&nbsp;<\/p>\n<p>&nbsp;<\/p>\n","protected":false},"excerpt":{"rendered":"<p class=\"p1\"><b>ISBN: 9791370290764<\/b><b><\/b><\/p>\n<p class=\"p1\"><b>SINOPSIS<\/b><\/p>\n<p>En esta fascinante aventura, Kali se experimenta en un elemento de la naturaleza: el Aire. Una narrativa que tiene el prop\u00f3sito de recordarle a cada lector que, en todo momento, puede cambiar de rumbo y velocidad si as\u00ed lo desea.<br \/>\nDeterminante y potente regalo en el que descubre tambi\u00e9n un motor que la alentar\u00e1 a amar la vida con todos sus desaf\u00edos, porque tarde o temprano se convertir\u00e1n en aprendizaje. Le har\u00e1 ver m\u00e1s all\u00e1 de sus sue\u00f1os la maravillosa experiencia de aprender mientras duerme, y a trav\u00e9s de la imaginaci\u00f3n podr\u00e1 descubrir qui\u00e9n realmente es: el poder de su YO, esa consciencia que habita en s\u00ed misma.<br \/>\nEse YO, ese ser sano, lleno de vida, lleno de energ\u00eda, seguro de s\u00ed mismo, porque descubre que habita un mundo de infinitas posibilidades.<br \/>\n\u00bfTe interesar\u00eda ir m\u00e1s all\u00e1 de lo que tus sentidos pueden percibir?<\/p>\n<p>&nbsp;<\/p>\n","protected":false},"featured_media":109955,"comment_status":"open","ping_status":"closed","template":"","meta":{"_acf_changed":false},"libro":[],"product_brand":[],"product_cat":[43],"product_tag":[],"class_list":{"0":"post-109954","1":"product","2":"type-product","3":"status-publish","4":"has-post-thumbnail","6":"product_cat-aventura","8":"first","9":"instock","10":"shipping-taxable","11":"product-type-simple"},"acf":{"autor":[109956],"enlace_de_compra":"https:\/\/www.amazon.es\/Cuatro-elementos-Karla-Isabel-Gonz%C3%A1lez\/dp\/B0G3QB39QL\/ref=sr_1_1?__mk_es_ES=%C3%85M%C3%85%C5%BD%C3%95%C3%91&crid=DMPJPN3EH4E7&dib=eyJ2IjoiMSJ9.WQRYHTTBw-JLXSUiUS1VuA.6gbyhxRVm69xFbkPdlvEJ-UqRAoQ5GdmXIHHyr8QRf8&dib_tag=se&keywords=CUATRO+ELEMENTOS+letrame&qid=1765287778&s=books&sprefix=cuatro+elementos+letrame%2Cstripbooks%2C55&sr=1-1"},"yoast_head":"<!-- This site is optimized with the Yoast SEO plugin v27.4 - https:\/\/yoast.com\/product\/yoast-seo-wordpress\/ -->\n<title>Cuatro elementos Aire - Catalogo | Letrame Grupo Editorial<\/title>\n<meta name=\"robots\" content=\"index, follow, max-snippet:-1, max-image-preview:large, max-video-preview:-1\" \/>\n<link rel=\"canonical\" href=\"https:\/\/letrame.com\/catalogo\/producto\/cuatro-elementos-aire\/\" \/>\n<meta property=\"og:locale\" content=\"es_ES\" \/>\n<meta property=\"og:type\" content=\"article\" \/>\n<meta property=\"og:title\" content=\"Cuatro elementos Aire - Catalogo | Letrame Grupo Editorial\" \/>\n<meta property=\"og:description\" content=\"ISBN: 9791370290764 SINOPSIS En esta fascinante aventura, Kali se experimenta en un elemento de la naturaleza: el Aire. Una narrativa que tiene el prop\u00f3sito de recordarle a cada lector que, en todo momento, puede cambiar de rumbo y velocidad si as\u00ed lo desea. Determinante y potente regalo en el que descubre tambi\u00e9n un motor que la alentar\u00e1 a amar la vida con todos sus desaf\u00edos, porque tarde o temprano se convertir\u00e1n en aprendizaje. Le har\u00e1 ver m\u00e1s all\u00e1 de sus sue\u00f1os la maravillosa experiencia de aprender mientras duerme, y a trav\u00e9s de la imaginaci\u00f3n podr\u00e1 descubrir qui\u00e9n realmente es: el poder de su YO, esa consciencia que habita en s\u00ed misma. Ese YO, ese ser sano, lleno de vida, lleno de energ\u00eda, seguro de s\u00ed mismo, porque descubre que habita un mundo de infinitas posibilidades. \u00bfTe interesar\u00eda ir m\u00e1s all\u00e1 de lo que tus sentidos pueden percibir?  &nbsp;\" \/>\n<meta property=\"og:url\" content=\"https:\/\/letrame.com\/catalogo\/producto\/cuatro-elementos-aire\/\" \/>\n<meta property=\"og:site_name\" content=\"Catalogo | Letrame Grupo Editorial\" \/>\n<meta property=\"article:modified_time\" content=\"2025-12-10T12:27:26+00:00\" \/>\n<meta property=\"og:image\" content=\"https:\/\/letrame.com\/catalogo\/wp-content\/uploads\/2025\/12\/cuatroelementos_476mm4.gif\" \/>\n\t<meta property=\"og:image:width\" content=\"345\" \/>\n\t<meta property=\"og:image:height\" content=\"461\" \/>\n\t<meta property=\"og:image:type\" content=\"image\/gif\" \/>\n<meta name=\"twitter:card\" content=\"summary_large_image\" \/>\n<meta name=\"twitter:label1\" content=\"Tiempo de lectura\" \/>\n\t<meta name=\"twitter:data1\" content=\"1 minuto\" \/>\n<script type=\"application\/ld+json\" class=\"yoast-schema-graph\">{\"@context\":\"https:\\\/\\\/schema.org\",\"@graph\":[{\"@type\":\"WebPage\",\"@id\":\"https:\\\/\\\/letrame.com\\\/catalogo\\\/producto\\\/cuatro-elementos-aire\\\/\",\"url\":\"https:\\\/\\\/letrame.com\\\/catalogo\\\/producto\\\/cuatro-elementos-aire\\\/\",\"name\":\"Cuatro elementos Aire - Catalogo | Letrame Grupo Editorial\",\"isPartOf\":{\"@id\":\"https:\\\/\\\/letrame.com\\\/catalogo\\\/#website\"},\"primaryImageOfPage\":{\"@id\":\"https:\\\/\\\/letrame.com\\\/catalogo\\\/producto\\\/cuatro-elementos-aire\\\/#primaryimage\"},\"image\":{\"@id\":\"https:\\\/\\\/letrame.com\\\/catalogo\\\/producto\\\/cuatro-elementos-aire\\\/#primaryimage\"},\"thumbnailUrl\":\"https:\\\/\\\/letrame.com\\\/catalogo\\\/wp-content\\\/uploads\\\/2025\\\/12\\\/cuatroelementos_476mm4.gif\",\"datePublished\":\"2025-12-09T13:46:15+00:00\",\"dateModified\":\"2025-12-10T12:27:26+00:00\",\"breadcrumb\":{\"@id\":\"https:\\\/\\\/letrame.com\\\/catalogo\\\/producto\\\/cuatro-elementos-aire\\\/#breadcrumb\"},\"inLanguage\":\"es\",\"potentialAction\":[{\"@type\":\"ReadAction\",\"target\":[\"https:\\\/\\\/letrame.com\\\/catalogo\\\/producto\\\/cuatro-elementos-aire\\\/\"]}]},{\"@type\":\"ImageObject\",\"inLanguage\":\"es\",\"@id\":\"https:\\\/\\\/letrame.com\\\/catalogo\\\/producto\\\/cuatro-elementos-aire\\\/#primaryimage\",\"url\":\"https:\\\/\\\/letrame.com\\\/catalogo\\\/wp-content\\\/uploads\\\/2025\\\/12\\\/cuatroelementos_476mm4.gif\",\"contentUrl\":\"https:\\\/\\\/letrame.com\\\/catalogo\\\/wp-content\\\/uploads\\\/2025\\\/12\\\/cuatroelementos_476mm4.gif\",\"width\":345,\"height\":461},{\"@type\":\"BreadcrumbList\",\"@id\":\"https:\\\/\\\/letrame.com\\\/catalogo\\\/producto\\\/cuatro-elementos-aire\\\/#breadcrumb\",\"itemListElement\":[{\"@type\":\"ListItem\",\"position\":1,\"name\":\"Portada\",\"item\":\"https:\\\/\\\/letrame.com\\\/catalogo\\\/\"},{\"@type\":\"ListItem\",\"position\":2,\"name\":\"Cat\u00e1logo\",\"item\":\"https:\\\/\\\/letrame.com\\\/catalogo\\\/\"},{\"@type\":\"ListItem\",\"position\":3,\"name\":\"Cuatro elementos Aire\"}]},{\"@type\":\"WebSite\",\"@id\":\"https:\\\/\\\/letrame.com\\\/catalogo\\\/#website\",\"url\":\"https:\\\/\\\/letrame.com\\\/catalogo\\\/\",\"name\":\"Catalogo | Letrame Grupo Editorial\",\"description\":\"\",\"publisher\":{\"@id\":\"https:\\\/\\\/letrame.com\\\/catalogo\\\/#organization\"},\"potentialAction\":[{\"@type\":\"SearchAction\",\"target\":{\"@type\":\"EntryPoint\",\"urlTemplate\":\"https:\\\/\\\/letrame.com\\\/catalogo\\\/?s={search_term_string}\"},\"query-input\":{\"@type\":\"PropertyValueSpecification\",\"valueRequired\":true,\"valueName\":\"search_term_string\"}}],\"inLanguage\":\"es\"},{\"@type\":\"Organization\",\"@id\":\"https:\\\/\\\/letrame.com\\\/catalogo\\\/#organization\",\"name\":\"Catalogo | Letrame Grupo Editorial\",\"url\":\"https:\\\/\\\/letrame.com\\\/catalogo\\\/\",\"logo\":{\"@type\":\"ImageObject\",\"inLanguage\":\"es\",\"@id\":\"https:\\\/\\\/letrame.com\\\/catalogo\\\/#\\\/schema\\\/logo\\\/image\\\/\",\"url\":\"https:\\\/\\\/letrame.com\\\/catalogo\\\/wp-content\\\/uploads\\\/2024\\\/03\\\/logo2.webp\",\"contentUrl\":\"https:\\\/\\\/letrame.com\\\/catalogo\\\/wp-content\\\/uploads\\\/2024\\\/03\\\/logo2.webp\",\"width\":394,\"height\":128,\"caption\":\"Catalogo | Letrame Grupo Editorial\"},\"image\":{\"@id\":\"https:\\\/\\\/letrame.com\\\/catalogo\\\/#\\\/schema\\\/logo\\\/image\\\/\"}}]}<\/script>\n<!-- \/ Yoast SEO plugin. -->","yoast_head_json":{"title":"Cuatro elementos Aire - Catalogo | Letrame Grupo Editorial","robots":{"index":"index","follow":"follow","max-snippet":"max-snippet:-1","max-image-preview":"max-image-preview:large","max-video-preview":"max-video-preview:-1"},"canonical":"https:\/\/letrame.com\/catalogo\/producto\/cuatro-elementos-aire\/","og_locale":"es_ES","og_type":"article","og_title":"Cuatro elementos Aire - Catalogo | Letrame Grupo Editorial","og_description":"ISBN: 9791370290764 SINOPSIS En esta fascinante aventura, Kali se experimenta en un elemento de la naturaleza: el Aire. Una narrativa que tiene el prop\u00f3sito de recordarle a cada lector que, en todo momento, puede cambiar de rumbo y velocidad si as\u00ed lo desea. Determinante y potente regalo en el que descubre tambi\u00e9n un motor que la alentar\u00e1 a amar la vida con todos sus desaf\u00edos, porque tarde o temprano se convertir\u00e1n en aprendizaje. Le har\u00e1 ver m\u00e1s all\u00e1 de sus sue\u00f1os la maravillosa experiencia de aprender mientras duerme, y a trav\u00e9s de la imaginaci\u00f3n podr\u00e1 descubrir qui\u00e9n realmente es: el poder de su YO, esa consciencia que habita en s\u00ed misma. Ese YO, ese ser sano, lleno de vida, lleno de energ\u00eda, seguro de s\u00ed mismo, porque descubre que habita un mundo de infinitas posibilidades. \u00bfTe interesar\u00eda ir m\u00e1s all\u00e1 de lo que tus sentidos pueden percibir?  &nbsp;","og_url":"https:\/\/letrame.com\/catalogo\/producto\/cuatro-elementos-aire\/","og_site_name":"Catalogo | Letrame Grupo Editorial","article_modified_time":"2025-12-10T12:27:26+00:00","og_image":[{"width":345,"height":461,"url":"https:\/\/letrame.com\/catalogo\/wp-content\/uploads\/2025\/12\/cuatroelementos_476mm4.gif","type":"image\/gif"}],"twitter_card":"summary_large_image","twitter_misc":{"Tiempo de lectura":"1 minuto"},"schema":{"@context":"https:\/\/schema.org","@graph":[{"@type":"WebPage","@id":"https:\/\/letrame.com\/catalogo\/producto\/cuatro-elementos-aire\/","url":"https:\/\/letrame.com\/catalogo\/producto\/cuatro-elementos-aire\/","name":"Cuatro elementos Aire - Catalogo | Letrame Grupo Editorial","isPartOf":{"@id":"https:\/\/letrame.com\/catalogo\/#website"},"primaryImageOfPage":{"@id":"https:\/\/letrame.com\/catalogo\/producto\/cuatro-elementos-aire\/#primaryimage"},"image":{"@id":"https:\/\/letrame.com\/catalogo\/producto\/cuatro-elementos-aire\/#primaryimage"},"thumbnailUrl":"https:\/\/letrame.com\/catalogo\/wp-content\/uploads\/2025\/12\/cuatroelementos_476mm4.gif","datePublished":"2025-12-09T13:46:15+00:00","dateModified":"2025-12-10T12:27:26+00:00","breadcrumb":{"@id":"https:\/\/letrame.com\/catalogo\/producto\/cuatro-elementos-aire\/#breadcrumb"},"inLanguage":"es","potentialAction":[{"@type":"ReadAction","target":["https:\/\/letrame.com\/catalogo\/producto\/cuatro-elementos-aire\/"]}]},{"@type":"ImageObject","inLanguage":"es","@id":"https:\/\/letrame.com\/catalogo\/producto\/cuatro-elementos-aire\/#primaryimage","url":"https:\/\/letrame.com\/catalogo\/wp-content\/uploads\/2025\/12\/cuatroelementos_476mm4.gif","contentUrl":"https:\/\/letrame.com\/catalogo\/wp-content\/uploads\/2025\/12\/cuatroelementos_476mm4.gif","width":345,"height":461},{"@type":"BreadcrumbList","@id":"https:\/\/letrame.com\/catalogo\/producto\/cuatro-elementos-aire\/#breadcrumb","itemListElement":[{"@type":"ListItem","position":1,"name":"Portada","item":"https:\/\/letrame.com\/catalogo\/"},{"@type":"ListItem","position":2,"name":"Cat\u00e1logo","item":"https:\/\/letrame.com\/catalogo\/"},{"@type":"ListItem","position":3,"name":"Cuatro elementos Aire"}]},{"@type":"WebSite","@id":"https:\/\/letrame.com\/catalogo\/#website","url":"https:\/\/letrame.com\/catalogo\/","name":"Catalogo | Letrame Grupo Editorial","description":"","publisher":{"@id":"https:\/\/letrame.com\/catalogo\/#organization"},"potentialAction":[{"@type":"SearchAction","target":{"@type":"EntryPoint","urlTemplate":"https:\/\/letrame.com\/catalogo\/?s={search_term_string}"},"query-input":{"@type":"PropertyValueSpecification","valueRequired":true,"valueName":"search_term_string"}}],"inLanguage":"es"},{"@type":"Organization","@id":"https:\/\/letrame.com\/catalogo\/#organization","name":"Catalogo | Letrame Grupo Editorial","url":"https:\/\/letrame.com\/catalogo\/","logo":{"@type":"ImageObject","inLanguage":"es","@id":"https:\/\/letrame.com\/catalogo\/#\/schema\/logo\/image\/","url":"https:\/\/letrame.com\/catalogo\/wp-content\/uploads\/2024\/03\/logo2.webp","contentUrl":"https:\/\/letrame.com\/catalogo\/wp-content\/uploads\/2024\/03\/logo2.webp","width":394,"height":128,"caption":"Catalogo | Letrame Grupo Editorial"},"image":{"@id":"https:\/\/letrame.com\/catalogo\/#\/schema\/logo\/image\/"}}]}},"_links":{"self":[{"href":"https:\/\/letrame.com\/catalogo\/wp-json\/wp\/v2\/product\/109954","targetHints":{"allow":["GET"]}}],"collection":[{"href":"https:\/\/letrame.com\/catalogo\/wp-json\/wp\/v2\/product"}],"about":[{"href":"https:\/\/letrame.com\/catalogo\/wp-json\/wp\/v2\/types\/product"}],"replies":[{"embeddable":true,"href":"https:\/\/letrame.com\/catalogo\/wp-json\/wp\/v2\/comments?post=109954"}],"acf:post":[{"embeddable":true,"href":"https:\/\/letrame.com\/catalogo\/wp-json\/wp\/v2\/author_book\/109956"}],"wp:featuredmedia":[{"embeddable":true,"href":"https:\/\/letrame.com\/catalogo\/wp-json\/wp\/v2\/media\/109955"}],"wp:attachment":[{"href":"https:\/\/letrame.com\/catalogo\/wp-json\/wp\/v2\/media?parent=109954"}],"wp:term":[{"taxonomy":"libro","embeddable":true,"href":"https:\/\/letrame.com\/catalogo\/wp-json\/wp\/v2\/libro?post=109954"},{"taxonomy":"product_brand","embeddable":true,"href":"https:\/\/letrame.com\/catalogo\/wp-json\/wp\/v2\/product_brand?post=109954"},{"taxonomy":"product_cat","embeddable":true,"href":"https:\/\/letrame.com\/catalogo\/wp-json\/wp\/v2\/product_cat?post=109954"},{"taxonomy":"product_tag","embeddable":true,"href":"https:\/\/letrame.com\/catalogo\/wp-json\/wp\/v2\/product_tag?post=109954"}],"curies":[{"name":"wp","href":"https:\/\/api.w.org\/{rel}","templated":true}]}}