{"id":109944,"date":"2025-12-09T14:24:56","date_gmt":"2025-12-09T13:24:56","guid":{"rendered":"https:\/\/letrame.com\/catalogo\/?post_type=product&#038;p=109944"},"modified":"2025-12-09T14:28:36","modified_gmt":"2025-12-09T13:28:36","slug":"de-los-piteros","status":"publish","type":"product","link":"https:\/\/letrame.com\/catalogo\/producto\/de-los-piteros\/","title":{"rendered":"De los Piteros"},"content":{"rendered":"<p class=\"p1\"><b>ISBN: 9791370129637<\/b><b><\/b><\/p>\n<p class=\"p1\"><b>T\u00edtulo: De los Piteros<\/b><b><\/b><\/p>\n<p class=\"p1\"><b>Fecha: 2025<\/b><b><\/b><\/p>\n<p class=\"p1\"><b>P\u00e1ginas: 44<\/b><b><\/b><\/p>\n<p class=\"p1\"><b>SINOPSIS<\/b><\/p>\n<p>Este poema piter\u00edstico tan peculiar est\u00e1 dedicado a todas aquellas personas que tocan y se dedican al pito y al tambor dentro del folclore monta\u00f1\u00e9s de nuestra tierruca.<br \/>\nEsta obra pretende acercar a la gente al mundo de los Piteros \u2014de este que yo llamo \u00abnoble oficio musical\u00bb\u2014, contando y narrando en sus estrofas y versos el hacer, vivencias y experiencias de lo que siente un pitero cuando toca la m\u00fasica popular de Cantabria.<\/p>\n","protected":false},"excerpt":{"rendered":"<p><b>ISBN: 9791370129637<\/b><\/p>\n<p class=\"p1\"><b>SINOPSIS<\/b><\/p>\n<p>Este poema piter\u00edstico tan peculiar est\u00e1 dedicado a todas aquellas personas que tocan y se dedican al pito y al tambor dentro del folclore monta\u00f1\u00e9s de nuestra tierruca.<br \/>\nEsta obra pretende acercar a la gente al mundo de los Piteros \u2014de este que yo llamo \u00abnoble oficio musical\u00bb\u2014, contando y narrando en sus estrofas y versos el hacer, vivencias y experiencias de lo que siente un pitero cuando toca la m\u00fasica popular de Cantabria.<\/p>\n","protected":false},"featured_media":109945,"comment_status":"open","ping_status":"closed","template":"","meta":{"_acf_changed":false},"libro":[],"product_brand":[],"product_cat":[20],"product_tag":[],"class_list":{"0":"post-109944","1":"product","2":"type-product","3":"status-publish","4":"has-post-thumbnail","6":"product_cat-poesia","8":"first","9":"instock","10":"shipping-taxable","11":"product-type-simple"},"acf":{"autor":[109946],"enlace_de_compra":"https:\/\/www.amazon.es\/Piteros-Poes%C3%ADa-Alberto-Rodr%C3%ADguez-Arroyo\/dp\/B0G2YSWC7N\/ref=sr_1_1?__mk_es_ES=%C3%85M%C3%85%C5%BD%C3%95%C3%91&crid=HRD4KVJQOXK7&dib=eyJ2IjoiMSJ9.F0U6EipCmVQObWZqX6ZpPw.m2laNcByFKbz4Hug8pdWwx9rY2LhHW28CQKBGWsfjcc&dib_tag=se&keywords=de+los+piteros+letrame&qid=1765286491&s=books&sprefix=de+los+piteros+letrame%2Cstripbooks%2C56&sr=1-1"},"yoast_head":"<!-- This site is optimized with the Yoast SEO plugin v26.6 - https:\/\/yoast.com\/wordpress\/plugins\/seo\/ -->\n<title>De los Piteros - Catalogo | Letrame Grupo Editorial<\/title>\n<meta name=\"robots\" content=\"index, follow, max-snippet:-1, max-image-preview:large, max-video-preview:-1\" \/>\n<link rel=\"canonical\" href=\"https:\/\/letrame.com\/catalogo\/producto\/de-los-piteros\/\" \/>\n<meta property=\"og:locale\" content=\"es_ES\" \/>\n<meta property=\"og:type\" content=\"article\" \/>\n<meta property=\"og:title\" content=\"De los Piteros - Catalogo | Letrame Grupo Editorial\" \/>\n<meta property=\"og:description\" content=\"ISBN: 9791370129637 SINOPSIS Este poema piter\u00edstico tan peculiar est\u00e1 dedicado a todas aquellas personas que tocan y se dedican al pito y al tambor dentro del folclore monta\u00f1\u00e9s de nuestra tierruca. Esta obra pretende acercar a la gente al mundo de los Piteros \u2014de este que yo llamo \u00abnoble oficio musical\u00bb\u2014, contando y narrando en sus estrofas y versos el hacer, vivencias y experiencias de lo que siente un pitero cuando toca la m\u00fasica popular de Cantabria.\" \/>\n<meta property=\"og:url\" content=\"https:\/\/letrame.com\/catalogo\/producto\/de-los-piteros\/\" \/>\n<meta property=\"og:site_name\" content=\"Catalogo | Letrame Grupo Editorial\" \/>\n<meta property=\"article:modified_time\" content=\"2025-12-09T13:28:36+00:00\" \/>\n<meta property=\"og:image\" content=\"https:\/\/letrame.com\/catalogo\/wp-content\/uploads\/2025\/12\/delospiteros_336mm4.gif\" \/>\n\t<meta property=\"og:image:width\" content=\"345\" \/>\n\t<meta property=\"og:image:height\" content=\"499\" \/>\n\t<meta property=\"og:image:type\" content=\"image\/gif\" \/>\n<meta name=\"twitter:card\" content=\"summary_large_image\" \/>\n<meta name=\"twitter:label1\" content=\"Tiempo de lectura\" \/>\n\t<meta name=\"twitter:data1\" content=\"1 minuto\" \/>\n<script type=\"application\/ld+json\" class=\"yoast-schema-graph\">{\"@context\":\"https:\/\/schema.org\",\"@graph\":[{\"@type\":\"WebPage\",\"@id\":\"https:\/\/letrame.com\/catalogo\/producto\/de-los-piteros\/\",\"url\":\"https:\/\/letrame.com\/catalogo\/producto\/de-los-piteros\/\",\"name\":\"De los Piteros - Catalogo | Letrame Grupo Editorial\",\"isPartOf\":{\"@id\":\"https:\/\/letrame.com\/catalogo\/#website\"},\"primaryImageOfPage\":{\"@id\":\"https:\/\/letrame.com\/catalogo\/producto\/de-los-piteros\/#primaryimage\"},\"image\":{\"@id\":\"https:\/\/letrame.com\/catalogo\/producto\/de-los-piteros\/#primaryimage\"},\"thumbnailUrl\":\"https:\/\/letrame.com\/catalogo\/wp-content\/uploads\/2025\/12\/delospiteros_336mm4.gif\",\"datePublished\":\"2025-12-09T13:24:56+00:00\",\"dateModified\":\"2025-12-09T13:28:36+00:00\",\"breadcrumb\":{\"@id\":\"https:\/\/letrame.com\/catalogo\/producto\/de-los-piteros\/#breadcrumb\"},\"inLanguage\":\"es\",\"potentialAction\":[{\"@type\":\"ReadAction\",\"target\":[\"https:\/\/letrame.com\/catalogo\/producto\/de-los-piteros\/\"]}]},{\"@type\":\"ImageObject\",\"inLanguage\":\"es\",\"@id\":\"https:\/\/letrame.com\/catalogo\/producto\/de-los-piteros\/#primaryimage\",\"url\":\"https:\/\/letrame.com\/catalogo\/wp-content\/uploads\/2025\/12\/delospiteros_336mm4.gif\",\"contentUrl\":\"https:\/\/letrame.com\/catalogo\/wp-content\/uploads\/2025\/12\/delospiteros_336mm4.gif\",\"width\":345,\"height\":499},{\"@type\":\"BreadcrumbList\",\"@id\":\"https:\/\/letrame.com\/catalogo\/producto\/de-los-piteros\/#breadcrumb\",\"itemListElement\":[{\"@type\":\"ListItem\",\"position\":1,\"name\":\"Portada\",\"item\":\"https:\/\/letrame.com\/catalogo\/\"},{\"@type\":\"ListItem\",\"position\":2,\"name\":\"Cat\u00e1logo\",\"item\":\"https:\/\/letrame.com\/catalogo\/\"},{\"@type\":\"ListItem\",\"position\":3,\"name\":\"De los Piteros\"}]},{\"@type\":\"WebSite\",\"@id\":\"https:\/\/letrame.com\/catalogo\/#website\",\"url\":\"https:\/\/letrame.com\/catalogo\/\",\"name\":\"Catalogo | Letrame Grupo Editorial\",\"description\":\"\",\"publisher\":{\"@id\":\"https:\/\/letrame.com\/catalogo\/#organization\"},\"potentialAction\":[{\"@type\":\"SearchAction\",\"target\":{\"@type\":\"EntryPoint\",\"urlTemplate\":\"https:\/\/letrame.com\/catalogo\/?s={search_term_string}\"},\"query-input\":{\"@type\":\"PropertyValueSpecification\",\"valueRequired\":true,\"valueName\":\"search_term_string\"}}],\"inLanguage\":\"es\"},{\"@type\":\"Organization\",\"@id\":\"https:\/\/letrame.com\/catalogo\/#organization\",\"name\":\"Catalogo | Letrame Grupo Editorial\",\"url\":\"https:\/\/letrame.com\/catalogo\/\",\"logo\":{\"@type\":\"ImageObject\",\"inLanguage\":\"es\",\"@id\":\"https:\/\/letrame.com\/catalogo\/#\/schema\/logo\/image\/\",\"url\":\"https:\/\/letrame.com\/catalogo\/wp-content\/uploads\/2024\/03\/logo2.webp\",\"contentUrl\":\"https:\/\/letrame.com\/catalogo\/wp-content\/uploads\/2024\/03\/logo2.webp\",\"width\":394,\"height\":128,\"caption\":\"Catalogo | Letrame Grupo Editorial\"},\"image\":{\"@id\":\"https:\/\/letrame.com\/catalogo\/#\/schema\/logo\/image\/\"}}]}<\/script>\n<!-- \/ Yoast SEO plugin. -->","yoast_head_json":{"title":"De los Piteros - Catalogo | Letrame Grupo Editorial","robots":{"index":"index","follow":"follow","max-snippet":"max-snippet:-1","max-image-preview":"max-image-preview:large","max-video-preview":"max-video-preview:-1"},"canonical":"https:\/\/letrame.com\/catalogo\/producto\/de-los-piteros\/","og_locale":"es_ES","og_type":"article","og_title":"De los Piteros - Catalogo | Letrame Grupo Editorial","og_description":"ISBN: 9791370129637 SINOPSIS Este poema piter\u00edstico tan peculiar est\u00e1 dedicado a todas aquellas personas que tocan y se dedican al pito y al tambor dentro del folclore monta\u00f1\u00e9s de nuestra tierruca. Esta obra pretende acercar a la gente al mundo de los Piteros \u2014de este que yo llamo \u00abnoble oficio musical\u00bb\u2014, contando y narrando en sus estrofas y versos el hacer, vivencias y experiencias de lo que siente un pitero cuando toca la m\u00fasica popular de Cantabria.","og_url":"https:\/\/letrame.com\/catalogo\/producto\/de-los-piteros\/","og_site_name":"Catalogo | Letrame Grupo Editorial","article_modified_time":"2025-12-09T13:28:36+00:00","og_image":[{"width":345,"height":499,"url":"https:\/\/letrame.com\/catalogo\/wp-content\/uploads\/2025\/12\/delospiteros_336mm4.gif","type":"image\/gif"}],"twitter_card":"summary_large_image","twitter_misc":{"Tiempo de lectura":"1 minuto"},"schema":{"@context":"https:\/\/schema.org","@graph":[{"@type":"WebPage","@id":"https:\/\/letrame.com\/catalogo\/producto\/de-los-piteros\/","url":"https:\/\/letrame.com\/catalogo\/producto\/de-los-piteros\/","name":"De los Piteros - Catalogo | Letrame Grupo Editorial","isPartOf":{"@id":"https:\/\/letrame.com\/catalogo\/#website"},"primaryImageOfPage":{"@id":"https:\/\/letrame.com\/catalogo\/producto\/de-los-piteros\/#primaryimage"},"image":{"@id":"https:\/\/letrame.com\/catalogo\/producto\/de-los-piteros\/#primaryimage"},"thumbnailUrl":"https:\/\/letrame.com\/catalogo\/wp-content\/uploads\/2025\/12\/delospiteros_336mm4.gif","datePublished":"2025-12-09T13:24:56+00:00","dateModified":"2025-12-09T13:28:36+00:00","breadcrumb":{"@id":"https:\/\/letrame.com\/catalogo\/producto\/de-los-piteros\/#breadcrumb"},"inLanguage":"es","potentialAction":[{"@type":"ReadAction","target":["https:\/\/letrame.com\/catalogo\/producto\/de-los-piteros\/"]}]},{"@type":"ImageObject","inLanguage":"es","@id":"https:\/\/letrame.com\/catalogo\/producto\/de-los-piteros\/#primaryimage","url":"https:\/\/letrame.com\/catalogo\/wp-content\/uploads\/2025\/12\/delospiteros_336mm4.gif","contentUrl":"https:\/\/letrame.com\/catalogo\/wp-content\/uploads\/2025\/12\/delospiteros_336mm4.gif","width":345,"height":499},{"@type":"BreadcrumbList","@id":"https:\/\/letrame.com\/catalogo\/producto\/de-los-piteros\/#breadcrumb","itemListElement":[{"@type":"ListItem","position":1,"name":"Portada","item":"https:\/\/letrame.com\/catalogo\/"},{"@type":"ListItem","position":2,"name":"Cat\u00e1logo","item":"https:\/\/letrame.com\/catalogo\/"},{"@type":"ListItem","position":3,"name":"De los Piteros"}]},{"@type":"WebSite","@id":"https:\/\/letrame.com\/catalogo\/#website","url":"https:\/\/letrame.com\/catalogo\/","name":"Catalogo | Letrame Grupo Editorial","description":"","publisher":{"@id":"https:\/\/letrame.com\/catalogo\/#organization"},"potentialAction":[{"@type":"SearchAction","target":{"@type":"EntryPoint","urlTemplate":"https:\/\/letrame.com\/catalogo\/?s={search_term_string}"},"query-input":{"@type":"PropertyValueSpecification","valueRequired":true,"valueName":"search_term_string"}}],"inLanguage":"es"},{"@type":"Organization","@id":"https:\/\/letrame.com\/catalogo\/#organization","name":"Catalogo | Letrame Grupo Editorial","url":"https:\/\/letrame.com\/catalogo\/","logo":{"@type":"ImageObject","inLanguage":"es","@id":"https:\/\/letrame.com\/catalogo\/#\/schema\/logo\/image\/","url":"https:\/\/letrame.com\/catalogo\/wp-content\/uploads\/2024\/03\/logo2.webp","contentUrl":"https:\/\/letrame.com\/catalogo\/wp-content\/uploads\/2024\/03\/logo2.webp","width":394,"height":128,"caption":"Catalogo | Letrame Grupo Editorial"},"image":{"@id":"https:\/\/letrame.com\/catalogo\/#\/schema\/logo\/image\/"}}]}},"_links":{"self":[{"href":"https:\/\/letrame.com\/catalogo\/wp-json\/wp\/v2\/product\/109944","targetHints":{"allow":["GET"]}}],"collection":[{"href":"https:\/\/letrame.com\/catalogo\/wp-json\/wp\/v2\/product"}],"about":[{"href":"https:\/\/letrame.com\/catalogo\/wp-json\/wp\/v2\/types\/product"}],"replies":[{"embeddable":true,"href":"https:\/\/letrame.com\/catalogo\/wp-json\/wp\/v2\/comments?post=109944"}],"acf:post":[{"embeddable":true,"href":"https:\/\/letrame.com\/catalogo\/wp-json\/wp\/v2\/author_book\/109946"}],"wp:featuredmedia":[{"embeddable":true,"href":"https:\/\/letrame.com\/catalogo\/wp-json\/wp\/v2\/media\/109945"}],"wp:attachment":[{"href":"https:\/\/letrame.com\/catalogo\/wp-json\/wp\/v2\/media?parent=109944"}],"wp:term":[{"taxonomy":"libro","embeddable":true,"href":"https:\/\/letrame.com\/catalogo\/wp-json\/wp\/v2\/libro?post=109944"},{"taxonomy":"product_brand","embeddable":true,"href":"https:\/\/letrame.com\/catalogo\/wp-json\/wp\/v2\/product_brand?post=109944"},{"taxonomy":"product_cat","embeddable":true,"href":"https:\/\/letrame.com\/catalogo\/wp-json\/wp\/v2\/product_cat?post=109944"},{"taxonomy":"product_tag","embeddable":true,"href":"https:\/\/letrame.com\/catalogo\/wp-json\/wp\/v2\/product_tag?post=109944"}],"curies":[{"name":"wp","href":"https:\/\/api.w.org\/{rel}","templated":true}]}}